{"id":20421,"date":"2024-05-03T06:37:30","date_gmt":"2024-05-03T06:37:30","guid":{"rendered":"https:\/\/elfsight.com\/de\/?page_id=20421"},"modified":"2025-07-08T10:45:58","modified_gmt":"2025-07-08T10:45:58","slug":"duda","status":"publish","type":"page","link":"https:\/\/elfsight.com\/de\/online-form-builder\/duda\/","title":{"rendered":"Form Builder &#8211; Duda"},"content":{"rendered":"<div class=\"application-platform-content-item-description application-platform-content-item\" id=\"description\" data-nav-section=\"description\"><h2>Beschreibung<\/h2>Dies ist eine vielseitige L\u00f6sung, mit der Sie verschiedene Arten von Formularen erstellen und auf Ihrer Duda-Website anzeigen k\u00f6nnen. Durch einfach auszuf\u00fcllende Umfragen, Feedback-Formulare, Bewertungsanfragen und andere Formate k\u00f6nnen Sie Erkenntnisse von Ihren aktuellen und potenziellen Kunden gewinnen. Mit diesem Tool k\u00f6nnen Sie die Formularstruktur gestalten, Elemente ausw\u00e4hlen, Eingabetypen angeben, Skalen hinzuf\u00fcgen und vieles mehr, um verwaltbare und effektive Formulare f\u00fcr die Datenerfassung zu entwickeln.<b>Versuchen Sie, Form Builder zu verwenden, um Ihre Gesch\u00e4ftsziele effizienter zu erreichen!<\/b><\/div> <div class=\"application-platform-content-item-features application-platform-content-item\" id=\"features\" data-nav-section=\"features\"><h2>Wir bieten n\u00fctzliche und benutzerfreundliche Funktionen. Schauen Sie sich einige davon an:<\/h2><ul> <li>F\u00fcgen Sie CTAs hinzu, um Benutzer zu Ihrem Ziel zu f\u00fchren.<\/li> <li>Passen Sie die Dauer des Folienwechsels an.<\/li> <li>W\u00e4hlen Sie zwischen mehreren Varianten.<\/li> <li>Platzieren Sie Ihren Text mithilfe der erweiterten Positionierung an einer beliebigen Stelle auf der Seite.<\/li> <li>\u00c4ndern Sie f\u00fcnf Inhaltselemente.<\/li><\/ul><a href=\"#demo\">Probieren Sie alle Einstellungen aus in unserer voll funktionsf\u00e4higen Demo<\/a><\/div> <div class=\"application-platform-content-item-installation application-platform-content-item\" id=\"installation\" data-nav-section=\"installation\"><h2>Wie kann ich Form Builder auf meiner Duda-Website einbetten?<\/h2>Befolgen Sie einfach die unten beschriebenen Schritte, um das Widget zu integrieren: <ol> <li><b>\u00d6ffnen Sie unseren kostenlosen Konfigurator und beginnen Sie mit der Erstellung Ihres personalisierten Plugins.<\/b>W\u00e4hlen Sie das bevorzugte Aussehen und die Funktionalit\u00e4t des Plugins und \u00fcbernehmen Sie die \u00c4nderungen.<\/li> <li><b>Kopieren Sie die Pers\u00f6nlicher Code, der im Fenster von Elfsight Apps angezeigt wird.<\/b>Nachdem Sie mit der Erstellung Ihres personalisierten Widgets fertig sind, kopieren Sie den individuellen Code aus dem angezeigten Fenster und speichern Sie ihn f\u00fcr die zuk\u00fcnftige Verwendung.<\/li> <li><b>Beginnen Sie mit der Verwendung das Plugin auf Ihrer Duda-Site.<\/b>F\u00fcgen Sie den Code, den Sie k\u00fcrzlich kopiert haben, in Ihre Webseite ein und speichern Sie die \u00c4nderungen.<\/li> <li><b>Die Installation ist erfolgreich!<\/b>Gehen Sie zu Ihrer Website \u00dcberpr\u00fcfen Sie, wie das Plugin funktioniert.<\/li><\/ol>Wenn Sie auf Schwierigkeiten sto\u00dfen, wenden Sie sich bitte an unser Support-Team. Unsere Spezialisten helfen Ihnen gerne bei allen Fragen zum Produkt weiter.<\/div>","protected":false},"excerpt":{"rendered":"","protected":false},"author":9,"featured_media":0,"parent":829,"menu_order":0,"comment_status":"closed","ping_status":"closed","template":"templates\/template-application-platform.php","meta":{"publish_to_discourse":"","publish_post_category":"","wpdc_auto_publish_overridden":"","wpdc_topic_tags":"","wpdc_pin_topic":"","wpdc_pin_until":"","discourse_post_id":"","discourse_permalink":"","wpdc_publishing_response":"","wpdc_publishing_error":"","footnotes":""},"class_list":["post-20421","page","type-page","status-publish","hentry"],"yoast_head":"<!-- This site is optimized with the Yoast SEO plugin v25.3.1 - https:\/\/yoast.com\/wordpress\/plugins\/seo\/ -->\n<title>Duda Form Builder \u2013 Formular-Widget zur Duda-Website hinzuf\u00fcgen (einfach)<\/title>\n<meta name=\"description\" content=\"Erstellen Sie in nur 1 Minute einen Online-Formular-Builder in Adobe Muse. Probieren Sie alle grundlegenden Vorteile des Best Form Widgets in einem kostenlosen Konfigurator aus.\" \/>\n<meta name=\"robots\" content=\"index, follow, max-snippet:-1, max-image-preview:large, max-video-preview:-1\" \/>\n<link rel=\"canonical\" href=\"https:\/\/elfsight.com\/de\/online-form-builder\/duda\/\" \/>\n<meta property=\"og:locale\" content=\"de_DE\" \/>\n<meta property=\"og:type\" content=\"article\" \/>\n<meta property=\"og:title\" content=\"Duda Form Builder \u2013 Formular-Widget zur Duda-Website hinzuf\u00fcgen (einfach)\" \/>\n<meta property=\"og:description\" content=\"Erstellen Sie in nur 1 Minute einen Online-Formular-Builder in Adobe Muse. Probieren Sie alle grundlegenden Vorteile des Best Form Widgets in einem kostenlosen Konfigurator aus.\" \/>\n<meta property=\"og:url\" content=\"https:\/\/elfsight.com\/de\/online-form-builder\/duda\/\" \/>\n<meta property=\"og:site_name\" content=\"Elfsight DE\" \/>\n<meta property=\"article:modified_time\" content=\"2025-07-08T10:45:58+00:00\" \/>\n<meta name=\"twitter:card\" content=\"summary_large_image\" \/>\n<meta name=\"twitter:label1\" content=\"Gesch\u00e4tzte Lesezeit\" \/>\n\t<meta name=\"twitter:data1\" content=\"2\u00a0Minuten\" \/>\n<!-- \/ Yoast SEO plugin. -->","yoast_head_json":{"title":"Duda Form Builder \u2013 Formular-Widget zur Duda-Website hinzuf\u00fcgen (einfach)","description":"Erstellen Sie in nur 1 Minute einen Online-Formular-Builder in Adobe Muse. Probieren Sie alle grundlegenden Vorteile des Best Form Widgets in einem kostenlosen Konfigurator aus.","robots":{"index":"index","follow":"follow","max-snippet":"max-snippet:-1","max-image-preview":"max-image-preview:large","max-video-preview":"max-video-preview:-1"},"canonical":"https:\/\/elfsight.com\/de\/online-form-builder\/duda\/","og_locale":"de_DE","og_type":"article","og_title":"Duda Form Builder \u2013 Formular-Widget zur Duda-Website hinzuf\u00fcgen (einfach)","og_description":"Erstellen Sie in nur 1 Minute einen Online-Formular-Builder in Adobe Muse. Probieren Sie alle grundlegenden Vorteile des Best Form Widgets in einem kostenlosen Konfigurator aus.","og_url":"https:\/\/elfsight.com\/de\/online-form-builder\/duda\/","og_site_name":"Elfsight DE","article_modified_time":"2025-07-08T10:45:58+00:00","twitter_card":"summary_large_image","twitter_misc":{"Gesch\u00e4tzte Lesezeit":"2\u00a0Minuten"},"schema":{"@context":"https:\/\/schema.org","@graph":[{"@type":"WebPage","@id":"https:\/\/elfsight.com\/de\/online-form-builder\/duda\/","url":"https:\/\/elfsight.com\/de\/online-form-builder\/duda\/","name":"Duda Form Builder \u2013 Formular-Widget zur Duda-Website hinzuf\u00fcgen (einfach)","isPartOf":{"@id":"https:\/\/elfsight.com\/de\/#website"},"datePublished":"2024-05-03T06:37:30+00:00","dateModified":"2025-07-08T10:45:58+00:00","description":"Erstellen Sie in nur 1 Minute einen Online-Formular-Builder in Adobe Muse. Probieren Sie alle grundlegenden Vorteile des Best Form Widgets in einem kostenlosen Konfigurator aus.","breadcrumb":{"@id":"https:\/\/elfsight.com\/de\/online-form-builder\/duda\/#breadcrumb"},"inLanguage":"de","potentialAction":[{"@type":"ReadAction","target":["https:\/\/elfsight.com\/de\/online-form-builder\/duda\/"]}]},{"@type":"BreadcrumbList","@id":"https:\/\/elfsight.com\/de\/online-form-builder\/duda\/#breadcrumb","itemListElement":[{"@type":"ListItem","position":1,"name":"Home","item":"https:\/\/elfsight.com\/de\/"},{"@type":"ListItem","position":2,"name":"Form Builder","item":"https:\/\/elfsight.com\/de\/online-form-builder\/"},{"@type":"ListItem","position":3,"name":"Form Builder &#8211; Duda"}]},{"@type":"WebSite","@id":"https:\/\/elfsight.com\/de\/#website","url":"https:\/\/elfsight.com\/de\/","name":"Elfsight DE","description":"Just another Elfsight Sites site","potentialAction":[{"@type":"SearchAction","target":{"@type":"EntryPoint","urlTemplate":"https:\/\/elfsight.com\/de\/?s={search_term_string}"},"query-input":{"@type":"PropertyValueSpecification","valueRequired":true,"valueName":"search_term_string"}}],"inLanguage":"de"}]}},"meta_box":{"industry":"","seo_heading":"","heading":"","description":"","cta_heading":"","cta_description":"","application":"469","h1":"Online-Formular-Builder f\u00fcr Duda","h1_caption":"Erstellen Sie anpassbare Formulare f\u00fcr jeden Zweck \u2013 Feedback, Umfragen, Kontaktformulare \u2013 ohne Programmierung, sodass Sie m\u00fchelos Informationen von Ihren Benutzern auf Ihrer Duda-Website sammeln k\u00f6nnen.","application_category":[],"applications_title":"","applications_request_title":"","applications_request_button_text":"","hero_text":"","hero_video":"","hero_video_schema_markup":"","selling_points_title":"","selling_points_caption":"","selling_points":[],"selling_points_cta_text":"","features_title":"","features":"","ed_cta_examples_text":"","ed_cta_examples_hidden":"","ed_cta_demo_text":"","ed_cta_demo_hidden":"","why_caption":"","why_editor_title":"","why_editor_text":"","why_team_title":"","why_team_text":"","why_service_title":"","why_service_text":"","template_catalog_visible":"","template_catalog_title":"","template_catalog_text":"","template_catalog_categories_visible":"","demo_title":"Passen Sie Ihren Duda Form Builder an","demo_caption":"Personalisieren Sie es und f\u00fcgen Sie es mit unserer Live-Demo Ihrer Website hinzu.","default_faq_hidden":"","app_template_category":[],"platform":"243","template_public_id":"","codecanyon_url":"","codecanyon_item_id":"","codecanyon_price":"","pricing_caption":"","pricing_elfsight_apps_hide_column":"","pricing_elfsight_apps_url":"","pricing_codecanyon_price_caption":"","integration_category":[],"integration_request_title":"","integration_request_cta":"","integration_platform":"","integrations":[],"platform_category":[],"video_schema_markup":"","price":"ab 0 $ \/ Monat","trial":"","benefits":[{"text":"Kostenloser Installationsservice"},{"text":"Premium-Support"},{"text":"14-t\u00e4gige R\u00fcckerstattungsgarantie"},{"text":"Fortlaufende Entwicklung"}],"button_url":"#demo","button_target_blank":"","button_nofollow":"","attributes":[{"name":"Installiert","content":"100,000 - 500,000"},{"name":"Reaktionsfreudig","content":"Ja"},{"name":"Kompatible Browser","content":"IE11, Firefox, Safari, Opera, Chrome, Edge"}],"tags":[],"tags_disable_links":"","hide_more_platforms":"","video_object":"","demo_hide_cta":"","demo_hide_cloud_options":"","pricing_title":"","pricing":[{"pricing_icon":"platform","pricing_title":"Duda widget","pricing_title_caption":"Multiplattform-L\u00f6sung, die f\u00fcr jede Website geeignet ist","pricing_price":"ab 0 $ \/ Monat","pricing_price_caption":"Beginnen Sie mit einem kostenlosen Plan","pricing_benefits":[{"text":"Unbegrenzte Websites"},{"text":"24\/7 und p\u00fcnktlicher Support und gut dokumentiert"},{"text":"Kostenlose Installationsunterst\u00fctzung"},{"text":"Zeitlich begrenztes Angebot f\u00fcr mehrere Apps"}],"pricing_button_text":"Zur Website hinzuf\u00fcgen","pricing_button_url":"#demo"}],"related_apps_title":"","related_apps_hidden":"","author":"","image":[],"title":"","job":"","social_networks":[]},"_links":{"self":[{"href":"https:\/\/elfsight.com\/de\/wp-json\/wp\/v2\/pages\/20421","targetHints":{"allow":["GET"]}}],"collection":[{"href":"https:\/\/elfsight.com\/de\/wp-json\/wp\/v2\/pages"}],"about":[{"href":"https:\/\/elfsight.com\/de\/wp-json\/wp\/v2\/types\/page"}],"author":[{"embeddable":true,"href":"https:\/\/elfsight.com\/de\/wp-json\/wp\/v2\/users\/9"}],"replies":[{"embeddable":true,"href":"https:\/\/elfsight.com\/de\/wp-json\/wp\/v2\/comments?post=20421"}],"version-history":[{"count":1,"href":"https:\/\/elfsight.com\/de\/wp-json\/wp\/v2\/pages\/20421\/revisions"}],"predecessor-version":[{"id":20425,"href":"https:\/\/elfsight.com\/de\/wp-json\/wp\/v2\/pages\/20421\/revisions\/20425"}],"up":[{"embeddable":true,"href":"https:\/\/elfsight.com\/de\/wp-json\/wp\/v2\/pages\/829"}],"wp:attachment":[{"href":"https:\/\/elfsight.com\/de\/wp-json\/wp\/v2\/media?parent=20421"}],"curies":[{"name":"wp","href":"https:\/\/api.w.org\/{rel}","templated":true}]}}