{"id":20416,"date":"2024-05-03T06:37:29","date_gmt":"2024-05-03T06:37:29","guid":{"rendered":"https:\/\/elfsight.com\/de\/?page_id=20416"},"modified":"2025-07-08T10:46:04","modified_gmt":"2025-07-08T10:46:04","slug":"expressionengine","status":"publish","type":"page","link":"https:\/\/elfsight.com\/de\/online-form-builder\/expressionengine\/","title":{"rendered":"Form Builder &#8211; ExpressionEngine"},"content":{"rendered":"<div class=\"application-platform-content-item-description application-platform-content-item\" id=\"description\" data-nav-section=\"description\"><h2>Beschreibung<\/h2>Form Builder ist eine flexible L\u00f6sung, mit der Sie verschiedene Arten von Formularen erstellen und auf Ihrer ExpressionEngine-Website anzeigen k\u00f6nnen. Sie k\u00f6nnen wertvolle Erkenntnisse von Ihren aktuellen und potenziellen Kunden gewinnen, indem Sie einfach auszuf\u00fcllende Umfragen, Feedback-Formulare, Bewertungsanfragen und andere Formate nutzen. Sie k\u00f6nnen die Formularstruktur anpassen, Elemente ausw\u00e4hlen, Eingabetypen angeben, Skalen hinzuf\u00fcgen und mehr, um benutzerfreundliche und effiziente Formulare f\u00fcr die Datenerfassung zu erstellen.<b>Starten Sie mit Form Builder, um Ihre Gesch\u00e4ftsziele schneller zu erreichen!<\/b><\/div> <div class=\"application-platform-content-item-features application-platform-content-item\" id=\"features\" data-nav-section=\"features\"><h2>Entdecken Sie unsere n\u00fctzlichen und benutzerfreundlichen Funktionen:<\/h2><ul> <li>F\u00fcgen Sie CTAs hinzu, um Benutzer zu Ihren Zielen zu f\u00fchren.<\/li> <li>Passen Sie die Dauer des Folienwechsels an.<\/li> <li>W\u00e4hlen Sie aus verschiedenen Optionen.<\/li> <li>Platzieren Sie Ihren Text mit erweiterter Positionierung an einer beliebigen Stelle auf der Seite.<\/li> <li>\u00c4ndern Sie f\u00fcnf Inhaltselemente.<\/li><\/ul><a href=\"#demo\">Probieren Sie alle Funktionen in unserer voll funktionsf\u00e4higen Demo aus.<\/a><\/div> <div class=\"application-platform-content-item-installation application-platform-content-item\" id=\"installation\" data-nav-section=\"installation\"><h2>So betten Sie Form Builder ein in Ihre ExpressionEngine-Website<\/h2>Folgen Sie diesen einfachen Schritten, um Form Builder in Ihre Website zu integrieren:<ol> <li><b>Entwerfen Sie Ihr personalisiertes Plugin mit unserem kostenlosen Konfigurator.<\/b>W\u00e4hlen Sie das bevorzugte Erscheinungsbild und die Funktionalit\u00e4t des Plugin und nehmen Sie Ihre \u00c4nderungen vor.<\/li> <li><b>Kopieren Sie den eindeutigen Code, der im Elfsight Apps-Fenster angezeigt wird.<\/b>Sobald Sie Ihr benutzerdefiniertes Widget erstellt haben, kopieren Sie den individuellen Code aus dem angezeigten Fenster und speichern Sie ihn Zur sp\u00e4teren Verwendung.<\/li> <li><b>F\u00fcgen Sie das Plugin zu Ihrer ExpressionEngine-Site hinzu.<\/b>F\u00fcgen Sie den k\u00fcrzlich kopierten Code in Ihre Webseite ein und speichern Sie Ihre \u00c4nderungen.<\/li> <li><b>Die Installation ist abgeschlossen.<\/b>Besuchen Sie Ihre Website, um sicherzustellen, dass das Plugin ordnungsgem\u00e4\u00df funktioniert.<\/li><\/ol>Wenn Sie auf Probleme sto\u00dfen, wenden Sie sich bitte an unser Support-Team. Unsere Experten helfen Ihnen gerne bei allen Fragen zu unserem Produkt.<\/div>","protected":false},"excerpt":{"rendered":"","protected":false},"author":9,"featured_media":0,"parent":829,"menu_order":0,"comment_status":"closed","ping_status":"closed","template":"templates\/template-application-platform.php","meta":{"publish_to_discourse":"","publish_post_category":"","wpdc_auto_publish_overridden":"","wpdc_topic_tags":"","wpdc_pin_topic":"","wpdc_pin_until":"","discourse_post_id":"","discourse_permalink":"","wpdc_publishing_response":"","wpdc_publishing_error":"","footnotes":""},"class_list":["post-20416","page","type-page","status-publish","hentry"],"yoast_head":"<!-- This site is optimized with the Yoast SEO plugin v25.3.1 - https:\/\/yoast.com\/wordpress\/plugins\/seo\/ -->\n<title>ExpressionEngine Form Builder \u2013 F\u00fcgen Sie ein Formular-Widget zu Ihrer Website hinzu<\/title>\n<meta name=\"description\" content=\"Erstellen Sie in nur 1 Minute einen Online-Formular-Builder auf ExpressionEngine. Probieren Sie alle grundlegenden Vorteile des Best Form Widgets in einem kostenlosen Konfigurator aus.\" \/>\n<meta name=\"robots\" content=\"index, follow, max-snippet:-1, max-image-preview:large, max-video-preview:-1\" \/>\n<link rel=\"canonical\" href=\"https:\/\/elfsight.com\/de\/online-form-builder\/expressionengine\/\" \/>\n<meta property=\"og:locale\" content=\"de_DE\" \/>\n<meta property=\"og:type\" content=\"article\" \/>\n<meta property=\"og:title\" content=\"ExpressionEngine Form Builder \u2013 F\u00fcgen Sie ein Formular-Widget zu Ihrer Website hinzu\" \/>\n<meta property=\"og:description\" content=\"Erstellen Sie in nur 1 Minute einen Online-Formular-Builder auf ExpressionEngine. Probieren Sie alle grundlegenden Vorteile des Best Form Widgets in einem kostenlosen Konfigurator aus.\" \/>\n<meta property=\"og:url\" content=\"https:\/\/elfsight.com\/de\/online-form-builder\/expressionengine\/\" \/>\n<meta property=\"og:site_name\" content=\"Elfsight DE\" \/>\n<meta property=\"article:modified_time\" content=\"2025-07-08T10:46:04+00:00\" \/>\n<meta name=\"twitter:card\" content=\"summary_large_image\" \/>\n<meta name=\"twitter:label1\" content=\"Gesch\u00e4tzte Lesezeit\" \/>\n\t<meta name=\"twitter:data1\" content=\"2\u00a0Minuten\" \/>\n<!-- \/ Yoast SEO plugin. -->","yoast_head_json":{"title":"ExpressionEngine Form Builder \u2013 F\u00fcgen Sie ein Formular-Widget zu Ihrer Website hinzu","description":"Erstellen Sie in nur 1 Minute einen Online-Formular-Builder auf ExpressionEngine. Probieren Sie alle grundlegenden Vorteile des Best Form Widgets in einem kostenlosen Konfigurator aus.","robots":{"index":"index","follow":"follow","max-snippet":"max-snippet:-1","max-image-preview":"max-image-preview:large","max-video-preview":"max-video-preview:-1"},"canonical":"https:\/\/elfsight.com\/de\/online-form-builder\/expressionengine\/","og_locale":"de_DE","og_type":"article","og_title":"ExpressionEngine Form Builder \u2013 F\u00fcgen Sie ein Formular-Widget zu Ihrer Website hinzu","og_description":"Erstellen Sie in nur 1 Minute einen Online-Formular-Builder auf ExpressionEngine. Probieren Sie alle grundlegenden Vorteile des Best Form Widgets in einem kostenlosen Konfigurator aus.","og_url":"https:\/\/elfsight.com\/de\/online-form-builder\/expressionengine\/","og_site_name":"Elfsight DE","article_modified_time":"2025-07-08T10:46:04+00:00","twitter_card":"summary_large_image","twitter_misc":{"Gesch\u00e4tzte Lesezeit":"2\u00a0Minuten"},"schema":{"@context":"https:\/\/schema.org","@graph":[{"@type":"WebPage","@id":"https:\/\/elfsight.com\/de\/online-form-builder\/expressionengine\/","url":"https:\/\/elfsight.com\/de\/online-form-builder\/expressionengine\/","name":"ExpressionEngine Form Builder \u2013 F\u00fcgen Sie ein Formular-Widget zu Ihrer Website hinzu","isPartOf":{"@id":"https:\/\/elfsight.com\/de\/#website"},"datePublished":"2024-05-03T06:37:29+00:00","dateModified":"2025-07-08T10:46:04+00:00","description":"Erstellen Sie in nur 1 Minute einen Online-Formular-Builder auf ExpressionEngine. Probieren Sie alle grundlegenden Vorteile des Best Form Widgets in einem kostenlosen Konfigurator aus.","breadcrumb":{"@id":"https:\/\/elfsight.com\/de\/online-form-builder\/expressionengine\/#breadcrumb"},"inLanguage":"de","potentialAction":[{"@type":"ReadAction","target":["https:\/\/elfsight.com\/de\/online-form-builder\/expressionengine\/"]}]},{"@type":"BreadcrumbList","@id":"https:\/\/elfsight.com\/de\/online-form-builder\/expressionengine\/#breadcrumb","itemListElement":[{"@type":"ListItem","position":1,"name":"Home","item":"https:\/\/elfsight.com\/de\/"},{"@type":"ListItem","position":2,"name":"Form Builder","item":"https:\/\/elfsight.com\/de\/online-form-builder\/"},{"@type":"ListItem","position":3,"name":"Form Builder &#8211; ExpressionEngine"}]},{"@type":"WebSite","@id":"https:\/\/elfsight.com\/de\/#website","url":"https:\/\/elfsight.com\/de\/","name":"Elfsight DE","description":"Just another Elfsight Sites site","potentialAction":[{"@type":"SearchAction","target":{"@type":"EntryPoint","urlTemplate":"https:\/\/elfsight.com\/de\/?s={search_term_string}"},"query-input":{"@type":"PropertyValueSpecification","valueRequired":true,"valueName":"search_term_string"}}],"inLanguage":"de"}]}},"meta_box":{"industry":"","seo_heading":"","heading":"","description":"","cta_heading":"","cta_description":"","application":"469","h1":"Online-Formular-Builder f\u00fcr ExpressionEngine","h1_caption":"Erstellen Sie anpassbare Formulare f\u00fcr jeden Zweck \u2013 Feedback, Umfragen, Kontaktformulare \u2013 ohne Codierung, sodass Sie m\u00fchelos Informationen von Ihren Benutzern auf Ihrer ExpressionEngine-Website sammeln k\u00f6nnen.","application_category":[],"applications_title":"","applications_request_title":"","applications_request_button_text":"","hero_text":"","hero_video":"","hero_video_schema_markup":"","selling_points_title":"","selling_points_caption":"","selling_points":[],"selling_points_cta_text":"","features_title":"","features":"","ed_cta_examples_text":"","ed_cta_examples_hidden":"","ed_cta_demo_text":"","ed_cta_demo_hidden":"","why_caption":"","why_editor_title":"","why_editor_text":"","why_team_title":"","why_team_text":"","why_service_title":"","why_service_text":"","template_catalog_visible":"","template_catalog_title":"","template_catalog_text":"","template_catalog_categories_visible":"","demo_title":"Passen Sie Form Builder f\u00fcr Ihre ExpressionEngine-Site an","demo_caption":"Personalisieren Sie den Form Builder und f\u00fcgen Sie ihn mithilfe unserer Live-Demo Ihrer Website hinzu","default_faq_hidden":"","app_template_category":[],"platform":"233","template_public_id":"","codecanyon_url":"","codecanyon_item_id":"","codecanyon_price":"","pricing_caption":"","pricing_elfsight_apps_hide_column":"","pricing_elfsight_apps_url":"","pricing_codecanyon_price_caption":"","integration_category":[],"integration_request_title":"","integration_request_cta":"","integration_platform":"","integrations":[],"platform_category":[],"video_schema_markup":"","price":"ab 0 $ \/ Monat","trial":"","benefits":[{"text":"Kostenloser Installationsservice"},{"text":"Premium-Support"},{"text":"14-t\u00e4gige R\u00fcckerstattungsgarantie"},{"text":"Fortlaufende Entwicklung"}],"button_url":"#demo","button_target_blank":"","button_nofollow":"","attributes":[{"name":"Installiert","content":"100,000 - 500,000"},{"name":"Reaktionsfreudig","content":"Ja"},{"name":"Kompatible Browser","content":"IE11, Firefox, Safari, Opera, Chrome, Edge"}],"tags":[],"tags_disable_links":"","hide_more_platforms":"","video_object":"","demo_hide_cta":"","demo_hide_cloud_options":"","pricing_title":"","pricing":[{"pricing_icon":"platform","pricing_title":"ExpressionEngine widget","pricing_title_caption":"Multiplattform-L\u00f6sung, die f\u00fcr jede Website geeignet ist","pricing_price":"ab 0 $ \/ Monat","pricing_price_caption":"Beginnen Sie mit einem kostenlosen Plan","pricing_benefits":[{"text":"Unbegrenzte Websites"},{"text":"24\/7 und p\u00fcnktlicher Support und gut dokumentiert"},{"text":"Kostenlose Installationsunterst\u00fctzung"},{"text":"Zeitlich begrenztes Angebot f\u00fcr mehrere Apps"}],"pricing_button_text":"Zur Website hinzuf\u00fcgen","pricing_button_url":"#demo"}],"related_apps_title":"","related_apps_hidden":"","author":"","image":[],"title":"","job":"","social_networks":[]},"_links":{"self":[{"href":"https:\/\/elfsight.com\/de\/wp-json\/wp\/v2\/pages\/20416","targetHints":{"allow":["GET"]}}],"collection":[{"href":"https:\/\/elfsight.com\/de\/wp-json\/wp\/v2\/pages"}],"about":[{"href":"https:\/\/elfsight.com\/de\/wp-json\/wp\/v2\/types\/page"}],"author":[{"embeddable":true,"href":"https:\/\/elfsight.com\/de\/wp-json\/wp\/v2\/users\/9"}],"replies":[{"embeddable":true,"href":"https:\/\/elfsight.com\/de\/wp-json\/wp\/v2\/comments?post=20416"}],"version-history":[{"count":1,"href":"https:\/\/elfsight.com\/de\/wp-json\/wp\/v2\/pages\/20416\/revisions"}],"predecessor-version":[{"id":20420,"href":"https:\/\/elfsight.com\/de\/wp-json\/wp\/v2\/pages\/20416\/revisions\/20420"}],"up":[{"embeddable":true,"href":"https:\/\/elfsight.com\/de\/wp-json\/wp\/v2\/pages\/829"}],"wp:attachment":[{"href":"https:\/\/elfsight.com\/de\/wp-json\/wp\/v2\/media?parent=20416"}],"curies":[{"name":"wp","href":"https:\/\/api.w.org\/{rel}","templated":true}]}}