{"id":20407,"date":"2024-05-03T06:37:24","date_gmt":"2024-05-03T06:37:24","guid":{"rendered":"https:\/\/elfsight.com\/de\/?page_id=20407"},"modified":"2025-02-21T08:17:58","modified_gmt":"2025-02-21T08:17:58","slug":"bigcommerce","status":"publish","type":"page","link":"https:\/\/elfsight.com\/de\/file-embed-widget\/bigcommerce\/","title":{"rendered":"File Embed &#8211; BigCommerce"},"content":{"rendered":"\n<div class=\"application-platform-content-item-description application-platform-content-item\" id=\"description\" data-nav-section=\"description\"> <h2>Beschreibung<\/h2> <p>Elfsight File Embed ist eines der einfachsten und schnellsten Widgets zum Einf\u00fcgen von Dateien in eine Website. Integrieren Sie alle g\u00e4ngigen Formate: PDF, Docx, Jpg, Pptx \u2013 insgesamt rund 20 Formate. F\u00fcr eine h\u00f6here Benutzerfreundlichkeit k\u00f6nnen Dokumente durch direktes Hochladen, \u00fcber ihre URLs oder durch Auswahl aus der Liste der zuletzt hochgeladenen Dokumente eingef\u00fcgt werden. Sie k\u00f6nnen jedem Dokument einen Namen geben, ein benutzerdefiniertes Symbol und ein Vorschaubild hochladen, Optionen f\u00fcr das Dateilayout ausw\u00e4hlen und vieles mehr. Ihr Publikum kann die Dokumente direkt auf der Seite in einem neuen Browser-Tab anzeigen und herunterladen. <\/p> <div class=\"faq\" data-component=\"FAQ\"> <div class=\"faq-item\">\r\n\t\t\t\t\t<div class=\"faq-item-question\">\r\n\t\t\t\t\t\t<h3 class=\"faq-item-question-text\">Wo auf meiner Website kann ich das Widget ver\u00f6ffentlichen<\/h3>\r\n\r\n\t\t\t\t\t\t<div class=\"faq-item-question-icon\"><\/div>\r\n\t\t\t\t\t<\/div>\r\n\r\n\t\t\t\t\t<div class=\"faq-item-answer\">\r\n\t\t\t\t\t\t<div class=\"faq-item-answer-text\"> <p>F\u00fchlen Sie sich frei, das Dateieinbettungs-Widget auf jeder Seite Ihrer Website anzuwenden. So k\u00f6nnen Sie es verwenden, um Ihre technischen Dokumente oder Anweisungen auf Produktseiten anzuzeigen oder Ihre Diplome und Zertifikate auf der Seite \u201e\u00dcber uns\u201c zu pr\u00e4sentieren. <\/p> <\/div>\r\n\t\t\t\t\t<\/div>\r\n\t\t\t\t<\/div> <div class=\"faq-item\">\r\n\t\t\t\t\t<div class=\"faq-item-question\">\r\n\t\t\t\t\t\t<h3 class=\"faq-item-question-text\">Welche Vorteile hat die Dateieinbettung f\u00fcr mich?<\/h3>\r\n\r\n\t\t\t\t\t\t<div class=\"faq-item-question-icon\"><\/div>\r\n\t\t\t\t\t<\/div>\r\n\r\n\t\t\t\t\t<div class=\"faq-item-answer\">\r\n\t\t\t\t\t\t<div class=\"faq-item-answer-text\"> <p>Mit unserem Widget k\u00f6nnen Sie viel Zeit sparen, da das Hinzuf\u00fcgen von Dokumenten zu Ihrer Website sehr viel Zeit in Anspruch nimmt nur Sekunden. Dar\u00fcber hinaus k\u00f6nnen Sie zahlreiche aussagekr\u00e4ftige Daten zu Ihren Artikeln und Dienstleistungen bereitstellen, um das Verst\u00e4ndnis der Kunden f\u00fcr Ihre Angebote zu verbessern. <\/p> <\/div>\r\n\t\t\t\t\t<\/div>\r\n\t\t\t\t<\/div> <div class=\"faq-item\">\r\n\t\t\t\t\t<div class=\"faq-item-question\">\r\n\t\t\t\t\t\t<h3 class=\"faq-item-question-text\">Wie kann ich File Embed auf meiner Bigcommerce-Website einbetten?<\/h3>\r\n\r\n\t\t\t\t\t\t<div class=\"faq-item-question-icon\"><\/div>\r\n\t\t\t\t\t<\/div>\r\n\r\n\t\t\t\t\t<div class=\"faq-item-answer\">\r\n\t\t\t\t\t\t<div class=\"faq-item-answer-text\"> <p>Das Einbetten des Widgets dauert drei Minuten. Die Installation ist wirklich schnell, kostenlos und ohne Programmieraufwand. <\/p> <ol> <li>Sie k\u00f6nnen das Widget direkt \u00fcber unseren Service auf Ihrer Webseite platzieren. Folgen Sie einfach der Anleitung unten auf dieser Seite. <\/li> <li>Das Widget kann \u00fcber unseren Service oder \u00fcber den Marktplatz eingef\u00fcgt werden. Hier k\u00f6nnen Sie weitere Einzelheiten zu den beiden Optionen lesen und Ihre Option ausw\u00e4hlen. <\/li> <\/ol> <\/div>\r\n\t\t\t\t\t<\/div>\r\n\t\t\t\t<\/div> <\/div> <\/div> <div class=\"application-platform-content-item-features application-platform-content-item\" id=\"features\" data-nav-section=\"features\"> <h2>Funktionen<\/h2> <p>Um ein umfassendes Wissen \u00fcber das Widget zu erlangen, Schauen Sie sich die Liste der wesentlichen Funktionen an. Sie machen unser Widget f\u00fcr Sie maximal effizient: <\/p> <ul><li>Unbegrenzt viele Dokumente einf\u00fcgen; <\/li> <li>Datei-Viewer-Layoutoption zum Durchsuchen der Dateien auf der Website; <\/li> <li>Bilder f\u00fcr Dokumentsymbole und Vorschauen hochladen; <\/li> <li>Download-Dateitext anzeigen oder ausblenden; <\/li> <li>Malen Sie sechs Schnittstellendetails. <\/li> <\/ul><p><a href=\"#demo\">Demo zeigt Ihnen alle Funktionen<\/a><\/p> <\/div> <div class=\"application-platform-content-item-installation application-platform-content-item\" id=\"installation\" data-nav-section=\"installation\"> <h2>\u00dcberpr\u00fcfen Sie, wie Sie das File Embed-Widget in Ihre BigCommerce-Website einbetten<\/h2> <div class=\"video-container\"><iframe width=\"560\" height=\"315\" src=\"https:\/\/www.youtube.com\/embed\/ZCni6DklpOM?si=ZV2mNIskj2rfg-O9\" frameborder=\"0\" allow=\"accelerometer; autoplay; clipboard-write; encrypted-media; gyroscope; picture-in-picture; web-share\" allowfullscreen><\/iframe><\/div><p>Befolgen Sie einfach die nachstehenden Anweisungen, um mit der Nutzung der App bei BigCommerce zu beginnen.<\/p> <ol><li><b>Starten Sie unseren kostenlosen Konfigurator und beginnen Sie mit der Erstellung Ihres ma\u00dfgeschneiderten Produkts Widget. <\/b><br> Bestimmen Sie das ausgew\u00e4hlte Layout und die Parameter der File Embed-App und \u00fcbernehmen Sie die \u00c4nderungen. <\/li> <li><b>Erhalten Sie den einzigartigen Code, der in der Box auf Elfsight Apps angezeigt wird. <\/b><br> Kopieren Sie direkt nach Abschluss der Erstellung Ihres pers\u00f6nlichen Widgets den individuellen Code aus dem angezeigten Popup und speichern Sie ihn zur sp\u00e4teren Verwendung. <\/li> <li><b>Initiieren Sie die Nutzung des Widgets auf Ihrer BigCommerce-Website. <\/b><br> F\u00fcgen Sie den Code, den Sie k\u00fcrzlich kopiert haben, auf Ihrer Website hinzu und speichern Sie die Anpassungen. <\/li> <li><b>Das Setup ist vollst\u00e4ndig beendet. <\/b><br> Besuchen Sie Ihre Website, um zu sehen, wie das Tool funktioniert. <\/li><\/ol><p>Sie k\u00f6nnen immer noch keine Entscheidung treffen? Oder haben Sie Anfragen? Richten Sie einfach eine Anfrage an unseren Kundensupport, er wird jedes Problem l\u00f6sen. <\/p> <\/div>\n","protected":false},"excerpt":{"rendered":"","protected":false},"author":9,"featured_media":0,"parent":2146,"menu_order":0,"comment_status":"closed","ping_status":"closed","template":"templates\/template-application-platform.php","meta":{"publish_to_discourse":"","publish_post_category":"","wpdc_auto_publish_overridden":"","wpdc_topic_tags":"","wpdc_pin_topic":"","wpdc_pin_until":"","discourse_post_id":"","discourse_permalink":"","wpdc_publishing_response":"","wpdc_publishing_error":"","footnotes":""},"class_list":["post-20407","page","type-page","status-publish","hentry"],"yoast_head":"<!-- This site is optimized with the Yoast SEO plugin v25.3.1 - https:\/\/yoast.com\/wordpress\/plugins\/seo\/ -->\n<title>File Viewer-App \u2013 Betten Sie beliebige Dateien auf Ihrer BigCommerce-Website ein (2025)<\/title>\n<meta name=\"description\" content=\"Es ist ein Kinderspiel, Ihr Dateieinbettungs-Widget zu gestalten und es auf Ihrer BigCommerce-Website hinzuzuf\u00fcgen. Der Elfsight-Kundensupport ist kostenlos und schnell.\" \/>\n<meta name=\"robots\" content=\"index, follow, max-snippet:-1, max-image-preview:large, max-video-preview:-1\" \/>\n<link rel=\"canonical\" href=\"https:\/\/elfsight.com\/de\/file-embed-widget\/bigcommerce\/\" \/>\n<meta property=\"og:locale\" content=\"de_DE\" \/>\n<meta property=\"og:type\" content=\"article\" \/>\n<meta property=\"og:title\" content=\"File Viewer-App \u2013 Betten Sie beliebige Dateien auf Ihrer BigCommerce-Website ein (2025)\" \/>\n<meta property=\"og:description\" content=\"Es ist ein Kinderspiel, Ihr Dateieinbettungs-Widget zu gestalten und es auf Ihrer BigCommerce-Website hinzuzuf\u00fcgen. Der Elfsight-Kundensupport ist kostenlos und schnell.\" \/>\n<meta property=\"og:url\" content=\"https:\/\/elfsight.com\/de\/file-embed-widget\/bigcommerce\/\" \/>\n<meta property=\"og:site_name\" content=\"Elfsight DE\" \/>\n<meta property=\"article:modified_time\" content=\"2025-02-21T08:17:58+00:00\" \/>\n<meta name=\"twitter:card\" content=\"summary_large_image\" \/>\n<meta name=\"twitter:label1\" content=\"Gesch\u00e4tzte Lesezeit\" \/>\n\t<meta name=\"twitter:data1\" content=\"3\u00a0Minuten\" \/>\n<!-- \/ Yoast SEO plugin. -->","yoast_head_json":{"title":"File Viewer-App \u2013 Betten Sie beliebige Dateien auf Ihrer BigCommerce-Website ein (2025)","description":"Es ist ein Kinderspiel, Ihr Dateieinbettungs-Widget zu gestalten und es auf Ihrer BigCommerce-Website hinzuzuf\u00fcgen. Der Elfsight-Kundensupport ist kostenlos und schnell.","robots":{"index":"index","follow":"follow","max-snippet":"max-snippet:-1","max-image-preview":"max-image-preview:large","max-video-preview":"max-video-preview:-1"},"canonical":"https:\/\/elfsight.com\/de\/file-embed-widget\/bigcommerce\/","og_locale":"de_DE","og_type":"article","og_title":"File Viewer-App \u2013 Betten Sie beliebige Dateien auf Ihrer BigCommerce-Website ein (2025)","og_description":"Es ist ein Kinderspiel, Ihr Dateieinbettungs-Widget zu gestalten und es auf Ihrer BigCommerce-Website hinzuzuf\u00fcgen. Der Elfsight-Kundensupport ist kostenlos und schnell.","og_url":"https:\/\/elfsight.com\/de\/file-embed-widget\/bigcommerce\/","og_site_name":"Elfsight DE","article_modified_time":"2025-02-21T08:17:58+00:00","twitter_card":"summary_large_image","twitter_misc":{"Gesch\u00e4tzte Lesezeit":"3\u00a0Minuten"},"schema":{"@context":"https:\/\/schema.org","@graph":[{"@type":"WebPage","@id":"https:\/\/elfsight.com\/de\/file-embed-widget\/bigcommerce\/","url":"https:\/\/elfsight.com\/de\/file-embed-widget\/bigcommerce\/","name":"File Viewer-App \u2013 Betten Sie beliebige Dateien auf Ihrer BigCommerce-Website ein (2025)","isPartOf":{"@id":"https:\/\/elfsight.com\/de\/#website"},"datePublished":"2024-05-03T06:37:24+00:00","dateModified":"2025-02-21T08:17:58+00:00","description":"Es ist ein Kinderspiel, Ihr Dateieinbettungs-Widget zu gestalten und es auf Ihrer BigCommerce-Website hinzuzuf\u00fcgen. Der Elfsight-Kundensupport ist kostenlos und schnell.","breadcrumb":{"@id":"https:\/\/elfsight.com\/de\/file-embed-widget\/bigcommerce\/#breadcrumb"},"inLanguage":"de","potentialAction":[{"@type":"ReadAction","target":["https:\/\/elfsight.com\/de\/file-embed-widget\/bigcommerce\/"]}]},{"@type":"BreadcrumbList","@id":"https:\/\/elfsight.com\/de\/file-embed-widget\/bigcommerce\/#breadcrumb","itemListElement":[{"@type":"ListItem","position":1,"name":"Home","item":"https:\/\/elfsight.com\/de\/"},{"@type":"ListItem","position":2,"name":"File Embed","item":"https:\/\/elfsight.com\/de\/file-embed-widget\/"},{"@type":"ListItem","position":3,"name":"File Embed &#8211; BigCommerce"}]},{"@type":"WebSite","@id":"https:\/\/elfsight.com\/de\/#website","url":"https:\/\/elfsight.com\/de\/","name":"Elfsight DE","description":"Just another Elfsight Sites site","potentialAction":[{"@type":"SearchAction","target":{"@type":"EntryPoint","urlTemplate":"https:\/\/elfsight.com\/de\/?s={search_term_string}"},"query-input":{"@type":"PropertyValueSpecification","valueRequired":true,"valueName":"search_term_string"}}],"inLanguage":"de"}]}},"meta_box":{"industry":"","seo_heading":"","heading":"","description":"","cta_heading":"","cta_description":"","application":"485","h1":"BigCommerce File Embed-App","h1_caption":"Betten Sie Dokumente, Tabellenkalkulationen und andere Dateien in Ihre Website ein, um sie einfach anzuzeigen und m\u00fchelos auf Ihre BigCommerce-Website herunterzuladen.","application_category":[],"applications_title":"","applications_request_title":"","applications_request_button_text":"","hero_text":"","hero_video":"","hero_video_schema_markup":"","selling_points_title":"","selling_points_caption":"","selling_points":[],"selling_points_cta_text":"","features_title":"","features":"","ed_cta_examples_text":"","ed_cta_examples_hidden":"","ed_cta_demo_text":"","ed_cta_demo_hidden":"","why_caption":"","why_editor_title":"","why_editor_text":"","why_team_title":"","why_team_text":"","why_service_title":"","why_service_text":"","template_catalog_visible":"0","template_catalog_title":"","template_catalog_text":"","template_catalog_categories_visible":"","demo_title":"Erstellen Sie Ihre File Embed-App","demo_caption":"Konfigurieren Sie Ihre Dateieinbettung und f\u00fcgen Sie sie kostenlos zu Ihrer BigCommerce-Website hinzu!","default_faq_hidden":"","app_template_category":[],"platform":"268","template_public_id":"","codecanyon_url":"","codecanyon_item_id":"","codecanyon_price":"","pricing_caption":"","pricing_elfsight_apps_hide_column":"","pricing_elfsight_apps_url":"","pricing_codecanyon_price_caption":"","integration_category":[],"integration_request_title":"","integration_request_cta":"","integration_platform":"","integrations":[],"platform_category":[],"video_schema_markup":"","price":"ab 0 $ \/ Monat","trial":"","benefits":[{"text":"Kostenloser Installationsservice"},{"text":"Professioneller Kundenservice"},{"text":"14-t\u00e4gige Geld-zur\u00fcck-Garantie"},{"text":"Fortlaufende Entwicklung"}],"button_url":"#demo","button_target_blank":"0","button_nofollow":"0","attributes":[{"name":"Installiert","content":"10,000 - 100,000"},{"name":"Reaktionsfreudig","content":"Ja"},{"name":"Kompatible Browser","content":"Firefox, Safari, Opera, Chrome, Edge"}],"tags":[],"tags_disable_links":"0","hide_more_platforms":"0","video_object":"","demo_hide_cta":"0","demo_hide_cloud_options":"0","pricing_title":"","pricing":[{"pricing_icon":"platform","pricing_title":"Elfsight Apps","pricing_title_caption":"Multiplattform-Software, die auf jeder Site funktioniert","pricing_price":"ab 0 $ \/ Monat","pricing_price_caption":"Beginnen Sie mit einem kostenlosen Plan","pricing_benefits":[{"text":"Unbegrenzte Domains"},{"text":"Engagierter und p\u00fcnktlicher Support"},{"text":"Kostenlose Installationsunterst\u00fctzung"},{"text":"100 % anpassbar"}],"pricing_button_text":"Zur Website hinzuf\u00fcgen","pricing_button_url":"#demo"}],"related_apps_title":"","related_apps_hidden":"0","author":"","image":[],"title":"","job":"","social_networks":[]},"_links":{"self":[{"href":"https:\/\/elfsight.com\/de\/wp-json\/wp\/v2\/pages\/20407","targetHints":{"allow":["GET"]}}],"collection":[{"href":"https:\/\/elfsight.com\/de\/wp-json\/wp\/v2\/pages"}],"about":[{"href":"https:\/\/elfsight.com\/de\/wp-json\/wp\/v2\/types\/page"}],"author":[{"embeddable":true,"href":"https:\/\/elfsight.com\/de\/wp-json\/wp\/v2\/users\/9"}],"replies":[{"embeddable":true,"href":"https:\/\/elfsight.com\/de\/wp-json\/wp\/v2\/comments?post=20407"}],"version-history":[{"count":3,"href":"https:\/\/elfsight.com\/de\/wp-json\/wp\/v2\/pages\/20407\/revisions"}],"predecessor-version":[{"id":24666,"href":"https:\/\/elfsight.com\/de\/wp-json\/wp\/v2\/pages\/20407\/revisions\/24666"}],"up":[{"embeddable":true,"href":"https:\/\/elfsight.com\/de\/wp-json\/wp\/v2\/pages\/2146"}],"wp:attachment":[{"href":"https:\/\/elfsight.com\/de\/wp-json\/wp\/v2\/media?parent=20407"}],"curies":[{"name":"wp","href":"https:\/\/api.w.org\/{rel}","templated":true}]}}