{"id":20406,"date":"2024-05-03T06:37:23","date_gmt":"2024-05-03T06:37:23","guid":{"rendered":"https:\/\/elfsight.com\/de\/?page_id=20406"},"modified":"2025-02-21T08:20:03","modified_gmt":"2025-02-21T08:20:03","slug":"blogger","status":"publish","type":"page","link":"https:\/\/elfsight.com\/de\/file-embed-widget\/blogger\/","title":{"rendered":"File Embed &#8211; Blogger"},"content":{"rendered":"\n<div class=\"application-platform-content-item-description application-platform-content-item\" id=\"description\" data-nav-section=\"description\"> <h2>Beschreibung<\/h2> <p>Elfsight File Embed ist das einfachste und unmittelbarste Tool zum Hinzuf\u00fcgen von Dateien zu Ihrer Website. F\u00fcgen Sie alle g\u00e4ngigen Formate hinzu: PDF, Docx, XLSX, Pptx \u2013 insgesamt rund 20 Typen. Zur besseren Benutzerfreundlichkeit k\u00f6nnen Dateien durch Hochladen, Hinzuf\u00fcgen der URLs oder durch Auswahl aus den zuletzt hochgeladenen Dateien eingebettet werden. Sie k\u00f6nnen jeder Datei einen Titel geben, Ihr eigenes Symbol oder Bild hochladen, das Dateilayout ausw\u00e4hlen und vieles mehr. Website-Besucher k\u00f6nnen die Dokumente direkt auf Ihrer Website lesen, in einem neuen Tab anzeigen und herunterladen. <\/p> <div class=\"faq\" data-component=\"FAQ\"> <div class=\"faq-item\">\r\n\t\t\t\t\t<div class=\"faq-item-question\">\r\n\t\t\t\t\t\t<h3 class=\"faq-item-question-text\">Wo kann ich File Embed anzeigen?<\/h3>\r\n\r\n\t\t\t\t\t\t<div class=\"faq-item-question-icon\"><\/div>\r\n\t\t\t\t\t<\/div>\r\n\r\n\t\t\t\t\t<div class=\"faq-item-answer\">\r\n\t\t\t\t\t\t<div class=\"faq-item-answer-text\"> <p>Sie k\u00f6nnen File Embed auf allen Seiten Ihrer Website anzeigen. Es kann beispielsweise verwendet werden, um Ihre technologischen Dokumentationen oder Spezifikationen auf entsprechenden Produktseiten einzuf\u00fcgen oder Ihre Diplome und Qualifikationen auf der Zielseite zu ver\u00f6ffentlichen. <\/p> <\/div>\r\n\t\t\t\t\t<\/div>\r\n\t\t\t\t<\/div> <div class=\"faq-item\">\r\n\t\t\t\t\t<div class=\"faq-item-question\">\r\n\t\t\t\t\t\t<h3 class=\"faq-item-question-text\">Wie profitiere ich von dem Widget?<\/h3>\r\n\r\n\t\t\t\t\t\t<div class=\"faq-item-question-icon\"><\/div>\r\n\t\t\t\t\t<\/div>\r\n\r\n\t\t\t\t\t<div class=\"faq-item-answer\">\r\n\t\t\t\t\t\t<div class=\"faq-item-answer-text\"> <p>Mit diesem Widget sparen Sie viel Zeit, da die Ver\u00f6ffentlichung von Dokumenten auf Ihrer Website nur wenige Sekunden dauert. Dar\u00fcber hinaus k\u00f6nnen Sie viele n\u00fctzliche Informationen zu Ihren Produkten und Dienstleistungen bereitstellen und die Aufmerksamkeit der Benutzer auf Ihre Artikel sch\u00e4rfen. <\/p> <\/div>\r\n\t\t\t\t\t<\/div>\r\n\t\t\t\t<\/div> <div class=\"faq-item\">\r\n\t\t\t\t\t<div class=\"faq-item-question\">\r\n\t\t\t\t\t\t<h3 class=\"faq-item-question-text\">Was ben\u00f6tige ich, um File Embed zu meiner Blogger-Website hinzuzuf\u00fcgen?<\/h3>\r\n\r\n\t\t\t\t\t\t<div class=\"faq-item-question-icon\"><\/div>\r\n\t\t\t\t\t<\/div>\r\n\r\n\t\t\t\t\t<div class=\"faq-item-answer\">\r\n\t\t\t\t\t\t<div class=\"faq-item-answer-text\"> <p>Sie ben\u00f6tigen nur ein paar Minuten, um mit der Verwendung des Widgets zu beginnen. Die Installation ist superschnell, kostenlos und ohne Programmierung. <\/p> <ol> <li>Sie k\u00f6nnen das Widget auf Ihrer Webseite in unserem Service platzieren. Schauen Sie sich einfach die Anweisungen weiter unten auf dieser Seite an. <\/li> <li>Elfsight File Embed kann direkt \u00fcber unseren Service oder \u00fcber den Marktplatz eingef\u00fcgt werden. Hier k\u00f6nnen Sie mehr \u00fcber diese Optionen lesen und Ihre ausw\u00e4hlen. <\/li> <\/ol> <\/div>\r\n\t\t\t\t\t<\/div>\r\n\t\t\t\t<\/div> <\/div> <\/div> <div class=\"application-platform-content-item-features application-platform-content-item\" id=\"features\" data-nav-section=\"features\"> <h2>Funktionen<\/h2> <p>Um File Embed besser zu verstehen, finden Sie hier die Liste seiner Hauptmerkmale. Sie machen das Widget f\u00fcr Ihre Werbung maximal effizient: <\/p> <ul><li>F\u00fcgen Sie eine beliebige Anzahl von Dateien ein; <\/li> <li>Datei-Viewer-Layoutoption zum Lesen von Dokumenten auf der Seite; <\/li> <li>Bilder f\u00fcr Dateisymbole und Vorschauen hochladen; <\/li> <li>Download-Dokument-Label anzeigen oder ausblenden; <\/li> <li>Sechs farbbare Details der Benutzeroberfl\u00e4che. <\/li> <\/ul><p><a href=\"#demo\">Unsere Live-Demo zeigt Ihnen alle Funktionen<\/a><\/p> <\/div> <div class=\"application-platform-content-item-installation application-platform-content-item\" id=\"installation\" data-nav-section=\"installation\"> <h2>Sehen Sie, wie Sie das Dateieinbettungs-Widget in Ihren Blogger einf\u00fcgen Seite. Es ist einfach und unkompliziert.<\/h2> <div class=\"video-container\"><iframe width=\"560\" height=\"315\" src=\"https:\/\/www.youtube.com\/embed\/BZoWoCp1_jo?si=MOCQl97TicwuWP6M\" frameborder=\"0\" allow=\"accelerometer; autoplay; clipboard-write; encrypted-media; gyroscope; picture-in-picture; web-share\" allowfullscreen><\/iframe><\/div><p>Die folgenden Aktionen sind das Einzige, was Sie ausf\u00fchren m\u00fcssen, um das Widget einzurichten. <\/p> <ol><li><b>Erstellen Sie Ihr eigenes File Embed-Plugin<\/b><br> Richten Sie mit unserem kostenlosen Editor ein Plugin mit benutzerdefiniertem Layout und benutzerdefinierten Funktionen ein. <\/li><li><b>Holen Sie sich den individuellen Code zum Ver\u00f6ffentlichen des Plugins<\/b><br> Nachdem Sie Ihr Widget angepasst haben, erhalten Sie den eindeutigen Code aus der angezeigten Benachrichtigung auf Elfsight Apps. Kopieren Sie diesen Code f\u00fcr die zuk\u00fcnftige Verwendung. <\/li> <li><b>Betten Sie das Plugin auf Ihrer Blogger-Site ein<\/b><br> Definieren Sie den Bereich, in den Sie das Plugin einbetten m\u00f6chten, und f\u00fcgen Sie dort den gespeicherten Code hinzu. Ver\u00f6ffentlichen Sie die \u00c4nderungen. <\/li> <li><b>Fertig! <\/b><br> Gehen Sie zu Ihrem Shop, um einen Blick auf Ihr Plugin zu werfen. <\/li> <\/ol><p>Sie k\u00f6nnen sich immer noch nicht entscheiden? Oder Probleme haben? Senden Sie einfach eine Anfrage an unser Kundensupport-Team. Sie werden jedes Problem l\u00f6sen. <\/p> <\/div>\n","protected":false},"excerpt":{"rendered":"","protected":false},"author":9,"featured_media":0,"parent":2146,"menu_order":0,"comment_status":"closed","ping_status":"closed","template":"templates\/template-application-platform.php","meta":{"publish_to_discourse":"","publish_post_category":"","wpdc_auto_publish_overridden":"","wpdc_topic_tags":"","wpdc_pin_topic":"","wpdc_pin_until":"","discourse_post_id":"","discourse_permalink":"","wpdc_publishing_response":"","wpdc_publishing_error":"","footnotes":""},"class_list":["post-20406","page","type-page","status-publish","hentry"],"yoast_head":"<!-- This site is optimized with the Yoast SEO plugin v25.3.1 - https:\/\/yoast.com\/wordpress\/plugins\/seo\/ -->\n<title>Datei-Viewer-Widget \u2013 Betten Sie beliebige Dateien auf Ihrer Blogger-Website ein (2025)<\/title>\n<meta name=\"description\" content=\"Gestalten Sie mit Elfsight Ihr Dateieinbettungs-Widget und f\u00fcgen Sie es schnell auf der Blogger-Website hinzu. Wir bieten kostenlosen Kundenservice und weitere Boni.\" \/>\n<meta name=\"robots\" content=\"index, follow, max-snippet:-1, max-image-preview:large, max-video-preview:-1\" \/>\n<link rel=\"canonical\" href=\"https:\/\/elfsight.com\/de\/file-embed-widget\/blogger\/\" \/>\n<meta property=\"og:locale\" content=\"de_DE\" \/>\n<meta property=\"og:type\" content=\"article\" \/>\n<meta property=\"og:title\" content=\"Datei-Viewer-Widget \u2013 Betten Sie beliebige Dateien auf Ihrer Blogger-Website ein (2025)\" \/>\n<meta property=\"og:description\" content=\"Gestalten Sie mit Elfsight Ihr Dateieinbettungs-Widget und f\u00fcgen Sie es schnell auf der Blogger-Website hinzu. Wir bieten kostenlosen Kundenservice und weitere Boni.\" \/>\n<meta property=\"og:url\" content=\"https:\/\/elfsight.com\/de\/file-embed-widget\/blogger\/\" \/>\n<meta property=\"og:site_name\" content=\"Elfsight DE\" \/>\n<meta property=\"article:modified_time\" content=\"2025-02-21T08:20:03+00:00\" \/>\n<meta name=\"twitter:card\" content=\"summary_large_image\" \/>\n<meta name=\"twitter:label1\" content=\"Gesch\u00e4tzte Lesezeit\" \/>\n\t<meta name=\"twitter:data1\" content=\"3\u00a0Minuten\" \/>\n<!-- \/ Yoast SEO plugin. -->","yoast_head_json":{"title":"Datei-Viewer-Widget \u2013 Betten Sie beliebige Dateien auf Ihrer Blogger-Website ein (2025)","description":"Gestalten Sie mit Elfsight Ihr Dateieinbettungs-Widget und f\u00fcgen Sie es schnell auf der Blogger-Website hinzu. Wir bieten kostenlosen Kundenservice und weitere Boni.","robots":{"index":"index","follow":"follow","max-snippet":"max-snippet:-1","max-image-preview":"max-image-preview:large","max-video-preview":"max-video-preview:-1"},"canonical":"https:\/\/elfsight.com\/de\/file-embed-widget\/blogger\/","og_locale":"de_DE","og_type":"article","og_title":"Datei-Viewer-Widget \u2013 Betten Sie beliebige Dateien auf Ihrer Blogger-Website ein (2025)","og_description":"Gestalten Sie mit Elfsight Ihr Dateieinbettungs-Widget und f\u00fcgen Sie es schnell auf der Blogger-Website hinzu. Wir bieten kostenlosen Kundenservice und weitere Boni.","og_url":"https:\/\/elfsight.com\/de\/file-embed-widget\/blogger\/","og_site_name":"Elfsight DE","article_modified_time":"2025-02-21T08:20:03+00:00","twitter_card":"summary_large_image","twitter_misc":{"Gesch\u00e4tzte Lesezeit":"3\u00a0Minuten"},"schema":{"@context":"https:\/\/schema.org","@graph":[{"@type":"WebPage","@id":"https:\/\/elfsight.com\/de\/file-embed-widget\/blogger\/","url":"https:\/\/elfsight.com\/de\/file-embed-widget\/blogger\/","name":"Datei-Viewer-Widget \u2013 Betten Sie beliebige Dateien auf Ihrer Blogger-Website ein (2025)","isPartOf":{"@id":"https:\/\/elfsight.com\/de\/#website"},"datePublished":"2024-05-03T06:37:23+00:00","dateModified":"2025-02-21T08:20:03+00:00","description":"Gestalten Sie mit Elfsight Ihr Dateieinbettungs-Widget und f\u00fcgen Sie es schnell auf der Blogger-Website hinzu. Wir bieten kostenlosen Kundenservice und weitere Boni.","breadcrumb":{"@id":"https:\/\/elfsight.com\/de\/file-embed-widget\/blogger\/#breadcrumb"},"inLanguage":"de","potentialAction":[{"@type":"ReadAction","target":["https:\/\/elfsight.com\/de\/file-embed-widget\/blogger\/"]}]},{"@type":"BreadcrumbList","@id":"https:\/\/elfsight.com\/de\/file-embed-widget\/blogger\/#breadcrumb","itemListElement":[{"@type":"ListItem","position":1,"name":"Home","item":"https:\/\/elfsight.com\/de\/"},{"@type":"ListItem","position":2,"name":"File Embed","item":"https:\/\/elfsight.com\/de\/file-embed-widget\/"},{"@type":"ListItem","position":3,"name":"File Embed &#8211; Blogger"}]},{"@type":"WebSite","@id":"https:\/\/elfsight.com\/de\/#website","url":"https:\/\/elfsight.com\/de\/","name":"Elfsight DE","description":"Just another Elfsight Sites site","potentialAction":[{"@type":"SearchAction","target":{"@type":"EntryPoint","urlTemplate":"https:\/\/elfsight.com\/de\/?s={search_term_string}"},"query-input":{"@type":"PropertyValueSpecification","valueRequired":true,"valueName":"search_term_string"}}],"inLanguage":"de"}]}},"meta_box":{"industry":"","seo_heading":"","heading":"","description":"","cta_heading":"","cta_description":"","application":"485","h1":"Widget zum Einbetten von Blogger-Dateien","h1_caption":"Betten Sie Dokumente, Tabellenkalkulationen und andere Dateien in Ihre Website ein, um sie einfach anzuzeigen und m\u00fchelos auf Ihre Blogger-Website herunterzuladen.","application_category":[],"applications_title":"","applications_request_title":"","applications_request_button_text":"","hero_text":"","hero_video":"","hero_video_schema_markup":"","selling_points_title":"","selling_points_caption":"","selling_points":[],"selling_points_cta_text":"","features_title":"","features":"","ed_cta_examples_text":"","ed_cta_examples_hidden":"","ed_cta_demo_text":"","ed_cta_demo_hidden":"","why_caption":"","why_editor_title":"","why_editor_text":"","why_team_title":"","why_team_text":"","why_service_title":"","why_service_text":"","template_catalog_visible":"0","template_catalog_title":"","template_catalog_text":"","template_catalog_categories_visible":"","demo_title":"Erstellen Sie Ihr Dateieinbettungs-Widget","demo_caption":"Konfigurieren Sie Ihre Dateieinbettung und f\u00fcgen Sie sie kostenlos zu Ihrer Blogger-Website hinzu!","default_faq_hidden":"","app_template_category":[],"platform":"262","template_public_id":"","codecanyon_url":"","codecanyon_item_id":"","codecanyon_price":"","pricing_caption":"","pricing_elfsight_apps_hide_column":"","pricing_elfsight_apps_url":"","pricing_codecanyon_price_caption":"","integration_category":[],"integration_request_title":"","integration_request_cta":"","integration_platform":"","integrations":[],"platform_category":[],"video_schema_markup":"","price":"ab 0 $ \/ Monat","trial":"","benefits":[{"text":"Kostenlose Installationshilfe"},{"text":"Erfahrener Kundensupport"},{"text":"14-t\u00e4gige R\u00fcckerstattungsgarantie"},{"text":"Regelm\u00e4\u00dfige Verbesserungen"}],"button_url":"#demo","button_target_blank":"0","button_nofollow":"0","attributes":[{"name":"Installiert","content":"10,000 - 100,000"},{"name":"Reaktionsfreudig","content":"Ja"},{"name":"Kompatible Browser","content":"Firefox, Safari, Opera, Chrome, Edge"}],"tags":[],"tags_disable_links":"0","hide_more_platforms":"0","video_object":"","demo_hide_cta":"0","demo_hide_cloud_options":"0","pricing_title":"","pricing":[{"pricing_icon":"platform","pricing_title":"Elfsight Apps","pricing_title_caption":"Plattform\u00fcbergreifende Version, die f\u00fcr jede Website geeignet ist","pricing_price":"ab 0 $ \/ Monat","pricing_price_caption":"Beginnen Sie mit einem kostenlosen Plan","pricing_benefits":[{"text":"Unbegrenzte Domains"},{"text":"Professionelle Kundenbetreuung und gut dokumentiert"},{"text":"Kostenlose Installationsunterst\u00fctzung"},{"text":"100 % anpassbar"}],"pricing_button_text":"Zur Website hinzuf\u00fcgen","pricing_button_url":"#demo"}],"related_apps_title":"","related_apps_hidden":"0","author":"","image":[],"title":"","job":"","social_networks":[]},"_links":{"self":[{"href":"https:\/\/elfsight.com\/de\/wp-json\/wp\/v2\/pages\/20406","targetHints":{"allow":["GET"]}}],"collection":[{"href":"https:\/\/elfsight.com\/de\/wp-json\/wp\/v2\/pages"}],"about":[{"href":"https:\/\/elfsight.com\/de\/wp-json\/wp\/v2\/types\/page"}],"author":[{"embeddable":true,"href":"https:\/\/elfsight.com\/de\/wp-json\/wp\/v2\/users\/9"}],"replies":[{"embeddable":true,"href":"https:\/\/elfsight.com\/de\/wp-json\/wp\/v2\/comments?post=20406"}],"version-history":[{"count":3,"href":"https:\/\/elfsight.com\/de\/wp-json\/wp\/v2\/pages\/20406\/revisions"}],"predecessor-version":[{"id":24668,"href":"https:\/\/elfsight.com\/de\/wp-json\/wp\/v2\/pages\/20406\/revisions\/24668"}],"up":[{"embeddable":true,"href":"https:\/\/elfsight.com\/de\/wp-json\/wp\/v2\/pages\/2146"}],"wp:attachment":[{"href":"https:\/\/elfsight.com\/de\/wp-json\/wp\/v2\/media?parent=20406"}],"curies":[{"name":"wp","href":"https:\/\/api.w.org\/{rel}","templated":true}]}}