{"id":20397,"date":"2024-05-03T06:37:18","date_gmt":"2024-05-03T06:37:18","guid":{"rendered":"https:\/\/elfsight.com\/de\/?page_id=20397"},"modified":"2025-02-21T08:23:56","modified_gmt":"2025-02-21T08:23:56","slug":"html","status":"publish","type":"page","link":"https:\/\/elfsight.com\/de\/file-embed-widget\/html\/","title":{"rendered":"File Embed &#8211; HTML"},"content":{"rendered":"\n<div class=\"application-platform-content-item-description application-platform-content-item\" id=\"description\" data-nav-section=\"description\"> <h2>Beschreibung<\/h2> <p>Das Elfsight File Embed-Widget ist das einfachste und schnellste Tool zum Einf\u00fcgen von Dateien in Ihre Site. F\u00fcgen Sie alle am h\u00e4ufigsten verwendeten Formate ein: PDF, Docx, Jpg, Jpeg \u2013 insgesamt etwa 20 Typen. Der Einfachheit halber k\u00f6nnen Dateien durch einfaches Hochladen, Eingeben der URLs oder durch Auswahl aus den zuletzt hochgeladenen Dateien eingef\u00fcgt werden. Sie k\u00f6nnen jeder Datei einen eigenen Namen geben, ein Symbol oder ein Vorschaubild hochladen, ein Layout ausw\u00e4hlen und vieles mehr. Website-Besucher k\u00f6nnen die Dokumente direkt auf Ihrer Website \u00fcberpr\u00fcfen, in einem neuen Tab anzeigen und herunterladen. <\/p> <div class=\"faq\" data-component=\"FAQ\"> <div class=\"faq-item\">\r\n\t\t\t\t\t<div class=\"faq-item-question\">\r\n\t\t\t\t\t\t<h3 class=\"faq-item-question-text\">Wo kann ich File Embed installieren?<\/h3>\r\n\r\n\t\t\t\t\t\t<div class=\"faq-item-question-icon\"><\/div>\r\n\t\t\t\t\t<\/div>\r\n\r\n\t\t\t\t\t<div class=\"faq-item-answer\">\r\n\t\t\t\t\t\t<div class=\"faq-item-answer-text\"> <p>Sie k\u00f6nnen das File Embed-Widget auf allen Seiten der Website anzeigen. Sie k\u00f6nnen damit beispielsweise Ihre technischen Dokumente oder Richtlinien auf Produktseiten ver\u00f6ffentlichen oder Ihre Diplome und Zertifikate auf der Landingpage anzeigen. <\/p> <\/div>\r\n\t\t\t\t\t<\/div>\r\n\t\t\t\t<\/div> <div class=\"faq-item\">\r\n\t\t\t\t\t<div class=\"faq-item-question\">\r\n\t\t\t\t\t\t<h3 class=\"faq-item-question-text\">Welche Vorteile bietet es mir?<\/h3>\r\n\r\n\t\t\t\t\t\t<div class=\"faq-item-question-icon\"><\/div>\r\n\t\t\t\t\t<\/div>\r\n\r\n\t\t\t\t\t<div class=\"faq-item-answer\">\r\n\t\t\t\t\t\t<div class=\"faq-item-answer-text\"> <p>Mit unserem Widget k\u00f6nnen Sie viel Zeit sparen, da die Integration von Dateien in Ihre Website mit seiner Hilfe in nur wenigen Sekunden erfolgt . Dar\u00fcber hinaus k\u00f6nnen Sie zahlreiche n\u00fctzliche Daten zu Ihren Angeboten oder Dienstleistungen anzeigen, um die Kunden besser \u00fcber Ihre Artikel zu informieren. <\/p> <\/div>\r\n\t\t\t\t\t<\/div>\r\n\t\t\t\t<\/div> <div class=\"faq-item\">\r\n\t\t\t\t\t<div class=\"faq-item-question\">\r\n\t\t\t\t\t\t<h3 class=\"faq-item-question-text\">Was ben\u00f6tige ich, um File Embed zu meiner HTML-Website hinzuzuf\u00fcgen?<\/h3>\r\n\r\n\t\t\t\t\t\t<div class=\"faq-item-question-icon\"><\/div>\r\n\t\t\t\t\t<\/div>\r\n\r\n\t\t\t\t\t<div class=\"faq-item-answer\">\r\n\t\t\t\t\t\t<div class=\"faq-item-answer-text\"> <p>Es dauert nur eine Minute, bis Sie mit der Verwendung des Widgets beginnen. Der Integrationsprozess ist sehr schnell, kostenlos und ohne Programmierung. <\/p> <ol> <li>Sie k\u00f6nnen \u201eFile Embed\u201c direkt in unserem Service in die Website einf\u00fcgen. Dazu m\u00fcssen Sie die Anweisungen unten auf dieser Seite lesen. <\/li> <li>Das Widget kann \u00fcber unseren Service oder \u00fcber den Marktplatz eingebunden werden. Hier k\u00f6nnen Sie alle Details beider Varianten kennenlernen und entscheiden, welche Ihre Variante ist. <\/li> <\/ol> <\/div>\r\n\t\t\t\t\t<\/div>\r\n\t\t\t\t<\/div> <\/div> <\/div> <div class=\"application-platform-content-item-features application-platform-content-item\" id=\"features\" data-nav-section=\"features\"> <h2>Funktionen<\/h2> <p>Verschaffen Sie sich einen klaren \u00dcberblick \u00fcber File Embed, indem Sie eine Liste \u00fcberpr\u00fcfen der Hauptmerkmale. Sie machen das Widget f\u00fcr Ihre Werbung maximal effektiv: <\/p> <ul><li>F\u00fcgen Sie eine unbegrenzte Anzahl von Dokumenten ein; <\/li> <li>Datei-Viewer-Layoutoption zum Durchsuchen der Dokumente auf der Website; <\/li> <li>Die Option zum Hochladen von Bildern f\u00fcr Dokumentsymbole und Vorschauen; <\/li> <li>Anzeigen oder Entfernen des Download-Dokument-Labels; <\/li> <li>Sechs \u00fcbermalbare Details der Widget-Oberfl\u00e4che. <\/li> <\/ul><p><a href=\"#demo\">Um alle Funktionen zu sehen, sehen Sie sich die Live-Demo an<\/a><\/p> <\/div> <div class=\"application-platform-content-item-installation application-platform-content-item\" id=\"installation\" data-nav-section=\"installation\"> <h2>Sehen wir uns an, wie Sie das Dateieinbettungs-Widget in Ihrem HTML platzieren Webseite. Es ist unglaublich einfach.<\/h2> <div class=\"video-container\"><iframe width=\"560\" height=\"315\" src=\"https:\/\/www.youtube.com\/embed\/Wn6XsosWI8M?si=KEGwmgA97-4wgW6D\" frameborder=\"0\" allow=\"accelerometer; autoplay; clipboard-write; encrypted-media; gyroscope; picture-in-picture; web-share\" allowfullscreen><\/iframe><\/div><p>Die folgenden Aktionen sind das Einzige, was Sie ausf\u00fchren m\u00fcssen, damit es codierfrei ist. <\/p> <ol><li><b>Erstellen Sie Ihr individuelles File Embed-Plugin<\/b><br> Erhalten Sie mit unserem kostenlosen Konfigurator ein Plugin mit einer bevorzugten Zusammensetzung und Funktionalit\u00e4t. <\/li><li><b>Kopieren Sie den individuellen Code, um das Plugin anzuzeigen<\/b><br> Nachdem Sie Ihr Widget konfiguriert haben, erhalten Sie den Installationscode aus dem erscheinenden Fenster auf Elfsight Apps. Kopiere es. <\/li> <li><b>F\u00fcgen Sie das Plugin auf Ihrer HTML-Site hinzu<\/b><br> W\u00e4hlen Sie die Stelle auf der Seite aus, an der Sie das Plugin anzeigen m\u00f6chten, und f\u00fcgen Sie den kopierten Code dort ein. Wenden Sie die Ergebnisse an. <\/li> <li><b>Fertig! <\/b><br> Besuchen Sie Ihre Website, um Ihre Arbeit zu sehen. <\/li> <\/ol><p>Immer noch unruhig? Oder \u00fcber irgendetwas gestolpert? Senden Sie einfach eine Anfrage an unser Support-Team, das jedes Problem l\u00f6sen wird. <\/p> <\/div>\n","protected":false},"excerpt":{"rendered":"","protected":false},"author":9,"featured_media":0,"parent":2146,"menu_order":0,"comment_status":"closed","ping_status":"closed","template":"templates\/template-application-platform.php","meta":{"publish_to_discourse":"","publish_post_category":"","wpdc_auto_publish_overridden":"","wpdc_topic_tags":"","wpdc_pin_topic":"","wpdc_pin_until":"","discourse_post_id":"","discourse_permalink":"","wpdc_publishing_response":"","wpdc_publishing_error":"","footnotes":""},"class_list":["post-20397","page","type-page","status-publish","hentry"],"yoast_head":"<!-- This site is optimized with the Yoast SEO plugin v25.3.1 - https:\/\/yoast.com\/wordpress\/plugins\/seo\/ -->\n<title>Datei-Viewer-Widget \u2013 Beliebige Dateien in Ihre HTML-Website einbetten (2025)<\/title>\n<meta name=\"description\" content=\"Es ist ganz einfach, Ihr Dateieinbettungs-Widget zu erstellen und es auf Ihrer HTML-Website zu ver\u00f6ffentlichen. Der Kundendienst von Elfsight ist kostenlos und schnell.\" \/>\n<meta name=\"robots\" content=\"index, follow, max-snippet:-1, max-image-preview:large, max-video-preview:-1\" \/>\n<link rel=\"canonical\" href=\"https:\/\/elfsight.com\/de\/file-embed-widget\/html\/\" \/>\n<meta property=\"og:locale\" content=\"de_DE\" \/>\n<meta property=\"og:type\" content=\"article\" \/>\n<meta property=\"og:title\" content=\"Datei-Viewer-Widget \u2013 Beliebige Dateien in Ihre HTML-Website einbetten (2025)\" \/>\n<meta property=\"og:description\" content=\"Es ist ganz einfach, Ihr Dateieinbettungs-Widget zu erstellen und es auf Ihrer HTML-Website zu ver\u00f6ffentlichen. Der Kundendienst von Elfsight ist kostenlos und schnell.\" \/>\n<meta property=\"og:url\" content=\"https:\/\/elfsight.com\/de\/file-embed-widget\/html\/\" \/>\n<meta property=\"og:site_name\" content=\"Elfsight DE\" \/>\n<meta property=\"article:modified_time\" content=\"2025-02-21T08:23:56+00:00\" \/>\n<meta name=\"twitter:card\" content=\"summary_large_image\" \/>\n<meta name=\"twitter:label1\" content=\"Gesch\u00e4tzte Lesezeit\" \/>\n\t<meta name=\"twitter:data1\" content=\"3\u00a0Minuten\" \/>\n<!-- \/ Yoast SEO plugin. -->","yoast_head_json":{"title":"Datei-Viewer-Widget \u2013 Beliebige Dateien in Ihre HTML-Website einbetten (2025)","description":"Es ist ganz einfach, Ihr Dateieinbettungs-Widget zu erstellen und es auf Ihrer HTML-Website zu ver\u00f6ffentlichen. Der Kundendienst von Elfsight ist kostenlos und schnell.","robots":{"index":"index","follow":"follow","max-snippet":"max-snippet:-1","max-image-preview":"max-image-preview:large","max-video-preview":"max-video-preview:-1"},"canonical":"https:\/\/elfsight.com\/de\/file-embed-widget\/html\/","og_locale":"de_DE","og_type":"article","og_title":"Datei-Viewer-Widget \u2013 Beliebige Dateien in Ihre HTML-Website einbetten (2025)","og_description":"Es ist ganz einfach, Ihr Dateieinbettungs-Widget zu erstellen und es auf Ihrer HTML-Website zu ver\u00f6ffentlichen. Der Kundendienst von Elfsight ist kostenlos und schnell.","og_url":"https:\/\/elfsight.com\/de\/file-embed-widget\/html\/","og_site_name":"Elfsight DE","article_modified_time":"2025-02-21T08:23:56+00:00","twitter_card":"summary_large_image","twitter_misc":{"Gesch\u00e4tzte Lesezeit":"3\u00a0Minuten"},"schema":{"@context":"https:\/\/schema.org","@graph":[{"@type":"WebPage","@id":"https:\/\/elfsight.com\/de\/file-embed-widget\/html\/","url":"https:\/\/elfsight.com\/de\/file-embed-widget\/html\/","name":"Datei-Viewer-Widget \u2013 Beliebige Dateien in Ihre HTML-Website einbetten (2025)","isPartOf":{"@id":"https:\/\/elfsight.com\/de\/#website"},"datePublished":"2024-05-03T06:37:18+00:00","dateModified":"2025-02-21T08:23:56+00:00","description":"Es ist ganz einfach, Ihr Dateieinbettungs-Widget zu erstellen und es auf Ihrer HTML-Website zu ver\u00f6ffentlichen. Der Kundendienst von Elfsight ist kostenlos und schnell.","breadcrumb":{"@id":"https:\/\/elfsight.com\/de\/file-embed-widget\/html\/#breadcrumb"},"inLanguage":"de","potentialAction":[{"@type":"ReadAction","target":["https:\/\/elfsight.com\/de\/file-embed-widget\/html\/"]}]},{"@type":"BreadcrumbList","@id":"https:\/\/elfsight.com\/de\/file-embed-widget\/html\/#breadcrumb","itemListElement":[{"@type":"ListItem","position":1,"name":"Home","item":"https:\/\/elfsight.com\/de\/"},{"@type":"ListItem","position":2,"name":"File Embed","item":"https:\/\/elfsight.com\/de\/file-embed-widget\/"},{"@type":"ListItem","position":3,"name":"File Embed &#8211; HTML"}]},{"@type":"WebSite","@id":"https:\/\/elfsight.com\/de\/#website","url":"https:\/\/elfsight.com\/de\/","name":"Elfsight DE","description":"Just another Elfsight Sites site","potentialAction":[{"@type":"SearchAction","target":{"@type":"EntryPoint","urlTemplate":"https:\/\/elfsight.com\/de\/?s={search_term_string}"},"query-input":{"@type":"PropertyValueSpecification","valueRequired":true,"valueName":"search_term_string"}}],"inLanguage":"de"}]}},"meta_box":{"industry":"","seo_heading":"","heading":"","description":"","cta_heading":"","cta_description":"","application":"485","h1":"Widget zum Einbetten von HTML-Dateien","h1_caption":"Betten Sie Dokumente, Tabellenkalkulationen und andere Dateien in Ihre Website ein, um sie einfach anzuzeigen und m\u00fchelos in Ihre HTML-Website herunterzuladen.","application_category":[],"applications_title":"","applications_request_title":"","applications_request_button_text":"","hero_text":"","hero_video":"","hero_video_schema_markup":"","selling_points_title":"","selling_points_caption":"","selling_points":[],"selling_points_cta_text":"","features_title":"","features":"","ed_cta_examples_text":"","ed_cta_examples_hidden":"","ed_cta_demo_text":"","ed_cta_demo_hidden":"","why_caption":"","why_editor_title":"","why_editor_text":"","why_team_title":"","why_team_text":"","why_service_title":"","why_service_text":"","template_catalog_visible":"0","template_catalog_title":"","template_catalog_text":"","template_catalog_categories_visible":"","demo_title":"Erstellen Sie Ihr Dateieinbettungs-Widget","demo_caption":"Konfigurieren Sie Ihre Dateieinbettung und f\u00fcgen Sie sie kostenlos zu Ihrer HTML-Website hinzu!","default_faq_hidden":"","app_template_category":[],"platform":"260","template_public_id":"","codecanyon_url":"","codecanyon_item_id":"","codecanyon_price":"","pricing_caption":"","pricing_elfsight_apps_hide_column":"","pricing_elfsight_apps_url":"","pricing_codecanyon_price_caption":"","integration_category":[],"integration_request_title":"","integration_request_cta":"","integration_platform":"","integrations":[],"platform_category":[],"video_schema_markup":"","price":"ab 0 $ \/ Monat","trial":"","benefits":[{"text":"Kostenloser Installationsservice"},{"text":"Erfahrener Kundensupport"},{"text":"14-t\u00e4gige R\u00fcckerstattungsgarantie"},{"text":"St\u00e4ndige Aktualisierung"}],"button_url":"#demo","button_target_blank":"0","button_nofollow":"0","attributes":[{"name":"Installiert","content":"10,000 - 100,000"},{"name":"Reaktionsfreudig","content":"Ja"},{"name":"Kompatible Browser","content":"Firefox, Safari, Opera, Chrome, Edge"}],"tags":[],"tags_disable_links":"0","hide_more_platforms":"0","video_object":"","demo_hide_cta":"0","demo_hide_cloud_options":"0","pricing_title":"","pricing":[{"pricing_icon":"platform","pricing_title":"Elfsight Apps","pricing_title_caption":"Multiplattform-Version","pricing_price":"ab 0 $ \/ Monat","pricing_price_caption":"Beginnen Sie mit einem kostenlosen Plan","pricing_benefits":[{"text":"Unbegrenzte Websites"},{"text":"Erstklassiger und p\u00fcnktlicher Support"},{"text":"Kostenlose Installationsunterst\u00fctzung"},{"text":"Sonderpreis f\u00fcr mehrere Apps"}],"pricing_button_text":"Zur Website hinzuf\u00fcgen","pricing_button_url":"#demo"}],"related_apps_title":"","related_apps_hidden":"0","author":"","image":[],"title":"","job":"","social_networks":[]},"_links":{"self":[{"href":"https:\/\/elfsight.com\/de\/wp-json\/wp\/v2\/pages\/20397","targetHints":{"allow":["GET"]}}],"collection":[{"href":"https:\/\/elfsight.com\/de\/wp-json\/wp\/v2\/pages"}],"about":[{"href":"https:\/\/elfsight.com\/de\/wp-json\/wp\/v2\/types\/page"}],"author":[{"embeddable":true,"href":"https:\/\/elfsight.com\/de\/wp-json\/wp\/v2\/users\/9"}],"replies":[{"embeddable":true,"href":"https:\/\/elfsight.com\/de\/wp-json\/wp\/v2\/comments?post=20397"}],"version-history":[{"count":3,"href":"https:\/\/elfsight.com\/de\/wp-json\/wp\/v2\/pages\/20397\/revisions"}],"predecessor-version":[{"id":24670,"href":"https:\/\/elfsight.com\/de\/wp-json\/wp\/v2\/pages\/20397\/revisions\/24670"}],"up":[{"embeddable":true,"href":"https:\/\/elfsight.com\/de\/wp-json\/wp\/v2\/pages\/2146"}],"wp:attachment":[{"href":"https:\/\/elfsight.com\/de\/wp-json\/wp\/v2\/media?parent=20397"}],"curies":[{"name":"wp","href":"https:\/\/api.w.org\/{rel}","templated":true}]}}