{"id":20391,"date":"2024-05-03T06:37:16","date_gmt":"2024-05-03T06:37:16","guid":{"rendered":"https:\/\/elfsight.com\/de\/?page_id=20391"},"modified":"2025-02-21T08:45:58","modified_gmt":"2025-02-21T08:45:58","slug":"opencart","status":"publish","type":"page","link":"https:\/\/elfsight.com\/de\/file-embed-widget\/opencart\/","title":{"rendered":"File Embed &#8211; OpenCart"},"content":{"rendered":"\n<div class=\"application-platform-content-item-description application-platform-content-item\" id=\"description\" data-nav-section=\"description\"> <h2>Beschreibung<\/h2><p>Elfsight File Embed ist eines der bequemsten und schnellsten Tools zum Einf\u00fcgen von Dateien in eine Site. Betten Sie alle g\u00e4ngigen Dateien ein: PDF, Docx, XLSX, Pptx \u2013 insgesamt rund 20 Formate. Zur besseren Benutzerfreundlichkeit k\u00f6nnen Dokumente einfach durch Hochladen, Hinzuf\u00fcgen ihrer URLs oder Ausw\u00e4hlen aus den k\u00fcrzlich hochgeladenen Dokumenten integriert werden. Mit den Funktionen k\u00f6nnen Sie jeder Datei einen Titel geben, ein benutzerdefiniertes Symbol und ein Vorschaubild hochladen, ein Layout ausw\u00e4hlen und vieles mehr. Ihre Benutzer k\u00f6nnen die Dateien direkt auf der Seite anzeigen, sie in einem neuen Tab \u00f6ffnen und herunterladen. <\/p> <div class=\"faq\" data-component=\"FAQ\"> <div class=\"faq-item\">\r\n\t\t\t\t\t<div class=\"faq-item-question\">\r\n\t\t\t\t\t\t<h3 class=\"faq-item-question-text\">Wo kann ich das Widget ver\u00f6ffentlichen?<\/h3>\r\n\r\n\t\t\t\t\t\t<div class=\"faq-item-question-icon\"><\/div>\r\n\t\t\t\t\t<\/div>\r\n\r\n\t\t\t\t\t<div class=\"faq-item-answer\">\r\n\t\t\t\t\t\t<div class=\"faq-item-answer-text\"> <p>Sie k\u00f6nnen File Embed auf allen Seiten Ihrer Website verwenden. Es hilft Ihnen beispielsweise dabei, Ihre Produktdokumente oder Anleitungen auf entsprechenden Produktseiten einzubetten oder Ihre Diplome und Zertifikate auf der Landingpage zu pr\u00e4sentieren. <\/p> <\/div>\r\n\t\t\t\t\t<\/div>\r\n\t\t\t\t<\/div> <div class=\"faq-item\">\r\n\t\t\t\t\t<div class=\"faq-item-question\">\r\n\t\t\t\t\t\t<h3 class=\"faq-item-question-text\">Wie werde ich davon profitieren?<\/h3>\r\n\r\n\t\t\t\t\t\t<div class=\"faq-item-question-icon\"><\/div>\r\n\t\t\t\t\t<\/div>\r\n\r\n\t\t\t\t\t<div class=\"faq-item-answer\">\r\n\t\t\t\t\t\t<div class=\"faq-item-answer-text\"> <p>Mit dem Widget von Elfsight haben Sie viel Zeit, da das Einf\u00fcgen von Dokumenten in Ihre Website nur wenige Sekunden dauert. Dar\u00fcber hinaus k\u00f6nnen Sie viele wertvolle Daten zu Ihren Produkten oder Dienstleistungen pr\u00e4sentieren und die Aufmerksamkeit der Kunden auf Ihre Artikel steigern. <\/p> <\/div>\r\n\t\t\t\t\t<\/div>\r\n\t\t\t\t<\/div> <div class=\"faq-item\">\r\n\t\t\t\t\t<div class=\"faq-item-question\">\r\n\t\t\t\t\t\t<h3 class=\"faq-item-question-text\">Wie kann ich File Embed auf meiner openCart-Website installieren?<\/h3>\r\n\r\n\t\t\t\t\t\t<div class=\"faq-item-question-icon\"><\/div>\r\n\t\t\t\t\t<\/div>\r\n\r\n\t\t\t\t\t<div class=\"faq-item-answer\">\r\n\t\t\t\t\t\t<div class=\"faq-item-answer-text\"> <p>Das Einbetten des Widgets dauert nur drei Minuten. Die Integration ist superschnell, kostenlos und erfordert keine Programmierung. <\/p> <ol> <li>Sie k\u00f6nnen das Widget direkt \u00fcber unseren Service in Ihre Webseite einf\u00fcgen. F\u00fchren Sie dazu die kurze Beschreibung weiter unten auf dieser Seite aus. <\/li> <li>Elfsight File Embed kann \u00fcber unseren Service oder \u00fcber den Marktplatz eingef\u00fchrt werden. Sie k\u00f6nnen diese Varianten vergleichen und Ihre ausw\u00e4hlen. <\/li> <\/ol> <\/div>\r\n\t\t\t\t\t<\/div>\r\n\t\t\t\t<\/div> <\/div> <\/div> <div class=\"application-platform-content-item-features application-platform-content-item\" id=\"features\" data-nav-section=\"features\"> <h2>Funktionen<\/h2> <p>Um umfassende Kenntnisse \u00fcber das Widget zu erhalten, finden Sie hier die Liste der Hauptmerkmale. Sie machen dieses Widget f\u00fcr Ihren Shop unglaublich effizient: <\/p> <ul><li>Betten Sie eine unbegrenzte Anzahl von Dokumenten ein; <\/li> <li>Datei-Viewer-Layoutoption zum Anzeigen von Dokumenten auf der Seite; <\/li> <li>Die Option zum Hochladen von Bildern f\u00fcr Symbole und Vorschauen; <\/li> <li>Download-Dokumenttext anzeigen oder ausblenden; <\/li> <li> Paint 6 Schnittstellenelemente.<\/li> <\/ul><p><a href=\"#demo\">Live-Demo zeigt Ihnen alle Funktionen<\/a><\/p> <\/div> <div class=\"application-platform-content-item-installation application-platform-content-item\" id=\"installation\" data-nav-section=\"installation\"> <h2>Erfahren Sie, wie Sie das Widget zu Ihrem OpenCart-Shop hinzuf\u00fcgen<\/h2> <p>Befolgen Sie einfach die nachstehenden Richtlinien, um mit der Verwendung des Widgets auf OpenCart zu beginnen.<\/p> <ol><li><b>\u00d6ffnen Sie unsere kostenlose Demo und beginnen Sie mit der Gestaltung Ihres ma\u00dfgeschneiderten Instruments. <\/b><br> W\u00e4hlen Sie die bevorzugte Form und die gew\u00fcnschten Funktionsmerkmale des Widgets und speichern Sie die \u00c4nderungen. <\/li> <li><b>Erhalten Sie Ihren einzigartigen Code, der in der speziellen Form auf Elfsight Apps angezeigt wird. <\/b><br> Sobald die Einrichtung Ihres Dateieinbettungs-Widgets abgeschlossen ist, kopieren Sie den exklusiven Code aus dem angezeigten Feld und bewahren Sie ihn f\u00fcr einen sp\u00e4teren Anlass auf. <\/li> <li><b>Initiieren Sie die Nutzung des Tools auf der OpenCart-Website. <\/b><br> Betten Sie den zuvor gespeicherten Code in Ihre Website ein und speichern Sie die \u00c4nderungen. <\/li> <li><b>Du bist fertig! Die Einbettung ist vollst\u00e4ndig durchgef\u00fchrt. <\/b><br> Besuchen Sie Ihre Website, um zu sehen, wie die Erweiterung funktioniert. <\/li><\/ol> <p>Sie k\u00f6nnen immer noch keine Entscheidung treffen? Oder haben Sie Fragen? Eine einzige Anfrage an unseren Kundensupport hilft bei jedem Problem. <\/p> <\/div>\n","protected":false},"excerpt":{"rendered":"","protected":false},"author":9,"featured_media":0,"parent":2146,"menu_order":0,"comment_status":"closed","ping_status":"closed","template":"templates\/template-application-platform.php","meta":{"publish_to_discourse":"","publish_post_category":"","wpdc_auto_publish_overridden":"","wpdc_topic_tags":"","wpdc_pin_topic":"","wpdc_pin_until":"","discourse_post_id":"","discourse_permalink":"","wpdc_publishing_response":"","wpdc_publishing_error":"","footnotes":""},"class_list":["post-20391","page","type-page","status-publish","hentry"],"yoast_head":"<!-- This site is optimized with the Yoast SEO plugin v25.3.1 - https:\/\/yoast.com\/wordpress\/plugins\/seo\/ -->\n<title>File Viewer-Erweiterung \u2013 Betten Sie beliebige Dateien auf Ihrer OpenCart-Website ein (2025)<\/title>\n<meta name=\"description\" content=\"Gestalten Sie mit Elfsight Ihre File Embed-Erweiterung und ver\u00f6ffentlichen Sie sie im Handumdrehen auf Ihrer OpenCart-Website. Wir bieten kostenlosen Kundenservice und weitere Boni.\" \/>\n<meta name=\"robots\" content=\"index, follow, max-snippet:-1, max-image-preview:large, max-video-preview:-1\" \/>\n<link rel=\"canonical\" href=\"https:\/\/elfsight.com\/de\/file-embed-widget\/opencart\/\" \/>\n<meta property=\"og:locale\" content=\"de_DE\" \/>\n<meta property=\"og:type\" content=\"article\" \/>\n<meta property=\"og:title\" content=\"File Viewer-Erweiterung \u2013 Betten Sie beliebige Dateien auf Ihrer OpenCart-Website ein (2025)\" \/>\n<meta property=\"og:description\" content=\"Gestalten Sie mit Elfsight Ihre File Embed-Erweiterung und ver\u00f6ffentlichen Sie sie im Handumdrehen auf Ihrer OpenCart-Website. Wir bieten kostenlosen Kundenservice und weitere Boni.\" \/>\n<meta property=\"og:url\" content=\"https:\/\/elfsight.com\/de\/file-embed-widget\/opencart\/\" \/>\n<meta property=\"og:site_name\" content=\"Elfsight DE\" \/>\n<meta property=\"article:modified_time\" content=\"2025-02-21T08:45:58+00:00\" \/>\n<meta name=\"twitter:card\" content=\"summary_large_image\" \/>\n<meta name=\"twitter:label1\" content=\"Gesch\u00e4tzte Lesezeit\" \/>\n\t<meta name=\"twitter:data1\" content=\"3\u00a0Minuten\" \/>\n<!-- \/ Yoast SEO plugin. -->","yoast_head_json":{"title":"File Viewer-Erweiterung \u2013 Betten Sie beliebige Dateien auf Ihrer OpenCart-Website ein (2025)","description":"Gestalten Sie mit Elfsight Ihre File Embed-Erweiterung und ver\u00f6ffentlichen Sie sie im Handumdrehen auf Ihrer OpenCart-Website. Wir bieten kostenlosen Kundenservice und weitere Boni.","robots":{"index":"index","follow":"follow","max-snippet":"max-snippet:-1","max-image-preview":"max-image-preview:large","max-video-preview":"max-video-preview:-1"},"canonical":"https:\/\/elfsight.com\/de\/file-embed-widget\/opencart\/","og_locale":"de_DE","og_type":"article","og_title":"File Viewer-Erweiterung \u2013 Betten Sie beliebige Dateien auf Ihrer OpenCart-Website ein (2025)","og_description":"Gestalten Sie mit Elfsight Ihre File Embed-Erweiterung und ver\u00f6ffentlichen Sie sie im Handumdrehen auf Ihrer OpenCart-Website. Wir bieten kostenlosen Kundenservice und weitere Boni.","og_url":"https:\/\/elfsight.com\/de\/file-embed-widget\/opencart\/","og_site_name":"Elfsight DE","article_modified_time":"2025-02-21T08:45:58+00:00","twitter_card":"summary_large_image","twitter_misc":{"Gesch\u00e4tzte Lesezeit":"3\u00a0Minuten"},"schema":{"@context":"https:\/\/schema.org","@graph":[{"@type":"WebPage","@id":"https:\/\/elfsight.com\/de\/file-embed-widget\/opencart\/","url":"https:\/\/elfsight.com\/de\/file-embed-widget\/opencart\/","name":"File Viewer-Erweiterung \u2013 Betten Sie beliebige Dateien auf Ihrer OpenCart-Website ein (2025)","isPartOf":{"@id":"https:\/\/elfsight.com\/de\/#website"},"datePublished":"2024-05-03T06:37:16+00:00","dateModified":"2025-02-21T08:45:58+00:00","description":"Gestalten Sie mit Elfsight Ihre File Embed-Erweiterung und ver\u00f6ffentlichen Sie sie im Handumdrehen auf Ihrer OpenCart-Website. Wir bieten kostenlosen Kundenservice und weitere Boni.","breadcrumb":{"@id":"https:\/\/elfsight.com\/de\/file-embed-widget\/opencart\/#breadcrumb"},"inLanguage":"de","potentialAction":[{"@type":"ReadAction","target":["https:\/\/elfsight.com\/de\/file-embed-widget\/opencart\/"]}]},{"@type":"BreadcrumbList","@id":"https:\/\/elfsight.com\/de\/file-embed-widget\/opencart\/#breadcrumb","itemListElement":[{"@type":"ListItem","position":1,"name":"Home","item":"https:\/\/elfsight.com\/de\/"},{"@type":"ListItem","position":2,"name":"File Embed","item":"https:\/\/elfsight.com\/de\/file-embed-widget\/"},{"@type":"ListItem","position":3,"name":"File Embed &#8211; OpenCart"}]},{"@type":"WebSite","@id":"https:\/\/elfsight.com\/de\/#website","url":"https:\/\/elfsight.com\/de\/","name":"Elfsight DE","description":"Just another Elfsight Sites site","potentialAction":[{"@type":"SearchAction","target":{"@type":"EntryPoint","urlTemplate":"https:\/\/elfsight.com\/de\/?s={search_term_string}"},"query-input":{"@type":"PropertyValueSpecification","valueRequired":true,"valueName":"search_term_string"}}],"inLanguage":"de"}]}},"meta_box":{"industry":"","seo_heading":"","heading":"","description":"","cta_heading":"","cta_description":"","application":"485","h1":"OpenCart File Embed-Erweiterung","h1_caption":"Betten Sie Dokumente, Tabellenkalkulationen und andere Dateien in Ihre Website ein, um sie einfach anzuzeigen und m\u00fchelos auf Ihre Opencart-Website herunterzuladen.","application_category":[],"applications_title":"","applications_request_title":"","applications_request_button_text":"","hero_text":"","hero_video":"","hero_video_schema_markup":"","selling_points_title":"","selling_points_caption":"","selling_points":[],"selling_points_cta_text":"","features_title":"","features":"","ed_cta_examples_text":"","ed_cta_examples_hidden":"","ed_cta_demo_text":"","ed_cta_demo_hidden":"","why_caption":"","why_editor_title":"","why_editor_text":"","why_team_title":"","why_team_text":"","why_service_title":"","why_service_text":"","template_catalog_visible":"0","template_catalog_title":"","template_catalog_text":"","template_catalog_categories_visible":"","demo_title":"Erstellen Sie Ihre File Embed-Erweiterung","demo_caption":"Konfigurieren Sie Ihre Dateieinbettung und f\u00fcgen Sie sie kostenlos zu Ihrer OpenCart-Website hinzu!","default_faq_hidden":"","app_template_category":[],"platform":"254","template_public_id":"","codecanyon_url":"","codecanyon_item_id":"","codecanyon_price":"","pricing_caption":"","pricing_elfsight_apps_hide_column":"","pricing_elfsight_apps_url":"","pricing_codecanyon_price_caption":"","integration_category":[],"integration_request_title":"","integration_request_cta":"","integration_platform":"","integrations":[],"platform_category":[],"video_schema_markup":"","price":"ab 0 $ \/ Monat","trial":"","benefits":[{"text":"Kostenloser Installationsservice"},{"text":"Effektiver Kundenservice"},{"text":"14-t\u00e4gige Geld-zur\u00fcck-Garantie"},{"text":"Lebenslange kostenlose Verbesserungen"}],"button_url":"#demo","button_target_blank":"0","button_nofollow":"0","attributes":[{"name":"Installiert","content":"10,000 - 100,000"},{"name":"Reaktionsfreudig","content":"Ja"},{"name":"Kompatible Browser","content":"Safari, Chrome, Opera, Edge, Firefox"}],"tags":[],"tags_disable_links":"0","hide_more_platforms":"0","video_object":"","demo_hide_cta":"0","demo_hide_cloud_options":"0","pricing_title":"","pricing":[{"pricing_icon":"platform","pricing_title":"Elfsight Apps","pricing_title_caption":"Plattformunabh\u00e4ngige Version","pricing_price":"ab 0 $ \/ Monat","pricing_price_caption":"Beginnen Sie mit einem kostenlosen Plan","pricing_benefits":[{"text":"Unbegrenzte Websites"},{"text":"Engagierte Unterst\u00fctzung"},{"text":"Kostenlose Installationshilfe"},{"text":"Vollst\u00e4ndig anpassbar"}],"pricing_button_text":"Zur Website hinzuf\u00fcgen","pricing_button_url":"#demo"}],"related_apps_title":"","related_apps_hidden":"0","author":"","image":[],"title":"","job":"","social_networks":[]},"_links":{"self":[{"href":"https:\/\/elfsight.com\/de\/wp-json\/wp\/v2\/pages\/20391","targetHints":{"allow":["GET"]}}],"collection":[{"href":"https:\/\/elfsight.com\/de\/wp-json\/wp\/v2\/pages"}],"about":[{"href":"https:\/\/elfsight.com\/de\/wp-json\/wp\/v2\/types\/page"}],"author":[{"embeddable":true,"href":"https:\/\/elfsight.com\/de\/wp-json\/wp\/v2\/users\/9"}],"replies":[{"embeddable":true,"href":"https:\/\/elfsight.com\/de\/wp-json\/wp\/v2\/comments?post=20391"}],"version-history":[{"count":2,"href":"https:\/\/elfsight.com\/de\/wp-json\/wp\/v2\/pages\/20391\/revisions"}],"predecessor-version":[{"id":24677,"href":"https:\/\/elfsight.com\/de\/wp-json\/wp\/v2\/pages\/20391\/revisions\/24677"}],"up":[{"embeddable":true,"href":"https:\/\/elfsight.com\/de\/wp-json\/wp\/v2\/pages\/2146"}],"wp:attachment":[{"href":"https:\/\/elfsight.com\/de\/wp-json\/wp\/v2\/media?parent=20391"}],"curies":[{"name":"wp","href":"https:\/\/api.w.org\/{rel}","templated":true}]}}