{"id":20390,"date":"2024-05-03T06:37:15","date_gmt":"2024-05-03T06:37:15","guid":{"rendered":"https:\/\/elfsight.com\/de\/?page_id=20390"},"modified":"2025-02-21T08:48:28","modified_gmt":"2025-02-21T08:48:28","slug":"shopify","status":"publish","type":"page","link":"https:\/\/elfsight.com\/de\/file-embed-widget\/shopify\/","title":{"rendered":"File Embed &#8211; Shopify"},"content":{"rendered":"\n<div class=\"application-platform-content-item-description application-platform-content-item\" id=\"description\" data-nav-section=\"description\"> <h2>Datei einbetten Einbetten auf Shopify mit dem Elfsight-Widget<\/h2> <p>Das Elfsight-Dateieinbettungs-Widget ist die praktischste und schnellste M\u00f6glichkeit zum Hinzuf\u00fcgen Dateien auf eine Website. Integrieren Sie alle g\u00e4ngigen Dateiformate: PDF, Docx, Jpg, Pptx \u2013 insgesamt rund 20 Formate. Zur Vereinfachung der Verwendung k\u00f6nnen Dokumente eingebettet werden, indem Sie sie einfach hochladen, ihre URLs eingeben oder aus den zuletzt hochgeladenen Dokumenten ausw\u00e4hlen. Sie k\u00f6nnen jeder Datei einen eigenen Titel geben, Ihr eigenes Symbol und Bild hochladen, eine Layoutvariante ausw\u00e4hlen und vieles mehr. Das Website-Publikum kann die Dateien direkt auf der Seite anzeigen, in einem neuen Browser-Tab \u00f6ffnen und herunterladen. <\/p> <div class=\"faq\" data-component=\"FAQ\"> <div class=\"faq-item\">\r\n\t\t\t\t\t<div class=\"faq-item-question\">\r\n\t\t\t\t\t\t<h3 class=\"faq-item-question-text\">Wo auf meiner Website kann ich es anzeigen?<\/h3>\r\n\r\n\t\t\t\t\t\t<div class=\"faq-item-question-icon\"><\/div>\r\n\t\t\t\t\t<\/div>\r\n\r\n\t\t\t\t\t<div class=\"faq-item-answer\">\r\n\t\t\t\t\t\t<div class=\"faq-item-answer-text\"> <p>Sie k\u00f6nnen das Dateieinbettungs-Widget auf einer oder allen Seiten Ihrer Website hinzuf\u00fcgen. So k\u00f6nnen Sie Ihre technologischen Unterlagen oder Spezifikationen auf den Produktseiten hinzuf\u00fcgen oder Ihre Diplome und Qualifikationen auf der Seite \u201e\u00dcber uns\u201c hinzuf\u00fcgen. <\/p> <\/div>\r\n\t\t\t\t\t<\/div>\r\n\t\t\t\t<\/div> <div class=\"faq-item\">\r\n\t\t\t\t\t<div class=\"faq-item-question\">\r\n\t\t\t\t\t\t<h3 class=\"faq-item-question-text\">Welche Vorteile hat die Dateieinbettung f\u00fcr mich?<\/h3>\r\n\r\n\t\t\t\t\t\t<div class=\"faq-item-question-icon\"><\/div>\r\n\t\t\t\t\t<\/div>\r\n\r\n\t\t\t\t\t<div class=\"faq-item-answer\">\r\n\t\t\t\t\t\t<div class=\"faq-item-answer-text\"> <p>Mit diesem Widget k\u00f6nnen Sie viel Zeit sparen, da das Hinzuf\u00fcgen von Dokumenten zu Ihrer Website damit ein Kinderspiel ist Sekunden. Dar\u00fcber hinaus pr\u00e4sentieren Sie viele wertvolle Daten zu Ihren Produkten oder Dienstleistungen, um das Verst\u00e4ndnis der Nutzer f\u00fcr Ihre Angebote zu verbessern. <\/p> <\/div>\r\n\t\t\t\t\t<\/div>\r\n\t\t\t\t<\/div> <div class=\"faq-item\">\r\n\t\t\t\t\t<div class=\"faq-item-question\">\r\n\t\t\t\t\t\t<h3 class=\"faq-item-question-text\">Wie f\u00fcge ich File Embed zu meiner Shopify-Website hinzu?<\/h3>\r\n\r\n\t\t\t\t\t\t<div class=\"faq-item-question-icon\"><\/div>\r\n\t\t\t\t\t<\/div>\r\n\r\n\t\t\t\t\t<div class=\"faq-item-answer\">\r\n\t\t\t\t\t\t<div class=\"faq-item-answer-text\"> <p>Es dauert nur zwei Minuten, um mit der Verwendung des Widgets zu beginnen. Der Prozess ist wirklich schnell, kostenlos und erfordert keine Programmierung. <\/p> <ol> <li>Sie k\u00f6nnen das Widget direkt \u00fcber unseren Service zur Website hinzuf\u00fcgen. Befolgen Sie dazu die Anleitung unten auf dieser Seite. <\/li> <li>Das Widget kann direkt \u00fcber unseren Service oder \u00fcber den Marktplatz eingebunden werden. Sie k\u00f6nnen Informationen zu den beiden Optionen einsehen und Ihre ausw\u00e4hlen. <\/li> <\/ol> <\/div>\r\n\t\t\t\t\t<\/div>\r\n\t\t\t\t<\/div> <\/div> <\/div> <div class=\"application-platform-content-item-features application-platform-content-item\" id=\"features\" data-nav-section=\"features\"> <h2>Hauptfunktionen des File Embed-Widgets<\/h2> <p>Um eine vollst\u00e4ndige Vorstellung zu haben Entdecken Sie unter File Embed die Liste der wichtigsten Funktionen. Sie machen unser Widget f\u00fcr Sie unglaublich n\u00fctzlich: <\/p> <ul><li>Integrieren Sie unbegrenzt viele Dokumente; <\/li> <li>Datei-Viewer-Layoutoption zum Anzeigen von Dokumenten auf der Seite; <\/li> <li>Bilder f\u00fcr Symbole und Vorschauen hochladen; <\/li> <li>Download-Datei-Label anzeigen oder verbergen; <\/li> <li>6 f\u00e4rbbare Elemente der Benutzeroberfl\u00e4che. <\/li> <\/ul><p><a href=\"#demo\">Um alle Funktionen kennenzulernen, sehen Sie sich die Live-Demo an<\/a><\/p> <\/div> <div class=\"application-platform-content-item-installation application-platform-content-item\" id=\"installation\" data-nav-section=\"installation\"> <h2>So f\u00fcgen Sie das Dateieinbettungs-Widget zu Ihrem hinzu Shopify-Shop. Es ist unglaublich einfach.<\/h2> <div class=\"video-container\"><iframe width=\"560\" height=\"315\" src=\"https:\/\/www.youtube.com\/embed\/_5fIgCodjcA?si=DP1yDGXAnv2uAXc5\" frameborder=\"0\" allow=\"accelerometer; autoplay; clipboard-write; encrypted-media; gyroscope; picture-in-picture; web-share\" allowfullscreen><\/iframe><\/div><p>Diese mehreren Schritte sind das Einzige, was Sie tun m\u00fcssen. <\/p> <ol><li><b>Nutzen Sie unsere kostenlose Demo und beginnen Sie mit der Arbeit mit Ihrer benutzerdefinierten App. <\/b><br> W\u00e4hlen Sie das passende Layout und die passenden Aspekte der App und \u00fcbernehmen Sie alle \u00c4nderungen. <\/li> <li><b>Holen Sie sich Ihren individuellen Code, der im speziellen Formular auf Elfsight Apps angezeigt wird. <\/b><br> Kopieren Sie unmittelbar nach der Einrichtung Ihrer pers\u00f6nlichen App den exklusiven Code in das angezeigte Feld und speichern Sie ihn f\u00fcr die zuk\u00fcnftige Verwendung. <\/li> <li><b>Beginnen Sie mit der Nutzung der App auf der Shopify-Website. <\/b><br> Implementieren Sie den zuvor gespeicherten Code in Ihre Website und wenden Sie die Verbesserungen an. <\/li> <li><b>Die Installation ist vollst\u00e4ndig abgeschlossen. <\/b><br> Besuchen Sie Ihre Website, um die Leistung der App zu \u00fcberpr\u00fcfen. <\/li><\/ol><p>Immer noch unruhig? Oder haben Sie Probleme? Eine einzige Anfrage an unseren Kundenservice gen\u00fcgt, um jedes Problem zu l\u00f6sen. <\/p> <\/div>\n","protected":false},"excerpt":{"rendered":"","protected":false},"author":9,"featured_media":0,"parent":2146,"menu_order":0,"comment_status":"closed","ping_status":"closed","template":"templates\/template-application-platform.php","meta":{"publish_to_discourse":"","publish_post_category":"","wpdc_auto_publish_overridden":"","wpdc_topic_tags":"","wpdc_pin_topic":"","wpdc_pin_until":"","discourse_post_id":"","discourse_permalink":"","wpdc_publishing_response":"","wpdc_publishing_error":"","footnotes":""},"class_list":["post-20390","page","type-page","status-publish","hentry"],"yoast_head":"<!-- This site is optimized with the Yoast SEO plugin v25.3.1 - https:\/\/yoast.com\/wordpress\/plugins\/seo\/ -->\n<title>File Viewer-App \u2013 Betten Sie beliebige Dateien auf Ihrer Shopify-Website ein (2025)<\/title>\n<meta name=\"description\" content=\"Entwerfen Sie mit Elfsight Ihre File Embed-App und f\u00fcgen Sie sie ganz einfach in Ihren Shopify-Shop ein. Wir bieten kostenlosen Kundenservice und andere Boni.\" \/>\n<meta name=\"robots\" content=\"index, follow, max-snippet:-1, max-image-preview:large, max-video-preview:-1\" \/>\n<link rel=\"canonical\" href=\"https:\/\/elfsight.com\/de\/file-embed-widget\/shopify\/\" \/>\n<meta property=\"og:locale\" content=\"de_DE\" \/>\n<meta property=\"og:type\" content=\"article\" \/>\n<meta property=\"og:title\" content=\"File Viewer-App \u2013 Betten Sie beliebige Dateien auf Ihrer Shopify-Website ein (2025)\" \/>\n<meta property=\"og:description\" content=\"Entwerfen Sie mit Elfsight Ihre File Embed-App und f\u00fcgen Sie sie ganz einfach in Ihren Shopify-Shop ein. Wir bieten kostenlosen Kundenservice und andere Boni.\" \/>\n<meta property=\"og:url\" content=\"https:\/\/elfsight.com\/de\/file-embed-widget\/shopify\/\" \/>\n<meta property=\"og:site_name\" content=\"Elfsight DE\" \/>\n<meta property=\"article:modified_time\" content=\"2025-02-21T08:48:28+00:00\" \/>\n<meta name=\"twitter:card\" content=\"summary_large_image\" \/>\n<meta name=\"twitter:label1\" content=\"Gesch\u00e4tzte Lesezeit\" \/>\n\t<meta name=\"twitter:data1\" content=\"3\u00a0Minuten\" \/>\n<!-- \/ Yoast SEO plugin. -->","yoast_head_json":{"title":"File Viewer-App \u2013 Betten Sie beliebige Dateien auf Ihrer Shopify-Website ein (2025)","description":"Entwerfen Sie mit Elfsight Ihre File Embed-App und f\u00fcgen Sie sie ganz einfach in Ihren Shopify-Shop ein. Wir bieten kostenlosen Kundenservice und andere Boni.","robots":{"index":"index","follow":"follow","max-snippet":"max-snippet:-1","max-image-preview":"max-image-preview:large","max-video-preview":"max-video-preview:-1"},"canonical":"https:\/\/elfsight.com\/de\/file-embed-widget\/shopify\/","og_locale":"de_DE","og_type":"article","og_title":"File Viewer-App \u2013 Betten Sie beliebige Dateien auf Ihrer Shopify-Website ein (2025)","og_description":"Entwerfen Sie mit Elfsight Ihre File Embed-App und f\u00fcgen Sie sie ganz einfach in Ihren Shopify-Shop ein. Wir bieten kostenlosen Kundenservice und andere Boni.","og_url":"https:\/\/elfsight.com\/de\/file-embed-widget\/shopify\/","og_site_name":"Elfsight DE","article_modified_time":"2025-02-21T08:48:28+00:00","twitter_card":"summary_large_image","twitter_misc":{"Gesch\u00e4tzte Lesezeit":"3\u00a0Minuten"},"schema":{"@context":"https:\/\/schema.org","@graph":[{"@type":"WebPage","@id":"https:\/\/elfsight.com\/de\/file-embed-widget\/shopify\/","url":"https:\/\/elfsight.com\/de\/file-embed-widget\/shopify\/","name":"File Viewer-App \u2013 Betten Sie beliebige Dateien auf Ihrer Shopify-Website ein (2025)","isPartOf":{"@id":"https:\/\/elfsight.com\/de\/#website"},"datePublished":"2024-05-03T06:37:15+00:00","dateModified":"2025-02-21T08:48:28+00:00","description":"Entwerfen Sie mit Elfsight Ihre File Embed-App und f\u00fcgen Sie sie ganz einfach in Ihren Shopify-Shop ein. Wir bieten kostenlosen Kundenservice und andere Boni.","breadcrumb":{"@id":"https:\/\/elfsight.com\/de\/file-embed-widget\/shopify\/#breadcrumb"},"inLanguage":"de","potentialAction":[{"@type":"ReadAction","target":["https:\/\/elfsight.com\/de\/file-embed-widget\/shopify\/"]}]},{"@type":"BreadcrumbList","@id":"https:\/\/elfsight.com\/de\/file-embed-widget\/shopify\/#breadcrumb","itemListElement":[{"@type":"ListItem","position":1,"name":"Home","item":"https:\/\/elfsight.com\/de\/"},{"@type":"ListItem","position":2,"name":"File Embed","item":"https:\/\/elfsight.com\/de\/file-embed-widget\/"},{"@type":"ListItem","position":3,"name":"File Embed &#8211; Shopify"}]},{"@type":"WebSite","@id":"https:\/\/elfsight.com\/de\/#website","url":"https:\/\/elfsight.com\/de\/","name":"Elfsight DE","description":"Just another Elfsight Sites site","potentialAction":[{"@type":"SearchAction","target":{"@type":"EntryPoint","urlTemplate":"https:\/\/elfsight.com\/de\/?s={search_term_string}"},"query-input":{"@type":"PropertyValueSpecification","valueRequired":true,"valueName":"search_term_string"}}],"inLanguage":"de"}]}},"meta_box":{"industry":"","seo_heading":"","heading":"","description":"","cta_heading":"","cta_description":"","application":"485","h1":"Shopify File Embed-App","h1_caption":"Betten Sie Dokumente, Tabellenkalkulationen und andere Dateien auf Ihrer Website ein, um sie einfach anzuzeigen und m\u00fchelos auf Ihre Shopify-Website herunterzuladen.","application_category":[],"applications_title":"","applications_request_title":"","applications_request_button_text":"","hero_text":"","hero_video":"","hero_video_schema_markup":"","selling_points_title":"","selling_points_caption":"","selling_points":[],"selling_points_cta_text":"","features_title":"","features":"","ed_cta_examples_text":"","ed_cta_examples_hidden":"","ed_cta_demo_text":"","ed_cta_demo_hidden":"","why_caption":"","why_editor_title":"","why_editor_text":"","why_team_title":"","why_team_text":"","why_service_title":"","why_service_text":"","template_catalog_visible":"0","template_catalog_title":"","template_catalog_text":"","template_catalog_categories_visible":"","demo_title":"Erstellen Sie Ihre File Embed-App","demo_caption":"Konfigurieren Sie Ihre Dateieinbettung und f\u00fcgen Sie sie kostenlos zu Ihrer Shopify-Website hinzu!","default_faq_hidden":"","app_template_category":[],"platform":"253","template_public_id":"","codecanyon_url":"","codecanyon_item_id":"","codecanyon_price":"","pricing_caption":"","pricing_elfsight_apps_hide_column":"","pricing_elfsight_apps_url":"","pricing_codecanyon_price_caption":"","integration_category":[],"integration_request_title":"","integration_request_cta":"","integration_platform":"","integrations":[],"platform_category":[],"video_schema_markup":"","price":"ab 0 $ \/ Monat","trial":"","benefits":[{"text":"Kostenloser Installationsservice"},{"text":"Premium-Support"},{"text":"14-t\u00e4gige Geld-zur\u00fcck-Garantie"},{"text":"Kontinuierliche kostenlose Updates"}],"button_url":"#demo","button_target_blank":"0","button_nofollow":"0","attributes":[{"name":"Installiert","content":"10,000 - 100,000"},{"name":"Reaktionsfreudig","content":"Ja"},{"name":"Kompatible Browser","content":"Firefox, Safari, Opera, Chrome, Edge"}],"tags":[],"tags_disable_links":"0","hide_more_platforms":"0","video_object":"","demo_hide_cta":"0","demo_hide_cloud_options":"0","pricing_title":"","pricing":[{"pricing_icon":"platform","pricing_title":"Elfsight Apps","pricing_title_caption":"Plattform\u00fcbergreifende Version, die auf jeder Website funktioniert","pricing_price":"ab 0 $ \/ Monat","pricing_price_caption":"Beginnen Sie mit einem kostenlosen Plan","pricing_benefits":[{"text":"Unbegrenzte Websites"},{"text":"Premium-Support"},{"text":"Kostenloser Installationsservice"},{"text":"Sonderangebot f\u00fcr mehrere Apps"}],"pricing_button_text":"Zur Website hinzuf\u00fcgen","pricing_button_url":"#demo"}],"related_apps_title":"","related_apps_hidden":"0","author":"","image":[],"title":"","job":"","social_networks":[]},"_links":{"self":[{"href":"https:\/\/elfsight.com\/de\/wp-json\/wp\/v2\/pages\/20390","targetHints":{"allow":["GET"]}}],"collection":[{"href":"https:\/\/elfsight.com\/de\/wp-json\/wp\/v2\/pages"}],"about":[{"href":"https:\/\/elfsight.com\/de\/wp-json\/wp\/v2\/types\/page"}],"author":[{"embeddable":true,"href":"https:\/\/elfsight.com\/de\/wp-json\/wp\/v2\/users\/9"}],"replies":[{"embeddable":true,"href":"https:\/\/elfsight.com\/de\/wp-json\/wp\/v2\/comments?post=20390"}],"version-history":[{"count":3,"href":"https:\/\/elfsight.com\/de\/wp-json\/wp\/v2\/pages\/20390\/revisions"}],"predecessor-version":[{"id":24679,"href":"https:\/\/elfsight.com\/de\/wp-json\/wp\/v2\/pages\/20390\/revisions\/24679"}],"up":[{"embeddable":true,"href":"https:\/\/elfsight.com\/de\/wp-json\/wp\/v2\/pages\/2146"}],"wp:attachment":[{"href":"https:\/\/elfsight.com\/de\/wp-json\/wp\/v2\/media?parent=20390"}],"curies":[{"name":"wp","href":"https:\/\/api.w.org\/{rel}","templated":true}]}}