{"id":20389,"date":"2024-05-03T06:37:14","date_gmt":"2024-05-03T06:37:14","guid":{"rendered":"https:\/\/elfsight.com\/de\/?page_id=20389"},"modified":"2025-02-21T08:51:01","modified_gmt":"2025-02-21T08:51:01","slug":"squarespace","status":"publish","type":"page","link":"https:\/\/elfsight.com\/de\/file-embed-widget\/squarespace\/","title":{"rendered":"File Embed &#8211; Squarespace"},"content":{"rendered":"\n<div class=\"application-platform-content-item-description application-platform-content-item\" id=\"description\" data-nav-section=\"description\"> <h2>Datei einbetten Einbetten auf Squarespace mit dem Elfsight-Widget<\/h2> <p>Das Elfsight-Dateieinbettungs-Widget ist das einfachste und schnellste Tool zum Hinzuf\u00fcgen von Dateien auf einer Website. Betten Sie alle g\u00e4ngigen Dateien ein: PDF, Docx, Jpg, Jpeg \u2013 insgesamt rund 20 Formate. Zur Vereinfachung f\u00fcr den Benutzer k\u00f6nnen Dateien durch Hochladen, \u00fcber die URLs oder durch Auswahl aus den k\u00fcrzlich hochgeladenen Dateien integriert werden. Mit den Funktionen k\u00f6nnen Sie jeder Datei einen eigenen Namen geben, ein benutzerdefiniertes Symbol und Bild hochladen, eine Dateilayoutvariante ausw\u00e4hlen und vieles mehr. Website-Besucher k\u00f6nnen die Dateien direkt auf der Website studieren, in einem neuen Browser-Tab \u00f6ffnen und herunterladen. <\/p> <div class=\"faq\" data-component=\"FAQ\"> <div class=\"faq-item\">\r\n\t\t\t\t\t<div class=\"faq-item-question\">\r\n\t\t\t\t\t\t<h3 class=\"faq-item-question-text\">Wo kann ich dieses Plugin anzeigen?<\/h3>\r\n\r\n\t\t\t\t\t\t<div class=\"faq-item-question-icon\"><\/div>\r\n\t\t\t\t\t<\/div>\r\n\r\n\t\t\t\t\t<div class=\"faq-item-answer\">\r\n\t\t\t\t\t\t<div class=\"faq-item-answer-text\"> <p>Es ist ganz einfach, \u201eFile Embed\u201c auf allen Seiten der Website anzuwenden. Beispielsweise k\u00f6nnen Sie damit Ihre technische Dokumentation oder Anleitungen auf Produktseiten einf\u00fcgen oder Ihre Diplome und Zertifikate auf der Zielseite pr\u00e4sentieren. <\/p> <\/div>\r\n\t\t\t\t\t<\/div>\r\n\t\t\t\t<\/div> <div class=\"faq-item\">\r\n\t\t\t\t\t<div class=\"faq-item-question\">\r\n\t\t\t\t\t\t<h3 class=\"faq-item-question-text\">Wie werde ich davon profitieren?<\/h3>\r\n\r\n\t\t\t\t\t\t<div class=\"faq-item-question-icon\"><\/div>\r\n\t\t\t\t\t<\/div>\r\n\r\n\t\t\t\t\t<div class=\"faq-item-answer\">\r\n\t\t\t\t\t\t<div class=\"faq-item-answer-text\"> <p>Mit unserem Widget sparen Sie viel Zeit, da das Hinzuf\u00fcgen von Dokumenten zu Ihrer Website in nur wenigen Sekunden erfolgt. Dar\u00fcber hinaus k\u00f6nnen Sie zahlreiche wertvolle Informationen zu Ihren Artikeln und Dienstleistungen bereitstellen, um das Wissen der Kunden \u00fcber Ihre Artikel zu verbessern. <\/p> <\/div>\r\n\t\t\t\t\t<\/div>\r\n\t\t\t\t<\/div> <div class=\"faq-item\">\r\n\t\t\t\t\t<div class=\"faq-item-question\">\r\n\t\t\t\t\t\t<h3 class=\"faq-item-question-text\">Was ben\u00f6tige ich f\u00fcr die Dateieinbettung auf meiner Squarespace-Website?<\/h3>\r\n\r\n\t\t\t\t\t\t<div class=\"faq-item-question-icon\"><\/div>\r\n\t\t\t\t\t<\/div>\r\n\r\n\t\t\t\t\t<div class=\"faq-item-answer\">\r\n\t\t\t\t\t\t<div class=\"faq-item-answer-text\"> <p>Sie ben\u00f6tigen nur eine Minute Zeit, um mit der Verwendung des Widgets zu beginnen. Der Vorgang ist superschnell, kostenlos und erfordert keine Programmierung. <\/p> <ol> <li>Sie k\u00f6nnen das Widget direkt \u00fcber unseren Service zu Ihrer Website hinzuf\u00fcgen. Um es zu machen, sehen Sie sich die Anleitung unten auf dieser Seite an. <\/li> <li>Das Widget kann \u00fcber unseren Service oder \u00fcber den Marktplatz eingef\u00fchrt werden. Sie k\u00f6nnen sich \u00fcber beide M\u00f6glichkeiten informieren und entscheiden, welche Ihnen zusteht. <\/li> <\/ol> <\/div>\r\n\t\t\t\t\t<\/div>\r\n\t\t\t\t<\/div> <\/div> <\/div> <div class=\"application-platform-content-item-features application-platform-content-item\" id=\"features\" data-nav-section=\"features\"> <h2>Hauptfunktionen des File Embed-Widgets<\/h2> <p>Um eine Nachdem Sie das Widget vollst\u00e4ndig verstanden haben, k\u00f6nnen Sie die Liste seiner wertvollsten Funktionen studieren. Sie machen das Widget f\u00fcr Sie unglaublich n\u00fctzlich: <\/p> <ul><li>Betten Sie unbegrenzt viele Dokumente ein; <\/li> <li>Datei-Viewer-Layoutoption zum Lesen von Dokumenten auf der Website; <\/li> <li>Bilder f\u00fcr Symbole und Vorschauen hochladen; <\/li> <li>Download-Dokument-Label anzeigen oder ausblenden; <\/li> <li> Die Option zum Malen von sechs Schnittstellenelementen. <\/li> <\/ul><p><a href=\"#demo\">Entdecken Sie eine vollst\u00e4ndige Liste der Funktionen in unserer Live-Demo<\/a><\/p> <\/div> <div class=\"application-platform-content-item-installation application-platform-content-item\" id=\"installation\" data-nav-section=\"installation\"> <h2>Entdecken Sie, wie Sie das Widget in Ihre Squarespace-Website integrieren. Es ist keine Codierung<\/h2> <div class=\"video-container\"><iframe width=\"560\" height=\"315\" src=\"https:\/\/www.youtube.com\/embed\/w2cueLjk6Oo?si=-dU-EiEXIviVxcxX\" frameborder=\"0\" allow=\"accelerometer; autoplay; clipboard-write; encrypted-media; gyroscope; picture-in-picture; web-share\" allowfullscreen><\/iframe><\/div><p>Diese verschiedenen Aktionen sind das Einzige, was Sie zur Einrichtung ausf\u00fchren m\u00fcssen. <\/p> <ol><li><b>Erstellen Sie Ihr ma\u00dfgeschneidertes File Embed-Plugin<\/b><br> Gestalten Sie in unserem kostenlosen Editor eine Plugin-Einstellungsoberfl\u00e4che und Designoptionen. <\/li><li><b>Holen Sie sich den pers\u00f6nlichen Code zum Einbetten des Plugins<\/b><br> Nachdem Sie Ihr Widget konfiguriert haben, erhalten Sie den eindeutigen Code aus dem erscheinenden Fenster von Elfsight Apps. Kopieren Sie diesen Code zur weiteren Verwendung. <\/li> <li><b>Ver\u00f6ffentlichen Sie das Plugin auf Ihrer Squarespace-Site<\/b><br> Gehen Sie zu dem Bereich, in dem Sie das Plugin anzeigen m\u00f6chten, und f\u00fcgen Sie dort den gespeicherten Code ein. Ver\u00f6ffentlichen Sie die Ergebnisse. <\/li> <li><b>Sie haben die Installation vollst\u00e4ndig durchgef\u00fchrt<\/b><br> Besuchen Sie den Store, um Ihr Plugin zu \u00fcberpr\u00fcfen. <\/li> <\/ol><p>Immer noch unruhig? Oder \u00fcber irgendetwas gestolpert? Schreiben Sie einfach eine Anfrage an unseren Kundenservice. Wir werden jedes Problem zeitnah und professionell l\u00f6sen. <\/p> <\/div>\n","protected":false},"excerpt":{"rendered":"","protected":false},"author":9,"featured_media":0,"parent":2146,"menu_order":0,"comment_status":"closed","ping_status":"closed","template":"templates\/template-application-platform.php","meta":{"publish_to_discourse":"","publish_post_category":"","wpdc_auto_publish_overridden":"","wpdc_topic_tags":"","wpdc_pin_topic":"","wpdc_pin_until":"","discourse_post_id":"","discourse_permalink":"","wpdc_publishing_response":"","wpdc_publishing_error":"","footnotes":""},"class_list":["post-20389","page","type-page","status-publish","hentry"],"yoast_head":"<!-- This site is optimized with the Yoast SEO plugin v25.3.1 - https:\/\/yoast.com\/wordpress\/plugins\/seo\/ -->\n<title>Datei-Viewer-Plugin \u2013 Betten Sie beliebige Dateien auf Ihrer Squarespace-Website ein (2025)<\/title>\n<meta name=\"description\" content=\"Hier besteht die M\u00f6glichkeit, ein File Embed-Plugin zu erstellen und es Ihrer Squarespace-Website hinzuzuf\u00fcgen. Genie\u00dfen Sie kostenlosen Kundensupport und andere Boni von Elfsight.\" \/>\n<meta name=\"robots\" content=\"index, follow, max-snippet:-1, max-image-preview:large, max-video-preview:-1\" \/>\n<link rel=\"canonical\" href=\"https:\/\/elfsight.com\/de\/file-embed-widget\/squarespace\/\" \/>\n<meta property=\"og:locale\" content=\"de_DE\" \/>\n<meta property=\"og:type\" content=\"article\" \/>\n<meta property=\"og:title\" content=\"Datei-Viewer-Plugin \u2013 Betten Sie beliebige Dateien auf Ihrer Squarespace-Website ein (2025)\" \/>\n<meta property=\"og:description\" content=\"Hier besteht die M\u00f6glichkeit, ein File Embed-Plugin zu erstellen und es Ihrer Squarespace-Website hinzuzuf\u00fcgen. Genie\u00dfen Sie kostenlosen Kundensupport und andere Boni von Elfsight.\" \/>\n<meta property=\"og:url\" content=\"https:\/\/elfsight.com\/de\/file-embed-widget\/squarespace\/\" \/>\n<meta property=\"og:site_name\" content=\"Elfsight DE\" \/>\n<meta property=\"article:modified_time\" content=\"2025-02-21T08:51:01+00:00\" \/>\n<meta name=\"twitter:card\" content=\"summary_large_image\" \/>\n<meta name=\"twitter:label1\" content=\"Gesch\u00e4tzte Lesezeit\" \/>\n\t<meta name=\"twitter:data1\" content=\"3\u00a0Minuten\" \/>\n<!-- \/ Yoast SEO plugin. -->","yoast_head_json":{"title":"Datei-Viewer-Plugin \u2013 Betten Sie beliebige Dateien auf Ihrer Squarespace-Website ein (2025)","description":"Hier besteht die M\u00f6glichkeit, ein File Embed-Plugin zu erstellen und es Ihrer Squarespace-Website hinzuzuf\u00fcgen. Genie\u00dfen Sie kostenlosen Kundensupport und andere Boni von Elfsight.","robots":{"index":"index","follow":"follow","max-snippet":"max-snippet:-1","max-image-preview":"max-image-preview:large","max-video-preview":"max-video-preview:-1"},"canonical":"https:\/\/elfsight.com\/de\/file-embed-widget\/squarespace\/","og_locale":"de_DE","og_type":"article","og_title":"Datei-Viewer-Plugin \u2013 Betten Sie beliebige Dateien auf Ihrer Squarespace-Website ein (2025)","og_description":"Hier besteht die M\u00f6glichkeit, ein File Embed-Plugin zu erstellen und es Ihrer Squarespace-Website hinzuzuf\u00fcgen. Genie\u00dfen Sie kostenlosen Kundensupport und andere Boni von Elfsight.","og_url":"https:\/\/elfsight.com\/de\/file-embed-widget\/squarespace\/","og_site_name":"Elfsight DE","article_modified_time":"2025-02-21T08:51:01+00:00","twitter_card":"summary_large_image","twitter_misc":{"Gesch\u00e4tzte Lesezeit":"3\u00a0Minuten"},"schema":{"@context":"https:\/\/schema.org","@graph":[{"@type":"WebPage","@id":"https:\/\/elfsight.com\/de\/file-embed-widget\/squarespace\/","url":"https:\/\/elfsight.com\/de\/file-embed-widget\/squarespace\/","name":"Datei-Viewer-Plugin \u2013 Betten Sie beliebige Dateien auf Ihrer Squarespace-Website ein (2025)","isPartOf":{"@id":"https:\/\/elfsight.com\/de\/#website"},"datePublished":"2024-05-03T06:37:14+00:00","dateModified":"2025-02-21T08:51:01+00:00","description":"Hier besteht die M\u00f6glichkeit, ein File Embed-Plugin zu erstellen und es Ihrer Squarespace-Website hinzuzuf\u00fcgen. Genie\u00dfen Sie kostenlosen Kundensupport und andere Boni von Elfsight.","breadcrumb":{"@id":"https:\/\/elfsight.com\/de\/file-embed-widget\/squarespace\/#breadcrumb"},"inLanguage":"de","potentialAction":[{"@type":"ReadAction","target":["https:\/\/elfsight.com\/de\/file-embed-widget\/squarespace\/"]}]},{"@type":"BreadcrumbList","@id":"https:\/\/elfsight.com\/de\/file-embed-widget\/squarespace\/#breadcrumb","itemListElement":[{"@type":"ListItem","position":1,"name":"Home","item":"https:\/\/elfsight.com\/de\/"},{"@type":"ListItem","position":2,"name":"File Embed","item":"https:\/\/elfsight.com\/de\/file-embed-widget\/"},{"@type":"ListItem","position":3,"name":"File Embed &#8211; Squarespace"}]},{"@type":"WebSite","@id":"https:\/\/elfsight.com\/de\/#website","url":"https:\/\/elfsight.com\/de\/","name":"Elfsight DE","description":"Just another Elfsight Sites site","potentialAction":[{"@type":"SearchAction","target":{"@type":"EntryPoint","urlTemplate":"https:\/\/elfsight.com\/de\/?s={search_term_string}"},"query-input":{"@type":"PropertyValueSpecification","valueRequired":true,"valueName":"search_term_string"}}],"inLanguage":"de"}]}},"meta_box":{"industry":"","seo_heading":"","heading":"","description":"","cta_heading":"","cta_description":"","application":"485","h1":"Squarespace File Embed-Plugin","h1_caption":"Betten Sie Dokumente, Tabellenkalkulationen und andere Dateien in Ihre Website ein, um sie einfach anzuzeigen und m\u00fchelos auf Ihre Squarespace-Website herunterzuladen.","application_category":[],"applications_title":"","applications_request_title":"","applications_request_button_text":"","hero_text":"","hero_video":"","hero_video_schema_markup":"","selling_points_title":"","selling_points_caption":"","selling_points":[],"selling_points_cta_text":"","features_title":"","features":"","ed_cta_examples_text":"","ed_cta_examples_hidden":"","ed_cta_demo_text":"","ed_cta_demo_hidden":"","why_caption":"","why_editor_title":"","why_editor_text":"","why_team_title":"","why_team_text":"","why_service_title":"","why_service_text":"","template_catalog_visible":"0","template_catalog_title":"","template_catalog_text":"","template_catalog_categories_visible":"","demo_title":"Erstellen Sie Ihr File Embed-Plugin","demo_caption":"Konfigurieren Sie Ihre Dateieinbettung und f\u00fcgen Sie sie kostenlos zu Ihrer Squarespace-Website hinzu!","default_faq_hidden":"","app_template_category":[],"platform":"252","template_public_id":"","codecanyon_url":"","codecanyon_item_id":"","codecanyon_price":"","pricing_caption":"","pricing_elfsight_apps_hide_column":"","pricing_elfsight_apps_url":"","pricing_codecanyon_price_caption":"","integration_category":[],"integration_request_title":"","integration_request_cta":"","integration_platform":"","integrations":[],"platform_category":[],"video_schema_markup":"","price":"ab 0 $ \/ Monat","trial":"","benefits":[{"text":"Kostenlose Installationshilfe"},{"text":"Effektiver Kundenservice"},{"text":"14-t\u00e4gige R\u00fcckerstattungsgarantie"},{"text":"Fortlaufende Entwicklung"}],"button_url":"#demo","button_target_blank":"0","button_nofollow":"0","attributes":[{"name":"Installiert","content":"10,000 - 100,000"},{"name":"Reaktionsfreudig","content":"Ja"},{"name":"Kompatible Browser","content":"Firefox, Safari, Opera, Chrome, Edge"}],"tags":[],"tags_disable_links":"0","hide_more_platforms":"0","video_object":"","demo_hide_cta":"0","demo_hide_cloud_options":"0","pricing_title":"","pricing":[{"pricing_icon":"platform","pricing_title":"Elfsight Apps","pricing_title_caption":"Multiplattform-Version","pricing_price":"ab 0 $ \/ Monat","pricing_price_caption":"Beginnen Sie mit einem kostenlosen Plan","pricing_benefits":[{"text":"Unbegrenzte Domains"},{"text":"Erstklassiger und p\u00fcnktlicher Support und gut dokumentiert"},{"text":"Kostenloser Installationsservice"},{"text":"100 % anpassbar"}],"pricing_button_text":"Zur Website hinzuf\u00fcgen","pricing_button_url":"#demo"}],"related_apps_title":"","related_apps_hidden":"0","author":"","image":[],"title":"","job":"","social_networks":[]},"_links":{"self":[{"href":"https:\/\/elfsight.com\/de\/wp-json\/wp\/v2\/pages\/20389","targetHints":{"allow":["GET"]}}],"collection":[{"href":"https:\/\/elfsight.com\/de\/wp-json\/wp\/v2\/pages"}],"about":[{"href":"https:\/\/elfsight.com\/de\/wp-json\/wp\/v2\/types\/page"}],"author":[{"embeddable":true,"href":"https:\/\/elfsight.com\/de\/wp-json\/wp\/v2\/users\/9"}],"replies":[{"embeddable":true,"href":"https:\/\/elfsight.com\/de\/wp-json\/wp\/v2\/comments?post=20389"}],"version-history":[{"count":3,"href":"https:\/\/elfsight.com\/de\/wp-json\/wp\/v2\/pages\/20389\/revisions"}],"predecessor-version":[{"id":24681,"href":"https:\/\/elfsight.com\/de\/wp-json\/wp\/v2\/pages\/20389\/revisions\/24681"}],"up":[{"embeddable":true,"href":"https:\/\/elfsight.com\/de\/wp-json\/wp\/v2\/pages\/2146"}],"wp:attachment":[{"href":"https:\/\/elfsight.com\/de\/wp-json\/wp\/v2\/media?parent=20389"}],"curies":[{"name":"wp","href":"https:\/\/api.w.org\/{rel}","templated":true}]}}