{"id":20384,"date":"2024-05-03T06:37:13","date_gmt":"2024-05-03T06:37:13","guid":{"rendered":"https:\/\/elfsight.com\/de\/?page_id=20384"},"modified":"2025-02-21T08:53:56","modified_gmt":"2025-02-21T08:53:56","slug":"webflow","status":"publish","type":"page","link":"https:\/\/elfsight.com\/de\/file-embed-widget\/webflow\/","title":{"rendered":"File Embed &#8211; Webflow"},"content":{"rendered":"\n<div class=\"application-platform-content-item-description application-platform-content-item\" id=\"description\" data-nav-section=\"description\"> <h2>Einbetten von Dateien in Webflow mit dem Elfsight-Widget<\/h2> <p>Elfsight File Embed ist das einfachste und schnellste Tool zum Einf\u00fcgen von Dateien deine Seite. Stellen Sie alle am h\u00e4ufigsten verwendeten Dateien vor: PDF, Docx, Jpg, Pptx \u2013 insgesamt etwa 20 Typen. F\u00fcr eine h\u00f6here Benutzerfreundlichkeit k\u00f6nnen Dokumente durch direktes Hochladen, Eingabe der URLs oder durch Auswahl der zuletzt hochgeladenen Dokumente eingef\u00fcgt werden. Sie k\u00f6nnen jedem Dokument einen eigenen Namen geben, ein Symbol oder ein Vorschaubild hochladen, eine Option f\u00fcr das Dateilayout ausw\u00e4hlen und vieles mehr. Website-Besucher k\u00f6nnen die Dateien direkt auf Ihrer Seite anzeigen, in einem neuen Tab \u00f6ffnen und herunterladen. <\/p> <div class=\"faq\" data-component=\"FAQ\"> <div class=\"faq-item\">\r\n\t\t\t\t\t<div class=\"faq-item-question\">\r\n\t\t\t\t\t\t<h3 class=\"faq-item-question-text\">Wo kann ich dieses Plugin hinzuf\u00fcgen?<\/h3>\r\n\r\n\t\t\t\t\t\t<div class=\"faq-item-question-icon\"><\/div>\r\n\t\t\t\t\t<\/div>\r\n\r\n\t\t\t\t\t<div class=\"faq-item-answer\">\r\n\t\t\t\t\t\t<div class=\"faq-item-answer-text\"> <p>Sie k\u00f6nnen \u201eFile Embed\u201c auf jeder einzelnen Seite Ihrer Website anzeigen. Beispielsweise k\u00f6nnen Sie damit Ihre technischen Dokumentationen oder Richtlinien auf entsprechenden Produktseiten einf\u00fcgen und Ihre Diplome und Zertifikate auf der Landingpage pr\u00e4sentieren. <\/p> <\/div>\r\n\t\t\t\t\t<\/div>\r\n\t\t\t\t<\/div> <div class=\"faq-item\">\r\n\t\t\t\t\t<div class=\"faq-item-question\">\r\n\t\t\t\t\t\t<h3 class=\"faq-item-question-text\">Welche Vorteile bietet es mir?<\/h3>\r\n\r\n\t\t\t\t\t\t<div class=\"faq-item-question-icon\"><\/div>\r\n\t\t\t\t\t<\/div>\r\n\r\n\t\t\t\t\t<div class=\"faq-item-answer\">\r\n\t\t\t\t\t\t<div class=\"faq-item-answer-text\"> <p>Mit dem Widget von Elfsight sparen Sie viel Zeit, da die Integration von Dokumenten in Ihre Website nur wenige Sekunden dauert . Dar\u00fcber hinaus k\u00f6nnen Sie viele aussagekr\u00e4ftige Details zu Ihren Artikeln und Dienstleistungen angeben und ein besseres Verst\u00e4ndnis Ihrer Angebote bei den Nutzern erreichen. <\/p> <\/div>\r\n\t\t\t\t\t<\/div>\r\n\t\t\t\t<\/div> <div class=\"faq-item\">\r\n\t\t\t\t\t<div class=\"faq-item-question\">\r\n\t\t\t\t\t\t<h3 class=\"faq-item-question-text\">Was ben\u00f6tige ich, um File Embed auf meiner Webflow-Website einzubetten?<\/h3>\r\n\r\n\t\t\t\t\t\t<div class=\"faq-item-question-icon\"><\/div>\r\n\t\t\t\t\t<\/div>\r\n\r\n\t\t\t\t\t<div class=\"faq-item-answer\">\r\n\t\t\t\t\t\t<div class=\"faq-item-answer-text\"> <p>Das Einbetten des Widgets dauert nur drei Minuten. Das Hinzuf\u00fcgen geht wirklich schnell, ist kostenlos und erfordert keine Programmierung. <\/p> <ol> <li>Es besteht die M\u00f6glichkeit, \u00fcber unseren Dienst die Dateieinbettung in die Webseite einzuf\u00fchren. Nutzen Sie dazu die Kurzbeschreibung unten auf dieser Seite. <\/li> <li>Elfsight File Embed kann \u00fcber unseren Service oder \u00fcber den Marktplatz eingebettet werden. Sie k\u00f6nnen alle Details beider Varianten einsehen und Ihre ausw\u00e4hlen. <\/li> <\/ol> <\/div>\r\n\t\t\t\t\t<\/div>\r\n\t\t\t\t<\/div> <\/div> <\/div> <div class=\"application-platform-content-item-features application-platform-content-item\" id=\"features\" data-nav-section=\"features\"> <h2>Hauptfunktionen des File Embed-Widgets<\/h2> <p>Zum besseren Verst\u00e4ndnis Entdecken Sie die Liste der wesentlichen Funktionen von File Embed. Sie machen das Widget f\u00fcr Ihre Werbung unglaublich n\u00fctzlich: <\/p> <ul><li>Unbegrenzte Anzahl von Dokumenten anzeigen; <\/li> <li>Datei-Viewer-Layoutoption zum Anzeigen von Dateien auf der Website; <\/li> <li>Bilder f\u00fcr Dateisymbole und Vorschauen hochladen; <\/li> <li>Die Option, den Text der Download-Datei anzuzeigen oder auszublenden; <\/li> <li> F\u00e4rben Sie sechs Schnittstellendetails. <\/li> <\/ul><p><a href=\"#demo\">Weitere Funktionen finden Sie in der Demo<\/a><\/p> <\/div> <div class=\"application-platform-content-item-installation application-platform-content-item\" id=\"installation\" data-nav-section=\"installation\"> <h2>Entdecken Sie, wie Sie das File Embed-Widget auf Ihrer Webflow-Site platzieren. Es ist ganz einfach<\/h2> <div class=\"video-container\"><iframe width=\"560\" height=\"315\" src=\"https:\/\/www.youtube.com\/embed\/p0rwdqYR5z8?si=4zdrYxLezGAQYY8_\" frameborder=\"0\" allow=\"accelerometer; autoplay; clipboard-write; encrypted-media; gyroscope; picture-in-picture; web-share\" allowfullscreen><\/iframe><\/div><p>Die folgenden Aktionen sind das Einzige, was Sie zum Einbetten ausf\u00fchren m\u00fcssen. <\/p> <ol><li><b>Erstellen Sie Ihr ma\u00dfgeschneidertes File Embed-Plugin<\/b><br> Gestalten Sie mit unserem kostenlosen Editor ein Plugin mit einem ausgew\u00e4hlten Layout und funktionalen Merkmalen. <\/li><li><b>Kopieren Sie den pers\u00f6nlichen Code, um das Plugin zu installieren<\/b><br> Nachdem Sie Ihr Widget erstellt haben, erhalten Sie den Installationscode aus dem erscheinenden Fenster auf Elfsight Apps. Kopiere diesen Code. <\/li> <li><b>Ver\u00f6ffentlichen Sie das Plugin auf Ihrer Webflow-Site<\/b><br> W\u00e4hlen Sie den Bereich aus, in den Sie das Plugin integrieren m\u00f6chten, und f\u00fcgen Sie dort den kopierten Code ein. Ver\u00f6ffentlichen Sie die Ergebnisse. <\/li> <li><b>Herzlichen Gl\u00fcckwunsch! Sie haben das Widget gerade integriert! <\/b><br> Besuchen Sie die Website, um Ihr Plugin anzuzeigen. <\/li> <\/ol><p>Sie k\u00f6nnen sich immer noch nicht entscheiden? Oder haben Sie Fragen? Schreiben Sie einfach eine Anfrage an unseren Kundensupport, der jedes Problem kl\u00e4rt. <\/p> <\/div>\n","protected":false},"excerpt":{"rendered":"","protected":false},"author":9,"featured_media":0,"parent":2146,"menu_order":0,"comment_status":"closed","ping_status":"closed","template":"templates\/template-application-platform.php","meta":{"publish_to_discourse":"","publish_post_category":"","wpdc_auto_publish_overridden":"","wpdc_topic_tags":"","wpdc_pin_topic":"","wpdc_pin_until":"","discourse_post_id":"","discourse_permalink":"","wpdc_publishing_response":"","wpdc_publishing_error":"","footnotes":""},"class_list":["post-20384","page","type-page","status-publish","hentry"],"yoast_head":"<!-- This site is optimized with the Yoast SEO plugin v25.3.1 - https:\/\/yoast.com\/wordpress\/plugins\/seo\/ -->\n<title>File Viewer \u2013 Betten Sie beliebige Dateien auf Ihrer Webflow-Website ein (2025)<\/title>\n<meta name=\"description\" content=\"Es ist ganz einfach, Ihr File Embed-Widget zu erstellen und es auf Ihrer Webflow-Website hinzuzuf\u00fcgen. Der Elfsight-Kundensupport ist kostenlos.\" \/>\n<meta name=\"robots\" content=\"index, follow, max-snippet:-1, max-image-preview:large, max-video-preview:-1\" \/>\n<link rel=\"canonical\" href=\"https:\/\/elfsight.com\/de\/file-embed-widget\/webflow\/\" \/>\n<meta property=\"og:locale\" content=\"de_DE\" \/>\n<meta property=\"og:type\" content=\"article\" \/>\n<meta property=\"og:title\" content=\"File Viewer \u2013 Betten Sie beliebige Dateien auf Ihrer Webflow-Website ein (2025)\" \/>\n<meta property=\"og:description\" content=\"Es ist ganz einfach, Ihr File Embed-Widget zu erstellen und es auf Ihrer Webflow-Website hinzuzuf\u00fcgen. Der Elfsight-Kundensupport ist kostenlos.\" \/>\n<meta property=\"og:url\" content=\"https:\/\/elfsight.com\/de\/file-embed-widget\/webflow\/\" \/>\n<meta property=\"og:site_name\" content=\"Elfsight DE\" \/>\n<meta property=\"article:modified_time\" content=\"2025-02-21T08:53:56+00:00\" \/>\n<meta name=\"twitter:card\" content=\"summary_large_image\" \/>\n<meta name=\"twitter:label1\" content=\"Gesch\u00e4tzte Lesezeit\" \/>\n\t<meta name=\"twitter:data1\" content=\"3\u00a0Minuten\" \/>\n<!-- \/ Yoast SEO plugin. -->","yoast_head_json":{"title":"File Viewer \u2013 Betten Sie beliebige Dateien auf Ihrer Webflow-Website ein (2025)","description":"Es ist ganz einfach, Ihr File Embed-Widget zu erstellen und es auf Ihrer Webflow-Website hinzuzuf\u00fcgen. Der Elfsight-Kundensupport ist kostenlos.","robots":{"index":"index","follow":"follow","max-snippet":"max-snippet:-1","max-image-preview":"max-image-preview:large","max-video-preview":"max-video-preview:-1"},"canonical":"https:\/\/elfsight.com\/de\/file-embed-widget\/webflow\/","og_locale":"de_DE","og_type":"article","og_title":"File Viewer \u2013 Betten Sie beliebige Dateien auf Ihrer Webflow-Website ein (2025)","og_description":"Es ist ganz einfach, Ihr File Embed-Widget zu erstellen und es auf Ihrer Webflow-Website hinzuzuf\u00fcgen. Der Elfsight-Kundensupport ist kostenlos.","og_url":"https:\/\/elfsight.com\/de\/file-embed-widget\/webflow\/","og_site_name":"Elfsight DE","article_modified_time":"2025-02-21T08:53:56+00:00","twitter_card":"summary_large_image","twitter_misc":{"Gesch\u00e4tzte Lesezeit":"3\u00a0Minuten"},"schema":{"@context":"https:\/\/schema.org","@graph":[{"@type":"WebPage","@id":"https:\/\/elfsight.com\/de\/file-embed-widget\/webflow\/","url":"https:\/\/elfsight.com\/de\/file-embed-widget\/webflow\/","name":"File Viewer \u2013 Betten Sie beliebige Dateien auf Ihrer Webflow-Website ein (2025)","isPartOf":{"@id":"https:\/\/elfsight.com\/de\/#website"},"datePublished":"2024-05-03T06:37:13+00:00","dateModified":"2025-02-21T08:53:56+00:00","description":"Es ist ganz einfach, Ihr File Embed-Widget zu erstellen und es auf Ihrer Webflow-Website hinzuzuf\u00fcgen. Der Elfsight-Kundensupport ist kostenlos.","breadcrumb":{"@id":"https:\/\/elfsight.com\/de\/file-embed-widget\/webflow\/#breadcrumb"},"inLanguage":"de","potentialAction":[{"@type":"ReadAction","target":["https:\/\/elfsight.com\/de\/file-embed-widget\/webflow\/"]}]},{"@type":"BreadcrumbList","@id":"https:\/\/elfsight.com\/de\/file-embed-widget\/webflow\/#breadcrumb","itemListElement":[{"@type":"ListItem","position":1,"name":"Home","item":"https:\/\/elfsight.com\/de\/"},{"@type":"ListItem","position":2,"name":"File Embed","item":"https:\/\/elfsight.com\/de\/file-embed-widget\/"},{"@type":"ListItem","position":3,"name":"File Embed &#8211; Webflow"}]},{"@type":"WebSite","@id":"https:\/\/elfsight.com\/de\/#website","url":"https:\/\/elfsight.com\/de\/","name":"Elfsight DE","description":"Just another Elfsight Sites site","potentialAction":[{"@type":"SearchAction","target":{"@type":"EntryPoint","urlTemplate":"https:\/\/elfsight.com\/de\/?s={search_term_string}"},"query-input":{"@type":"PropertyValueSpecification","valueRequired":true,"valueName":"search_term_string"}}],"inLanguage":"de"}]}},"meta_box":{"industry":"","seo_heading":"","heading":"","description":"","cta_heading":"","cta_description":"","application":"485","h1":"Webflow-Datei-Einbettungs-Widget","h1_caption":"Betten Sie Dokumente, Tabellenkalkulationen und andere Dateien in Ihre Website ein, um sie einfach anzuzeigen und m\u00fchelos auf Ihre Webflow-Website herunterzuladen.","application_category":[],"applications_title":"","applications_request_title":"","applications_request_button_text":"","hero_text":"","hero_video":"","hero_video_schema_markup":"","selling_points_title":"","selling_points_caption":"","selling_points":[],"selling_points_cta_text":"","features_title":"","features":"","ed_cta_examples_text":"","ed_cta_examples_hidden":"","ed_cta_demo_text":"","ed_cta_demo_hidden":"","why_caption":"","why_editor_title":"","why_editor_text":"","why_team_title":"","why_team_text":"","why_service_title":"","why_service_text":"","template_catalog_visible":"0","template_catalog_title":"","template_catalog_text":"","template_catalog_categories_visible":"","demo_title":"Erstellen Sie Ihr Dateieinbettungs-Widget","demo_caption":"Konfigurieren Sie Ihre Dateieinbettung und f\u00fcgen Sie sie kostenlos zu Ihrer Webflow-Website hinzu!","default_faq_hidden":"","app_template_category":[],"platform":"250","template_public_id":"","codecanyon_url":"","codecanyon_item_id":"","codecanyon_price":"","pricing_caption":"","pricing_elfsight_apps_hide_column":"","pricing_elfsight_apps_url":"","pricing_codecanyon_price_caption":"","integration_category":[],"integration_request_title":"","integration_request_cta":"","integration_platform":"","integrations":[],"platform_category":[],"video_schema_markup":"","price":"ab 0 $ \/ Monat","trial":"","benefits":[{"text":"Kostenlose Installationsunterst\u00fctzung"},{"text":"Effektiver Kundenservice"},{"text":"14-t\u00e4gige Geld-zur\u00fcck-Garantie"},{"text":"Zuk\u00fcnftige Verbesserungen"}],"button_url":"#demo","button_target_blank":"0","button_nofollow":"0","attributes":[{"name":"Installiert","content":"10,000 - 100,000"},{"name":"Reaktionsfreudig","content":"Ja"},{"name":"Kompatible Browser","content":"Edge, Opera, Firefox, Safari, Chrome"}],"tags":[],"tags_disable_links":"0","hide_more_platforms":"0","video_object":"","demo_hide_cta":"0","demo_hide_cloud_options":"0","pricing_title":"","pricing":[{"pricing_icon":"platform","pricing_title":"Elfsight Apps","pricing_title_caption":"Plattform\u00fcbergreifende digitale L\u00f6sung, die auf jeder Website funktioniert","pricing_price":"ab 0 $ \/ Monat","pricing_price_caption":"Beginnen Sie mit einem kostenlosen Plan","pricing_benefits":[{"text":"Unbegrenzte Anzahl an Websites"},{"text":"Premium-Support"},{"text":"Kostenloser Installationsservice"},{"text":"Sonderangebot f\u00fcr mehrere Apps"}],"pricing_button_text":"Zur Website hinzuf\u00fcgen","pricing_button_url":"#demo"}],"related_apps_title":"","related_apps_hidden":"0","author":"","image":[],"title":"","job":"","social_networks":[]},"_links":{"self":[{"href":"https:\/\/elfsight.com\/de\/wp-json\/wp\/v2\/pages\/20384","targetHints":{"allow":["GET"]}}],"collection":[{"href":"https:\/\/elfsight.com\/de\/wp-json\/wp\/v2\/pages"}],"about":[{"href":"https:\/\/elfsight.com\/de\/wp-json\/wp\/v2\/types\/page"}],"author":[{"embeddable":true,"href":"https:\/\/elfsight.com\/de\/wp-json\/wp\/v2\/users\/9"}],"replies":[{"embeddable":true,"href":"https:\/\/elfsight.com\/de\/wp-json\/wp\/v2\/comments?post=20384"}],"version-history":[{"count":3,"href":"https:\/\/elfsight.com\/de\/wp-json\/wp\/v2\/pages\/20384\/revisions"}],"predecessor-version":[{"id":24683,"href":"https:\/\/elfsight.com\/de\/wp-json\/wp\/v2\/pages\/20384\/revisions\/24683"}],"up":[{"embeddable":true,"href":"https:\/\/elfsight.com\/de\/wp-json\/wp\/v2\/pages\/2146"}],"wp:attachment":[{"href":"https:\/\/elfsight.com\/de\/wp-json\/wp\/v2\/media?parent=20384"}],"curies":[{"name":"wp","href":"https:\/\/api.w.org\/{rel}","templated":true}]}}