{"id":20381,"date":"2024-05-03T06:37:10","date_gmt":"2024-05-03T06:37:10","guid":{"rendered":"https:\/\/elfsight.com\/de\/?page_id=20381"},"modified":"2025-02-21T09:03:09","modified_gmt":"2025-02-21T09:03:09","slug":"wix","status":"publish","type":"page","link":"https:\/\/elfsight.com\/de\/file-embed-widget\/wix\/","title":{"rendered":"File Embed &#8211; Wix"},"content":{"rendered":"\n<div class=\"application-platform-content-item-description application-platform-content-item\" id=\"description\" data-nav-section=\"description\"> <h2>Beschreibung<\/h2> <p>Das Elfsight File Embed-Widget ist das einfachste Widget zum Einf\u00fcgen Ihrer Dateien in eine Site. F\u00fcgen Sie alle g\u00e4ngigen Formate ein: PDF, Docx, XLSX, PPTX \u2013 insgesamt rund 20 Typen. Der Einfachheit halber k\u00f6nnen Dateien durch einfaches Hochladen, Eingeben ihrer URLs oder Ausw\u00e4hlen aus den k\u00fcrzlich hochgeladenen Dateien hinzugef\u00fcgt werden. Sie k\u00f6nnen jedem Dokument einen Namen geben, Ihr eigenes Symbol oder Bild hochladen, das Dateilayout w\u00e4hlen und vieles mehr. Site-Benutzer k\u00f6nnen die Dateien direkt auf der Website studieren, sie in einem neuen Browser-Tab \u00f6ffnen und herunterladen. <\/p> <div class=\"faq\" data-component=\"FAQ\"> <div class=\"faq-item\">\r\n\t\t\t\t\t<div class=\"faq-item-question\">\r\n\t\t\t\t\t\t<h3 class=\"faq-item-question-text\">Wo kann ich File Embed ver\u00f6ffentlichen?<\/h3>\r\n\r\n\t\t\t\t\t\t<div class=\"faq-item-question-icon\"><\/div>\r\n\t\t\t\t\t<\/div>\r\n\r\n\t\t\t\t\t<div class=\"faq-item-answer\">\r\n\t\t\t\t\t\t<div class=\"faq-item-answer-text\"> <p>Es ist einfach, File Embed f\u00fcr einzelne oder alle Seiten der Website anzuwenden. Damit k\u00f6nnen Sie beispielsweise Ihre technischen Dokumente oder Richtlinien auf Produktseiten ver\u00f6ffentlichen und Ihre Diplome und Qualifikationen auf der Landingpage pr\u00e4sentieren. <\/p> <\/div>\r\n\t\t\t\t\t<\/div>\r\n\t\t\t\t<\/div> <div class=\"faq-item\">\r\n\t\t\t\t\t<div class=\"faq-item-question\">\r\n\t\t\t\t\t\t<h3 class=\"faq-item-question-text\">Wie profitiere ich von File Embed?<\/h3>\r\n\r\n\t\t\t\t\t\t<div class=\"faq-item-question-icon\"><\/div>\r\n\t\t\t\t\t<\/div>\r\n\r\n\t\t\t\t\t<div class=\"faq-item-answer\">\r\n\t\t\t\t\t\t<div class=\"faq-item-answer-text\"> <p>Mit unserem Widget k\u00f6nnen Sie viel Zeit sparen, da das Hinzuf\u00fcgen von Dateien zu Ihrer Website mit seiner Hilfe nur Sekunden dauert . Dar\u00fcber hinaus k\u00f6nnen Sie zahlreiche wertvolle Daten zu Ihren Angeboten und Dienstleistungen ver\u00f6ffentlichen, um das Verst\u00e4ndnis der Kunden f\u00fcr Ihre Artikel zu steigern. <\/p> <\/div>\r\n\t\t\t\t\t<\/div>\r\n\t\t\t\t<\/div> <div class=\"faq-item\">\r\n\t\t\t\t\t<div class=\"faq-item-question\">\r\n\t\t\t\t\t\t<h3 class=\"faq-item-question-text\">Wie kann ich die Dateieinbettung auf meiner Wix-Website erhalten?<\/h3>\r\n\r\n\t\t\t\t\t\t<div class=\"faq-item-question-icon\"><\/div>\r\n\t\t\t\t\t<\/div>\r\n\r\n\t\t\t\t\t<div class=\"faq-item-answer\">\r\n\t\t\t\t\t\t<div class=\"faq-item-answer-text\"> <p>Es wird drei Minuten dauern, bis Sie mit der Verwendung des Widgets beginnen. Der Integrationsprozess ist superschnell, kostenlos und erfordert keine Programmierung. <\/p> <ol> <li>Es besteht die M\u00f6glichkeit, File Embed direkt \u00fcber unseren Service in Ihre Website einzuf\u00fcgen. Schauen Sie sich einfach die Anleitung unten auf dieser Seite an. <\/li> <li>Elfsight File Embed kann \u00fcber unseren Service oder \u00fcber den Marktplatz eingebettet werden. Hier k\u00f6nnen Sie weitere Details zu diesen Optionen sehen und eine passendere ausw\u00e4hlen. <\/li> <\/ol> <\/div>\r\n\t\t\t\t\t<\/div>\r\n\t\t\t\t<\/div> <\/div> <\/div> <div class=\"application-platform-content-item-features application-platform-content-item\" id=\"features\" data-nav-section=\"features\"> <h2>Funktionen<\/h2> <p>Um eine bessere Wahrnehmung des Widgets zu gestalten, sehen Sie sich die an Liste seiner Hauptfunktionen. Sie machen dieses Widget f\u00fcr Sie maximal effizient: <\/p> <ul><li>Unbegrenzt viele Dateien einf\u00fcgen; <\/li> <li>Datei-Viewer-Layoutoption zum Lesen von Dokumenten auf der Website; <\/li> <li>Bilder f\u00fcr Symbole und Vorschauen hochladen; <\/li> <li>Dokumenttext anzeigen oder verbergen; <\/li> <li>Details zur Benutzeroberfl\u00e4che von Color 6. <\/li> <\/ul><p><a href=\"#demo\">Sehen Sie sich alle Funktionen in unserer Live-Demo an<\/a><\/p> <\/div> <div class=\"application-platform-content-item-installation application-platform-content-item\" id=\"installation\" data-nav-section=\"installation\"> <h2>Erfahren Sie, wie Sie das File Embed-Widget in Ihre Wix-Site einf\u00fcgen. Es ist unkompliziert.<\/h2> <div class=\"video-container\"><iframe width=\"560\" height=\"315\" src=\"https:\/\/www.youtube.com\/embed\/QMT_L_FRewE?si=MR3KnLVY05V3LixS\" frameborder=\"0\" allow=\"accelerometer; autoplay; clipboard-write; encrypted-media; gyroscope; picture-in-picture; web-share\" allowfullscreen><\/iframe><\/div><p>Die folgenden Schritte sind das Einzige, was Sie zur Demonstration ausf\u00fchren m\u00fcssen. <\/p> <ol><li><b>Erstellen Sie Ihr eigenes File Embed-Plugin<\/b><br> Gestalten Sie in unserem kostenlosen Konfigurator ein Plugin mit einer ausgew\u00e4hlten Zusammensetzung und funktionalen Merkmalen. <\/li><li><b>Holen Sie sich den individuellen Code zur Anzeige des Plugins<\/b><br> Nachdem Sie Ihr Widget konfiguriert haben, erhalten Sie den Installationscode aus dem erscheinenden Fenster auf Elfsight Apps. Kopiere diesen Code. <\/li> <li><b>Zeigen Sie das Plugin auf Ihrer Wix-Website an<\/b><br> Definieren Sie den Bereich, in dem Sie das Plugin hinzuf\u00fcgen m\u00f6chten, und f\u00fcgen Sie den kopierten Code dort ein. Speichern Sie die Ergebnisse. <\/li> <li><b>Die Einbettung ist erfolgreich! <\/b><br> Besuchen Sie Ihr Gesch\u00e4ft, um einen Blick auf Ihre Arbeit zu werfen. <\/li> <\/ol><p>Immer noch unruhig? Oder haben Sie Probleme? Schreiben Sie einfach eine Anfrage an unser Support-Team, es wird sein Bestes tun, um Ihnen zu helfen. <\/p> <\/div>\n","protected":false},"excerpt":{"rendered":"","protected":false},"author":9,"featured_media":0,"parent":2146,"menu_order":0,"comment_status":"closed","ping_status":"closed","template":"templates\/template-application-platform.php","meta":{"publish_to_discourse":"","publish_post_category":"","wpdc_auto_publish_overridden":"","wpdc_topic_tags":"","wpdc_pin_topic":"","wpdc_pin_until":"","discourse_post_id":"","discourse_permalink":"","wpdc_publishing_response":"","wpdc_publishing_error":"","footnotes":""},"class_list":["post-20381","page","type-page","status-publish","hentry"],"yoast_head":"<!-- This site is optimized with the Yoast SEO plugin v25.3.1 - https:\/\/yoast.com\/wordpress\/plugins\/seo\/ -->\n<title>File Viewer-App \u2013 Betten Sie beliebige Dateien auf Ihrer Wix-Website ein (2025)<\/title>\n<meta name=\"description\" content=\"Es ist ein Kinderspiel, Ihre File Embed-App zu erstellen und auf der Wix-Website zu platzieren. Der Kundensupport von Elfsight ist kostenlos und schnell.\" \/>\n<meta name=\"robots\" content=\"index, follow, max-snippet:-1, max-image-preview:large, max-video-preview:-1\" \/>\n<link rel=\"canonical\" href=\"https:\/\/elfsight.com\/de\/file-embed-widget\/wix\/\" \/>\n<meta property=\"og:locale\" content=\"de_DE\" \/>\n<meta property=\"og:type\" content=\"article\" \/>\n<meta property=\"og:title\" content=\"File Viewer-App \u2013 Betten Sie beliebige Dateien auf Ihrer Wix-Website ein (2025)\" \/>\n<meta property=\"og:description\" content=\"Es ist ein Kinderspiel, Ihre File Embed-App zu erstellen und auf der Wix-Website zu platzieren. Der Kundensupport von Elfsight ist kostenlos und schnell.\" \/>\n<meta property=\"og:url\" content=\"https:\/\/elfsight.com\/de\/file-embed-widget\/wix\/\" \/>\n<meta property=\"og:site_name\" content=\"Elfsight DE\" \/>\n<meta property=\"article:modified_time\" content=\"2025-02-21T09:03:09+00:00\" \/>\n<meta name=\"twitter:card\" content=\"summary_large_image\" \/>\n<meta name=\"twitter:label1\" content=\"Gesch\u00e4tzte Lesezeit\" \/>\n\t<meta name=\"twitter:data1\" content=\"3\u00a0Minuten\" \/>\n<!-- \/ Yoast SEO plugin. -->","yoast_head_json":{"title":"File Viewer-App \u2013 Betten Sie beliebige Dateien auf Ihrer Wix-Website ein (2025)","description":"Es ist ein Kinderspiel, Ihre File Embed-App zu erstellen und auf der Wix-Website zu platzieren. Der Kundensupport von Elfsight ist kostenlos und schnell.","robots":{"index":"index","follow":"follow","max-snippet":"max-snippet:-1","max-image-preview":"max-image-preview:large","max-video-preview":"max-video-preview:-1"},"canonical":"https:\/\/elfsight.com\/de\/file-embed-widget\/wix\/","og_locale":"de_DE","og_type":"article","og_title":"File Viewer-App \u2013 Betten Sie beliebige Dateien auf Ihrer Wix-Website ein (2025)","og_description":"Es ist ein Kinderspiel, Ihre File Embed-App zu erstellen und auf der Wix-Website zu platzieren. Der Kundensupport von Elfsight ist kostenlos und schnell.","og_url":"https:\/\/elfsight.com\/de\/file-embed-widget\/wix\/","og_site_name":"Elfsight DE","article_modified_time":"2025-02-21T09:03:09+00:00","twitter_card":"summary_large_image","twitter_misc":{"Gesch\u00e4tzte Lesezeit":"3\u00a0Minuten"},"schema":{"@context":"https:\/\/schema.org","@graph":[{"@type":"WebPage","@id":"https:\/\/elfsight.com\/de\/file-embed-widget\/wix\/","url":"https:\/\/elfsight.com\/de\/file-embed-widget\/wix\/","name":"File Viewer-App \u2013 Betten Sie beliebige Dateien auf Ihrer Wix-Website ein (2025)","isPartOf":{"@id":"https:\/\/elfsight.com\/de\/#website"},"datePublished":"2024-05-03T06:37:10+00:00","dateModified":"2025-02-21T09:03:09+00:00","description":"Es ist ein Kinderspiel, Ihre File Embed-App zu erstellen und auf der Wix-Website zu platzieren. Der Kundensupport von Elfsight ist kostenlos und schnell.","breadcrumb":{"@id":"https:\/\/elfsight.com\/de\/file-embed-widget\/wix\/#breadcrumb"},"inLanguage":"de","potentialAction":[{"@type":"ReadAction","target":["https:\/\/elfsight.com\/de\/file-embed-widget\/wix\/"]}]},{"@type":"BreadcrumbList","@id":"https:\/\/elfsight.com\/de\/file-embed-widget\/wix\/#breadcrumb","itemListElement":[{"@type":"ListItem","position":1,"name":"Home","item":"https:\/\/elfsight.com\/de\/"},{"@type":"ListItem","position":2,"name":"File Embed","item":"https:\/\/elfsight.com\/de\/file-embed-widget\/"},{"@type":"ListItem","position":3,"name":"File Embed &#8211; Wix"}]},{"@type":"WebSite","@id":"https:\/\/elfsight.com\/de\/#website","url":"https:\/\/elfsight.com\/de\/","name":"Elfsight DE","description":"Just another Elfsight Sites site","potentialAction":[{"@type":"SearchAction","target":{"@type":"EntryPoint","urlTemplate":"https:\/\/elfsight.com\/de\/?s={search_term_string}"},"query-input":{"@type":"PropertyValueSpecification","valueRequired":true,"valueName":"search_term_string"}}],"inLanguage":"de"}]}},"meta_box":{"industry":"","seo_heading":"","heading":"","description":"","cta_heading":"","cta_description":"","application":"485","h1":"Wix File Embed-App","h1_caption":"Betten Sie Dokumente, Tabellenkalkulationen und andere Dateien auf Ihrer Website ein, um sie einfach anzuzeigen und m\u00fchelos auf Ihre Website von Wix herunterzuladen.","application_category":[],"applications_title":"","applications_request_title":"","applications_request_button_text":"","hero_text":"","hero_video":"","hero_video_schema_markup":"","selling_points_title":"","selling_points_caption":"","selling_points":[],"selling_points_cta_text":"","features_title":"","features":"","ed_cta_examples_text":"","ed_cta_examples_hidden":"","ed_cta_demo_text":"","ed_cta_demo_hidden":"","why_caption":"","why_editor_title":"","why_editor_text":"","why_team_title":"","why_team_text":"","why_service_title":"","why_service_text":"","template_catalog_visible":"0","template_catalog_title":"","template_catalog_text":"","template_catalog_categories_visible":"","demo_title":"Erstellen Sie Ihre File Embed-App","demo_caption":"Konfigurieren Sie Ihre Dateieinbettung und f\u00fcgen Sie sie kostenlos zu Ihrer Wix-Website hinzu!","default_faq_hidden":"","app_template_category":[],"platform":"265","template_public_id":"","codecanyon_url":"","codecanyon_item_id":"","codecanyon_price":"","pricing_caption":"","pricing_elfsight_apps_hide_column":"","pricing_elfsight_apps_url":"","pricing_codecanyon_price_caption":"","integration_category":[],"integration_request_title":"","integration_request_cta":"","integration_platform":"","integrations":[],"platform_category":[],"video_schema_markup":"","price":"ab 0 $ \/ Monat","trial":"","benefits":[{"text":"Kostenlose Installationshilfe"},{"text":"Effektiver Kundenservice"},{"text":"14-t\u00e4gige Geld-zur\u00fcck-Garantie"},{"text":"St\u00e4ndige Aktualisierung"}],"button_url":"#demo","button_target_blank":"0","button_nofollow":"0","attributes":[{"name":"Installiert","content":"10,000 - 100,000"},{"name":"Reaktionsfreudig","content":"Ja"},{"name":"Kompatible Browser","content":"Firefox, Edge, Chrome, Safari, Opera"}],"tags":[],"tags_disable_links":"0","hide_more_platforms":"0","video_object":"","demo_hide_cta":"0","demo_hide_cloud_options":"0","pricing_title":"","pricing":[{"pricing_icon":"platform","pricing_title":"Elfsight Apps","pricing_title_caption":"Plattformunabh\u00e4ngige Software, die auf jeder Website funktioniert","pricing_price":"ab 0 $ \/ Monat","pricing_price_caption":"Beginnen Sie mit einem kostenlosen Plan","pricing_benefits":[{"text":"Unbegrenzte Domains"},{"text":"Schneller Kundensupport"},{"text":"Kostenloser Installationsservice"},{"text":"Sonderangebot f\u00fcr mehrere Apps"}],"pricing_button_text":"Zur Website hinzuf\u00fcgen","pricing_button_url":"#demo"}],"related_apps_title":"","related_apps_hidden":"0","author":"","image":[],"title":"","job":"","social_networks":[]},"_links":{"self":[{"href":"https:\/\/elfsight.com\/de\/wp-json\/wp\/v2\/pages\/20381","targetHints":{"allow":["GET"]}}],"collection":[{"href":"https:\/\/elfsight.com\/de\/wp-json\/wp\/v2\/pages"}],"about":[{"href":"https:\/\/elfsight.com\/de\/wp-json\/wp\/v2\/types\/page"}],"author":[{"embeddable":true,"href":"https:\/\/elfsight.com\/de\/wp-json\/wp\/v2\/users\/9"}],"replies":[{"embeddable":true,"href":"https:\/\/elfsight.com\/de\/wp-json\/wp\/v2\/comments?post=20381"}],"version-history":[{"count":3,"href":"https:\/\/elfsight.com\/de\/wp-json\/wp\/v2\/pages\/20381\/revisions"}],"predecessor-version":[{"id":24688,"href":"https:\/\/elfsight.com\/de\/wp-json\/wp\/v2\/pages\/20381\/revisions\/24688"}],"up":[{"embeddable":true,"href":"https:\/\/elfsight.com\/de\/wp-json\/wp\/v2\/pages\/2146"}],"wp:attachment":[{"href":"https:\/\/elfsight.com\/de\/wp-json\/wp\/v2\/media?parent=20381"}],"curies":[{"name":"wp","href":"https:\/\/api.w.org\/{rel}","templated":true}]}}