{"id":20376,"date":"2024-05-03T06:37:09","date_gmt":"2024-05-03T06:37:09","guid":{"rendered":"https:\/\/elfsight.com\/de\/?page_id=20376"},"modified":"2025-02-21T09:05:33","modified_gmt":"2025-02-21T09:05:33","slug":"wordpress","status":"publish","type":"page","link":"https:\/\/elfsight.com\/de\/file-embed-widget\/wordpress\/","title":{"rendered":"File Embed &#8211; WordPress"},"content":{"rendered":"\n<div class=\"application-platform-content-item-description application-platform-content-item\" id=\"description\" data-nav-section=\"description\"> <h2>Einbetten von Dateien in WordPress mit dem Elfsight-Widget<\/h2> <p>Elfsight File Embed ist die praktischste und schnellste M\u00f6glichkeit zur Integration von Dateien auf Ihrer Website. F\u00fcgen Sie alle g\u00e4ngigen Dateien ein: PDF, Docx, Jpg, Jpeg \u2013 insgesamt rund 20 Formate. Zur Vereinfachung der Verwendung k\u00f6nnen Dateien einfach durch Hochladen, Hinzuf\u00fcgen ihrer URLs oder durch Auswahl aus den k\u00fcrzlich hochgeladenen Dateien hinzugef\u00fcgt werden. Sie k\u00f6nnen jeder Datei einen Namen geben, Ihr eigenes Symbol oder Bild hochladen, eine Dateilayoutvariante ausw\u00e4hlen und vieles mehr. Website-Benutzer k\u00f6nnen die Dokumente direkt auf der Website lesen, sie in einem neuen Tab \u00f6ffnen und herunterladen. <\/p> <div class=\"faq\" data-component=\"FAQ\"> <div class=\"faq-item\">\r\n\t\t\t\t\t<div class=\"faq-item-question\">\r\n\t\t\t\t\t\t<h3 class=\"faq-item-question-text\">Wo auf meiner Website kann ich es einbetten?<\/h3>\r\n\r\n\t\t\t\t\t\t<div class=\"faq-item-question-icon\"><\/div>\r\n\t\t\t\t\t<\/div>\r\n\r\n\t\t\t\t\t<div class=\"faq-item-answer\">\r\n\t\t\t\t\t\t<div class=\"faq-item-answer-text\"> <p>Sie k\u00f6nnen \u201eFile Embed\u201c gerne auf allen Seiten der Website anzeigen. Sie k\u00f6nnen es also verwenden, um Ihre technischen Dokumente oder Spezifikationen auf den entsprechenden Produktseiten einzuf\u00fcgen oder Ihre Diplome und Zertifikate auf der Zielseite zu pr\u00e4sentieren. <\/p> <\/div>\r\n\t\t\t\t\t<\/div>\r\n\t\t\t\t<\/div> <div class=\"faq-item\">\r\n\t\t\t\t\t<div class=\"faq-item-question\">\r\n\t\t\t\t\t\t<h3 class=\"faq-item-question-text\">Welche Vorteile kann es mir bieten?<\/h3>\r\n\r\n\t\t\t\t\t\t<div class=\"faq-item-question-icon\"><\/div>\r\n\t\t\t\t\t<\/div>\r\n\r\n\t\t\t\t\t<div class=\"faq-item-answer\">\r\n\t\t\t\t\t\t<div class=\"faq-item-answer-text\"> <p>Mit diesem Widget sparen Sie viel Zeit, da die Integration von Dokumenten in Ihre Website nur wenige Sekunden dauert. Au\u00dferdem k\u00f6nnen Sie viele aussagekr\u00e4ftige Informationen \u00fcber Ihre Artikel oder Dienstleistungen verbreiten und das Verst\u00e4ndnis der Kunden f\u00fcr Ihre Angebote verbessern. <\/p> <\/div>\r\n\t\t\t\t\t<\/div>\r\n\t\t\t\t<\/div> <div class=\"faq-item\">\r\n\t\t\t\t\t<div class=\"faq-item-question\">\r\n\t\t\t\t\t\t<h3 class=\"faq-item-question-text\">Was ben\u00f6tige ich, um File Embed auf meiner WordPress-Site zu installieren?<\/h3>\r\n\r\n\t\t\t\t\t\t<div class=\"faq-item-question-icon\"><\/div>\r\n\t\t\t\t\t<\/div>\r\n\r\n\t\t\t\t\t<div class=\"faq-item-answer\">\r\n\t\t\t\t\t\t<div class=\"faq-item-answer-text\"> <p>Sie ben\u00f6tigen nur eine Minute Ihrer Zeit, um mit der Verwendung des Widgets zu beginnen. Die Einbettung erfolgt extrem schnell, kostenlos und ohne Programmieraufwand. <\/p> <ol> <li>Sie k\u00f6nnen das Widget direkt \u00fcber unseren Service auf Ihrer Webseite platzieren. Wenden Sie einfach die Anweisungen unten auf dieser Seite an. <\/li> <li>Das Widget kann \u00fcber unseren Service oder \u00fcber den Marktplatz eingebunden werden. Sie k\u00f6nnen die beiden Varianten n\u00e4her kennenlernen und sich f\u00fcr Ihre entscheiden. <\/li> <\/ol> <\/div>\r\n\t\t\t\t\t<\/div>\r\n\t\t\t\t<\/div> <\/div> <\/div> <div class=\"application-platform-content-item-features application-platform-content-item\" id=\"features\" data-nav-section=\"features\"> <h2>Hauptfunktionen des Dateieinbettungs-Widgets<\/h2> <p>Um eine klarere Vorstellung zu vermitteln Hier ist die Liste der wesentlichen Funktionen des Widgets. Sie machen dieses Widget f\u00fcr Ihr Unternehmen wirklich n\u00fctzlich: <\/p> <ul><li>Beliebig viele Dokumente anzeigen; <\/li> <li>Datei-Viewer-Layoutvariante zum Lesen von Dokumenten auf der Website; <\/li> <li>Bilder f\u00fcr Dokumentsymbole und Vorschauen hochladen; <\/li> <li>Download-Dateitext anzeigen oder ausblenden; <\/li> <li>Details zur Paint 6-Schnittstelle. <\/li> <\/ul><p> <a href=\"#demo\">Die Demo zeigt Ihnen weitere Funktionen<\/a><\/p> <\/div> <div class=\"application-platform-content-item-installation application-platform-content-item\" id=\"installation\" data-nav-section=\"installation\"> <h2>Sehen wir uns an, wie Sie das File Embed-Widget in Ihre WordPress-Site einbetten. <\/h2> <div class=\"video-container\"><iframe width=\"560\" height=\"315\" src=\"https:\/\/www.youtube.com\/embed\/RtBBRptIOY0?si=fbHNBwBHX5eB0pv0\" frameborder=\"0\" allow=\"accelerometer; autoplay; clipboard-write; encrypted-media; gyroscope; picture-in-picture; web-share\" allowfullscreen><\/iframe><\/div><p>Die folgenden Schritte sind das Einzige, was Sie zum Ver\u00f6ffentlichen ben\u00f6tigen. <\/p> <ol><li><b>\u00d6ffnen Sie unseren kostenlosen Editor und beginnen Sie mit der Arbeit mit Ihrem benutzerdefinierten File Embed-Plugin. <\/b><br> Finden Sie das benutzerdefinierte Layout und die Optionen des Plugins und speichern Sie alle Korrekturen. <\/li> <li><b>Erhalten Sie den eindeutigen Code, der im Fenster von Elfsight Apps angezeigt wird. <\/b><br> Sobald die Konfiguration Ihres Plugins abgeschlossen ist, kopieren Sie den pers\u00f6nlichen Code aus dem erscheinenden Fenster und bewahren Sie ihn f\u00fcr zuk\u00fcnftige Gelegenheiten auf. <\/li> <li><b>Initiieren Sie die Verwendung des Plugins auf Ihrer WordPress-Seite. <\/b><br> Betten Sie den zuvor gespeicherten Code in Ihre Webseite ein und \u00fcbernehmen Sie die \u00c4nderungen. <\/li> <li><b>Fertig! Die Einbettung ist vollst\u00e4ndig durchgef\u00fchrt. <\/b><br> Besuchen Sie Ihre Website, um die Funktionsweise des Plugins zu sehen. <\/li><\/ol><p>Immer noch nicht entschieden? Oder haben Sie Fragen? Senden Sie einfach eine Anfrage an unseren Kundenservice, er wird jedes Ihrer Probleme l\u00f6sen. <\/p> <\/div>\n","protected":false},"excerpt":{"rendered":"","protected":false},"author":9,"featured_media":0,"parent":2146,"menu_order":0,"comment_status":"closed","ping_status":"closed","template":"templates\/template-application-platform.php","meta":{"publish_to_discourse":"","publish_post_category":"","wpdc_auto_publish_overridden":"","wpdc_topic_tags":"","wpdc_pin_topic":"","wpdc_pin_until":"","discourse_post_id":"","discourse_permalink":"","wpdc_publishing_response":"","wpdc_publishing_error":"","footnotes":""},"class_list":["post-20376","page","type-page","status-publish","hentry"],"yoast_head":"<!-- This site is optimized with the Yoast SEO plugin v25.3.1 - https:\/\/yoast.com\/wordpress\/plugins\/seo\/ -->\n<title>Datei-Viewer-Plugin \u2013 Betten Sie beliebige Dateien auf Ihrer WordPress-Website ein (2025)<\/title>\n<meta name=\"description\" content=\"Entwerfen Sie Ihr File Embed-Plugin und zeigen Sie es im Handumdrehen auf der WordPress-Website an. Wir bieten kostenlosen Kundensupport und andere Boni.\" \/>\n<meta name=\"robots\" content=\"index, follow, max-snippet:-1, max-image-preview:large, max-video-preview:-1\" \/>\n<link rel=\"canonical\" href=\"https:\/\/elfsight.com\/de\/file-embed-widget\/wordpress\/\" \/>\n<meta property=\"og:locale\" content=\"de_DE\" \/>\n<meta property=\"og:type\" content=\"article\" \/>\n<meta property=\"og:title\" content=\"Datei-Viewer-Plugin \u2013 Betten Sie beliebige Dateien auf Ihrer WordPress-Website ein (2025)\" \/>\n<meta property=\"og:description\" content=\"Entwerfen Sie Ihr File Embed-Plugin und zeigen Sie es im Handumdrehen auf der WordPress-Website an. Wir bieten kostenlosen Kundensupport und andere Boni.\" \/>\n<meta property=\"og:url\" content=\"https:\/\/elfsight.com\/de\/file-embed-widget\/wordpress\/\" \/>\n<meta property=\"og:site_name\" content=\"Elfsight DE\" \/>\n<meta property=\"article:modified_time\" content=\"2025-02-21T09:05:33+00:00\" \/>\n<meta name=\"twitter:card\" content=\"summary_large_image\" \/>\n<meta name=\"twitter:label1\" content=\"Gesch\u00e4tzte Lesezeit\" \/>\n\t<meta name=\"twitter:data1\" content=\"3\u00a0Minuten\" \/>\n<!-- \/ Yoast SEO plugin. -->","yoast_head_json":{"title":"Datei-Viewer-Plugin \u2013 Betten Sie beliebige Dateien auf Ihrer WordPress-Website ein (2025)","description":"Entwerfen Sie Ihr File Embed-Plugin und zeigen Sie es im Handumdrehen auf der WordPress-Website an. Wir bieten kostenlosen Kundensupport und andere Boni.","robots":{"index":"index","follow":"follow","max-snippet":"max-snippet:-1","max-image-preview":"max-image-preview:large","max-video-preview":"max-video-preview:-1"},"canonical":"https:\/\/elfsight.com\/de\/file-embed-widget\/wordpress\/","og_locale":"de_DE","og_type":"article","og_title":"Datei-Viewer-Plugin \u2013 Betten Sie beliebige Dateien auf Ihrer WordPress-Website ein (2025)","og_description":"Entwerfen Sie Ihr File Embed-Plugin und zeigen Sie es im Handumdrehen auf der WordPress-Website an. Wir bieten kostenlosen Kundensupport und andere Boni.","og_url":"https:\/\/elfsight.com\/de\/file-embed-widget\/wordpress\/","og_site_name":"Elfsight DE","article_modified_time":"2025-02-21T09:05:33+00:00","twitter_card":"summary_large_image","twitter_misc":{"Gesch\u00e4tzte Lesezeit":"3\u00a0Minuten"},"schema":{"@context":"https:\/\/schema.org","@graph":[{"@type":"WebPage","@id":"https:\/\/elfsight.com\/de\/file-embed-widget\/wordpress\/","url":"https:\/\/elfsight.com\/de\/file-embed-widget\/wordpress\/","name":"Datei-Viewer-Plugin \u2013 Betten Sie beliebige Dateien auf Ihrer WordPress-Website ein (2025)","isPartOf":{"@id":"https:\/\/elfsight.com\/de\/#website"},"datePublished":"2024-05-03T06:37:09+00:00","dateModified":"2025-02-21T09:05:33+00:00","description":"Entwerfen Sie Ihr File Embed-Plugin und zeigen Sie es im Handumdrehen auf der WordPress-Website an. Wir bieten kostenlosen Kundensupport und andere Boni.","breadcrumb":{"@id":"https:\/\/elfsight.com\/de\/file-embed-widget\/wordpress\/#breadcrumb"},"inLanguage":"de","potentialAction":[{"@type":"ReadAction","target":["https:\/\/elfsight.com\/de\/file-embed-widget\/wordpress\/"]}]},{"@type":"BreadcrumbList","@id":"https:\/\/elfsight.com\/de\/file-embed-widget\/wordpress\/#breadcrumb","itemListElement":[{"@type":"ListItem","position":1,"name":"Home","item":"https:\/\/elfsight.com\/de\/"},{"@type":"ListItem","position":2,"name":"File Embed","item":"https:\/\/elfsight.com\/de\/file-embed-widget\/"},{"@type":"ListItem","position":3,"name":"File Embed &#8211; WordPress"}]},{"@type":"WebSite","@id":"https:\/\/elfsight.com\/de\/#website","url":"https:\/\/elfsight.com\/de\/","name":"Elfsight DE","description":"Just another Elfsight Sites site","potentialAction":[{"@type":"SearchAction","target":{"@type":"EntryPoint","urlTemplate":"https:\/\/elfsight.com\/de\/?s={search_term_string}"},"query-input":{"@type":"PropertyValueSpecification","valueRequired":true,"valueName":"search_term_string"}}],"inLanguage":"de"}]}},"meta_box":{"industry":"","seo_heading":"","heading":"","description":"","cta_heading":"","cta_description":"","application":"485","h1":"WordPress-Plugin zum Einbetten von Dateien","h1_caption":"Integrieren Sie mehr als 20 Dateiformate auf Ihrer Website, damit Benutzer sie verwenden oder herunterladen k\u00f6nnen","application_category":[],"applications_title":"","applications_request_title":"","applications_request_button_text":"","hero_text":"","hero_video":"","hero_video_schema_markup":"","selling_points_title":"","selling_points_caption":"","selling_points":[],"selling_points_cta_text":"","features_title":"","features":"","ed_cta_examples_text":"","ed_cta_examples_hidden":"","ed_cta_demo_text":"","ed_cta_demo_hidden":"","why_caption":"","why_editor_title":"","why_editor_text":"","why_team_title":"","why_team_text":"","why_service_title":"","why_service_text":"","template_catalog_visible":"0","template_catalog_title":"","template_catalog_text":"","template_catalog_categories_visible":"","demo_title":"Erstellen Sie Ihr File Embed-Plugin","demo_caption":"Konfigurieren Sie Ihre Dateieinbettung und f\u00fcgen Sie sie kostenlos zu Ihrer WordPress-Website hinzu!","default_faq_hidden":"","app_template_category":[],"platform":"266","template_public_id":"","codecanyon_url":"","codecanyon_item_id":"","codecanyon_price":"","pricing_caption":"","pricing_elfsight_apps_hide_column":"","pricing_elfsight_apps_url":"","pricing_codecanyon_price_caption":"","integration_category":[],"integration_request_title":"","integration_request_cta":"","integration_platform":"","integrations":[],"platform_category":[],"video_schema_markup":"","price":"ab 0 $ \/ Monat","trial":"","benefits":[{"text":"Kostenlose Installationshilfe"},{"text":"Kompetenter Kundenservice"},{"text":"14-t\u00e4gige Geld-zur\u00fcck-Garantie"},{"text":"Zuk\u00fcnftige Updates"}],"button_url":"#demo","button_target_blank":"0","button_nofollow":"0","attributes":[{"name":"Installiert","content":"10,000 - 100,000"},{"name":"Reaktionsfreudig","content":"Ja"},{"name":"Kompatible Browser","content":"Firefox, Safari, Opera, Chrome, Edge"}],"tags":[],"tags_disable_links":"0","hide_more_platforms":"0","video_object":"","demo_hide_cta":"0","demo_hide_cloud_options":"0","pricing_title":"","pricing":[{"pricing_icon":"platform","pricing_title":"Elfsight Apps","pricing_title_caption":"Plattformunabh\u00e4ngige Version","pricing_price":"ab 0 $ \/ Monat","pricing_price_caption":"Beginnen Sie mit einem kostenlosen Plan","pricing_benefits":[{"text":"Unbegrenzte Domains"},{"text":"Premium-Unternehmensunterst\u00fctzung"},{"text":"Kostenloser Installationssupport"},{"text":"Sonderpreis f\u00fcr mehrere Apps"}],"pricing_button_text":"Zur Website hinzuf\u00fcgen","pricing_button_url":"#demo"}],"related_apps_title":"","related_apps_hidden":"0","author":"","image":[],"title":"","job":"","social_networks":[]},"_links":{"self":[{"href":"https:\/\/elfsight.com\/de\/wp-json\/wp\/v2\/pages\/20376","targetHints":{"allow":["GET"]}}],"collection":[{"href":"https:\/\/elfsight.com\/de\/wp-json\/wp\/v2\/pages"}],"about":[{"href":"https:\/\/elfsight.com\/de\/wp-json\/wp\/v2\/types\/page"}],"author":[{"embeddable":true,"href":"https:\/\/elfsight.com\/de\/wp-json\/wp\/v2\/users\/9"}],"replies":[{"embeddable":true,"href":"https:\/\/elfsight.com\/de\/wp-json\/wp\/v2\/comments?post=20376"}],"version-history":[{"count":3,"href":"https:\/\/elfsight.com\/de\/wp-json\/wp\/v2\/pages\/20376\/revisions"}],"predecessor-version":[{"id":24690,"href":"https:\/\/elfsight.com\/de\/wp-json\/wp\/v2\/pages\/20376\/revisions\/24690"}],"up":[{"embeddable":true,"href":"https:\/\/elfsight.com\/de\/wp-json\/wp\/v2\/pages\/2146"}],"wp:attachment":[{"href":"https:\/\/elfsight.com\/de\/wp-json\/wp\/v2\/media?parent=20376"}],"curies":[{"name":"wp","href":"https:\/\/api.w.org\/{rel}","templated":true}]}}