{"id":20374,"date":"2024-05-03T06:37:07","date_gmt":"2024-05-03T06:37:07","guid":{"rendered":"https:\/\/elfsight.com\/de\/?page_id=20374"},"modified":"2025-07-08T10:42:13","modified_gmt":"2025-07-08T10:42:13","slug":"iframe","status":"publish","type":"page","link":"https:\/\/elfsight.com\/de\/file-embed-widget\/iframe\/","title":{"rendered":"File Embed &#8211; iFrame"},"content":{"rendered":"<div class=\"application-platform-content-item-description application-platform-content-item\" id=\"description\" data-nav-section=\"description\"><h2>Einbetten von Dateien in iFrame mit dem Elfsight-Widget<\/h2><p>Das Elfsight-Widget zum Einbetten von Dateien ist eine der praktischsten und schnellsten M\u00f6glichkeiten daf\u00fcr Einf\u00fcgen von Dateien in eine Website. F\u00fcgen Sie alle g\u00e4ngigen Formate ein: PDF, Docx, XLSX, Pptx \u2013 insgesamt etwa 20 Typen. Zur Vereinfachung der Verwendung k\u00f6nnen alle Dokumente durch einfaches Hochladen, Eingeben ihrer URLs oder Ausw\u00e4hlen aus den k\u00fcrzlich hochgeladenen Dokumenten integriert werden. Mit den Funktionen k\u00f6nnen Sie jeder Datei einen eigenen Titel geben, ein Symbol und ein Bild hochladen, eine Dateilayoutvariante ausw\u00e4hlen und vieles mehr. Das Website-Publikum kann die Dateien direkt auf Ihrer Seite lesen, in einem neuen Tab anzeigen und herunterladen.<\/p><p><b>F\u00fcgen Sie jede Art von Datei ein, die Sie ben\u00f6tigen, und verbessern Sie die Benutzererfahrung!<\/b><\/p> <\/div><div class=\"application-platform-content-item-features application-platform-content-item\" id=\"features\" data-nav-section=\"features\"><h2>Hauptfunktionen des File Embed-Widget<\/h2><p>Weitere Informationen zum File Embed-Widget finden Sie in der Liste seiner wichtigsten Funktionen. Sie machen unser Widget f\u00fcr Ihre Werbung unglaublich effektiv: <\/p> <ul><li>Betten Sie eine unbegrenzte Anzahl von Dateien ein; <\/li> <li>Datei-Viewer-Layoutvariante zum Lesen von Dateien auf der Website; <\/li> <li>Bilder f\u00fcr Symbole und Vorschauen hochladen; <\/li> <li>Download-Dokumenttext anzeigen oder entfernen; <\/li> <li>Sechs farbbare Details der Benutzeroberfl\u00e4che. <\/li> <\/ul><p><a href=\"#demo\">Sehen Sie sich alle Funktionen in der Live-Demo an<\/a><\/p><\/div><div class=\"application-platform-content-item-installation application-platform-content-item\" id=\"installation\" data-nav-section=\"installation\"><h2>So betten Sie den Datei-Viewer in die iFrame-Website ein<\/h2><p>Diese einfachen Schritte sind das Einzige, was Sie tun m\u00fcssen, um das Widget zu aktivieren. <\/p> <ol><li><b>Entwerfen Sie Ihr individuelles Datei-Plugin<\/b><br> Richten Sie mithilfe unserer kostenlosen Demo ein Plugin mit einem ausgew\u00e4hlten Layout und funktionalen Merkmalen ein. <\/li><li><b>Kopieren Sie den individuellen Code, um das Plugin zu installieren<\/b><br> Nachdem Sie Ihr Widget angepasst haben, erhalten Sie Ihren Installationscode aus der angezeigten Benachrichtigung auf Elfsight Apps. Kopiere es. <\/li> <li><b>Zeigen Sie das Plugin auf Ihrer iFrame-Site an<\/b><br> Suchen Sie den Ort, an dem Sie das Plugin einbetten m\u00f6chten, und f\u00fcgen Sie dort den gespeicherten Code ein. Speichern Sie die \u00c4nderungen. <\/li> <li><b>Herzlichen Gl\u00fcckwunsch! Sie haben das Widget gerade eingebettet! <\/b><br> Besuchen Sie die Website, um Ihre Arbeit zu \u00fcberpr\u00fcfen.<\/li> <\/ol><p>Z\u00f6gern Sie nicht, uns mitzuteilen, wenn Sie Hilfe ben\u00f6tigen. Unser Kundenservice-Team hilft Ihnen gerne weiter. <\/p><div class=\"faq\" data-component=\"FAQ\"><div class=\"faq-item\">\r\n\t\t\t\t\t<div class=\"faq-item-question\">\r\n\t\t\t\t\t\t<h3 class=\"faq-item-question-text\">Wie kann ich ohne Programmierkenntnisse FAQs zu meiner iFrame-Website hinzuf\u00fcgen?<\/h3>\r\n\r\n\t\t\t\t\t\t<div class=\"faq-item-question-icon\"><\/div>\r\n\t\t\t\t\t<\/div>\r\n\r\n\t\t\t\t\t<div class=\"faq-item-answer\">\r\n\t\t\t\t\t\t<div class=\"faq-item-answer-text\"> <p>Elfsight bietet eine SaaS-L\u00f6sung, mit der Sie selbst ein FAQ-Widget erstellen und sehen k\u00f6nnen, wie einfach der Vorgang ist : Arbeiten Sie direkt im Online-Editor, um ein FAQ-Widget zu erstellen, das Sie auf Ihrer iFrame-Website sehen m\u00f6chten. W\u00e4hlen Sie eine der vorgefertigten Vorlagen aus und passen Sie die FAQ-Einstellungen an, f\u00fcgen Sie Ihre Inhalte hinzu, \u00e4ndern Sie das Layout und die Farben ohne Programmierkenntnisse. Speichern Sie die FAQ und kopieren Sie den Installationscode, den Sie m\u00fchelos in Ihre iFrame-Website einf\u00fcgen k\u00f6nnen, ohne ein kostenpflichtiges Abonnement kaufen zu m\u00fcssen. Mit unserem intuitiven Editor kann jeder Internetnutzer online ein FAQ-Widget erstellen und es einfach in seine iFrame-Website einbetten. Sie m\u00fcssen weder bezahlen noch Ihre Kartendaten eingeben, um auf den Service zuzugreifen. Sollten bei irgendeinem Schritt Probleme auftreten, wenden Sie sich bitte an unser technisches Support-Team.<\/p> <\/div>\r\n\t\t\t\t\t<\/div>\r\n\t\t\t\t<\/div> <\/div><\/div>","protected":false},"excerpt":{"rendered":"","protected":false},"author":9,"featured_media":0,"parent":2146,"menu_order":0,"comment_status":"closed","ping_status":"closed","template":"templates\/template-application-platform.php","meta":{"publish_to_discourse":"","publish_post_category":"","wpdc_auto_publish_overridden":"","wpdc_topic_tags":"","wpdc_pin_topic":"","wpdc_pin_until":"","discourse_post_id":"","discourse_permalink":"","wpdc_publishing_response":"","wpdc_publishing_error":"","footnotes":""},"class_list":["post-20374","page","type-page","status-publish","hentry"],"yoast_head":"<!-- This site is optimized with the Yoast SEO plugin v25.3.1 - https:\/\/yoast.com\/wordpress\/plugins\/seo\/ -->\n<title>iFrame File Viewer-Plugin f\u00fcr Ihre Website (kostenlos und schnell)<\/title>\n<meta name=\"description\" content=\"Es ist ganz einfach, Ihr Datei-Viewer-Widget zu erstellen und es in die iFrame-Website einzubetten. Der Elfsight-Kundensupport ist kostenlos und schnell.\" \/>\n<meta name=\"robots\" content=\"index, follow, max-snippet:-1, max-image-preview:large, max-video-preview:-1\" \/>\n<link rel=\"canonical\" href=\"https:\/\/elfsight.com\/de\/file-embed-widget\/iframe\/\" \/>\n<meta property=\"og:locale\" content=\"de_DE\" \/>\n<meta property=\"og:type\" content=\"article\" \/>\n<meta property=\"og:title\" content=\"iFrame File Viewer-Plugin f\u00fcr Ihre Website (kostenlos und schnell)\" \/>\n<meta property=\"og:description\" content=\"Es ist ganz einfach, Ihr Datei-Viewer-Widget zu erstellen und es in die iFrame-Website einzubetten. Der Elfsight-Kundensupport ist kostenlos und schnell.\" \/>\n<meta property=\"og:url\" content=\"https:\/\/elfsight.com\/de\/file-embed-widget\/iframe\/\" \/>\n<meta property=\"og:site_name\" content=\"Elfsight DE\" \/>\n<meta property=\"article:modified_time\" content=\"2025-07-08T10:42:13+00:00\" \/>\n<meta name=\"twitter:card\" content=\"summary_large_image\" \/>\n<meta name=\"twitter:label1\" content=\"Gesch\u00e4tzte Lesezeit\" \/>\n\t<meta name=\"twitter:data1\" content=\"3\u00a0Minuten\" \/>\n<!-- \/ Yoast SEO plugin. -->","yoast_head_json":{"title":"iFrame File Viewer-Plugin f\u00fcr Ihre Website (kostenlos und schnell)","description":"Es ist ganz einfach, Ihr Datei-Viewer-Widget zu erstellen und es in die iFrame-Website einzubetten. Der Elfsight-Kundensupport ist kostenlos und schnell.","robots":{"index":"index","follow":"follow","max-snippet":"max-snippet:-1","max-image-preview":"max-image-preview:large","max-video-preview":"max-video-preview:-1"},"canonical":"https:\/\/elfsight.com\/de\/file-embed-widget\/iframe\/","og_locale":"de_DE","og_type":"article","og_title":"iFrame File Viewer-Plugin f\u00fcr Ihre Website (kostenlos und schnell)","og_description":"Es ist ganz einfach, Ihr Datei-Viewer-Widget zu erstellen und es in die iFrame-Website einzubetten. Der Elfsight-Kundensupport ist kostenlos und schnell.","og_url":"https:\/\/elfsight.com\/de\/file-embed-widget\/iframe\/","og_site_name":"Elfsight DE","article_modified_time":"2025-07-08T10:42:13+00:00","twitter_card":"summary_large_image","twitter_misc":{"Gesch\u00e4tzte Lesezeit":"3\u00a0Minuten"},"schema":{"@context":"https:\/\/schema.org","@graph":[{"@type":"WebPage","@id":"https:\/\/elfsight.com\/de\/file-embed-widget\/iframe\/","url":"https:\/\/elfsight.com\/de\/file-embed-widget\/iframe\/","name":"iFrame File Viewer-Plugin f\u00fcr Ihre Website (kostenlos und schnell)","isPartOf":{"@id":"https:\/\/elfsight.com\/de\/#website"},"datePublished":"2024-05-03T06:37:07+00:00","dateModified":"2025-07-08T10:42:13+00:00","description":"Es ist ganz einfach, Ihr Datei-Viewer-Widget zu erstellen und es in die iFrame-Website einzubetten. Der Elfsight-Kundensupport ist kostenlos und schnell.","breadcrumb":{"@id":"https:\/\/elfsight.com\/de\/file-embed-widget\/iframe\/#breadcrumb"},"inLanguage":"de","potentialAction":[{"@type":"ReadAction","target":["https:\/\/elfsight.com\/de\/file-embed-widget\/iframe\/"]}]},{"@type":"BreadcrumbList","@id":"https:\/\/elfsight.com\/de\/file-embed-widget\/iframe\/#breadcrumb","itemListElement":[{"@type":"ListItem","position":1,"name":"Home","item":"https:\/\/elfsight.com\/de\/"},{"@type":"ListItem","position":2,"name":"File Embed","item":"https:\/\/elfsight.com\/de\/file-embed-widget\/"},{"@type":"ListItem","position":3,"name":"File Embed &#8211; iFrame"}]},{"@type":"WebSite","@id":"https:\/\/elfsight.com\/de\/#website","url":"https:\/\/elfsight.com\/de\/","name":"Elfsight DE","description":"Just another Elfsight Sites site","potentialAction":[{"@type":"SearchAction","target":{"@type":"EntryPoint","urlTemplate":"https:\/\/elfsight.com\/de\/?s={search_term_string}"},"query-input":{"@type":"PropertyValueSpecification","valueRequired":true,"valueName":"search_term_string"}}],"inLanguage":"de"}]}},"meta_box":{"industry":"","seo_heading":"","heading":"","description":"","cta_heading":"","cta_description":"","application":"485","h1":"iFrame File Viewer-Plugin","h1_caption":"Betten Sie Dokumente, Tabellenkalkulationen und andere Dateien in Ihre Website ein, um sie einfach anzuzeigen und m\u00fchelos auf Ihre iFrame-Website herunterzuladen.","application_category":[],"applications_title":"","applications_request_title":"","applications_request_button_text":"","hero_text":"","hero_video":"","hero_video_schema_markup":"","selling_points_title":"","selling_points_caption":"","selling_points":[],"selling_points_cta_text":"","features_title":"","features":"","ed_cta_examples_text":"","ed_cta_examples_hidden":"","ed_cta_demo_text":"","ed_cta_demo_hidden":"","why_caption":"","why_editor_title":"","why_editor_text":"","why_team_title":"","why_team_text":"","why_service_title":"","why_service_text":"","template_catalog_visible":"","template_catalog_title":"","template_catalog_text":"","template_catalog_categories_visible":"","demo_title":"Erstellen Sie Ihr Dateieinbettungs-Widget","demo_caption":"Konfigurieren Sie Ihre Dateieinbettung und f\u00fcgen Sie sie kostenlos zu Ihrer iFrame-Website hinzu!","default_faq_hidden":"","app_template_category":[],"platform":"240","template_public_id":"","codecanyon_url":"","codecanyon_item_id":"","codecanyon_price":"","pricing_caption":"","pricing_elfsight_apps_hide_column":"","pricing_elfsight_apps_url":"","pricing_codecanyon_price_caption":"","integration_category":[],"integration_request_title":"","integration_request_cta":"","integration_platform":"","integrations":[],"platform_category":[],"video_schema_markup":"","price":"ab 0 $ \/ Monat","trial":"","benefits":[{"text":"Kostenlose Installationsunterst\u00fctzung"},{"text":"Au\u00dfergew\u00f6hnliche Unterst\u00fctzung"},{"text":"14-t\u00e4gige R\u00fcckerstattungsgarantie"},{"text":"Regelm\u00e4\u00dfige Verbesserungen"}],"button_url":"#demo","button_target_blank":"","button_nofollow":"","attributes":[{"name":"Installiert","content":"10,000 - 100,000"},{"name":"Reaktionsfreudig","content":"Ja"},{"name":"Kompatible Browser","content":"Opera, Chrome, Safari, Firefox, Edge"}],"tags":[],"tags_disable_links":"","hide_more_platforms":"","video_object":"","demo_hide_cta":"","demo_hide_cloud_options":"","pricing_title":"","pricing":[{"pricing_icon":"platform","pricing_title":"Elfsight Apps","pricing_title_caption":"Plattformunabh\u00e4ngige digitale L\u00f6sung, die zu jeder Website passt","pricing_price":"ab 0 $ \/ Monat","pricing_price_caption":"Beginnen Sie mit einem kostenlosen Plan","pricing_benefits":[{"text":"Unbegrenzte Anzahl an Domains"},{"text":"Engagierter Kundensupport"},{"text":"Kostenlose Installationsunterst\u00fctzung"},{"text":"Sonderangebot f\u00fcr mehrere Apps"}],"pricing_button_text":"Zur Website hinzuf\u00fcgen","pricing_button_url":"#demo"}],"related_apps_title":"","related_apps_hidden":"","author":"","image":[],"title":"","job":"","social_networks":[]},"_links":{"self":[{"href":"https:\/\/elfsight.com\/de\/wp-json\/wp\/v2\/pages\/20374","targetHints":{"allow":["GET"]}}],"collection":[{"href":"https:\/\/elfsight.com\/de\/wp-json\/wp\/v2\/pages"}],"about":[{"href":"https:\/\/elfsight.com\/de\/wp-json\/wp\/v2\/types\/page"}],"author":[{"embeddable":true,"href":"https:\/\/elfsight.com\/de\/wp-json\/wp\/v2\/users\/9"}],"replies":[{"embeddable":true,"href":"https:\/\/elfsight.com\/de\/wp-json\/wp\/v2\/comments?post=20374"}],"version-history":[{"count":1,"href":"https:\/\/elfsight.com\/de\/wp-json\/wp\/v2\/pages\/20374\/revisions"}],"predecessor-version":[{"id":20378,"href":"https:\/\/elfsight.com\/de\/wp-json\/wp\/v2\/pages\/20374\/revisions\/20378"}],"up":[{"embeddable":true,"href":"https:\/\/elfsight.com\/de\/wp-json\/wp\/v2\/pages\/2146"}],"wp:attachment":[{"href":"https:\/\/elfsight.com\/de\/wp-json\/wp\/v2\/media?parent=20374"}],"curies":[{"name":"wp","href":"https:\/\/api.w.org\/{rel}","templated":true}]}}