{"id":20373,"date":"2024-05-03T06:37:06","date_gmt":"2024-05-03T06:37:06","guid":{"rendered":"https:\/\/elfsight.com\/de\/?page_id=20373"},"modified":"2025-07-08T10:41:55","modified_gmt":"2025-07-08T10:41:55","slug":"facebook","status":"publish","type":"page","link":"https:\/\/elfsight.com\/de\/file-embed-widget\/facebook\/","title":{"rendered":"File Embed &#8211; Facebook Page"},"content":{"rendered":"<div class=\"application-platform-content-item-description application-platform-content-item\" id=\"description\" data-nav-section=\"description\"><h2>Beschreibung<\/h2><p>Das Elfsight-Datei-Widget ist eines der einfachsten und schnellsten Tools zum Hochladen von Dateien auf Ihrer Seite. Integrieren Sie alle am h\u00e4ufigsten verwendeten Dateien: PDF, Docx, Jpg, Jpeg \u2013 insgesamt etwa 20 Typen. F\u00fcr den Benutzerkomfort k\u00f6nnen Dateien durch direktes Hochladen, Hinzuf\u00fcgen ihrer URLs oder Auswahl aus den k\u00fcrzlich hochgeladenen Dateien hinzugef\u00fcgt werden. Sie k\u00f6nnen jedem Dokument einen Titel geben, ein benutzerdefiniertes Symbol oder Bild hochladen, ein Layout ausw\u00e4hlen und vieles mehr. Seitenbenutzer k\u00f6nnen die Dateien direkt auf der Seite lesen, in einem neuen Browser-Tab ansehen und herunterladen. <\/p><p><b>Laden Sie W\u00f6rter, Dokumente, Bilder und mehr in Sekundenschnelle auf Ihre Facebook-Seite hoch!<\/b><\/p><\/div><div class=\"application-platform-content-item-features application-platform-content-item\" id=\"features\" data-nav-section=\"features\"><h2>Funktionen <\/h2><p>\u00dcberpr\u00fcfen Sie alle funktionalen Merkmale des Produkts. Sie sind direkt im Editor verf\u00fcgbar und helfen Ihnen, das Widget speziell f\u00fcr Ihren Anwendungsfall zu konfigurieren. <\/p><ul><li>Unbegrenzt viele Dokumente hochladen; <\/li><li>Datei-Viewer-Layoutoption zum Lesen von Dokumenten auf der Seite; <\/li><li>Bilder f\u00fcr Symbole und Vorschauen hochladen; <\/li><li>Download-Dokumenttext anzeigen oder entfernen; <\/li><li>6 f\u00e4rbbare Elemente der Benutzeroberfl\u00e4che. <\/li><\/ul><p><a href=\"#demo\">\u00dcberpr\u00fcfen Sie alle anderen Funktionen in der Demo<\/a><\/p><\/div> <div class=\"application-platform-content-item-installation application-platform-content-item\" id=\"installation\" data-nav-section=\"installation\"><h2> Wie lade ich eine Datei auf eine Facebook-Seite hoch?<\/h2><p>Um das Widget zu Ihrer Facebook-Unternehmensseite hinzuzuf\u00fcgen, befolgen Sie einfach die folgenden Richtlinien<\/p><ul><li><b>Entwerfen Sie Ihr individuelles Datei-Widget<\/b><br>Verwalten Sie unsere kostenlose Demo, gestalten Sie ein Plugin \u2013 w\u00e4hlen Sie ein Layout, w\u00e4hlen Sie Farben aus und f\u00fcgen Sie Dateien hinzu.<\/li><li><b>Erhalten Sie den pers\u00f6nlichen Code, um das Plugin zu ver\u00f6ffentlichen<\/b><br> Nachdem Sie Ihr Widget angepasst haben, erhalten Sie im angezeigten Fenster von Elfsight Apps einen Installationscode. Kopieren Sie diesen Code f\u00fcr die zuk\u00fcnftige Verwendung. <\/li><li><b>F\u00fcgen Sie das Datei-Widget zur Facebook-Seite hinzu<\/b><br> Erstellen Sie Ihren benutzerdefinierten Facebook-Tab. F\u00fcgen Sie den Code, den Sie bei elfsight apps erhalten haben, in die Registerkarte ein. Wenn Sie Probleme haben, lesen Sie einfach unseren Leitfaden unter <a href=\"https:\/\/elfsight.com\/blog\/how-to-add-custom-tab-to-facebook-page\/\" target=\"_blank\" rel=\"noopener noreferrer\">Benutzerdefinierten Facebook-Tab erstellen<\/a><\/li><li><b>Sie haben die Installation erfolgreich abgeschlossen<\/b><br>Besuchen Sie Ihre Seite, um einen Blick auf Ihre Arbeit zu werfen.<\/li><\/ul><p>Nehmen Sie sich eine Minute Zeit, um sich an den Kundensupport zu wenden, falls Sie Hilfe ben\u00f6tigen oder Probleme haben. Wir helfen Ihnen gerne bei jeder Anfrage weiter.<\/p><div class=\"faq\" data-component=\"FAQ\"><div class=\"faq-item\">\r\n\t\t\t\t\t<div class=\"faq-item-question\">\r\n\t\t\t\t\t\t<h3 class=\"faq-item-question-text\">Wie kann ich ohne Programmierkenntnisse FAQ zu meiner Facebook-Seiten-Website hinzuf\u00fcgen?<\/h3>\r\n\r\n\t\t\t\t\t\t<div class=\"faq-item-question-icon\"><\/div>\r\n\t\t\t\t\t<\/div>\r\n\r\n\t\t\t\t\t<div class=\"faq-item-answer\">\r\n\t\t\t\t\t\t<div class=\"faq-item-answer-text\"> <p>Elfsight bietet eine SaaS-L\u00f6sung, mit der Sie erstellen k\u00f6nnen Wenn Sie selbst ein FAQ-Widget erstellen m\u00f6chten, sehen Sie, wie einfach der Vorgang ist: Arbeiten Sie direkt im Online-Editor, um ein FAQ-Widget zu erstellen, das Sie gerne auf Ihrer Facebook-Seiten-Website sehen m\u00f6chten. W\u00e4hlen Sie eine der vorgefertigten Vorlagen aus und passen Sie die FAQ-Einstellungen an, f\u00fcgen Sie Ihre Inhalte hinzu, \u00e4ndern Sie das Layout und die Farben ohne Programmierkenntnisse. Speichern Sie die FAQ und kopieren Sie den Installationscode, den Sie einfach in Ihre Facebook-Seiten-Website einf\u00fcgen k\u00f6nnen, ohne ein kostenpflichtiges Abonnement zu kaufen. Mit unserem intuitiven Editor kann jeder Internetnutzer online ein FAQ-Widget erstellen und es ganz einfach in seine Facebook-Seite einbetten. Sie m\u00fcssen weder bezahlen noch Ihre Kartendaten eingeben, um auf den Service zuzugreifen. Sollten bei irgendeinem Schritt Probleme auftreten, wenden Sie sich bitte an unser technisches Support-Team.<\/p> <\/div>\r\n\t\t\t\t\t<\/div>\r\n\t\t\t\t<\/div> <\/div><\/div>","protected":false},"excerpt":{"rendered":"","protected":false},"author":9,"featured_media":0,"parent":2146,"menu_order":0,"comment_status":"closed","ping_status":"closed","template":"templates\/template-application-platform.php","meta":{"publish_to_discourse":"","publish_post_category":"","wpdc_auto_publish_overridden":"","wpdc_topic_tags":"","wpdc_pin_topic":"","wpdc_pin_until":"","discourse_post_id":"","discourse_permalink":"","wpdc_publishing_response":"","wpdc_publishing_error":"","footnotes":""},"class_list":["post-20373","page","type-page","status-publish","hentry"],"yoast_head":"<!-- This site is optimized with the Yoast SEO plugin v25.3.1 - https:\/\/yoast.com\/wordpress\/plugins\/seo\/ -->\n<title>So f\u00fcgen Sie eine Datei zu einer Facebook-Seite hinzu \u2013 Datei-Uploader und -Viewer (2025)<\/title>\n<meta name=\"description\" content=\"Erstellen Sie mit Elfsight Ihren Datei-Uploader und -Viewer und f\u00fcgen Sie schnell Dateien zu Ihrer Facebook-Seite hinzu. Wir bieten kostenlosen Kundenservice und andere Boni.\" \/>\n<meta name=\"robots\" content=\"index, follow, max-snippet:-1, max-image-preview:large, max-video-preview:-1\" \/>\n<link rel=\"canonical\" href=\"https:\/\/elfsight.com\/de\/file-embed-widget\/facebook\/\" \/>\n<meta property=\"og:locale\" content=\"de_DE\" \/>\n<meta property=\"og:type\" content=\"article\" \/>\n<meta property=\"og:title\" content=\"So f\u00fcgen Sie eine Datei zu einer Facebook-Seite hinzu \u2013 Datei-Uploader und -Viewer (2025)\" \/>\n<meta property=\"og:description\" content=\"Erstellen Sie mit Elfsight Ihren Datei-Uploader und -Viewer und f\u00fcgen Sie schnell Dateien zu Ihrer Facebook-Seite hinzu. Wir bieten kostenlosen Kundenservice und andere Boni.\" \/>\n<meta property=\"og:url\" content=\"https:\/\/elfsight.com\/de\/file-embed-widget\/facebook\/\" \/>\n<meta property=\"og:site_name\" content=\"Elfsight DE\" \/>\n<meta property=\"article:modified_time\" content=\"2025-07-08T10:41:55+00:00\" \/>\n<meta name=\"twitter:card\" content=\"summary_large_image\" \/>\n<meta name=\"twitter:label1\" content=\"Gesch\u00e4tzte Lesezeit\" \/>\n\t<meta name=\"twitter:data1\" content=\"3\u00a0Minuten\" \/>\n<!-- \/ Yoast SEO plugin. -->","yoast_head_json":{"title":"So f\u00fcgen Sie eine Datei zu einer Facebook-Seite hinzu \u2013 Datei-Uploader und -Viewer (2025)","description":"Erstellen Sie mit Elfsight Ihren Datei-Uploader und -Viewer und f\u00fcgen Sie schnell Dateien zu Ihrer Facebook-Seite hinzu. Wir bieten kostenlosen Kundenservice und andere Boni.","robots":{"index":"index","follow":"follow","max-snippet":"max-snippet:-1","max-image-preview":"max-image-preview:large","max-video-preview":"max-video-preview:-1"},"canonical":"https:\/\/elfsight.com\/de\/file-embed-widget\/facebook\/","og_locale":"de_DE","og_type":"article","og_title":"So f\u00fcgen Sie eine Datei zu einer Facebook-Seite hinzu \u2013 Datei-Uploader und -Viewer (2025)","og_description":"Erstellen Sie mit Elfsight Ihren Datei-Uploader und -Viewer und f\u00fcgen Sie schnell Dateien zu Ihrer Facebook-Seite hinzu. Wir bieten kostenlosen Kundenservice und andere Boni.","og_url":"https:\/\/elfsight.com\/de\/file-embed-widget\/facebook\/","og_site_name":"Elfsight DE","article_modified_time":"2025-07-08T10:41:55+00:00","twitter_card":"summary_large_image","twitter_misc":{"Gesch\u00e4tzte Lesezeit":"3\u00a0Minuten"},"schema":{"@context":"https:\/\/schema.org","@graph":[{"@type":"WebPage","@id":"https:\/\/elfsight.com\/de\/file-embed-widget\/facebook\/","url":"https:\/\/elfsight.com\/de\/file-embed-widget\/facebook\/","name":"So f\u00fcgen Sie eine Datei zu einer Facebook-Seite hinzu \u2013 Datei-Uploader und -Viewer (2025)","isPartOf":{"@id":"https:\/\/elfsight.com\/de\/#website"},"datePublished":"2024-05-03T06:37:06+00:00","dateModified":"2025-07-08T10:41:55+00:00","description":"Erstellen Sie mit Elfsight Ihren Datei-Uploader und -Viewer und f\u00fcgen Sie schnell Dateien zu Ihrer Facebook-Seite hinzu. Wir bieten kostenlosen Kundenservice und andere Boni.","breadcrumb":{"@id":"https:\/\/elfsight.com\/de\/file-embed-widget\/facebook\/#breadcrumb"},"inLanguage":"de","potentialAction":[{"@type":"ReadAction","target":["https:\/\/elfsight.com\/de\/file-embed-widget\/facebook\/"]}]},{"@type":"BreadcrumbList","@id":"https:\/\/elfsight.com\/de\/file-embed-widget\/facebook\/#breadcrumb","itemListElement":[{"@type":"ListItem","position":1,"name":"Home","item":"https:\/\/elfsight.com\/de\/"},{"@type":"ListItem","position":2,"name":"File Embed","item":"https:\/\/elfsight.com\/de\/file-embed-widget\/"},{"@type":"ListItem","position":3,"name":"File Embed &#8211; Facebook Page"}]},{"@type":"WebSite","@id":"https:\/\/elfsight.com\/de\/#website","url":"https:\/\/elfsight.com\/de\/","name":"Elfsight DE","description":"Just another Elfsight Sites site","potentialAction":[{"@type":"SearchAction","target":{"@type":"EntryPoint","urlTemplate":"https:\/\/elfsight.com\/de\/?s={search_term_string}"},"query-input":{"@type":"PropertyValueSpecification","valueRequired":true,"valueName":"search_term_string"}}],"inLanguage":"de"}]}},"meta_box":{"industry":"","seo_heading":"","heading":"","description":"","cta_heading":"","cta_description":"","application":"485","h1":"So f\u00fcgen Sie eine Datei zu einer Facebook-Seite hinzu","h1_caption":"Betten Sie Dokumente, Tabellenkalkulationen und andere Dateien in Ihre Website ein, um sie einfach anzuzeigen und m\u00fchelos auf Ihre Facebook-Seiten-Website herunterzuladen.","application_category":[],"applications_title":"","applications_request_title":"","applications_request_button_text":"","hero_text":"","hero_video":"","hero_video_schema_markup":"","selling_points_title":"","selling_points_caption":"","selling_points":[],"selling_points_cta_text":"","features_title":"","features":"","ed_cta_examples_text":"","ed_cta_examples_hidden":"","ed_cta_demo_text":"","ed_cta_demo_hidden":"","why_caption":"","why_editor_title":"","why_editor_text":"","why_team_title":"","why_team_text":"","why_service_title":"","why_service_text":"","template_catalog_visible":"","template_catalog_title":"","template_catalog_text":"","template_catalog_categories_visible":"","demo_title":"Erstellen Sie Ihr Dateieinbettungs-Widget","demo_caption":"Konfigurieren Sie Ihre Dateieinbettung und f\u00fcgen Sie sie kostenlos Ihrer Facebook-Seite hinzu!","default_faq_hidden":"","app_template_category":[],"platform":"216","template_public_id":"","codecanyon_url":"","codecanyon_item_id":"","codecanyon_price":"","pricing_caption":"","pricing_elfsight_apps_hide_column":"","pricing_elfsight_apps_url":"","pricing_codecanyon_price_caption":"","integration_category":[],"integration_request_title":"","integration_request_cta":"","integration_platform":"","integrations":[],"platform_category":[],"video_schema_markup":"","price":"ab 0 $ \/ Monat","trial":"","benefits":[{"text":"Kostenloser Installationsservice"},{"text":"Erfahrener Kundensupport"},{"text":"14-t\u00e4gige Geld-zur\u00fcck-Garantie"},{"text":"Laufende Updates"}],"button_url":"#demo","button_target_blank":"","button_nofollow":"","attributes":[{"name":"Installiert","content":"10,000 - 100,000"},{"name":"Empf\u00e4nglichkeit","content":"Funktioniert auf mobilen Websites"},{"name":"Kompatible Browser","content":"Edge, Opera, Safari, Firefox, Chrome"}],"tags":[],"tags_disable_links":"","hide_more_platforms":"","video_object":"","demo_hide_cta":"","demo_hide_cloud_options":"","pricing_title":"","pricing":[{"pricing_icon":"platform","pricing_title":"Elfsight Apps","pricing_title_caption":"Plattform\u00fcbergreifende Software","pricing_price":"ab 0 $ \/ Monat","pricing_price_caption":"Beginnen Sie mit einem kostenlosen Plan","pricing_benefits":[{"text":"Unbegrenzte Websites"},{"text":"Premium-Unternehmensunterst\u00fctzung"},{"text":"Kostenloser Installationssupport"},{"text":"100 % anpassbar"}],"pricing_button_text":"Zur Website hinzuf\u00fcgen","pricing_button_url":"#demo"}],"related_apps_title":"","related_apps_hidden":"","author":"","image":[],"title":"","job":"","social_networks":[]},"_links":{"self":[{"href":"https:\/\/elfsight.com\/de\/wp-json\/wp\/v2\/pages\/20373","targetHints":{"allow":["GET"]}}],"collection":[{"href":"https:\/\/elfsight.com\/de\/wp-json\/wp\/v2\/pages"}],"about":[{"href":"https:\/\/elfsight.com\/de\/wp-json\/wp\/v2\/types\/page"}],"author":[{"embeddable":true,"href":"https:\/\/elfsight.com\/de\/wp-json\/wp\/v2\/users\/9"}],"replies":[{"embeddable":true,"href":"https:\/\/elfsight.com\/de\/wp-json\/wp\/v2\/comments?post=20373"}],"version-history":[{"count":1,"href":"https:\/\/elfsight.com\/de\/wp-json\/wp\/v2\/pages\/20373\/revisions"}],"predecessor-version":[{"id":20377,"href":"https:\/\/elfsight.com\/de\/wp-json\/wp\/v2\/pages\/20373\/revisions\/20377"}],"up":[{"embeddable":true,"href":"https:\/\/elfsight.com\/de\/wp-json\/wp\/v2\/pages\/2146"}],"wp:attachment":[{"href":"https:\/\/elfsight.com\/de\/wp-json\/wp\/v2\/media?parent=20373"}],"curies":[{"name":"wp","href":"https:\/\/api.w.org\/{rel}","templated":true}]}}