{"id":20368,"date":"2024-05-03T06:37:05","date_gmt":"2024-05-03T06:37:05","guid":{"rendered":"https:\/\/elfsight.com\/de\/?page_id=20368"},"modified":"2025-02-21T09:06:59","modified_gmt":"2025-02-21T09:06:59","slug":"woocommerce","status":"publish","type":"page","link":"https:\/\/elfsight.com\/de\/file-embed-widget\/woocommerce\/","title":{"rendered":"File Embed &#8211; WooCommerce"},"content":{"rendered":"\n<div class=\"application-platform-content-item-description application-platform-content-item\" id=\"description\" data-nav-section=\"description\"><h2>Beschreibung<\/h2><p>Elfsight File Viewer ist eines der praktischsten und schnellsten Tools zum Einf\u00fcgen von Dateien in eine Website. F\u00fcgen Sie alle g\u00e4ngigen Formate ein: PDF, Docx, XLSX, Jpeg \u2013 insgesamt rund 20 M\u00f6glichkeiten. Zur Vereinfachung der Verwendung k\u00f6nnen Dateien eingebettet werden, indem Sie sie \u00fcber die URLs hochladen oder aus der Liste der zuletzt hochgeladenen Dateien ausw\u00e4hlen. Sie k\u00f6nnen jeder Datei einen eigenen Titel geben, Ihr eigenes Symbol oder Bild hochladen, ein Layout ausw\u00e4hlen und vieles mehr. Website-Benutzer k\u00f6nnen die Dokumente direkt auf der Website \u00fcberpr\u00fcfen, in einem neuen Browser-Tab anzeigen und herunterladen.<\/p><p><b>Verwenden Sie File Embed, um Ihre Gesch\u00e4ftsziele schneller zu erreichen!<\/b><\/p><\/div> <div class=\"application-platform-content-item-features application-platform-content-item\" id=\"features\" data-nav-section=\"features\"><h2>Zu den grundlegenden Widget-Funktionen geh\u00f6ren<\/h2><ul><li>Unbegrenzt viele Dokumente einf\u00fcgen;<\/li><li>Datei-Viewer-Layoutoption zum Lesen von Dateien auf der Website; <\/li><li>Bilder f\u00fcr Dateisymbole und Vorschauen hochladen;<\/li><li>Download-Dokumenttext anzeigen oder ausblenden;<\/li><li>6 Details der Widget-Oberfl\u00e4che, die neu gezeichnet werden k\u00f6nnen.<\/li><\/ul><p><a href=\"#demo\">Schauen Sie sich einfach diese Demo an, um einen vollst\u00e4ndigen \u00dcberblick zu erhalten<\/a><\/p><\/div><div class=\"application-platform-content-item-installation application-platform-content-item\" id=\"installation\" data-nav-section=\"installation\"><h2>Wie F\u00fcge ich File Viewer zu meiner WooCommerce-Website hinzu?<\/h2><p>Befolgen Sie einfach die unten beschriebenen Schritte, um das Plugin hinzuzuf\u00fcgen.<\/p><ol><li><b>Verwalten Sie unseren kostenlosen Konfigurator und beginnen Sie mit der Gestaltung Ihres eigenen Instruments .<\/b><br>Finden Sie das bevorzugte Design und die Spezifikationen des Tools und speichern Sie die \u00c4nderungen.<\/li><li><b>Erhalten Sie Ihren pers\u00f6nlichen Code, der im Fenster von Elfsight Apps angezeigt wird.<\/b><br>Wenn die Einrichtung Ihres Plugins abgeschlossen ist, kopieren Sie den exklusiven Code im angezeigten Popup und speichern Sie ihn zur weiteren Verwendung.<\/li><li><b>Beginnen Sie mit der Verwendung des Plugins auf der WooCommerce-Website.<\/b><br>F\u00fcgen Sie den zuvor gespeicherten Code auf Ihrer Homepage hinzu und wenden Sie die Verbesserungen an.<\/li><li><b>Die Installation wurde erfolgreich durchgef\u00fchrt.<\/b><br>Gehen Sie zu Ihrer Webseite, um zu \u00fcberpr\u00fcfen, wie das Plugin funktioniert. <\/li><\/ol><p>Sollten Sie auf Hindernisse sto\u00dfen, k\u00f6nnen Sie sich gerne an unseren Support wenden. Unsere Berater sind bestrebt, alle Schwierigkeiten zu l\u00f6sen, die Sie m\u00f6glicherweise mit dem Plugin haben.<\/p><div class=\"faq\" data-component=\"FAQ\"><div class=\"faq-item\">\r\n\t\t\t\t\t<div class=\"faq-item-question\">\r\n\t\t\t\t\t\t<h3 class=\"faq-item-question-text\">Wie f\u00fcge ich File Embed zu meiner WooCommerce-Website hinzu, ohne \u00fcber Programmierkenntnisse zu verf\u00fcgen?<\/h3>\r\n\r\n\t\t\t\t\t\t<div class=\"faq-item-question-icon\"><\/div>\r\n\t\t\t\t\t<\/div>\r\n\r\n\t\t\t\t\t<div class=\"faq-item-answer\">\r\n\t\t\t\t\t\t<div class=\"faq-item-answer-text\"> <p>Elfsight bietet ein SaaS L\u00f6sung, mit der Sie selbst ein Dateieinbettungs-Widget erstellen k\u00f6nnen, sehen Sie, wie einfach der Vorgang ist: Arbeiten Sie direkt im Online-Editor, um ein Dateieinbettungs-Widget zu erstellen, das Sie gerne auf Ihrer WooCommerce-Website sehen w\u00fcrden. W\u00e4hlen Sie eine der vorgefertigten Vorlagen aus und passen Sie die Einstellungen f\u00fcr die Dateieinbettung an, f\u00fcgen Sie Ihre Inhalte hinzu, \u00e4ndern Sie das Layout und die Farben ohne Programmierkenntnisse. Speichern Sie die Datei Embed und kopieren Sie den Installationscode, den Sie m\u00fchelos in Ihre WooCommerce-Website einbinden k\u00f6nnen, ohne ein kostenpflichtiges Abonnement zu kaufen. Mit unserem intuitiven Editor kann jeder Internetnutzer online ein Dateieinbettungs-Widget erstellen und es einfach in seine WooCommerce-Website einbetten. Sie m\u00fcssen weder bezahlen noch Ihre Kartendaten eingeben, um auf den Service zuzugreifen. Sollten bei irgendeinem Schritt Probleme auftreten, wenden Sie sich bitte an unser technisches Support-Team.<\/p> <\/div>\r\n\t\t\t\t\t<\/div>\r\n\t\t\t\t<\/div> <\/div><\/div>\n","protected":false},"excerpt":{"rendered":"","protected":false},"author":9,"featured_media":0,"parent":2146,"menu_order":0,"comment_status":"closed","ping_status":"closed","template":"templates\/template-application-platform.php","meta":{"publish_to_discourse":"","publish_post_category":"","wpdc_auto_publish_overridden":"","wpdc_topic_tags":"","wpdc_pin_topic":"","wpdc_pin_until":"","discourse_post_id":"","discourse_permalink":"","wpdc_publishing_response":"","wpdc_publishing_error":"","footnotes":""},"class_list":["post-20368","page","type-page","status-publish","hentry"],"yoast_head":"<!-- This site is optimized with the Yoast SEO plugin v25.3.1 - https:\/\/yoast.com\/wordpress\/plugins\/seo\/ -->\n<title>WooCommerce File Viewer &amp; Embedder-Plugin f\u00fcr Ihre Website (2026)<\/title>\n<meta name=\"description\" content=\"Sie k\u00f6nnen das File Viewer &amp; Embedder-Plugin jetzt personalisieren und direkt \u00fcber die Demo zu Ihrer WooCommerce-Website hinzuf\u00fcgen.\" \/>\n<meta name=\"robots\" content=\"index, follow, max-snippet:-1, max-image-preview:large, max-video-preview:-1\" \/>\n<link rel=\"canonical\" href=\"https:\/\/elfsight.com\/de\/file-embed-widget\/woocommerce\/\" \/>\n<meta property=\"og:locale\" content=\"de_DE\" \/>\n<meta property=\"og:type\" content=\"article\" \/>\n<meta property=\"og:title\" content=\"WooCommerce File Viewer &amp; Embedder-Plugin f\u00fcr Ihre Website (2026)\" \/>\n<meta property=\"og:description\" content=\"Sie k\u00f6nnen das File Viewer &amp; Embedder-Plugin jetzt personalisieren und direkt \u00fcber die Demo zu Ihrer WooCommerce-Website hinzuf\u00fcgen.\" \/>\n<meta property=\"og:url\" content=\"https:\/\/elfsight.com\/de\/file-embed-widget\/woocommerce\/\" \/>\n<meta property=\"og:site_name\" content=\"Elfsight DE\" \/>\n<meta property=\"article:modified_time\" content=\"2025-02-21T09:06:59+00:00\" \/>\n<meta name=\"twitter:card\" content=\"summary_large_image\" \/>\n<meta name=\"twitter:label1\" content=\"Gesch\u00e4tzte Lesezeit\" \/>\n\t<meta name=\"twitter:data1\" content=\"3\u00a0Minuten\" \/>\n<!-- \/ Yoast SEO plugin. -->","yoast_head_json":{"title":"WooCommerce File Viewer & Embedder-Plugin f\u00fcr Ihre Website (2026)","description":"Sie k\u00f6nnen das File Viewer & Embedder-Plugin jetzt personalisieren und direkt \u00fcber die Demo zu Ihrer WooCommerce-Website hinzuf\u00fcgen.","robots":{"index":"index","follow":"follow","max-snippet":"max-snippet:-1","max-image-preview":"max-image-preview:large","max-video-preview":"max-video-preview:-1"},"canonical":"https:\/\/elfsight.com\/de\/file-embed-widget\/woocommerce\/","og_locale":"de_DE","og_type":"article","og_title":"WooCommerce File Viewer & Embedder-Plugin f\u00fcr Ihre Website (2026)","og_description":"Sie k\u00f6nnen das File Viewer & Embedder-Plugin jetzt personalisieren und direkt \u00fcber die Demo zu Ihrer WooCommerce-Website hinzuf\u00fcgen.","og_url":"https:\/\/elfsight.com\/de\/file-embed-widget\/woocommerce\/","og_site_name":"Elfsight DE","article_modified_time":"2025-02-21T09:06:59+00:00","twitter_card":"summary_large_image","twitter_misc":{"Gesch\u00e4tzte Lesezeit":"3\u00a0Minuten"},"schema":{"@context":"https:\/\/schema.org","@graph":[{"@type":"WebPage","@id":"https:\/\/elfsight.com\/de\/file-embed-widget\/woocommerce\/","url":"https:\/\/elfsight.com\/de\/file-embed-widget\/woocommerce\/","name":"WooCommerce File Viewer & Embedder-Plugin f\u00fcr Ihre Website (2026)","isPartOf":{"@id":"https:\/\/elfsight.com\/de\/#website"},"datePublished":"2024-05-03T06:37:05+00:00","dateModified":"2025-02-21T09:06:59+00:00","description":"Sie k\u00f6nnen das File Viewer & Embedder-Plugin jetzt personalisieren und direkt \u00fcber die Demo zu Ihrer WooCommerce-Website hinzuf\u00fcgen.","breadcrumb":{"@id":"https:\/\/elfsight.com\/de\/file-embed-widget\/woocommerce\/#breadcrumb"},"inLanguage":"de","potentialAction":[{"@type":"ReadAction","target":["https:\/\/elfsight.com\/de\/file-embed-widget\/woocommerce\/"]}]},{"@type":"BreadcrumbList","@id":"https:\/\/elfsight.com\/de\/file-embed-widget\/woocommerce\/#breadcrumb","itemListElement":[{"@type":"ListItem","position":1,"name":"Home","item":"https:\/\/elfsight.com\/de\/"},{"@type":"ListItem","position":2,"name":"File Embed","item":"https:\/\/elfsight.com\/de\/file-embed-widget\/"},{"@type":"ListItem","position":3,"name":"File Embed &#8211; WooCommerce"}]},{"@type":"WebSite","@id":"https:\/\/elfsight.com\/de\/#website","url":"https:\/\/elfsight.com\/de\/","name":"Elfsight DE","description":"Just another Elfsight Sites site","potentialAction":[{"@type":"SearchAction","target":{"@type":"EntryPoint","urlTemplate":"https:\/\/elfsight.com\/de\/?s={search_term_string}"},"query-input":{"@type":"PropertyValueSpecification","valueRequired":true,"valueName":"search_term_string"}}],"inLanguage":"de"}]}},"meta_box":{"industry":"","seo_heading":"","heading":"","description":"","cta_heading":"","cta_description":"","application":"485","h1":"WooCommerce File Viewer-Plugin","h1_caption":"Betten Sie Dokumente, Tabellenkalkulationen und andere Dateien in Ihre Website ein, um sie einfach anzuzeigen und m\u00fchelos auf Ihre WooCommerce-Website herunterzuladen.","application_category":[],"applications_title":"","applications_request_title":"","applications_request_button_text":"","hero_text":"","hero_video":"","hero_video_schema_markup":"","selling_points_title":"","selling_points_caption":"","selling_points":[],"selling_points_cta_text":"","features_title":"","features":"","ed_cta_examples_text":"","ed_cta_examples_hidden":"","ed_cta_demo_text":"","ed_cta_demo_hidden":"","why_caption":"","why_editor_title":"","why_editor_text":"","why_team_title":"","why_team_text":"","why_service_title":"","why_service_text":"","template_catalog_visible":"0","template_catalog_title":"","template_catalog_text":"","template_catalog_categories_visible":"","demo_title":"Erstellen Sie Ihre File Embed-App","demo_caption":"Konfigurieren Sie Ihre Dateieinbettung und f\u00fcgen Sie sie kostenlos zu Ihrer WooCommerce-Website hinzu!","default_faq_hidden":"","app_template_category":[],"platform":"200","template_public_id":"","codecanyon_url":"","codecanyon_item_id":"","codecanyon_price":"","pricing_caption":"","pricing_elfsight_apps_hide_column":"","pricing_elfsight_apps_url":"","pricing_codecanyon_price_caption":"","integration_category":[],"integration_request_title":"","integration_request_cta":"","integration_platform":"","integrations":[],"platform_category":[],"video_schema_markup":"","price":"ab 0 $ \/ Monat","trial":"","benefits":[{"text":"Kostenloser Installationsservice"},{"text":"Effektiver Kundenservice"},{"text":"14-t\u00e4gige Geld-zur\u00fcck-Garantie"},{"text":"Fortlaufende Entwicklung"}],"button_url":"#demo","button_target_blank":"0","button_nofollow":"0","attributes":[{"name":"Installiert","content":"10,000 - 100,000"},{"name":"Reaktionsfreudig","content":"Ja"},{"name":"Kompatible Browser","content":"Firefox, Safari, Opera, Chrome, Edge"}],"tags":[],"tags_disable_links":"0","hide_more_platforms":"0","video_object":"","demo_hide_cta":"0","demo_hide_cloud_options":"0","pricing_title":"","pricing":[{"pricing_icon":"platform","pricing_title":"Elfsight Apps","pricing_title_caption":"Plattformunabh\u00e4ngige Software, die f\u00fcr jede Site geeignet ist","pricing_price":"ab 0 $ \/ Monat","pricing_price_caption":"Beginnen Sie mit einem kostenlosen Plan","pricing_benefits":[{"text":"Unbegrenzte Websites"},{"text":"Unternehmensunterst\u00fctzung rund um die Uhr"},{"text":"Kostenloser Installationssupport"},{"text":"100 % anpassbar"}],"pricing_button_text":"Zur Website hinzuf\u00fcgen","pricing_button_url":"#demo"}],"related_apps_title":"","related_apps_hidden":"0","author":"","image":[],"title":"","job":"","social_networks":[]},"_links":{"self":[{"href":"https:\/\/elfsight.com\/de\/wp-json\/wp\/v2\/pages\/20368","targetHints":{"allow":["GET"]}}],"collection":[{"href":"https:\/\/elfsight.com\/de\/wp-json\/wp\/v2\/pages"}],"about":[{"href":"https:\/\/elfsight.com\/de\/wp-json\/wp\/v2\/types\/page"}],"author":[{"embeddable":true,"href":"https:\/\/elfsight.com\/de\/wp-json\/wp\/v2\/users\/9"}],"replies":[{"embeddable":true,"href":"https:\/\/elfsight.com\/de\/wp-json\/wp\/v2\/comments?post=20368"}],"version-history":[{"count":2,"href":"https:\/\/elfsight.com\/de\/wp-json\/wp\/v2\/pages\/20368\/revisions"}],"predecessor-version":[{"id":24691,"href":"https:\/\/elfsight.com\/de\/wp-json\/wp\/v2\/pages\/20368\/revisions\/24691"}],"up":[{"embeddable":true,"href":"https:\/\/elfsight.com\/de\/wp-json\/wp\/v2\/pages\/2146"}],"wp:attachment":[{"href":"https:\/\/elfsight.com\/de\/wp-json\/wp\/v2\/media?parent=20368"}],"curies":[{"name":"wp","href":"https:\/\/api.w.org\/{rel}","templated":true}]}}