{"id":20366,"date":"2024-05-03T06:37:03","date_gmt":"2024-05-03T06:37:03","guid":{"rendered":"https:\/\/elfsight.com\/de\/?page_id=20366"},"modified":"2025-07-08T10:42:06","modified_gmt":"2025-07-08T10:42:06","slug":"google-sites","status":"publish","type":"page","link":"https:\/\/elfsight.com\/de\/file-embed-widget\/google-sites\/","title":{"rendered":"File Embed &#8211; Google Sites"},"content":{"rendered":"<div class=\"application-platform-content-item-description application-platform-content-item\" id=\"description\" data-nav-section=\"description\"> <h2>Einbetten von Dateien auf Google Sites mit dem Elfsight-Widget<\/h2> <p>Elfsight File Embed f\u00fcr Google ist das praktischste und schnellste Widget f\u00fcr Hochladen von Dateien auf Ihrer Website. F\u00fcgen Sie alle am h\u00e4ufigsten verwendeten Dateiformate hinzu: PDF, Docx, XLSX, JPEG \u2013 insgesamt etwa 20 Typen. Zur besseren Bequemlichkeit k\u00f6nnen Dokumente durch Hochladen, Hinzuf\u00fcgen der URLs oder Ausw\u00e4hlen aus der Liste der zuletzt hochgeladenen Dokumente integriert werden. Sie k\u00f6nnen jedem Dokument einen eigenen Titel geben, ein Symbol oder Bild hochladen, eine Layoutoption ausw\u00e4hlen und vieles mehr. Website-Benutzer k\u00f6nnen die Dateien direkt auf Ihrer Website anzeigen, in einem neuen Browser-Tab anzeigen und herunterladen. <\/p> <p><b>Beginnen Sie mit der Anwendung von File Viewer, um Ihre Gesch\u00e4ftsspitzen leichter zu bew\u00e4ltigen!<\/b><\/p> <\/div> <div class=\"application-platform-content-item-features application-platform-content-item\" id=\"features\" data-nav-section=\"features\"> <h2>Nachfolgend finden Sie die Grundfunktionen von Widget: <\/h2> <ul><li>Beliebig viele Dokumente einf\u00fcgen; <\/li> <li>Datei-Viewer-Layoutvariante zum Lesen von Dokumenten auf der Website; <\/li> <li>Bilder f\u00fcr Dokumentsymbole und Vorschauen hochladen; <\/li> <li>Download-Dateitext anzeigen oder ausschalten; <\/li> <li> W\u00e4hlen Sie Farben f\u00fcr sechs Oberfl\u00e4chenelemente. <\/li> <\/ul><p><a href=\"#demo\">Mit Hilfe der Demo k\u00f6nnen Sie erleben, was das Widget bietet<\/a><\/p> <\/div> <div class=\"application-platform-content-item- Installation application-platform-content-item\" id=\" Installation\" data-nav-section=\" Installation\"> <h2>Wie lade ich ein File Viewer-Widget auf Google Sites hoch?<\/h2> <p>Befolgen Sie einfach die unten aufgef\u00fchrten Schritte, um mit der Arbeit mit dem Tool zu beginnen.<\/p> <ol><li><b> Nutzen Sie unseren kostenlosen Konfigurator und beginnen Sie mit der Erstellung Ihres ma\u00dfgeschneiderten Plugins.<\/b><br> Bestimmen Sie das gew\u00fcnschte Layout und die Eigenschaften des Plugins und speichern Sie die Korrekturen.<\/li> <li><b>Holen Sie sich Ihren individuellen Code wird im Fenster von Elfsight Apps angezeigt.<\/b><br> Kopieren Sie direkt nach der Einrichtung Ihres pers\u00f6nlichen Plugins den pers\u00f6nlichen Code aus dem angezeigten Feld und speichern Sie ihn zur weiteren Verwendung.<\/li> <li><b>Initiieren Sie die Nutzung der Dateieinbettung auf Google Sites.<\/b><br> Geben Sie den zuvor kopierten Code in Ihre Website ein und \u00fcbernehmen Sie die Verbesserungen.<\/li> <li><b>Die Installation wurde erfolgreich durchgef\u00fchrt.<\/b><br> Besuchen Sie Ihre Website, um zu sehen, wie das Tool funktioniert.<\/li><\/ol> <div class=\"tip-yellow tip\"><b>Aufgrund der Besonderheiten der Google Sites-Funktion sieht das Widget m\u00f6glicherweise anders aus als die Online-Demo. Wir entschuldigen uns f\u00fcr etwaige Unannehmlichkeiten.<\/b><\/div><p>Wenn Sie Fragen beantworten oder auf Probleme sto\u00dfen, wenden Sie sich bitte an unser Support-Team. Unsere Spezialisten helfen Ihnen gerne bei allen Problemen, die Sie m\u00f6glicherweise mit dem Plugin haben.<\/p> <div class=\"faq\" data-component=\"FAQ\"><div class=\"faq-item\">\r\n\t\t\t\t\t<div class=\"faq-item-question\">\r\n\t\t\t\t\t\t<h3 class=\"faq-item-question-text\">Wie f\u00fcge ich FAQ zu meiner Google Sites-Website hinzu, ohne \u00fcber Programmierkenntnisse zu verf\u00fcgen?<\/h3>\r\n\r\n\t\t\t\t\t\t<div class=\"faq-item-question-icon\"><\/div>\r\n\t\t\t\t\t<\/div>\r\n\r\n\t\t\t\t\t<div class=\"faq-item-answer\">\r\n\t\t\t\t\t\t<div class=\"faq-item-answer-text\"> <p>Elfsight bietet Eine SaaS-L\u00f6sung, mit der Sie selbst ein FAQ-Widget erstellen k\u00f6nnen. Sehen Sie, wie einfach der Vorgang ist: Arbeiten Sie direkt im Online-Editor, um ein FAQ-Widget zu erstellen, das Sie gerne auf Ihrer Google Sites-Website sehen w\u00fcrden. W\u00e4hlen Sie eine der vorgefertigten Vorlagen aus und passen Sie die FAQ-Einstellungen an, f\u00fcgen Sie Ihre Inhalte hinzu, \u00e4ndern Sie das Layout und die Farben ohne Programmierkenntnisse. Speichern Sie die FAQ und kopieren Sie den Installationscode, den Sie problemlos in Ihre Google Sites-Website einbetten k\u00f6nnen, ohne einen kostenpflichtigen Plan kaufen zu m\u00fcssen. Mit unserem intuitiven Editor kann jeder Internetnutzer online ein FAQ-Widget erstellen und es einfach in seine Google Sites-Website einbetten. Sie m\u00fcssen weder bezahlen noch Ihre Kartendaten eingeben, um auf den Service zuzugreifen. Sollten bei irgendeinem Schritt Probleme auftreten, wenden Sie sich bitte an unser technisches Support-Team.<\/p> <\/div>\r\n\t\t\t\t\t<\/div>\r\n\t\t\t\t<\/div> <\/div><\/div>","protected":false},"excerpt":{"rendered":"","protected":false},"author":9,"featured_media":0,"parent":2146,"menu_order":0,"comment_status":"closed","ping_status":"closed","template":"templates\/template-application-platform.php","meta":{"publish_to_discourse":"","publish_post_category":"","wpdc_auto_publish_overridden":"","wpdc_topic_tags":"","wpdc_pin_topic":"","wpdc_pin_until":"","discourse_post_id":"","discourse_permalink":"","wpdc_publishing_response":"","wpdc_publishing_error":"","footnotes":""},"class_list":["post-20366","page","type-page","status-publish","hentry"],"yoast_head":"<!-- This site is optimized with the Yoast SEO plugin v25.3.1 - https:\/\/yoast.com\/wordpress\/plugins\/seo\/ -->\n<title>Dateibetrachter \u2013 Laden Sie jede Datei in 1 Minute auf Google Sites hoch (2025)<\/title>\n<meta name=\"description\" content=\"F\u00fcgen Sie ein reaktionsf\u00e4higes Datei-Viewer-Widget zu Ihren Google Sites hinzu und erreichen Sie volles Vertrauen. Nutzen Sie die n\u00fctzliche Elfsight-Demo, um Ihr einzigartiges Dateieinbettungs-Widget zu erstellen.\" \/>\n<meta name=\"robots\" content=\"index, follow, max-snippet:-1, max-image-preview:large, max-video-preview:-1\" \/>\n<link rel=\"canonical\" href=\"https:\/\/elfsight.com\/de\/file-embed-widget\/google-sites\/\" \/>\n<meta property=\"og:locale\" content=\"de_DE\" \/>\n<meta property=\"og:type\" content=\"article\" \/>\n<meta property=\"og:title\" content=\"Dateibetrachter \u2013 Laden Sie jede Datei in 1 Minute auf Google Sites hoch (2025)\" \/>\n<meta property=\"og:description\" content=\"F\u00fcgen Sie ein reaktionsf\u00e4higes Datei-Viewer-Widget zu Ihren Google Sites hinzu und erreichen Sie volles Vertrauen. Nutzen Sie die n\u00fctzliche Elfsight-Demo, um Ihr einzigartiges Dateieinbettungs-Widget zu erstellen.\" \/>\n<meta property=\"og:url\" content=\"https:\/\/elfsight.com\/de\/file-embed-widget\/google-sites\/\" \/>\n<meta property=\"og:site_name\" content=\"Elfsight DE\" \/>\n<meta property=\"article:modified_time\" content=\"2025-07-08T10:42:06+00:00\" \/>\n<meta name=\"twitter:card\" content=\"summary_large_image\" \/>\n<meta name=\"twitter:label1\" content=\"Gesch\u00e4tzte Lesezeit\" \/>\n\t<meta name=\"twitter:data1\" content=\"3\u00a0Minuten\" \/>\n<!-- \/ Yoast SEO plugin. -->","yoast_head_json":{"title":"Dateibetrachter \u2013 Laden Sie jede Datei in 1 Minute auf Google Sites hoch (2025)","description":"F\u00fcgen Sie ein reaktionsf\u00e4higes Datei-Viewer-Widget zu Ihren Google Sites hinzu und erreichen Sie volles Vertrauen. Nutzen Sie die n\u00fctzliche Elfsight-Demo, um Ihr einzigartiges Dateieinbettungs-Widget zu erstellen.","robots":{"index":"index","follow":"follow","max-snippet":"max-snippet:-1","max-image-preview":"max-image-preview:large","max-video-preview":"max-video-preview:-1"},"canonical":"https:\/\/elfsight.com\/de\/file-embed-widget\/google-sites\/","og_locale":"de_DE","og_type":"article","og_title":"Dateibetrachter \u2013 Laden Sie jede Datei in 1 Minute auf Google Sites hoch (2025)","og_description":"F\u00fcgen Sie ein reaktionsf\u00e4higes Datei-Viewer-Widget zu Ihren Google Sites hinzu und erreichen Sie volles Vertrauen. Nutzen Sie die n\u00fctzliche Elfsight-Demo, um Ihr einzigartiges Dateieinbettungs-Widget zu erstellen.","og_url":"https:\/\/elfsight.com\/de\/file-embed-widget\/google-sites\/","og_site_name":"Elfsight DE","article_modified_time":"2025-07-08T10:42:06+00:00","twitter_card":"summary_large_image","twitter_misc":{"Gesch\u00e4tzte Lesezeit":"3\u00a0Minuten"},"schema":{"@context":"https:\/\/schema.org","@graph":[{"@type":"WebPage","@id":"https:\/\/elfsight.com\/de\/file-embed-widget\/google-sites\/","url":"https:\/\/elfsight.com\/de\/file-embed-widget\/google-sites\/","name":"Dateibetrachter \u2013 Laden Sie jede Datei in 1 Minute auf Google Sites hoch (2025)","isPartOf":{"@id":"https:\/\/elfsight.com\/de\/#website"},"datePublished":"2024-05-03T06:37:03+00:00","dateModified":"2025-07-08T10:42:06+00:00","description":"F\u00fcgen Sie ein reaktionsf\u00e4higes Datei-Viewer-Widget zu Ihren Google Sites hinzu und erreichen Sie volles Vertrauen. Nutzen Sie die n\u00fctzliche Elfsight-Demo, um Ihr einzigartiges Dateieinbettungs-Widget zu erstellen.","breadcrumb":{"@id":"https:\/\/elfsight.com\/de\/file-embed-widget\/google-sites\/#breadcrumb"},"inLanguage":"de","potentialAction":[{"@type":"ReadAction","target":["https:\/\/elfsight.com\/de\/file-embed-widget\/google-sites\/"]}]},{"@type":"BreadcrumbList","@id":"https:\/\/elfsight.com\/de\/file-embed-widget\/google-sites\/#breadcrumb","itemListElement":[{"@type":"ListItem","position":1,"name":"Home","item":"https:\/\/elfsight.com\/de\/"},{"@type":"ListItem","position":2,"name":"File Embed","item":"https:\/\/elfsight.com\/de\/file-embed-widget\/"},{"@type":"ListItem","position":3,"name":"File Embed &#8211; Google Sites"}]},{"@type":"WebSite","@id":"https:\/\/elfsight.com\/de\/#website","url":"https:\/\/elfsight.com\/de\/","name":"Elfsight DE","description":"Just another Elfsight Sites site","potentialAction":[{"@type":"SearchAction","target":{"@type":"EntryPoint","urlTemplate":"https:\/\/elfsight.com\/de\/?s={search_term_string}"},"query-input":{"@type":"PropertyValueSpecification","valueRequired":true,"valueName":"search_term_string"}}],"inLanguage":"de"}]}},"meta_box":{"industry":"","seo_heading":"","heading":"","description":"","cta_heading":"","cta_description":"","application":"485","h1":"Google Sites-Dateibetrachter-Widget","h1_caption":"Betten Sie Dokumente, Tabellenkalkulationen und andere Dateien auf Ihrer Website ein, um sie m\u00fchelos anzuzeigen und in Ihre Google Sites herunterzuladen.","application_category":[],"applications_title":"","applications_request_title":"","applications_request_button_text":"","hero_text":"","hero_video":"","hero_video_schema_markup":"","selling_points_title":"","selling_points_caption":"","selling_points":[],"selling_points_cta_text":"","features_title":"","features":"","ed_cta_examples_text":"","ed_cta_examples_hidden":"","ed_cta_demo_text":"","ed_cta_demo_hidden":"","why_caption":"","why_editor_title":"","why_editor_text":"","why_team_title":"","why_team_text":"","why_service_title":"","why_service_text":"","template_catalog_visible":"","template_catalog_title":"","template_catalog_text":"","template_catalog_categories_visible":"","demo_title":"Erstellen Sie Ihr Dateieinbettungs-Widget","demo_caption":"Konfigurieren Sie Ihre Dateieinbettung und f\u00fcgen Sie sie kostenlos zu Ihrer Google Sites-Website hinzu!","default_faq_hidden":"","app_template_category":[],"platform":"3000","template_public_id":"","codecanyon_url":"","codecanyon_item_id":"","codecanyon_price":"","pricing_caption":"","pricing_elfsight_apps_hide_column":"","pricing_elfsight_apps_url":"","pricing_codecanyon_price_caption":"","integration_category":[],"integration_request_title":"","integration_request_cta":"","integration_platform":"","integrations":[],"platform_category":[],"video_schema_markup":"","price":"ab 0 $ \/ Monat","trial":"","benefits":[{"text":"Kostenlose Installationshilfe"},{"text":"Erfahrener Kundensupport"},{"text":"14-t\u00e4gige R\u00fcckerstattungsgarantie"},{"text":"St\u00e4ndige Aktualisierung"}],"button_url":"#demo","button_target_blank":"","button_nofollow":"","attributes":[{"name":"Installiert","content":"10,000 - 100,000"},{"name":"Reaktionsfreudig","content":"Ja"},{"name":"Kompatible Browser","content":"Safari, Firefox, Chrome, Edge, Opera"}],"tags":[],"tags_disable_links":"","hide_more_platforms":"","video_object":"","demo_hide_cta":"","demo_hide_cloud_options":"","pricing_title":"","pricing":[{"pricing_icon":"platform","pricing_title":"Elfsight Apps","pricing_title_caption":"Plattform\u00fcbergreifende Software, die zu jeder Website passt","pricing_price":"ab 0 $ \/ Monat","pricing_price_caption":"Beginnen Sie mit einem kostenlosen Plan","pricing_benefits":[{"text":"Unbegrenzte Websites"},{"text":"Premium-Support"},{"text":"Kostenlose Installationsunterst\u00fctzung"},{"text":"Begrenztes Angebot f\u00fcr mehrere Apps"}],"pricing_button_text":"Zur Website hinzuf\u00fcgen","pricing_button_url":"#demo"}],"related_apps_title":"","related_apps_hidden":"","author":"","image":[],"title":"","job":"","social_networks":[]},"_links":{"self":[{"href":"https:\/\/elfsight.com\/de\/wp-json\/wp\/v2\/pages\/20366","targetHints":{"allow":["GET"]}}],"collection":[{"href":"https:\/\/elfsight.com\/de\/wp-json\/wp\/v2\/pages"}],"about":[{"href":"https:\/\/elfsight.com\/de\/wp-json\/wp\/v2\/types\/page"}],"author":[{"embeddable":true,"href":"https:\/\/elfsight.com\/de\/wp-json\/wp\/v2\/users\/9"}],"replies":[{"embeddable":true,"href":"https:\/\/elfsight.com\/de\/wp-json\/wp\/v2\/comments?post=20366"}],"version-history":[{"count":1,"href":"https:\/\/elfsight.com\/de\/wp-json\/wp\/v2\/pages\/20366\/revisions"}],"predecessor-version":[{"id":20370,"href":"https:\/\/elfsight.com\/de\/wp-json\/wp\/v2\/pages\/20366\/revisions\/20370"}],"up":[{"embeddable":true,"href":"https:\/\/elfsight.com\/de\/wp-json\/wp\/v2\/pages\/2146"}],"wp:attachment":[{"href":"https:\/\/elfsight.com\/de\/wp-json\/wp\/v2\/media?parent=20366"}],"curies":[{"name":"wp","href":"https:\/\/api.w.org\/{rel}","templated":true}]}}