{"id":20365,"date":"2024-05-03T06:37:02","date_gmt":"2024-05-03T06:37:02","guid":{"rendered":"https:\/\/elfsight.com\/de\/?page_id=20365"},"modified":"2025-07-08T10:42:00","modified_gmt":"2025-07-08T10:42:00","slug":"godaddy","status":"publish","type":"page","link":"https:\/\/elfsight.com\/de\/file-embed-widget\/godaddy\/","title":{"rendered":"File Embed &#8211; GoDaddy"},"content":{"rendered":"<div class=\"application-platform-content-item-description application-platform-content-item\" id=\"description\" data-nav-section=\"description\"> <h2>Einbetten von Dateien auf GoDaddy mit dem Elfsight-Widget<\/h2> <p>Das Elfsight-Plugin zum Einbetten von Dateien f\u00fcr GoDaddy ist der einfachste Weg f\u00fcr Sie F\u00fcgen Sie eine Datei in die Seite Ihrer Website ein. Sie k\u00f6nnen jeden g\u00e4ngigen Dateityp anh\u00e4ngen: PDF, Docx, XLSX, JPEG und andere Formate \u2013 mit nur wenigen Klicks. W\u00e4hlen Sie eines der Layouts, mit denen Sie die Dateien direkt auf der Seite anzeigen oder ihre Symbole anzeigen k\u00f6nnen. Wir bieten Symbole aller g\u00e4ngigen Formate, \u00fcbermalbare Oberfl\u00e4chenelemente, Optionen f\u00fcr die Schriftgr\u00f6\u00dfe und einen bearbeitbaren Plugin-Header. Integrieren Sie Ihre Zertifikate, technischen Dokumentationen, Anleitungen und mehr in wenigen Sekunden!<\/p> <p><b>Mehr Kundenwissen \u00fcber Ihre Produkte<\/b><\/p> <\/div> <div class=\"application-platform-content-item-features  application-platform-content-item\" id=\"features \" data-nav-section=\"features \"> <h2>Dies sind nur einige der wertvollen Plugin-Funktionen: <\/h2> <ul><li>Unbegrenzte Anzahl von Dateien einbetten; <\/li> <li>Datei-Viewer-Layoutvariante zum Lesen von Dateien auf der Website; <\/li> <li>Bilder f\u00fcr Symbole und Vorschauen hochladen; <\/li> <li>Download-Dokumenttext anzeigen oder entfernen; <\/li> <li>Sechs farbbare Details der Benutzeroberfl\u00e4che. <\/li> <\/ul><p><a href=\"#demo\">Probieren Sie einfach diese Demo aus, um einen vollst\u00e4ndigen \u00dcberblick zu erhalten<\/a><\/p> <\/div> <div class=\"application-platform-content-item-installation application-platform-content-item\" id=\"installation\" data-nav-section=\"installation\"> <h2>Wie binde ich \u201eFile Embed\u201c in meine GoDaddy-Webseite ein? <\/h2> <p>Befolgen Sie einfach die folgenden Richtlinien, um das Tool zu integrieren. <\/p> <ol><li><b>Starten Sie unseren kostenlosen Konfigurator und beginnen Sie mit der Zusammenstellung Ihres eigenen Instruments. <\/b><br> W\u00e4hlen Sie das passende Design und die passenden Funktionen des Tools und nehmen Sie die Korrekturen vor. <\/li> <li><b>Holen Sie sich den eindeutigen Code, der im Feld von Elfsight Apps angezeigt wird. <\/b><br> Sobald die Generierung Ihres Tools abgeschlossen ist, kopieren Sie den einzelnen Code aus dem erscheinenden Popup und bewahren Sie ihn f\u00fcr die weitere Verwendung auf. <\/li> <li><b>Erste Schritte mit der Verwendung des Tools auf Ihrer GoDaddy-Website. <\/b><br> F\u00fcgen Sie den Code, den Sie k\u00fcrzlich kopiert haben, in Ihre Webseite ein und \u00fcbernehmen Sie die \u00c4nderungen. <\/li> <li><b>Das Setup ist vollst\u00e4ndig durchgef\u00fchrt. <\/b><br> Gehen Sie auf Ihre Seite, um zu sehen, wie das Plugin funktioniert. <\/li><\/ol> <p>Z\u00f6gern Sie nicht, sich an unser Support-Team zu wenden, wenn Sie Fragen oder Schwierigkeiten haben. Unsere Spezialisten beantworten gerne alle Fragen, die Sie zum Produkt haben. <\/p> <div class=\"faq\" data-component=\"FAQ\"><div class=\"faq-item\">\r\n\t\t\t\t\t<div class=\"faq-item-question\">\r\n\t\t\t\t\t\t<h3 class=\"faq-item-question-text\">Wie f\u00fcge ich ohne Programmierkenntnisse FAQs zu meiner GoDaddy-Website hinzu?<\/h3>\r\n\r\n\t\t\t\t\t\t<div class=\"faq-item-question-icon\"><\/div>\r\n\t\t\t\t\t<\/div>\r\n\r\n\t\t\t\t\t<div class=\"faq-item-answer\">\r\n\t\t\t\t\t\t<div class=\"faq-item-answer-text\"> <p>Elfsight bietet eine SaaS-L\u00f6sung, mit der Sie selbst ein FAQ-Widget erstellen k\u00f6nnen. Sehen Sie, wie einfach der Vorgang ist: Arbeiten Sie direkt im Online-Editor, um ein FAQ-Widget zu erstellen, das Sie auf Ihrer GoDaddy-Website sehen m\u00f6chten. W\u00e4hlen Sie eine der vorgefertigten Vorlagen aus und passen Sie die FAQ-Einstellungen an, f\u00fcgen Sie Ihre Inhalte hinzu, \u00e4ndern Sie das Layout und die Farben ohne Programmierkenntnisse. Speichern Sie die FAQ und kopieren Sie den Installationscode, den Sie problemlos in Ihre GoDaddy-Website einbetten k\u00f6nnen, ohne ein kostenpflichtiges Abonnement kaufen zu m\u00fcssen. Mit unserem intuitiven Editor kann jeder Internetnutzer online ein FAQ-Widget erstellen und es einfach in seine GoDaddy-Website einbetten. Sie m\u00fcssen weder bezahlen noch Ihre Kartendaten eingeben, um auf den Service zuzugreifen. Sollten bei irgendeinem Schritt Probleme auftreten, wenden Sie sich bitte an unser technisches Support-Team.<\/p> <\/div>\r\n\t\t\t\t\t<\/div>\r\n\t\t\t\t<\/div> <\/div><\/div>","protected":false},"excerpt":{"rendered":"","protected":false},"author":9,"featured_media":0,"parent":2146,"menu_order":0,"comment_status":"closed","ping_status":"closed","template":"templates\/template-application-platform.php","meta":{"publish_to_discourse":"","publish_post_category":"","wpdc_auto_publish_overridden":"","wpdc_topic_tags":"","wpdc_pin_topic":"","wpdc_pin_until":"","discourse_post_id":"","discourse_permalink":"","wpdc_publishing_response":"","wpdc_publishing_error":"","footnotes":""},"class_list":["post-20365","page","type-page","status-publish","hentry"],"yoast_head":"<!-- This site is optimized with the Yoast SEO plugin v25.3.1 - https:\/\/yoast.com\/wordpress\/plugins\/seo\/ -->\n<title>Dateieinbettungs-Plugin \u2013 F\u00fcgen Sie das Dateieinbettungs-Plugin zur GoDaddy-Website hinzu!<\/title>\n<meta name=\"description\" content=\"Betten Sie mit dem Elfsight File Embed Plugin f\u00fcr GoDaddy eine beliebige Datei in Ihre Website ein. Reibungslos und einfach!\" \/>\n<meta name=\"robots\" content=\"index, follow, max-snippet:-1, max-image-preview:large, max-video-preview:-1\" \/>\n<link rel=\"canonical\" href=\"https:\/\/elfsight.com\/de\/file-embed-widget\/godaddy\/\" \/>\n<meta property=\"og:locale\" content=\"de_DE\" \/>\n<meta property=\"og:type\" content=\"article\" \/>\n<meta property=\"og:title\" content=\"Dateieinbettungs-Plugin \u2013 F\u00fcgen Sie das Dateieinbettungs-Plugin zur GoDaddy-Website hinzu!\" \/>\n<meta property=\"og:description\" content=\"Betten Sie mit dem Elfsight File Embed Plugin f\u00fcr GoDaddy eine beliebige Datei in Ihre Website ein. Reibungslos und einfach!\" \/>\n<meta property=\"og:url\" content=\"https:\/\/elfsight.com\/de\/file-embed-widget\/godaddy\/\" \/>\n<meta property=\"og:site_name\" content=\"Elfsight DE\" \/>\n<meta property=\"article:modified_time\" content=\"2025-07-08T10:42:00+00:00\" \/>\n<meta name=\"twitter:card\" content=\"summary_large_image\" \/>\n<meta name=\"twitter:label1\" content=\"Gesch\u00e4tzte Lesezeit\" \/>\n\t<meta name=\"twitter:data1\" content=\"3\u00a0Minuten\" \/>\n<!-- \/ Yoast SEO plugin. -->","yoast_head_json":{"title":"Dateieinbettungs-Plugin \u2013 F\u00fcgen Sie das Dateieinbettungs-Plugin zur GoDaddy-Website hinzu!","description":"Betten Sie mit dem Elfsight File Embed Plugin f\u00fcr GoDaddy eine beliebige Datei in Ihre Website ein. Reibungslos und einfach!","robots":{"index":"index","follow":"follow","max-snippet":"max-snippet:-1","max-image-preview":"max-image-preview:large","max-video-preview":"max-video-preview:-1"},"canonical":"https:\/\/elfsight.com\/de\/file-embed-widget\/godaddy\/","og_locale":"de_DE","og_type":"article","og_title":"Dateieinbettungs-Plugin \u2013 F\u00fcgen Sie das Dateieinbettungs-Plugin zur GoDaddy-Website hinzu!","og_description":"Betten Sie mit dem Elfsight File Embed Plugin f\u00fcr GoDaddy eine beliebige Datei in Ihre Website ein. Reibungslos und einfach!","og_url":"https:\/\/elfsight.com\/de\/file-embed-widget\/godaddy\/","og_site_name":"Elfsight DE","article_modified_time":"2025-07-08T10:42:00+00:00","twitter_card":"summary_large_image","twitter_misc":{"Gesch\u00e4tzte Lesezeit":"3\u00a0Minuten"},"schema":{"@context":"https:\/\/schema.org","@graph":[{"@type":"WebPage","@id":"https:\/\/elfsight.com\/de\/file-embed-widget\/godaddy\/","url":"https:\/\/elfsight.com\/de\/file-embed-widget\/godaddy\/","name":"Dateieinbettungs-Plugin \u2013 F\u00fcgen Sie das Dateieinbettungs-Plugin zur GoDaddy-Website hinzu!","isPartOf":{"@id":"https:\/\/elfsight.com\/de\/#website"},"datePublished":"2024-05-03T06:37:02+00:00","dateModified":"2025-07-08T10:42:00+00:00","description":"Betten Sie mit dem Elfsight File Embed Plugin f\u00fcr GoDaddy eine beliebige Datei in Ihre Website ein. Reibungslos und einfach!","breadcrumb":{"@id":"https:\/\/elfsight.com\/de\/file-embed-widget\/godaddy\/#breadcrumb"},"inLanguage":"de","potentialAction":[{"@type":"ReadAction","target":["https:\/\/elfsight.com\/de\/file-embed-widget\/godaddy\/"]}]},{"@type":"BreadcrumbList","@id":"https:\/\/elfsight.com\/de\/file-embed-widget\/godaddy\/#breadcrumb","itemListElement":[{"@type":"ListItem","position":1,"name":"Home","item":"https:\/\/elfsight.com\/de\/"},{"@type":"ListItem","position":2,"name":"File Embed","item":"https:\/\/elfsight.com\/de\/file-embed-widget\/"},{"@type":"ListItem","position":3,"name":"File Embed &#8211; GoDaddy"}]},{"@type":"WebSite","@id":"https:\/\/elfsight.com\/de\/#website","url":"https:\/\/elfsight.com\/de\/","name":"Elfsight DE","description":"Just another Elfsight Sites site","potentialAction":[{"@type":"SearchAction","target":{"@type":"EntryPoint","urlTemplate":"https:\/\/elfsight.com\/de\/?s={search_term_string}"},"query-input":{"@type":"PropertyValueSpecification","valueRequired":true,"valueName":"search_term_string"}}],"inLanguage":"de"}]}},"meta_box":{"industry":"","seo_heading":"","heading":"","description":"","cta_heading":"","cta_description":"","application":"485","h1":"GoDaddy File Embed-Plugin","h1_caption":"Betten Sie Dokumente, Tabellenkalkulationen und andere Dateien auf Ihrer Website ein, um sie einfach anzuzeigen und m\u00fchelos auf Ihre GoDaddy-Website herunterzuladen.","application_category":[],"applications_title":"","applications_request_title":"","applications_request_button_text":"","hero_text":"","hero_video":"","hero_video_schema_markup":"","selling_points_title":"","selling_points_caption":"","selling_points":[],"selling_points_cta_text":"","features_title":"","features":"","ed_cta_examples_text":"","ed_cta_examples_hidden":"","ed_cta_demo_text":"","ed_cta_demo_hidden":"","why_caption":"","why_editor_title":"","why_editor_text":"","why_team_title":"","why_team_text":"","why_service_title":"","why_service_text":"","template_catalog_visible":"","template_catalog_title":"","template_catalog_text":"","template_catalog_categories_visible":"","demo_title":"Erstellen Sie Ihr File Embed-Plugin","demo_caption":"Konfigurieren Sie Ihre Dateieinbettung und f\u00fcgen Sie sie kostenlos Ihrer GoDaddy-Website hinzu!","default_faq_hidden":"","app_template_category":[],"platform":"241","template_public_id":"","codecanyon_url":"","codecanyon_item_id":"","codecanyon_price":"","pricing_caption":"","pricing_elfsight_apps_hide_column":"","pricing_elfsight_apps_url":"","pricing_codecanyon_price_caption":"","integration_category":[],"integration_request_title":"","integration_request_cta":"","integration_platform":"","integrations":[],"platform_category":[],"video_schema_markup":"","price":"ab 0 $ \/ Monat","trial":"","benefits":[{"text":"Kostenlose Installationsunterst\u00fctzung"},{"text":"Effektiver Kundenservice"},{"text":"14-t\u00e4gige R\u00fcckerstattungsgarantie"},{"text":"Fortlaufende Entwicklung"}],"button_url":"#demo","button_target_blank":"","button_nofollow":"","attributes":[{"name":"Installiert","content":"10,000 - 100,000"},{"name":"Reaktionsfreudig","content":"Ja"},{"name":"Kompatible Browser","content":"IE11, Firefox, Safari, Opera, Chrome, Edge"}],"tags":[],"tags_disable_links":"","hide_more_platforms":"","video_object":"","demo_hide_cta":"","demo_hide_cloud_options":"","pricing_title":"","pricing":[{"pricing_icon":"platform","pricing_title":"Elfsight Apps","pricing_title_caption":"Plattform\u00fcbergreifende Software","pricing_price":"ab 0 $ \/ Monat","pricing_price_caption":"Beginnen Sie mit einem kostenlosen Plan","pricing_benefits":[{"text":"Unbegrenzte Domains"},{"text":"Engagierter und p\u00fcnktlicher Support und gut dokumentiert"},{"text":"Kostenlose Installationshilfe"},{"text":"100 % anpassbar"}],"pricing_button_text":"Zur Website hinzuf\u00fcgen","pricing_button_url":"#demo"}],"related_apps_title":"","related_apps_hidden":"","author":"","image":[],"title":"","job":"","social_networks":[]},"_links":{"self":[{"href":"https:\/\/elfsight.com\/de\/wp-json\/wp\/v2\/pages\/20365","targetHints":{"allow":["GET"]}}],"collection":[{"href":"https:\/\/elfsight.com\/de\/wp-json\/wp\/v2\/pages"}],"about":[{"href":"https:\/\/elfsight.com\/de\/wp-json\/wp\/v2\/types\/page"}],"author":[{"embeddable":true,"href":"https:\/\/elfsight.com\/de\/wp-json\/wp\/v2\/users\/9"}],"replies":[{"embeddable":true,"href":"https:\/\/elfsight.com\/de\/wp-json\/wp\/v2\/comments?post=20365"}],"version-history":[{"count":1,"href":"https:\/\/elfsight.com\/de\/wp-json\/wp\/v2\/pages\/20365\/revisions"}],"predecessor-version":[{"id":20369,"href":"https:\/\/elfsight.com\/de\/wp-json\/wp\/v2\/pages\/20365\/revisions\/20369"}],"up":[{"embeddable":true,"href":"https:\/\/elfsight.com\/de\/wp-json\/wp\/v2\/pages\/2146"}],"wp:attachment":[{"href":"https:\/\/elfsight.com\/de\/wp-json\/wp\/v2\/media?parent=20365"}],"curies":[{"name":"wp","href":"https:\/\/api.w.org\/{rel}","templated":true}]}}