{"id":20360,"date":"2024-05-03T06:37:01","date_gmt":"2024-05-03T06:37:01","guid":{"rendered":"https:\/\/elfsight.com\/de\/?page_id=20360"},"modified":"2025-07-08T10:42:31","modified_gmt":"2025-07-08T10:42:31","slug":"prestashop","status":"publish","type":"page","link":"https:\/\/elfsight.com\/de\/file-embed-widget\/prestashop\/","title":{"rendered":"File Embed &#8211; PrestaShop"},"content":{"rendered":"<div class=\"application-platform-content-item-description application-platform-content-item\" id=\"description\" data-nav-section=\"description\"> <h2>Beschreibung<\/h2> <p>Das Elfsight File Embed-Widget ist die einfachste und schnellste M\u00f6glichkeit, Dateien in Ihre Website zu integrieren. Wir stellen alle am h\u00e4ufigsten verwendeten Formate vor: PDF, Docx, JPG, PPTX \u2013 insgesamt rund 20 Formate. Zur besseren Benutzerfreundlichkeit k\u00f6nnen Dateien durch direktes Hochladen, Eingabe ihrer URLs oder durch Auswahl aus der Liste der zuletzt hochgeladenen Dateien eingef\u00fcgt werden. Sie k\u00f6nnen jedem Dokument einen Titel geben, ein Symbol und ein Bild hochladen, eine Dateilayoutvariante ausw\u00e4hlen und vieles mehr. Site-Zielgruppen k\u00f6nnen die Dokumente direkt auf der Website anzeigen, in einem neuen Browser-Tab \u00f6ffnen und herunterladen. <\/p><p><b>Insert File Embed, um Ihre E-Commerce-Ziele mit weniger Aufwand zu erreichen! <\/b><\/p> <\/div> <div class=\"application-platform-content-item-features application-platform-content-item\" id=\"features\" data-nav-section=\"features\"> <h2>Dies sind nur einige der zahlreichen Widget-Funktionen: <\/h2> <ul><li>Einbetten von mehr als 20 Dateiformaten zum Anzeigen und Herunterladen<\/li><li>Unbegrenzt viele Dateien hinzuf\u00fcgen<\/li><li>Ihre Dateien duplizieren, l\u00f6schen, klonen und neu anordnen<\/li><li>Einbetten durch Hochladen, per URL oder durch Ausw\u00e4hlen der Datei Zu den k\u00fcrzlich hochgeladenen<\/li><li>3 Layouts geh\u00f6rten: Liste, Raster und Datei-Viewer<\/li><li>Datei-Viewer-Layout zum Anzeigen von Dateien auf der Seite<\/li><li>Zoom, Scroll und Paginierung werden unterst\u00fctzt im Datei-Viewer-Layout<\/li><li>Option zum Anzeigen oder Herunterladen der Dateibezeichnung<\/li><li>Umschaltbares Dateisymbol<\/li><li>Option zum Malen des Dateisymbols<\/li><\/ul><p><a href=\"#demo\">Untersuchen Sie alle Personalisierungsfunktionen in einer Demo mit vollem Funktionsumfang<\/a><\/p> <\/div> <div class=\"application-platform-content-item-installation application-platform-content-item\" id=\"installation\" data-nav-section=\"installation\"> <h2>Wie f\u00fcge ich File Embed hinzu? meine PrestaShop-Webseite? <\/h2> <p>Befolgen Sie einfach die nachstehenden Anweisungen, um das Add-on hinzuzuf\u00fcgen. <\/p> <ol><li><b>Starten Sie unseren kostenlosen Editor und beginnen Sie mit der Erstellung Ihres benutzerdefinierten Widgets. <\/b><br> Finden Sie die bevorzugte Benutzeroberfl\u00e4che und die bevorzugten Funktionen des Widgets und speichern Sie die \u00c4nderungen. <\/li> <li><b>Erwerben Sie den individuellen Code, der im speziellen Formular auf Elfsight Apps angezeigt wird. <\/b><br> Sobald die Erstellung Ihres Tools abgeschlossen ist, kopieren Sie den einzelnen Code aus dem angezeigten Fenster und bewahren Sie ihn f\u00fcr zuk\u00fcnftige Zwecke auf. <\/li> <li><b>Beginnen Sie mit der Nutzung des Tools auf der PrestaShop-Webseite. <\/b><br> Implementieren Sie den zuvor gespeicherten Code in Ihre Website und speichern Sie die Korrekturen. <\/li> <li><b>Die Installation wurde erfolgreich abgeschlossen. <\/b><br> Besuchen Sie Ihre Webseite, um die Funktionsweise des Tools zu sehen. <\/li><\/ol> <p>Wenn Sie Fragen haben oder auf Komplikationen sto\u00dfen, z\u00f6gern Sie nicht, unser Support-Team zu kontaktieren. Unsere Spezialisten helfen Ihnen gerne bei allen Schwierigkeiten, die Sie mit dem Tool haben k\u00f6nnten. <\/p> <div class=\"faq\" data-component=\"FAQ\"><div class=\"faq-item\">\r\n\t\t\t\t\t<div class=\"faq-item-question\">\r\n\t\t\t\t\t\t<h3 class=\"faq-item-question-text\">Wie f\u00fcge ich File Embed ohne Programmierkenntnisse zu meiner PrestaShop-Website hinzu?<\/h3>\r\n\r\n\t\t\t\t\t\t<div class=\"faq-item-question-icon\"><\/div>\r\n\t\t\t\t\t<\/div>\r\n\r\n\t\t\t\t\t<div class=\"faq-item-answer\">\r\n\t\t\t\t\t\t<div class=\"faq-item-answer-text\"> <p>Elfsight bietet eine SaaS-L\u00f6sung, mit der Sie selbst ein File Embed-Widget erstellen k\u00f6nnen. Sehen Sie, wie einfach der Vorgang ist ist: Arbeiten Sie direkt im Online-Editor, um ein Dateieinbettungs-Widget zu erstellen, das Sie gerne auf Ihrer PrestaShop-Website sehen w\u00fcrden. W\u00e4hlen Sie eine der vorgefertigten Vorlagen aus und passen Sie die Einstellungen f\u00fcr die Dateieinbettung an, f\u00fcgen Sie Ihre Inhalte hinzu, \u00e4ndern Sie das Layout und die Farben ohne Programmierkenntnisse. Speichern Sie die Datei Embed und kopieren Sie den Installationscode, den Sie Ihrer PrestaShop-Website hinzuf\u00fcgen k\u00f6nnen, ohne eine kostenpflichtige Version zu kaufen. Mit unserem intuitiven Editor kann jeder Internetnutzer online ein Dateieinbettungs-Widget erstellen und es einfach in seine PrestaShop-Website einbetten. Sie m\u00fcssen weder bezahlen noch Ihre Kartendaten eingeben, um auf den Service zuzugreifen. Sollten bei irgendeinem Schritt Probleme auftreten, wenden Sie sich bitte an unser technisches Support-Team.<\/p> <\/div>\r\n\t\t\t\t\t<\/div>\r\n\t\t\t\t<\/div> <\/div><\/div>","protected":false},"excerpt":{"rendered":"","protected":false},"author":9,"featured_media":0,"parent":2146,"menu_order":0,"comment_status":"closed","ping_status":"closed","template":"templates\/template-application-platform.php","meta":{"publish_to_discourse":"","publish_post_category":"","wpdc_auto_publish_overridden":"","wpdc_topic_tags":"","wpdc_pin_topic":"","wpdc_pin_until":"","discourse_post_id":"","discourse_permalink":"","wpdc_publishing_response":"","wpdc_publishing_error":"","footnotes":""},"class_list":["post-20360","page","type-page","status-publish","hentry"],"yoast_head":"<!-- This site is optimized with the Yoast SEO plugin v25.3.1 - https:\/\/yoast.com\/wordpress\/plugins\/seo\/ -->\n<title>Datei-Viewer-Plugin \u2013 Betten Sie beliebige Dateien auf Ihrer PrestaShop-Website ein (2025)<\/title>\n<meta name=\"description\" content=\"Hier besteht die M\u00f6glichkeit, ein File Embed-Add-on zu erstellen und es zur PrestaShop-Website hinzuzuf\u00fcgen. Genie\u00dfen Sie kostenlosen Kundensupport und andere Boni von Elfsight.\" \/>\n<meta name=\"robots\" content=\"index, follow, max-snippet:-1, max-image-preview:large, max-video-preview:-1\" \/>\n<link rel=\"canonical\" href=\"https:\/\/elfsight.com\/de\/file-embed-widget\/prestashop\/\" \/>\n<meta property=\"og:locale\" content=\"de_DE\" \/>\n<meta property=\"og:type\" content=\"article\" \/>\n<meta property=\"og:title\" content=\"Datei-Viewer-Plugin \u2013 Betten Sie beliebige Dateien auf Ihrer PrestaShop-Website ein (2025)\" \/>\n<meta property=\"og:description\" content=\"Hier besteht die M\u00f6glichkeit, ein File Embed-Add-on zu erstellen und es zur PrestaShop-Website hinzuzuf\u00fcgen. Genie\u00dfen Sie kostenlosen Kundensupport und andere Boni von Elfsight.\" \/>\n<meta property=\"og:url\" content=\"https:\/\/elfsight.com\/de\/file-embed-widget\/prestashop\/\" \/>\n<meta property=\"og:site_name\" content=\"Elfsight DE\" \/>\n<meta property=\"article:modified_time\" content=\"2025-07-08T10:42:31+00:00\" \/>\n<meta name=\"twitter:card\" content=\"summary_large_image\" \/>\n<meta name=\"twitter:label1\" content=\"Gesch\u00e4tzte Lesezeit\" \/>\n\t<meta name=\"twitter:data1\" content=\"3\u00a0Minuten\" \/>\n<!-- \/ Yoast SEO plugin. -->","yoast_head_json":{"title":"Datei-Viewer-Plugin \u2013 Betten Sie beliebige Dateien auf Ihrer PrestaShop-Website ein (2025)","description":"Hier besteht die M\u00f6glichkeit, ein File Embed-Add-on zu erstellen und es zur PrestaShop-Website hinzuzuf\u00fcgen. Genie\u00dfen Sie kostenlosen Kundensupport und andere Boni von Elfsight.","robots":{"index":"index","follow":"follow","max-snippet":"max-snippet:-1","max-image-preview":"max-image-preview:large","max-video-preview":"max-video-preview:-1"},"canonical":"https:\/\/elfsight.com\/de\/file-embed-widget\/prestashop\/","og_locale":"de_DE","og_type":"article","og_title":"Datei-Viewer-Plugin \u2013 Betten Sie beliebige Dateien auf Ihrer PrestaShop-Website ein (2025)","og_description":"Hier besteht die M\u00f6glichkeit, ein File Embed-Add-on zu erstellen und es zur PrestaShop-Website hinzuzuf\u00fcgen. Genie\u00dfen Sie kostenlosen Kundensupport und andere Boni von Elfsight.","og_url":"https:\/\/elfsight.com\/de\/file-embed-widget\/prestashop\/","og_site_name":"Elfsight DE","article_modified_time":"2025-07-08T10:42:31+00:00","twitter_card":"summary_large_image","twitter_misc":{"Gesch\u00e4tzte Lesezeit":"3\u00a0Minuten"},"schema":{"@context":"https:\/\/schema.org","@graph":[{"@type":"WebPage","@id":"https:\/\/elfsight.com\/de\/file-embed-widget\/prestashop\/","url":"https:\/\/elfsight.com\/de\/file-embed-widget\/prestashop\/","name":"Datei-Viewer-Plugin \u2013 Betten Sie beliebige Dateien auf Ihrer PrestaShop-Website ein (2025)","isPartOf":{"@id":"https:\/\/elfsight.com\/de\/#website"},"datePublished":"2024-05-03T06:37:01+00:00","dateModified":"2025-07-08T10:42:31+00:00","description":"Hier besteht die M\u00f6glichkeit, ein File Embed-Add-on zu erstellen und es zur PrestaShop-Website hinzuzuf\u00fcgen. Genie\u00dfen Sie kostenlosen Kundensupport und andere Boni von Elfsight.","breadcrumb":{"@id":"https:\/\/elfsight.com\/de\/file-embed-widget\/prestashop\/#breadcrumb"},"inLanguage":"de","potentialAction":[{"@type":"ReadAction","target":["https:\/\/elfsight.com\/de\/file-embed-widget\/prestashop\/"]}]},{"@type":"BreadcrumbList","@id":"https:\/\/elfsight.com\/de\/file-embed-widget\/prestashop\/#breadcrumb","itemListElement":[{"@type":"ListItem","position":1,"name":"Home","item":"https:\/\/elfsight.com\/de\/"},{"@type":"ListItem","position":2,"name":"File Embed","item":"https:\/\/elfsight.com\/de\/file-embed-widget\/"},{"@type":"ListItem","position":3,"name":"File Embed &#8211; PrestaShop"}]},{"@type":"WebSite","@id":"https:\/\/elfsight.com\/de\/#website","url":"https:\/\/elfsight.com\/de\/","name":"Elfsight DE","description":"Just another Elfsight Sites site","potentialAction":[{"@type":"SearchAction","target":{"@type":"EntryPoint","urlTemplate":"https:\/\/elfsight.com\/de\/?s={search_term_string}"},"query-input":{"@type":"PropertyValueSpecification","valueRequired":true,"valueName":"search_term_string"}}],"inLanguage":"de"}]}},"meta_box":{"industry":"","seo_heading":"","heading":"","description":"","cta_heading":"","cta_description":"","application":"485","h1":"PrestaShop-Add-on zum Einbetten von Dateien","h1_caption":"Betten Sie Dokumente, Tabellenkalkulationen und andere Dateien in Ihre Website ein, um sie einfach anzuzeigen und m\u00fchelos auf Ihre Prestashop-Website herunterzuladen.","application_category":[],"applications_title":"","applications_request_title":"","applications_request_button_text":"","hero_text":"","hero_video":"","hero_video_schema_markup":"","selling_points_title":"","selling_points_caption":"","selling_points":[],"selling_points_cta_text":"","features_title":"","features":"","ed_cta_examples_text":"","ed_cta_examples_hidden":"","ed_cta_demo_text":"","ed_cta_demo_hidden":"","why_caption":"","why_editor_title":"","why_editor_text":"","why_team_title":"","why_team_text":"","why_service_title":"","why_service_text":"","template_catalog_visible":"","template_catalog_title":"","template_catalog_text":"","template_catalog_categories_visible":"","demo_title":"Erstellen Sie Ihr File Embed-Add-on","demo_caption":"Konfigurieren Sie Ihre Dateieinbettung und f\u00fcgen Sie sie kostenlos zu Ihrer PrestaShop-Website hinzu!","default_faq_hidden":"","app_template_category":[],"platform":"3811","template_public_id":"","codecanyon_url":"","codecanyon_item_id":"","codecanyon_price":"","pricing_caption":"","pricing_elfsight_apps_hide_column":"","pricing_elfsight_apps_url":"","pricing_codecanyon_price_caption":"","integration_category":[],"integration_request_title":"","integration_request_cta":"","integration_platform":"","integrations":[],"platform_category":[],"video_schema_markup":"","price":"ab 0 $ \/ Monat","trial":"","benefits":[{"text":"Kostenlose Installationshilfe"},{"text":"Effektiver Kundenservice"},{"text":"14-t\u00e4gige R\u00fcckerstattungsgarantie"},{"text":"Fortlaufende Entwicklung"}],"button_url":"#demo","button_target_blank":"","button_nofollow":"","attributes":[{"name":"Installiert","content":"10,000 - 100,000"},{"name":"Reaktionsfreudig","content":"Ja"},{"name":"Kompatible Browser","content":"Firefox, Safari, Opera, Chrome, Edge"}],"tags":[],"tags_disable_links":"","hide_more_platforms":"","video_object":"","demo_hide_cta":"","demo_hide_cloud_options":"","pricing_title":"","pricing":[{"pricing_icon":"platform","pricing_title":"Elfsight Apps","pricing_title_caption":"Multiplattform-Version","pricing_price":"ab 0 $ \/ Monat","pricing_price_caption":"Beginnen Sie mit einem kostenlosen Plan","pricing_benefits":[{"text":"Unbegrenzte Domains"},{"text":"Erstklassiger und p\u00fcnktlicher Support und gut dokumentiert"},{"text":"Kostenlose Installationsunterst\u00fctzung"},{"text":"Flexibles Design"}],"pricing_button_text":"Zur Website hinzuf\u00fcgen","pricing_button_url":"#demo"}],"related_apps_title":"","related_apps_hidden":"","author":"","image":[],"title":"","job":"","social_networks":[]},"_links":{"self":[{"href":"https:\/\/elfsight.com\/de\/wp-json\/wp\/v2\/pages\/20360","targetHints":{"allow":["GET"]}}],"collection":[{"href":"https:\/\/elfsight.com\/de\/wp-json\/wp\/v2\/pages"}],"about":[{"href":"https:\/\/elfsight.com\/de\/wp-json\/wp\/v2\/types\/page"}],"author":[{"embeddable":true,"href":"https:\/\/elfsight.com\/de\/wp-json\/wp\/v2\/users\/9"}],"replies":[{"embeddable":true,"href":"https:\/\/elfsight.com\/de\/wp-json\/wp\/v2\/comments?post=20360"}],"version-history":[{"count":1,"href":"https:\/\/elfsight.com\/de\/wp-json\/wp\/v2\/pages\/20360\/revisions"}],"predecessor-version":[{"id":20364,"href":"https:\/\/elfsight.com\/de\/wp-json\/wp\/v2\/pages\/20360\/revisions\/20364"}],"up":[{"embeddable":true,"href":"https:\/\/elfsight.com\/de\/wp-json\/wp\/v2\/pages\/2146"}],"wp:attachment":[{"href":"https:\/\/elfsight.com\/de\/wp-json\/wp\/v2\/media?parent=20360"}],"curies":[{"name":"wp","href":"https:\/\/api.w.org\/{rel}","templated":true}]}}