{"id":20359,"date":"2024-05-03T06:37:00","date_gmt":"2024-05-03T06:37:00","guid":{"rendered":"https:\/\/elfsight.com\/de\/?page_id=20359"},"modified":"2025-07-08T10:42:19","modified_gmt":"2025-07-08T10:42:19","slug":"jimdo","status":"publish","type":"page","link":"https:\/\/elfsight.com\/de\/file-embed-widget\/jimdo\/","title":{"rendered":"File Embed &#8211; Jimdo"},"content":{"rendered":"<div class=\"application-platform-content-item-description application-platform-content-item\" id=\"description\" data-nav-section=\"description\"> <h2>Beschreibung<\/h2> <p>Elfsight File Embed ist eines der einfachsten und unmittelbarsten Tools zum Einbetten von Dateien in eine Site. Integrieren Sie alle am h\u00e4ufigsten verwendeten Dateien: PDF, Docx, XLSX, JPEG \u2013 insgesamt rund 20 Formate. F\u00fcr eine einfachere Verwendung k\u00f6nnen Dateien einfach durch Hochladen, Eingeben ihrer URLs oder durch Auswahl aus den k\u00fcrzlich hochgeladenen Dateien eingef\u00fcgt werden. Mit den Funktionen k\u00f6nnen Sie jeder Datei einen Titel geben, Ihr eigenes Symbol und Bild hochladen, Layoutoptionen ausw\u00e4hlen und vieles mehr. Website-Besucher k\u00f6nnen die Dokumente direkt auf der Website \u00fcberpr\u00fcfen, in einem neuen Browser-Tab \u00f6ffnen und herunterladen. <\/p><p><b>Mit File Embed k\u00f6nnen Sie Ihr Gesch\u00e4ft aktiv weiterentwickeln und den Umsatz steigern. <\/b><\/p> <\/div> <div class=\"application-platform-content-item-features application-platform-content-item\" id=\"features\" data-nav-section=\"features\"> <h2>Hier sind die wichtigsten Funktionen von Widget: <\/h2> <ul><li>\u00dcber 20 Dateiformate zum Herunterladen und Anzeigen einbetten<\/li><li>Unbegrenzt viele Dateien hinzuf\u00fcgen<\/li><li>Dateien duplizieren, l\u00f6schen, klonen und neu anordnen<\/li><li>Einbetten durch Auswahl der k\u00fcrzlich hochgeladenen Datei, per URL oder durch Hochladen<\/li><li>3 enthaltene Layouts: Liste, Raster und Datei-Viewer<\/li><li>Datei-Viewer-Layout zum Anzeigen Dateien auf der Seite<\/li><li>Zoom, Scrollen und Paginierung werden im File Viewer-Layout unterst\u00fctzt<\/li><li>Option zum Anzeigen oder Herunterladen der Dateibezeichnung<\/li><li>Umschaltbares Dateisymbol<\/li> <li>Option zum Malen des Dateisymbols<\/li><\/ul><p><a href=\"#demo\">Sie k\u00f6nnen die volle Funktionalit\u00e4t des Widgets in der Demo auf dieser Seite ausprobieren<\/a><\/p> <\/div> <div class=\"application-platform-content-item-installation application-platform-content-item\" id=\"installation\" data-nav-section=\"installation\"> <h2>Wie f\u00fcge ich File Embed zur Jimdo-Website hinzu? <\/h2> <p>Befolgen Sie einfach die nachstehenden Anweisungen, um das Tool einzubetten. <\/p> <ol><li><b>Nutzen Sie unseren kostenlosen Editor und beginnen Sie mit der Erstellung Ihres benutzerdefinierten Widgets. <\/b><br> Geben Sie das benutzerdefinierte Layout und die Funktionsmerkmale des Tools an und speichern Sie die \u00c4nderungen. <\/li> <li><b>Ihr pers\u00f6nlicher Code erscheint im Fenster von Elfsight Apps. <\/b><br> Wenn die Anpassung Ihres Widgets abgeschlossen ist, kopieren Sie den exklusiven Code aus der Box und bewahren Sie ihn f\u00fcr die sp\u00e4tere Verwendung auf. <\/li> <li><b>Initiieren Sie die Anwendung des Widgets auf der Jimdo-Homepage. <\/b><br> F\u00fcgen Sie den Code, den Sie k\u00fcrzlich kopiert haben, in Ihre Website ein und speichern Sie die Verbesserungen. <\/li> <li><b>Das Setup ist vollst\u00e4ndig beendet. <\/b><br> Besuchen Sie Ihre Website, um zu \u00fcberpr\u00fcfen, wie das Widget funktioniert. <\/li><\/ol> <p>Wenn Sie Fragen haben oder auf Probleme sto\u00dfen, k\u00f6nnen Sie sich jederzeit an unser Support-Team wenden. Unsere Mitarbeiter l\u00f6sen gerne alle Schwierigkeiten, die Sie mit dem Tool haben k\u00f6nnten. <\/p> <div class=\"faq\" data-component=\"FAQ\"><div class=\"faq-item\">\r\n\t\t\t\t\t<div class=\"faq-item-question\">\r\n\t\t\t\t\t\t<h3 class=\"faq-item-question-text\">Wie f\u00fcge ich ohne Programmierkenntnisse FAQs zu meiner Jimdo-Website hinzu?<\/h3>\r\n\r\n\t\t\t\t\t\t<div class=\"faq-item-question-icon\"><\/div>\r\n\t\t\t\t\t<\/div>\r\n\r\n\t\t\t\t\t<div class=\"faq-item-answer\">\r\n\t\t\t\t\t\t<div class=\"faq-item-answer-text\"> <p>Elfsight bietet eine SaaS-L\u00f6sung, mit der Sie selbst ein FAQ-Widget erstellen k\u00f6nnen. Sehen Sie, wie einfach der Vorgang ist: Erstellen Sie direkt im Online-Editor ein FAQ-Widget, das Sie gerne auf Ihrer Jimdo-Website sehen m\u00f6chten. W\u00e4hlen Sie eine der vorgefertigten Vorlagen aus und passen Sie die FAQ-Einstellungen an, f\u00fcgen Sie Ihre Inhalte hinzu, \u00e4ndern Sie das Layout und die Farben ohne Programmierkenntnisse. Speichern Sie die FAQ und kopieren Sie den Installationscode, den Sie einfach in Ihre Jimdo-Website einbinden k\u00f6nnen, ohne ein kostenpflichtiges Abonnement zu kaufen. Mit unserem intuitiven Editor kann jeder Internetnutzer online ein FAQ-Widget erstellen und es einfach in seine Jimdo-Website einbetten. Sie m\u00fcssen weder bezahlen noch Ihre Kartendaten eingeben, um auf den Service zuzugreifen. Sollten bei irgendeinem Schritt Probleme auftreten, wenden Sie sich bitte an unser technisches Support-Team.<\/p> <\/div>\r\n\t\t\t\t\t<\/div>\r\n\t\t\t\t<\/div> <\/div><\/div>","protected":false},"excerpt":{"rendered":"","protected":false},"author":9,"featured_media":0,"parent":2146,"menu_order":0,"comment_status":"closed","ping_status":"closed","template":"templates\/template-application-platform.php","meta":{"publish_to_discourse":"","publish_post_category":"","wpdc_auto_publish_overridden":"","wpdc_topic_tags":"","wpdc_pin_topic":"","wpdc_pin_until":"","discourse_post_id":"","discourse_permalink":"","wpdc_publishing_response":"","wpdc_publishing_error":"","footnotes":""},"class_list":["post-20359","page","type-page","status-publish","hentry"],"yoast_head":"<!-- This site is optimized with the Yoast SEO plugin v25.3.1 - https:\/\/yoast.com\/wordpress\/plugins\/seo\/ -->\n<title>Datei-Viewer-Widget \u2013 Betten Sie beliebige Dateien auf Ihrer Jimdo-Website ein (2025)<\/title>\n<meta name=\"description\" content=\"Hier besteht die M\u00f6glichkeit, ein Dateieinbettungs-Widget zu erstellen und es Ihrer Jimdo-Website hinzuzuf\u00fcgen. Genie\u00dfen Sie kostenlosen Support und andere Boni von Elfsight.\" \/>\n<meta name=\"robots\" content=\"index, follow, max-snippet:-1, max-image-preview:large, max-video-preview:-1\" \/>\n<link rel=\"canonical\" href=\"https:\/\/elfsight.com\/de\/file-embed-widget\/jimdo\/\" \/>\n<meta property=\"og:locale\" content=\"de_DE\" \/>\n<meta property=\"og:type\" content=\"article\" \/>\n<meta property=\"og:title\" content=\"Datei-Viewer-Widget \u2013 Betten Sie beliebige Dateien auf Ihrer Jimdo-Website ein (2025)\" \/>\n<meta property=\"og:description\" content=\"Hier besteht die M\u00f6glichkeit, ein Dateieinbettungs-Widget zu erstellen und es Ihrer Jimdo-Website hinzuzuf\u00fcgen. Genie\u00dfen Sie kostenlosen Support und andere Boni von Elfsight.\" \/>\n<meta property=\"og:url\" content=\"https:\/\/elfsight.com\/de\/file-embed-widget\/jimdo\/\" \/>\n<meta property=\"og:site_name\" content=\"Elfsight DE\" \/>\n<meta property=\"article:modified_time\" content=\"2025-07-08T10:42:19+00:00\" \/>\n<meta name=\"twitter:card\" content=\"summary_large_image\" \/>\n<meta name=\"twitter:label1\" content=\"Gesch\u00e4tzte Lesezeit\" \/>\n\t<meta name=\"twitter:data1\" content=\"3\u00a0Minuten\" \/>\n<!-- \/ Yoast SEO plugin. -->","yoast_head_json":{"title":"Datei-Viewer-Widget \u2013 Betten Sie beliebige Dateien auf Ihrer Jimdo-Website ein (2025)","description":"Hier besteht die M\u00f6glichkeit, ein Dateieinbettungs-Widget zu erstellen und es Ihrer Jimdo-Website hinzuzuf\u00fcgen. Genie\u00dfen Sie kostenlosen Support und andere Boni von Elfsight.","robots":{"index":"index","follow":"follow","max-snippet":"max-snippet:-1","max-image-preview":"max-image-preview:large","max-video-preview":"max-video-preview:-1"},"canonical":"https:\/\/elfsight.com\/de\/file-embed-widget\/jimdo\/","og_locale":"de_DE","og_type":"article","og_title":"Datei-Viewer-Widget \u2013 Betten Sie beliebige Dateien auf Ihrer Jimdo-Website ein (2025)","og_description":"Hier besteht die M\u00f6glichkeit, ein Dateieinbettungs-Widget zu erstellen und es Ihrer Jimdo-Website hinzuzuf\u00fcgen. Genie\u00dfen Sie kostenlosen Support und andere Boni von Elfsight.","og_url":"https:\/\/elfsight.com\/de\/file-embed-widget\/jimdo\/","og_site_name":"Elfsight DE","article_modified_time":"2025-07-08T10:42:19+00:00","twitter_card":"summary_large_image","twitter_misc":{"Gesch\u00e4tzte Lesezeit":"3\u00a0Minuten"},"schema":{"@context":"https:\/\/schema.org","@graph":[{"@type":"WebPage","@id":"https:\/\/elfsight.com\/de\/file-embed-widget\/jimdo\/","url":"https:\/\/elfsight.com\/de\/file-embed-widget\/jimdo\/","name":"Datei-Viewer-Widget \u2013 Betten Sie beliebige Dateien auf Ihrer Jimdo-Website ein (2025)","isPartOf":{"@id":"https:\/\/elfsight.com\/de\/#website"},"datePublished":"2024-05-03T06:37:00+00:00","dateModified":"2025-07-08T10:42:19+00:00","description":"Hier besteht die M\u00f6glichkeit, ein Dateieinbettungs-Widget zu erstellen und es Ihrer Jimdo-Website hinzuzuf\u00fcgen. Genie\u00dfen Sie kostenlosen Support und andere Boni von Elfsight.","breadcrumb":{"@id":"https:\/\/elfsight.com\/de\/file-embed-widget\/jimdo\/#breadcrumb"},"inLanguage":"de","potentialAction":[{"@type":"ReadAction","target":["https:\/\/elfsight.com\/de\/file-embed-widget\/jimdo\/"]}]},{"@type":"BreadcrumbList","@id":"https:\/\/elfsight.com\/de\/file-embed-widget\/jimdo\/#breadcrumb","itemListElement":[{"@type":"ListItem","position":1,"name":"Home","item":"https:\/\/elfsight.com\/de\/"},{"@type":"ListItem","position":2,"name":"File Embed","item":"https:\/\/elfsight.com\/de\/file-embed-widget\/"},{"@type":"ListItem","position":3,"name":"File Embed &#8211; Jimdo"}]},{"@type":"WebSite","@id":"https:\/\/elfsight.com\/de\/#website","url":"https:\/\/elfsight.com\/de\/","name":"Elfsight DE","description":"Just another Elfsight Sites site","potentialAction":[{"@type":"SearchAction","target":{"@type":"EntryPoint","urlTemplate":"https:\/\/elfsight.com\/de\/?s={search_term_string}"},"query-input":{"@type":"PropertyValueSpecification","valueRequired":true,"valueName":"search_term_string"}}],"inLanguage":"de"}]}},"meta_box":{"industry":"","seo_heading":"","heading":"","description":"","cta_heading":"","cta_description":"","application":"485","h1":"Jimdo-Widget zum Einbetten von Dateien","h1_caption":"Betten Sie Dokumente, Tabellenkalkulationen und andere Dateien auf Ihrer Website ein, um sie einfach anzuzeigen und m\u00fchelos auf Ihre Jimdo-Website herunterzuladen.","application_category":[],"applications_title":"","applications_request_title":"","applications_request_button_text":"","hero_text":"","hero_video":"","hero_video_schema_markup":"","selling_points_title":"","selling_points_caption":"","selling_points":[],"selling_points_cta_text":"","features_title":"","features":"","ed_cta_examples_text":"","ed_cta_examples_hidden":"","ed_cta_demo_text":"","ed_cta_demo_hidden":"","why_caption":"","why_editor_title":"","why_editor_text":"","why_team_title":"","why_team_text":"","why_service_title":"","why_service_text":"","template_catalog_visible":"","template_catalog_title":"","template_catalog_text":"","template_catalog_categories_visible":"","demo_title":"Erstellen Sie Ihr Dateieinbettungs-Widget","demo_caption":"Konfigurieren Sie Ihre Dateieinbettung und f\u00fcgen Sie sie kostenlos zu Ihrer Jimdo-Website hinzu!","default_faq_hidden":"","app_template_category":[],"platform":"239","template_public_id":"","codecanyon_url":"","codecanyon_item_id":"","codecanyon_price":"","pricing_caption":"","pricing_elfsight_apps_hide_column":"","pricing_elfsight_apps_url":"","pricing_codecanyon_price_caption":"","integration_category":[],"integration_request_title":"","integration_request_cta":"","integration_platform":"","integrations":[],"platform_category":[],"video_schema_markup":"","price":"ab 0 $ \/ Monat","trial":"","benefits":[{"text":"Kostenlose Installationshilfe"},{"text":"Effektiver Kundenservice"},{"text":"14-t\u00e4gige R\u00fcckerstattungsgarantie"},{"text":"Fortlaufende Entwicklung"}],"button_url":"#demo","button_target_blank":"","button_nofollow":"","attributes":[{"name":"Installiert","content":"10,000 - 100,000"},{"name":"Reaktionsfreudig","content":"Ja"},{"name":"Kompatible Browser","content":"Firefox, Safari, Opera, Chrome, Edge"}],"tags":[],"tags_disable_links":"","hide_more_platforms":"","video_object":"","demo_hide_cta":"","demo_hide_cloud_options":"","pricing_title":"","pricing":[{"pricing_icon":"platform","pricing_title":"Elfsight Apps","pricing_title_caption":"Multiplattform-Version","pricing_price":"ab 0 $ \/ Monat","pricing_price_caption":"Beginnen Sie mit einem kostenlosen Plan","pricing_benefits":[{"text":"Unbegrenzte Domains"},{"text":"Erstklassiger und p\u00fcnktlicher Support und gut dokumentiert"},{"text":"Kostenloser Installationsservice"},{"text":"100 % anpassbar"}],"pricing_button_text":"Zur Website hinzuf\u00fcgen","pricing_button_url":"#demo"}],"related_apps_title":"","related_apps_hidden":"","author":"","image":[],"title":"","job":"","social_networks":[]},"_links":{"self":[{"href":"https:\/\/elfsight.com\/de\/wp-json\/wp\/v2\/pages\/20359","targetHints":{"allow":["GET"]}}],"collection":[{"href":"https:\/\/elfsight.com\/de\/wp-json\/wp\/v2\/pages"}],"about":[{"href":"https:\/\/elfsight.com\/de\/wp-json\/wp\/v2\/types\/page"}],"author":[{"embeddable":true,"href":"https:\/\/elfsight.com\/de\/wp-json\/wp\/v2\/users\/9"}],"replies":[{"embeddable":true,"href":"https:\/\/elfsight.com\/de\/wp-json\/wp\/v2\/comments?post=20359"}],"version-history":[{"count":1,"href":"https:\/\/elfsight.com\/de\/wp-json\/wp\/v2\/pages\/20359\/revisions"}],"predecessor-version":[{"id":20363,"href":"https:\/\/elfsight.com\/de\/wp-json\/wp\/v2\/pages\/20359\/revisions\/20363"}],"up":[{"embeddable":true,"href":"https:\/\/elfsight.com\/de\/wp-json\/wp\/v2\/pages\/2146"}],"wp:attachment":[{"href":"https:\/\/elfsight.com\/de\/wp-json\/wp\/v2\/media?parent=20359"}],"curies":[{"name":"wp","href":"https:\/\/api.w.org\/{rel}","templated":true}]}}