{"id":20358,"date":"2024-05-03T06:36:58","date_gmt":"2024-05-03T06:36:58","guid":{"rendered":"https:\/\/elfsight.com\/de\/?page_id=20358"},"modified":"2025-02-21T07:55:29","modified_gmt":"2025-02-21T07:55:29","slug":"shopify","status":"publish","type":"page","link":"https:\/\/elfsight.com\/de\/accordion-faq-widget\/shopify\/","title":{"rendered":"FAQ &#8211; Shopify"},"content":{"rendered":"\n<div class=\"application-platform-content-item-description application-platform-content-item\" id=\"description\" data-nav-section=\"description\"><h2>FAQ auf Shopify mit dem Elfsight-Widget einbetten<\/h2><p>FAQ, das vom Elfsight-Team entwickelt wurde, ist bequem und einfach zu bearbeiten und zu konfigurieren . Mit dieser Anwendung k\u00f6nnen Sie eine Einheit der am h\u00e4ufigsten gestellten Fragen mit Antworten erstellen und auf Ihrer pers\u00f6nlichen Website ver\u00f6ffentlichen. Eine informative App mit unkomplizierter Navigation erm\u00f6glicht es Ihnen, maximale Details zu Ihren Angeboten bereitzustellen, die Aufmerksamkeit der Kunden auf ihre St\u00e4rken zu lenken und Zweifel und Misstrauen zu bek\u00e4mpfen, die einen Kauf verhindern k\u00f6nnten.<\/p><p><b>Beantworten Sie die Fragen, die von Ihnen gestellt werden Erreichen Sie Ihre Kunden maximal schnell und steigern Sie den Umsatz auf der Website!<\/b><\/p><ul><li><b>F\u00fchren Sie Benutzer mit strategischen Antworten zum Kauf<\/b>.<br>F\u00fcgen Sie Antworten zu den wichtigsten Kundenfragen hinzu. Stellen Sie im Voraus Fragen und \u00fcberzeugen Sie Benutzer, einen Kauf auf Ihrer Website zu t\u00e4tigen.<\/li><li><b>Vermitteln Sie Ihren Kunden das richtige Bild Ihres Unternehmens<\/b>.<br>Stellen Sie sicher, dass Ihre Benutzer die richtige Wahrnehmung Ihres Unternehmens haben und sein Gesch\u00e4ftsmodell, um ihre Missverst\u00e4ndnisse oder Zweifel zu bek\u00e4mpfen und sie von einer Zusammenarbeit zu \u00fcberzeugen.<\/li><li><b>Reduzieren Sie Zeit und Kosten f\u00fcr die Supportarbeit Ihrer Kunden<\/b>.<br>Geben Sie Antworten auf die meisten h\u00e4ufig gestellten Fragen Fragen zu Ihren Produkten oder Dienstleistungen, um Ihren Kundensupport zu entlasten.<\/li><\/ul><\/div><div class=\"application-platform-content-item-features application-platform-content-item\" id=\"features\" data-nav-section=\"features\"><h2>Hauptfunktionen des FAQ-Widgets<\/h2><p>Die wichtigsten Eigenschaften der Elfsight-App, die sie zum praktischsten Instrument zum Hinzuf\u00fcgen von FAQ auf der Shopify-Website machen.<\/p><ul><li>Akkordeon-Layout, um Antworten beim Klicken anzuzeigen;<\/li><li>Anpassbare Farben f\u00fcr Fragetext, Antworttext, Kategorienamen und Hintergrund;<\/li><li>Kategorienamen anzeigen\/ausblenden und bearbeiten;<\/li><li>Mikrodaten-Fragenschema, um bei der SEO-Optimierung zu helfen;<\/li><li>Updates verf\u00fcgbar, um es aktuell zu halten.<\/li><\/ul><p><a href=\"#demo\">\u00dcberpr\u00fcfen Sie sie alle<\/a><\/p><\/div><div class=\"application-platform-content-item-installation application-platform-content-item\" id=\"installation\" data-nav-section=\"installation\"><h2>So f\u00fcgen Sie das Akkordeon-FAQ-Widget zu Shopify hinzu<\/h2><div class=\"video-container\"><iframe width=\"560\" height=\"315\" src=\"https:\/\/www.youtube.com\/embed\/R6k6gRp-w8w?si=xI76tFq0BGzZ-2OQ\" frameborder=\"0\" allow=\"accelerometer; autoplay; clipboard-write; encrypted-media; gyroscope; picture-in-picture; web-share\" allowfullscreen><\/iframe><\/div><p>Installieren Sie eine App mithilfe unserer Kurzanleitung. Sie ben\u00f6tigen keine Erfahrung in der Webentwicklung oder die Hilfe eines Programmierers. Die gesamte Einrichtungszeit betr\u00e4gt nur 60 Sekunden.<\/p><ol><li><b>F\u00fchren Sie unsere kostenlose Demo durch und beginnen Sie mit der Arbeit mit Ihrer ma\u00dfgeschneiderten App. <\/b><br> Finden Sie die bevorzugte Anordnung und Funktionsmerkmale der App und speichern Sie alle Korrekturen. <\/li> <li><b>Lassen Sie sich Ihren individuellen Code im speziellen Formular auf Elfsight Apps anzeigen. <\/b><br> Wenn die Konfiguration Ihrer App abgeschlossen ist, kopieren Sie den exklusiven Code aus dem angezeigten Popup und speichern Sie ihn zur sp\u00e4teren Verwendung. <\/li> <li><b>Erste Schritte mit der Nutzung der App auf Ihrer Shopify-Website. <\/b><br> Platzieren Sie den zuvor gespeicherten Code auf Ihrer Website und speichern Sie die \u00c4nderungen. <\/li> <li><b>Du bist fertig! Die Einbettung wurde erfolgreich beendet. <\/b><br> Besuchen Sie Ihre Website, um die Arbeit der App zu beobachten. <\/li><\/ol><p>Haben Sie Fragen zur Unterrichtsanwendung? Kontaktieren Sie das Elfsight-Supportteam oder lesen Sie eine vollst\u00e4ndige Version des Tutorials \u00ab<a href=\"https:\/\/elfsight.com\/blog\/how-to-add-faq-to-shopify-for-free\/\" target=\"_blank\" rel=\"noopener noreferrer\">So f\u00fcgen Sie FAQ zu Shopify hinzu<\/a>\u00bb und versuchen Sie noch einmal, sich selbst hinzuzuf\u00fcgen.<\/p><\/div><div class=\"faq\" data-component=\"FAQ\"><div class=\"faq-item\">\r\n\t\t\t\t\t<div class=\"faq-item-question\">\r\n\t\t\t\t\t\t<h3 class=\"faq-item-question-text\">Wie kann ich eine FAQ in meine Shopify-Site einbetten?<\/h3>\r\n\r\n\t\t\t\t\t\t<div class=\"faq-item-question-icon\"><\/div>\r\n\t\t\t\t\t<\/div>\r\n\r\n\t\t\t\t\t<div class=\"faq-item-answer\">\r\n\t\t\t\t\t\t<div class=\"faq-item-answer-text\"><p>Die Erstellung des Widgets erfolgt auf den Elfsight-Seiten und Sie m\u00fcssen nicht programmieren. Nutzen Sie die Online-Demo, um Ihr pers\u00f6nliches Widget zu personalisieren, den Code abzurufen und ihn Ihrer Website hinzuzuf\u00fcgen. <\/p><\/div>\r\n\t\t\t\t\t<\/div>\r\n\t\t\t\t<\/div><div class=\"faq-item\">\r\n\t\t\t\t\t<div class=\"faq-item-question\">\r\n\t\t\t\t\t\t<h3 class=\"faq-item-question-text\">Die besten Anwendungsbeispiele der Akkordeon-FAQ-Integration<\/h3>\r\n\r\n\t\t\t\t\t\t<div class=\"faq-item-question-icon\"><\/div>\r\n\t\t\t\t\t<\/div>\r\n\r\n\t\t\t\t\t<div class=\"faq-item-answer\">\r\n\t\t\t\t\t\t<div class=\"faq-item-answer-text\"><p>Wir bieten viele Anpassungsm\u00f6glichkeiten: vollwertige Widgets zum Einbetten in den Inhaltsbereich, schwebende Plugins mit Scrollm\u00f6glichkeiten, Miniaturansichten f\u00fcr die Fu\u00dfzeile, den Kopfbereich und allen Variationen vertikaler M\u00f6glichkeiten f\u00fcr Website-Seitenleisten und Men\u00fcs. <\/p><\/div>\r\n\t\t\t\t\t<\/div>\r\n\t\t\t\t<\/div><div class=\"faq-item\">\r\n\t\t\t\t\t<div class=\"faq-item-question\">\r\n\t\t\t\t\t\t<h3 class=\"faq-item-question-text\">Wie erstelle ich mit Ihrem Editor eine mehrspaltige oder Dropdown-FAQ?<\/h3>\r\n\r\n\t\t\t\t\t\t<div class=\"faq-item-question-icon\"><\/div>\r\n\t\t\t\t\t<\/div>\r\n\r\n\t\t\t\t\t<div class=\"faq-item-answer\">\r\n\t\t\t\t\t\t<div class=\"faq-item-answer-text\"><p>Sie k\u00f6nnen \u00c4nderungen an jedem Widget erstellen. Im Editor stehen zahlreiche Layouts zur Verf\u00fcgung, die sich alle schnell an Ihre Bed\u00fcrfnisse anpassen lassen. <\/p><\/div>\r\n\t\t\t\t\t<\/div>\r\n\t\t\t\t<\/div><\/div>\n","protected":false},"excerpt":{"rendered":"","protected":false},"author":9,"featured_media":0,"parent":733,"menu_order":0,"comment_status":"closed","ping_status":"closed","template":"templates\/template-application-platform.php","meta":{"publish_to_discourse":"","publish_post_category":"","wpdc_auto_publish_overridden":"","wpdc_topic_tags":"","wpdc_pin_topic":"","wpdc_pin_until":"","discourse_post_id":"","discourse_permalink":"","wpdc_publishing_response":"","wpdc_publishing_error":"","footnotes":""},"class_list":["post-20358","page","type-page","status-publish","hentry"],"yoast_head":"<!-- This site is optimized with the Yoast SEO plugin v25.3.1 - https:\/\/yoast.com\/wordpress\/plugins\/seo\/ -->\n<title>Akkordeon-FAQ \u2013 FAQ-App zur Shopify-Website hinzuf\u00fcgen<\/title>\n<meta name=\"description\" content=\"Erstellen Sie in nur wenigen Minuten Ihre individuelle FAQ-App f\u00fcr Shopify. Nutzen Sie die einfachste Demo zum Erstellen von Plugins von Elfsight, v\u00f6llig kostenlos.\" \/>\n<meta name=\"robots\" content=\"index, follow, max-snippet:-1, max-image-preview:large, max-video-preview:-1\" \/>\n<link rel=\"canonical\" href=\"https:\/\/elfsight.com\/de\/accordion-faq-widget\/shopify\/\" \/>\n<meta property=\"og:locale\" content=\"de_DE\" \/>\n<meta property=\"og:type\" content=\"article\" \/>\n<meta property=\"og:title\" content=\"Akkordeon-FAQ \u2013 FAQ-App zur Shopify-Website hinzuf\u00fcgen\" \/>\n<meta property=\"og:description\" content=\"Erstellen Sie in nur wenigen Minuten Ihre individuelle FAQ-App f\u00fcr Shopify. Nutzen Sie die einfachste Demo zum Erstellen von Plugins von Elfsight, v\u00f6llig kostenlos.\" \/>\n<meta property=\"og:url\" content=\"https:\/\/elfsight.com\/de\/accordion-faq-widget\/shopify\/\" \/>\n<meta property=\"og:site_name\" content=\"Elfsight DE\" \/>\n<meta property=\"article:modified_time\" content=\"2025-02-21T07:55:29+00:00\" \/>\n<meta name=\"twitter:card\" content=\"summary_large_image\" \/>\n<meta name=\"twitter:label1\" content=\"Gesch\u00e4tzte Lesezeit\" \/>\n\t<meta name=\"twitter:data1\" content=\"4\u00a0Minuten\" \/>\n<!-- \/ Yoast SEO plugin. -->","yoast_head_json":{"title":"Akkordeon-FAQ \u2013 FAQ-App zur Shopify-Website hinzuf\u00fcgen","description":"Erstellen Sie in nur wenigen Minuten Ihre individuelle FAQ-App f\u00fcr Shopify. Nutzen Sie die einfachste Demo zum Erstellen von Plugins von Elfsight, v\u00f6llig kostenlos.","robots":{"index":"index","follow":"follow","max-snippet":"max-snippet:-1","max-image-preview":"max-image-preview:large","max-video-preview":"max-video-preview:-1"},"canonical":"https:\/\/elfsight.com\/de\/accordion-faq-widget\/shopify\/","og_locale":"de_DE","og_type":"article","og_title":"Akkordeon-FAQ \u2013 FAQ-App zur Shopify-Website hinzuf\u00fcgen","og_description":"Erstellen Sie in nur wenigen Minuten Ihre individuelle FAQ-App f\u00fcr Shopify. Nutzen Sie die einfachste Demo zum Erstellen von Plugins von Elfsight, v\u00f6llig kostenlos.","og_url":"https:\/\/elfsight.com\/de\/accordion-faq-widget\/shopify\/","og_site_name":"Elfsight DE","article_modified_time":"2025-02-21T07:55:29+00:00","twitter_card":"summary_large_image","twitter_misc":{"Gesch\u00e4tzte Lesezeit":"4\u00a0Minuten"},"schema":{"@context":"https:\/\/schema.org","@graph":[{"@type":"WebPage","@id":"https:\/\/elfsight.com\/de\/accordion-faq-widget\/shopify\/","url":"https:\/\/elfsight.com\/de\/accordion-faq-widget\/shopify\/","name":"Akkordeon-FAQ \u2013 FAQ-App zur Shopify-Website hinzuf\u00fcgen","isPartOf":{"@id":"https:\/\/elfsight.com\/de\/#website"},"datePublished":"2024-05-03T06:36:58+00:00","dateModified":"2025-02-21T07:55:29+00:00","description":"Erstellen Sie in nur wenigen Minuten Ihre individuelle FAQ-App f\u00fcr Shopify. Nutzen Sie die einfachste Demo zum Erstellen von Plugins von Elfsight, v\u00f6llig kostenlos.","breadcrumb":{"@id":"https:\/\/elfsight.com\/de\/accordion-faq-widget\/shopify\/#breadcrumb"},"inLanguage":"de","potentialAction":[{"@type":"ReadAction","target":["https:\/\/elfsight.com\/de\/accordion-faq-widget\/shopify\/"]}]},{"@type":"BreadcrumbList","@id":"https:\/\/elfsight.com\/de\/accordion-faq-widget\/shopify\/#breadcrumb","itemListElement":[{"@type":"ListItem","position":1,"name":"Home","item":"https:\/\/elfsight.com\/de\/"},{"@type":"ListItem","position":2,"name":"FAQ","item":"https:\/\/elfsight.com\/de\/accordion-faq-widget\/"},{"@type":"ListItem","position":3,"name":"FAQ &#8211; Shopify"}]},{"@type":"WebSite","@id":"https:\/\/elfsight.com\/de\/#website","url":"https:\/\/elfsight.com\/de\/","name":"Elfsight DE","description":"Just another Elfsight Sites site","potentialAction":[{"@type":"SearchAction","target":{"@type":"EntryPoint","urlTemplate":"https:\/\/elfsight.com\/de\/?s={search_term_string}"},"query-input":{"@type":"PropertyValueSpecification","valueRequired":true,"valueName":"search_term_string"}}],"inLanguage":"de"}]}},"meta_box":{"industry":"","seo_heading":"","heading":"","description":"","cta_heading":"","cta_description":"","application":"463","h1":"Akkordeon-FAQ-App f\u00fcr Shopify","h1_caption":"Stellen Sie Antworten auf h\u00e4ufig gestellte Fragen in einem organisierten, durchsuchbaren Format bereit, damit Benutzer schnell und m\u00fchelos L\u00f6sungen auf Ihrer Shopify-Website finden k\u00f6nnen.","application_category":[],"applications_title":"","applications_request_title":"","applications_request_button_text":"","hero_text":"","hero_video":"","hero_video_schema_markup":"","selling_points_title":"","selling_points_caption":"","selling_points":[],"selling_points_cta_text":"","features_title":"","features":"","ed_cta_examples_text":"","ed_cta_examples_hidden":"","ed_cta_demo_text":"","ed_cta_demo_hidden":"","why_caption":"","why_editor_title":"","why_editor_text":"","why_team_title":"","why_team_text":"","why_service_title":"","why_service_text":"","template_catalog_visible":"0","template_catalog_title":"","template_catalog_text":"","template_catalog_categories_visible":"","demo_title":"Erstellen Sie Ihre FAQ-App","demo_caption":"Konfigurieren Sie Ihre FAQ und f\u00fcgen Sie sie kostenlos zu Ihrer Shopify-Website hinzu!","default_faq_hidden":"","app_template_category":[],"platform":"253","template_public_id":"","codecanyon_url":"","codecanyon_item_id":"","codecanyon_price":"","pricing_caption":"","pricing_elfsight_apps_hide_column":"","pricing_elfsight_apps_url":"","pricing_codecanyon_price_caption":"","integration_category":[],"integration_request_title":"","integration_request_cta":"","integration_platform":"","integrations":[],"platform_category":[],"video_schema_markup":"","price":"ab 0 $ \/ Monat","trial":"","benefits":[{"text":"Kostenloser Installationsservice"},{"text":"Premium-Support"},{"text":"14-t\u00e4gige Geld-zur\u00fcck-Garantie"},{"text":"Kontinuierliche kostenlose Updates"}],"button_url":"#demo","button_target_blank":"0","button_nofollow":"0","attributes":[{"name":"Installiert","content":"10,000 - 100,000"},{"name":"Reaktionsfreudig","content":"Ja"},{"name":"Kompatible Browser","content":"Firefox, Safari, Opera, Chrome, Edge"}],"tags":[],"tags_disable_links":"0","hide_more_platforms":"0","video_object":"","demo_hide_cta":"0","demo_hide_cloud_options":"0","pricing_title":"","pricing":[{"pricing_icon":"platform","pricing_title":"Elfsight Apps","pricing_title_caption":"Plattform\u00fcbergreifende Version, die auf jeder Website funktioniert","pricing_price":"ab 0 $ \/ Monat","pricing_price_caption":"Beginnen Sie mit dem kostenlosen Plan","pricing_benefits":[{"text":"Unbegrenzte Websites"},{"text":"Premium-Support"},{"text":"Kostenloser Installationsservice"},{"text":"Sonderangebot f\u00fcr mehrere Apps"}],"pricing_button_text":"Zur Website hinzuf\u00fcgen","pricing_button_url":"#demo"}],"related_apps_title":"","related_apps_hidden":"0","author":"","image":[],"title":"","job":"","social_networks":[]},"_links":{"self":[{"href":"https:\/\/elfsight.com\/de\/wp-json\/wp\/v2\/pages\/20358","targetHints":{"allow":["GET"]}}],"collection":[{"href":"https:\/\/elfsight.com\/de\/wp-json\/wp\/v2\/pages"}],"about":[{"href":"https:\/\/elfsight.com\/de\/wp-json\/wp\/v2\/types\/page"}],"author":[{"embeddable":true,"href":"https:\/\/elfsight.com\/de\/wp-json\/wp\/v2\/users\/9"}],"replies":[{"embeddable":true,"href":"https:\/\/elfsight.com\/de\/wp-json\/wp\/v2\/comments?post=20358"}],"version-history":[{"count":4,"href":"https:\/\/elfsight.com\/de\/wp-json\/wp\/v2\/pages\/20358\/revisions"}],"predecessor-version":[{"id":24656,"href":"https:\/\/elfsight.com\/de\/wp-json\/wp\/v2\/pages\/20358\/revisions\/24656"}],"up":[{"embeddable":true,"href":"https:\/\/elfsight.com\/de\/wp-json\/wp\/v2\/pages\/733"}],"wp:attachment":[{"href":"https:\/\/elfsight.com\/de\/wp-json\/wp\/v2\/media?parent=20358"}],"curies":[{"name":"wp","href":"https:\/\/api.w.org\/{rel}","templated":true}]}}