{"id":20357,"date":"2024-05-03T06:36:57","date_gmt":"2024-05-03T06:36:57","guid":{"rendered":"https:\/\/elfsight.com\/de\/?page_id=20357"},"modified":"2025-02-21T07:58:18","modified_gmt":"2025-02-21T07:58:18","slug":"webflow","status":"publish","type":"page","link":"https:\/\/elfsight.com\/de\/accordion-faq-widget\/webflow\/","title":{"rendered":"FAQ &#8211; Webflow"},"content":{"rendered":"\n<div class=\"application-platform-content-item-description application-platform-content-item\" id=\"description\" data-nav-section=\"description\"><h2>FAQ auf Webflow mit dem Elfsight-Widget einbetten<\/h2><p>Unsere FAQ ist ein effizientes und einfach zu installierendes und zu konfigurierendes Widget und zeigen Sie eine Liste der am h\u00e4ufigsten gestellten Fragen mit Antworten auf Ihrer Website an. Ein interaktives Plugin mit \u00fcbersichtlicher Oberfl\u00e4che hilft Ihnen, m\u00f6glichst detaillierte Informationen zu Ihren Produkten anzuzeigen, das Kundeninteresse auf Ihre Vorteile zu lenken und m\u00f6gliche Zweifel und Misstrauen zu bek\u00e4mpfen, die eine Kaufentscheidung verhindern k\u00f6nnten.<\/p><p><b>Reagieren Beantworten Sie die auftauchenden Fragen Ihrer Kunden sofort und erh\u00f6hen Sie die Anzahl der Bestellungen auf der Website!<\/b><\/p><ul><li><b>Leiten Sie Besucher mit den richtigen Texten dazu, ihre Bestellung aufzugeben<\/b>. <br>Ver\u00f6ffentlichen Sie Antworten auf die wichtigsten Fragen Ihrer Kunden, bevor sie auftauchen, und sorgen Sie daf\u00fcr, dass sie ihre Bestellung auf Ihrer Website abschlie\u00dfen.<\/li><li><b>Erzielen Sie ein optimales Verst\u00e4ndnis der Benutzer Ihrer Waren oder Dienstleistungen<\/b>.<br>Brechen Sie die h\u00e4ufigsten Vorurteile und Zweifel \u00fcber Ihr Unternehmen mit Hilfe detaillierter und verst\u00e4ndlicher Antworten ab.<\/li><li><b>Reduzieren Sie den Zeit- und Kostenaufwand f\u00fcr die Kundenbetreuung<\/b>.<br>Geben Sie Antworten Beantworten Sie h\u00e4ufig gestellte Fragen zu Ihren Produkten oder Dienstleistungen, um die Belastung Ihres Help Centers zu verringern.<\/li><\/ul><\/div><div class=\"application-platform-content-item-features application-platform-content-item\" id=\"features\" data-nav-section=\"features\"><h2>Hauptfunktionen der FAQ Widget<\/h2><p>Die Hauptvorteile unseres Widgets, die es zum effektivsten Instrument zum Hinzuf\u00fcgen von FAQ auf der Webflow-Website machen.<\/p><ul><li>3 fertige Layouts: Akkordeon, Liste, mehrspaltig; <\/li><li>4 gebrauchsfertige Stile mit Rahmen und Schatten;<\/li><li>Kategorienamen anzeigen\/ausblenden und bearbeiten;<\/li><li>Bearbeitbarer Widget-Titel;<\/li><li>Mobil optimiert f\u00fcr ein reibungsloses Erlebnis.<\/li><\/ul><p><a href=\"#demo\">Alle ansehen<\/a><\/p><\/div><div class=\"application-platform-content-item-installation application-platform-content-item\" id=\"installation\" data-nav-section=\"installation\"><h2>So f\u00fcgen Sie Accordion-FAQ zur Webflow-Website hinzu<\/h2><div class=\"video-container\"><iframe width=\"560\" height=\"315\" src=\"https:\/\/www.youtube.com\/embed\/6U0CG5OwsfE?si=_iSyWT2Va9BBYNnG\" frameborder=\"0\" allow=\"accelerometer; autoplay; clipboard-write; encrypted-media; gyroscope; picture-in-picture; web-share\" allowfullscreen><\/iframe><\/div><p>Generieren Sie ein Widget mithilfe unserer Kurzanleitung. Sie ben\u00f6tigen keine Programmierkenntnisse oder die Anwesenheit eines Programmierers. Die durchschnittliche Installationsdauer betr\u00e4gt nur 3 Minuten.<\/p><ol><li><b>Erstellen Sie Ihre ma\u00dfgeschneiderte FAQ<\/b>.<br>Erstellen Sie mit unserem kostenlosen Editor ein Widget mit bevorzugtem Design und bevorzugten Optionen.<\/li><li><b>Erhalten Sie den Code f\u00fcr die Installation des Widgets<\/b>.<br>Nach der Widget-Erstellung erhalten Sie den Code f\u00fcr das FAQ-Widget aus der angezeigten Benachrichtigung auf Elfsight Apps.<\/li><li><b>Zeigen Sie das Widget auf der Webflow-Site an<\/b>.<br>F\u00fcgen Sie das Widget an der erforderlichen Stelle der Website hinzu und ver\u00f6ffentlichen Sie die \u00c4nderungen.<\/li><li><b>Fertig!<\/b>.<br>Betreten Sie Ihre Website, um Ihre Arbeit zu \u00fcberpr\u00fcfen.<\/li><\/ol><p>Haben Sie bei der Durchf\u00fchrung des Tutorials Fragen? Kontaktieren Sie das Support-Center von Elfsight oder analysieren Sie den ausf\u00fchrlichen Text des Handbuchs: \u00ab<a href=\"https:\/\/elfsight.com\/tutorials\/how-to-add-faq-widget-to-webflow\/\" target=\" _blank\" rel=\"noopener noreferrer\">So f\u00fcgen Sie FAQ zu Webflow hinzu<\/a>\u00bb und f\u00fchren die Einrichtung selbst durch.<\/p><div class=\"faq\" data-component=\"FAQ\"><div class=\"faq-item\">\r\n\t\t\t\t\t<div class=\"faq-item-question\">\r\n\t\t\t\t\t\t<h3 class=\"faq-item-question-text\">Wie kann ich ohne Programmierkenntnisse FAQ zu meiner Webflow-Website hinzuf\u00fcgen? ??<\/h3>\r\n\r\n\t\t\t\t\t\t<div class=\"faq-item-question-icon\"><\/div>\r\n\t\t\t\t\t<\/div>\r\n\r\n\t\t\t\t\t<div class=\"faq-item-answer\">\r\n\t\t\t\t\t\t<div class=\"faq-item-answer-text\"> <p>Elfsight bietet eine SaaS-L\u00f6sung, mit der Sie selbst ein FAQ-Widget erstellen k\u00f6nnen. Sehen Sie, wie einfach der Vorgang ist: Arbeiten Sie direkt im Online-Editor, um ein FAQ-Widget zu erstellen, das Sie gerne auf Ihrer Webflow-Website sehen w\u00fcrden. W\u00e4hlen Sie eine der vorgefertigten Vorlagen aus und passen Sie die FAQ-Einstellungen an, f\u00fcgen Sie Ihre Inhalte hinzu, \u00e4ndern Sie das Layout und die Farben ohne Programmierkenntnisse. Speichern Sie die FAQ und kopieren Sie den Installationscode, damit Sie ihn zu Ihrer Webflow-Website hinzuf\u00fcgen k\u00f6nnen, ohne einen kostenpflichtigen Plan zu kaufen. Mit unserem intuitiven Editor kann jeder Internetnutzer online ein FAQ-Widget erstellen und es einfach in seine Webflow-Website einbetten. Sie m\u00fcssen weder bezahlen noch Ihre Kartendaten eingeben, um auf den Service zuzugreifen. Sollten bei irgendeinem Schritt Probleme auftreten, wenden Sie sich bitte an unser technisches Support-Team.<\/p> <\/div>\r\n\t\t\t\t\t<\/div>\r\n\t\t\t\t<\/div> <\/div><\/div>\n","protected":false},"excerpt":{"rendered":"","protected":false},"author":9,"featured_media":0,"parent":733,"menu_order":0,"comment_status":"closed","ping_status":"closed","template":"templates\/template-application-platform.php","meta":{"publish_to_discourse":"","publish_post_category":"","wpdc_auto_publish_overridden":"","wpdc_topic_tags":"","wpdc_pin_topic":"","wpdc_pin_until":"","discourse_post_id":"","discourse_permalink":"","wpdc_publishing_response":"","wpdc_publishing_error":"","footnotes":""},"class_list":["post-20357","page","type-page","status-publish","hentry"],"yoast_head":"<!-- This site is optimized with the Yoast SEO plugin v25.3.1 - https:\/\/yoast.com\/wordpress\/plugins\/seo\/ -->\n<title>Akkordeon-FAQ \u2013 FAQ-Widget zur Webflow-Website hinzuf\u00fcgen<\/title>\n<meta name=\"description\" content=\"Holen Sie sich Ihr spezielles FAQ-Plugin f\u00fcr Webflow in nur 1 Minute. Testen Sie die einfachste Demo f\u00fcr Setup-Plugins von Elfsight, absolut kostenlos.\" \/>\n<meta name=\"robots\" content=\"index, follow, max-snippet:-1, max-image-preview:large, max-video-preview:-1\" \/>\n<link rel=\"canonical\" href=\"https:\/\/elfsight.com\/de\/accordion-faq-widget\/webflow\/\" \/>\n<meta property=\"og:locale\" content=\"de_DE\" \/>\n<meta property=\"og:type\" content=\"article\" \/>\n<meta property=\"og:title\" content=\"Akkordeon-FAQ \u2013 FAQ-Widget zur Webflow-Website hinzuf\u00fcgen\" \/>\n<meta property=\"og:description\" content=\"Holen Sie sich Ihr spezielles FAQ-Plugin f\u00fcr Webflow in nur 1 Minute. Testen Sie die einfachste Demo f\u00fcr Setup-Plugins von Elfsight, absolut kostenlos.\" \/>\n<meta property=\"og:url\" content=\"https:\/\/elfsight.com\/de\/accordion-faq-widget\/webflow\/\" \/>\n<meta property=\"og:site_name\" content=\"Elfsight DE\" \/>\n<meta property=\"article:modified_time\" content=\"2025-02-21T07:58:18+00:00\" \/>\n<meta name=\"twitter:card\" content=\"summary_large_image\" \/>\n<meta name=\"twitter:label1\" content=\"Gesch\u00e4tzte Lesezeit\" \/>\n\t<meta name=\"twitter:data1\" content=\"3\u00a0Minuten\" \/>\n<!-- \/ Yoast SEO plugin. -->","yoast_head_json":{"title":"Akkordeon-FAQ \u2013 FAQ-Widget zur Webflow-Website hinzuf\u00fcgen","description":"Holen Sie sich Ihr spezielles FAQ-Plugin f\u00fcr Webflow in nur 1 Minute. Testen Sie die einfachste Demo f\u00fcr Setup-Plugins von Elfsight, absolut kostenlos.","robots":{"index":"index","follow":"follow","max-snippet":"max-snippet:-1","max-image-preview":"max-image-preview:large","max-video-preview":"max-video-preview:-1"},"canonical":"https:\/\/elfsight.com\/de\/accordion-faq-widget\/webflow\/","og_locale":"de_DE","og_type":"article","og_title":"Akkordeon-FAQ \u2013 FAQ-Widget zur Webflow-Website hinzuf\u00fcgen","og_description":"Holen Sie sich Ihr spezielles FAQ-Plugin f\u00fcr Webflow in nur 1 Minute. Testen Sie die einfachste Demo f\u00fcr Setup-Plugins von Elfsight, absolut kostenlos.","og_url":"https:\/\/elfsight.com\/de\/accordion-faq-widget\/webflow\/","og_site_name":"Elfsight DE","article_modified_time":"2025-02-21T07:58:18+00:00","twitter_card":"summary_large_image","twitter_misc":{"Gesch\u00e4tzte Lesezeit":"3\u00a0Minuten"},"schema":{"@context":"https:\/\/schema.org","@graph":[{"@type":"WebPage","@id":"https:\/\/elfsight.com\/de\/accordion-faq-widget\/webflow\/","url":"https:\/\/elfsight.com\/de\/accordion-faq-widget\/webflow\/","name":"Akkordeon-FAQ \u2013 FAQ-Widget zur Webflow-Website hinzuf\u00fcgen","isPartOf":{"@id":"https:\/\/elfsight.com\/de\/#website"},"datePublished":"2024-05-03T06:36:57+00:00","dateModified":"2025-02-21T07:58:18+00:00","description":"Holen Sie sich Ihr spezielles FAQ-Plugin f\u00fcr Webflow in nur 1 Minute. Testen Sie die einfachste Demo f\u00fcr Setup-Plugins von Elfsight, absolut kostenlos.","breadcrumb":{"@id":"https:\/\/elfsight.com\/de\/accordion-faq-widget\/webflow\/#breadcrumb"},"inLanguage":"de","potentialAction":[{"@type":"ReadAction","target":["https:\/\/elfsight.com\/de\/accordion-faq-widget\/webflow\/"]}]},{"@type":"BreadcrumbList","@id":"https:\/\/elfsight.com\/de\/accordion-faq-widget\/webflow\/#breadcrumb","itemListElement":[{"@type":"ListItem","position":1,"name":"Home","item":"https:\/\/elfsight.com\/de\/"},{"@type":"ListItem","position":2,"name":"FAQ","item":"https:\/\/elfsight.com\/de\/accordion-faq-widget\/"},{"@type":"ListItem","position":3,"name":"FAQ &#8211; Webflow"}]},{"@type":"WebSite","@id":"https:\/\/elfsight.com\/de\/#website","url":"https:\/\/elfsight.com\/de\/","name":"Elfsight DE","description":"Just another Elfsight Sites site","potentialAction":[{"@type":"SearchAction","target":{"@type":"EntryPoint","urlTemplate":"https:\/\/elfsight.com\/de\/?s={search_term_string}"},"query-input":{"@type":"PropertyValueSpecification","valueRequired":true,"valueName":"search_term_string"}}],"inLanguage":"de"}]}},"meta_box":{"industry":"","seo_heading":"","heading":"","description":"","cta_heading":"","cta_description":"","application":"463","h1":"Akkordeon-FAQ-Widget f\u00fcr Webflow","h1_caption":"Stellen Sie Antworten auf h\u00e4ufig gestellte Fragen in einem organisierten, durchsuchbaren Format bereit, damit Benutzer schnell und m\u00fchelos L\u00f6sungen auf Ihrer Webflow-Website finden k\u00f6nnen.","application_category":[],"applications_title":"","applications_request_title":"","applications_request_button_text":"","hero_text":"","hero_video":"","hero_video_schema_markup":"","selling_points_title":"","selling_points_caption":"","selling_points":[],"selling_points_cta_text":"","features_title":"","features":"","ed_cta_examples_text":"","ed_cta_examples_hidden":"","ed_cta_demo_text":"","ed_cta_demo_hidden":"","why_caption":"","why_editor_title":"","why_editor_text":"","why_team_title":"","why_team_text":"","why_service_title":"","why_service_text":"","template_catalog_visible":"0","template_catalog_title":"","template_catalog_text":"","template_catalog_categories_visible":"","demo_title":"Erstellen Sie Ihr FAQ-Widget","demo_caption":"Konfigurieren Sie Ihre FAQ und f\u00fcgen Sie sie kostenlos zu Ihrer Webflow-Website hinzu!","default_faq_hidden":"","app_template_category":[],"platform":"250","template_public_id":"","codecanyon_url":"","codecanyon_item_id":"","codecanyon_price":"","pricing_caption":"","pricing_elfsight_apps_hide_column":"","pricing_elfsight_apps_url":"","pricing_codecanyon_price_caption":"","integration_category":[],"integration_request_title":"","integration_request_cta":"","integration_platform":"","integrations":[],"platform_category":[],"video_schema_markup":"","price":"ab 0 $ \/ Monat","trial":"","benefits":[{"text":"Kostenlose Installationsunterst\u00fctzung"},{"text":"Professioneller Kundenservice"},{"text":"14-t\u00e4gige Geld-zur\u00fcck-Garantie"},{"text":"St\u00e4ndige Aktualisierung"}],"button_url":"#demo","button_target_blank":"0","button_nofollow":"0","attributes":[{"name":"Installiert","content":"10,000 - 100,000"},{"name":"Reaktionsfreudig","content":"Ja"},{"name":"Kompatible Browser","content":"Chrome, Opera, Firefox, Safari, Edge"}],"tags":[],"tags_disable_links":"0","hide_more_platforms":"0","video_object":"","demo_hide_cta":"0","demo_hide_cloud_options":"0","pricing_title":"","pricing":[{"pricing_icon":"platform","pricing_title":"Webflow widget","pricing_title_caption":"Plattform\u00fcbergreifende digitale L\u00f6sung, die f\u00fcr jede Website funktioniert (einschlie\u00dflich Webflow)","pricing_price":"ab 0 $ \/ Monat","pricing_price_caption":"Beginnen Sie mit einem kostenlosen Plan","pricing_benefits":[{"text":"Unbegrenzte Anzahl an Domains"},{"text":"Schneller und p\u00fcnktlicher Support"},{"text":"Kostenloser Installationsservice"},{"text":"Sonderangebot f\u00fcr mehrere Apps"}],"pricing_button_text":"Zur Website hinzuf\u00fcgen","pricing_button_url":"#demo"}],"related_apps_title":"","related_apps_hidden":"0","author":"","image":[],"title":"","job":"","social_networks":[]},"_links":{"self":[{"href":"https:\/\/elfsight.com\/de\/wp-json\/wp\/v2\/pages\/20357","targetHints":{"allow":["GET"]}}],"collection":[{"href":"https:\/\/elfsight.com\/de\/wp-json\/wp\/v2\/pages"}],"about":[{"href":"https:\/\/elfsight.com\/de\/wp-json\/wp\/v2\/types\/page"}],"author":[{"embeddable":true,"href":"https:\/\/elfsight.com\/de\/wp-json\/wp\/v2\/users\/9"}],"replies":[{"embeddable":true,"href":"https:\/\/elfsight.com\/de\/wp-json\/wp\/v2\/comments?post=20357"}],"version-history":[{"count":3,"href":"https:\/\/elfsight.com\/de\/wp-json\/wp\/v2\/pages\/20357\/revisions"}],"predecessor-version":[{"id":24658,"href":"https:\/\/elfsight.com\/de\/wp-json\/wp\/v2\/pages\/20357\/revisions\/24658"}],"up":[{"embeddable":true,"href":"https:\/\/elfsight.com\/de\/wp-json\/wp\/v2\/pages\/733"}],"wp:attachment":[{"href":"https:\/\/elfsight.com\/de\/wp-json\/wp\/v2\/media?parent=20357"}],"curies":[{"name":"wp","href":"https:\/\/api.w.org\/{rel}","templated":true}]}}