{"id":2016,"date":"2020-07-30T15:21:51","date_gmt":"2020-07-30T15:21:51","guid":{"rendered":"https:\/\/elfsight.com\/de\/?page_id=2016"},"modified":"2022-03-21T09:50:10","modified_gmt":"2022-03-21T09:50:10","slug":"pricing","status":"publish","type":"page","link":"https:\/\/elfsight.com\/de\/number-counter-widget\/pricing\/","title":{"rendered":"Number Counter &#8211; Pricing"},"content":{"rendered":"\n<div class=\"faq\" data-component=\"FAQ\">\n<div class=\"faq-item\">\r\n\t\t\t\t\t<div class=\"faq-item-question\">\r\n\t\t\t\t\t\t<h3 class=\"faq-item-question-text\"> Bietet Elfsight ein kostenloses Abonnement f\u00fcr Elfsight Widgets?<\/h3>\r\n\r\n\t\t\t\t\t\t<div class=\"faq-item-question-icon\"><\/div>\r\n\t\t\t\t\t<\/div>\r\n\r\n\t\t\t\t\t<div class=\"faq-item-answer\">\r\n\t\t\t\t\t\t<div class=\"faq-item-answer-text\">\n\nJa, sicher. Unser Team bietet ein kostenloses Abonnement f\u00fcr alle Plugins. Dar\u00fcber hinaus beschr\u00e4nken wir die grundlegenden Funktionalit\u00e4t und die Bearbeitungsoptionen nicht. Z\u00f6gern Sie nicht alle M\u00f6glichkeiten gratis Elfsight-Apps f\u00fcr Ihre Website zu nutzen. \n<\/div>\r\n\t\t\t\t\t<\/div>\r\n\t\t\t\t<\/div>\n\n<div class=\"faq-item\">\r\n\t\t\t\t\t<div class=\"faq-item-question\">\r\n\t\t\t\t\t\t<h3 class=\"faq-item-question-text\">Haben Sie eine Nachfrist f\u00fcr Ihre Plugins?<\/h3>\r\n\r\n\t\t\t\t\t\t<div class=\"faq-item-question-icon\"><\/div>\r\n\t\t\t\t\t<\/div>\r\n\r\n\t\t\t\t\t<div class=\"faq-item-answer\">\r\n\t\t\t\t\t\t<div class=\"faq-item-answer-text\">\n\nElfsight Gratisabonnement hat keine \u00dcbergangsfrist. Sie k\u00f6nnen das Widget auf der Webseite so lange nutzen, wie Sie es ben\u00f6tigen. \n<\/div>\r\n\t\t\t\t\t<\/div>\r\n\t\t\t\t<\/div>\n\n<div class=\"faq-item\">\r\n\t\t\t\t\t<div class=\"faq-item-question\">\r\n\t\t\t\t\t\t<h3 class=\"faq-item-question-text\">Haben Sie einige Rabatte?<\/h3>\r\n\r\n\t\t\t\t\t\t<div class=\"faq-item-question-icon\"><\/div>\r\n\t\t\t\t\t<\/div>\r\n\r\n\t\t\t\t\t<div class=\"faq-item-answer\">\r\n\t\t\t\t\t\t<div class=\"faq-item-answer-text\">\n\nJa, Sie k\u00f6nnen 20% Willkommensgutschein f\u00fcr Ihr erstes Zahlung bekommen. Bitte denken Sie daran, dass Sie es innerhalb von 24 Stunden benutzen sollen. Dann bekommen Sie 30% Skonti f\u00fcr den n\u00e4chsten Zahlung eines eingezahlten Plans. \n<\/div>\r\n\t\t\t\t\t<\/div>\r\n\t\t\t\t<\/div>\n\n<div class=\"faq-item\">\r\n\t\t\t\t\t<div class=\"faq-item-question\">\r\n\t\t\t\t\t\t<h3 class=\"faq-item-question-text\">Kann ich mein Abonnement f\u00fcr das Widget, das ich bereits habe, sp\u00e4ter \u00e4ndern?<\/h3>\r\n\r\n\t\t\t\t\t\t<div class=\"faq-item-question-icon\"><\/div>\r\n\t\t\t\t\t<\/div>\r\n\r\n\t\t\t\t\t<div class=\"faq-item-answer\">\r\n\t\t\t\t\t\t<div class=\"faq-item-answer-text\">\n\nSicher! Unsere Kunden k\u00f6nnen das Tarif immer \u00e4ndern oder k\u00fcndigen. Die Kosten gezahlt f\u00fcr letzten Tarif wird zu einem neuen Plan erneut berechnet. \n<\/div>\r\n\t\t\t\t\t<\/div>\r\n\t\t\t\t<\/div>\n\n<div class=\"faq-item\">\r\n\t\t\t\t\t<div class=\"faq-item-question\">\r\n\t\t\t\t\t\t<h3 class=\"faq-item-question-text\">Was bedeutet die Beschr\u00e4nkung der Widget-Aussichten?<\/h3>\r\n\r\n\t\t\t\t\t\t<div class=\"faq-item-question-icon\"><\/div>\r\n\t\t\t\t\t<\/div>\r\n\r\n\t\t\t\t\t<div class=\"faq-item-answer\">\r\n\t\t\t\t\t\t<div class=\"faq-item-answer-text\">\n\nDie Anzahl der Ansichten umfasst die Vielzahl der Widget-Laden auf Ihrer Seite. Dies zeigtdie Menge der eindeutigen auf einer Website mit den Widgets nicht. \nDie Anzahl der Aussichten hat eine monatliche Basis und wird jeden Monat ersetzt und kommt drauf an Ihrem Plan. \n<\/div>\r\n\t\t\t\t\t<\/div>\r\n\t\t\t\t<\/div>\n\n<div class=\"faq-item\">\r\n\t\t\t\t\t<div class=\"faq-item-question\">\r\n\t\t\t\t\t\t<h3 class=\"faq-item-question-text\">Auf wie viele Webseiten kann man das Plugin installieren?<\/h3>\r\n\r\n\t\t\t\t\t\t<div class=\"faq-item-question-icon\"><\/div>\r\n\t\t\t\t\t<\/div>\r\n\r\n\t\t\t\t\t<div class=\"faq-item-answer\">\r\n\t\t\t\t\t\t<div class=\"faq-item-answer-text\">\n\nWenn Sie einen kostenlosen Plan nutzen, k\u00f6nnen Sie das Widget nur auf einziger Website erstellen. \nIn den bezahlten Abonnements gibt es keine Beschr\u00e4nkungen &#8211; Sie k\u00f6nnen so viele Widgets f\u00fcr Ihre Website generieren wie Sie ben\u00f6tigen. \n<\/div>\r\n\t\t\t\t\t<\/div>\r\n\t\t\t\t<\/div>\n\n<div class=\"faq-item\">\r\n\t\t\t\t\t<div class=\"faq-item-question\">\r\n\t\t\t\t\t\t<h3 class=\"faq-item-question-text\"> Geben Sie Ihren Benutzern kostenlose Einstellungshilfe an?<\/h3>\r\n\r\n\t\t\t\t\t\t<div class=\"faq-item-question-icon\"><\/div>\r\n\t\t\t\t\t<\/div>\r\n\r\n\t\t\t\t\t<div class=\"faq-item-answer\">\r\n\t\t\t\t\t\t<div class=\"faq-item-answer-text\">\n\nJa, wir bietet allen unseren Kunden gratis Support bei der Einstellungen und Einbetten des Widgets. Unsere Kunden k\u00f6nnen Elfsight freundliches Hilfeteam kontaktieren. \n<\/div>\r\n\t\t\t\t\t<\/div>\r\n\t\t\t\t<\/div>\n<\/div>\n","protected":false},"excerpt":{"rendered":"","protected":false},"author":11,"featured_media":0,"parent":2012,"menu_order":0,"comment_status":"closed","ping_status":"closed","template":"templates\/template-application-pricing.php","meta":{"publish_to_discourse":"","publish_post_category":"","wpdc_auto_publish_overridden":"","wpdc_topic_tags":"","wpdc_pin_topic":"","wpdc_pin_until":"","discourse_post_id":"","discourse_permalink":"","wpdc_publishing_response":"","wpdc_publishing_error":"","footnotes":""},"class_list":["post-2016","page","type-page","status-publish","hentry"],"yoast_head":"<!-- This site is optimized with the Yoast SEO plugin v25.3.1 - https:\/\/yoast.com\/wordpress\/plugins\/seo\/ -->\n<title>Number Counter Plugin-Preise (kostenlose und premium)<\/title>\n<meta name=\"description\" content=\"Erstellen Sie Ihr Number Counter Plugin f\u00fcr die Website zum niedrigsten Preis! Die Tarife f\u00fcr dasNumber Counter Widget reichen von kostenlos bis premium.\" \/>\n<meta name=\"robots\" content=\"index, follow, max-snippet:-1, max-image-preview:large, max-video-preview:-1\" \/>\n<link rel=\"canonical\" href=\"https:\/\/elfsight.com\/de\/number-counter-widget\/pricing\/\" \/>\n<meta property=\"og:locale\" content=\"de_DE\" \/>\n<meta property=\"og:type\" content=\"article\" \/>\n<meta property=\"og:title\" content=\"Number Counter Plugin-Preise (kostenlose und premium)\" \/>\n<meta property=\"og:description\" content=\"Erstellen Sie Ihr Number Counter Plugin f\u00fcr die Website zum niedrigsten Preis! Die Tarife f\u00fcr dasNumber Counter Widget reichen von kostenlos bis premium.\" \/>\n<meta property=\"og:url\" content=\"https:\/\/elfsight.com\/de\/number-counter-widget\/pricing\/\" \/>\n<meta property=\"og:site_name\" content=\"Elfsight DE\" \/>\n<meta property=\"article:modified_time\" content=\"2022-03-21T09:50:10+00:00\" \/>\n<meta name=\"twitter:card\" content=\"summary_large_image\" \/>\n<meta name=\"twitter:label1\" content=\"Gesch\u00e4tzte Lesezeit\" \/>\n\t<meta name=\"twitter:data1\" content=\"2\u00a0Minuten\" \/>\n<!-- \/ Yoast SEO plugin. -->","yoast_head_json":{"title":"Number Counter Plugin-Preise (kostenlose und premium)","description":"Erstellen Sie Ihr Number Counter Plugin f\u00fcr die Website zum niedrigsten Preis! Die Tarife f\u00fcr dasNumber Counter Widget reichen von kostenlos bis premium.","robots":{"index":"index","follow":"follow","max-snippet":"max-snippet:-1","max-image-preview":"max-image-preview:large","max-video-preview":"max-video-preview:-1"},"canonical":"https:\/\/elfsight.com\/de\/number-counter-widget\/pricing\/","og_locale":"de_DE","og_type":"article","og_title":"Number Counter Plugin-Preise (kostenlose und premium)","og_description":"Erstellen Sie Ihr Number Counter Plugin f\u00fcr die Website zum niedrigsten Preis! Die Tarife f\u00fcr dasNumber Counter Widget reichen von kostenlos bis premium.","og_url":"https:\/\/elfsight.com\/de\/number-counter-widget\/pricing\/","og_site_name":"Elfsight DE","article_modified_time":"2022-03-21T09:50:10+00:00","twitter_card":"summary_large_image","twitter_misc":{"Gesch\u00e4tzte Lesezeit":"2\u00a0Minuten"},"schema":{"@context":"https:\/\/schema.org","@graph":[{"@type":"WebPage","@id":"https:\/\/elfsight.com\/de\/number-counter-widget\/pricing\/","url":"https:\/\/elfsight.com\/de\/number-counter-widget\/pricing\/","name":"Number Counter Plugin-Preise (kostenlose und premium)","isPartOf":{"@id":"https:\/\/elfsight.com\/de\/#website"},"datePublished":"2020-07-30T15:21:51+00:00","dateModified":"2022-03-21T09:50:10+00:00","description":"Erstellen Sie Ihr Number Counter Plugin f\u00fcr die Website zum niedrigsten Preis! Die Tarife f\u00fcr dasNumber Counter Widget reichen von kostenlos bis premium.","breadcrumb":{"@id":"https:\/\/elfsight.com\/de\/number-counter-widget\/pricing\/#breadcrumb"},"inLanguage":"de","potentialAction":[{"@type":"ReadAction","target":["https:\/\/elfsight.com\/de\/number-counter-widget\/pricing\/"]}]},{"@type":"BreadcrumbList","@id":"https:\/\/elfsight.com\/de\/number-counter-widget\/pricing\/#breadcrumb","itemListElement":[{"@type":"ListItem","position":1,"name":"Home","item":"https:\/\/elfsight.com\/de\/"},{"@type":"ListItem","position":2,"name":"Number Counter","item":"https:\/\/elfsight.com\/de\/number-counter-widget\/"},{"@type":"ListItem","position":3,"name":"Number Counter &#8211; Pricing"}]},{"@type":"WebSite","@id":"https:\/\/elfsight.com\/de\/#website","url":"https:\/\/elfsight.com\/de\/","name":"Elfsight DE","description":"Just another Elfsight Sites site","potentialAction":[{"@type":"SearchAction","target":{"@type":"EntryPoint","urlTemplate":"https:\/\/elfsight.com\/de\/?s={search_term_string}"},"query-input":{"@type":"PropertyValueSpecification","valueRequired":true,"valueName":"search_term_string"}}],"inLanguage":"de"}]}},"meta_box":{"industry":"","seo_heading":"","heading":"","description":"","cta_heading":"","cta_description":"","application":"513","h1":"Preise f\u00fcr Number Counter Widget","h1_caption":"14 Tage Geld-zur\u00fcck-Garantie. Ohne Risiko k\u00f6nnen Sie jederzeit k\u00fcndigen.","application_category":[],"applications_title":"","applications_request_title":"","applications_request_button_text":"","hero_text":"","hero_video":"","hero_video_schema_markup":"","selling_points_title":"","selling_points_caption":"","selling_points":[],"selling_points_cta_text":"","features_title":"","features":"","ed_cta_examples_text":"","ed_cta_examples_hidden":"","ed_cta_demo_text":"","ed_cta_demo_hidden":"","why_caption":"","why_editor_title":"","why_editor_text":"","why_team_title":"","why_team_text":"","why_service_title":"","why_service_text":"","template_catalog_visible":"","template_catalog_title":"","template_catalog_text":"","template_catalog_categories_visible":"","demo_title":"","demo_caption":"","default_faq_hidden":"1","app_template_category":[],"platform":"","template_public_id":"","codecanyon_url":"","codecanyon_item_id":"","codecanyon_price":"","pricing_caption":"","pricing_elfsight_apps_hide_column":"","pricing_elfsight_apps_url":"","pricing_codecanyon_price_caption":"","integration_category":[],"integration_request_title":"","integration_request_cta":"","integration_platform":"","integrations":[],"platform_category":[],"video_schema_markup":"","price":"","trial":"","benefits":[],"button_url":"","button_target_blank":"","button_nofollow":"","attributes":[],"tags":[],"tags_disable_links":"","hide_more_platforms":"","video_object":"","demo_hide_cta":"","demo_hide_cloud_options":"","pricing_title":"","pricing":[],"related_apps_title":"","related_apps_hidden":"","author":"","image":[],"title":"","job":"","social_networks":[]},"_links":{"self":[{"href":"https:\/\/elfsight.com\/de\/wp-json\/wp\/v2\/pages\/2016","targetHints":{"allow":["GET"]}}],"collection":[{"href":"https:\/\/elfsight.com\/de\/wp-json\/wp\/v2\/pages"}],"about":[{"href":"https:\/\/elfsight.com\/de\/wp-json\/wp\/v2\/types\/page"}],"author":[{"embeddable":true,"href":"https:\/\/elfsight.com\/de\/wp-json\/wp\/v2\/users\/11"}],"replies":[{"embeddable":true,"href":"https:\/\/elfsight.com\/de\/wp-json\/wp\/v2\/comments?post=2016"}],"version-history":[{"count":6,"href":"https:\/\/elfsight.com\/de\/wp-json\/wp\/v2\/pages\/2016\/revisions"}],"predecessor-version":[{"id":7020,"href":"https:\/\/elfsight.com\/de\/wp-json\/wp\/v2\/pages\/2016\/revisions\/7020"}],"up":[{"embeddable":true,"href":"https:\/\/elfsight.com\/de\/wp-json\/wp\/v2\/pages\/2012"}],"wp:attachment":[{"href":"https:\/\/elfsight.com\/de\/wp-json\/wp\/v2\/media?parent=2016"}],"curies":[{"name":"wp","href":"https:\/\/api.w.org\/{rel}","templated":true}]}}