{"id":2014,"date":"2020-07-30T15:21:15","date_gmt":"2020-07-30T15:21:15","guid":{"rendered":"https:\/\/elfsight.com\/de\/?page_id=2014"},"modified":"2024-07-18T12:18:45","modified_gmt":"2024-07-18T12:18:45","slug":"examples","status":"publish","type":"page","link":"https:\/\/elfsight.com\/de\/number-counter-widget\/examples\/","title":{"rendered":"Number Counter &#8211; Examples"},"content":{"rendered":"\n<div class=\"application-examples-item application-examples-item-loading\">\n                            <div class=\"col-row\">\n                                <div class=\"col-6 col-m-8 col-s-12\"><h3 class=\"application-examples-item-title\">Beispiel 1. Reinigung<\/h3><div class=\"application-examples-item-description\">Haben Sie exzellenten Service in Ihrer Stadt? Teilen Sie Ihre erstaunlichen Erfolge mit und beweisen Sie, dass Sie ein vertrauensw\u00fcrdiges Unternehmen sind, mit der \u00fcbersichtlichen Nummernz\u00e4hlervorlage. F\u00fcgen Sie eing\u00e4ngige mehrfarbige Symbole hinzu und streichen Sie Elemente oder Zahlen bei Bedarf neu.<\/div><\/div>\n                <\/div>\n\n                <div class=\"application-examples-item-iframe-container browser-frame\">\n                    <div class=\"application-examples-item-iframe-wrapper\">\n                        <iframe class=\"application-examples-item-iframe\" data-src=\"https:\/\/elfsight.com\/examples?widget_id=7268acc2-d138-4570-a9e5-e541e289c87f\" width=\"100%\" allow=\"autoplay; fullscreen\"><\/iframe>\n                    <\/div>\n\n                    <div class=\"application-examples-item-loader\"><\/div>\n                <\/div>\n            <\/div>\n\n<div class=\"application-examples-item application-examples-item-loading\">\n                            <div class=\"col-row\">\n                                <div class=\"col-6 col-m-8 col-s-12\"><h3 class=\"application-examples-item-title\">Beispiel 2.Schriftsteller arbeiten in Zahlen\n<\/h3><div class=\"application-examples-item-description\">Zeigen Sie Ihrem Publikum, wie viel Zeit und M\u00fche Sie aufgewendet haben. F\u00fcgen Sie eine Reihe von Z\u00e4hlern hinzu, je nachdem, worauf es ankommt: ver\u00f6ffentlichte B\u00fccher, Stunden harter Arbeit usw. Verwenden Sie die Vorlage oder das benutzerdefinierte Bild, um Ihre Z\u00e4hler zu gestalten.<\/div><\/div>\n                <\/div>\n\n                <div class=\"application-examples-item-iframe-container browser-frame\">\n                    <div class=\"application-examples-item-iframe-wrapper\">\n                        <iframe class=\"application-examples-item-iframe\" data-src=\"https:\/\/elfsight.com\/examples?widget_id=dace77ca-e222-482c-88e8-1faa55a1f8e8\" width=\"100%\" allow=\"autoplay; fullscreen\"><\/iframe>\n                    <\/div>\n\n                    <div class=\"application-examples-item-loader\"><\/div>\n                <\/div>\n            <\/div>\n\n<div class=\"application-examples-item application-examples-item-loading\">\n                            <div class=\"col-row\">\n                                <div class=\"col-6 col-m-8 col-s-12\"><h3 class=\"application-examples-item-title\">Beispiel 3. Das Wachstum des Unternehmens<\/h3><div class=\"application-examples-item-description\">Die Vorlage hilft Ihnen dabei, die unglaublichen Ergebnisse zu zeigen: ein finanzielles Wachstum, erfolgreiche abgeschlossene Projekte und Erfolge. F\u00fcgen Sie mehrfarbige oder einfarbige Symbole hinzu und streichen Sie den Hintergrund neu, w\u00e4hrend Sie das Widget nahtlos direkt in Ihre Website einbetten m\u00f6chten.<\/div><\/div>\n                <\/div>\n\n                <div class=\"application-examples-item-iframe-container browser-frame\">\n                    <div class=\"application-examples-item-iframe-wrapper\">\n                        <iframe class=\"application-examples-item-iframe\" data-src=\"https:\/\/elfsight.com\/examples?widget_id=995752d1-84f5-4e20-8855-00f8d6f16103\" width=\"100%\" allow=\"autoplay; fullscreen\"><\/iframe>\n                    <\/div>\n\n                    <div class=\"application-examples-item-loader\"><\/div>\n                <\/div>\n            <\/div>\n\n<div class=\"application-examples-item application-examples-item-loading\">\n                            <div class=\"col-row\">\n                                <div class=\"col-6 col-m-8 col-s-12\"><h3 class=\"application-examples-item-title\">Beispiel 4. Erfolg in Zahlen<\/h3><div class=\"application-examples-item-description\">Die beste Vorlage f\u00fcr die Anzeige, dass Sie ein seri\u00f6ser Partner oder ein seri\u00f6ses Unternehmen sind. F\u00fcgen Sie ein Hintergrundbild hinzu, verwenden Sie eine gro\u00dfe Schriftgr\u00f6\u00dfe und f\u00fcgen Sie Postfix hinzu, um zu definieren, was Sie k\u00f6nnen.<\/div><\/div>\n                <\/div>\n\n                <div class=\"application-examples-item-iframe-container browser-frame\">\n                    <div class=\"application-examples-item-iframe-wrapper\">\n                        <iframe class=\"application-examples-item-iframe\" data-src=\"https:\/\/elfsight.com\/examples?widget_id=eec3c716-2dc5-41cd-8170-2c873759b756\" width=\"100%\" allow=\"autoplay; fullscreen\"><\/iframe>\n                    <\/div>\n\n                    <div class=\"application-examples-item-loader\"><\/div>\n                <\/div>\n            <\/div>\n\n<div class=\"application-examples-item application-examples-item-loading\">\n                            <div class=\"col-row\">\n                                <div class=\"col-6 col-m-8 col-s-12\"><h3 class=\"application-examples-item-title\">Beispiel 5. Universit\u00e4t in Zahlen<\/h3><div class=\"application-examples-item-description\">Sind Sie stolz auf Ihre angesehene Schule oder Universit\u00e4t? Erstellen Sie Ihr Nummernz\u00e4hler-Widget, um noch mehr Studenten zu Kursen dort einzuladen! R\u00fchmen Sie sich einer beeindruckenden Anzahl von Studenten, hochqualifizierten Mitarbeitern und wissenschaftlichen Forschungen, die Sie ver\u00f6ffentlicht haben.<\/div><\/div>\n                <\/div>\n\n                <div class=\"application-examples-item-iframe-container browser-frame\">\n                    <div class=\"application-examples-item-iframe-wrapper\">\n                        <iframe class=\"application-examples-item-iframe\" data-src=\"https:\/\/apps.elfsight.com\/template\/80fe11f1-b325-4afd-a48e-16be78e2e040\" width=\"100%\" allow=\"autoplay; fullscreen\"><\/iframe>\n                    <\/div>\n\n                    <div class=\"application-examples-item-loader\"><\/div>\n                <\/div>\n            <\/div>\n<div class=\"application-examples-item application-examples-item-loading\">\n                            <div class=\"col-row\">\n                                <div class=\"col-6 col-m-8 col-s-12\"><h3 class=\"application-examples-item-title\">Beispiel 6. B\u00e4ume gepflanzt <\/h3><div class=\"application-examples-item-description\">Haben Sie eine gro\u00dfe Anzahl, von der Sie gerne erz\u00e4hlen m\u00f6chten? Gepflanzte B\u00e4ume, gebaute H\u00e4user f\u00fcr Invaliden oder andere Freiwilligenarbeit. Z\u00f6gern Sie nicht und teilen Sie es mit der Welt!\n<\/div><\/div>\n                <\/div>\n\n                <div class=\"application-examples-item-iframe-container browser-frame\">\n                    <div class=\"application-examples-item-iframe-wrapper\">\n                        <iframe class=\"application-examples-item-iframe\" data-src=\"https:\/\/elfsight.com\/examples?widget_id=54cb8394-bff1-4161-acbd-724844d2dcae\" width=\"100%\" allow=\"autoplay; fullscreen\"><\/iframe>\n                    <\/div>\n\n                    <div class=\"application-examples-item-loader\"><\/div>\n                <\/div>\n            <\/div>\n<div class=\"application-cta-create\">\n                    <div class=\"application-cta-create-bg\">\n                        <div class=\"application-cta-create-bg-left\"><\/div>\n\n                        <div class=\"application-cta-create-bg-right\">\n                            <img decoding=\"async\" src=\"https:\/\/elfsight.com\/de\/wp-content\/themes\/elfsight\/frontend\/assets\/img\/application-cta-create.jpg\" alt=\"Beginnen Sie mit der Erstellung Ihres Widgets\">\n                        <\/div>\n                    <\/div>\n\n                    <div class=\"application-cta-create-content inner\">\n                        <div class=\"application-cta-create-content-inner\">\n                            <div class=\"application-cta-create-content-icon\">\n                                <svg viewBox=\"0 0 25 25\" width=\"100%\" height=\"100%\">\n                                    <use xlink:href=\"#icon-settings\"><\/use>\n                                <\/svg>\n                            <\/div>\n\n                            <div class=\"application-cta-create-content-title\">Beginnen Sie mit der Erstellung Ihres Widgets<\/div>\n\n                            <div class=\"application-cta-create-content-text\">Schnell. Einfach. Keine Codierung.<\/div>\n\n                            <a class=\"application-cta-create-content-button button-48 button-has-right-icon button-black button\" href=\"\">\n                                <span class=\"button-label\">Widget erstellen<\/span>\n\n                                <svg class=\"button-icon\">\n                                    <use xlink:href=\"#icon-arrow-link\"><\/use>\n                                <\/svg>\n                            <\/a>\n                        <\/div>\n                    <\/div>\n                <\/div>\n\n<div class=\"application-examples-item application-examples-item-loading\">\n                            <div class=\"col-row\">\n                                <div class=\"col-6 col-m-8 col-s-12\"><h3 class=\"application-examples-item-title\">Beispiel 7. 2019 in Numbers <\/h3><div class=\"application-examples-item-description\">Zeigen Sie Ihren Kunden, was f\u00fcr eine harte Arbeit Sie dieses Jahr geleistet haben! Zeigen Sie Ihre Ergebnisse mit Hilfe eines erstaunlichen Rasters von Z\u00e4hlern an. F\u00fcgen Sie ein Hintergrundbild Ihres Teams und Symbole hinzu, um Ihre Erfolge besser zu demonstrieren.<\/div><\/div>\n                <\/div>\n\n                <div class=\"application-examples-item-iframe-container browser-frame\">\n                    <div class=\"application-examples-item-iframe-wrapper\">\n                        <iframe class=\"application-examples-item-iframe\" data-src=\"https:\/\/elfsight.com\/examples?widget_id=ad4394c6-54ef-44d4-8141-6b7175ecbfb4\" width=\"100%\" allow=\"autoplay; fullscreen\"><\/iframe>\n                    <\/div>\n\n                    <div class=\"application-examples-item-loader\"><\/div>\n                <\/div>\n            <\/div>\n\n<div class=\"application-examples-item application-examples-item-loading\">\n                            <div class=\"col-row\">\n                                <div class=\"col-6 col-m-8 col-s-12\"><h3 class=\"application-examples-item-title\">Beispiel 8. Downloads der App<\/h3><div class=\"application-examples-item-description\">Wie vielen Menschen hat Ihr Produkt oder Buch gefallen? F\u00fcgen Sie die Zahl hinzu, machen Sie sie riesig und magnetisierend, verwenden Sie einen hellen Hintergrund und ziehen Sie die Aufmerksamkeit Ihres neuen Publikums auf sich.<\/div><\/div>\n                <\/div>\n\n                <div class=\"application-examples-item-iframe-container browser-frame\">\n                    <div class=\"application-examples-item-iframe-wrapper\">\n                        <iframe class=\"application-examples-item-iframe\" data-src=\"https:\/\/elfsight.com\/examples?widget_id=1badd278-a070-404c-a66f-0ca124a27634\" width=\"100%\" allow=\"autoplay; fullscreen\"><\/iframe>\n                    <\/div>\n\n                    <div class=\"application-examples-item-loader\"><\/div>\n                <\/div>\n            <\/div>\n\n<div class=\"application-examples-item application-examples-item-loading\">\n                            <div class=\"col-row\">\n                                <div class=\"col-6 col-m-8 col-s-12\"><h3 class=\"application-examples-item-title\">Beispiel 9. Erfolgreicher Start<\/h3><div class=\"application-examples-item-description\">Use this template to demonstrate the astonishing achievements within not so long time, you\u2019ve started this project. Recolour elements and customize \u0441ounters to perfectly embed the widget in the page.<\/div><\/div>\n                <\/div>\n\n                <div class=\"application-examples-item-iframe-container browser-frame\">\n                    <div class=\"application-examples-item-iframe-wrapper\">\n                        <iframe class=\"application-examples-item-iframe\" data-src=\"https:\/\/elfsight.com\/examples?widget_id=93e97bf5-2c00-4514-8ce3-8ccce9e40222&padding=50\" width=\"100%\" allow=\"autoplay; fullscreen\"><\/iframe>\n                    <\/div>\n\n                    <div class=\"application-examples-item-loader\"><\/div>\n                <\/div>\n            <\/div>\n\n<div class=\"application-examples-item application-examples-item-loading\">\n                            <div class=\"col-row\">\n                                <div class=\"col-6 col-m-8 col-s-12\"><h3 class=\"application-examples-item-title\">Beispiel 10. Kaffeehaus<\/h3><div class=\"application-examples-item-description\">F\u00fcgen Sie verf\u00fchrerische Kaffee- oder Dessertbilder als Hintergrund hinzu und erz\u00e4hlen Sie Ihren G\u00e4sten in Zahlen von der hohen Qualit\u00e4t Ihrer Specials und Ihren zufriedenen Kunden.<\/div><\/div>\n                <\/div>\n\n                <div class=\"application-examples-item-iframe-container browser-frame\">\n                    <div class=\"application-examples-item-iframe-wrapper\">\n                        <iframe class=\"application-examples-item-iframe application-examples-item-iframe-fixed-height\" data-src=\"https:\/\/elfsight.com\/examples?widget_id=98543119-1fa1-406d-8651-58b6b150052b\" width=\"100%\" height=\"300\" allow=\"autoplay; fullscreen\"><\/iframe>\n                    <\/div>\n\n                    <div class=\"application-examples-item-loader\"><\/div>\n                <\/div>\n            <\/div>\n\n<div class=\"application-examples-item application-examples-item-loading\">\n                            <div class=\"col-row\">\n                                <div class=\"col-6 col-m-8 col-s-12\"><h3 class=\"application-examples-item-title\">Beispiel 11. Vorteile von Pflanzen<\/h3><div class=\"application-examples-item-description\">Verwenden Sie Z\u00e4hler, um Ihr Publikum von der Notwendigkeit von Pflanzen, gesunder Ern\u00e4hrung oder allem, was Sie wollen, zu \u00fcberzeugen. Menschen vertrauen Zahlen viel mehr als Worten.<\/div><\/div>\n                <\/div>\n\n                <div class=\"application-examples-item-iframe-container browser-frame\">\n                    <div class=\"application-examples-item-iframe-wrapper\">\n                        <iframe class=\"application-examples-item-iframe\" data-src=\"https:\/\/elfsight.com\/examples?widget_id=b7e5baec-cc31-4a86-bee5-94d25e10ba07\" width=\"100%\" allow=\"autoplay; fullscreen\"><\/iframe>\n                    <\/div>\n\n                    <div class=\"application-examples-item-loader\"><\/div>\n                <\/div>\n            <\/div>\n\n<div class=\"application-examples-item application-examples-item-loading\">\n                            <div class=\"col-row\">\n                                <div class=\"col-6 col-m-8 col-s-12\"><h3 class=\"application-examples-item-title\">Beispiel 12. Online Store<\/h3><div class=\"application-examples-item-description\">M\u00f6chten Sie mehr Kunden gewinnen und Ihren Umsatz steigern? Verwenden Sie Z\u00e4hler, um Ihre St\u00e4rken zu proklamieren: eine breite Versandregion, durchschnittliche Lieferzeit, eine gro\u00dfe Auswahl an Artikeln, die Sie anbieten, abgeschlossene Bestellungen pro Jahr oder ein hoher Prozentsatz der Kunden, die Sie empfehlen.<\/div><\/div>\n                <\/div>\n\n                <div class=\"application-examples-item-iframe-container browser-frame\">\n                    <div class=\"application-examples-item-iframe-wrapper\">\n                        <iframe class=\"application-examples-item-iframe\" data-src=\"https:\/\/elfsight.com\/examples?widget_id=c3d907a0-3d02-43d0-b372-8212d012bd9b&padding=50\" width=\"100%\" allow=\"autoplay; fullscreen\"><\/iframe>\n                    <\/div>\n\n                    <div class=\"application-examples-item-loader\"><\/div>\n                <\/div>\n            <\/div>\n\n<div class=\"application-examples-item application-examples-item-loading\">\n                            <div class=\"col-row\">\n                                <div class=\"col-6 col-m-8 col-s-12\"><h3 class=\"application-examples-item-title\">Beispiel 13. Kundenzufriedenheit<\/h3><div class=\"application-examples-item-description\">Wie k\u00f6nnen Benutzer das Vertrauen gewinnen, dass Sie zuverl\u00e4ssig und vertrauensw\u00fcrdig sind? Zeigen Sie ihnen Zahlen von F\u00fcnf-Sterne-Bewertungen, Ihre Unternehmensbewertung und Auszeichnungen, beeindrucken Sie sie durch Ihre Leistungen.\n<\/div><\/div>\n                <\/div>\n\n                <div class=\"application-examples-item-iframe-container browser-frame\">\n                    <div class=\"application-examples-item-iframe-wrapper\">\n                        <iframe class=\"application-examples-item-iframe\" data-src=\"https:\/\/elfsight.com\/examples?widget_id=fa6cd285-dcca-4634-8c3e-ea5f90431b73\" width=\"100%\" allow=\"autoplay; fullscreen\"><\/iframe>\n                    <\/div>\n\n                    <div class=\"application-examples-item-loader\"><\/div>\n                <\/div>\n            <\/div>\n","protected":false},"excerpt":{"rendered":"","protected":false},"author":11,"featured_media":0,"parent":2012,"menu_order":0,"comment_status":"closed","ping_status":"closed","template":"templates\/template-application-examples.php","meta":{"publish_to_discourse":"","publish_post_category":"","wpdc_auto_publish_overridden":"","wpdc_topic_tags":"","wpdc_pin_topic":"","wpdc_pin_until":"","discourse_post_id":"","discourse_permalink":"","wpdc_publishing_response":"","wpdc_publishing_error":"","footnotes":""},"class_list":["post-2014","page","type-page","status-publish","hentry"],"yoast_head":"<!-- This site is optimized with the Yoast SEO plugin v25.3.1 - https:\/\/yoast.com\/wordpress\/plugins\/seo\/ -->\n<title>Number Counter Plugin f\u00fcr Ihre Website (kostenlos und schnell)<\/title>\n<meta name=\"description\" content=\"Integrieren Sie Ihr bestes Number Counter Plugin auf die Website. Testen Sie eine kostenlose Demo zum kostenlosenNumber Counter Plugins von Elfsight.\" \/>\n<meta name=\"robots\" content=\"index, follow, max-snippet:-1, max-image-preview:large, max-video-preview:-1\" \/>\n<link rel=\"canonical\" href=\"https:\/\/elfsight.com\/de\/number-counter-widget\/examples\/\" \/>\n<meta property=\"og:locale\" content=\"de_DE\" \/>\n<meta property=\"og:type\" content=\"article\" \/>\n<meta property=\"og:title\" content=\"Number Counter Plugin f\u00fcr Ihre Website (kostenlos und schnell)\" \/>\n<meta property=\"og:description\" content=\"Integrieren Sie Ihr bestes Number Counter Plugin auf die Website. Testen Sie eine kostenlose Demo zum kostenlosenNumber Counter Plugins von Elfsight.\" \/>\n<meta property=\"og:url\" content=\"https:\/\/elfsight.com\/de\/number-counter-widget\/examples\/\" \/>\n<meta property=\"og:site_name\" content=\"Elfsight DE\" \/>\n<meta property=\"article:modified_time\" content=\"2024-07-18T12:18:45+00:00\" \/>\n<meta name=\"twitter:card\" content=\"summary_large_image\" \/>\n<meta name=\"twitter:label1\" content=\"Gesch\u00e4tzte Lesezeit\" \/>\n\t<meta name=\"twitter:data1\" content=\"4\u00a0Minuten\" \/>\n<!-- \/ Yoast SEO plugin. -->","yoast_head_json":{"title":"Number Counter Plugin f\u00fcr Ihre Website (kostenlos und schnell)","description":"Integrieren Sie Ihr bestes Number Counter Plugin auf die Website. Testen Sie eine kostenlose Demo zum kostenlosenNumber Counter Plugins von Elfsight.","robots":{"index":"index","follow":"follow","max-snippet":"max-snippet:-1","max-image-preview":"max-image-preview:large","max-video-preview":"max-video-preview:-1"},"canonical":"https:\/\/elfsight.com\/de\/number-counter-widget\/examples\/","og_locale":"de_DE","og_type":"article","og_title":"Number Counter Plugin f\u00fcr Ihre Website (kostenlos und schnell)","og_description":"Integrieren Sie Ihr bestes Number Counter Plugin auf die Website. Testen Sie eine kostenlose Demo zum kostenlosenNumber Counter Plugins von Elfsight.","og_url":"https:\/\/elfsight.com\/de\/number-counter-widget\/examples\/","og_site_name":"Elfsight DE","article_modified_time":"2024-07-18T12:18:45+00:00","twitter_card":"summary_large_image","twitter_misc":{"Gesch\u00e4tzte Lesezeit":"4\u00a0Minuten"},"schema":{"@context":"https:\/\/schema.org","@graph":[{"@type":"WebPage","@id":"https:\/\/elfsight.com\/de\/number-counter-widget\/examples\/","url":"https:\/\/elfsight.com\/de\/number-counter-widget\/examples\/","name":"Number Counter Plugin f\u00fcr Ihre Website (kostenlos und schnell)","isPartOf":{"@id":"https:\/\/elfsight.com\/de\/#website"},"datePublished":"2020-07-30T15:21:15+00:00","dateModified":"2024-07-18T12:18:45+00:00","description":"Integrieren Sie Ihr bestes Number Counter Plugin auf die Website. Testen Sie eine kostenlose Demo zum kostenlosenNumber Counter Plugins von Elfsight.","breadcrumb":{"@id":"https:\/\/elfsight.com\/de\/number-counter-widget\/examples\/#breadcrumb"},"inLanguage":"de","potentialAction":[{"@type":"ReadAction","target":["https:\/\/elfsight.com\/de\/number-counter-widget\/examples\/"]}]},{"@type":"BreadcrumbList","@id":"https:\/\/elfsight.com\/de\/number-counter-widget\/examples\/#breadcrumb","itemListElement":[{"@type":"ListItem","position":1,"name":"Home","item":"https:\/\/elfsight.com\/de\/"},{"@type":"ListItem","position":2,"name":"Number Counter","item":"https:\/\/elfsight.com\/de\/number-counter-widget\/"},{"@type":"ListItem","position":3,"name":"Number Counter &#8211; Examples"}]},{"@type":"WebSite","@id":"https:\/\/elfsight.com\/de\/#website","url":"https:\/\/elfsight.com\/de\/","name":"Elfsight DE","description":"Just another Elfsight Sites site","potentialAction":[{"@type":"SearchAction","target":{"@type":"EntryPoint","urlTemplate":"https:\/\/elfsight.com\/de\/?s={search_term_string}"},"query-input":{"@type":"PropertyValueSpecification","valueRequired":true,"valueName":"search_term_string"}}],"inLanguage":"de"}]}},"meta_box":{"industry":"","seo_heading":"","heading":"","description":"","cta_heading":"","cta_description":"","application":"513","h1":"Beispiele f\u00fcr das Number Counter Widget auf Ihre Seite","h1_caption":"Sehen Sie alle Beispiele f\u00fcr Number Counter Plugin, um das volle Potenzial des Widgets zu erkennen.","application_category":[],"applications_title":"","applications_request_title":"","applications_request_button_text":"","hero_text":"","hero_video":"","hero_video_schema_markup":"","selling_points_title":"","selling_points_caption":"","selling_points":[],"selling_points_cta_text":"","features_title":"","features":"","ed_cta_examples_text":"","ed_cta_examples_hidden":"","ed_cta_demo_text":"","ed_cta_demo_hidden":"","why_caption":"","why_editor_title":"","why_editor_text":"","why_team_title":"","why_team_text":"","why_service_title":"","why_service_text":"","template_catalog_visible":"","template_catalog_title":"","template_catalog_text":"","template_catalog_categories_visible":"","demo_title":"","demo_caption":"","default_faq_hidden":"","app_template_category":[],"platform":"","template_public_id":"","codecanyon_url":"","codecanyon_item_id":"","codecanyon_price":"","pricing_caption":"","pricing_elfsight_apps_hide_column":"","pricing_elfsight_apps_url":"","pricing_codecanyon_price_caption":"","integration_category":[],"integration_request_title":"","integration_request_cta":"","integration_platform":"","integrations":[],"platform_category":[],"video_schema_markup":"","price":"","trial":"","benefits":[],"button_url":"","button_target_blank":"","button_nofollow":"","attributes":[],"tags":[],"tags_disable_links":"","hide_more_platforms":"","video_object":"","demo_hide_cta":"","demo_hide_cloud_options":"","pricing_title":"","pricing":[],"related_apps_title":"","related_apps_hidden":"","author":"","image":[],"title":"","job":"","social_networks":[]},"_links":{"self":[{"href":"https:\/\/elfsight.com\/de\/wp-json\/wp\/v2\/pages\/2014","targetHints":{"allow":["GET"]}}],"collection":[{"href":"https:\/\/elfsight.com\/de\/wp-json\/wp\/v2\/pages"}],"about":[{"href":"https:\/\/elfsight.com\/de\/wp-json\/wp\/v2\/types\/page"}],"author":[{"embeddable":true,"href":"https:\/\/elfsight.com\/de\/wp-json\/wp\/v2\/users\/11"}],"replies":[{"embeddable":true,"href":"https:\/\/elfsight.com\/de\/wp-json\/wp\/v2\/comments?post=2014"}],"version-history":[{"count":10,"href":"https:\/\/elfsight.com\/de\/wp-json\/wp\/v2\/pages\/2014\/revisions"}],"predecessor-version":[{"id":22352,"href":"https:\/\/elfsight.com\/de\/wp-json\/wp\/v2\/pages\/2014\/revisions\/22352"}],"up":[{"embeddable":true,"href":"https:\/\/elfsight.com\/de\/wp-json\/wp\/v2\/pages\/2012"}],"wp:attachment":[{"href":"https:\/\/elfsight.com\/de\/wp-json\/wp\/v2\/media?parent=2014"}],"curies":[{"name":"wp","href":"https:\/\/api.w.org\/{rel}","templated":true}]}}