{"id":1985,"date":"2020-07-30T13:44:26","date_gmt":"2020-07-30T13:44:26","guid":{"rendered":"https:\/\/elfsight.com\/de\/?page_id=1985"},"modified":"2022-03-21T09:49:49","modified_gmt":"2022-03-21T09:49:49","slug":"pricing","status":"publish","type":"page","link":"https:\/\/elfsight.com\/de\/logo-showcase-widget\/pricing\/","title":{"rendered":"Logo Showcase &#8211; Pricing"},"content":{"rendered":"\n<div class=\"faq\" data-component=\"FAQ\">\n<div class=\"faq-item\">\r\n\t\t\t\t\t<div class=\"faq-item-question\">\r\n\t\t\t\t\t\t<h3 class=\"faq-item-question-text\"> Gibt es ein kostenloses Abonnement f\u00fcr Ihre Apps?<\/h3>\r\n\r\n\t\t\t\t\t\t<div class=\"faq-item-question-icon\"><\/div>\r\n\t\t\t\t\t<\/div>\r\n\r\n\t\t\t\t\t<div class=\"faq-item-answer\">\r\n\t\t\t\t\t\t<div class=\"faq-item-answer-text\">\n\nJa, sicher. Elfsight gibt ein kostenloses Abonnement f\u00fcr alle Apps. Au\u00dferdem begrenzen wir die wichtigen Funktionalit\u00e4t und die Stilfunktionen nicht. Z\u00f6gern Sie nicht alle M\u00f6glichkeiten gratis Elfsight-Plugins f\u00fcr Ihren Online-Shop zu nutzen. \n<\/div>\r\n\t\t\t\t\t<\/div>\r\n\t\t\t\t<\/div>\n\n<div class=\"faq-item\">\r\n\t\t\t\t\t<div class=\"faq-item-question\">\r\n\t\t\t\t\t\t<h3 class=\"faq-item-question-text\">Gibt es eine Nachfrist f\u00fcr Ihre Apps?<\/h3>\r\n\r\n\t\t\t\t\t\t<div class=\"faq-item-question-icon\"><\/div>\r\n\t\t\t\t\t<\/div>\r\n\r\n\t\t\t\t\t<div class=\"faq-item-answer\">\r\n\t\t\t\t\t\t<div class=\"faq-item-answer-text\">\n\nElfsight kostenloser Plan hat keine Nachfrist. Benutzer k\u00f6nnen das App auf der so lange anwenden, wie Sie es brauchen. \n<\/div>\r\n\t\t\t\t\t<\/div>\r\n\t\t\t\t<\/div>\n\n<div class=\"faq-item\">\r\n\t\t\t\t\t<div class=\"faq-item-question\">\r\n\t\t\t\t\t\t<h3 class=\"faq-item-question-text\">Bietet Elfsight einige Skonti?<\/h3>\r\n\r\n\t\t\t\t\t\t<div class=\"faq-item-question-icon\"><\/div>\r\n\t\t\t\t\t<\/div>\r\n\r\n\t\t\t\t\t<div class=\"faq-item-answer\">\r\n\t\t\t\t\t\t<div class=\"faq-item-answer-text\">\n\nJa, Sie k\u00f6nnen 20% Willkommensrabatt f\u00fcr Ihr erstes Abonnement holen. Bitte vergessen Sie nicht, dass Sie es innerhalb von 24 Stunden verwenden k\u00f6nnen. Dann haben Sie 30% Rabatt-Coupon f\u00fcr den n\u00e4chsten Anzahlung eines zahlenden Abonnements. \n<\/div>\r\n\t\t\t\t\t<\/div>\r\n\t\t\t\t<\/div>\n\n<div class=\"faq-item\">\r\n\t\t\t\t\t<div class=\"faq-item-question\">\r\n\t\t\t\t\t\t<h3 class=\"faq-item-question-text\">Kann ich mein Abonnement f\u00fcr das Widget, das ich bereits habe, sp\u00e4ter \u00e4ndern?<\/h3>\r\n\r\n\t\t\t\t\t\t<div class=\"faq-item-question-icon\"><\/div>\r\n\t\t\t\t\t<\/div>\r\n\r\n\t\t\t\t\t<div class=\"faq-item-answer\">\r\n\t\t\t\t\t\t<div class=\"faq-item-answer-text\">\n\nNat\u00fcrlich! Sie k\u00f6nnen das Plan immer \u00e4ndern oder zur\u00fccktreten. Das Geld eingezahlt f\u00fcr fr\u00fcheren Abonnement wird zu einem neuen Abonnement umgewandelt. \n<\/div>\r\n\t\t\t\t\t<\/div>\r\n\t\t\t\t<\/div>\n\n<div class=\"faq-item\">\r\n\t\t\t\t\t<div class=\"faq-item-question\">\r\n\t\t\t\t\t\t<h3 class=\"faq-item-question-text\">Was bedeutet die Limitierung von der Zahl der App-Ansichten?<\/h3>\r\n\r\n\t\t\t\t\t\t<div class=\"faq-item-question-icon\"><\/div>\r\n\t\t\t\t\t<\/div>\r\n\r\n\t\t\t\t\t<div class=\"faq-item-answer\">\r\n\t\t\t\t\t\t<div class=\"faq-item-answer-text\">\n\nDie Menge der Ansichten umfasst die Menge der Widget-Laden auf Ihrer Seite. Dies h\u00e4ngt von der Anzahl der einzelne Benutzer auf Ihre Seite mit den Widgets nicht. \nDas Limit der Aufrufe betr\u00e4gt pro Monat und wird jeden Monat ersetzt und kommt drauf an Ihrem Plan. \n<\/div>\r\n\t\t\t\t\t<\/div>\r\n\t\t\t\t<\/div>\n\n<div class=\"faq-item\">\r\n\t\t\t\t\t<div class=\"faq-item-question\">\r\n\t\t\t\t\t\t<h3 class=\"faq-item-question-text\">Auf wie viele Seiten kann man das Plugin hinzuf\u00fcgen?<\/h3>\r\n\r\n\t\t\t\t\t\t<div class=\"faq-item-question-icon\"><\/div>\r\n\t\t\t\t\t<\/div>\r\n\r\n\t\t\t\t\t<div class=\"faq-item-answer\">\r\n\t\t\t\t\t\t<div class=\"faq-item-answer-text\">\n\nWenn Sie einen kostenlosen Abonnement haben, k\u00f6nnen Sie das App nur auf einer Seite platzieren. \nIn den bezahlten Pl\u00e4nen gibt es keine Beschr\u00e4nkungen &#8211; Sie k\u00f6nnen so viele Apps f\u00fcr Ihre Website installieren wie Sie wollen. \n<\/div>\r\n\t\t\t\t\t<\/div>\r\n\t\t\t\t<\/div>\n\n<div class=\"faq-item\">\r\n\t\t\t\t\t<div class=\"faq-item-question\">\r\n\t\t\t\t\t\t<h3 class=\"faq-item-question-text\">Gibt es eine M\u00f6glichkeit eine kostenlose Installationshilfe von Ihrem Support-Team erhalten?<\/h3>\r\n\r\n\t\t\t\t\t\t<div class=\"faq-item-question-icon\"><\/div>\r\n\t\t\t\t\t<\/div>\r\n\r\n\t\t\t\t\t<div class=\"faq-item-answer\">\r\n\t\t\t\t\t\t<div class=\"faq-item-answer-text\">\n\nJa, unseres Team garantiert allen Elfsight Benutzern gratis Support bei der Bildung und Einbetten des Widgets. Elfsight Benutzer k\u00f6nnen Elfsight freundliches Support-Spezialisten E-Mail senden. \n<\/div>\r\n\t\t\t\t\t<\/div>\r\n\t\t\t\t<\/div>\n<\/div>\n","protected":false},"excerpt":{"rendered":"","protected":false},"author":11,"featured_media":0,"parent":1982,"menu_order":0,"comment_status":"closed","ping_status":"closed","template":"templates\/template-application-pricing.php","meta":{"publish_to_discourse":"","publish_post_category":"","wpdc_auto_publish_overridden":"","wpdc_topic_tags":"","wpdc_pin_topic":"","wpdc_pin_until":"","discourse_post_id":"","discourse_permalink":"","wpdc_publishing_response":"","wpdc_publishing_error":"","footnotes":""},"class_list":["post-1985","page","type-page","status-publish","hentry"],"yoast_head":"<!-- This site is optimized with the Yoast SEO plugin v25.3.1 - https:\/\/yoast.com\/wordpress\/plugins\/seo\/ -->\n<title>Elfsight Logo Plugin-Preise (kostenlose und premium)<\/title>\n<meta name=\"description\" content=\"Erstellen Sie Ihr Logo Plugin f\u00fcr die Website zum niedrigsten Preis! Die Tarife f\u00fcr dasLogo Showcase Widget reichen von kostenlos bis premium.\" \/>\n<meta name=\"robots\" content=\"index, follow, max-snippet:-1, max-image-preview:large, max-video-preview:-1\" \/>\n<link rel=\"canonical\" href=\"https:\/\/elfsight.com\/de\/logo-showcase-widget\/pricing\/\" \/>\n<meta property=\"og:locale\" content=\"de_DE\" \/>\n<meta property=\"og:type\" content=\"article\" \/>\n<meta property=\"og:title\" content=\"Elfsight Logo Plugin-Preise (kostenlose und premium)\" \/>\n<meta property=\"og:description\" content=\"Erstellen Sie Ihr Logo Plugin f\u00fcr die Website zum niedrigsten Preis! Die Tarife f\u00fcr dasLogo Showcase Widget reichen von kostenlos bis premium.\" \/>\n<meta property=\"og:url\" content=\"https:\/\/elfsight.com\/de\/logo-showcase-widget\/pricing\/\" \/>\n<meta property=\"og:site_name\" content=\"Elfsight DE\" \/>\n<meta property=\"article:modified_time\" content=\"2022-03-21T09:49:49+00:00\" \/>\n<meta name=\"twitter:card\" content=\"summary_large_image\" \/>\n<meta name=\"twitter:label1\" content=\"Gesch\u00e4tzte Lesezeit\" \/>\n\t<meta name=\"twitter:data1\" content=\"2\u00a0Minuten\" \/>\n<!-- \/ Yoast SEO plugin. -->","yoast_head_json":{"title":"Elfsight Logo Plugin-Preise (kostenlose und premium)","description":"Erstellen Sie Ihr Logo Plugin f\u00fcr die Website zum niedrigsten Preis! Die Tarife f\u00fcr dasLogo Showcase Widget reichen von kostenlos bis premium.","robots":{"index":"index","follow":"follow","max-snippet":"max-snippet:-1","max-image-preview":"max-image-preview:large","max-video-preview":"max-video-preview:-1"},"canonical":"https:\/\/elfsight.com\/de\/logo-showcase-widget\/pricing\/","og_locale":"de_DE","og_type":"article","og_title":"Elfsight Logo Plugin-Preise (kostenlose und premium)","og_description":"Erstellen Sie Ihr Logo Plugin f\u00fcr die Website zum niedrigsten Preis! Die Tarife f\u00fcr dasLogo Showcase Widget reichen von kostenlos bis premium.","og_url":"https:\/\/elfsight.com\/de\/logo-showcase-widget\/pricing\/","og_site_name":"Elfsight DE","article_modified_time":"2022-03-21T09:49:49+00:00","twitter_card":"summary_large_image","twitter_misc":{"Gesch\u00e4tzte Lesezeit":"2\u00a0Minuten"},"schema":{"@context":"https:\/\/schema.org","@graph":[{"@type":"WebPage","@id":"https:\/\/elfsight.com\/de\/logo-showcase-widget\/pricing\/","url":"https:\/\/elfsight.com\/de\/logo-showcase-widget\/pricing\/","name":"Elfsight Logo Plugin-Preise (kostenlose und premium)","isPartOf":{"@id":"https:\/\/elfsight.com\/de\/#website"},"datePublished":"2020-07-30T13:44:26+00:00","dateModified":"2022-03-21T09:49:49+00:00","description":"Erstellen Sie Ihr Logo Plugin f\u00fcr die Website zum niedrigsten Preis! Die Tarife f\u00fcr dasLogo Showcase Widget reichen von kostenlos bis premium.","breadcrumb":{"@id":"https:\/\/elfsight.com\/de\/logo-showcase-widget\/pricing\/#breadcrumb"},"inLanguage":"de","potentialAction":[{"@type":"ReadAction","target":["https:\/\/elfsight.com\/de\/logo-showcase-widget\/pricing\/"]}]},{"@type":"BreadcrumbList","@id":"https:\/\/elfsight.com\/de\/logo-showcase-widget\/pricing\/#breadcrumb","itemListElement":[{"@type":"ListItem","position":1,"name":"Home","item":"https:\/\/elfsight.com\/de\/"},{"@type":"ListItem","position":2,"name":"Logo Showcase","item":"https:\/\/elfsight.com\/de\/logo-showcase-widget\/"},{"@type":"ListItem","position":3,"name":"Logo Showcase &#8211; Pricing"}]},{"@type":"WebSite","@id":"https:\/\/elfsight.com\/de\/#website","url":"https:\/\/elfsight.com\/de\/","name":"Elfsight DE","description":"Just another Elfsight Sites site","potentialAction":[{"@type":"SearchAction","target":{"@type":"EntryPoint","urlTemplate":"https:\/\/elfsight.com\/de\/?s={search_term_string}"},"query-input":{"@type":"PropertyValueSpecification","valueRequired":true,"valueName":"search_term_string"}}],"inLanguage":"de"}]}},"meta_box":{"industry":"","seo_heading":"","heading":"","description":"","cta_heading":"","cta_description":"","application":"499","h1":"Preise f\u00fcr Logo Showcase Widget","h1_caption":"14 Tage Geld-zur\u00fcck-Garantie. Ohne Risiko k\u00f6nnen Sie jederzeit k\u00fcndigen.","application_category":[],"applications_title":"","applications_request_title":"","applications_request_button_text":"","hero_text":"","hero_video":"","hero_video_schema_markup":"","selling_points_title":"","selling_points_caption":"","selling_points":[],"selling_points_cta_text":"","features_title":"","features":"","ed_cta_examples_text":"","ed_cta_examples_hidden":"","ed_cta_demo_text":"","ed_cta_demo_hidden":"","why_caption":"","why_editor_title":"","why_editor_text":"","why_team_title":"","why_team_text":"","why_service_title":"","why_service_text":"","template_catalog_visible":"","template_catalog_title":"","template_catalog_text":"","template_catalog_categories_visible":"","demo_title":"","demo_caption":"","default_faq_hidden":"1","app_template_category":[],"platform":"","template_public_id":"","codecanyon_url":"","codecanyon_item_id":"","codecanyon_price":"","pricing_caption":"","pricing_elfsight_apps_hide_column":"","pricing_elfsight_apps_url":"","pricing_codecanyon_price_caption":"","integration_category":[],"integration_request_title":"","integration_request_cta":"","integration_platform":"","integrations":[],"platform_category":[],"video_schema_markup":"","price":"","trial":"","benefits":[],"button_url":"","button_target_blank":"","button_nofollow":"","attributes":[],"tags":[],"tags_disable_links":"","hide_more_platforms":"","video_object":"","demo_hide_cta":"","demo_hide_cloud_options":"","pricing_title":"","pricing":[],"related_apps_title":"","related_apps_hidden":"","author":"","image":[],"title":"","job":"","social_networks":[]},"_links":{"self":[{"href":"https:\/\/elfsight.com\/de\/wp-json\/wp\/v2\/pages\/1985","targetHints":{"allow":["GET"]}}],"collection":[{"href":"https:\/\/elfsight.com\/de\/wp-json\/wp\/v2\/pages"}],"about":[{"href":"https:\/\/elfsight.com\/de\/wp-json\/wp\/v2\/types\/page"}],"author":[{"embeddable":true,"href":"https:\/\/elfsight.com\/de\/wp-json\/wp\/v2\/users\/11"}],"replies":[{"embeddable":true,"href":"https:\/\/elfsight.com\/de\/wp-json\/wp\/v2\/comments?post=1985"}],"version-history":[{"count":5,"href":"https:\/\/elfsight.com\/de\/wp-json\/wp\/v2\/pages\/1985\/revisions"}],"predecessor-version":[{"id":7019,"href":"https:\/\/elfsight.com\/de\/wp-json\/wp\/v2\/pages\/1985\/revisions\/7019"}],"up":[{"embeddable":true,"href":"https:\/\/elfsight.com\/de\/wp-json\/wp\/v2\/pages\/1982"}],"wp:attachment":[{"href":"https:\/\/elfsight.com\/de\/wp-json\/wp\/v2\/media?parent=1985"}],"curies":[{"name":"wp","href":"https:\/\/api.w.org\/{rel}","templated":true}]}}