{"id":196,"date":"2020-02-25T14:19:11","date_gmt":"2020-02-25T14:19:11","guid":{"rendered":"https:\/\/elfsight.com\/de\/?page_id=196"},"modified":"2020-10-21T15:24:52","modified_gmt":"2020-10-21T15:24:52","slug":"epages-apps","status":"publish","type":"page","link":"https:\/\/elfsight.com\/de\/epages-apps\/","title":{"rendered":"ePages apps"},"content":{"rendered":"\n<p>Seit einigen Jahren hat Elfsight  viele absolut n\u00fctzlichen und schlichten L\u00f6sungen f\u00fcr ePages  Websites gestaltet. Mit Hilfe dieser Plugins k\u00f6nnen Sie die Benutzerinteraktion erh\u00f6hen, Ihren Gewinn steigern,Ihr Gesch\u00e4ft schneller ausbauen und andere unternehmerischen Herausforderungen l\u00f6sen.<\/p> \n\n<p>Elfsight Team bietet vielgestaltig Peiswahlen: von kostenfrei bis zu Premium. St\u00e4rken Ihre Website ohne Mehrkosten.<\/p>\n\n\n<h2>Warum sind unsere ePages-Oberfl\u00e4chenelemente so einzigartig?<\/h2>\n\n<p>Betrachten  Sie die nachstehende Vielfalt der speziellen Vorteile:<\/p> \n<ul>\n<li> Kostenfreier Installation-Support  des Plugins;<\/li>\n\n<li>Absolut ansprechbare f\u00fcr jeden Bildschirm; <\/li>\n\n<li>Keine Programmierung;<\/li>\n\n<li>Eine breite Palette von anpassbare und einsatzf\u00e4hige Templates;<\/li>\n\n<li>Bequeme Benutzeroberfl\u00e4che;<\/li>\n\n<li>Die Cloud-L\u00f6sungen f\u00fcr hoher Ladegeschwindigkeit; <\/li>                                                                                                                \n\n<li>Die regelm\u00e4\u00dfige automatische Updates;<\/li> \n\n<li>Hochqualifizierte Unterst\u00fctzung von kompetent Elfsight Team.<\/li> \n<\/ul>\n\n<p>Testen  Sie mit  unentgeltlichen Widget. Zeigen Sie alle Potenzial oder erwerben Sie richtiges Widget mit 20% Erm\u00e4ssigung. <\/p> \n\n<h2>Wie kann ich ein App auf ePages Website einbetten?<\/h2> \n<p>Um ein App auf der Web-Seite einzubetten, folgen Sie einfach den Schritten: <\/p>\n<ol>\n<li>Bestimmen Sie das gew\u00fcnscht Werkzeug und \u00e4ndern Sie die Einstellungen. Speichern Sie die \u00c4nderungen.<\/li> \n\n<li>Kopieren und f\u00fcgen Sie den Code hinzu um das App auf Ihrer Website einzubinden. <\/li>\n\n<li>Getan! Sie haben das Werkzeug erfolgreich auf der ePages Webseite eingebettet. <\/li>\n<\/ol>\n<p>Falls Sie eine kostenlose Hilfe f\u00fcr die Integration des Widgets ben\u00f6tigen, dann k\u00f6nnen Sie sich unseren professionellen Elfsight Support wenden.<\/p>\n","protected":false},"excerpt":{"rendered":"Seit einigen Jahren hat Elfsight viele absolut n\u00fctzlichen und schlichten L\u00f6sungen f\u00fcr ePages Websites gestaltet. Mit Hilfe dieser Plugins k\u00f6nnen Sie die Benutzerinteraktion erh\u00f6hen, Ihren Gewinn steigern,Ihr Gesch\u00e4ft schneller ausbauen und andere unternehmerischen Herausforderungen l\u00f6sen. Elfsight Team bietet vielgestaltig Peiswahlen: von kostenfrei bis zu Premium. St\u00e4rken Ihre Website ohne Mehrkosten&#8230;.","protected":false},"author":11,"featured_media":0,"parent":0,"menu_order":0,"comment_status":"closed","ping_status":"closed","template":"templates\/template-platform.php","meta":{"publish_to_discourse":"","publish_post_category":"","wpdc_auto_publish_overridden":"","wpdc_topic_tags":"","wpdc_pin_topic":"","wpdc_pin_until":"","discourse_post_id":"","discourse_permalink":"","wpdc_publishing_response":"","wpdc_publishing_error":"","footnotes":""},"class_list":["post-196","page","type-page","status-publish","hentry"],"yoast_head":"<!-- This site is optimized with the Yoast SEO plugin v25.3.1 - https:\/\/yoast.com\/wordpress\/plugins\/seo\/ -->\n<title>Die besten kostenlosen ePages-Apps f\u00fcr Ihre Website (2026)<\/title>\n<meta name=\"description\" content=\"Eine Vielfalt von kostenlosen Oberfl\u00e4chenelemente eigens f\u00fcr Ihre Web-Seiten. Hilfe bei der Kundenbezogenheit und unbeschr\u00e4nkte Anzahl von Merkmalen.\" \/>\n<meta name=\"robots\" content=\"index, follow, max-snippet:-1, max-image-preview:large, max-video-preview:-1\" \/>\n<link rel=\"canonical\" href=\"https:\/\/elfsight.com\/de\/epages-apps\/\" \/>\n<meta property=\"og:locale\" content=\"de_DE\" \/>\n<meta property=\"og:type\" content=\"article\" \/>\n<meta property=\"og:title\" content=\"Die besten kostenlosen ePages-Apps f\u00fcr Ihre Website (2026)\" \/>\n<meta property=\"og:description\" content=\"Eine Vielfalt von kostenlosen Oberfl\u00e4chenelemente eigens f\u00fcr Ihre Web-Seiten. Hilfe bei der Kundenbezogenheit und unbeschr\u00e4nkte Anzahl von Merkmalen.\" \/>\n<meta property=\"og:url\" content=\"https:\/\/elfsight.com\/de\/epages-apps\/\" \/>\n<meta property=\"og:site_name\" content=\"Elfsight DE\" \/>\n<meta property=\"article:modified_time\" content=\"2020-10-21T15:24:52+00:00\" \/>\n<meta name=\"twitter:card\" content=\"summary_large_image\" \/>\n<meta name=\"twitter:label1\" content=\"Gesch\u00e4tzte Lesezeit\" \/>\n\t<meta name=\"twitter:data1\" content=\"1\u00a0Minute\" \/>\n<!-- \/ Yoast SEO plugin. -->","yoast_head_json":{"title":"Die besten kostenlosen ePages-Apps f\u00fcr Ihre Website (2026)","description":"Eine Vielfalt von kostenlosen Oberfl\u00e4chenelemente eigens f\u00fcr Ihre Web-Seiten. Hilfe bei der Kundenbezogenheit und unbeschr\u00e4nkte Anzahl von Merkmalen.","robots":{"index":"index","follow":"follow","max-snippet":"max-snippet:-1","max-image-preview":"max-image-preview:large","max-video-preview":"max-video-preview:-1"},"canonical":"https:\/\/elfsight.com\/de\/epages-apps\/","og_locale":"de_DE","og_type":"article","og_title":"Die besten kostenlosen ePages-Apps f\u00fcr Ihre Website (2026)","og_description":"Eine Vielfalt von kostenlosen Oberfl\u00e4chenelemente eigens f\u00fcr Ihre Web-Seiten. Hilfe bei der Kundenbezogenheit und unbeschr\u00e4nkte Anzahl von Merkmalen.","og_url":"https:\/\/elfsight.com\/de\/epages-apps\/","og_site_name":"Elfsight DE","article_modified_time":"2020-10-21T15:24:52+00:00","twitter_card":"summary_large_image","twitter_misc":{"Gesch\u00e4tzte Lesezeit":"1\u00a0Minute"},"schema":{"@context":"https:\/\/schema.org","@graph":[{"@type":"WebPage","@id":"https:\/\/elfsight.com\/de\/epages-apps\/","url":"https:\/\/elfsight.com\/de\/epages-apps\/","name":"Die besten kostenlosen ePages-Apps f\u00fcr Ihre Website (2026)","isPartOf":{"@id":"https:\/\/elfsight.com\/de\/#website"},"datePublished":"2020-02-25T14:19:11+00:00","dateModified":"2020-10-21T15:24:52+00:00","description":"Eine Vielfalt von kostenlosen Oberfl\u00e4chenelemente eigens f\u00fcr Ihre Web-Seiten. Hilfe bei der Kundenbezogenheit und unbeschr\u00e4nkte Anzahl von Merkmalen.","breadcrumb":{"@id":"https:\/\/elfsight.com\/de\/epages-apps\/#breadcrumb"},"inLanguage":"de","potentialAction":[{"@type":"ReadAction","target":["https:\/\/elfsight.com\/de\/epages-apps\/"]}]},{"@type":"BreadcrumbList","@id":"https:\/\/elfsight.com\/de\/epages-apps\/#breadcrumb","itemListElement":[{"@type":"ListItem","position":1,"name":"Home","item":"https:\/\/elfsight.com\/de\/"},{"@type":"ListItem","position":2,"name":"ePages apps"}]},{"@type":"WebSite","@id":"https:\/\/elfsight.com\/de\/#website","url":"https:\/\/elfsight.com\/de\/","name":"Elfsight DE","description":"Just another Elfsight Sites site","potentialAction":[{"@type":"SearchAction","target":{"@type":"EntryPoint","urlTemplate":"https:\/\/elfsight.com\/de\/?s={search_term_string}"},"query-input":{"@type":"PropertyValueSpecification","valueRequired":true,"valueName":"search_term_string"}}],"inLanguage":"de"}]}},"meta_box":{"industry":"","seo_heading":"","heading":"","description":"","cta_heading":"","cta_description":"","application":"","h1":"Hochwertige mobilfreundliche Werkzeuge f\u00fcr Ihre ePages Seite","h1_caption":"Dies ist die Liste von besseren Widgets f\u00fcr Website, um seine Nutzerbindung zu bessern und andere gewerbliche Zweck zu erreichen. Diese Bedienelemente kann bequem angepasst und eingebunden werden. Elfsight Firma bringt die unbegrenzte Reihe von M\u00f6glichkeiten und die professionelle technische Hilfe f\u00fcr alle Kunden.","application_category":[],"applications_title":"Testen Sie alle problemlosen kostenfreien ePages Oberfl\u00e4chenelemente von der Sammlung:","applications_request_title":"Sie k\u00f6nnen das gew\u00fcnschte Widget nicht finden?","applications_request_button_text":"Fordern Sie ein App an","hero_text":"","hero_video":"","hero_video_schema_markup":"","selling_points_title":"","selling_points_caption":"","selling_points":[],"selling_points_cta_text":"","features_title":"","features":"","ed_cta_examples_text":"","ed_cta_examples_hidden":"","ed_cta_demo_text":"","ed_cta_demo_hidden":"","why_caption":"","why_editor_title":"","why_editor_text":"","why_team_title":"","why_team_text":"","why_service_title":"","why_service_text":"","template_catalog_visible":"","template_catalog_title":"","template_catalog_text":"","template_catalog_categories_visible":"","demo_title":"","demo_caption":"","default_faq_hidden":"","app_template_category":[],"platform":"195","template_public_id":"","codecanyon_url":"","codecanyon_item_id":"","codecanyon_price":"","pricing_caption":"","pricing_elfsight_apps_hide_column":"","pricing_elfsight_apps_url":"","pricing_codecanyon_price_caption":"","integration_category":[],"integration_request_title":"","integration_request_cta":"","integration_platform":"","integrations":[],"platform_category":[],"video_schema_markup":"","price":"","trial":"","benefits":[],"button_url":"","button_target_blank":"","button_nofollow":"","attributes":[],"tags":[],"tags_disable_links":"","hide_more_platforms":"","video_object":"","demo_hide_cta":"","demo_hide_cloud_options":"","pricing_title":"","pricing":[],"related_apps_title":"","related_apps_hidden":"","author":"","image":[],"title":"","job":"","social_networks":[]},"_links":{"self":[{"href":"https:\/\/elfsight.com\/de\/wp-json\/wp\/v2\/pages\/196","targetHints":{"allow":["GET"]}}],"collection":[{"href":"https:\/\/elfsight.com\/de\/wp-json\/wp\/v2\/pages"}],"about":[{"href":"https:\/\/elfsight.com\/de\/wp-json\/wp\/v2\/types\/page"}],"author":[{"embeddable":true,"href":"https:\/\/elfsight.com\/de\/wp-json\/wp\/v2\/users\/11"}],"replies":[{"embeddable":true,"href":"https:\/\/elfsight.com\/de\/wp-json\/wp\/v2\/comments?post=196"}],"version-history":[{"count":5,"href":"https:\/\/elfsight.com\/de\/wp-json\/wp\/v2\/pages\/196\/revisions"}],"predecessor-version":[{"id":3024,"href":"https:\/\/elfsight.com\/de\/wp-json\/wp\/v2\/pages\/196\/revisions\/3024"}],"wp:attachment":[{"href":"https:\/\/elfsight.com\/de\/wp-json\/wp\/v2\/media?parent=196"}],"curies":[{"name":"wp","href":"https:\/\/api.w.org\/{rel}","templated":true}]}}