{"id":1954,"date":"2020-07-30T09:50:31","date_gmt":"2020-07-30T09:50:31","guid":{"rendered":"https:\/\/elfsight.com\/de\/?page_id=1954"},"modified":"2020-09-27T14:15:56","modified_gmt":"2020-09-27T14:15:56","slug":"examples","status":"publish","type":"page","link":"https:\/\/elfsight.com\/de\/team-showcase-widget\/examples\/","title":{"rendered":"Team Showcase &#8211; Examples"},"content":{"rendered":"\n<div class=\"application-examples-item application-examples-item-loading\">\n                            <div class=\"col-row\">\n                                <div class=\"col-6 col-m-8 col-s-12\"><h3 class=\"application-examples-item-title\">Beispiel 1: Firmenstruktur<\/h3><div class=\"application-examples-item-description\">Mit dem Elfsight-Widget ist es einfach, Ihr Unternehmen ordentlich und klar zu demonstrieren, selbst wenn es eine umfangreiche Struktur aufweist. In diesem Beispiel sind alle Mitarbeiter auf vier auf der Seite aufgef\u00fchrte Abteilungen verteilt. Das Rasterlayout zeigt nur ein Minimum an Kontaktdaten an, der Rest kann im Popup angezeigt werden.<\/div><\/div>\n                <\/div>\n\n                <div class=\"application-examples-item-iframe-container browser-frame\">\n                    <div class=\"application-examples-item-iframe-wrapper\">\n                        <iframe class=\"application-examples-item-iframe\" data-src=\"https:\/\/elfsight.com\/examples?widget_id=0f53c6d6-1166-487e-b9c9-0d3847dcf2fe&padding=28px+40px+40px\" width=\"100%\" allow=\"autoplay; fullscreen\"><\/iframe>\n                    <\/div>\n\n                    <div class=\"application-examples-item-loader\"><\/div>\n                <\/div>\n            <\/div>\n\n<div class=\"application-examples-item application-examples-item-loading\">\n                            <div class=\"col-row\">\n                                <div class=\"col-6 col-m-8 col-s-12\"><h3 class=\"application-examples-item-title\">Beispiel 2: Kleines Team<\/h3><div class=\"application-examples-item-description\">Egal wie gro\u00df Ihr Team ist - Sie k\u00f6nnen einen guten Weg finden, es zu pr\u00e4sentieren. Hier hilft das Kartenlayout dabei, ein ziemlich enges Team zu zeigen, jedoch in erheblichem Ma\u00dfe. Die Zuschauer k\u00f6nnen gro\u00dfe Bilder Ihrer Leute, deren Namen und Positionen sehen. Call-to-Action l\u00e4dt Benutzer ein, dem Team beizutreten. Wenn Sie auf die Schaltfl\u00e4che klicken, werden offene Stellen angezeigt.<\/div><\/div>\n                <\/div>\n\n                <div class=\"application-examples-item-iframe-container browser-frame\">\n                    <div class=\"application-examples-item-iframe-wrapper\">\n                        <iframe class=\"application-examples-item-iframe\" data-src=\"https:\/\/elfsight.com\/examples?widget_id=2e589563-683d-4a0b-95c4-7aa6b0a429da&padding=28px+40px+40px\" width=\"100%\" allow=\"autoplay; fullscreen\"><\/iframe>\n                    <\/div>\n\n                    <div class=\"application-examples-item-loader\"><\/div>\n                <\/div>\n            <\/div> \n\n<div class=\"application-examples-item application-examples-item-loading\">\n                            <div class=\"col-row\">\n                                <div class=\"col-6 col-m-8 col-s-12\"><h3 class=\"application-examples-item-title\">Beispiel 3: Internationales Unternehmen<\/h3><div class=\"application-examples-item-description\">In diesem Beispiel k\u00f6nnen Sie sehen, wie unser Widget Ihren Besuchern das Auffinden erleichtert ihr Manager. Alle Manager sind in vier Gruppen unterteilt - je nach Stadt. \u00dcber das Men\u00fc in der Widget-Kopfzeile k\u00f6nnen Benutzer zwischen den verf\u00fcgbaren St\u00e4dten wechseln und die Manager anzeigen oder alle in einem Raster anzeigen.<\/div><\/div>\n                <\/div>\n\n                <div class=\"application-examples-item-iframe-container browser-frame\">\n                    <div class=\"application-examples-item-iframe-wrapper\">\n                        <iframe class=\"application-examples-item-iframe\" data-src=\"https:\/\/elfsight.com\/examples?widget_id=1b1f0b42-5076-48f6-a8ae-e5edd1746660&padding=28px+40px+40px\" width=\"100%\" allow=\"autoplay; fullscreen\"><\/iframe>\n                    <\/div>\n\n                    <div class=\"application-examples-item-loader\"><\/div>\n                <\/div>\n            <\/div>\n\n<div class=\"application-examples-item application-examples-item-loading\">\n                            <div class=\"col-row\">\n                                <div class=\"col-6 col-m-8 col-s-12\"><h3 class=\"application-examples-item-title\">Beispiel 4: Musik Band<\/h3><div class=\"application-examples-item-description\">Sehen Sie, wie einfach das Widget so eingestellt werden kann, dass es die Mitglieder einer Musikband anzeigt. Da ist ein Benutzerdefinierte Auswahl der Hintergrundfarbe, damit das Widget in das Farbkonzept der Website passt. Das Layout der Galerie zeigt die Fotos der Musiker und ihre Namen. Beim Schweben werden in der Animation Social-Media-Symbole angezeigt und es werden weitere Informationen im Popup angezeigt..<\/div><\/div>\n                <\/div>\n\n                <div class=\"application-examples-item-iframe-container browser-frame\">\n                    <div class=\"application-examples-item-iframe-wrapper\">\n                        <iframe class=\"application-examples-item-iframe\" data-src=\"https:\/\/elfsight.com\/examples?widget_id=fb39f784-a561-4c9f-a2e5-f815740e24c4&padding=28px+40px+40px\" width=\"100%\" allow=\"autoplay; fullscreen\"><\/iframe>\n                    <\/div>\n\n                    <div class=\"application-examples-item-loader\"><\/div>\n                <\/div>\n            <\/div>\n\n<div class=\"application-examples-item application-examples-item-loading\">\n                            <div class=\"col-row\">\n                                <div class=\"col-6 col-m-8 col-s-12\"><h3 class=\"application-examples-item-title\">Beispiel 5: Spielerliste<\/h3><div class=\"application-examples-item-description\">In diesem Beispiel wird das Widget verwendet, um ein Raster mit Mitgliedern eines Basketballteams zu erstellen. Die Infokarte jedes Spielers und der Hintergrund sind Teamfarben. Es gibt nur einen Namen und eine Spielposition f\u00fcr jedes Mitglied des Teams.<\/div><\/div>\n                <\/div>\n\n                <div class=\"application-examples-item-iframe-container browser-frame\">\n                    <div class=\"application-examples-item-iframe-wrapper\">\n                        <iframe class=\"application-examples-item-iframe\" data-src=\"https:\/\/elfsight.com\/examples?widget_id=dc5840e7-789d-42df-878f-a39285b335f3&padding=28px+40px+40px\" width=\"100%\" allow=\"autoplay; fullscreen\"><\/iframe>\n                    <\/div>\n\n                    <div class=\"application-examples-item-loader\"><\/div>\n                <\/div>\n            <\/div>\n\n<div class=\"application-cta-create\">\n                    <div class=\"application-cta-create-bg\">\n                        <div class=\"application-cta-create-bg-left\"><\/div>\n\n                        <div class=\"application-cta-create-bg-right\">\n                            <img decoding=\"async\" src=\"https:\/\/elfsight.com\/de\/wp-content\/themes\/elfsight\/frontend\/assets\/img\/application-cta-create.jpg\" alt=\"Beginnen Sie mit der Erstellung Ihres Widgets\">\n                        <\/div>\n                    <\/div>\n\n                    <div class=\"application-cta-create-content inner\">\n                        <div class=\"application-cta-create-content-inner\">\n                            <div class=\"application-cta-create-content-icon\">\n                                <svg viewBox=\"0 0 25 25\" width=\"100%\" height=\"100%\">\n                                    <use xlink:href=\"#icon-settings\"><\/use>\n                                <\/svg>\n                            <\/div>\n\n                            <div class=\"application-cta-create-content-title\">Beginnen Sie mit der Erstellung Ihres Widgets<\/div>\n\n                            <div class=\"application-cta-create-content-text\">Schnell. Einfach. Keine Codierung.<\/div>\n\n                            <a class=\"application-cta-create-content-button button-48 button-has-right-icon button-black button\" href=\"\">\n                                <span class=\"button-label\">Widget erstellen<\/span>\n\n                                <svg class=\"button-icon\">\n                                    <use xlink:href=\"#icon-arrow-link\"><\/use>\n                                <\/svg>\n                            <\/a>\n                        <\/div>\n                    <\/div>\n                <\/div>\n\n<div class=\"application-examples-item application-examples-item-loading\">\n                            <div class=\"col-row\">\n                                <div class=\"col-6 col-m-8 col-s-12\"><h3 class=\"application-examples-item-title\">Beispiel 6: Unsere Lehrer<\/h3><div class=\"application-examples-item-description\">Unser Widget kann Ihnen dabei helfen, Ihre akademischen Mitarbeiter zu zeigen, damit sie das Vertrauen des Website-Publikums gewinnen. Sie k\u00f6nnen sehen, dass jeder Lehrer durch ein Foto dargestellt wird, das eine kurze Biografie und pers\u00f6nliche Merkmale im Popup zeigt. Durch die automatische Gr\u00f6\u00dfenoption f\u00fcllt das Widget den gesamten verf\u00fcgbaren Platz auf der Seite aus.<\/div><\/div>\n                <\/div>\n\n                <div class=\"application-examples-item-iframe-container browser-frame\">\n                    <div class=\"application-examples-item-iframe-wrapper\">\n                        <iframe class=\"application-examples-item-iframe\" data-src=\"https:\/\/elfsight.com\/examples?widget_id=ff988b05-6de8-4bd7-9f8e-0ac90f96da2c&padding=28px+40px+40px\" width=\"100%\" allow=\"autoplay; fullscreen\"><\/iframe>\n                    <\/div>\n\n                    <div class=\"application-examples-item-loader\"><\/div>\n                <\/div>\n            <\/div>\n\n<div class=\"application-examples-item application-examples-item-loading\">\n                            <div class=\"col-row\">\n                                <div class=\"col-6 col-m-8 col-s-12\"><h3 class=\"application-examples-item-title\">Beispiel 7: Fitness<\/h3><div class=\"application-examples-item-description\">Hier ist eine gute M\u00f6glichkeit, \u00fcber Trainer zu berichten, die in einem Sportverein arbeiten und ihre Motivationsf\u00e4higkeiten zeigen. Mit dem Listenlayout k\u00f6nnen Sie neben dem Foto viele Textinformationen anzeigen. Hier k\u00f6nnen Sie detaillierte Hintergrundinformationen zu jedem Trainer lesen und dessen Trainingsphilosophie und das bevorzugte Motivationsmotto zum Sporttraining sehen.<\/div><\/div>\n                <\/div>\n\n                <div class=\"application-examples-item-iframe-container browser-frame\">\n                    <div class=\"application-examples-item-iframe-wrapper\">\n                        <iframe class=\"application-examples-item-iframe\" data-src=\"https:\/\/elfsight.com\/examples?widget_id=98653925-04cd-401a-a575-bb4a89b0346a&padding=28px+40px+40px\" width=\"100%\" allow=\"autoplay; fullscreen\"><\/iframe>\n                    <\/div>\n\n                    <div class=\"application-examples-item-loader\"><\/div>\n                <\/div>\n            <\/div>\n\n<div class=\"application-examples-item application-examples-item-loading\">\n                            <div class=\"col-row\">\n                                <div class=\"col-6 col-m-8 col-s-12\"><h3 class=\"application-examples-item-title\">Beispiel 8: Barbiere<\/h3><div class=\"application-examples-item-description\">Machen Sie es einem Benutzer unm\u00f6glich, Ihre Website ohne Termin zu verlassen. In diesem Beispiel werden die Friseurservices auf wirklich \u00fcberzeugende Weise dargestellt. Mit dem Galerie-Layout sind die Fotos massiv, sauber und auff\u00e4llig. Alle zus\u00e4tzlichen Informationen werden im Popup ausgeblendet. Ein einzigartiger Aufruf zum Handeln und eine Schaltfl\u00e4che zum Vereinbaren eines Termins helfen dabei, neue Kunden zu gewinnen.<\/div><\/div>\n                <\/div>\n\n                <div class=\"application-examples-item-iframe-container browser-frame\">\n                    <div class=\"application-examples-item-iframe-wrapper\">\n                        <iframe class=\"application-examples-item-iframe\" data-src=\"https:\/\/elfsight.com\/examples?widget_id=a078d1e1-94f4-455e-ae1d-9407c0415692&padding=28px+40px+40px\" width=\"100%\" allow=\"autoplay; fullscreen\"><\/iframe>\n                    <\/div>\n\n                    <div class=\"application-examples-item-loader\"><\/div>\n                <\/div>\n            <\/div>\n\n<div class=\"application-examples-item application-examples-item-loading\">\n                            <div class=\"col-row\">\n                                <div class=\"col-6 col-m-8 col-s-12\"><h3 class=\"application-examples-item-title\">Beispiel 9: \u00c4rzte<\/h3><div class=\"application-examples-item-description\">Ein weiteres Beispiel daf\u00fcr, wozu unser Widget in der Lage ist. Hier verwandelt es sich in ein Schaufenster des medizinischen Personals. Das Listenlayout und die benutzerdefinierte Auswahl der Farben, die mit der Medizin verbunden sind, tragen zu einem sauberen und strengen Erscheinungsbild bei. Infokarten erz\u00e4hlen viel \u00fcber jeden Arzt und es besteht die M\u00f6glichkeit, \u00fcber einen aktiven Knopf einen Termin anzufordern.<\/div><\/div>\n                <\/div>\n\n                <div class=\"application-examples-item-iframe-container browser-frame\">\n                    <div class=\"application-examples-item-iframe-wrapper\">\n                        <iframe class=\"application-examples-item-iframe\" data-src=\"https:\/\/elfsight.com\/examples?widget_id=fcf657e5-4aa5-41da-bebc-b447df12508a&padding=28px+40px+40px\" width=\"100%\" allow=\"autoplay; fullscreen\"><\/iframe>\n                    <\/div>\n\n                    <div class=\"application-examples-item-loader\"><\/div>\n                <\/div>\n            <\/div>\n","protected":false},"excerpt":{"rendered":"","protected":false},"author":11,"featured_media":0,"parent":1952,"menu_order":0,"comment_status":"closed","ping_status":"closed","template":"templates\/template-application-examples.php","meta":{"publish_to_discourse":"","publish_post_category":"","wpdc_auto_publish_overridden":"","wpdc_topic_tags":"","wpdc_pin_topic":"","wpdc_pin_until":"","discourse_post_id":"","discourse_permalink":"","wpdc_publishing_response":"","wpdc_publishing_error":"","footnotes":""},"class_list":["post-1954","page","type-page","status-publish","hentry"],"yoast_head":"<!-- This site is optimized with the Yoast SEO plugin v25.3.1 - https:\/\/yoast.com\/wordpress\/plugins\/seo\/ -->\n<title>\u00dcber uns Widget f\u00fcr Ihre Website (kostenlos und schnell)<\/title>\n<meta name=\"description\" content=\"Integrieren Sie Ihr bestes Team Showcase Widget auf die Website. Testen Sie eine kostenlose Demo zum kostenlosen \u201e\u00dcber uns\u201c Plugins von Elfsight.\" \/>\n<meta name=\"robots\" content=\"index, follow, max-snippet:-1, max-image-preview:large, max-video-preview:-1\" \/>\n<link rel=\"canonical\" href=\"https:\/\/elfsight.com\/de\/team-showcase-widget\/examples\/\" \/>\n<meta property=\"og:locale\" content=\"de_DE\" \/>\n<meta property=\"og:type\" content=\"article\" \/>\n<meta property=\"og:title\" content=\"\u00dcber uns Widget f\u00fcr Ihre Website (kostenlos und schnell)\" \/>\n<meta property=\"og:description\" content=\"Integrieren Sie Ihr bestes Team Showcase Widget auf die Website. Testen Sie eine kostenlose Demo zum kostenlosen \u201e\u00dcber uns\u201c Plugins von Elfsight.\" \/>\n<meta property=\"og:url\" content=\"https:\/\/elfsight.com\/de\/team-showcase-widget\/examples\/\" \/>\n<meta property=\"og:site_name\" content=\"Elfsight DE\" \/>\n<meta property=\"article:modified_time\" content=\"2020-09-27T14:15:56+00:00\" \/>\n<meta name=\"twitter:card\" content=\"summary_large_image\" \/>\n<meta name=\"twitter:label1\" content=\"Gesch\u00e4tzte Lesezeit\" \/>\n\t<meta name=\"twitter:data1\" content=\"4\u00a0Minuten\" \/>\n<!-- \/ Yoast SEO plugin. -->","yoast_head_json":{"title":"\u00dcber uns Widget f\u00fcr Ihre Website (kostenlos und schnell)","description":"Integrieren Sie Ihr bestes Team Showcase Widget auf die Website. Testen Sie eine kostenlose Demo zum kostenlosen \u201e\u00dcber uns\u201c Plugins von Elfsight.","robots":{"index":"index","follow":"follow","max-snippet":"max-snippet:-1","max-image-preview":"max-image-preview:large","max-video-preview":"max-video-preview:-1"},"canonical":"https:\/\/elfsight.com\/de\/team-showcase-widget\/examples\/","og_locale":"de_DE","og_type":"article","og_title":"\u00dcber uns Widget f\u00fcr Ihre Website (kostenlos und schnell)","og_description":"Integrieren Sie Ihr bestes Team Showcase Widget auf die Website. Testen Sie eine kostenlose Demo zum kostenlosen \u201e\u00dcber uns\u201c Plugins von Elfsight.","og_url":"https:\/\/elfsight.com\/de\/team-showcase-widget\/examples\/","og_site_name":"Elfsight DE","article_modified_time":"2020-09-27T14:15:56+00:00","twitter_card":"summary_large_image","twitter_misc":{"Gesch\u00e4tzte Lesezeit":"4\u00a0Minuten"},"schema":{"@context":"https:\/\/schema.org","@graph":[{"@type":"WebPage","@id":"https:\/\/elfsight.com\/de\/team-showcase-widget\/examples\/","url":"https:\/\/elfsight.com\/de\/team-showcase-widget\/examples\/","name":"\u00dcber uns Widget f\u00fcr Ihre Website (kostenlos und schnell)","isPartOf":{"@id":"https:\/\/elfsight.com\/de\/#website"},"datePublished":"2020-07-30T09:50:31+00:00","dateModified":"2020-09-27T14:15:56+00:00","description":"Integrieren Sie Ihr bestes Team Showcase Widget auf die Website. Testen Sie eine kostenlose Demo zum kostenlosen \u201e\u00dcber uns\u201c Plugins von Elfsight.","breadcrumb":{"@id":"https:\/\/elfsight.com\/de\/team-showcase-widget\/examples\/#breadcrumb"},"inLanguage":"de","potentialAction":[{"@type":"ReadAction","target":["https:\/\/elfsight.com\/de\/team-showcase-widget\/examples\/"]}]},{"@type":"BreadcrumbList","@id":"https:\/\/elfsight.com\/de\/team-showcase-widget\/examples\/#breadcrumb","itemListElement":[{"@type":"ListItem","position":1,"name":"Home","item":"https:\/\/elfsight.com\/de\/"},{"@type":"ListItem","position":2,"name":"Team Showcase","item":"https:\/\/elfsight.com\/de\/team-showcase-widget\/"},{"@type":"ListItem","position":3,"name":"Team Showcase &#8211; Examples"}]},{"@type":"WebSite","@id":"https:\/\/elfsight.com\/de\/#website","url":"https:\/\/elfsight.com\/de\/","name":"Elfsight DE","description":"Just another Elfsight Sites site","potentialAction":[{"@type":"SearchAction","target":{"@type":"EntryPoint","urlTemplate":"https:\/\/elfsight.com\/de\/?s={search_term_string}"},"query-input":{"@type":"PropertyValueSpecification","valueRequired":true,"valueName":"search_term_string"}}],"inLanguage":"de"}]}},"meta_box":{"industry":"","seo_heading":"","heading":"","description":"","cta_heading":"","cta_description":"","application":"481","h1":"\u00dcber uns Seite Widget Beispiele","h1_caption":"Sehen Sie alle Beispiele f\u00fcr Website \u00dcber uns, um das volle Potenzial des Widgets zu erkennen.","application_category":[],"applications_title":"","applications_request_title":"","applications_request_button_text":"","hero_text":"","hero_video":"","hero_video_schema_markup":"","selling_points_title":"","selling_points_caption":"","selling_points":[],"selling_points_cta_text":"","features_title":"","features":"","ed_cta_examples_text":"","ed_cta_examples_hidden":"","ed_cta_demo_text":"","ed_cta_demo_hidden":"","why_caption":"","why_editor_title":"","why_editor_text":"","why_team_title":"","why_team_text":"","why_service_title":"","why_service_text":"","template_catalog_visible":"","template_catalog_title":"","template_catalog_text":"","template_catalog_categories_visible":"","demo_title":"","demo_caption":"","default_faq_hidden":"","app_template_category":[],"platform":"","template_public_id":"","codecanyon_url":"","codecanyon_item_id":"","codecanyon_price":"","pricing_caption":"","pricing_elfsight_apps_hide_column":"","pricing_elfsight_apps_url":"","pricing_codecanyon_price_caption":"","integration_category":[],"integration_request_title":"","integration_request_cta":"","integration_platform":"","integrations":[],"platform_category":[],"video_schema_markup":"","price":"","trial":"","benefits":[],"button_url":"","button_target_blank":"","button_nofollow":"","attributes":[],"tags":[],"tags_disable_links":"","hide_more_platforms":"","video_object":"","demo_hide_cta":"","demo_hide_cloud_options":"","pricing_title":"","pricing":[],"related_apps_title":"","related_apps_hidden":"","author":"","image":[],"title":"","job":"","social_networks":[]},"_links":{"self":[{"href":"https:\/\/elfsight.com\/de\/wp-json\/wp\/v2\/pages\/1954","targetHints":{"allow":["GET"]}}],"collection":[{"href":"https:\/\/elfsight.com\/de\/wp-json\/wp\/v2\/pages"}],"about":[{"href":"https:\/\/elfsight.com\/de\/wp-json\/wp\/v2\/types\/page"}],"author":[{"embeddable":true,"href":"https:\/\/elfsight.com\/de\/wp-json\/wp\/v2\/users\/11"}],"replies":[{"embeddable":true,"href":"https:\/\/elfsight.com\/de\/wp-json\/wp\/v2\/comments?post=1954"}],"version-history":[{"count":3,"href":"https:\/\/elfsight.com\/de\/wp-json\/wp\/v2\/pages\/1954\/revisions"}],"predecessor-version":[{"id":1974,"href":"https:\/\/elfsight.com\/de\/wp-json\/wp\/v2\/pages\/1954\/revisions\/1974"}],"up":[{"embeddable":true,"href":"https:\/\/elfsight.com\/de\/wp-json\/wp\/v2\/pages\/1952"}],"wp:attachment":[{"href":"https:\/\/elfsight.com\/de\/wp-json\/wp\/v2\/media?parent=1954"}],"curies":[{"name":"wp","href":"https:\/\/api.w.org\/{rel}","templated":true}]}}