{"id":190,"date":"2020-02-25T13:36:16","date_gmt":"2020-02-25T13:36:16","guid":{"rendered":"https:\/\/elfsight.com\/de\/?page_id=190"},"modified":"2020-10-14T15:32:15","modified_gmt":"2020-10-14T15:32:15","slug":"webself-widgets","status":"publish","type":"page","link":"https:\/\/elfsight.com\/de\/webself-widgets\/","title":{"rendered":"Webself widgets"},"content":{"rendered":"\n<p>Seit einigen Jahren hat Elfsight Team viele v\u00f6llig effizienten und einfachen L\u00f6sungen f\u00fcr Webself  Websites gebaut. Mit Hilfe der Widgets k\u00f6nnen Sie die Benutzerinteraktion erh\u00f6hen, den Ruf der Marke verbessern,Ihr Gesch\u00e4ft schneller ausbauen und andere unternehmerischen Herausforderungen l\u00f6sen.<\/p> \n\n<p>Elfsight Team pr\u00e4sentiert verschiedene Peiswahlen: von kostenfrei bis zu Premium. St\u00e4rken Ihre Website-Funktionalit\u00e4t ohne Mehrkosten.<\/p>\n\n\n<h2>Warum geniessen viele Website-Besitzer unsere Widgets?<\/h2>\n\n<p>Entdecken Sie die folgende \u00dcbersicht der ausstehenden Funktionen:<\/p> \n<ul>\n<li>Kostenfreie Installationshilfe  des Apps;<\/li>\n\n<li>Voll ansprechbare f\u00fcr jeden Bildschirm; <\/li>\n\n<li>Keine \u0421odierung;<\/li>\n\n<li>Eine Vielzahl von anpassbare und benutzerfreundliche Schablonen;<\/li>\n\n<li>M\u00fchelose Benutzeroberfl\u00e4che;<\/li>\n\n<li>Die Cloud-L\u00f6sungen f\u00fcr hoher Ladegeschwindigkeit; <\/li>                                                                                                                \n\n<li>Die regelm\u00e4\u00dfige automatische Updat;<\/li> \n\n<li>Fachliche Hilfe von freuflichen Elfsight Team.<\/li> \n<\/ul>\n\n<p> Probieren  Sie mit kostenlosen Version. Entdecken Sie alle Funktionen oder nutzen Sie ein beliebiges Widget mit 20% Erm\u00e4ssigung. <\/p> \n\n<h2>Wie kann man ein Widget auf Webself Website installieren?<\/h2> \n<p>Um ein Widget auf der Website hinzuzuf\u00fcgen, lesen Sie einfach die folgenden Anweisungen|folgen Sie einfach den Schritten: <\/p>\n<ol>\n<li>Finden Sie das optimal Werkzeug und passen Sie es an. Klicken Sie auf Speichern.<\/li> \n\n<li>F\u00fcgen Sie Code hinzu um das Widget auf Ihrer Webseite einzubetten. <\/li>\n\n<li>Vollbracht! Sie haben das Widget erfolgreich auf der Webself Webseite hinzugef\u00fcgt. <\/li>\n<\/ol>\n<p>Falls Sie eine kostenlose Unterst\u00fctzung f\u00fcr die Installation des Widgets ben\u00f6tigen, dann unserer Support Team ist immer gl\u00fccklich, Ihnen zu helfen.<\/p>\n","protected":false},"excerpt":{"rendered":"Seit einigen Jahren hat Elfsight Team viele v\u00f6llig effizienten und einfachen L\u00f6sungen f\u00fcr Webself Websites gebaut. Mit Hilfe der Widgets k\u00f6nnen Sie die Benutzerinteraktion erh\u00f6hen, den Ruf der Marke verbessern,Ihr Gesch\u00e4ft schneller ausbauen und andere unternehmerischen Herausforderungen l\u00f6sen. Elfsight Team pr\u00e4sentiert verschiedene Peiswahlen: von kostenfrei bis zu Premium. St\u00e4rken Ihre&#8230;","protected":false},"author":11,"featured_media":0,"parent":0,"menu_order":0,"comment_status":"closed","ping_status":"closed","template":"templates\/template-platform.php","meta":{"publish_to_discourse":"","publish_post_category":"","wpdc_auto_publish_overridden":"","wpdc_topic_tags":"","wpdc_pin_topic":"","wpdc_pin_until":"","discourse_post_id":"","discourse_permalink":"","wpdc_publishing_response":"","wpdc_publishing_error":"","footnotes":""},"class_list":["post-190","page","type-page","status-publish","hentry"],"yoast_head":"<!-- This site is optimized with the Yoast SEO plugin v25.3.1 - https:\/\/yoast.com\/wordpress\/plugins\/seo\/ -->\n<title>Die besten kostenlosen Webself-Widgets f\u00fcr Ihre Website (2025)<\/title>\n<meta name=\"description\" content=\"Eine Auflistung von bew\u00e4hrt kostenfreien Bedienelemente gerade f\u00fcr Ihre Seiten. Hilfe bei der Personalisierung und unbegrenzte Reihe von M\u00f6glichkeiten.\" \/>\n<meta name=\"robots\" content=\"index, follow, max-snippet:-1, max-image-preview:large, max-video-preview:-1\" \/>\n<link rel=\"canonical\" href=\"https:\/\/elfsight.com\/de\/webself-widgets\/\" \/>\n<meta property=\"og:locale\" content=\"de_DE\" \/>\n<meta property=\"og:type\" content=\"article\" \/>\n<meta property=\"og:title\" content=\"Die besten kostenlosen Webself-Widgets f\u00fcr Ihre Website (2025)\" \/>\n<meta property=\"og:description\" content=\"Eine Auflistung von bew\u00e4hrt kostenfreien Bedienelemente gerade f\u00fcr Ihre Seiten. Hilfe bei der Personalisierung und unbegrenzte Reihe von M\u00f6glichkeiten.\" \/>\n<meta property=\"og:url\" content=\"https:\/\/elfsight.com\/de\/webself-widgets\/\" \/>\n<meta property=\"og:site_name\" content=\"Elfsight DE\" \/>\n<meta property=\"article:modified_time\" content=\"2020-10-14T15:32:15+00:00\" \/>\n<meta name=\"twitter:card\" content=\"summary_large_image\" \/>\n<meta name=\"twitter:label1\" content=\"Gesch\u00e4tzte Lesezeit\" \/>\n\t<meta name=\"twitter:data1\" content=\"1\u00a0Minute\" \/>\n<!-- \/ Yoast SEO plugin. -->","yoast_head_json":{"title":"Die besten kostenlosen Webself-Widgets f\u00fcr Ihre Website (2025)","description":"Eine Auflistung von bew\u00e4hrt kostenfreien Bedienelemente gerade f\u00fcr Ihre Seiten. Hilfe bei der Personalisierung und unbegrenzte Reihe von M\u00f6glichkeiten.","robots":{"index":"index","follow":"follow","max-snippet":"max-snippet:-1","max-image-preview":"max-image-preview:large","max-video-preview":"max-video-preview:-1"},"canonical":"https:\/\/elfsight.com\/de\/webself-widgets\/","og_locale":"de_DE","og_type":"article","og_title":"Die besten kostenlosen Webself-Widgets f\u00fcr Ihre Website (2025)","og_description":"Eine Auflistung von bew\u00e4hrt kostenfreien Bedienelemente gerade f\u00fcr Ihre Seiten. Hilfe bei der Personalisierung und unbegrenzte Reihe von M\u00f6glichkeiten.","og_url":"https:\/\/elfsight.com\/de\/webself-widgets\/","og_site_name":"Elfsight DE","article_modified_time":"2020-10-14T15:32:15+00:00","twitter_card":"summary_large_image","twitter_misc":{"Gesch\u00e4tzte Lesezeit":"1\u00a0Minute"},"schema":{"@context":"https:\/\/schema.org","@graph":[{"@type":"WebPage","@id":"https:\/\/elfsight.com\/de\/webself-widgets\/","url":"https:\/\/elfsight.com\/de\/webself-widgets\/","name":"Die besten kostenlosen Webself-Widgets f\u00fcr Ihre Website (2025)","isPartOf":{"@id":"https:\/\/elfsight.com\/de\/#website"},"datePublished":"2020-02-25T13:36:16+00:00","dateModified":"2020-10-14T15:32:15+00:00","description":"Eine Auflistung von bew\u00e4hrt kostenfreien Bedienelemente gerade f\u00fcr Ihre Seiten. Hilfe bei der Personalisierung und unbegrenzte Reihe von M\u00f6glichkeiten.","breadcrumb":{"@id":"https:\/\/elfsight.com\/de\/webself-widgets\/#breadcrumb"},"inLanguage":"de","potentialAction":[{"@type":"ReadAction","target":["https:\/\/elfsight.com\/de\/webself-widgets\/"]}]},{"@type":"BreadcrumbList","@id":"https:\/\/elfsight.com\/de\/webself-widgets\/#breadcrumb","itemListElement":[{"@type":"ListItem","position":1,"name":"Home","item":"https:\/\/elfsight.com\/de\/"},{"@type":"ListItem","position":2,"name":"Webself widgets"}]},{"@type":"WebSite","@id":"https:\/\/elfsight.com\/de\/#website","url":"https:\/\/elfsight.com\/de\/","name":"Elfsight DE","description":"Just another Elfsight Sites site","potentialAction":[{"@type":"SearchAction","target":{"@type":"EntryPoint","urlTemplate":"https:\/\/elfsight.com\/de\/?s={search_term_string}"},"query-input":{"@type":"PropertyValueSpecification","valueRequired":true,"valueName":"search_term_string"}}],"inLanguage":"de"}]}},"meta_box":{"industry":"","seo_heading":"","heading":"","description":"","cta_heading":"","cta_description":"","application":"","h1":"Beste mobilfreundliche L\u00f6sungen f\u00fcr Ihre Webself Webseite","h1_caption":"Dies ist die Serie von problemlosen Miniprogramme f\u00fcr Web-Seite, um Ihre Kundenbindung zu st\u00e4rken und unterschiedliche kommerzielle Zweck zu erzielen. Die s\u00e4mtliche Apps kann leicht adaptiert und aktiviert werden. Unsere Firma gew\u00e4hrt die grenzenlose Anzahl von M\u00f6glichkeiten und die professionelle technische Hilfe f\u00fcr alle Klienten.","application_category":[],"applications_title":"Erproben Sie alle erstklassigen kostenlosen Webself L\u00f6sungen von der Auflistung:","applications_request_title":"Sie k\u00f6nnen das gew\u00fcnschte Widget nicht finden?","applications_request_button_text":"Fordern Sie ein App an","hero_text":"","hero_video":"","hero_video_schema_markup":"","selling_points_title":"","selling_points_caption":"","selling_points":[],"selling_points_cta_text":"","features_title":"","features":"","ed_cta_examples_text":"","ed_cta_examples_hidden":"","ed_cta_demo_text":"","ed_cta_demo_hidden":"","why_caption":"","why_editor_title":"","why_editor_text":"","why_team_title":"","why_team_text":"","why_service_title":"","why_service_text":"","template_catalog_visible":"","template_catalog_title":"","template_catalog_text":"","template_catalog_categories_visible":"","demo_title":"","demo_caption":"","default_faq_hidden":"","app_template_category":[],"platform":"187","template_public_id":"","codecanyon_url":"","codecanyon_item_id":"","codecanyon_price":"","pricing_caption":"","pricing_elfsight_apps_hide_column":"","pricing_elfsight_apps_url":"","pricing_codecanyon_price_caption":"","integration_category":[],"integration_request_title":"","integration_request_cta":"","integration_platform":"","integrations":[],"platform_category":[],"video_schema_markup":"","price":"","trial":"","benefits":[],"button_url":"","button_target_blank":"","button_nofollow":"","attributes":[],"tags":[],"tags_disable_links":"","hide_more_platforms":"","video_object":"","demo_hide_cta":"","demo_hide_cloud_options":"","pricing_title":"","pricing":[],"related_apps_title":"","related_apps_hidden":"","author":"","image":[],"title":"","job":"","social_networks":[]},"_links":{"self":[{"href":"https:\/\/elfsight.com\/de\/wp-json\/wp\/v2\/pages\/190","targetHints":{"allow":["GET"]}}],"collection":[{"href":"https:\/\/elfsight.com\/de\/wp-json\/wp\/v2\/pages"}],"about":[{"href":"https:\/\/elfsight.com\/de\/wp-json\/wp\/v2\/types\/page"}],"author":[{"embeddable":true,"href":"https:\/\/elfsight.com\/de\/wp-json\/wp\/v2\/users\/11"}],"replies":[{"embeddable":true,"href":"https:\/\/elfsight.com\/de\/wp-json\/wp\/v2\/comments?post=190"}],"version-history":[{"count":5,"href":"https:\/\/elfsight.com\/de\/wp-json\/wp\/v2\/pages\/190\/revisions"}],"predecessor-version":[{"id":3022,"href":"https:\/\/elfsight.com\/de\/wp-json\/wp\/v2\/pages\/190\/revisions\/3022"}],"wp:attachment":[{"href":"https:\/\/elfsight.com\/de\/wp-json\/wp\/v2\/media?parent=190"}],"curies":[{"name":"wp","href":"https:\/\/api.w.org\/{rel}","templated":true}]}}