{"id":181,"date":"2020-02-25T12:42:30","date_gmt":"2020-02-25T12:42:30","guid":{"rendered":"https:\/\/elfsight.com\/de\/?page_id=181"},"modified":"2020-09-16T13:06:00","modified_gmt":"2020-09-16T13:06:00","slug":"americommerce-apps","status":"publish","type":"page","link":"https:\/\/elfsight.com\/de\/americommerce-apps\/","title":{"rendered":"AmeriCommerce apps"},"content":{"rendered":"\n<p>F\u00fcr viele Jahre hat Elfsight Team viele absolut benutzerfreundlichen und smart L\u00f6sungen f\u00fcr AmeriCommerce  Websites realisiert. Mit Hilfe dieser Apps k\u00f6nnen Sie viel mehr Leads sammeln, die Anzahl Ihrer Follower erh\u00f6hen,Ihr Gesch\u00e4ft schneller ausbauen und andere gesch\u00e4ftlichen Herausforderungen l\u00f6sen.<\/p> \n\n<p>Elfsight Team bietet eine breite Vielfalt von Preism\u00f6glichkeiten: von gratis bis zu Premium. Vergr\u00f6\u00dfern Ihre Website-Funktionalit\u00e4t ohne Zusatzausgaben.<\/p>\n\n\n<h2>Warum sind unsere AmeriCommerce-Miniprogramme diejenigen der besten?<\/h2>\n\n<p>Hier sind die nachstehende Vielfalt der speziellen Vorteile:<\/p> \n<ul>\n<li> Kostenloser Installation-Support  des Plugins;<\/li>\n\n<li>V\u00f6llig reaktionsschnelle f\u00fcr jedes Ger\u00e4t; <\/li>\n\n<li>Ohne Kodierung;<\/li>\n\n<li>Eine breite Palette von anpassbare und benutzerfreundliche Schablonen;<\/li>\n\n<li>Einfacher Konfigurator;<\/li>\n\n<li>Die Cloud-Dienste f\u00fcr hoher Ladegeschwindigkeit; <\/li>                                                                                                                \n\n<li>Die regelm\u00e4\u00dfige automatische Updates;<\/li> \n\n<li>Hochqualifizierte Hilfe von h\u00f6flichen Elfsight Team.<\/li> \n<\/ul>\n\n<p>Zugreifen  Sie mit  unentgeltlichen Version. Schauen Sie alle M\u00f6glichkeiten oder nutzen Sie richtiges Plugin mit 20% Erm\u00e4ssigung. <\/p> \n\n<h2>Wie kann man ein Plugin auf AmeriCommerce Website installieren?<\/h2> \n<p>Um ein Werkzeug auf der Website einzuf\u00fcgen, sehen Sie einfach die folgen Sie einfach den Schritten: <\/p>\n<ol>\n<li>W\u00e4hlen Sie das gew\u00fcnscht Plugin und w\u00e4hlen Sie die entsprechenden Einstellungen. Klicken Sie auf Speichern.<\/li> \n\n<li>Kopieren und f\u00fcgen Sie den Code hinzu um das Plugin auf Ihrer Webseite einzubetten. <\/li>\n\n<li>Fertig! Sie haben das App erfolgreich auf der AmeriCommerce Website eingebunden. <\/li>\n<\/ol>\n<p>Falls Sie eine kostenlose Hilfe f\u00fcr die Installation des Widgets ben\u00f6tigen, dann k\u00f6nnen Sie sich unseren hochqualifizierten Elfsight Support wenden.<\/p>\n\n","protected":false},"excerpt":{"rendered":"F\u00fcr viele Jahre hat Elfsight Team viele absolut benutzerfreundlichen und smart L\u00f6sungen f\u00fcr AmeriCommerce Websites realisiert. Mit Hilfe dieser Apps k\u00f6nnen Sie viel mehr Leads sammeln, die Anzahl Ihrer Follower erh\u00f6hen,Ihr Gesch\u00e4ft schneller ausbauen und andere gesch\u00e4ftlichen Herausforderungen l\u00f6sen. Elfsight Team bietet eine breite Vielfalt von Preism\u00f6glichkeiten: von gratis bis&#8230;","protected":false},"author":11,"featured_media":0,"parent":0,"menu_order":0,"comment_status":"closed","ping_status":"closed","template":"templates\/template-platform.php","meta":{"publish_to_discourse":"","publish_post_category":"","wpdc_auto_publish_overridden":"","wpdc_topic_tags":"","wpdc_pin_topic":"","wpdc_pin_until":"","discourse_post_id":"","discourse_permalink":"","wpdc_publishing_response":"","wpdc_publishing_error":"","footnotes":""},"class_list":["post-181","page","type-page","status-publish","hentry"],"yoast_head":"<!-- This site is optimized with the Yoast SEO plugin v25.3.1 - https:\/\/yoast.com\/wordpress\/plugins\/seo\/ -->\n<title>Die besten kostenlosen AmeriCommerce-Apps f\u00fcr Ihre Website (2025)<\/title>\n<meta name=\"description\" content=\"Eine Vielfalt kostenlos Werkzeuge f\u00fcr Ihre AmeriCommerce Seiten. Die bek\u00f6mmlich technische Support und vielf\u00e4ltige Funktionalit\u00e4t f\u00fcr alle unsere Kunden.\" \/>\n<meta name=\"robots\" content=\"index, follow, max-snippet:-1, max-image-preview:large, max-video-preview:-1\" \/>\n<link rel=\"canonical\" href=\"https:\/\/elfsight.com\/de\/americommerce-apps\/\" \/>\n<meta property=\"og:locale\" content=\"de_DE\" \/>\n<meta property=\"og:type\" content=\"article\" \/>\n<meta property=\"og:title\" content=\"Die besten kostenlosen AmeriCommerce-Apps f\u00fcr Ihre Website (2025)\" \/>\n<meta property=\"og:description\" content=\"Eine Vielfalt kostenlos Werkzeuge f\u00fcr Ihre AmeriCommerce Seiten. Die bek\u00f6mmlich technische Support und vielf\u00e4ltige Funktionalit\u00e4t f\u00fcr alle unsere Kunden.\" \/>\n<meta property=\"og:url\" content=\"https:\/\/elfsight.com\/de\/americommerce-apps\/\" \/>\n<meta property=\"og:site_name\" content=\"Elfsight DE\" \/>\n<meta property=\"article:modified_time\" content=\"2020-09-16T13:06:00+00:00\" \/>\n<meta name=\"twitter:card\" content=\"summary_large_image\" \/>\n<meta name=\"twitter:label1\" content=\"Gesch\u00e4tzte Lesezeit\" \/>\n\t<meta name=\"twitter:data1\" content=\"1\u00a0Minute\" \/>\n<!-- \/ Yoast SEO plugin. -->","yoast_head_json":{"title":"Die besten kostenlosen AmeriCommerce-Apps f\u00fcr Ihre Website (2025)","description":"Eine Vielfalt kostenlos Werkzeuge f\u00fcr Ihre AmeriCommerce Seiten. Die bek\u00f6mmlich technische Support und vielf\u00e4ltige Funktionalit\u00e4t f\u00fcr alle unsere Kunden.","robots":{"index":"index","follow":"follow","max-snippet":"max-snippet:-1","max-image-preview":"max-image-preview:large","max-video-preview":"max-video-preview:-1"},"canonical":"https:\/\/elfsight.com\/de\/americommerce-apps\/","og_locale":"de_DE","og_type":"article","og_title":"Die besten kostenlosen AmeriCommerce-Apps f\u00fcr Ihre Website (2025)","og_description":"Eine Vielfalt kostenlos Werkzeuge f\u00fcr Ihre AmeriCommerce Seiten. Die bek\u00f6mmlich technische Support und vielf\u00e4ltige Funktionalit\u00e4t f\u00fcr alle unsere Kunden.","og_url":"https:\/\/elfsight.com\/de\/americommerce-apps\/","og_site_name":"Elfsight DE","article_modified_time":"2020-09-16T13:06:00+00:00","twitter_card":"summary_large_image","twitter_misc":{"Gesch\u00e4tzte Lesezeit":"1\u00a0Minute"},"schema":{"@context":"https:\/\/schema.org","@graph":[{"@type":"WebPage","@id":"https:\/\/elfsight.com\/de\/americommerce-apps\/","url":"https:\/\/elfsight.com\/de\/americommerce-apps\/","name":"Die besten kostenlosen AmeriCommerce-Apps f\u00fcr Ihre Website (2025)","isPartOf":{"@id":"https:\/\/elfsight.com\/de\/#website"},"datePublished":"2020-02-25T12:42:30+00:00","dateModified":"2020-09-16T13:06:00+00:00","description":"Eine Vielfalt kostenlos Werkzeuge f\u00fcr Ihre AmeriCommerce Seiten. Die bek\u00f6mmlich technische Support und vielf\u00e4ltige Funktionalit\u00e4t f\u00fcr alle unsere Kunden.","breadcrumb":{"@id":"https:\/\/elfsight.com\/de\/americommerce-apps\/#breadcrumb"},"inLanguage":"de","potentialAction":[{"@type":"ReadAction","target":["https:\/\/elfsight.com\/de\/americommerce-apps\/"]}]},{"@type":"BreadcrumbList","@id":"https:\/\/elfsight.com\/de\/americommerce-apps\/#breadcrumb","itemListElement":[{"@type":"ListItem","position":1,"name":"Home","item":"https:\/\/elfsight.com\/de\/"},{"@type":"ListItem","position":2,"name":"AmeriCommerce apps"}]},{"@type":"WebSite","@id":"https:\/\/elfsight.com\/de\/#website","url":"https:\/\/elfsight.com\/de\/","name":"Elfsight DE","description":"Just another Elfsight Sites site","potentialAction":[{"@type":"SearchAction","target":{"@type":"EntryPoint","urlTemplate":"https:\/\/elfsight.com\/de\/?s={search_term_string}"},"query-input":{"@type":"PropertyValueSpecification","valueRequired":true,"valueName":"search_term_string"}}],"inLanguage":"de"}]}},"meta_box":{"industry":"","seo_heading":"","heading":"","description":"","cta_heading":"","cta_description":"","application":"","h1":"Perfekte und responsive Apps f\u00fcr Ihre AmeriCommerce Webseite","h1_caption":"Dies ist \u00fcbergro\u00df eine Sammlung bequemer Widgets f\u00fcr Webseite zur Fortschritt des Ihres Umsatzes und anderer Kommerzieller. Vielmehr simpel zu einbinden und konfigurieren. Die limitierte und hochqualifizierte technische Support f\u00fcr alle unsere Kunden.","application_category":[],"applications_title":"Testen Sie alle kostenlosen und beste AmeriCommerce L\u00f6sungen auf der Sammlung aus:","applications_request_title":"Sie k\u00f6nnen das gew\u00fcnschte Widget nicht finden?","applications_request_button_text":"Fordern Sie ein App an","hero_text":"","hero_video":"","hero_video_schema_markup":"","selling_points_title":"","selling_points_caption":"","selling_points":[],"selling_points_cta_text":"","features_title":"","features":"","ed_cta_examples_text":"","ed_cta_examples_hidden":"","ed_cta_demo_text":"","ed_cta_demo_hidden":"","why_caption":"","why_editor_title":"","why_editor_text":"","why_team_title":"","why_team_text":"","why_service_title":"","why_service_text":"","template_catalog_visible":"","template_catalog_title":"","template_catalog_text":"","template_catalog_categories_visible":"","demo_title":"","demo_caption":"","default_faq_hidden":"","app_template_category":[],"platform":"178","template_public_id":"","codecanyon_url":"","codecanyon_item_id":"","codecanyon_price":"","pricing_caption":"","pricing_elfsight_apps_hide_column":"","pricing_elfsight_apps_url":"","pricing_codecanyon_price_caption":"","integration_category":[],"integration_request_title":"","integration_request_cta":"","integration_platform":"","integrations":[],"platform_category":[],"video_schema_markup":"","price":"","trial":"","benefits":[],"button_url":"","button_target_blank":"","button_nofollow":"","attributes":[],"tags":[],"tags_disable_links":"","hide_more_platforms":"","video_object":"","demo_hide_cta":"","demo_hide_cloud_options":"","pricing_title":"","pricing":[],"related_apps_title":"","related_apps_hidden":"","author":"","image":[],"title":"","job":"","social_networks":[]},"_links":{"self":[{"href":"https:\/\/elfsight.com\/de\/wp-json\/wp\/v2\/pages\/181","targetHints":{"allow":["GET"]}}],"collection":[{"href":"https:\/\/elfsight.com\/de\/wp-json\/wp\/v2\/pages"}],"about":[{"href":"https:\/\/elfsight.com\/de\/wp-json\/wp\/v2\/types\/page"}],"author":[{"embeddable":true,"href":"https:\/\/elfsight.com\/de\/wp-json\/wp\/v2\/users\/11"}],"replies":[{"embeddable":true,"href":"https:\/\/elfsight.com\/de\/wp-json\/wp\/v2\/comments?post=181"}],"version-history":[{"count":10,"href":"https:\/\/elfsight.com\/de\/wp-json\/wp\/v2\/pages\/181\/revisions"}],"predecessor-version":[{"id":3021,"href":"https:\/\/elfsight.com\/de\/wp-json\/wp\/v2\/pages\/181\/revisions\/3021"}],"wp:attachment":[{"href":"https:\/\/elfsight.com\/de\/wp-json\/wp\/v2\/media?parent=181"}],"curies":[{"name":"wp","href":"https:\/\/api.w.org\/{rel}","templated":true}]}}