{"id":17889,"date":"1970-01-01T00:00:00","date_gmt":"1970-01-01T00:00:00","guid":{"rendered":"https:\/\/elfsight.com\/de\/?page_id=17889"},"modified":"2025-12-25T12:37:33","modified_gmt":"2025-12-25T12:37:33","slug":"wordpress","status":"publish","type":"page","link":"https:\/\/elfsight.com\/de\/whatsapp-chat-widget\/wordpress\/","title":{"rendered":"Whatsapp Chat &#8211; WordPress"},"content":{"rendered":"\n<div class=\"application-platform-content-item-description application-platform-content-item\" id=\"description\" data-nav-section=\"description\">\n<h2>WhatsApp-Chat mit Elfsight-Widget einbetten<\/h2>\n<p>Das WhatsApp-Plugin von Elfsight ist eine nahtlose Variante, mit der Ihre Website-Besucher in Verbindung bleiben k\u00f6nnen und Antworten auf ihre Fragen erhalten. Seien Sie im beliebten Messenger rund um die Uhr f\u00fcr Ihre Kunden erreichbar. Platzieren Sie den Chat auf Ihrer Webseite und w\u00e4hlen Sie ihn so aus, dass er auf ausgew\u00e4hlten Seiten oder f\u00fcr bestimmte Besuchergruppen angezeigt wird. W\u00e4hlen Sie Start-Chat-Ausl\u00f6ser aus; Verfassen Sie Ihre individuelle Willkommensnachricht. W\u00e4hlen Sie Symbole aus und wenden Sie andere Personalisierungsfunktionen an. Mit Hilfe von <a href=\"https:\/\/elfsight.com\/blog\/whatsapp-live-chat-plugin-for-wordpress\/\" target=\"_blank\" rel=\"noopener\">WhatsApp-Chat f\u00fcr WordPress auf Ihrer Website<\/a> bleiben Sie jederzeit und von jedem Ort aus mit Ihren Leuten in Verbindung.<\/p>\n<\/div>\n\n<div class=\"application-platform-content-item-features application-platform-content-item\" id=\"features\" data-nav-section=\"features\">\n<h2>Hauptfunktionen des WhatsApp-Chat-Plugins<\/h2>\n<p>Das WordPress WhatsApp-Plugin ist nicht nur eine kostenlose No-Code-L\u00f6sung. Wir haben dieses WP-Plugin mit n\u00fctzlichen Funktionen ausgestattet, die zu Ihrem Web-Erlebnis beitragen. Einige von ihnen dienen der Verbesserung von Design- und Layoutparametern, w\u00e4hrend bei anderen die Benutzerfreundlichkeit im Vordergrund steht. Um das WhatsApp-Plugin besser zu verstehen, finden Sie hier eine Liste seiner herausragendsten Funktionen. Sie machen das Widget f\u00fcr Ihren Shop unglaublich effizient:<\/p>\n<ul>\n<li>F\u00fchren Sie den WhatsApp-Messenger in Ihrem Shop ein, um mit der Zielgruppe in Kontakt zu treten;<\/li>\n<li>Chatten Sie weiter direkt von Ihrer WhatsApp-Seite aus.<\/li>\n<li>Drei Optionen f\u00fcr den Chat-Standort: als schwebende Blase, eingebettete Blase und eingebettetes Chat-Fenster;<\/li>\n<li>Entdecken Sie eine Sammlung von Blasensymbolen, aus denen Sie ausw\u00e4hlen k\u00f6nnen.<\/li>\n<li>Bearbeitbarer Blasentext.<\/li>\n<\/ul>\n<p><a href=\"#demo\">Weitere Funktionen finden Sie in unserer Live-Demo<\/a><\/p>\n<\/div>\n\n<div class=\"application-platform-content-item-installation application-platform-content-item\" id=\"installation\" data-nav-section=\"installation\">\n<h2>So f\u00fcgen Sie das WhatsApp-Chat-Plugin zu Ihrer WordPress-Website hinzu<\/h2>\n<div class=\"video-container\">\n    <iframe allowfullscreen=\"\" frameborder=\"0\" height=\"405\" src=\"https:\/\/www.youtube.com\/embed\/l58PNuv-0NI?si=_e4Oh6XWu28BqAKk\" width=\"720\"><\/iframe>\n<\/div>\n<p>Unser WordPress-Plugin kann von jedem Benutzer einfach verwaltet und eingebettet werden. Es fungiert als HTML-Einf\u00fcgung, die Sie einer gew\u00fcnschten Seite hinzuf\u00fcgen k\u00f6nnen. Befolgen Sie einfach die nachstehenden Anweisungen, um das Plugin in WordPress zu integrieren.<\/p>\n<ol>\n<li><b>Verwalten Sie unsere kostenlose Demo und beginnen Sie mit der Erstellung Ihres ma\u00dfgeschneiderten Widgets.<\/b><br> Finden Sie das bevorzugte Layout und die Parameter des Tools und speichern Sie die \u00c4nderungen.<\/li>\n<li><b>Sie erhalten Ihren individuellen Code, der im Feld von Elfsight Apps angezeigt wird.<\/b><br> Geben Sie den k\u00fcrzlich kopierten Code in Ihre Website ein und speichern Sie die Anpassungen.<\/li>\n<li><b>Du bist fertig! Die Einbettung ist vollst\u00e4ndig durchgef\u00fchrt.<\/b><br> Besuchen Sie Ihre Website, um zu sehen, wie das Widget funktioniert.<\/li>\n<\/ol>\n<p>Sie k\u00f6nnen sich immer noch nicht entscheiden? Oder haben Sie Probleme? Mit nur einer einzigen Anfrage an unseren Kundenservice l\u00e4sst sich jedes Problem l\u00f6sen. Au\u00dferdem k\u00f6nnen wir Sie zu unseren WordPress-Plugins beraten, die die Leistung Ihrer Website steigern und bei der Gesch\u00e4ftsentwicklung helfen k\u00f6nnen.<\/p>\n<\/div>\n\n<div class=\"faq\" data-component=\"FAQ\">\n<div class=\"faq-item\">\r\n\t\t\t\t\t<div class=\"faq-item-question\">\r\n\t\t\t\t\t\t<h3 class=\"faq-item-question-text\">Wie f\u00fcge ich den WhatsApp-Chat-Button zu WordPress hinzu?<\/h3>\r\n\r\n\t\t\t\t\t\t<div class=\"faq-item-question-icon\"><\/div>\r\n\t\t\t\t\t<\/div>\r\n\r\n\t\t\t\t\t<div class=\"faq-item-answer\">\r\n\t\t\t\t\t\t<div class=\"faq-item-answer-text\">\n<p>Das Hinzuf\u00fcgen eines Chat-Plugins zur Website dauert nur ein paar Sekunden. Dar\u00fcber hinaus sind keine Kenntnisse in Webprogrammierung erforderlich.<\/p>\n<p>\u00c4ndern Sie das Widget f\u00fcr WordPress im kostenlosen Konfigurator live, kopieren Sie Ihren Installationscode und geben Sie ihn an der gew\u00fcnschten Stelle im Website-Backend ein.<\/p>\n<p>Das ist es! Die Installation des WhatsApp-Chat-Plugins auf WordPress ist abgeschlossen!<\/p>\n<p>Haben Sie Probleme mit der Einbettung oder Einrichtung des Plugins? Vielleicht m\u00f6chten Sie die vollst\u00e4ndige Anleitung lesen <a href=\"https:\/\/elfsight.com\/tutorials\/how-to-add-whatsapp-chat-widget-to-website\/#how-to-add-whatsapp-to-wordpress\" target=\"_blank\" rel=\"noopener\">zum Hinzuf\u00fcgen von WhatsApp zu WordPress<\/a>.<\/p>\n<\/div>\r\n\t\t\t\t\t<\/div>\r\n\t\t\t\t<\/div>\n\n<div class=\"faq-item\">\r\n\t\t\t\t\t<div class=\"faq-item-question\">\r\n\t\t\t\t\t\t<h3 class=\"faq-item-question-text\">Gibt es eine Chance zu sehen, wie das Widget auf meiner Website aussehen wird?<\/h3>\r\n\r\n\t\t\t\t\t\t<div class=\"faq-item-question-icon\"><\/div>\r\n\t\t\t\t\t<\/div>\r\n\r\n\t\t\t\t\t<div class=\"faq-item-answer\">\r\n\t\t\t\t\t\t<div class=\"faq-item-answer-text\">\n<p>Ja, das gibt es! Beim Erstellen des WordPress-Chat-Plugins <a href=\"https:\/\/elfsight.com\/whatsapp-chat-widget\/create\" target=\"_blank\" rel=\"noopener\">im Online-Builder<\/a> ber\u00fccksichtigen Sie alle \u00dcberarbeitungen auf der rechten Seite. Ihre Chatbox sieht genauso aus wie auf einer WordPress-Site. Wenn Sie mit der Erstellung Ihres WordPress-Plugins fertig sind, erhalten Sie einen Code, der alle Einstellungen beibeh\u00e4lt.<\/p>\n<\/div>\r\n\t\t\t\t\t<\/div>\r\n\t\t\t\t<\/div>\n\n<div class=\"faq-item\">\r\n\t\t\t\t\t<div class=\"faq-item-question\">\r\n\t\t\t\t\t\t<h3 class=\"faq-item-question-text\">Welche anderen Widgets sind ein Muss f\u00fcr eine WordPress-Site?<\/h3>\r\n\r\n\t\t\t\t\t\t<div class=\"faq-item-question-icon\"><\/div>\r\n\t\t\t\t\t<\/div>\r\n\r\n\t\t\t\t\t<div class=\"faq-item-answer\">\r\n\t\t\t\t\t\t<div class=\"faq-item-answer-text\">\n<p>WordPress bietet eine gro\u00dfe Anzahl n\u00fctzlicher Plugins f\u00fcr jede Art von Website: von Blogs bis hin zu riesigen Online-Marktpl\u00e4tzen. Bei Elfsight erhalten Sie noch mehr Plugins in hervorragender Qualit\u00e4t.<\/p>\n<p>Zum Beispiel k\u00f6nnen Sie <a href=\"https:\/\/elfsight.com\/telegram-chat-widget\/wordpress\/\" target=\"_blank\" rel=\"noopener\">Telegram-Chat<\/a>, <a href=\"https:\/\/elfsight.com\/facebook-chat-widget\/wordpress\/\" target=\"_blank\" rel=\"noopener\">Facebook-Chat<\/a> oder <a href=\"https:\/\/elfsight.com\/viber-chat-widget\/wordpress\/\" target=\"_blank\" rel=\"noopener\">Viber Chat<\/a> verwenden, um Website-Besucher \u00fcber ihren Lieblingsmessenger zu kontaktieren. Sie k\u00f6nnen der Website auch Google Reviews und Testimonials Slider hinzuf\u00fcgen, um die erstaunlichsten Testimonials Ihres Unternehmens zu zeigen. Um die Vielfalt Ihrer Website-Inhalte mit Videos zu erh\u00f6hen, f\u00fcgen Sie eine YouTube-Galerie hinzu.<\/p>\n<\/div>\r\n\t\t\t\t\t<\/div>\r\n\t\t\t\t<\/div>\n<\/div>\n","protected":false},"excerpt":{"rendered":"","protected":false},"author":9,"featured_media":0,"parent":146,"menu_order":0,"comment_status":"closed","ping_status":"closed","template":"templates\/template-application-platform.php","meta":{"publish_to_discourse":"","publish_post_category":"","wpdc_auto_publish_overridden":"","wpdc_topic_tags":"","wpdc_pin_topic":"","wpdc_pin_until":"","discourse_post_id":"","discourse_permalink":"","wpdc_publishing_response":"","wpdc_publishing_error":"","footnotes":""},"class_list":["post-17889","page","type-page","status-publish","hentry"],"yoast_head":"<!-- This site is optimized with the Yoast SEO plugin v25.3.1 - https:\/\/yoast.com\/wordpress\/plugins\/seo\/ -->\n<title>Wordpress WhatsApp Chat Plugin \u2013 WhatsApp zu Wordpress hinzuf\u00fcgen [ 2026 ]<\/title>\n<meta name=\"description\" content=\"F\u00fcgen Sie das WhatsApp-Chat-Plugin in nur 2 Minuten zur WordPress-Website hinzu. Entdecken Sie alle Hauptmerkmale des besten Chat-Widgets in einer kostenlosen Demo.\" \/>\n<meta name=\"robots\" content=\"index, follow, max-snippet:-1, max-image-preview:large, max-video-preview:-1\" \/>\n<link rel=\"canonical\" href=\"https:\/\/elfsight.com\/de\/whatsapp-chat-widget\/wordpress\/\" \/>\n<meta property=\"og:locale\" content=\"de_DE\" \/>\n<meta property=\"og:type\" content=\"article\" \/>\n<meta property=\"og:title\" content=\"Wordpress WhatsApp Chat Plugin \u2013 WhatsApp zu Wordpress hinzuf\u00fcgen [ 2026 ]\" \/>\n<meta property=\"og:description\" content=\"F\u00fcgen Sie das WhatsApp-Chat-Plugin in nur 2 Minuten zur WordPress-Website hinzu. Entdecken Sie alle Hauptmerkmale des besten Chat-Widgets in einer kostenlosen Demo.\" \/>\n<meta property=\"og:url\" content=\"https:\/\/elfsight.com\/de\/whatsapp-chat-widget\/wordpress\/\" \/>\n<meta property=\"og:site_name\" content=\"Elfsight DE\" \/>\n<meta property=\"article:modified_time\" content=\"2025-12-25T12:37:33+00:00\" \/>\n<meta name=\"twitter:card\" content=\"summary_large_image\" \/>\n<meta name=\"twitter:label1\" content=\"Gesch\u00e4tzte Lesezeit\" \/>\n\t<meta name=\"twitter:data1\" content=\"4\u00a0Minuten\" \/>\n<!-- \/ Yoast SEO plugin. -->","yoast_head_json":{"title":"Wordpress WhatsApp Chat Plugin \u2013 WhatsApp zu Wordpress hinzuf\u00fcgen [ 2026 ]","description":"F\u00fcgen Sie das WhatsApp-Chat-Plugin in nur 2 Minuten zur WordPress-Website hinzu. Entdecken Sie alle Hauptmerkmale des besten Chat-Widgets in einer kostenlosen Demo.","robots":{"index":"index","follow":"follow","max-snippet":"max-snippet:-1","max-image-preview":"max-image-preview:large","max-video-preview":"max-video-preview:-1"},"canonical":"https:\/\/elfsight.com\/de\/whatsapp-chat-widget\/wordpress\/","og_locale":"de_DE","og_type":"article","og_title":"Wordpress WhatsApp Chat Plugin \u2013 WhatsApp zu Wordpress hinzuf\u00fcgen [ 2026 ]","og_description":"F\u00fcgen Sie das WhatsApp-Chat-Plugin in nur 2 Minuten zur WordPress-Website hinzu. Entdecken Sie alle Hauptmerkmale des besten Chat-Widgets in einer kostenlosen Demo.","og_url":"https:\/\/elfsight.com\/de\/whatsapp-chat-widget\/wordpress\/","og_site_name":"Elfsight DE","article_modified_time":"2025-12-25T12:37:33+00:00","twitter_card":"summary_large_image","twitter_misc":{"Gesch\u00e4tzte Lesezeit":"4\u00a0Minuten"},"schema":{"@context":"https:\/\/schema.org","@graph":[{"@type":"WebPage","@id":"https:\/\/elfsight.com\/de\/whatsapp-chat-widget\/wordpress\/","url":"https:\/\/elfsight.com\/de\/whatsapp-chat-widget\/wordpress\/","name":"Wordpress WhatsApp Chat Plugin \u2013 WhatsApp zu Wordpress hinzuf\u00fcgen [ 2026 ]","isPartOf":{"@id":"https:\/\/elfsight.com\/de\/#website"},"datePublished":"1970-01-01T00:00:00+00:00","dateModified":"2025-12-25T12:37:33+00:00","description":"F\u00fcgen Sie das WhatsApp-Chat-Plugin in nur 2 Minuten zur WordPress-Website hinzu. Entdecken Sie alle Hauptmerkmale des besten Chat-Widgets in einer kostenlosen Demo.","breadcrumb":{"@id":"https:\/\/elfsight.com\/de\/whatsapp-chat-widget\/wordpress\/#breadcrumb"},"inLanguage":"de","potentialAction":[{"@type":"ReadAction","target":["https:\/\/elfsight.com\/de\/whatsapp-chat-widget\/wordpress\/"]}]},{"@type":"BreadcrumbList","@id":"https:\/\/elfsight.com\/de\/whatsapp-chat-widget\/wordpress\/#breadcrumb","itemListElement":[{"@type":"ListItem","position":1,"name":"Home","item":"https:\/\/elfsight.com\/de\/"},{"@type":"ListItem","position":2,"name":"WhatsApp Chat","item":"https:\/\/elfsight.com\/de\/whatsapp-chat-widget\/"},{"@type":"ListItem","position":3,"name":"Whatsapp Chat &#8211; WordPress"}]},{"@type":"WebSite","@id":"https:\/\/elfsight.com\/de\/#website","url":"https:\/\/elfsight.com\/de\/","name":"Elfsight DE","description":"Just another Elfsight Sites site","potentialAction":[{"@type":"SearchAction","target":{"@type":"EntryPoint","urlTemplate":"https:\/\/elfsight.com\/de\/?s={search_term_string}"},"query-input":{"@type":"PropertyValueSpecification","valueRequired":true,"valueName":"search_term_string"}}],"inLanguage":"de"}]}},"meta_box":{"industry":"","seo_heading":"","heading":"","description":"","cta_heading":"","cta_description":"","application":"139","h1":"WordPress WhatsApp Chat-Plugin","h1_caption":"Der praktischste Kommunikationskanal f\u00fcr Ihre Website-Kunden","application_category":[],"applications_title":"","applications_request_title":"","applications_request_button_text":"","hero_text":"","hero_video":"","hero_video_schema_markup":"","selling_points_title":"","selling_points_caption":"","selling_points":[],"selling_points_cta_text":"","features_title":"","features":"","ed_cta_examples_text":"","ed_cta_examples_hidden":"","ed_cta_demo_text":"","ed_cta_demo_hidden":"","why_caption":"","why_editor_title":"","why_editor_text":"","why_team_title":"","why_team_text":"","why_service_title":"","why_service_text":"","template_catalog_visible":"0","template_catalog_title":"","template_catalog_text":"","template_catalog_categories_visible":"","demo_title":"Erstellen Sie Ihr WhatsApp-Chat-Plugin","demo_caption":"Konfigurieren Sie Ihren WhatsApp-Chat und f\u00fcgen Sie ihn kostenlos zu Ihrer WordPress-Website hinzu!","default_faq_hidden":"","app_template_category":[],"platform":"266","template_public_id":"","codecanyon_url":"","codecanyon_item_id":"","codecanyon_price":"","pricing_caption":"","pricing_elfsight_apps_hide_column":"","pricing_elfsight_apps_url":"","pricing_codecanyon_price_caption":"","integration_category":[],"integration_request_title":"","integration_request_cta":"","integration_platform":"","integrations":[],"platform_category":[],"video_schema_markup":"","price":"ab 0 $ \/ Monat","trial":"","benefits":[{"text":"Kostenlose Installationshilfe"},{"text":"Au\u00dfergew\u00f6hnlicher Support"},{"text":"14-t\u00e4gige Geld-zur\u00fcck-Garantie"},{"text":"Laufende kostenlose Updates"}],"button_url":"#demo","button_target_blank":"0","button_nofollow":"0","attributes":[{"name":"Installiert","content":"100,000 - 500,000"},{"name":"Reaktionsfreudig","content":"Ja"},{"name":"Kompatible Browser","content":"Firefox, Safari, Opera, Chrome, Edge"}],"tags":[],"tags_disable_links":"0","hide_more_platforms":"0","video_object":"","demo_hide_cta":"0","demo_hide_cloud_options":"0","pricing_title":"","pricing":[{"pricing_icon":"platform","pricing_title":"Elfsight Apps","pricing_title_caption":"Multiplattform-L\u00f6sung","pricing_price":"ab 0 $ \/ Monat","pricing_price_caption":"Beginnen Sie mit einem kostenlosen Plan","pricing_benefits":[{"text":"Unbegrenzte Domains"},{"text":"Premium-Support und gut dokumentiert"},{"text":"Kostenloser Installationssupport"},{"text":"Tolles Angebot f\u00fcr mehrere Apps"}],"pricing_button_text":"Zur Website hinzuf\u00fcgen","pricing_button_url":"#demo"}],"related_apps_title":"","related_apps_hidden":"0","author":"","image":[],"title":"","job":"","social_networks":[]},"_links":{"self":[{"href":"https:\/\/elfsight.com\/de\/wp-json\/wp\/v2\/pages\/17889","targetHints":{"allow":["GET"]}}],"collection":[{"href":"https:\/\/elfsight.com\/de\/wp-json\/wp\/v2\/pages"}],"about":[{"href":"https:\/\/elfsight.com\/de\/wp-json\/wp\/v2\/types\/page"}],"author":[{"embeddable":true,"href":"https:\/\/elfsight.com\/de\/wp-json\/wp\/v2\/users\/9"}],"replies":[{"embeddable":true,"href":"https:\/\/elfsight.com\/de\/wp-json\/wp\/v2\/comments?post=17889"}],"version-history":[{"count":4,"href":"https:\/\/elfsight.com\/de\/wp-json\/wp\/v2\/pages\/17889\/revisions"}],"predecessor-version":[{"id":25588,"href":"https:\/\/elfsight.com\/de\/wp-json\/wp\/v2\/pages\/17889\/revisions\/25588"}],"up":[{"embeddable":true,"href":"https:\/\/elfsight.com\/de\/wp-json\/wp\/v2\/pages\/146"}],"wp:attachment":[{"href":"https:\/\/elfsight.com\/de\/wp-json\/wp\/v2\/media?parent=17889"}],"curies":[{"name":"wp","href":"https:\/\/api.w.org\/{rel}","templated":true}]}}