{"id":17887,"date":"1970-01-01T00:00:00","date_gmt":"1970-01-01T00:00:00","guid":{"rendered":"https:\/\/elfsight.com\/de\/?page_id=17887"},"modified":"2024-11-08T09:24:28","modified_gmt":"2024-11-08T09:24:28","slug":"wordpress","status":"publish","type":"page","link":"https:\/\/elfsight.com\/de\/testimonials-slider-widget\/wordpress\/","title":{"rendered":"Testimonials Slider &#8211; WordPress"},"content":{"rendered":"\n<div class=\"application-platform-content-item-description application-platform-content-item\" id=\"description\" data-nav-section=\"description\"><h2>Testimonials Slider in WordPress mit dem Elfsight-Widget einbetten<\/h2><p>Testimonials Slider ist ein einfaches Plugin zum Demonstrieren des Feedbacks Ihrer Kunden Ihre eigene Website. Es steht Ihnen frei, verschiedene Arten von Social Proof zu verwenden, um die Bewertungen vertrauensw\u00fcrdig zu machen: Name des Autors, Foto, Logo des Unternehmens und sogar einen Link zur Website.<\/p><p><b>Steigern Sie das Vertrauen in Ihre Produkte indem Sie Ihre zufriedenen Kunden demonstrieren.<\/b><\/p><ul><li><b>Erh\u00f6hen Sie Ihre Conversion um bis zu 200 %<\/b>.<br>Zeigen Sie echtes Feedback und machen Sie es zum Hauptpunkt Ihrer Botschaft zu Kunden. Offenlegung der Bewertungen genau dort, wo Kunden ihre Entscheidung \u00fcber den Kauf Ihres Dienstes oder die Registrierung auf Ihrer Website treffen.<\/li><li><b>Loyalit\u00e4t Ihrer Besucher<\/b>.<br>Einer Ihrer Benutzer hat eine wirklich \u00fcberzeugende Nachricht hinterlassen Feedback zu Ihrem Unternehmen? Nutzen Sie es optimal und zeigen Sie Ihre Dankbarkeit, indem Sie es auf der Website zeigen.<\/li><li><b>Zus\u00e4tzlicher sozialer Beweis<\/b>.<br>Ein Link vom Feedback zu Facebook, Google oder der Website des Autors ist ein Detail, das zu einer h\u00f6heren Glaubw\u00fcrdigkeit beitr\u00e4gt und best\u00e4tigt, dass echte Menschen Ihrem Unternehmen vertrauen.<\/li><\/ul><\/div><div class=\"faq\" data-component=\"FAQ\"><div class=\"faq-item\">\r\n\t\t\t\t\t<div class=\"faq-item-question\">\r\n\t\t\t\t\t\t<h3 class=\"faq-item-question-text\"> Wie kann ich einen Testimonials-Slider in die WordPress-Website einbetten?<\/h3>\r\n\r\n\t\t\t\t\t\t<div class=\"faq-item-question-icon\"><\/div>\r\n\t\t\t\t\t<\/div>\r\n\r\n\t\t\t\t\t<div class=\"faq-item-answer\">\r\n\t\t\t\t\t\t<div class=\"faq-item-answer-text\"><p>Die Erstellung des Tools erfolgt innerhalb der Elfsight-Website und Sie m\u00fcssen nicht lernen, wie man programmiert. Nutzen Sie die Online-Demo, um Ihr Tool anzupassen, den Code abzurufen und ihn in Ihre Website zu integrieren. <\/p><\/div>\r\n\t\t\t\t\t<\/div>\r\n\t\t\t\t<\/div><div class=\"faq-item\">\r\n\t\t\t\t\t<div class=\"faq-item-question\">\r\n\t\t\t\t\t\t<h3 class=\"faq-item-question-text\">Die besten M\u00f6glichkeiten zur Verwendung der Feedback-Widget-Integration<\/h3>\r\n\r\n\t\t\t\t\t\t<div class=\"faq-item-question-icon\"><\/div>\r\n\t\t\t\t\t<\/div>\r\n\r\n\t\t\t\t\t<div class=\"faq-item-answer\">\r\n\t\t\t\t\t\t<div class=\"faq-item-answer-text\"><p>Wir bieten eine Vielzahl von Anpassungsoptionen: vollwertige Widgets zum Einbetten in die Inhaltszone, schwebende Widgets mit Scroll-Optionen, Layouts f\u00fcr die Fu\u00dfzeile Ihrer Website, den Kopfbereich und alle Variationen vertikaler M\u00f6glichkeiten f\u00fcr Seitenleisten und Men\u00fcs. <\/p><\/div>\r\n\t\t\t\t\t<\/div>\r\n\t\t\t\t<\/div><div class=\"faq-item\">\r\n\t\t\t\t\t<div class=\"faq-item-question\">\r\n\t\t\t\t\t\t<h3 class=\"faq-item-question-text\">Gibt es eine Option zum Erstellen eines Rotator- oder Karussell-Feedback-Widgets mit Ihrem Editor? <\/h3>\r\n\r\n\t\t\t\t\t\t<div class=\"faq-item-question-icon\"><\/div>\r\n\t\t\t\t\t<\/div>\r\n\r\n\t\t\t\t\t<div class=\"faq-item-answer\">\r\n\t\t\t\t\t\t<div class=\"faq-item-answer-text\"><p>Sie k\u00f6nnen die Modifikationen jedes Widgets erstellen. Im Editor stehen Ihnen zahlreiche Layouts zur Verf\u00fcgung, die alle ganz einfach an Ihre Bed\u00fcrfnisse angepasst werden k\u00f6nnen. <\/p><\/div>\r\n\t\t\t\t\t<\/div>\r\n\t\t\t\t<\/div><\/div><div class=\"application-platform-content-item-features application-platform-content-item\" id=\"features\" data-nav-section=\"features\"><h2>Einbetten des Testimonials-Sliders in WordPress mit dem Elfsight-Widget<\/h2><p>Die wertvollsten Funktionen, die den Testimonials-Slider unserer Kunden ausmachen das beste Plugin f\u00fcr jede WordPress-Website.<\/p><ul><li>W\u00e4hlen Sie eine der sechs fertigen Testimonial-Vorlagen;<\/li><li>Verwenden Sie eine Bildunterschrift f\u00fcr Firmennamen, Position und andere Daten;<\/li><li>Platzieren Sie einen Link zur Website des Autors f\u00fcr mehr Vertrauen.<\/li><li>W\u00e4hlen Sie je nach Bedarf das Slider- oder Raster-Layout.<\/li><\/ul><p><a href=\"#demo\">Versuchen Sie es Dies ist in der Live-Demo enthalten<\/a><\/p><\/div><div class=\"application-platform-content-item-installation application-platform-content-item\" id=\"installation\" data-nav-section=\"installation\"><h2>So f\u00fcgen Sie das Testimonials-Plugin zur WordPress-Website hinzu<\/h2><div class=\"viseo-container\"><iframe src=\"https:\/\/www.youtube.com\/embed\/52QPDORGBZ4\" width=\"720\" height=\"405\" frameborder=\"0\" allowfullscreen=\"allowfullscreen\"><\/iframe><\/div><p> F\u00fchren Sie einfach die unten aufgef\u00fchrten Schritte aus, um das Widget zu WordPress hinzuzuf\u00fcgen.<\/p> <ol><li><b>F\u00fchren Sie unseren kostenlosen Konfigurator aus und beginnen Sie mit der Gestaltung Ihres individuellen Instruments. <\/b><br> Bestimmen Sie das bevorzugte Aussehen und die Eigenschaften des Widgets und speichern Sie die Korrekturen. <\/li> <li><b>Holen Sie sich den einzigartigen Code, der in der Box von Elfsight Apps angezeigt wird. <\/b><br> Nachdem die Konfiguration Ihres pers\u00f6nlichen Testimonials-Plugins abgeschlossen ist, kopieren Sie den exklusiven Code aus dem erscheinenden Popup und bewahren Sie ihn zur weiteren Verwendung auf. <\/li> <li><b>Geben Sie an, wie Sie das Tool auf Ihrer WordPress-Site verwenden. <\/b><br> F\u00fcgen Sie den k\u00fcrzlich kopierten Code in Ihre Website ein und speichern Sie die Korrekturen. <\/li> <li><b>Du bist fertig! Der Aufbau ist vollst\u00e4ndig abgeschlossen. <\/b><br> Besuchen Sie Ihre Website, um einen Blick auf die Funktionsweise des Tools zu werfen. <\/li><\/ol> <p>Sind Sie beim Hinzuf\u00fcgen oder Anpassen von Kundenreferenzen auf Schwierigkeiten gesto\u00dfen? Sehen Sie sich ein ausf\u00fchrliches Tutorial unter <a href=\"https:\/\/elfsight.com\/tutorials\/how-to-add-testimonials-slider-widget-to-wordpress\/\" target=\"_blank\" rel=\"noopener noreferrer\">How an um das Testimonials Slider-Plugin zu WordPress hinzuzuf\u00fcgen<\/a> oder wenden Sie sich an unser Support Center.<\/p><\/div>\n","protected":false},"excerpt":{"rendered":"","protected":false},"author":9,"featured_media":0,"parent":677,"menu_order":0,"comment_status":"closed","ping_status":"closed","template":"templates\/template-application-platform.php","meta":{"publish_to_discourse":"","publish_post_category":"","wpdc_auto_publish_overridden":"","wpdc_topic_tags":"","wpdc_pin_topic":"","wpdc_pin_until":"","discourse_post_id":"","discourse_permalink":"","wpdc_publishing_response":"","wpdc_publishing_error":"","footnotes":""},"class_list":["post-17887","page","type-page","status-publish","hentry"],"yoast_head":"<!-- This site is optimized with the Yoast SEO plugin v25.3.1 - https:\/\/yoast.com\/wordpress\/plugins\/seo\/ -->\n<title>Das beste WordPress Testimonial Slider-Plugin f\u00fcr Ihre Website (kostenlos)<\/title>\n<meta name=\"description\" content=\"Entdecken Sie das beste Testimonials Slider-Plugin f\u00fcr WordPress v\u00f6llig kostenlos. Schnelle Einrichtung ohne Entwicklungskenntnisse und in nur 3 Minuten.\" \/>\n<meta name=\"robots\" content=\"index, follow, max-snippet:-1, max-image-preview:large, max-video-preview:-1\" \/>\n<link rel=\"canonical\" href=\"https:\/\/elfsight.com\/de\/testimonials-slider-widget\/wordpress\/\" \/>\n<meta property=\"og:locale\" content=\"de_DE\" \/>\n<meta property=\"og:type\" content=\"article\" \/>\n<meta property=\"og:title\" content=\"Das beste WordPress Testimonial Slider-Plugin f\u00fcr Ihre Website (kostenlos)\" \/>\n<meta property=\"og:description\" content=\"Entdecken Sie das beste Testimonials Slider-Plugin f\u00fcr WordPress v\u00f6llig kostenlos. Schnelle Einrichtung ohne Entwicklungskenntnisse und in nur 3 Minuten.\" \/>\n<meta property=\"og:url\" content=\"https:\/\/elfsight.com\/de\/testimonials-slider-widget\/wordpress\/\" \/>\n<meta property=\"og:site_name\" content=\"Elfsight DE\" \/>\n<meta property=\"article:modified_time\" content=\"2024-11-08T09:24:28+00:00\" \/>\n<meta name=\"twitter:card\" content=\"summary_large_image\" \/>\n<meta name=\"twitter:label1\" content=\"Gesch\u00e4tzte Lesezeit\" \/>\n\t<meta name=\"twitter:data1\" content=\"4\u00a0Minuten\" \/>\n<!-- \/ Yoast SEO plugin. -->","yoast_head_json":{"title":"Das beste WordPress Testimonial Slider-Plugin f\u00fcr Ihre Website (kostenlos)","description":"Entdecken Sie das beste Testimonials Slider-Plugin f\u00fcr WordPress v\u00f6llig kostenlos. Schnelle Einrichtung ohne Entwicklungskenntnisse und in nur 3 Minuten.","robots":{"index":"index","follow":"follow","max-snippet":"max-snippet:-1","max-image-preview":"max-image-preview:large","max-video-preview":"max-video-preview:-1"},"canonical":"https:\/\/elfsight.com\/de\/testimonials-slider-widget\/wordpress\/","og_locale":"de_DE","og_type":"article","og_title":"Das beste WordPress Testimonial Slider-Plugin f\u00fcr Ihre Website (kostenlos)","og_description":"Entdecken Sie das beste Testimonials Slider-Plugin f\u00fcr WordPress v\u00f6llig kostenlos. Schnelle Einrichtung ohne Entwicklungskenntnisse und in nur 3 Minuten.","og_url":"https:\/\/elfsight.com\/de\/testimonials-slider-widget\/wordpress\/","og_site_name":"Elfsight DE","article_modified_time":"2024-11-08T09:24:28+00:00","twitter_card":"summary_large_image","twitter_misc":{"Gesch\u00e4tzte Lesezeit":"4\u00a0Minuten"},"schema":{"@context":"https:\/\/schema.org","@graph":[{"@type":"WebPage","@id":"https:\/\/elfsight.com\/de\/testimonials-slider-widget\/wordpress\/","url":"https:\/\/elfsight.com\/de\/testimonials-slider-widget\/wordpress\/","name":"Das beste WordPress Testimonial Slider-Plugin f\u00fcr Ihre Website (kostenlos)","isPartOf":{"@id":"https:\/\/elfsight.com\/de\/#website"},"datePublished":"1970-01-01T00:00:00+00:00","dateModified":"2024-11-08T09:24:28+00:00","description":"Entdecken Sie das beste Testimonials Slider-Plugin f\u00fcr WordPress v\u00f6llig kostenlos. Schnelle Einrichtung ohne Entwicklungskenntnisse und in nur 3 Minuten.","breadcrumb":{"@id":"https:\/\/elfsight.com\/de\/testimonials-slider-widget\/wordpress\/#breadcrumb"},"inLanguage":"de","potentialAction":[{"@type":"ReadAction","target":["https:\/\/elfsight.com\/de\/testimonials-slider-widget\/wordpress\/"]}]},{"@type":"BreadcrumbList","@id":"https:\/\/elfsight.com\/de\/testimonials-slider-widget\/wordpress\/#breadcrumb","itemListElement":[{"@type":"ListItem","position":1,"name":"Home","item":"https:\/\/elfsight.com\/de\/"},{"@type":"ListItem","position":2,"name":"Testimonials Slider","item":"https:\/\/elfsight.com\/de\/testimonials-slider-widget\/"},{"@type":"ListItem","position":3,"name":"Testimonials Slider &#8211; WordPress"}]},{"@type":"WebSite","@id":"https:\/\/elfsight.com\/de\/#website","url":"https:\/\/elfsight.com\/de\/","name":"Elfsight DE","description":"Just another Elfsight Sites site","potentialAction":[{"@type":"SearchAction","target":{"@type":"EntryPoint","urlTemplate":"https:\/\/elfsight.com\/de\/?s={search_term_string}"},"query-input":{"@type":"PropertyValueSpecification","valueRequired":true,"valueName":"search_term_string"}}],"inLanguage":"de"}]}},"meta_box":{"industry":"","seo_heading":"","heading":"","description":"","cta_heading":"","cta_description":"","application":"462","h1":"WordPress-Testimonials-Slider-Plugin","h1_caption":"Zeigen Sie Kundenreferenzen in einem rotierenden Schieberegler an, um Glaubw\u00fcrdigkeit aufzubauen und positives Feedback m\u00fchelos auf Ihrer WordPress-Website zu pr\u00e4sentieren.","application_category":[],"applications_title":"","applications_request_title":"","applications_request_button_text":"","hero_text":"","hero_video":"","hero_video_schema_markup":"","selling_points_title":"","selling_points_caption":"","selling_points":[],"selling_points_cta_text":"","features_title":"","features":"","ed_cta_examples_text":"","ed_cta_examples_hidden":"","ed_cta_demo_text":"","ed_cta_demo_hidden":"","why_caption":"","why_editor_title":"","why_editor_text":"","why_team_title":"","why_team_text":"","why_service_title":"","why_service_text":"","template_catalog_visible":"0","template_catalog_title":"","template_catalog_text":"","template_catalog_categories_visible":"","demo_title":"Erstellen Sie Ihr Testimonials-Slider-Plugin","demo_caption":"Konfigurieren Sie Ihren Testimonials-Slider und f\u00fcgen Sie ihn kostenlos zu Ihrer WordPress-Website hinzu!","default_faq_hidden":"","app_template_category":[],"platform":"266","template_public_id":"","codecanyon_url":"","codecanyon_item_id":"","codecanyon_price":"","pricing_caption":"","pricing_elfsight_apps_hide_column":"","pricing_elfsight_apps_url":"","pricing_codecanyon_price_caption":"","integration_category":[],"integration_request_title":"","integration_request_cta":"","integration_platform":"","integrations":[],"platform_category":[],"video_schema_markup":"","price":"ab 0 $ \/ Monat","trial":"","benefits":[{"text":"Kostenloser Installationsservice"},{"text":"Premium-Support"},{"text":"14-t\u00e4gige R\u00fcckerstattungsgarantie"},{"text":"Laufende kostenlose Verbesserungen"}],"button_url":"#demo","button_target_blank":"0","button_nofollow":"0","attributes":[{"name":"Installiert","content":"10,000 - 100,000"},{"name":"Reaktionsfreudig","content":"Ja"},{"name":"Kompatible Browser","content":"Firefox, Safari, Opera, Chrome, Edge"}],"tags":[],"tags_disable_links":"0","hide_more_platforms":"","video_object":"","demo_hide_cta":"0","demo_hide_cloud_options":"0","pricing_title":"","pricing":[{"pricing_icon":"platform","pricing_title":"Elfsight Apps","pricing_title_caption":"Plattformunabh\u00e4ngige Software, die auf jeder Website funktioniert","pricing_price":"ab 0 $ \/ Monat","pricing_price_caption":"Beginnen Sie mit einem kostenlosen Plan","pricing_benefits":[{"text":"Unbegrenzte Domains"},{"text":"Schneller Support und gut dokumentiert"},{"text":"Kostenloser Installationsservice"},{"text":"Sonderangebot f\u00fcr mehrere Apps"}],"pricing_button_text":"Zur Website hinzuf\u00fcgen","pricing_button_url":"#demo"}],"related_apps_title":"","related_apps_hidden":"0","author":"","image":[],"title":"","job":"","social_networks":[]},"_links":{"self":[{"href":"https:\/\/elfsight.com\/de\/wp-json\/wp\/v2\/pages\/17887","targetHints":{"allow":["GET"]}}],"collection":[{"href":"https:\/\/elfsight.com\/de\/wp-json\/wp\/v2\/pages"}],"about":[{"href":"https:\/\/elfsight.com\/de\/wp-json\/wp\/v2\/types\/page"}],"author":[{"embeddable":true,"href":"https:\/\/elfsight.com\/de\/wp-json\/wp\/v2\/users\/9"}],"replies":[{"embeddable":true,"href":"https:\/\/elfsight.com\/de\/wp-json\/wp\/v2\/comments?post=17887"}],"version-history":[{"count":4,"href":"https:\/\/elfsight.com\/de\/wp-json\/wp\/v2\/pages\/17887\/revisions"}],"predecessor-version":[{"id":22702,"href":"https:\/\/elfsight.com\/de\/wp-json\/wp\/v2\/pages\/17887\/revisions\/22702"}],"up":[{"embeddable":true,"href":"https:\/\/elfsight.com\/de\/wp-json\/wp\/v2\/pages\/677"}],"wp:attachment":[{"href":"https:\/\/elfsight.com\/de\/wp-json\/wp\/v2\/media?parent=17887"}],"curies":[{"name":"wp","href":"https:\/\/api.w.org\/{rel}","templated":true}]}}