{"id":17882,"date":"1970-01-01T00:00:00","date_gmt":"1970-01-01T00:00:00","guid":{"rendered":"https:\/\/elfsight.com\/de\/?page_id=17882"},"modified":"2025-12-01T10:21:23","modified_gmt":"2025-12-01T10:21:23","slug":"shopify","status":"publish","type":"page","link":"https:\/\/elfsight.com\/de\/testimonials-slider-widget\/shopify\/","title":{"rendered":"Testimonials Slider &#8211; Shopify"},"content":{"rendered":"\n<div class=\"application-platform-content-item-description application-platform-content-item\" id=\"description\" data-nav-section=\"description\"><h2>Testimonials Slider auf Shopify mit dem Elfsight-Widget einbetten<\/h2><p>Testimonials Slider ist eine einfache App zum Anzeigen von Testimonials Ihrer Kundschaft deine Website. Sie k\u00f6nnen alle Arten von Social Proof verwenden, um das Feedback vertrauensw\u00fcrdig erscheinen zu lassen: Name des Autors, Bild, Firmenlogo und sogar eine URL zur Website.<\/p><p><b>Erh\u00f6hen Sie das Vertrauen in Ihr Unternehmen, indem Sie es den Benutzern zeigen Ihre begeisterten Kunden.<\/b><\/p><ul><li><b>Sorgen Sie daf\u00fcr, dass Ihre Erfahrungsberichte wirklich vertrauensw\u00fcrdig aussehen.<\/b>.<br>Zeigen Sie alle m\u00f6glichen Daten \u00fcber den Autor jeder Bewertung an, z.\u00a0B. seinen oder sie Name, Firma und Position \u2013 beweisen Sie den Besuchern, dass sie Texte von echten Kunden sehen.<\/li><li><b>Besucher zum Handeln anregen<\/b>.<br>Echte Kundenstimmen, die positive Emotionen vermitteln, ziehen Leser an Teilen Sie diese Erfahrung. Sie motivieren zum Kauf und steigern Ihre Conversion.<\/li><li><b>Steigern Sie das Vertrauen in Ihre Website<\/b>.<br>F\u00fcgen Sie positives Feedback Ihrer Benutzer auf der Website hinzu und zeigen Sie Beispiele f\u00fcr ein reibungsloses Kundenerlebnis St\u00e4rken Sie das Vertrauen in Ihr Unternehmen.<\/li><\/ul><\/div><div class=\"application-platform-content-item-features application-platform-content-item\" id=\"features\" data-nav-section=\"features\"><h2>Hauptfunktionen des Testimonials-Slider-Widgets<\/h2><p>Hier sind die wichtigsten Funktionen: Dadurch wird unser Testimonials-Slider zu einer unverzichtbaren App f\u00fcr jede Shopify-Website.<\/p><ul><li>Layout in voller Breite, um ihm ein klares Aussehen zu verleihen;<\/li><li>F\u00fcgen Sie Unternehmen, Position und andere Informationen in die Bildunterschrift ein;<\/li><li>F\u00fcgen Sie das Logo des Unternehmens des Autors hinzu, damit die Informationen vertrauensw\u00fcrdig aussehen;<\/li><li>Schieberegler und Paginierungsoptionen.<\/li><\/ul><p><a href=\"#demo\">Probieren Sie diese Funktionen in der Live-Demo aus<\/a><\/p><\/div><div class=\"application-platform-content-item-installation application-platform-content-item\" id=\"installation\" data-nav-section=\"installation\"><h2>So f\u00fcgen Sie Testimonials zur Shopify-Website hinzu<\/h2><div class=\"video-container\">\n<iframe width=\"720\" height=\"405\" src=\"https:\/\/www.youtube.com\/embed\/giKpxBW8Ex0?si=_MQ3W6pi-wzUM7Ul\" frameborder=\"0\" allowfullscreen=\"\"><\/iframe>\n<\/div><p>Unsere App l\u00e4sst sich intuitiv installieren und erfordert keine Programmierung. Das Ausf\u00fcllen des Leitfadens dauert weniger als 1 Minute.<\/p><ol><li><b>F\u00fchren Sie unsere kostenlose Demo durch und beginnen Sie mit der Erstellung Ihrer individuellen App. <\/b><br> W\u00e4hlen Sie die ausgew\u00e4hlte Anordnung und die Funktionsmerkmale der App aus und wenden Sie alle Korrekturen an. <\/li> <li><b>Erhalten Sie den individuellen Code, der im speziellen Formular auf Elfsight Apps angezeigt wird. <\/b><br> Kopieren Sie unmittelbar nach Abschluss der Anpassung Ihrer pers\u00f6nlichen App den exklusiven Code aus dem angezeigten Popup und bewahren Sie ihn f\u00fcr einen sp\u00e4teren Anlass auf. <\/li> <li><b>Erste Schritte mit der Verwendung der App auf der Shopify-Webseite. <\/b><br> Integrieren Sie den k\u00fcrzlich kopierten Code in Ihre Seite und wenden Sie die Korrekturen an. <\/li> <li><b>Die Einrichtung ist vollst\u00e4ndig abgeschlossen. <\/b><br> Besuchen Sie Ihre Website, um die Funktionsweise der App zu sehen. <\/li><\/ol><p>Sind bei der Installation oder Konfiguration unserer App Probleme aufgetreten? Studieren Sie das ausf\u00fchrliche Tutorial zur <a href=\"https:\/\/elfsight.com\/tutorials\/how-to-add-testimonials-slider-widget-to-shopify\/\" target=\"_blank\" rel=\"noopener noreferrer\">Einstellung Richten Sie den Testimonials Slider auf Shopify ein<\/a> oder senden Sie eine Anfrage an unser Support Center.<\/p><div class=\"faq\" data-component=\"FAQ\"> <div class=\"faq-item\">\r\n\t\t\t\t\t<div class=\"faq-item-question\">\r\n\t\t\t\t\t\t<h3 class=\"faq-item-question-text\">Wie f\u00fcge ich den Testimonials Slider ohne Programmierkenntnisse zu meiner Shopify-Website hinzu?<\/h3>\r\n\r\n\t\t\t\t\t\t<div class=\"faq-item-question-icon\"><\/div>\r\n\t\t\t\t\t<\/div>\r\n\r\n\t\t\t\t\t<div class=\"faq-item-answer\">\r\n\t\t\t\t\t\t<div class=\"faq-item-answer-text\"> <p>Elfsight bietet Eine SaaS-L\u00f6sung, mit der Sie selbst ein Testimonials-Slider-Widget erstellen k\u00f6nnen. Sehen Sie, wie einfach der Vorgang ist: Arbeiten Sie direkt im Online-Editor, um ein Testimonials-Slider-Widget zu erstellen, das Sie gerne auf Ihrer Shopify-Website sehen w\u00fcrden. W\u00e4hlen Sie eine der vorgefertigten Vorlagen aus und passen Sie die Einstellungen des Testimonials-Schiebereglers an, f\u00fcgen Sie Ihre Inhalte hinzu, \u00e4ndern Sie das Layout und die Farben ohne Programmierkenntnisse. Speichern Sie den Testimonials-Slider und kopieren Sie seinen Installationscode, den Sie m\u00fchelos in Ihre Shopify-Website integrieren k\u00f6nnen, ohne eine kostenpflichtige Version kaufen zu m\u00fcssen. Mit unserem intuitiven Editor kann jeder Internetnutzer online ein Testimonials-Slider-Widget erstellen und es ganz einfach in seine Shopify-Website einbetten. Sie m\u00fcssen weder bezahlen noch Ihre Kartendaten eingeben, um auf den Service zuzugreifen. Sollten bei irgendeinem Schritt Probleme auftreten, wenden Sie sich bitte an unser technisches Support-Team.<\/p> <\/div>\r\n\t\t\t\t\t<\/div>\r\n\t\t\t\t<\/div> <\/div> <\/div>\n","protected":false},"excerpt":{"rendered":"","protected":false},"author":9,"featured_media":0,"parent":677,"menu_order":0,"comment_status":"closed","ping_status":"closed","template":"templates\/template-application-platform.php","meta":{"publish_to_discourse":"","publish_post_category":"","wpdc_auto_publish_overridden":"","wpdc_topic_tags":"","wpdc_pin_topic":"","wpdc_pin_until":"","discourse_post_id":"","discourse_permalink":"","wpdc_publishing_response":"","wpdc_publishing_error":"","footnotes":""},"class_list":["post-17882","page","type-page","status-publish","hentry"],"yoast_head":"<!-- This site is optimized with the Yoast SEO plugin v25.3.1 - https:\/\/yoast.com\/wordpress\/plugins\/seo\/ -->\n<title>Testimonials-Slider \u2013 Testimonials-App zur Shopify-Website hinzuf\u00fcgen<\/title>\n<meta name=\"description\" content=\"Entdecken Sie die beste kostenlose Testimonials-Slider-App f\u00fcr Shopify. Eine einfache und schnelle Integration in Ihre Website ohne Programmierkenntnisse und in nur wenigen Minuten.\" \/>\n<meta name=\"robots\" content=\"index, follow, max-snippet:-1, max-image-preview:large, max-video-preview:-1\" \/>\n<link rel=\"canonical\" href=\"https:\/\/elfsight.com\/de\/testimonials-slider-widget\/shopify\/\" \/>\n<meta property=\"og:locale\" content=\"de_DE\" \/>\n<meta property=\"og:type\" content=\"article\" \/>\n<meta property=\"og:title\" content=\"Testimonials-Slider \u2013 Testimonials-App zur Shopify-Website hinzuf\u00fcgen\" \/>\n<meta property=\"og:description\" content=\"Entdecken Sie die beste kostenlose Testimonials-Slider-App f\u00fcr Shopify. Eine einfache und schnelle Integration in Ihre Website ohne Programmierkenntnisse und in nur wenigen Minuten.\" \/>\n<meta property=\"og:url\" content=\"https:\/\/elfsight.com\/de\/testimonials-slider-widget\/shopify\/\" \/>\n<meta property=\"og:site_name\" content=\"Elfsight DE\" \/>\n<meta property=\"article:modified_time\" content=\"2025-12-01T10:21:23+00:00\" \/>\n<meta name=\"twitter:card\" content=\"summary_large_image\" \/>\n<meta name=\"twitter:label1\" content=\"Gesch\u00e4tzte Lesezeit\" \/>\n\t<meta name=\"twitter:data1\" content=\"4\u00a0Minuten\" \/>\n<!-- \/ Yoast SEO plugin. -->","yoast_head_json":{"title":"Testimonials-Slider \u2013 Testimonials-App zur Shopify-Website hinzuf\u00fcgen","description":"Entdecken Sie die beste kostenlose Testimonials-Slider-App f\u00fcr Shopify. Eine einfache und schnelle Integration in Ihre Website ohne Programmierkenntnisse und in nur wenigen Minuten.","robots":{"index":"index","follow":"follow","max-snippet":"max-snippet:-1","max-image-preview":"max-image-preview:large","max-video-preview":"max-video-preview:-1"},"canonical":"https:\/\/elfsight.com\/de\/testimonials-slider-widget\/shopify\/","og_locale":"de_DE","og_type":"article","og_title":"Testimonials-Slider \u2013 Testimonials-App zur Shopify-Website hinzuf\u00fcgen","og_description":"Entdecken Sie die beste kostenlose Testimonials-Slider-App f\u00fcr Shopify. Eine einfache und schnelle Integration in Ihre Website ohne Programmierkenntnisse und in nur wenigen Minuten.","og_url":"https:\/\/elfsight.com\/de\/testimonials-slider-widget\/shopify\/","og_site_name":"Elfsight DE","article_modified_time":"2025-12-01T10:21:23+00:00","twitter_card":"summary_large_image","twitter_misc":{"Gesch\u00e4tzte Lesezeit":"4\u00a0Minuten"},"schema":{"@context":"https:\/\/schema.org","@graph":[{"@type":"WebPage","@id":"https:\/\/elfsight.com\/de\/testimonials-slider-widget\/shopify\/","url":"https:\/\/elfsight.com\/de\/testimonials-slider-widget\/shopify\/","name":"Testimonials-Slider \u2013 Testimonials-App zur Shopify-Website hinzuf\u00fcgen","isPartOf":{"@id":"https:\/\/elfsight.com\/de\/#website"},"datePublished":"1970-01-01T00:00:00+00:00","dateModified":"2025-12-01T10:21:23+00:00","description":"Entdecken Sie die beste kostenlose Testimonials-Slider-App f\u00fcr Shopify. Eine einfache und schnelle Integration in Ihre Website ohne Programmierkenntnisse und in nur wenigen Minuten.","breadcrumb":{"@id":"https:\/\/elfsight.com\/de\/testimonials-slider-widget\/shopify\/#breadcrumb"},"inLanguage":"de","potentialAction":[{"@type":"ReadAction","target":["https:\/\/elfsight.com\/de\/testimonials-slider-widget\/shopify\/"]}]},{"@type":"BreadcrumbList","@id":"https:\/\/elfsight.com\/de\/testimonials-slider-widget\/shopify\/#breadcrumb","itemListElement":[{"@type":"ListItem","position":1,"name":"Home","item":"https:\/\/elfsight.com\/de\/"},{"@type":"ListItem","position":2,"name":"Testimonials Slider","item":"https:\/\/elfsight.com\/de\/testimonials-slider-widget\/"},{"@type":"ListItem","position":3,"name":"Testimonials Slider &#8211; Shopify"}]},{"@type":"WebSite","@id":"https:\/\/elfsight.com\/de\/#website","url":"https:\/\/elfsight.com\/de\/","name":"Elfsight DE","description":"Just another Elfsight Sites site","potentialAction":[{"@type":"SearchAction","target":{"@type":"EntryPoint","urlTemplate":"https:\/\/elfsight.com\/de\/?s={search_term_string}"},"query-input":{"@type":"PropertyValueSpecification","valueRequired":true,"valueName":"search_term_string"}}],"inLanguage":"de"}]}},"meta_box":{"industry":"","seo_heading":"","heading":"","description":"","cta_heading":"","cta_description":"","application":"462","h1":"Testimonials-Slider-App f\u00fcr Shopify","h1_caption":"Zeigen Sie Kundenreferenzen in einem rotierenden Schieberegler an, um Glaubw\u00fcrdigkeit aufzubauen und positives Feedback m\u00fchelos auf Ihrer Shopify-Website zu pr\u00e4sentieren.","application_category":[],"applications_title":"","applications_request_title":"","applications_request_button_text":"","hero_text":"","hero_video":"","hero_video_schema_markup":"","selling_points_title":"","selling_points_caption":"","selling_points":[],"selling_points_cta_text":"","features_title":"","features":"","ed_cta_examples_text":"","ed_cta_examples_hidden":"","ed_cta_demo_text":"","ed_cta_demo_hidden":"","why_caption":"","why_editor_title":"","why_editor_text":"","why_team_title":"","why_team_text":"","why_service_title":"","why_service_text":"","template_catalog_visible":"0","template_catalog_title":"","template_catalog_text":"","template_catalog_categories_visible":"","demo_title":"Erstellen Sie Ihre Testimonials-Slider-App","demo_caption":"Konfigurieren Sie Ihren Testimonials-Slider und f\u00fcgen Sie ihn kostenlos zu Ihrer Shopify-Website hinzu!","default_faq_hidden":"","app_template_category":[],"platform":"253","template_public_id":"","codecanyon_url":"","codecanyon_item_id":"","codecanyon_price":"","pricing_caption":"","pricing_elfsight_apps_hide_column":"","pricing_elfsight_apps_url":"","pricing_codecanyon_price_caption":"","integration_category":[],"integration_request_title":"","integration_request_cta":"","integration_platform":"","integrations":[],"platform_category":[],"video_schema_markup":"","price":"ab 0 $ \/ Monat","trial":"","benefits":[{"text":"Kostenloser Installationsservice"},{"text":"Premium-Support"},{"text":"14-t\u00e4gige Geld-zur\u00fcck-Garantie"},{"text":"Kontinuierliche kostenlose Updates"}],"button_url":"#demo","button_target_blank":"0","button_nofollow":"0","attributes":[{"name":"Installiert","content":"10,000 - 100,000"},{"name":"Reaktionsfreudig","content":"Ja"},{"name":"Kompatible Browser","content":"Firefox, Safari, Opera, Chrome, Edge"}],"tags":[],"tags_disable_links":"0","hide_more_platforms":"0","video_object":"","demo_hide_cta":"0","demo_hide_cloud_options":"0","pricing_title":"","pricing":[{"pricing_icon":"platform","pricing_title":"Elfsight Apps","pricing_title_caption":"Plattform\u00fcbergreifende Version, die auf jeder Website funktioniert","pricing_price":"ab 0 $ \/ Monat","pricing_price_caption":"Beginnen Sie mit dem kostenlosen Plan","pricing_benefits":[{"text":"Unbegrenzte Websites"},{"text":"Premium-Support"},{"text":"Kostenloser Installationsservice"},{"text":"Sonderangebot f\u00fcr mehrere Apps"}],"pricing_button_text":"Zur Website hinzuf\u00fcgen","pricing_button_url":"#demo"}],"related_apps_title":"","related_apps_hidden":"0","author":"","image":[],"title":"","job":"","social_networks":[]},"_links":{"self":[{"href":"https:\/\/elfsight.com\/de\/wp-json\/wp\/v2\/pages\/17882","targetHints":{"allow":["GET"]}}],"collection":[{"href":"https:\/\/elfsight.com\/de\/wp-json\/wp\/v2\/pages"}],"about":[{"href":"https:\/\/elfsight.com\/de\/wp-json\/wp\/v2\/types\/page"}],"author":[{"embeddable":true,"href":"https:\/\/elfsight.com\/de\/wp-json\/wp\/v2\/users\/9"}],"replies":[{"embeddable":true,"href":"https:\/\/elfsight.com\/de\/wp-json\/wp\/v2\/comments?post=17882"}],"version-history":[{"count":4,"href":"https:\/\/elfsight.com\/de\/wp-json\/wp\/v2\/pages\/17882\/revisions"}],"predecessor-version":[{"id":25569,"href":"https:\/\/elfsight.com\/de\/wp-json\/wp\/v2\/pages\/17882\/revisions\/25569"}],"up":[{"embeddable":true,"href":"https:\/\/elfsight.com\/de\/wp-json\/wp\/v2\/pages\/677"}],"wp:attachment":[{"href":"https:\/\/elfsight.com\/de\/wp-json\/wp\/v2\/media?parent=17882"}],"curies":[{"name":"wp","href":"https:\/\/api.w.org\/{rel}","templated":true}]}}