{"id":17880,"date":"1970-01-01T00:00:00","date_gmt":"1970-01-01T00:00:00","guid":{"rendered":"https:\/\/elfsight.com\/de\/?page_id=17880"},"modified":"2025-02-18T15:14:25","modified_gmt":"2025-02-18T15:14:25","slug":"bigcommerce","status":"publish","type":"page","link":"https:\/\/elfsight.com\/de\/testimonials-slider-widget\/bigcommerce\/","title":{"rendered":"Testimonials Slider &#8211; BigCommerce"},"content":{"rendered":"\n<div class=\"application-platform-content-item-description application-platform-content-item\" id=\"description\" data-nav-section=\"description\"><h2>Beschreibung<\/h2><p>Testimonials Slider \u2013 eine einfache App zum Hinzuf\u00fcgen von Testimonials Ihrer Kunden auf Ihrer eigenen Website. Sie k\u00f6nnen verschiedene Arten von Social Proof hinzuf\u00fcgen, um Bewertungen vertrauensw\u00fcrdig zu machen: Name des Autors, Foto, Logo des Unternehmens und sogar eine URL zur Website.<\/p><p><b>Steigern Sie das Vertrauen in Ihren Service, indem Sie es den Benutzern demonstrieren Ihre zufriedene Kundschaft.<\/b><\/p><ul><li><b>Kraftvoller sozialer Beweis<\/b>.<br>Ein Link vom Testimonial zu Twitter, Google oder dem Blog des Autors ist eine wichtige Botschaft f\u00fcr Besucher, was die Glaubw\u00fcrdigkeit erh\u00f6ht und zeigt, dass Ihr Unternehmen echt ist.<\/li><li><b>Erh\u00f6hen Sie die Konversionsrate um bis zu 200 %<\/b>.<br>Machen Sie Ihre Bewertungen zum Hauptargument bei der Kundeninteraktion und zeigen Sie sie richtig an dem Ort, an dem Besucher ihre Entscheidung \u00fcber den Kauf oder den Abschluss eines Abonnements treffen.<\/li><li><b>Loyalit\u00e4t Ihrer Kunden<\/b>.<br>Ein Kunde hat eine gute Bewertung \u00fcber Ihr Unternehmen abgegeben? Machen Sie das Beste daraus und zeigen Sie Ihre Dankbarkeit, indem Sie das Testimonial auf der Website-Seite platzieren.<\/li><\/ul><\/div><div class=\"application-platform-content-item-features application-platform-content-item\" id=\"features\" data-nav-section=\"features\"><h2>Funktionen<\/h2><p>Die Hervorragende Merkmale unserer App, die sie zu einer n\u00fctzlichen App f\u00fcr jede BigCommerce-Website machen.<\/p><ul><li>Zeigen Sie Autoreninformationen zur Glaubw\u00fcrdigkeit an: Name und Foto;<\/li><li>Um die Zuverl\u00e4ssigkeit zu erh\u00f6hen, Zeigt das Logo des Unternehmens des Autors an;<\/li><li>Schieberegler und Paginierungsoptionen;<\/li><li>Responsiv und f\u00fcr jedes Design geeignet.<\/li><\/ul><p><a href=\"#demo\">Probieren Sie diese Funktionen in der Live-Demo aus<\/a><\/p><\/div><div class=\"application-platform-content-item-installation application-platform-content-item\" id=\"installation\" data-nav-section=\"installation\"><h2>So f\u00fcgen Sie Testimonials zur BigCommerce-Website hinzu<\/h2><div class=\"video-container\"><iframe width=\"560\" height=\"315\" src=\"https:\/\/www.youtube.com\/embed\/2yzmzOguRmY?si=Wr0p0O2pB8qALxdq\" frameborder=\"0\" allow=\"accelerometer; autoplay; clipboard-write; encrypted-media; gyroscope; picture-in-picture; web-share\" allowfullscreen><\/iframe><\/div><p>Erf\u00fcllen Sie einfach die folgenden Richtlinien, um die App bei BigCommerce einzuf\u00fcgen.<\/p> <ol><li><b>Starten Sie unseren kostenlosen Konfigurator und beginnen Sie mit der Gestaltung Ihres personalisierten Widgets. <\/b><br> Finden Sie das bevorzugte Layout und die bevorzugten Aspekte der App und speichern Sie die \u00c4nderungen. <\/li> <li><b>Der pers\u00f6nliche Code wird im speziellen Formular auf Elfsight Apps angezeigt. <\/b><br> Kopieren Sie direkt nach Abschluss der Generierung Ihres Widgets den pers\u00f6nlichen Code im erscheinenden Fenster und speichern Sie ihn zur weiteren Verwendung. <\/li> <li><b>Machen Sie mit, den Testimonials-Slider auf Ihrer BigCommerce-Website zu verwenden. <\/b><br> F\u00fcgen Sie den Code, den Sie k\u00fcrzlich kopiert haben, in Ihre Website ein und speichern Sie die Korrekturen. <\/li> <li><b>Fertig! Die Einbettung ist vollst\u00e4ndig durchgef\u00fchrt. <\/b><br> Besuchen Sie Ihre Website, um zu \u00fcberpr\u00fcfen, wie das Plugin funktioniert. <\/li><\/ol><p>Haben Sie Probleme beim Einf\u00fcgen oder Konfigurieren der App? Sehen Sie sich die ausf\u00fchrliche Anleitung zur <a href=\"https:\/\/elfsight.com\/tutorials\/how-to-add-testimonials-slider-widget-to-bigcommerce\/\" target=\"_blank\" rel=\"noopener noreferrer\">Installation an Testimonials Slider auf der BigCommerce-Website<\/a> oder hinterlassen Sie eine Anfrage im Support Center.<\/p><div class=\"faq\" data-component=\"FAQ\"> <div class=\"faq-item\">\r\n\t\t\t\t\t<div class=\"faq-item-question\">\r\n\t\t\t\t\t\t<h3 class=\"faq-item-question-text\">Wie kann ich den Testimonials Slider ohne Programmierkenntnisse zu meiner BigCommerce-Website hinzuf\u00fcgen?<\/h3>\r\n\r\n\t\t\t\t\t\t<div class=\"faq-item-question-icon\"><\/div>\r\n\t\t\t\t\t<\/div>\r\n\r\n\t\t\t\t\t<div class=\"faq-item-answer\">\r\n\t\t\t\t\t\t<div class=\"faq-item-answer-text\"> <p>Elfsight bietet Eine SaaS-L\u00f6sung, mit der Sie selbst ein Testimonials-Slider-Widget erstellen k\u00f6nnen. Sehen Sie, wie einfach der Vorgang ist: Arbeiten Sie direkt im Online-Editor, um ein Testimonials-Slider-Widget zu erstellen, das Sie gerne auf Ihrer BigCommerce-Website sehen w\u00fcrden. W\u00e4hlen Sie eine der vorgefertigten Vorlagen aus und passen Sie die Einstellungen des Testimonials-Schiebereglers an, f\u00fcgen Sie Ihre Inhalte hinzu, \u00e4ndern Sie das Layout und die Farben ohne Programmierkenntnisse. Speichern Sie den Testimonials-Slider und kopieren Sie seinen Installationscode, den Sie problemlos in Ihre BigCommerce-Website einbetten k\u00f6nnen, ohne einen kostenpflichtigen Plan zu kaufen. Mit unserem intuitiven Editor kann jeder Internetnutzer online ein Testimonials-Slider-Widget erstellen und es einfach in seine BigCommerce-Website einbetten. Sie m\u00fcssen weder bezahlen noch Ihre Kartendaten eingeben, um auf den Service zuzugreifen. Sollten bei irgendeinem Schritt Probleme auftreten, wenden Sie sich bitte an unser technisches Support-Team.<\/p> <\/div>\r\n\t\t\t\t\t<\/div>\r\n\t\t\t\t<\/div> <\/div> <\/div>\n","protected":false},"excerpt":{"rendered":"","protected":false},"author":9,"featured_media":0,"parent":677,"menu_order":0,"comment_status":"closed","ping_status":"closed","template":"templates\/template-application-platform.php","meta":{"publish_to_discourse":"","publish_post_category":"","wpdc_auto_publish_overridden":"","wpdc_topic_tags":"","wpdc_pin_topic":"","wpdc_pin_until":"","discourse_post_id":"","discourse_permalink":"","wpdc_publishing_response":"","wpdc_publishing_error":"","footnotes":""},"class_list":["post-17880","page","type-page","status-publish","hentry"],"yoast_head":"<!-- This site is optimized with the Yoast SEO plugin v25.3.1 - https:\/\/yoast.com\/wordpress\/plugins\/seo\/ -->\n<title>Testimonials-Slider \u2013 Testimonials-App zur BigCommerce-Website hinzuf\u00fcgen<\/title>\n<meta name=\"description\" content=\"Probieren Sie die beste Testimonials Slider-App f\u00fcr BigCommerce kostenlos aus. Eine einfache und schnelle Installation ohne Fachkenntnisse in der Webentwicklung in nur 3 Minuten.\" \/>\n<meta name=\"robots\" content=\"index, follow, max-snippet:-1, max-image-preview:large, max-video-preview:-1\" \/>\n<link rel=\"canonical\" href=\"https:\/\/elfsight.com\/de\/testimonials-slider-widget\/bigcommerce\/\" \/>\n<meta property=\"og:locale\" content=\"de_DE\" \/>\n<meta property=\"og:type\" content=\"article\" \/>\n<meta property=\"og:title\" content=\"Testimonials-Slider \u2013 Testimonials-App zur BigCommerce-Website hinzuf\u00fcgen\" \/>\n<meta property=\"og:description\" content=\"Probieren Sie die beste Testimonials Slider-App f\u00fcr BigCommerce kostenlos aus. Eine einfache und schnelle Installation ohne Fachkenntnisse in der Webentwicklung in nur 3 Minuten.\" \/>\n<meta property=\"og:url\" content=\"https:\/\/elfsight.com\/de\/testimonials-slider-widget\/bigcommerce\/\" \/>\n<meta property=\"og:site_name\" content=\"Elfsight DE\" \/>\n<meta property=\"article:modified_time\" content=\"2025-02-18T15:14:25+00:00\" \/>\n<meta name=\"twitter:card\" content=\"summary_large_image\" \/>\n<meta name=\"twitter:label1\" content=\"Gesch\u00e4tzte Lesezeit\" \/>\n\t<meta name=\"twitter:data1\" content=\"3\u00a0Minuten\" \/>\n<!-- \/ Yoast SEO plugin. -->","yoast_head_json":{"title":"Testimonials-Slider \u2013 Testimonials-App zur BigCommerce-Website hinzuf\u00fcgen","description":"Probieren Sie die beste Testimonials Slider-App f\u00fcr BigCommerce kostenlos aus. Eine einfache und schnelle Installation ohne Fachkenntnisse in der Webentwicklung in nur 3 Minuten.","robots":{"index":"index","follow":"follow","max-snippet":"max-snippet:-1","max-image-preview":"max-image-preview:large","max-video-preview":"max-video-preview:-1"},"canonical":"https:\/\/elfsight.com\/de\/testimonials-slider-widget\/bigcommerce\/","og_locale":"de_DE","og_type":"article","og_title":"Testimonials-Slider \u2013 Testimonials-App zur BigCommerce-Website hinzuf\u00fcgen","og_description":"Probieren Sie die beste Testimonials Slider-App f\u00fcr BigCommerce kostenlos aus. Eine einfache und schnelle Installation ohne Fachkenntnisse in der Webentwicklung in nur 3 Minuten.","og_url":"https:\/\/elfsight.com\/de\/testimonials-slider-widget\/bigcommerce\/","og_site_name":"Elfsight DE","article_modified_time":"2025-02-18T15:14:25+00:00","twitter_card":"summary_large_image","twitter_misc":{"Gesch\u00e4tzte Lesezeit":"3\u00a0Minuten"},"schema":{"@context":"https:\/\/schema.org","@graph":[{"@type":"WebPage","@id":"https:\/\/elfsight.com\/de\/testimonials-slider-widget\/bigcommerce\/","url":"https:\/\/elfsight.com\/de\/testimonials-slider-widget\/bigcommerce\/","name":"Testimonials-Slider \u2013 Testimonials-App zur BigCommerce-Website hinzuf\u00fcgen","isPartOf":{"@id":"https:\/\/elfsight.com\/de\/#website"},"datePublished":"1970-01-01T00:00:00+00:00","dateModified":"2025-02-18T15:14:25+00:00","description":"Probieren Sie die beste Testimonials Slider-App f\u00fcr BigCommerce kostenlos aus. Eine einfache und schnelle Installation ohne Fachkenntnisse in der Webentwicklung in nur 3 Minuten.","breadcrumb":{"@id":"https:\/\/elfsight.com\/de\/testimonials-slider-widget\/bigcommerce\/#breadcrumb"},"inLanguage":"de","potentialAction":[{"@type":"ReadAction","target":["https:\/\/elfsight.com\/de\/testimonials-slider-widget\/bigcommerce\/"]}]},{"@type":"BreadcrumbList","@id":"https:\/\/elfsight.com\/de\/testimonials-slider-widget\/bigcommerce\/#breadcrumb","itemListElement":[{"@type":"ListItem","position":1,"name":"Home","item":"https:\/\/elfsight.com\/de\/"},{"@type":"ListItem","position":2,"name":"Testimonials Slider","item":"https:\/\/elfsight.com\/de\/testimonials-slider-widget\/"},{"@type":"ListItem","position":3,"name":"Testimonials Slider &#8211; BigCommerce"}]},{"@type":"WebSite","@id":"https:\/\/elfsight.com\/de\/#website","url":"https:\/\/elfsight.com\/de\/","name":"Elfsight DE","description":"Just another Elfsight Sites site","potentialAction":[{"@type":"SearchAction","target":{"@type":"EntryPoint","urlTemplate":"https:\/\/elfsight.com\/de\/?s={search_term_string}"},"query-input":{"@type":"PropertyValueSpecification","valueRequired":true,"valueName":"search_term_string"}}],"inLanguage":"de"}]}},"meta_box":{"industry":"","seo_heading":"","heading":"","description":"","cta_heading":"","cta_description":"","application":"462","h1":"Testimonials Slider-App f\u00fcr BigCommerce","h1_caption":"Zeigen Sie Kundenreferenzen in einem rotierenden Schieberegler an, um Glaubw\u00fcrdigkeit aufzubauen und positives Feedback m\u00fchelos auf Ihrer BigCommerce-Website zu pr\u00e4sentieren.","application_category":[],"applications_title":"","applications_request_title":"","applications_request_button_text":"","hero_text":"","hero_video":"","hero_video_schema_markup":"","selling_points_title":"","selling_points_caption":"","selling_points":[],"selling_points_cta_text":"","features_title":"","features":"","ed_cta_examples_text":"","ed_cta_examples_hidden":"","ed_cta_demo_text":"","ed_cta_demo_hidden":"","why_caption":"","why_editor_title":"","why_editor_text":"","why_team_title":"","why_team_text":"","why_service_title":"","why_service_text":"","template_catalog_visible":"0","template_catalog_title":"","template_catalog_text":"","template_catalog_categories_visible":"","demo_title":"Erstellen Sie Ihre Testimonials-Slider-App","demo_caption":"Konfigurieren Sie Ihren Testimonials-Slider und f\u00fcgen Sie ihn kostenlos zu Ihrer BigCommerce-Website hinzu!","default_faq_hidden":"","app_template_category":[],"platform":"268","template_public_id":"","codecanyon_url":"","codecanyon_item_id":"","codecanyon_price":"","pricing_caption":"","pricing_elfsight_apps_hide_column":"","pricing_elfsight_apps_url":"","pricing_codecanyon_price_caption":"","integration_category":[],"integration_request_title":"","integration_request_cta":"","integration_platform":"","integrations":[],"platform_category":[],"video_schema_markup":"","price":"ab 0 $ \/ Monat","trial":"","benefits":[{"text":"Kostenloser Installationsservice"},{"text":"Kompetenter Kundenservice"},{"text":"14-t\u00e4gige Geld-zur\u00fcck-Garantie"},{"text":"Laufende Verbesserungen"}],"button_url":"#demo","button_target_blank":"0","button_nofollow":"0","attributes":[{"name":"Installiert","content":"10,000 - 100,000"},{"name":"Reaktionsfreudig","content":"Ja"},{"name":"Kompatible Browser","content":"Firefox, Safari, Opera, Chrome, Edge"}],"tags":[],"tags_disable_links":"0","hide_more_platforms":"0","video_object":"","demo_hide_cta":"0","demo_hide_cloud_options":"0","pricing_title":"","pricing":[{"pricing_icon":"platform","pricing_title":"Elfsight Apps","pricing_title_caption":"Multiplattform-Software, die auf jeder Website funktioniert","pricing_price":"ab 0 $ \/ Monat","pricing_price_caption":"Beginnen Sie mit einem kostenlosen Plan","pricing_benefits":[{"text":"Unbegrenzte Websites"},{"text":"Schneller Support und gut dokumentiert"},{"text":"Kostenlose Installationsunterst\u00fctzung"},{"text":"Flexibles Design"}],"pricing_button_text":"Zur Website hinzuf\u00fcgen","pricing_button_url":"#demo"}],"related_apps_title":"","related_apps_hidden":"0","author":"","image":[],"title":"","job":"","social_networks":[]},"_links":{"self":[{"href":"https:\/\/elfsight.com\/de\/wp-json\/wp\/v2\/pages\/17880","targetHints":{"allow":["GET"]}}],"collection":[{"href":"https:\/\/elfsight.com\/de\/wp-json\/wp\/v2\/pages"}],"about":[{"href":"https:\/\/elfsight.com\/de\/wp-json\/wp\/v2\/types\/page"}],"author":[{"embeddable":true,"href":"https:\/\/elfsight.com\/de\/wp-json\/wp\/v2\/users\/9"}],"replies":[{"embeddable":true,"href":"https:\/\/elfsight.com\/de\/wp-json\/wp\/v2\/comments?post=17880"}],"version-history":[{"count":3,"href":"https:\/\/elfsight.com\/de\/wp-json\/wp\/v2\/pages\/17880\/revisions"}],"predecessor-version":[{"id":24362,"href":"https:\/\/elfsight.com\/de\/wp-json\/wp\/v2\/pages\/17880\/revisions\/24362"}],"up":[{"embeddable":true,"href":"https:\/\/elfsight.com\/de\/wp-json\/wp\/v2\/pages\/677"}],"wp:attachment":[{"href":"https:\/\/elfsight.com\/de\/wp-json\/wp\/v2\/media?parent=17880"}],"curies":[{"name":"wp","href":"https:\/\/api.w.org\/{rel}","templated":true}]}}