{"id":17879,"date":"1970-01-01T00:00:00","date_gmt":"1970-01-01T00:00:00","guid":{"rendered":"https:\/\/elfsight.com\/de\/?page_id=17879"},"modified":"2025-02-18T16:47:37","modified_gmt":"2025-02-18T16:47:37","slug":"blogger","status":"publish","type":"page","link":"https:\/\/elfsight.com\/de\/testimonials-slider-widget\/blogger\/","title":{"rendered":"Testimonials Slider &#8211; Blogger"},"content":{"rendered":"\n<div class=\"application-platform-content-item-description application-platform-content-item\" id=\"description\" data-nav-section=\"description\"><h2>Beschreibung<\/h2><p>Testimonials Slider \u2013 ein hervorragendes Widget zum Hinzuf\u00fcgen von R\u00fcckmeldungen Ihrer Kunden auf Ihrer eigenen Website. Sie k\u00f6nnen jede Art von Social Proof anh\u00e4ngen, um Bewertungen vertrauensw\u00fcrdig zu machen: den Namen des Autors, ein Bild, das Symbol des Unternehmens und sogar eine URL zur Website.<\/p><p><b>Steigern Sie das Vertrauen in Ihr Unternehmen, indem Sie den Benutzern Ihre Qualit\u00e4t zeigen zufriedene Kundschaft.<\/b><\/p><ul><li><b>Verwandeln Sie Ihre Bewertungen in vertrauensw\u00fcrdige Testimonials<\/b>.<br>Zeigen Sie umfassende Informationen \u00fcber den Autor Ihres gesamten Feedbacks an, zum Beispiel: Name, Firma und Position; Beweisen Sie den Lesern, dass sie Erfahrungsberichte von echten Kunden sehen.<\/li><li><b>Erh\u00f6hen Sie die Conversion um bis zu 200 %<\/b>.<br>Machen Sie Ihre Bewertungen zum Entscheidungsargument und platzieren Sie sie genau dort, wo die Benutzer sind Treffen Sie ihre Entscheidung, etwas von Ihrer Website zu erwerben oder sich dort zu registrieren.<\/li><li><b>F\u00fcgen Sie eine ma\u00dfgebliche Meinung hinzu<\/b>.<br>Haben Sie Benutzer, deren Sicht auf Ihr Unternehmen f\u00fcr andere wirklich \u00fcberzeugend sein wird? Besucher? Konfigurieren Sie umfassende Erfahrungsberichte mit Daten \u00fcber den Autor und steigern Sie Ihren Umsatz.<\/li><\/ul><\/div><div class=\"application-platform-content-item-features application-platform-content-item\" id=\"features\" data-nav-section=\"features\"><h2>Funktionen<\/h2><p>Die wichtigsten Aspekte, die ausmachen Elfsight Testimonials Slider ist ein n\u00fctzliches Widget f\u00fcr jede Blogger-Website.<\/p><ul><li>Verwenden Sie eine Bildunterschrift f\u00fcr Firmennamen, Position und andere Daten;<\/li><li>F\u00fcgen Sie Firma, Position und andere Informationen zur Bildunterschrift hinzu;<\/li><li>Bearbeiten Sie die Bildunterschrift, um Unternehmen, Position und mehr anzuzeigen.<\/li><li>Geben Sie f\u00fcr eine zuverl\u00e4ssigere Darstellung einen Link zur Website des Autors an.<\/li><\/ul><p> <a href=\"#demo\">Probieren Sie diese Funktionen in der Live-Demo aus<\/a><\/p><\/div><div class=\"application-platform-content-item-installation application-platform-content-item\" id=\"installation\" data-nav-section=\"installation\"><h2>So f\u00fcgen Sie Testimonials zur Blogger-Website hinzu<\/h2><div class=\"video-container\"><iframe width=\"720\" height=\"405\" src=\"https:\/\/www.youtube.com\/embed\/DGz8OlibzTs\"><\/iframe><\/div><p>Das Elfsight-Widget ist hinsichtlich der Integration \u00e4u\u00dferst einfach und erfordert keine Erfahrung in der Webentwicklung. Das Durcharbeiten des Tutorials wird nicht l\u00e4nger als 2 Minuten dauern.<\/p><ol><li><b>Erstellen Sie Ihren personalisierten Testimonials-Slider<\/b>.<br>Erstellen Sie mit Hilfe unserer kostenlosen Demo einen Plugin mit bevorzugtem Aussehen und Kapazit\u00e4ten.<\/li><li><b>Erhalten Sie den Code zum Anzeigen des Plugins<\/b>.<br>Nach der Widget-Erstellung erhalten Sie den Code f\u00fcr das Testimonials-Plugin aus dem angezeigten Fenster auf Elfsight Apps.<\/li><li><b>Zeigen Sie das Plugin auf der Blogger-Site an<\/b>.<br>Zeigen Sie das Plugin an der gew\u00fcnschten Stelle der Seite an und \u00fcbernehmen Sie die \u00c4nderungen.<\/li><li><b>Die Integration ist erfolgreich!<\/b><br>Gehen Sie zu Ihrer Blogger-Website, um Ihre Erfahrungsberichte zu sehen.<\/li><\/ol><p>Haben Sie Probleme beim Hinzuf\u00fcgen oder Konfigurieren des Widgets? Entdecken Sie das ausf\u00fchrliche Tutorial zum <a href=\"https:\/\/elfsight.com\/tutorials\/how-to-add-testimonials-slider-widget-to-blogger\/\" target=\"_blank\" rel=\"noopener noreferrer\">Anpassen Testimonials-Slider an Blogger senden<\/a> oder eine Anfrage an unser Support-Center senden.<\/p><div class=\"faq\" data-component=\"FAQ\"> <div class=\"faq-item\">\r\n\t\t\t\t\t<div class=\"faq-item-question\">\r\n\t\t\t\t\t\t<h3 class=\"faq-item-question-text\">Wie kann ich den Testimonials-Slider ohne Programmierkenntnisse zu meiner Blogger-Website hinzuf\u00fcgen?<\/h3>\r\n\r\n\t\t\t\t\t\t<div class=\"faq-item-question-icon\"><\/div>\r\n\t\t\t\t\t<\/div>\r\n\r\n\t\t\t\t\t<div class=\"faq-item-answer\">\r\n\t\t\t\t\t\t<div class=\"faq-item-answer-text\"> <p>Elfsight bietet eine SaaS-L\u00f6sung, mit der Sie selbst ein Testimonials-Slider-Widget erstellen k\u00f6nnen. Sehen Sie, wie einfach der Vorgang ist: Arbeiten Sie direkt im Online-Editor, um ein Testimonials-Slider-Widget zu erstellen, das Sie gerne auf Ihrer Blogger-Website sehen w\u00fcrden. W\u00e4hlen Sie eine der vorgefertigten Vorlagen aus und passen Sie die Einstellungen des Testimonials-Schiebereglers an, f\u00fcgen Sie Ihre Inhalte hinzu, \u00e4ndern Sie das Layout und das Farbschema ohne Programmierkenntnisse. Speichern Sie den Testimonials-Slider und kopieren Sie seinen Installationscode, den Sie m\u00fchelos in Ihre Blogger-Website einf\u00fcgen k\u00f6nnen, ohne ein kostenpflichtiges Abonnement kaufen zu m\u00fcssen. Mit unserem intuitiven Editor kann jeder Internetnutzer online ein Testimonials-Slider-Widget erstellen und es ganz einfach in seine Blogger-Website einbetten. Sie m\u00fcssen weder bezahlen noch Ihre Kartendaten eingeben, um auf den Service zuzugreifen. Sollten bei irgendeinem Schritt Probleme auftreten, wenden Sie sich bitte an unser technisches Support-Team.<\/p> <\/div>\r\n\t\t\t\t\t<\/div>\r\n\t\t\t\t<\/div> <\/div> <\/div>\n","protected":false},"excerpt":{"rendered":"","protected":false},"author":9,"featured_media":0,"parent":677,"menu_order":0,"comment_status":"closed","ping_status":"closed","template":"templates\/template-application-platform.php","meta":{"publish_to_discourse":"","publish_post_category":"","wpdc_auto_publish_overridden":"","wpdc_topic_tags":"","wpdc_pin_topic":"","wpdc_pin_until":"","discourse_post_id":"","discourse_permalink":"","wpdc_publishing_response":"","wpdc_publishing_error":"","footnotes":""},"class_list":["post-17879","page","type-page","status-publish","hentry"],"yoast_head":"<!-- This site is optimized with the Yoast SEO plugin v25.3.1 - https:\/\/yoast.com\/wordpress\/plugins\/seo\/ -->\n<title>Schieberegler \u201eTestimonials\u201c \u2013 F\u00fcgen Sie das Widget \u201eTestimonials\u201c zur Blogger-Website hinzu<\/title>\n<meta name=\"description\" content=\"Entdecken Sie das beste kostenlose Testimonials-Slider-Widget f\u00fcr Blogger. Eine unkomplizierte und sofortige Integration ohne Programmierkenntnisse in nur 2 Minuten.\" \/>\n<meta name=\"robots\" content=\"index, follow, max-snippet:-1, max-image-preview:large, max-video-preview:-1\" \/>\n<link rel=\"canonical\" href=\"https:\/\/elfsight.com\/de\/testimonials-slider-widget\/blogger\/\" \/>\n<meta property=\"og:locale\" content=\"de_DE\" \/>\n<meta property=\"og:type\" content=\"article\" \/>\n<meta property=\"og:title\" content=\"Schieberegler \u201eTestimonials\u201c \u2013 F\u00fcgen Sie das Widget \u201eTestimonials\u201c zur Blogger-Website hinzu\" \/>\n<meta property=\"og:description\" content=\"Entdecken Sie das beste kostenlose Testimonials-Slider-Widget f\u00fcr Blogger. Eine unkomplizierte und sofortige Integration ohne Programmierkenntnisse in nur 2 Minuten.\" \/>\n<meta property=\"og:url\" content=\"https:\/\/elfsight.com\/de\/testimonials-slider-widget\/blogger\/\" \/>\n<meta property=\"og:site_name\" content=\"Elfsight DE\" \/>\n<meta property=\"article:modified_time\" content=\"2025-02-18T16:47:37+00:00\" \/>\n<meta name=\"twitter:card\" content=\"summary_large_image\" \/>\n<meta name=\"twitter:label1\" content=\"Gesch\u00e4tzte Lesezeit\" \/>\n\t<meta name=\"twitter:data1\" content=\"4\u00a0Minuten\" \/>\n<!-- \/ Yoast SEO plugin. -->","yoast_head_json":{"title":"Schieberegler \u201eTestimonials\u201c \u2013 F\u00fcgen Sie das Widget \u201eTestimonials\u201c zur Blogger-Website hinzu","description":"Entdecken Sie das beste kostenlose Testimonials-Slider-Widget f\u00fcr Blogger. Eine unkomplizierte und sofortige Integration ohne Programmierkenntnisse in nur 2 Minuten.","robots":{"index":"index","follow":"follow","max-snippet":"max-snippet:-1","max-image-preview":"max-image-preview:large","max-video-preview":"max-video-preview:-1"},"canonical":"https:\/\/elfsight.com\/de\/testimonials-slider-widget\/blogger\/","og_locale":"de_DE","og_type":"article","og_title":"Schieberegler \u201eTestimonials\u201c \u2013 F\u00fcgen Sie das Widget \u201eTestimonials\u201c zur Blogger-Website hinzu","og_description":"Entdecken Sie das beste kostenlose Testimonials-Slider-Widget f\u00fcr Blogger. Eine unkomplizierte und sofortige Integration ohne Programmierkenntnisse in nur 2 Minuten.","og_url":"https:\/\/elfsight.com\/de\/testimonials-slider-widget\/blogger\/","og_site_name":"Elfsight DE","article_modified_time":"2025-02-18T16:47:37+00:00","twitter_card":"summary_large_image","twitter_misc":{"Gesch\u00e4tzte Lesezeit":"4\u00a0Minuten"},"schema":{"@context":"https:\/\/schema.org","@graph":[{"@type":"WebPage","@id":"https:\/\/elfsight.com\/de\/testimonials-slider-widget\/blogger\/","url":"https:\/\/elfsight.com\/de\/testimonials-slider-widget\/blogger\/","name":"Schieberegler \u201eTestimonials\u201c \u2013 F\u00fcgen Sie das Widget \u201eTestimonials\u201c zur Blogger-Website hinzu","isPartOf":{"@id":"https:\/\/elfsight.com\/de\/#website"},"datePublished":"1970-01-01T00:00:00+00:00","dateModified":"2025-02-18T16:47:37+00:00","description":"Entdecken Sie das beste kostenlose Testimonials-Slider-Widget f\u00fcr Blogger. Eine unkomplizierte und sofortige Integration ohne Programmierkenntnisse in nur 2 Minuten.","breadcrumb":{"@id":"https:\/\/elfsight.com\/de\/testimonials-slider-widget\/blogger\/#breadcrumb"},"inLanguage":"de","potentialAction":[{"@type":"ReadAction","target":["https:\/\/elfsight.com\/de\/testimonials-slider-widget\/blogger\/"]}]},{"@type":"BreadcrumbList","@id":"https:\/\/elfsight.com\/de\/testimonials-slider-widget\/blogger\/#breadcrumb","itemListElement":[{"@type":"ListItem","position":1,"name":"Home","item":"https:\/\/elfsight.com\/de\/"},{"@type":"ListItem","position":2,"name":"Testimonials Slider","item":"https:\/\/elfsight.com\/de\/testimonials-slider-widget\/"},{"@type":"ListItem","position":3,"name":"Testimonials Slider &#8211; Blogger"}]},{"@type":"WebSite","@id":"https:\/\/elfsight.com\/de\/#website","url":"https:\/\/elfsight.com\/de\/","name":"Elfsight DE","description":"Just another Elfsight Sites site","potentialAction":[{"@type":"SearchAction","target":{"@type":"EntryPoint","urlTemplate":"https:\/\/elfsight.com\/de\/?s={search_term_string}"},"query-input":{"@type":"PropertyValueSpecification","valueRequired":true,"valueName":"search_term_string"}}],"inLanguage":"de"}]}},"meta_box":{"industry":"","seo_heading":"","heading":"","description":"","cta_heading":"","cta_description":"","application":"462","h1":"Testimonials-Slider-Widget f\u00fcr Blogger","h1_caption":"Zeigen Sie Kundenreferenzen in einem rotierenden Schieberegler an, um Glaubw\u00fcrdigkeit aufzubauen und positives Feedback m\u00fchelos auf Ihrer Blogger-Website zu pr\u00e4sentieren.","application_category":[],"applications_title":"","applications_request_title":"","applications_request_button_text":"","hero_text":"","hero_video":"","hero_video_schema_markup":"","selling_points_title":"","selling_points_caption":"","selling_points":[],"selling_points_cta_text":"","features_title":"","features":"","ed_cta_examples_text":"","ed_cta_examples_hidden":"","ed_cta_demo_text":"","ed_cta_demo_hidden":"","why_caption":"","why_editor_title":"","why_editor_text":"","why_team_title":"","why_team_text":"","why_service_title":"","why_service_text":"","template_catalog_visible":"0","template_catalog_title":"","template_catalog_text":"","template_catalog_categories_visible":"","demo_title":"Erstellen Sie Ihr Testimonials-Slider-Widget","demo_caption":"Konfigurieren Sie Ihren Testimonials-Slider und f\u00fcgen Sie ihn kostenlos zu Ihrer Blogger-Website hinzu!","default_faq_hidden":"","app_template_category":[],"platform":"262","template_public_id":"","codecanyon_url":"","codecanyon_item_id":"","codecanyon_price":"","pricing_caption":"","pricing_elfsight_apps_hide_column":"","pricing_elfsight_apps_url":"","pricing_codecanyon_price_caption":"","integration_category":[],"integration_request_title":"","integration_request_cta":"","integration_platform":"","integrations":[],"platform_category":[],"video_schema_markup":"","price":"ab 0 $ \/ Monat","trial":"","benefits":[{"text":"Kostenlose Installationshilfe"},{"text":"Erfahrener Kundensupport"},{"text":"14-t\u00e4gige Geld-zur\u00fcck-Garantie"},{"text":"Fortlaufende Entwicklung"}],"button_url":"#demo","button_target_blank":"0","button_nofollow":"0","attributes":[{"name":"Installiert","content":"10,000 - 100,000"},{"name":"Reaktionsfreudig","content":"Ja"},{"name":"Kompatible Browser","content":"Firefox, Safari, Opera, Chrome, Edge"}],"tags":[],"tags_disable_links":"0","hide_more_platforms":"0","video_object":"","demo_hide_cta":"0","demo_hide_cloud_options":"0","pricing_title":"","pricing":[{"pricing_icon":"platform","pricing_title":"Blogger widget","pricing_title_caption":"Multiplattform-Version, die auf jeder Website funktioniert","pricing_price":"ab 0 $ \/ Monat","pricing_price_caption":"Beginnen Sie mit einem kostenlosen Plan","pricing_benefits":[{"text":"Unbegrenzte Domains"},{"text":"Engagierter und p\u00fcnktlicher Support"},{"text":"Kostenloser Installationsservice"},{"text":"Vollst\u00e4ndig anpassbar"}],"pricing_button_text":"Zur Website hinzuf\u00fcgen","pricing_button_url":"#demo"}],"related_apps_title":"","related_apps_hidden":"0","author":"","image":[],"title":"","job":"","social_networks":[]},"_links":{"self":[{"href":"https:\/\/elfsight.com\/de\/wp-json\/wp\/v2\/pages\/17879","targetHints":{"allow":["GET"]}}],"collection":[{"href":"https:\/\/elfsight.com\/de\/wp-json\/wp\/v2\/pages"}],"about":[{"href":"https:\/\/elfsight.com\/de\/wp-json\/wp\/v2\/types\/page"}],"author":[{"embeddable":true,"href":"https:\/\/elfsight.com\/de\/wp-json\/wp\/v2\/users\/9"}],"replies":[{"embeddable":true,"href":"https:\/\/elfsight.com\/de\/wp-json\/wp\/v2\/comments?post=17879"}],"version-history":[{"count":5,"href":"https:\/\/elfsight.com\/de\/wp-json\/wp\/v2\/pages\/17879\/revisions"}],"predecessor-version":[{"id":24365,"href":"https:\/\/elfsight.com\/de\/wp-json\/wp\/v2\/pages\/17879\/revisions\/24365"}],"up":[{"embeddable":true,"href":"https:\/\/elfsight.com\/de\/wp-json\/wp\/v2\/pages\/677"}],"wp:attachment":[{"href":"https:\/\/elfsight.com\/de\/wp-json\/wp\/v2\/media?parent=17879"}],"curies":[{"name":"wp","href":"https:\/\/api.w.org\/{rel}","templated":true}]}}