{"id":17874,"date":"1970-01-01T00:00:00","date_gmt":"1970-01-01T00:00:00","guid":{"rendered":"https:\/\/elfsight.com\/de\/?page_id=17874"},"modified":"2025-02-18T16:52:11","modified_gmt":"2025-02-18T16:52:11","slug":"drupal","status":"publish","type":"page","link":"https:\/\/elfsight.com\/de\/testimonials-slider-widget\/drupal\/","title":{"rendered":"Testimonials Slider &#8211; Drupal"},"content":{"rendered":"\n<div class=\"application-platform-content-item-description application-platform-content-item\" id=\"description\" data-nav-section=\"description\"><h2>Beschreibung<\/h2><p>Testimonials Slider ist ein intuitives Modul zum Anzeigen des Feedbacks Ihrer K\u00e4ufer auf Ihrer Website. Sie k\u00f6nnen beliebige soziale Beweise hinzuf\u00fcgen, um Bewertungen wirklich vertrauensw\u00fcrdig zu machen: den Namen des Autors, ein Foto, das Symbol des Unternehmens und sogar eine URL zur Website.<\/p><p><b>Verdoppeln Sie das Vertrauen in Ihren Service, indem Sie ihn den Benutzern zeigen Ihr echtes und positives Feedback.<\/b><\/p><ul><li><b>Verwandeln Sie Ihre Bewertungen in absolut vertrauensw\u00fcrdige Testimonials<\/b>.<br>Enth\u00fcllen Sie alle Daten \u00fcber den Autor jeder Bewertung, zusammen mit seinem Namen, seinem Unternehmen und seiner Position \u2013 zeigen Sie den Besuchern, dass sie Erfahrungsberichte bestehender Kunden sehen.<\/li><li><b>Besucher zum Kauf motivieren<\/b>.<br>Mit einer positiven Geschichte echtes Kundenfeedback offenbaren Inspiriert Benutzer dazu, diese Erfahrung zu teilen, regt sie zum Handeln an und steigert Ihre Conversion.<\/li><li><b>Steigern Sie das Vertrauen in Ihre Website<\/b>.<br>F\u00fcgen Sie Bewertungen Ihrer Kunden auf der Website hinzu und zeigen Sie sie an F\u00e4lle zufriedener Kunden, um das Vertrauen in Ihr Unternehmen zu st\u00e4rken.<\/li><\/ul><\/div><div class=\"faq\" data-component=\"FAQ\"><div class=\"faq-item\">\r\n\t\t\t\t\t<div class=\"faq-item-question\">\r\n\t\t\t\t\t\t<h3 class=\"faq-item-question-text\">Wie bette ich einen Testimonials-Slider in Drupal ein?<\/h3>\r\n\r\n\t\t\t\t\t\t<div class=\"faq-item-question-icon\"><\/div>\r\n\t\t\t\t\t<\/div>\r\n\r\n\t\t\t\t\t<div class=\"faq-item-answer\">\r\n\t\t\t\t\t\t<div class=\"faq-item-answer-text\"><p>Die Grundlage des Tools erfolgt innerhalb des Elfsight-Dienstes und Sie m\u00fcssen nicht lernen, wie man programmiert. Nutzen Sie die Online-Demo, um Ihre eigene App anzupassen, den Code zu erwerben und ihn in Ihre Website einzuf\u00fcgen. <\/p><\/div>\r\n\t\t\t\t\t<\/div>\r\n\t\t\t\t<\/div><div class=\"faq-item\">\r\n\t\t\t\t\t<div class=\"faq-item-question\">\r\n\t\t\t\t\t\t<h3 class=\"faq-item-question-text\">Die besten Anwendungsbeispiele f\u00fcr die Testimonial-Karussell-Integration<\/h3>\r\n\r\n\t\t\t\t\t\t<div class=\"faq-item-question-icon\"><\/div>\r\n\t\t\t\t\t<\/div>\r\n\r\n\t\t\t\t\t<div class=\"faq-item-answer\">\r\n\t\t\t\t\t\t<div class=\"faq-item-answer-text\"><p>Wir stellen Ihnen eine breite Palette an Personalisierungsoptionen zur Verf\u00fcgung: Widgets in voller L\u00e4nge zum Einf\u00fcgen in der Inhaltsbereich, schwebende Plugins mit Scrollm\u00f6glichkeiten, Miniaturansichten f\u00fcr die Fu\u00dfzeile, die Kopfzeile und alle m\u00f6glichen vertikalen Optionen f\u00fcr Seitenleisten und Men\u00fcs. <\/p><\/div>\r\n\t\t\t\t\t<\/div>\r\n\t\t\t\t<\/div><div class=\"faq-item\">\r\n\t\t\t\t\t<div class=\"faq-item-question\">\r\n\t\t\t\t\t\t<h3 class=\"faq-item-question-text\">Kann ich mit dem Editor ein Listen- oder Raster-Testimonials-Widget erstellen? <\/h3>\r\n\r\n\t\t\t\t\t\t<div class=\"faq-item-question-icon\"><\/div>\r\n\t\t\t\t\t<\/div>\r\n\r\n\t\t\t\t\t<div class=\"faq-item-answer\">\r\n\t\t\t\t\t\t<div class=\"faq-item-answer-text\"><p>Es steht Ihnen frei, \u00c4nderungen an jedem Widget vorzunehmen. Im Editor steht eine gro\u00dfe Auswahl an Layouts zur Verf\u00fcgung, die alle ganz einfach an Ihre Bed\u00fcrfnisse angepasst werden k\u00f6nnen. <\/p><\/div>\r\n\t\t\t\t\t<\/div>\r\n\t\t\t\t<\/div><\/div><div class=\"application-platform-content-item-features application-platform-content-item\" id=\"features\" data-nav-section=\"features\"><h2>Funktionen<\/h2><p>Die Hauptfunktionen, die den Elfsight Testimonials Slider zu einem unverzichtbaren Modul f\u00fcr jede Drupal-Website machen.<\/p><ul><li>Geben Sie f\u00fcr eine zuverl\u00e4ssigere Darstellung einen Link zur Website des Autors an.<\/li><li>F\u00fcgen Sie das Logo des Unternehmens des Autors hinzu, damit die Informationen vertrauensw\u00fcrdig wirken.<\/li><li>W\u00e4hlen Sie je nach Bedarf das Slider- oder Raster-Layout.<\/li><li>\u00c4ndern Sie den Widget-Titel.<\/li><\/ul><p><a href=\"#demo\">Probieren Sie diese Funktionen in der Live-Demo aus<\/a><\/p><\/div><div class=\"application-platform-content-item-installation application-platform-content-item\" id=\"installation\" data-nav-section=\"installation\"><h2>So f\u00fcgen Sie das Modul \u201eTestimonials Slider\u201c zur Drupal-Website hinzu<\/h2><p>Befolgen Sie einfach die unten beschriebenen Schritte, um mit der Verwendung zu beginnen Modul auf Drupal.<\/p> <ol><li><b>Nutzen Sie unseren kostenlosen Editor und beginnen Sie mit der Erstellung Ihres einzigartigen Testimonials-Slider-Widgets. <\/b><br> Suchen Sie das benutzerdefinierte Formular und die Optionen des Moduls und speichern Sie die Korrekturen. <\/li> <li><b>Ihr pers\u00f6nlicher Code erscheint im Fenster von Elfsight Apps. <\/b><br> Kopieren Sie unmittelbar nach der Anpassung Ihres pers\u00f6nlichen Moduls den individuellen Code aus dem angezeigten Fenster und speichern Sie ihn f\u00fcr die zuk\u00fcnftige Verwendung. <\/li> <li><b>Beginnen Sie mit der Verwendung des Plugins auf Ihrer Drupal-Site. <\/b><br> F\u00fcgen Sie den k\u00fcrzlich gespeicherten Code in Ihre Seite ein und speichern Sie die Verbesserungen. <\/li> <li><b>Das Setup ist vollst\u00e4ndig durchgef\u00fchrt. <\/b><br> Besuchen Sie Ihre Website, um zu sehen, wie das Tool funktioniert. <\/li><\/ol><p>Haben Sie Probleme beim Einrichten oder Anpassen des Moduls? Entdecken Sie das ausf\u00fchrliche Tutorial zum <a href=\"https:\/\/elfsight.com\/tutorials\/how-to-add-testimonials-slider-widget-to-drupal\/\" target=\"_blank\" rel=\"noopener noreferrer\">Setup Testimonials-Slider auf Drupal<\/a> oder wenden Sie sich an unser Support Center.<\/p><\/div>\n","protected":false},"excerpt":{"rendered":"","protected":false},"author":9,"featured_media":0,"parent":677,"menu_order":0,"comment_status":"closed","ping_status":"closed","template":"templates\/template-application-platform.php","meta":{"publish_to_discourse":"","publish_post_category":"","wpdc_auto_publish_overridden":"","wpdc_topic_tags":"","wpdc_pin_topic":"","wpdc_pin_until":"","discourse_post_id":"","discourse_permalink":"","wpdc_publishing_response":"","wpdc_publishing_error":"","footnotes":""},"class_list":["post-17874","page","type-page","status-publish","hentry"],"yoast_head":"<!-- This site is optimized with the Yoast SEO plugin v25.3.1 - https:\/\/yoast.com\/wordpress\/plugins\/seo\/ -->\n<title>Testimonials-Slider \u2013 Testimonials-Modul zur Drupal-Website hinzuf\u00fcgen<\/title>\n<meta name=\"description\" content=\"Probieren Sie das beste Testimonials-Slider-Modul f\u00fcr Drupal kostenlos aus. Eine einfache und schnelle Integration ohne Entwicklungskenntnisse in nur 2 Minuten.\" \/>\n<meta name=\"robots\" content=\"index, follow, max-snippet:-1, max-image-preview:large, max-video-preview:-1\" \/>\n<link rel=\"canonical\" href=\"https:\/\/elfsight.com\/de\/testimonials-slider-widget\/drupal\/\" \/>\n<meta property=\"og:locale\" content=\"de_DE\" \/>\n<meta property=\"og:type\" content=\"article\" \/>\n<meta property=\"og:title\" content=\"Testimonials-Slider \u2013 Testimonials-Modul zur Drupal-Website hinzuf\u00fcgen\" \/>\n<meta property=\"og:description\" content=\"Probieren Sie das beste Testimonials-Slider-Modul f\u00fcr Drupal kostenlos aus. Eine einfache und schnelle Integration ohne Entwicklungskenntnisse in nur 2 Minuten.\" \/>\n<meta property=\"og:url\" content=\"https:\/\/elfsight.com\/de\/testimonials-slider-widget\/drupal\/\" \/>\n<meta property=\"og:site_name\" content=\"Elfsight DE\" \/>\n<meta property=\"article:modified_time\" content=\"2025-02-18T16:52:11+00:00\" \/>\n<meta name=\"twitter:card\" content=\"summary_large_image\" \/>\n<meta name=\"twitter:label1\" content=\"Gesch\u00e4tzte Lesezeit\" \/>\n\t<meta name=\"twitter:data1\" content=\"3\u00a0Minuten\" \/>\n<!-- \/ Yoast SEO plugin. -->","yoast_head_json":{"title":"Testimonials-Slider \u2013 Testimonials-Modul zur Drupal-Website hinzuf\u00fcgen","description":"Probieren Sie das beste Testimonials-Slider-Modul f\u00fcr Drupal kostenlos aus. Eine einfache und schnelle Integration ohne Entwicklungskenntnisse in nur 2 Minuten.","robots":{"index":"index","follow":"follow","max-snippet":"max-snippet:-1","max-image-preview":"max-image-preview:large","max-video-preview":"max-video-preview:-1"},"canonical":"https:\/\/elfsight.com\/de\/testimonials-slider-widget\/drupal\/","og_locale":"de_DE","og_type":"article","og_title":"Testimonials-Slider \u2013 Testimonials-Modul zur Drupal-Website hinzuf\u00fcgen","og_description":"Probieren Sie das beste Testimonials-Slider-Modul f\u00fcr Drupal kostenlos aus. Eine einfache und schnelle Integration ohne Entwicklungskenntnisse in nur 2 Minuten.","og_url":"https:\/\/elfsight.com\/de\/testimonials-slider-widget\/drupal\/","og_site_name":"Elfsight DE","article_modified_time":"2025-02-18T16:52:11+00:00","twitter_card":"summary_large_image","twitter_misc":{"Gesch\u00e4tzte Lesezeit":"3\u00a0Minuten"},"schema":{"@context":"https:\/\/schema.org","@graph":[{"@type":"WebPage","@id":"https:\/\/elfsight.com\/de\/testimonials-slider-widget\/drupal\/","url":"https:\/\/elfsight.com\/de\/testimonials-slider-widget\/drupal\/","name":"Testimonials-Slider \u2013 Testimonials-Modul zur Drupal-Website hinzuf\u00fcgen","isPartOf":{"@id":"https:\/\/elfsight.com\/de\/#website"},"datePublished":"1970-01-01T00:00:00+00:00","dateModified":"2025-02-18T16:52:11+00:00","description":"Probieren Sie das beste Testimonials-Slider-Modul f\u00fcr Drupal kostenlos aus. Eine einfache und schnelle Integration ohne Entwicklungskenntnisse in nur 2 Minuten.","breadcrumb":{"@id":"https:\/\/elfsight.com\/de\/testimonials-slider-widget\/drupal\/#breadcrumb"},"inLanguage":"de","potentialAction":[{"@type":"ReadAction","target":["https:\/\/elfsight.com\/de\/testimonials-slider-widget\/drupal\/"]}]},{"@type":"BreadcrumbList","@id":"https:\/\/elfsight.com\/de\/testimonials-slider-widget\/drupal\/#breadcrumb","itemListElement":[{"@type":"ListItem","position":1,"name":"Home","item":"https:\/\/elfsight.com\/de\/"},{"@type":"ListItem","position":2,"name":"Testimonials Slider","item":"https:\/\/elfsight.com\/de\/testimonials-slider-widget\/"},{"@type":"ListItem","position":3,"name":"Testimonials Slider &#8211; Drupal"}]},{"@type":"WebSite","@id":"https:\/\/elfsight.com\/de\/#website","url":"https:\/\/elfsight.com\/de\/","name":"Elfsight DE","description":"Just another Elfsight Sites site","potentialAction":[{"@type":"SearchAction","target":{"@type":"EntryPoint","urlTemplate":"https:\/\/elfsight.com\/de\/?s={search_term_string}"},"query-input":{"@type":"PropertyValueSpecification","valueRequired":true,"valueName":"search_term_string"}}],"inLanguage":"de"}]}},"meta_box":{"industry":"","seo_heading":"","heading":"","description":"","cta_heading":"","cta_description":"","application":"462","h1":"Testimonials Slider-Modul f\u00fcr Drupal","h1_caption":"Zeigen Sie Kundenreferenzen in einem rotierenden Schieberegler an, um Glaubw\u00fcrdigkeit aufzubauen und positives Feedback m\u00fchelos auf Ihrer Drupal-Website zu pr\u00e4sentieren.","application_category":[],"applications_title":"","applications_request_title":"","applications_request_button_text":"","hero_text":"","hero_video":"","hero_video_schema_markup":"","selling_points_title":"","selling_points_caption":"","selling_points":[],"selling_points_cta_text":"","features_title":"","features":"","ed_cta_examples_text":"","ed_cta_examples_hidden":"","ed_cta_demo_text":"","ed_cta_demo_hidden":"","why_caption":"","why_editor_title":"","why_editor_text":"","why_team_title":"","why_team_text":"","why_service_title":"","why_service_text":"","template_catalog_visible":"0","template_catalog_title":"","template_catalog_text":"","template_catalog_categories_visible":"","demo_title":"Erstellen Sie Ihr Testimonials-Slider-Modul","demo_caption":"Konfigurieren Sie Ihren Testimonials-Slider und f\u00fcgen Sie ihn kostenlos Ihrer Drupal-Website hinzu!","default_faq_hidden":"","app_template_category":[],"platform":"261","template_public_id":"","codecanyon_url":"","codecanyon_item_id":"","codecanyon_price":"","pricing_caption":"","pricing_elfsight_apps_hide_column":"","pricing_elfsight_apps_url":"","pricing_codecanyon_price_caption":"","integration_category":[],"integration_request_title":"","integration_request_cta":"","integration_platform":"","integrations":[],"platform_category":[],"video_schema_markup":"","price":"ab 0 $ \/ Monat","trial":"","benefits":[{"text":"Kostenlose Installationsunterst\u00fctzung"},{"text":"Kompetenter Kundenservice"},{"text":"14-t\u00e4gige Geld-zur\u00fcck-Garantie"},{"text":"Fortlaufende Entwicklung"}],"button_url":"#demo","button_target_blank":"0","button_nofollow":"0","attributes":[{"name":"Installiert","content":"10,000 - 100,000"},{"name":"Reaktionsfreudig","content":"Ja"},{"name":"Kompatible Browser","content":"IE11, Firefox, Safari, Opera, Chrome, Edge"}],"tags":[],"tags_disable_links":"0","hide_more_platforms":"0","video_object":"","demo_hide_cta":"0","demo_hide_cloud_options":"0","pricing_title":"","pricing":[{"pricing_icon":"platform","pricing_title":"Elfsight Apps","pricing_title_caption":"Plattform\u00fcbergreifende digitale L\u00f6sung","pricing_price":"ab 0 $ \/ Monat","pricing_price_caption":"Beginnen Sie mit einem kostenlosen Plan","pricing_benefits":[{"text":"Unbegrenzte Websites"},{"text":"Professionelle und p\u00fcnktliche Unterst\u00fctzung und gut dokumentiert"},{"text":"Kostenlose Installationsunterst\u00fctzung"},{"text":"Sonderpreis f\u00fcr mehrere Apps"}],"pricing_button_text":"Zur Website hinzuf\u00fcgen","pricing_button_url":"#demo"}],"related_apps_title":"","related_apps_hidden":"0","author":"","image":[],"title":"","job":"","social_networks":[]},"_links":{"self":[{"href":"https:\/\/elfsight.com\/de\/wp-json\/wp\/v2\/pages\/17874","targetHints":{"allow":["GET"]}}],"collection":[{"href":"https:\/\/elfsight.com\/de\/wp-json\/wp\/v2\/pages"}],"about":[{"href":"https:\/\/elfsight.com\/de\/wp-json\/wp\/v2\/types\/page"}],"author":[{"embeddable":true,"href":"https:\/\/elfsight.com\/de\/wp-json\/wp\/v2\/users\/9"}],"replies":[{"embeddable":true,"href":"https:\/\/elfsight.com\/de\/wp-json\/wp\/v2\/comments?post=17874"}],"version-history":[{"count":3,"href":"https:\/\/elfsight.com\/de\/wp-json\/wp\/v2\/pages\/17874\/revisions"}],"predecessor-version":[{"id":24367,"href":"https:\/\/elfsight.com\/de\/wp-json\/wp\/v2\/pages\/17874\/revisions\/24367"}],"up":[{"embeddable":true,"href":"https:\/\/elfsight.com\/de\/wp-json\/wp\/v2\/pages\/677"}],"wp:attachment":[{"href":"https:\/\/elfsight.com\/de\/wp-json\/wp\/v2\/media?parent=17874"}],"curies":[{"name":"wp","href":"https:\/\/api.w.org\/{rel}","templated":true}]}}