{"id":17872,"date":"1970-01-01T00:00:00","date_gmt":"1970-01-01T00:00:00","guid":{"rendered":"https:\/\/elfsight.com\/de\/?page_id=17872"},"modified":"2025-07-10T08:32:58","modified_gmt":"2025-07-10T08:32:58","slug":"magento","status":"publish","type":"page","link":"https:\/\/elfsight.com\/de\/testimonials-slider-widget\/magento\/","title":{"rendered":"Testimonials Slider &#8211; Magento"},"content":{"rendered":"<div class=\"application-platform-content-item-description application-platform-content-item\" id=\"description\" data-nav-section=\"description\"><h2>Beschreibung<\/h2><p>Testimonials Slider \u2013 eine responsive Erweiterung zur Darstellung der Testimonials Ihrer Benutzer auf Ihrer Website. Sie k\u00f6nnen den Bewertungen verschiedene Arten von Social Proof hinzuf\u00fcgen \u2013 den Namen des Autors, ein Foto, das Logo der Organisation und sogar eine URL zur Website.<\/p><p><b>Steigern Sie das Vertrauen in Ihre Produkte, indem Sie Ihre Zufriedenheit zeigen Kunden.<\/b><\/p><ul><li><b>Machen Sie Ihre Kundenreferenzen maximal vertrauensw\u00fcrdig<\/b>.<br>Zeigen Sie alle Informationen \u00fcber den Autor jeder Testimonials zusammen mit Name, Unternehmen, und Position. Zeigen Sie so Ihren Nutzern, dass sie Erfahrungsberichte von echten Menschen lesen.<\/li><li><b>Verwenden Sie ein professionelles Urteilsverm\u00f6gen<\/b>.<br>Haben Sie Kunden, deren Bewertung andere Besucher beeinflussen wird? Generieren Sie umfassende Erfahrungsberichte mit umfassenden Daten \u00fcber den Autor und steigern Sie so Ihr Verkaufsniveau.<\/li><li><b>Vervielfachen Sie das Vertrauen in Ihre Website<\/b>.<br>F\u00fcgen Sie Feedback Ihrer Kunden auf der Website ein und demonstrieren Sie Beispiele einer guten Kundenerfahrung, um das Vertrauen in Ihr Unternehmen zu st\u00e4rken.<\/li><\/ul><\/div><div class=\"faq\" data-component=\"FAQ\"><div class=\"faq-item\">\r\n\t\t\t\t\t<div class=\"faq-item-question\">\r\n\t\t\t\t\t\t<h3 class=\"faq-item-question-text\">Wie kann ich einen Testimonials-Slider in die einbetten? Magento-Website? <\/h3>\r\n\r\n\t\t\t\t\t\t<div class=\"faq-item-question-icon\"><\/div>\r\n\t\t\t\t\t<\/div>\r\n\r\n\t\t\t\t\t<div class=\"faq-item-answer\">\r\n\t\t\t\t\t\t<div class=\"faq-item-answer-text\"><p>Der Aufbau des Tools erfolgt auf den Elfsight-Seiten und Sie m\u00fcssen nicht programmieren. Nutzen Sie unsere Online-Demo, um Ihr eigenes Tool zu personalisieren, den Code zu erhalten und ihn in Ihre Website einzuf\u00fcgen. <\/p><\/div>\r\n\t\t\t\t\t<\/div>\r\n\t\t\t\t<\/div><div class=\"faq-item\">\r\n\t\t\t\t\t<div class=\"faq-item-question\">\r\n\t\t\t\t\t\t<h3 class=\"faq-item-question-text\">Die besten M\u00f6glichkeiten zur Verwendung der Testimonials-Widget-Integration<\/h3>\r\n\r\n\t\t\t\t\t\t<div class=\"faq-item-question-icon\"><\/div>\r\n\t\t\t\t\t<\/div>\r\n\r\n\t\t\t\t\t<div class=\"faq-item-answer\">\r\n\t\t\t\t\t\t<div class=\"faq-item-answer-text\"><p>Wir haben eine Vielzahl von Anpassungsm\u00f6glichkeiten: Widgets in Originalgr\u00f6\u00dfe zum Einf\u00fcgen in den Inhaltsbereich, schwebende Widgets mit Scrollfunktion, Miniaturansichten f\u00fcr die Fu\u00dfzeile, die Kopfzeile und alle Arten von vertikalen Optionen f\u00fcr Seitenleisten und Men\u00fcs der Website. <\/p><\/div>\r\n\t\t\t\t\t<\/div>\r\n\t\t\t\t<\/div><div class=\"faq-item\">\r\n\t\t\t\t\t<div class=\"faq-item-question\">\r\n\t\t\t\t\t\t<h3 class=\"faq-item-question-text\">Wie erstelle ich mit dem Editor ein Karten- oder Raster-Feedback-Widget? <\/h3>\r\n\r\n\t\t\t\t\t\t<div class=\"faq-item-question-icon\"><\/div>\r\n\t\t\t\t\t<\/div>\r\n\r\n\t\t\t\t\t<div class=\"faq-item-answer\">\r\n\t\t\t\t\t\t<div class=\"faq-item-answer-text\"><p>Sie k\u00f6nnen gerne \u00c4nderungen an jedem Widget vornehmen. Im Editor stehen zahlreiche Layouts zur Verf\u00fcgung, die alle schnell an Ihre Bed\u00fcrfnisse angepasst werden k\u00f6nnen. <\/p><\/div>\r\n\t\t\t\t\t<\/div>\r\n\t\t\t\t<\/div><\/div><div class=\"application-platform-content-item-features application-platform-content-item\" id=\"features\" data-nav-section=\"features\"><h2>Funktionen<\/h2><p>Die wichtigsten Merkmale, die unseren Testimonials Slider in eine wertvolle Erweiterung f\u00fcr jede Magento-Site verwandeln.<\/p><ul><li>Verwenden Sie die Facebook- oder Twitter-Profil-URL, um zu beweisen, dass der Autor echt ist.<\/li><li>Layout in voller Breite.<\/li><li>Bearbeiten Sie die Bildunterschrift, um das Unternehmen anzuzeigen , Position und mehr;<\/li><li>Um die Zuverl\u00e4ssigkeit zu erh\u00f6hen, zeigen Sie das Logo des Unternehmens des Autors an.<\/li><\/ul><p><a href=\"#demo\">Probieren Sie diese Funktionen in der Live-Demo aus <\/a><\/p><\/div><div class=\"application-platform-content-item-installation application-platform-content-item\" id=\"installation\" data-nav-section=\"installation\"><h2>So f\u00fcgen Sie Testimonials zur Magento-Website hinzu<\/h2><p>F\u00fchren Sie einfach die folgenden Richtlinien aus, um das Widget auf Magento zu aktivieren.<\/p> <ol><li><b>Nutzen Sie unseren kostenlosen Konfigurator und beginnen Sie mit der Gestaltung Ihres ma\u00dfgeschneiderten Instruments. <\/b><br> Finden Sie das ausgew\u00e4hlte Aussehen und die Funktionsmerkmale der Testimonials Slider-Erweiterung und wenden Sie die Korrekturen an. <\/li> <li><b>Sie erhalten den eindeutigen Code, der im Feld von Elfsight Apps angezeigt wird. <\/b><br> Sobald die Generierung Ihrer Erweiterung abgeschlossen ist, kopieren Sie den pers\u00f6nlichen Code im erscheinenden Fenster und speichern Sie ihn zur weiteren Verwendung. <\/li> <li><b>Geben Sie die Verwendung des Widgets auf der Magento-Homepage ein. <\/b><br> Betten Sie den Code, den Sie zuvor gespeichert haben, in Ihre Webseite ein und \u00fcbernehmen Sie die Korrekturen. <\/li> <li><b>Du bist fertig! Die Integration ist vollst\u00e4ndig abgeschlossen. <\/b><br> Gehen Sie zu Ihrer Website, um die Funktionsweise des Widgets anzuzeigen. <\/li><\/ol><p>Sind bei der Verwendung oder Anpassung der Erweiterung Fragen aufgetreten? Lesen Sie die ausf\u00fchrliche Anleitung zum <a href=\"https:\/\/elfsight.com\/tutorials\/how-to-add-testimonials-slider-extension-to-magento\/\" target=\"_blank\" rel=\"noopener noreferrer\">Setup of Testimonials Slider auf Magento<\/a> oder nehmen Sie Kontakt mit unserem Support Center auf.<\/p><\/div>","protected":false},"excerpt":{"rendered":"","protected":false},"author":9,"featured_media":0,"parent":677,"menu_order":0,"comment_status":"closed","ping_status":"closed","template":"templates\/template-application-platform.php","meta":{"publish_to_discourse":"","publish_post_category":"","wpdc_auto_publish_overridden":"","wpdc_topic_tags":"","wpdc_pin_topic":"","wpdc_pin_until":"","discourse_post_id":"","discourse_permalink":"","wpdc_publishing_response":"","wpdc_publishing_error":"","footnotes":""},"class_list":["post-17872","page","type-page","status-publish","hentry"],"yoast_head":"<!-- This site is optimized with the Yoast SEO plugin v25.3.1 - https:\/\/yoast.com\/wordpress\/plugins\/seo\/ -->\n<title>Testimonials-Slider \u2013 Testimonials-Erweiterung zur Magento-Website hinzuf\u00fcgen<\/title>\n<meta name=\"description\" content=\"Probieren Sie die beste Testimonials Slider-Erweiterung f\u00fcr Magento kostenlos aus. Die Einrichtung ist einfach und schnell, es sind keine Kenntnisse in der Webentwicklung erforderlich. Es dauert nur 2 Minuten.\" \/>\n<meta name=\"robots\" content=\"index, follow, max-snippet:-1, max-image-preview:large, max-video-preview:-1\" \/>\n<link rel=\"canonical\" href=\"https:\/\/elfsight.com\/de\/testimonials-slider-widget\/magento\/\" \/>\n<meta property=\"og:locale\" content=\"de_DE\" \/>\n<meta property=\"og:type\" content=\"article\" \/>\n<meta property=\"og:title\" content=\"Testimonials-Slider \u2013 Testimonials-Erweiterung zur Magento-Website hinzuf\u00fcgen\" \/>\n<meta property=\"og:description\" content=\"Probieren Sie die beste Testimonials Slider-Erweiterung f\u00fcr Magento kostenlos aus. Die Einrichtung ist einfach und schnell, es sind keine Kenntnisse in der Webentwicklung erforderlich. Es dauert nur 2 Minuten.\" \/>\n<meta property=\"og:url\" content=\"https:\/\/elfsight.com\/de\/testimonials-slider-widget\/magento\/\" \/>\n<meta property=\"og:site_name\" content=\"Elfsight DE\" \/>\n<meta property=\"article:modified_time\" content=\"2025-07-10T08:32:58+00:00\" \/>\n<meta name=\"twitter:card\" content=\"summary_large_image\" \/>\n<meta name=\"twitter:label1\" content=\"Gesch\u00e4tzte Lesezeit\" \/>\n\t<meta name=\"twitter:data1\" content=\"3\u00a0Minuten\" \/>\n<!-- \/ Yoast SEO plugin. -->","yoast_head_json":{"title":"Testimonials-Slider \u2013 Testimonials-Erweiterung zur Magento-Website hinzuf\u00fcgen","description":"Probieren Sie die beste Testimonials Slider-Erweiterung f\u00fcr Magento kostenlos aus. Die Einrichtung ist einfach und schnell, es sind keine Kenntnisse in der Webentwicklung erforderlich. Es dauert nur 2 Minuten.","robots":{"index":"index","follow":"follow","max-snippet":"max-snippet:-1","max-image-preview":"max-image-preview:large","max-video-preview":"max-video-preview:-1"},"canonical":"https:\/\/elfsight.com\/de\/testimonials-slider-widget\/magento\/","og_locale":"de_DE","og_type":"article","og_title":"Testimonials-Slider \u2013 Testimonials-Erweiterung zur Magento-Website hinzuf\u00fcgen","og_description":"Probieren Sie die beste Testimonials Slider-Erweiterung f\u00fcr Magento kostenlos aus. Die Einrichtung ist einfach und schnell, es sind keine Kenntnisse in der Webentwicklung erforderlich. Es dauert nur 2 Minuten.","og_url":"https:\/\/elfsight.com\/de\/testimonials-slider-widget\/magento\/","og_site_name":"Elfsight DE","article_modified_time":"2025-07-10T08:32:58+00:00","twitter_card":"summary_large_image","twitter_misc":{"Gesch\u00e4tzte Lesezeit":"3\u00a0Minuten"},"schema":{"@context":"https:\/\/schema.org","@graph":[{"@type":"WebPage","@id":"https:\/\/elfsight.com\/de\/testimonials-slider-widget\/magento\/","url":"https:\/\/elfsight.com\/de\/testimonials-slider-widget\/magento\/","name":"Testimonials-Slider \u2013 Testimonials-Erweiterung zur Magento-Website hinzuf\u00fcgen","isPartOf":{"@id":"https:\/\/elfsight.com\/de\/#website"},"datePublished":"1970-01-01T00:00:00+00:00","dateModified":"2025-07-10T08:32:58+00:00","description":"Probieren Sie die beste Testimonials Slider-Erweiterung f\u00fcr Magento kostenlos aus. Die Einrichtung ist einfach und schnell, es sind keine Kenntnisse in der Webentwicklung erforderlich. Es dauert nur 2 Minuten.","breadcrumb":{"@id":"https:\/\/elfsight.com\/de\/testimonials-slider-widget\/magento\/#breadcrumb"},"inLanguage":"de","potentialAction":[{"@type":"ReadAction","target":["https:\/\/elfsight.com\/de\/testimonials-slider-widget\/magento\/"]}]},{"@type":"BreadcrumbList","@id":"https:\/\/elfsight.com\/de\/testimonials-slider-widget\/magento\/#breadcrumb","itemListElement":[{"@type":"ListItem","position":1,"name":"Home","item":"https:\/\/elfsight.com\/de\/"},{"@type":"ListItem","position":2,"name":"Testimonials Slider","item":"https:\/\/elfsight.com\/de\/testimonials-slider-widget\/"},{"@type":"ListItem","position":3,"name":"Testimonials Slider &#8211; Magento"}]},{"@type":"WebSite","@id":"https:\/\/elfsight.com\/de\/#website","url":"https:\/\/elfsight.com\/de\/","name":"Elfsight DE","description":"Just another Elfsight Sites site","potentialAction":[{"@type":"SearchAction","target":{"@type":"EntryPoint","urlTemplate":"https:\/\/elfsight.com\/de\/?s={search_term_string}"},"query-input":{"@type":"PropertyValueSpecification","valueRequired":true,"valueName":"search_term_string"}}],"inLanguage":"de"}]}},"meta_box":{"industry":"","seo_heading":"","heading":"","description":"","cta_heading":"","cta_description":"","application":"462","h1":"Testimonials Slider-Erweiterung f\u00fcr Magento","h1_caption":"Zeigen Sie Kundenreferenzen in einem rotierenden Schieberegler an, um Glaubw\u00fcrdigkeit aufzubauen und positives Feedback m\u00fchelos auf Ihrer Magento-Website zu pr\u00e4sentieren.","application_category":[],"applications_title":"","applications_request_title":"","applications_request_button_text":"","hero_text":"","hero_video":"","hero_video_schema_markup":"","selling_points_title":"","selling_points_caption":"","selling_points":[],"selling_points_cta_text":"","features_title":"","features":"","ed_cta_examples_text":"","ed_cta_examples_hidden":"","ed_cta_demo_text":"","ed_cta_demo_hidden":"","why_caption":"","why_editor_title":"","why_editor_text":"","why_team_title":"","why_team_text":"","why_service_title":"","why_service_text":"","template_catalog_visible":"","template_catalog_title":"","template_catalog_text":"","template_catalog_categories_visible":"","demo_title":"Erstellen Sie Ihre Testimonials-Slider-Erweiterung","demo_caption":"Konfigurieren Sie Ihren Testimonials-Slider und f\u00fcgen Sie ihn kostenlos zu Ihrer Magento-Website hinzu!","default_faq_hidden":"","app_template_category":[],"platform":"256","template_public_id":"","codecanyon_url":"","codecanyon_item_id":"","codecanyon_price":"","pricing_caption":"","pricing_elfsight_apps_hide_column":"","pricing_elfsight_apps_url":"","pricing_codecanyon_price_caption":"","integration_category":[],"integration_request_title":"","integration_request_cta":"","integration_platform":"","integrations":[],"platform_category":[],"video_schema_markup":"","price":"ab 0 $ \/ Monat","trial":"","benefits":[{"text":"Kostenlose Installationsunterst\u00fctzung"},{"text":"Erfahrener Kundensupport"},{"text":"14-t\u00e4gige R\u00fcckerstattungsgarantie"},{"text":"Kontinuierliche kostenlose Updates"}],"button_url":"#demo","button_target_blank":"","button_nofollow":"","attributes":[{"name":"Installiert","content":"10,000 - 100,000"},{"name":"Reaktionsfreudig","content":"Ja"},{"name":"Kompatible Browser","content":"Firefox, Safari, Opera, Chrome, Edge"}],"tags":[],"tags_disable_links":"","hide_more_platforms":"","video_object":"","demo_hide_cta":"","demo_hide_cloud_options":"","pricing_title":"","pricing":[{"pricing_icon":"platform","pricing_title":"Elfsight Apps","pricing_title_caption":"Plattform\u00fcbergreifende Software, die auf jeder Website funktioniert","pricing_price":"ab 0 $ \/ Monat","pricing_price_caption":"Beginnen Sie mit einem kostenlosen Plan","pricing_benefits":[{"text":"Unbegrenzte Websites"},{"text":"Unternehmensunterst\u00fctzung rund um die Uhr"},{"text":"Kostenlose Installationshilfe"},{"text":"Vollst\u00e4ndig anpassbar"}],"pricing_button_text":"Zur Website hinzuf\u00fcgen","pricing_button_url":"#demo"}],"related_apps_title":"","related_apps_hidden":"","author":"","image":[],"title":"","job":"","social_networks":[]},"_links":{"self":[{"href":"https:\/\/elfsight.com\/de\/wp-json\/wp\/v2\/pages\/17872","targetHints":{"allow":["GET"]}}],"collection":[{"href":"https:\/\/elfsight.com\/de\/wp-json\/wp\/v2\/pages"}],"about":[{"href":"https:\/\/elfsight.com\/de\/wp-json\/wp\/v2\/types\/page"}],"author":[{"embeddable":true,"href":"https:\/\/elfsight.com\/de\/wp-json\/wp\/v2\/users\/9"}],"replies":[{"embeddable":true,"href":"https:\/\/elfsight.com\/de\/wp-json\/wp\/v2\/comments?post=17872"}],"version-history":[{"count":2,"href":"https:\/\/elfsight.com\/de\/wp-json\/wp\/v2\/pages\/17872\/revisions"}],"predecessor-version":[{"id":22040,"href":"https:\/\/elfsight.com\/de\/wp-json\/wp\/v2\/pages\/17872\/revisions\/22040"}],"up":[{"embeddable":true,"href":"https:\/\/elfsight.com\/de\/wp-json\/wp\/v2\/pages\/677"}],"wp:attachment":[{"href":"https:\/\/elfsight.com\/de\/wp-json\/wp\/v2\/media?parent=17872"}],"curies":[{"name":"wp","href":"https:\/\/api.w.org\/{rel}","templated":true}]}}