{"id":17871,"date":"1970-01-01T00:00:00","date_gmt":"1970-01-01T00:00:00","guid":{"rendered":"https:\/\/elfsight.com\/de\/?page_id=17871"},"modified":"2025-07-10T08:33:08","modified_gmt":"2025-07-10T08:33:08","slug":"opencart","status":"publish","type":"page","link":"https:\/\/elfsight.com\/de\/testimonials-slider-widget\/opencart\/","title":{"rendered":"Testimonials Slider &#8211; OpenCart"},"content":{"rendered":"<div class=\"application-platform-content-item-description application-platform-content-item\" id=\"description\" data-nav-section=\"description\"><h2>Beschreibung<\/h2><p>Testimonials Slider ist ein responsives Modul zum Anzeigen von Bewertungen Ihrer Benutzer auf Ihrer pers\u00f6nlichen Website. Es steht Ihnen frei, beliebige soziale Beweise hinzuzuf\u00fcgen, um das Feedback vertrauensw\u00fcrdig zu machen: den Namen des Autors, ein Foto, das Logo seiner Firma und sogar eine URL zur Website.<\/p><p><b>Steigern Sie das Vertrauen in Ihre Produkte, indem Sie den Lesern Ihr Feedback zeigen Begeisterte K\u00e4ufer pers\u00f6nlich.<\/b><\/p><ul><li><b>Verbessern Sie Ihre Testimonials, um sie absolut vertrauensw\u00fcrdig zu machen<\/b>.<br>F\u00fcgen Sie alle m\u00f6glichen Informationen \u00fcber den Autor jedes Testimonials hinzu , einschlie\u00dflich Name, Firma und Position. Zeigen Sie Kunden, dass es sich um Erfahrungsberichte von echten Kunden handelt.<\/li><li><b>\u00dcberzeugen Sie Benutzer zum Handeln<\/b>.<br>Das Hinzuf\u00fcgen echter Benutzerreferenzen mit guten Interaktionsbeispielen \u00fcberzeugt Leser, diese zu teilen Impressionen und motiviert sie zum Kauf und erh\u00f6ht Ihr Conversion-Level.<\/li><li><b>Starker Social Proof<\/b>.<br>Ein Link vom Feedback zu Facebook, Google oder der Website des Autors ist eine solide Botschaft f\u00fcr Leser, was die Glaubw\u00fcrdigkeit verdoppelt und zeigt, dass Ihr Unternehmen echt ist.<\/li><\/ul><\/div><div class=\"application-platform-content-item-features application-platform-content-item\" id=\"features\" data-nav-section=\"features\"><h2>Funktionen<\/h2><p>Die entscheidenden Funktionen, die Machen Sie den Elfsight Testimonials Slider zu einem unverzichtbaren Modul f\u00fcr jede OpenCart-Site.<\/p><ul><li>Verwenden Sie die Facebook- oder Twitter-Profil-URL, um zu beweisen, dass der Autor echt ist;<\/li><li>Link zum Autor hinzuf\u00fcgen Facebook- oder Twitter-Profil f\u00fcr mehr Glaubw\u00fcrdigkeit;<\/li><li>Probieren Sie 6 adaptive Testimonial-Vorlagen aus und finden Sie die, die Sie brauchen;<\/li><li>W\u00e4hlen Sie eine der sechs fertigen Testimonial-Vorlagen.<\/li><\/ul><p><a href=\"#demo\">Probieren Sie diese Funktionen in der Live-Demo aus<\/a><\/p><\/div><div class=\"application-platform-content-item-installation application-platform-content-item\" id=\"installation\" data-nav-section=\"installation\"><h2>So f\u00fcgen Sie die Testimonial-Erweiterung zur OpenCart-Website hinzu <\/h2><p>Befolgen Sie einfach die nachstehenden Anweisungen, um die Erweiterung in OpenCart einzubetten.<\/p> <ol><li><b>Nutzen Sie unsere kostenlose Demo und beginnen Sie mit der Gestaltung Ihres ma\u00dfgeschneiderten Instruments. <\/b><br> Suchen Sie die benutzerdefinierte Benutzeroberfl\u00e4che und die Parameter des Tools und \u00fcbernehmen Sie die \u00c4nderungen. <\/li> <li><b>Erhalten Sie den individuellen Code, der im speziellen Formular auf Elfsight Apps angezeigt wird. <\/b><br> Nachdem die Einrichtung Ihrer Testimonials Slider-Erweiterung abgeschlossen ist, kopieren Sie den pers\u00f6nlichen Code im angezeigten Popup und bewahren Sie ihn f\u00fcr die zuk\u00fcnftige Verwendung auf. <\/li> <li><b>Geben Sie die Verwendung der Erweiterung auf der OpenCart-Website ein. <\/b><br> F\u00fcgen Sie den zuvor kopierten Code in Ihre Website ein und speichern Sie die \u00c4nderungen. <\/li> <li><b>Die Installation wurde erfolgreich durchgef\u00fchrt. <\/b><br> Besuchen Sie Ihre Website, um zu sehen, wie das Tool funktioniert. <\/li><\/ol> <p>Sind Sie beim Einrichten oder Anpassen des Moduls auf Schwierigkeiten gesto\u00dfen? Lesen Sie das umfassende Handbuch zum <a href=\"https:\/\/elfsight.com\/tutorials\/how-to-add-testimonials-slider-widget-to-opencart\/\" target=\"_blank\" rel=\"noopener noreferrer\">Erstellen von Testimonials Slider zu OpenCart<\/a> oder wenden Sie sich an unser Support Center.<\/p><div class=\"faq\" data-component=\"FAQ\"> <div class=\"faq-item\">\r\n\t\t\t\t\t<div class=\"faq-item-question\">\r\n\t\t\t\t\t\t<h3 class=\"faq-item-question-text\">Wie f\u00fcge ich Testimonials Slider ohne Programmierkenntnisse zu meiner OpenCart-Website hinzu?<\/h3>\r\n\r\n\t\t\t\t\t\t<div class=\"faq-item-question-icon\"><\/div>\r\n\t\t\t\t\t<\/div>\r\n\r\n\t\t\t\t\t<div class=\"faq-item-answer\">\r\n\t\t\t\t\t\t<div class=\"faq-item-answer-text\"> <p>Elfsight bietet eine SaaS-L\u00f6sung Sehen Sie, wie einfach der Vorgang ist: Arbeiten Sie direkt im Online-Editor, um ein Testimonials-Slider-Widget zu erstellen, das Sie gerne auf Ihrer OpenCart-Website sehen w\u00fcrden. W\u00e4hlen Sie eine der vorgefertigten Vorlagen aus und passen Sie die Einstellungen des Testimonials-Schiebereglers an, f\u00fcgen Sie Ihre Inhalte hinzu, \u00e4ndern Sie das Layout und die Farben ohne Programmierkenntnisse. Speichern Sie den Testimonials-Slider und kopieren Sie seinen Installationscode, den Sie einfach in Ihre OpenCart-Website einbinden k\u00f6nnen, ohne eine kostenpflichtige Version zu kaufen. Mit unserem intuitiven Editor kann jeder Internetnutzer online ein Testimonials-Slider-Widget erstellen und es einfach in seine OpenCart-Website einbetten. Sie m\u00fcssen weder bezahlen noch Ihre Kartendaten eingeben, um auf den Service zuzugreifen. Sollten bei irgendeinem Schritt Probleme auftreten, wenden Sie sich bitte an unser technisches Support-Team.<\/p> <\/div>\r\n\t\t\t\t\t<\/div>\r\n\t\t\t\t<\/div> <\/div> <\/div>","protected":false},"excerpt":{"rendered":"","protected":false},"author":9,"featured_media":0,"parent":677,"menu_order":0,"comment_status":"closed","ping_status":"closed","template":"templates\/template-application-platform.php","meta":{"publish_to_discourse":"","publish_post_category":"","wpdc_auto_publish_overridden":"","wpdc_topic_tags":"","wpdc_pin_topic":"","wpdc_pin_until":"","discourse_post_id":"","discourse_permalink":"","wpdc_publishing_response":"","wpdc_publishing_error":"","footnotes":""},"class_list":["post-17871","page","type-page","status-publish","hentry"],"yoast_head":"<!-- This site is optimized with the Yoast SEO plugin v25.3.1 - https:\/\/yoast.com\/wordpress\/plugins\/seo\/ -->\n<title>Testimonials-Slider \u2013 Testimonial-Erweiterung zur OpenCart-Website hinzuf\u00fcgen<\/title>\n<meta name=\"description\" content=\"Probieren Sie die beste Testimonials Slider-Erweiterung f\u00fcr WordPress kostenlos aus. Eine einfache und schnelle Einrichtung in nur wenigen Minuten. Keine Fachkenntnisse in der Webentwicklung erforderlich.\" \/>\n<meta name=\"robots\" content=\"index, follow, max-snippet:-1, max-image-preview:large, max-video-preview:-1\" \/>\n<link rel=\"canonical\" href=\"https:\/\/elfsight.com\/de\/testimonials-slider-widget\/opencart\/\" \/>\n<meta property=\"og:locale\" content=\"de_DE\" \/>\n<meta property=\"og:type\" content=\"article\" \/>\n<meta property=\"og:title\" content=\"Testimonials-Slider \u2013 Testimonial-Erweiterung zur OpenCart-Website hinzuf\u00fcgen\" \/>\n<meta property=\"og:description\" content=\"Probieren Sie die beste Testimonials Slider-Erweiterung f\u00fcr WordPress kostenlos aus. Eine einfache und schnelle Einrichtung in nur wenigen Minuten. Keine Fachkenntnisse in der Webentwicklung erforderlich.\" \/>\n<meta property=\"og:url\" content=\"https:\/\/elfsight.com\/de\/testimonials-slider-widget\/opencart\/\" \/>\n<meta property=\"og:site_name\" content=\"Elfsight DE\" \/>\n<meta property=\"article:modified_time\" content=\"2025-07-10T08:33:08+00:00\" \/>\n<meta name=\"twitter:card\" content=\"summary_large_image\" \/>\n<meta name=\"twitter:label1\" content=\"Gesch\u00e4tzte Lesezeit\" \/>\n\t<meta name=\"twitter:data1\" content=\"3\u00a0Minuten\" \/>\n<!-- \/ Yoast SEO plugin. -->","yoast_head_json":{"title":"Testimonials-Slider \u2013 Testimonial-Erweiterung zur OpenCart-Website hinzuf\u00fcgen","description":"Probieren Sie die beste Testimonials Slider-Erweiterung f\u00fcr WordPress kostenlos aus. Eine einfache und schnelle Einrichtung in nur wenigen Minuten. Keine Fachkenntnisse in der Webentwicklung erforderlich.","robots":{"index":"index","follow":"follow","max-snippet":"max-snippet:-1","max-image-preview":"max-image-preview:large","max-video-preview":"max-video-preview:-1"},"canonical":"https:\/\/elfsight.com\/de\/testimonials-slider-widget\/opencart\/","og_locale":"de_DE","og_type":"article","og_title":"Testimonials-Slider \u2013 Testimonial-Erweiterung zur OpenCart-Website hinzuf\u00fcgen","og_description":"Probieren Sie die beste Testimonials Slider-Erweiterung f\u00fcr WordPress kostenlos aus. Eine einfache und schnelle Einrichtung in nur wenigen Minuten. Keine Fachkenntnisse in der Webentwicklung erforderlich.","og_url":"https:\/\/elfsight.com\/de\/testimonials-slider-widget\/opencart\/","og_site_name":"Elfsight DE","article_modified_time":"2025-07-10T08:33:08+00:00","twitter_card":"summary_large_image","twitter_misc":{"Gesch\u00e4tzte Lesezeit":"3\u00a0Minuten"},"schema":{"@context":"https:\/\/schema.org","@graph":[{"@type":"WebPage","@id":"https:\/\/elfsight.com\/de\/testimonials-slider-widget\/opencart\/","url":"https:\/\/elfsight.com\/de\/testimonials-slider-widget\/opencart\/","name":"Testimonials-Slider \u2013 Testimonial-Erweiterung zur OpenCart-Website hinzuf\u00fcgen","isPartOf":{"@id":"https:\/\/elfsight.com\/de\/#website"},"datePublished":"1970-01-01T00:00:00+00:00","dateModified":"2025-07-10T08:33:08+00:00","description":"Probieren Sie die beste Testimonials Slider-Erweiterung f\u00fcr WordPress kostenlos aus. Eine einfache und schnelle Einrichtung in nur wenigen Minuten. Keine Fachkenntnisse in der Webentwicklung erforderlich.","breadcrumb":{"@id":"https:\/\/elfsight.com\/de\/testimonials-slider-widget\/opencart\/#breadcrumb"},"inLanguage":"de","potentialAction":[{"@type":"ReadAction","target":["https:\/\/elfsight.com\/de\/testimonials-slider-widget\/opencart\/"]}]},{"@type":"BreadcrumbList","@id":"https:\/\/elfsight.com\/de\/testimonials-slider-widget\/opencart\/#breadcrumb","itemListElement":[{"@type":"ListItem","position":1,"name":"Home","item":"https:\/\/elfsight.com\/de\/"},{"@type":"ListItem","position":2,"name":"Testimonials Slider","item":"https:\/\/elfsight.com\/de\/testimonials-slider-widget\/"},{"@type":"ListItem","position":3,"name":"Testimonials Slider &#8211; OpenCart"}]},{"@type":"WebSite","@id":"https:\/\/elfsight.com\/de\/#website","url":"https:\/\/elfsight.com\/de\/","name":"Elfsight DE","description":"Just another Elfsight Sites site","potentialAction":[{"@type":"SearchAction","target":{"@type":"EntryPoint","urlTemplate":"https:\/\/elfsight.com\/de\/?s={search_term_string}"},"query-input":{"@type":"PropertyValueSpecification","valueRequired":true,"valueName":"search_term_string"}}],"inLanguage":"de"}]}},"meta_box":{"industry":"","seo_heading":"","heading":"","description":"","cta_heading":"","cta_description":"","application":"462","h1":"Testimonials Slider-Erweiterung f\u00fcr OpenCart","h1_caption":"Zeigen Sie Kundenreferenzen in einem rotierenden Schieberegler an, um Glaubw\u00fcrdigkeit aufzubauen und positives Feedback m\u00fchelos auf Ihrer Opencart-Website zu pr\u00e4sentieren.","application_category":[],"applications_title":"","applications_request_title":"","applications_request_button_text":"","hero_text":"","hero_video":"","hero_video_schema_markup":"","selling_points_title":"","selling_points_caption":"","selling_points":[],"selling_points_cta_text":"","features_title":"","features":"","ed_cta_examples_text":"","ed_cta_examples_hidden":"","ed_cta_demo_text":"","ed_cta_demo_hidden":"","why_caption":"","why_editor_title":"","why_editor_text":"","why_team_title":"","why_team_text":"","why_service_title":"","why_service_text":"","template_catalog_visible":"","template_catalog_title":"","template_catalog_text":"","template_catalog_categories_visible":"","demo_title":"Erstellen Sie Ihre Testimonials-Slider-Erweiterung","demo_caption":"Konfigurieren Sie Ihren Testimonials-Slider und f\u00fcgen Sie ihn kostenlos zu Ihrer OpenCart-Website hinzu!","default_faq_hidden":"","app_template_category":[],"platform":"254","template_public_id":"","codecanyon_url":"","codecanyon_item_id":"","codecanyon_price":"","pricing_caption":"","pricing_elfsight_apps_hide_column":"","pricing_elfsight_apps_url":"","pricing_codecanyon_price_caption":"","integration_category":[],"integration_request_title":"","integration_request_cta":"","integration_platform":"","integrations":[],"platform_category":[],"video_schema_markup":"","price":"ab 0 $ \/ Monat","trial":"","benefits":[{"text":"Kostenlose Installationsunterst\u00fctzung"},{"text":"Au\u00dfergew\u00f6hnlicher Support"},{"text":"14-t\u00e4gige R\u00fcckerstattungsgarantie"},{"text":"Lebenslange Verbesserungen"}],"button_url":"#demo","button_target_blank":"","button_nofollow":"","attributes":[{"name":"Installiert","content":"10,000 - 100,000"},{"name":"Reaktionsfreudig","content":"Ja"},{"name":"Kompatible Browser","content":"Chrome, Edge, Safari, Firefox, Opera"}],"tags":[],"tags_disable_links":"","hide_more_platforms":"","video_object":"","demo_hide_cta":"","demo_hide_cloud_options":"","pricing_title":"","pricing":[{"pricing_icon":"platform","pricing_title":"Elfsight Apps","pricing_title_caption":"Multiplattform-Version, die zu jeder Website passt","pricing_price":"ab 0 $ \/ Monat","pricing_price_caption":"Beginnen Sie mit einem kostenlosen Plan","pricing_benefits":[{"text":"Unbegrenzte Websites"},{"text":"Engagierte Unterst\u00fctzung"},{"text":"Kostenloser Installationsservice"},{"text":"100 % anpassbar"}],"pricing_button_text":"Zur Website hinzuf\u00fcgen","pricing_button_url":"#demo"}],"related_apps_title":"","related_apps_hidden":"","author":"","image":[],"title":"","job":"","social_networks":[]},"_links":{"self":[{"href":"https:\/\/elfsight.com\/de\/wp-json\/wp\/v2\/pages\/17871","targetHints":{"allow":["GET"]}}],"collection":[{"href":"https:\/\/elfsight.com\/de\/wp-json\/wp\/v2\/pages"}],"about":[{"href":"https:\/\/elfsight.com\/de\/wp-json\/wp\/v2\/types\/page"}],"author":[{"embeddable":true,"href":"https:\/\/elfsight.com\/de\/wp-json\/wp\/v2\/users\/9"}],"replies":[{"embeddable":true,"href":"https:\/\/elfsight.com\/de\/wp-json\/wp\/v2\/comments?post=17871"}],"version-history":[{"count":1,"href":"https:\/\/elfsight.com\/de\/wp-json\/wp\/v2\/pages\/17871\/revisions"}],"predecessor-version":[{"id":17875,"href":"https:\/\/elfsight.com\/de\/wp-json\/wp\/v2\/pages\/17871\/revisions\/17875"}],"up":[{"embeddable":true,"href":"https:\/\/elfsight.com\/de\/wp-json\/wp\/v2\/pages\/677"}],"wp:attachment":[{"href":"https:\/\/elfsight.com\/de\/wp-json\/wp\/v2\/media?parent=17871"}],"curies":[{"name":"wp","href":"https:\/\/api.w.org\/{rel}","templated":true}]}}