{"id":17866,"date":"1970-01-01T00:00:00","date_gmt":"1970-01-01T00:00:00","guid":{"rendered":"https:\/\/elfsight.com\/de\/?page_id=17866"},"modified":"2025-02-18T17:22:59","modified_gmt":"2025-02-18T17:22:59","slug":"squarespace","status":"publish","type":"page","link":"https:\/\/elfsight.com\/de\/testimonials-slider-widget\/squarespace\/","title":{"rendered":"Testimonials Slider &#8211; SquareSpace"},"content":{"rendered":"\n<div class=\"application-platform-content-item-description application-platform-content-item\" id=\"description\" data-nav-section=\"description\"><h2>Testimonials Slider auf SquareSpace mit dem Elfsight-Widget einbetten<\/h2><p>Testimonials Slider ist ein responsives Widget zum Anzeigen des Feedbacks Ihrer K\u00e4ufer Ihre pers\u00f6nliche Seite. Sie k\u00f6nnen verschiedene Arten von Social Proof anh\u00e4ngen, um die Bewertungen vertrauensw\u00fcrdig zu machen: den Namen des Autors, ein Foto, das Firmenlogo des Unternehmens und sogar einen Link zur Website.<\/p><p><b>Erh\u00f6hen Sie das Vertrauen in Ihr Unternehmen, indem Sie es zeigen Geben Sie den Nutzern Ihre wahren und nat\u00fcrlichen Erfahrungsberichte.<\/b><\/p><ul><li><b>\u00dcberzeugen Sie die Leser zum Kauf<\/b>.<br>Das Zeigen echter Kundenstimmen mit positiver Interaktion inspiriert Benutzer dazu, diese Erfahrung zu teilen und motiviert sie zum Kauf und steigert Ihre Conversion.<\/li><li><b>Doppeltes Vertrauen in Ihre Website<\/b>.<br>Nutzen Sie die Bewertungen Ihrer Kunden auf der Website und r\u00fchmen Sie sich mit Beispielen zufriedener Kundenerlebnisse, um dies zu st\u00e4rken Vertrauen in Ihr Unternehmen.<\/li><li><b>Loyalit\u00e4t Ihrer Besucher<\/b>.<br>Ein Kunde hat eine positive Bewertung \u00fcber Ihr Unternehmen abgegeben? Lassen Sie es nicht unbemerkt und dr\u00fccken Sie Ihre Wertsch\u00e4tzung aus, indem Sie es auf der Website einbetten.<\/li><\/ul><\/div><div class=\"application-platform-content-item-features application-platform-content-item\" id=\"features\" data-nav-section=\"features\"><h2>Hauptfunktionen des Testimonials-Slider-Widgets<\/h2><p>Die entscheidenden Eigenschaften, die den Elfsight Testimonial Slider zu einem wertvollen Widget f\u00fcr jede SquareSpace-Site machen.<\/p><ul><li>Maximale Autoreninformationen hinzuf\u00fcgen \u2013 Firmenlogo des Autors anzeigen;<\/li><li>Bearbeitbar Widget-Titel, um ihm einen auff\u00e4lligen Namen zu geben;<\/li><li>F\u00fcgen Sie einen Link zum Facebook- oder Twitter-Profil des Autors hinzu, um die Glaubw\u00fcrdigkeit zu erh\u00f6hen;<\/li><li>Layout in voller Breite.<\/li><\/ul> <p><a href=\"#demo\">Probieren Sie diese Funktionen in der Live-Demo aus<\/a><\/p><\/div><div class=\"application-platform-content-item-installation application-platform-content-item\" id=\"installation\" data-nav-section=\"installation\"><h2>So f\u00fcgen Sie den Testimonial-Slider zur Squarespace-Website hinzu<\/h2> <div class=\"video-container\"><iframe width=\"560\" height=\"315\" src=\"https:\/\/www.youtube.com\/embed\/mMQWrphD-xI?si=UcRcWl23UCOb6NjC\" frameborder=\"0\" allow=\"accelerometer; autoplay; clipboard-write; encrypted-media; gyroscope; picture-in-picture; web-share\" allowfullscreen><\/iframe><\/div><p>Das Elfsight-Plugin ist einfach zu installieren und erfordert keine Erfahrung in der Entwicklung. Das Ausf\u00fcllen der Anweisungen dauert weniger als 3 Minuten.<\/p><ol><li><b>Entwerfen Sie Ihren individuellen Testimonials-Slider.<\/b><br>Erstellen Sie mit Hilfe unseres kostenlosen Editors ein Plugin mit Preferred Design und Optionen.<\/li><li><b>Kopieren Sie den Code f\u00fcr die Plugin-Einbettung.<\/b><br>Nach der Widget-Konfiguration erhalten Sie den Code f\u00fcr das Testimonials-Plugin aus der angezeigten Benachrichtigung auf Elfsight Apps.<\/li> <li><b>Betten Sie das Plugin auf der SquareSpace-Website ein.<\/b><br>Betten Sie das Plugin an der erforderlichen Stelle der Seite ein und \u00fcbernehmen Sie die \u00c4nderungen.<\/li><li><b>Fertig! <\/b><br>Betreten Sie Ihre SquareSpace-Website, um Ihre Arbeit zu \u00fcberpr\u00fcfen.<\/li><\/ol><p>Haben Sie Probleme beim Einbetten oder Anpassen des Widgets? Lesen Sie das ausf\u00fchrliche Handbuch zum Erstellen von Testimonials Slider zu SquareSpace<\/a> oder wenden Sie sich an unser Support Center.<\/p><div class=\"faq\" data-component=\"FAQ\"> <div class=\"faq-item\">\r\n\t\t\t\t\t<div class=\"faq-item-question\">\r\n\t\t\t\t\t\t<h3 class=\"faq-item-question-text\">Wie kann ich den Testimonials Slider ohne Programmierkenntnisse zu meiner Squarespace-Website hinzuf\u00fcgen?<\/h3>\r\n\r\n\t\t\t\t\t\t<div class=\"faq-item-question-icon\"><\/div>\r\n\t\t\t\t\t<\/div>\r\n\r\n\t\t\t\t\t<div class=\"faq-item-answer\">\r\n\t\t\t\t\t\t<div class=\"faq-item-answer-text\"> <p>Elfsight bietet ein SaaS L\u00f6sung, mit der Sie selbst ein Testimonials-Slider-Widget erstellen k\u00f6nnen, sehen Sie, wie einfach der Vorgang ist: Arbeiten Sie direkt im Online-Editor, um ein Testimonials-Slider-Widget zu erstellen, das Sie gerne auf Ihrer Squarespace-Website sehen w\u00fcrden. W\u00e4hlen Sie eine der vorgefertigten Vorlagen aus und passen Sie die Einstellungen des Testimonials-Schiebereglers an, f\u00fcgen Sie Ihre Inhalte hinzu, \u00e4ndern Sie das Layout und das Farbschema ohne Programmierkenntnisse. Speichern Sie den Testimonials-Slider und kopieren Sie seinen Installationscode, den Sie in Ihre Squarespace-Website einf\u00fcgen k\u00f6nnen, ohne ein kostenpflichtiges Abonnement kaufen zu m\u00fcssen. Mit unserem intuitiven Editor kann jeder Internetnutzer online ein Testimonials-Slider-Widget erstellen und es ganz einfach in seine Squarespace-Website einbetten. Sie m\u00fcssen weder bezahlen noch Ihre Kartendaten eingeben, um auf den Service zuzugreifen. Sollten bei irgendeinem Schritt Probleme auftreten, wenden Sie sich bitte an unser technisches Support-Team.<\/p> <\/div>\r\n\t\t\t\t\t<\/div>\r\n\t\t\t\t<\/div> <\/div> <\/div>\n\n\n\n<p><\/p>\n","protected":false},"excerpt":{"rendered":"","protected":false},"author":9,"featured_media":0,"parent":677,"menu_order":0,"comment_status":"closed","ping_status":"closed","template":"templates\/template-application-platform.php","meta":{"publish_to_discourse":"","publish_post_category":"","wpdc_auto_publish_overridden":"","wpdc_topic_tags":"","wpdc_pin_topic":"","wpdc_pin_until":"","discourse_post_id":"","discourse_permalink":"","wpdc_publishing_response":"","wpdc_publishing_error":"","footnotes":""},"class_list":["post-17866","page","type-page","status-publish","hentry"],"yoast_head":"<!-- This site is optimized with the Yoast SEO plugin v25.3.1 - https:\/\/yoast.com\/wordpress\/plugins\/seo\/ -->\n<title>Testimonials-Slider \u2013 Testimonial-Widget zur Squarespace-Website hinzuf\u00fcgen<\/title>\n<meta name=\"description\" content=\"Schauen Sie sich kostenlos das beste Testimonial-Slider-Widget f\u00fcr SquareSpace an. Eine sofortige Integration ohne Fachkenntnisse in der Webentwicklung in nur wenigen Minuten.\" \/>\n<meta name=\"robots\" content=\"index, follow, max-snippet:-1, max-image-preview:large, max-video-preview:-1\" \/>\n<link rel=\"canonical\" href=\"https:\/\/elfsight.com\/de\/testimonials-slider-widget\/squarespace\/\" \/>\n<meta property=\"og:locale\" content=\"de_DE\" \/>\n<meta property=\"og:type\" content=\"article\" \/>\n<meta property=\"og:title\" content=\"Testimonials-Slider \u2013 Testimonial-Widget zur Squarespace-Website hinzuf\u00fcgen\" \/>\n<meta property=\"og:description\" content=\"Schauen Sie sich kostenlos das beste Testimonial-Slider-Widget f\u00fcr SquareSpace an. Eine sofortige Integration ohne Fachkenntnisse in der Webentwicklung in nur wenigen Minuten.\" \/>\n<meta property=\"og:url\" content=\"https:\/\/elfsight.com\/de\/testimonials-slider-widget\/squarespace\/\" \/>\n<meta property=\"og:site_name\" content=\"Elfsight DE\" \/>\n<meta property=\"article:modified_time\" content=\"2025-02-18T17:22:59+00:00\" \/>\n<meta name=\"twitter:card\" content=\"summary_large_image\" \/>\n<meta name=\"twitter:label1\" content=\"Gesch\u00e4tzte Lesezeit\" \/>\n\t<meta name=\"twitter:data1\" content=\"3\u00a0Minuten\" \/>\n<!-- \/ Yoast SEO plugin. -->","yoast_head_json":{"title":"Testimonials-Slider \u2013 Testimonial-Widget zur Squarespace-Website hinzuf\u00fcgen","description":"Schauen Sie sich kostenlos das beste Testimonial-Slider-Widget f\u00fcr SquareSpace an. Eine sofortige Integration ohne Fachkenntnisse in der Webentwicklung in nur wenigen Minuten.","robots":{"index":"index","follow":"follow","max-snippet":"max-snippet:-1","max-image-preview":"max-image-preview:large","max-video-preview":"max-video-preview:-1"},"canonical":"https:\/\/elfsight.com\/de\/testimonials-slider-widget\/squarespace\/","og_locale":"de_DE","og_type":"article","og_title":"Testimonials-Slider \u2013 Testimonial-Widget zur Squarespace-Website hinzuf\u00fcgen","og_description":"Schauen Sie sich kostenlos das beste Testimonial-Slider-Widget f\u00fcr SquareSpace an. Eine sofortige Integration ohne Fachkenntnisse in der Webentwicklung in nur wenigen Minuten.","og_url":"https:\/\/elfsight.com\/de\/testimonials-slider-widget\/squarespace\/","og_site_name":"Elfsight DE","article_modified_time":"2025-02-18T17:22:59+00:00","twitter_card":"summary_large_image","twitter_misc":{"Gesch\u00e4tzte Lesezeit":"3\u00a0Minuten"},"schema":{"@context":"https:\/\/schema.org","@graph":[{"@type":"WebPage","@id":"https:\/\/elfsight.com\/de\/testimonials-slider-widget\/squarespace\/","url":"https:\/\/elfsight.com\/de\/testimonials-slider-widget\/squarespace\/","name":"Testimonials-Slider \u2013 Testimonial-Widget zur Squarespace-Website hinzuf\u00fcgen","isPartOf":{"@id":"https:\/\/elfsight.com\/de\/#website"},"datePublished":"1970-01-01T00:00:00+00:00","dateModified":"2025-02-18T17:22:59+00:00","description":"Schauen Sie sich kostenlos das beste Testimonial-Slider-Widget f\u00fcr SquareSpace an. Eine sofortige Integration ohne Fachkenntnisse in der Webentwicklung in nur wenigen Minuten.","breadcrumb":{"@id":"https:\/\/elfsight.com\/de\/testimonials-slider-widget\/squarespace\/#breadcrumb"},"inLanguage":"de","potentialAction":[{"@type":"ReadAction","target":["https:\/\/elfsight.com\/de\/testimonials-slider-widget\/squarespace\/"]}]},{"@type":"BreadcrumbList","@id":"https:\/\/elfsight.com\/de\/testimonials-slider-widget\/squarespace\/#breadcrumb","itemListElement":[{"@type":"ListItem","position":1,"name":"Home","item":"https:\/\/elfsight.com\/de\/"},{"@type":"ListItem","position":2,"name":"Testimonials Slider","item":"https:\/\/elfsight.com\/de\/testimonials-slider-widget\/"},{"@type":"ListItem","position":3,"name":"Testimonials Slider &#8211; SquareSpace"}]},{"@type":"WebSite","@id":"https:\/\/elfsight.com\/de\/#website","url":"https:\/\/elfsight.com\/de\/","name":"Elfsight DE","description":"Just another Elfsight Sites site","potentialAction":[{"@type":"SearchAction","target":{"@type":"EntryPoint","urlTemplate":"https:\/\/elfsight.com\/de\/?s={search_term_string}"},"query-input":{"@type":"PropertyValueSpecification","valueRequired":true,"valueName":"search_term_string"}}],"inLanguage":"de"}]}},"meta_box":{"industry":"","seo_heading":"","heading":"","description":"","cta_heading":"","cta_description":"","application":"462","h1":"Testimonials-Slider-Widget f\u00fcr Squarespace","h1_caption":"Zeigen Sie Kundenreferenzen in einem rotierenden Schieberegler an, um Glaubw\u00fcrdigkeit aufzubauen und positives Feedback m\u00fchelos auf Ihrer Squarespace-Website zu pr\u00e4sentieren.","application_category":[],"applications_title":"","applications_request_title":"","applications_request_button_text":"","hero_text":"","hero_video":"","hero_video_schema_markup":"","selling_points_title":"","selling_points_caption":"","selling_points":[],"selling_points_cta_text":"","features_title":"","features":"","ed_cta_examples_text":"","ed_cta_examples_hidden":"","ed_cta_demo_text":"","ed_cta_demo_hidden":"","why_caption":"","why_editor_title":"","why_editor_text":"","why_team_title":"","why_team_text":"","why_service_title":"","why_service_text":"","template_catalog_visible":"0","template_catalog_title":"","template_catalog_text":"","template_catalog_categories_visible":"","demo_title":"Erstellen Sie Ihr Testimonials-Slider-Plugin","demo_caption":"Konfigurieren Sie Ihren Testimonials-Slider und f\u00fcgen Sie ihn kostenlos zu Ihrer Squarespace-Website hinzu!","default_faq_hidden":"","app_template_category":[],"platform":"252","template_public_id":"","codecanyon_url":"","codecanyon_item_id":"","codecanyon_price":"","pricing_caption":"","pricing_elfsight_apps_hide_column":"","pricing_elfsight_apps_url":"","pricing_codecanyon_price_caption":"","integration_category":[],"integration_request_title":"","integration_request_cta":"","integration_platform":"","integrations":[],"platform_category":[],"video_schema_markup":"","price":"ab 0 $ \/ Monat","trial":"","benefits":[{"text":"Kostenlose Installationsunterst\u00fctzung"},{"text":"Au\u00dfergew\u00f6hnlicher Support"},{"text":"14-t\u00e4gige Geld-zur\u00fcck-Garantie"},{"text":"Lebenslange kostenlose Updates"}],"button_url":"#demo","button_target_blank":"0","button_nofollow":"0","attributes":[{"name":"Installiert","content":"10,000 - 100,000"},{"name":"Reaktionsfreudig","content":"Ja"},{"name":"Kompatible Browser","content":"Firefox, Safari, Opera, Chrome, Edge"}],"tags":[],"tags_disable_links":"0","hide_more_platforms":"0","video_object":"","demo_hide_cta":"0","demo_hide_cloud_options":"0","pricing_title":"","pricing":[{"pricing_icon":"platform","pricing_title":"Elfsight Apps","pricing_title_caption":"Multiplattform-Version, die auf jeder Site funktioniert","pricing_price":"ab 0 $ \/ Monat","pricing_price_caption":"Beginnen Sie mit einem kostenlosen Plan","pricing_benefits":[{"text":"Unbegrenzte Domains"},{"text":"Engagierter Kundensupport und gut dokumentiert"},{"text":"Kostenloser Installationsservice"},{"text":"Vollst\u00e4ndig anpassbar"}],"pricing_button_text":"Zur Website hinzuf\u00fcgen","pricing_button_url":"#demo"}],"related_apps_title":"","related_apps_hidden":"0","author":"","image":[],"title":"","job":"","social_networks":[]},"_links":{"self":[{"href":"https:\/\/elfsight.com\/de\/wp-json\/wp\/v2\/pages\/17866","targetHints":{"allow":["GET"]}}],"collection":[{"href":"https:\/\/elfsight.com\/de\/wp-json\/wp\/v2\/pages"}],"about":[{"href":"https:\/\/elfsight.com\/de\/wp-json\/wp\/v2\/types\/page"}],"author":[{"embeddable":true,"href":"https:\/\/elfsight.com\/de\/wp-json\/wp\/v2\/users\/9"}],"replies":[{"embeddable":true,"href":"https:\/\/elfsight.com\/de\/wp-json\/wp\/v2\/comments?post=17866"}],"version-history":[{"count":3,"href":"https:\/\/elfsight.com\/de\/wp-json\/wp\/v2\/pages\/17866\/revisions"}],"predecessor-version":[{"id":24378,"href":"https:\/\/elfsight.com\/de\/wp-json\/wp\/v2\/pages\/17866\/revisions\/24378"}],"up":[{"embeddable":true,"href":"https:\/\/elfsight.com\/de\/wp-json\/wp\/v2\/pages\/677"}],"wp:attachment":[{"href":"https:\/\/elfsight.com\/de\/wp-json\/wp\/v2\/media?parent=17866"}],"curies":[{"name":"wp","href":"https:\/\/api.w.org\/{rel}","templated":true}]}}