{"id":17865,"date":"1970-01-01T00:00:00","date_gmt":"1970-01-01T00:00:00","guid":{"rendered":"https:\/\/elfsight.com\/de\/?page_id=17865"},"modified":"2025-12-01T09:22:41","modified_gmt":"2025-12-01T09:22:41","slug":"webflow","status":"publish","type":"page","link":"https:\/\/elfsight.com\/de\/testimonials-slider-widget\/webflow\/","title":{"rendered":"Testimonials Slider &#8211; Webflow"},"content":{"rendered":"\n<div class=\"application-platform-content-item-description application-platform-content-item\" id=\"description\" data-nav-section=\"description\"><h2>Testimonials Slider in Webflow mit dem Elfsight-Widget einbetten<\/h2><p>Testimonials Slider ist ein einfaches Widget, mit dem Sie das Feedback Ihrer Kunden offenlegen k\u00f6nnen Ihre pers\u00f6nliche Website. Es steht Ihnen frei, alle Arten von Social Proof zu verwenden, um Testimonials vertrauensw\u00fcrdig zu machen: den Namen des Autors, ein Foto, das Logo der Organisation und sogar einen Link zur Website.<\/p><p><b>Erh\u00f6hen Sie das Vertrauen in Ihren Service, indem Sie es zeigen Geben Sie Ihren Lesern ein ehrliches und offenes Feedback dazu.<\/b><\/p><ul><li><b>Motivieren Sie Benutzer zum Handeln<\/b>.<br>Die Darstellung wahrer Benutzerbewertungen mit einer fr\u00f6hlichen Geschichte motiviert Besucher, dies zu teilen Erfahrung und regt sie zum Handeln an und erh\u00f6ht Ihr Konversionsniveau.<\/li><li><b>Vervielfachen Sie das Vertrauen in Ihre Website<\/b>.<br>Zeigen Sie Erfahrungsberichte Ihrer Kunden auf der Website an und demonstrieren Sie Beispiele f\u00fcr gute Kundenerfahrungen um das Vertrauen in Ihr Unternehmen zu st\u00e4rken.<\/li><li><b>Zeigen Sie eine ma\u00dfgebliche Meinung<\/b>.<br>Haben Sie Kunden, deren Meinung einen starken Einfluss auf den Rest der Leser haben wird? Erstellen Sie umfassende Testimonials mit Informationen \u00fcber den Autor und steigern Sie das Verkaufsniveau.<\/li><\/ul><\/div><div class=\"application-platform-content-item-features application-platform-content-item\" id=\"features\" data-nav-section=\"features\"><h2>Hauptfunktionen des Testimonials-Slider-Widgets<\/h2><p> Die herausragenden Merkmale, die unseren Testimonials-Slider in ein unersetzliches Widget f\u00fcr jede Webflow-Site verwandeln.<\/p><ul><li>Erh\u00f6hen Sie die Glaubw\u00fcrdigkeit mit einem Link zur Website des Autors;<\/li><li>Platzieren Sie einen Link zur Website des Autors um ein solides Bild zu schaffen;<\/li><li>F\u00fcgen Sie das Logo der Firma des Autors hinzu, damit die Informationen vertrauensw\u00fcrdig wirken;<\/li><li>Um die Glaubw\u00fcrdigkeit zu erh\u00f6hen, zeigen Sie das Logo der Firma des Autors.<\/li> <\/ul><p><a href=\"#demo\">Probieren Sie diese Funktionen in der Live-Demo aus<\/a><\/p><\/div><div class=\"application-platform-content-item-installation application-platform-content-item\" id=\"installation\" data-nav-section=\"installation\"><h2>So f\u00fcgen Sie Testimonials hinzu Webflow-Website<\/h2><div class=\"video-container\"><iframe width=\"560\" height=\"315\" src=\"https:\/\/www.youtube.com\/embed\/knpbylAiW60?si=aTRDeqbJS-HO9750\" frameborder=\"0\" allow=\"accelerometer; autoplay; clipboard-write; encrypted-media; gyroscope; picture-in-picture; web-share\" allowfullscreen><\/iframe><\/div><p>Unser Widget ist \u00e4u\u00dferst einfach zu installieren und erfordert keine Kenntnisse in der Webentwicklung. Das Ausf\u00fcllen der Anweisungen wird Sie nur nicht l\u00e4nger als 3 Minuten in Anspruch nehmen.<\/p><ol><li><b>Entwerfen Sie Ihren ma\u00dfgeschneiderten Testimonials-Slider.<\/b><br>Mit Hilfe unseres kostenlosen Editors Stellen Sie ein Widget mit dem gew\u00fcnschten Aussehen und den gew\u00fcnschten Funktionen zusammen.<\/li><li><b>Holen Sie sich den Code f\u00fcr die Widget-Integration.<\/b><br>Nach der Widget-Erstellung erhalten Sie den Code f\u00fcr das Testimonials-Widget aus der erscheinenden Benachrichtigung auf Elfsight Apps .<\/li><li><b>Platzieren Sie das Widget auf der Webflow-Site.<\/b><br>Betten Sie das Widget an der gew\u00fcnschten Stelle der Seite ein und \u00fcbernehmen Sie die \u00c4nderungen.<\/li><li><b> Fertig!<\/b><br>Besuchen Sie Ihre Webflow-Site, um Ihr Widget zu sehen.<\/li><\/ol><p>Haben Sie Probleme bei der Installation oder Konfiguration des Widgets? Schauen Sie sich die ausf\u00fchrliche Anleitung unter <a href=\"https:\/\/elfsight.com\/tutorials\/how-to-add-testimonials-slider-widget-to-webflow\/\" target=\"_blank\" rel=\"noopener noreferrer\"> an Einbettung des Testimonials Slider in Webflow<\/a> oder wenden Sie sich an unser Support Center.<\/p><div class=\"faq\" data-component=\"FAQ\"> <div class=\"faq-item\">\r\n\t\t\t\t\t<div class=\"faq-item-question\">\r\n\t\t\t\t\t\t<h3 class=\"faq-item-question-text\">Wie f\u00fcge ich den Testimonials Slider ohne Programmierkenntnisse zu meiner Webflow-Website hinzu?<\/h3>\r\n\r\n\t\t\t\t\t\t<div class=\"faq-item-question-icon\"><\/div>\r\n\t\t\t\t\t<\/div>\r\n\r\n\t\t\t\t\t<div class=\"faq-item-answer\">\r\n\t\t\t\t\t\t<div class=\"faq-item-answer-text\"> <p>Elfsight bietet ein SaaS Entdecken Sie, wie einfach der Vorgang ist: Arbeiten Sie direkt im Online-Editor, um ein Testimonials-Slider-Widget zu erstellen, das Sie gerne auf Ihrer Webflow-Website sehen m\u00f6chten. W\u00e4hlen Sie eine der vorgefertigten Vorlagen aus und passen Sie die Einstellungen des Testimonials-Schiebereglers an, f\u00fcgen Sie Ihre Inhalte hinzu, \u00e4ndern Sie das Layout und das Farbschema ohne Programmierkenntnisse. Speichern Sie den Testimonials-Slider und kopieren Sie seinen Installationscode, den Sie m\u00fchelos in Ihre Webflow-Website einbetten k\u00f6nnen, ohne ein kostenpflichtiges Abonnement zu kaufen. Mit unserem intuitiven Editor kann jeder Internetnutzer online ein Testimonials-Slider-Widget erstellen und es einfach in seine Webflow-Website einbetten. Sie m\u00fcssen weder bezahlen noch Ihre Kartendaten eingeben, um auf den Service zuzugreifen. Sollten bei irgendeinem Schritt Probleme auftreten, wenden Sie sich bitte an unser technisches Support-Team.<\/p> <\/div>\r\n\t\t\t\t\t<\/div>\r\n\t\t\t\t<\/div> <\/div> <\/div>\n","protected":false},"excerpt":{"rendered":"","protected":false},"author":9,"featured_media":0,"parent":677,"menu_order":0,"comment_status":"closed","ping_status":"closed","template":"templates\/template-application-platform.php","meta":{"publish_to_discourse":"","publish_post_category":"","wpdc_auto_publish_overridden":"","wpdc_topic_tags":"","wpdc_pin_topic":"","wpdc_pin_until":"","discourse_post_id":"","discourse_permalink":"","wpdc_publishing_response":"","wpdc_publishing_error":"","footnotes":""},"class_list":["post-17865","page","type-page","status-publish","hentry"],"yoast_head":"<!-- This site is optimized with the Yoast SEO plugin v25.3.1 - https:\/\/yoast.com\/wordpress\/plugins\/seo\/ -->\n<title>Testimonials-Slider \u2013 F\u00fcgen Sie das Testimonials-Widget zur Webflow-Website hinzu<\/title>\n<meta name=\"description\" content=\"Schauen Sie sich das beste Testimonials-Slider-Widget f\u00fcr Webflow v\u00f6llig kostenlos an. Eine einfache und schnelle Installation ohne Programmierkenntnisse in nur 1 Minute.\" \/>\n<meta name=\"robots\" content=\"index, follow, max-snippet:-1, max-image-preview:large, max-video-preview:-1\" \/>\n<link rel=\"canonical\" href=\"https:\/\/elfsight.com\/de\/testimonials-slider-widget\/webflow\/\" \/>\n<meta property=\"og:locale\" content=\"de_DE\" \/>\n<meta property=\"og:type\" content=\"article\" \/>\n<meta property=\"og:title\" content=\"Testimonials-Slider \u2013 F\u00fcgen Sie das Testimonials-Widget zur Webflow-Website hinzu\" \/>\n<meta property=\"og:description\" content=\"Schauen Sie sich das beste Testimonials-Slider-Widget f\u00fcr Webflow v\u00f6llig kostenlos an. Eine einfache und schnelle Installation ohne Programmierkenntnisse in nur 1 Minute.\" \/>\n<meta property=\"og:url\" content=\"https:\/\/elfsight.com\/de\/testimonials-slider-widget\/webflow\/\" \/>\n<meta property=\"og:site_name\" content=\"Elfsight DE\" \/>\n<meta property=\"article:modified_time\" content=\"2025-12-01T09:22:41+00:00\" \/>\n<meta name=\"twitter:card\" content=\"summary_large_image\" \/>\n<meta name=\"twitter:label1\" content=\"Gesch\u00e4tzte Lesezeit\" \/>\n\t<meta name=\"twitter:data1\" content=\"4\u00a0Minuten\" \/>\n<!-- \/ Yoast SEO plugin. -->","yoast_head_json":{"title":"Testimonials-Slider \u2013 F\u00fcgen Sie das Testimonials-Widget zur Webflow-Website hinzu","description":"Schauen Sie sich das beste Testimonials-Slider-Widget f\u00fcr Webflow v\u00f6llig kostenlos an. Eine einfache und schnelle Installation ohne Programmierkenntnisse in nur 1 Minute.","robots":{"index":"index","follow":"follow","max-snippet":"max-snippet:-1","max-image-preview":"max-image-preview:large","max-video-preview":"max-video-preview:-1"},"canonical":"https:\/\/elfsight.com\/de\/testimonials-slider-widget\/webflow\/","og_locale":"de_DE","og_type":"article","og_title":"Testimonials-Slider \u2013 F\u00fcgen Sie das Testimonials-Widget zur Webflow-Website hinzu","og_description":"Schauen Sie sich das beste Testimonials-Slider-Widget f\u00fcr Webflow v\u00f6llig kostenlos an. Eine einfache und schnelle Installation ohne Programmierkenntnisse in nur 1 Minute.","og_url":"https:\/\/elfsight.com\/de\/testimonials-slider-widget\/webflow\/","og_site_name":"Elfsight DE","article_modified_time":"2025-12-01T09:22:41+00:00","twitter_card":"summary_large_image","twitter_misc":{"Gesch\u00e4tzte Lesezeit":"4\u00a0Minuten"},"schema":{"@context":"https:\/\/schema.org","@graph":[{"@type":"WebPage","@id":"https:\/\/elfsight.com\/de\/testimonials-slider-widget\/webflow\/","url":"https:\/\/elfsight.com\/de\/testimonials-slider-widget\/webflow\/","name":"Testimonials-Slider \u2013 F\u00fcgen Sie das Testimonials-Widget zur Webflow-Website hinzu","isPartOf":{"@id":"https:\/\/elfsight.com\/de\/#website"},"datePublished":"1970-01-01T00:00:00+00:00","dateModified":"2025-12-01T09:22:41+00:00","description":"Schauen Sie sich das beste Testimonials-Slider-Widget f\u00fcr Webflow v\u00f6llig kostenlos an. Eine einfache und schnelle Installation ohne Programmierkenntnisse in nur 1 Minute.","breadcrumb":{"@id":"https:\/\/elfsight.com\/de\/testimonials-slider-widget\/webflow\/#breadcrumb"},"inLanguage":"de","potentialAction":[{"@type":"ReadAction","target":["https:\/\/elfsight.com\/de\/testimonials-slider-widget\/webflow\/"]}]},{"@type":"BreadcrumbList","@id":"https:\/\/elfsight.com\/de\/testimonials-slider-widget\/webflow\/#breadcrumb","itemListElement":[{"@type":"ListItem","position":1,"name":"Home","item":"https:\/\/elfsight.com\/de\/"},{"@type":"ListItem","position":2,"name":"Testimonials Slider","item":"https:\/\/elfsight.com\/de\/testimonials-slider-widget\/"},{"@type":"ListItem","position":3,"name":"Testimonials Slider &#8211; Webflow"}]},{"@type":"WebSite","@id":"https:\/\/elfsight.com\/de\/#website","url":"https:\/\/elfsight.com\/de\/","name":"Elfsight DE","description":"Just another Elfsight Sites site","potentialAction":[{"@type":"SearchAction","target":{"@type":"EntryPoint","urlTemplate":"https:\/\/elfsight.com\/de\/?s={search_term_string}"},"query-input":{"@type":"PropertyValueSpecification","valueRequired":true,"valueName":"search_term_string"}}],"inLanguage":"de"}]}},"meta_box":{"industry":"","seo_heading":"","heading":"","description":"","cta_heading":"","cta_description":"","application":"462","h1":"Testimonials-Slider-Widget f\u00fcr Webflow","h1_caption":"Zeigen Sie Kundenreferenzen in einem rotierenden Schieberegler an, um Glaubw\u00fcrdigkeit aufzubauen und positives Feedback m\u00fchelos auf Ihrer Webflow-Website zu pr\u00e4sentieren.","application_category":[],"applications_title":"","applications_request_title":"","applications_request_button_text":"","hero_text":"","hero_video":"","hero_video_schema_markup":"","selling_points_title":"","selling_points_caption":"","selling_points":[],"selling_points_cta_text":"","features_title":"","features":"","ed_cta_examples_text":"","ed_cta_examples_hidden":"","ed_cta_demo_text":"","ed_cta_demo_hidden":"","why_caption":"","why_editor_title":"","why_editor_text":"","why_team_title":"","why_team_text":"","why_service_title":"","why_service_text":"","template_catalog_visible":"0","template_catalog_title":"","template_catalog_text":"","template_catalog_categories_visible":"","demo_title":"Erstellen Sie Ihr Testimonials-Slider-Widget","demo_caption":"Konfigurieren Sie Ihren Testimonials-Slider und f\u00fcgen Sie ihn kostenlos zu Ihrer Webflow-Website hinzu!","default_faq_hidden":"","app_template_category":[],"platform":"250","template_public_id":"","codecanyon_url":"","codecanyon_item_id":"","codecanyon_price":"","pricing_caption":"","pricing_elfsight_apps_hide_column":"","pricing_elfsight_apps_url":"","pricing_codecanyon_price_caption":"","integration_category":[],"integration_request_title":"","integration_request_cta":"","integration_platform":"","integrations":[],"platform_category":[],"video_schema_markup":"","price":"ab 0 $ \/ Monat","trial":"","benefits":[{"text":"Kostenlose Installationsunterst\u00fctzung"},{"text":"Kompetentes Support-Team"},{"text":"14-t\u00e4gige Geld-zur\u00fcck-Garantie"},{"text":"Lebenslange Verbesserungen"}],"button_url":"#demo","button_target_blank":"0","button_nofollow":"0","attributes":[{"name":"Installiert","content":"10,000 - 100,000"},{"name":"Reaktionsfreudig","content":"Ja"},{"name":"Kompatible Browser","content":"Firefox, Safari, Chrome, Opera, Edge"}],"tags":[],"tags_disable_links":"0","hide_more_platforms":"0","video_object":"","demo_hide_cta":"0","demo_hide_cloud_options":"0","pricing_title":"","pricing":[{"pricing_icon":"platform","pricing_title":"Webflow widget","pricing_title_caption":"Plattform\u00fcbergreifende Software, die zu jeder Website passt","pricing_price":"ab 0 $ \/ Monat","pricing_price_caption":"Beginnen Sie mit einem kostenlosen Plan","pricing_benefits":[{"text":"Unbegrenzte Websites"},{"text":"Kostenloser und p\u00fcnktlicher Support"},{"text":"Kostenloser Installationsservice"},{"text":"Sonderpreis f\u00fcr mehrere Apps"}],"pricing_button_text":"Zur Website hinzuf\u00fcgen","pricing_button_url":"#demo"}],"related_apps_title":"","related_apps_hidden":"0","author":"","image":[],"title":"","job":"","social_networks":[]},"_links":{"self":[{"href":"https:\/\/elfsight.com\/de\/wp-json\/wp\/v2\/pages\/17865","targetHints":{"allow":["GET"]}}],"collection":[{"href":"https:\/\/elfsight.com\/de\/wp-json\/wp\/v2\/pages"}],"about":[{"href":"https:\/\/elfsight.com\/de\/wp-json\/wp\/v2\/types\/page"}],"author":[{"embeddable":true,"href":"https:\/\/elfsight.com\/de\/wp-json\/wp\/v2\/users\/9"}],"replies":[{"embeddable":true,"href":"https:\/\/elfsight.com\/de\/wp-json\/wp\/v2\/comments?post=17865"}],"version-history":[{"count":4,"href":"https:\/\/elfsight.com\/de\/wp-json\/wp\/v2\/pages\/17865\/revisions"}],"predecessor-version":[{"id":25565,"href":"https:\/\/elfsight.com\/de\/wp-json\/wp\/v2\/pages\/17865\/revisions\/25565"}],"up":[{"embeddable":true,"href":"https:\/\/elfsight.com\/de\/wp-json\/wp\/v2\/pages\/677"}],"wp:attachment":[{"href":"https:\/\/elfsight.com\/de\/wp-json\/wp\/v2\/media?parent=17865"}],"curies":[{"name":"wp","href":"https:\/\/api.w.org\/{rel}","templated":true}]}}