{"id":17864,"date":"1970-01-01T00:00:00","date_gmt":"1970-01-01T00:00:00","guid":{"rendered":"https:\/\/elfsight.com\/de\/?page_id=17864"},"modified":"2025-07-10T08:33:15","modified_gmt":"2025-07-10T08:33:15","slug":"webnode","status":"publish","type":"page","link":"https:\/\/elfsight.com\/de\/testimonials-slider-widget\/webnode\/","title":{"rendered":"Testimonials Slider &#8211; Webnode"},"content":{"rendered":"<div class=\"application-platform-content-item-description application-platform-content-item\" id=\"description\" data-nav-section=\"description\"><h2>Beschreibung<\/h2><p>Testimonials Slider ist ein einfaches Widget zum Anzeigen von Testimonials Ihrer Kunden auf Ihrer eigenen Website. Sie k\u00f6nnen jeden sozialen Beweis nutzen, um Feedback vertrauensw\u00fcrdig zu machen: den Namen des Autors, ein Foto, das Firmenlogo des Unternehmens und sogar einen Link zur Website.<\/p><p><b>Steigern Sie das Vertrauen in Ihr Unternehmen, indem Sie es demonstrieren Besuchern Ihre wahren und aufrichtigen Zeugnisse.<\/b><\/p><ul><li><b>Zeigen Sie eine professionelle Bewertung<\/b>.<br>Haben Sie Kunden, deren Standpunkt f\u00fcr andere wirklich \u00fcberzeugend sein wird? Benutzer? Erstellen Sie ausf\u00fchrliche Erfahrungsberichte mit Details zum Doppelumsatz des Autors.<\/li><li><b>Loyalit\u00e4t Ihrer Kunden<\/b>.<br>Ein K\u00e4ufer hat eine positive Bewertung zu Ihrer Dienstleistung oder Ihrem Produkt ver\u00f6ffentlicht? Machen Sie das Beste daraus und zeigen Sie Ihre Wertsch\u00e4tzung, indem Sie sie auf der Webseite demonstrieren.<\/li><li><b>Zus\u00e4tzlicher sozialer Beweis<\/b>.<br>Ein Link vom Feedback zu Twitter, Instagram oder der Website von Der Autor ist ein sehr \u00fcberzeugendes Zeichen f\u00fcr Kunden, das die Glaubw\u00fcrdigkeit erh\u00f6ht und beweist, dass Ihr Unternehmen wahr ist.<\/li><\/ul><\/div><div class=\"application-platform-content-item-features application-platform-content-item\" id=\"features\" data-nav-section=\"features\"><h2>Funktionen<\/h2><p>Die Hauptmerkmale, die unseren Testimonials-Slider zu einem unverzichtbaren Widget f\u00fcr jede Webnode-Site machen.<\/p><ul><li>Bearbeitbarer Widget-Titel, um ihm einen auff\u00e4lligen Namen zu geben;<\/li><li>\u00c4nderung Widget-Titel;<\/li><li>Erstellen Sie Ihren eigenen Widget-Titel;<\/li><li>Responsiv und f\u00fcr jedes Design geeignet.<\/li><\/ul><p><a href=\"#demo\"> Probieren Sie diese Funktionen in der Live-Demo aus<\/a><\/p><\/div><div class=\"application-platform-content-item-installation application-platform-content-item\" id=\"installation\" data-nav-section=\"installation\"><h2>So f\u00fcgen Sie Testimonials zur Webnode-Website hinzu<\/h2><p>Das Elfsight-Plugin ist in Bezug auf unkompliziert Einrichtung und erfordert keine Erfahrung in der Programmierung. Das Ausf\u00fcllen der Anweisungen dauert nur ein paar Minuten.<\/p><ol><li><b>Generieren Sie Ihren ma\u00dfgeschneiderten Testimonials-Slider<\/b>.<br>Erstellen Sie mit Hilfe unserer kostenlosen Demo einen Plugin mit der erforderlichen Vorlage und den erforderlichen Einstellungen.<\/li><li><b>Holen Sie sich den Code f\u00fcr die Plugin-Anzeige<\/b>.<br>Nach der Widget-Optimierung erhalten Sie den Code f\u00fcr das Testimonials-Plugin aus dem angezeigten Fenster auf Elfsight Apps.<\/li><li><b>Zeigen Sie das Plugin auf der Webnode-Website an<\/b>.<br>Platzieren Sie das Plugin an der gew\u00fcnschten Stelle der Seite und speichern Sie die Ergebnisse.<\/li><li><b>Die Installation ist abgeschlossen<\/b>.<br>Gehen Sie zu Ihrer Webnode-Site, um Ihr Plugin zu sehen.<\/li><\/ol><p>Sind Sie auf Probleme bei der Verwendung oder Anpassung des Widgets gesto\u00dfen? Lesen Sie die detaillierte Anleitung zum <a href=\"https:\/\/elfsight.com\/tutorials\/how-to-add-testimonials-slider-widget-to-webnode\/\" target=\"_blank\" rel=\"noopener noreferrer\">Setup von Testimonials Slider zu Webnode<\/a> oder hinterlassen Sie eine Anfrage im Support Center.<\/p><div class=\"faq\" data-component=\"FAQ\"> <div class=\"faq-item\">\r\n\t\t\t\t\t<div class=\"faq-item-question\">\r\n\t\t\t\t\t\t<h3 class=\"faq-item-question-text\">Wie f\u00fcge ich den Testimonials Slider ohne Programmierkenntnisse zu meiner Webnode-Website hinzu?<\/h3>\r\n\r\n\t\t\t\t\t\t<div class=\"faq-item-question-icon\"><\/div>\r\n\t\t\t\t\t<\/div>\r\n\r\n\t\t\t\t\t<div class=\"faq-item-answer\">\r\n\t\t\t\t\t\t<div class=\"faq-item-answer-text\"> <p>Elfsight bietet ein SaaS Entdecken Sie, wie einfach der Vorgang ist: Erstellen Sie direkt im Online-Editor ein Testimonials-Slider-Widget, das Sie gerne auf Ihrer Webnode-Website sehen m\u00f6chten. W\u00e4hlen Sie eine der vorgefertigten Vorlagen aus und passen Sie die Einstellungen des Testimonials-Schiebereglers an, f\u00fcgen Sie Ihre Inhalte hinzu, \u00e4ndern Sie das Layout und das Farbschema ohne Programmierkenntnisse. Speichern Sie den Testimonials Slider und kopieren Sie seinen Installationscode, den Sie einfach in Ihre Webnode-Website einbetten k\u00f6nnen, ohne eine kostenpflichtige Version zu kaufen. Mit unserem intuitiven Editor kann jeder Internetnutzer online ein Testimonials-Slider-Widget erstellen und es einfach in seine Webnode-Website einbetten. Sie m\u00fcssen weder bezahlen noch Ihre Kartendaten eingeben, um auf den Service zuzugreifen. Sollten bei irgendeinem Schritt Probleme auftreten, wenden Sie sich bitte an unser technisches Support-Team.<\/p> <\/div>\r\n\t\t\t\t\t<\/div>\r\n\t\t\t\t<\/div> <\/div> <\/div>","protected":false},"excerpt":{"rendered":"","protected":false},"author":9,"featured_media":0,"parent":677,"menu_order":0,"comment_status":"closed","ping_status":"closed","template":"templates\/template-application-platform.php","meta":{"publish_to_discourse":"","publish_post_category":"","wpdc_auto_publish_overridden":"","wpdc_topic_tags":"","wpdc_pin_topic":"","wpdc_pin_until":"","discourse_post_id":"","discourse_permalink":"","wpdc_publishing_response":"","wpdc_publishing_error":"","footnotes":""},"class_list":["post-17864","page","type-page","status-publish","hentry"],"yoast_head":"<!-- This site is optimized with the Yoast SEO plugin v25.3.1 - https:\/\/yoast.com\/wordpress\/plugins\/seo\/ -->\n<title>Testimonials-Slider \u2013 F\u00fcgen Sie das Testimonials-Widget zur Webnode-Website hinzu<\/title>\n<meta name=\"description\" content=\"Schauen Sie sich das beste kostenlose Testimonials-Slider-Widget f\u00fcr Webnode an. Eine einfache und schnelle Integration ohne Kenntnisse in der Webentwicklung in nur wenigen Minuten.\" \/>\n<meta name=\"robots\" content=\"index, follow, max-snippet:-1, max-image-preview:large, max-video-preview:-1\" \/>\n<link rel=\"canonical\" href=\"https:\/\/elfsight.com\/de\/testimonials-slider-widget\/webnode\/\" \/>\n<meta property=\"og:locale\" content=\"de_DE\" \/>\n<meta property=\"og:type\" content=\"article\" \/>\n<meta property=\"og:title\" content=\"Testimonials-Slider \u2013 F\u00fcgen Sie das Testimonials-Widget zur Webnode-Website hinzu\" \/>\n<meta property=\"og:description\" content=\"Schauen Sie sich das beste kostenlose Testimonials-Slider-Widget f\u00fcr Webnode an. Eine einfache und schnelle Integration ohne Kenntnisse in der Webentwicklung in nur wenigen Minuten.\" \/>\n<meta property=\"og:url\" content=\"https:\/\/elfsight.com\/de\/testimonials-slider-widget\/webnode\/\" \/>\n<meta property=\"og:site_name\" content=\"Elfsight DE\" \/>\n<meta property=\"article:modified_time\" content=\"2025-07-10T08:33:15+00:00\" \/>\n<meta name=\"twitter:card\" content=\"summary_large_image\" \/>\n<meta name=\"twitter:label1\" content=\"Gesch\u00e4tzte Lesezeit\" \/>\n\t<meta name=\"twitter:data1\" content=\"3\u00a0Minuten\" \/>\n<!-- \/ Yoast SEO plugin. -->","yoast_head_json":{"title":"Testimonials-Slider \u2013 F\u00fcgen Sie das Testimonials-Widget zur Webnode-Website hinzu","description":"Schauen Sie sich das beste kostenlose Testimonials-Slider-Widget f\u00fcr Webnode an. Eine einfache und schnelle Integration ohne Kenntnisse in der Webentwicklung in nur wenigen Minuten.","robots":{"index":"index","follow":"follow","max-snippet":"max-snippet:-1","max-image-preview":"max-image-preview:large","max-video-preview":"max-video-preview:-1"},"canonical":"https:\/\/elfsight.com\/de\/testimonials-slider-widget\/webnode\/","og_locale":"de_DE","og_type":"article","og_title":"Testimonials-Slider \u2013 F\u00fcgen Sie das Testimonials-Widget zur Webnode-Website hinzu","og_description":"Schauen Sie sich das beste kostenlose Testimonials-Slider-Widget f\u00fcr Webnode an. Eine einfache und schnelle Integration ohne Kenntnisse in der Webentwicklung in nur wenigen Minuten.","og_url":"https:\/\/elfsight.com\/de\/testimonials-slider-widget\/webnode\/","og_site_name":"Elfsight DE","article_modified_time":"2025-07-10T08:33:15+00:00","twitter_card":"summary_large_image","twitter_misc":{"Gesch\u00e4tzte Lesezeit":"3\u00a0Minuten"},"schema":{"@context":"https:\/\/schema.org","@graph":[{"@type":"WebPage","@id":"https:\/\/elfsight.com\/de\/testimonials-slider-widget\/webnode\/","url":"https:\/\/elfsight.com\/de\/testimonials-slider-widget\/webnode\/","name":"Testimonials-Slider \u2013 F\u00fcgen Sie das Testimonials-Widget zur Webnode-Website hinzu","isPartOf":{"@id":"https:\/\/elfsight.com\/de\/#website"},"datePublished":"1970-01-01T00:00:00+00:00","dateModified":"2025-07-10T08:33:15+00:00","description":"Schauen Sie sich das beste kostenlose Testimonials-Slider-Widget f\u00fcr Webnode an. Eine einfache und schnelle Integration ohne Kenntnisse in der Webentwicklung in nur wenigen Minuten.","breadcrumb":{"@id":"https:\/\/elfsight.com\/de\/testimonials-slider-widget\/webnode\/#breadcrumb"},"inLanguage":"de","potentialAction":[{"@type":"ReadAction","target":["https:\/\/elfsight.com\/de\/testimonials-slider-widget\/webnode\/"]}]},{"@type":"BreadcrumbList","@id":"https:\/\/elfsight.com\/de\/testimonials-slider-widget\/webnode\/#breadcrumb","itemListElement":[{"@type":"ListItem","position":1,"name":"Home","item":"https:\/\/elfsight.com\/de\/"},{"@type":"ListItem","position":2,"name":"Testimonials Slider","item":"https:\/\/elfsight.com\/de\/testimonials-slider-widget\/"},{"@type":"ListItem","position":3,"name":"Testimonials Slider &#8211; Webnode"}]},{"@type":"WebSite","@id":"https:\/\/elfsight.com\/de\/#website","url":"https:\/\/elfsight.com\/de\/","name":"Elfsight DE","description":"Just another Elfsight Sites site","potentialAction":[{"@type":"SearchAction","target":{"@type":"EntryPoint","urlTemplate":"https:\/\/elfsight.com\/de\/?s={search_term_string}"},"query-input":{"@type":"PropertyValueSpecification","valueRequired":true,"valueName":"search_term_string"}}],"inLanguage":"de"}]}},"meta_box":{"industry":"","seo_heading":"","heading":"","description":"","cta_heading":"","cta_description":"","application":"462","h1":"Testimonials-Slider-Widget f\u00fcr Webnode","h1_caption":"Zeigen Sie Kundenreferenzen in einem rotierenden Schieberegler an, um Glaubw\u00fcrdigkeit aufzubauen und positives Feedback m\u00fchelos auf Ihrer Webnode-Website zu pr\u00e4sentieren.","application_category":[],"applications_title":"","applications_request_title":"","applications_request_button_text":"","hero_text":"","hero_video":"","hero_video_schema_markup":"","selling_points_title":"","selling_points_caption":"","selling_points":[],"selling_points_cta_text":"","features_title":"","features":"","ed_cta_examples_text":"","ed_cta_examples_hidden":"","ed_cta_demo_text":"","ed_cta_demo_hidden":"","why_caption":"","why_editor_title":"","why_editor_text":"","why_team_title":"","why_team_text":"","why_service_title":"","why_service_text":"","template_catalog_visible":"","template_catalog_title":"","template_catalog_text":"","template_catalog_categories_visible":"","demo_title":"Erstellen Sie Ihr Testimonials-Slider-Widget","demo_caption":"Konfigurieren Sie Ihren Testimonials-Slider und f\u00fcgen Sie ihn kostenlos zu Ihrer Webnode-Website hinzu!","default_faq_hidden":"","app_template_category":[],"platform":"248","template_public_id":"","codecanyon_url":"","codecanyon_item_id":"","codecanyon_price":"","pricing_caption":"","pricing_elfsight_apps_hide_column":"","pricing_elfsight_apps_url":"","pricing_codecanyon_price_caption":"","integration_category":[],"integration_request_title":"","integration_request_cta":"","integration_platform":"","integrations":[],"platform_category":[],"video_schema_markup":"","price":"ab 0 $ \/ Monat","trial":"","benefits":[{"text":"Kostenlose Installationshilfe"},{"text":"Erfahrener Kundensupport"},{"text":"14-t\u00e4gige R\u00fcckerstattungsgarantie"},{"text":"Lebenslange Verbesserungen"}],"button_url":"#demo","button_target_blank":"","button_nofollow":"","attributes":[{"name":"Installiert","content":"10,000 - 100,000"},{"name":"Reaktionsfreudig","content":"Ja"},{"name":"Kompatible Browser","content":"IE11, Firefox, Safari, Opera, Chrome, Edge"}],"tags":[],"tags_disable_links":"","hide_more_platforms":"","video_object":"","demo_hide_cta":"","demo_hide_cloud_options":"","pricing_title":"","pricing":[{"pricing_icon":"platform","pricing_title":"Elfsight Apps","pricing_title_caption":"Plattformunabh\u00e4ngige L\u00f6sung","pricing_price":"ab 0 $ \/ Monat","pricing_price_caption":"Beginnen Sie mit einem kostenlosen Plan","pricing_benefits":[{"text":"Unbegrenzte Domains"},{"text":"Professionelle Unternehmensunterst\u00fctzung"},{"text":"Kostenloser Installationsservice"},{"text":"Zeitlich begrenztes Angebot f\u00fcr mehrere Apps"}],"pricing_button_text":"Zur Website hinzuf\u00fcgen","pricing_button_url":"#demo"}],"related_apps_title":"","related_apps_hidden":"","author":"","image":[],"title":"","job":"","social_networks":[]},"_links":{"self":[{"href":"https:\/\/elfsight.com\/de\/wp-json\/wp\/v2\/pages\/17864","targetHints":{"allow":["GET"]}}],"collection":[{"href":"https:\/\/elfsight.com\/de\/wp-json\/wp\/v2\/pages"}],"about":[{"href":"https:\/\/elfsight.com\/de\/wp-json\/wp\/v2\/types\/page"}],"author":[{"embeddable":true,"href":"https:\/\/elfsight.com\/de\/wp-json\/wp\/v2\/users\/9"}],"replies":[{"embeddable":true,"href":"https:\/\/elfsight.com\/de\/wp-json\/wp\/v2\/comments?post=17864"}],"version-history":[{"count":1,"href":"https:\/\/elfsight.com\/de\/wp-json\/wp\/v2\/pages\/17864\/revisions"}],"predecessor-version":[{"id":17868,"href":"https:\/\/elfsight.com\/de\/wp-json\/wp\/v2\/pages\/17864\/revisions\/17868"}],"up":[{"embeddable":true,"href":"https:\/\/elfsight.com\/de\/wp-json\/wp\/v2\/pages\/677"}],"wp:attachment":[{"href":"https:\/\/elfsight.com\/de\/wp-json\/wp\/v2\/media?parent=17864"}],"curies":[{"name":"wp","href":"https:\/\/api.w.org\/{rel}","templated":true}]}}