{"id":17863,"date":"1970-01-01T00:00:00","date_gmt":"1970-01-01T00:00:00","guid":{"rendered":"https:\/\/elfsight.com\/de\/?page_id=17863"},"modified":"2024-11-08T09:23:54","modified_gmt":"2024-11-08T09:23:54","slug":"weebly","status":"publish","type":"page","link":"https:\/\/elfsight.com\/de\/testimonials-slider-widget\/weebly\/","title":{"rendered":"Testimonials Slider &#8211; Weebly"},"content":{"rendered":"\n<div class=\"application-platform-content-item-description application-platform-content-item\" id=\"description\" data-nav-section=\"description\"><h2>Beschreibung<\/h2><p>Testimonials Slider ist ein einfaches Plugin, um Bewertungen Ihrer Kunden auf Ihrer pers\u00f6nlichen Website anzuzeigen. Sie k\u00f6nnen alle Arten von Social Proof nutzen, um Bewertungen vertrauensw\u00fcrdig zu machen: den Namen des Autors, ein Foto, das Logo des Unternehmens und sogar eine URL zur Website.<\/p><p><b>Erh\u00f6hen Sie das Vertrauen in Ihr Unternehmen, indem Sie es zeigen Zeigen Sie den Besuchern, dass Ihre Kunden mit ihrer Wahl zufrieden sind.<\/b><\/p><ul><li><b>Erh\u00f6hen Sie das Vertrauen in Ihre Website<\/b>.<br>F\u00fcgen Sie das Feedback Ihrer Kunden auf der Website ein und F\u00fcgen Sie Beispiele positiver Kundenerfahrungen hinzu, um das Vertrauen in Ihr Unternehmen zu st\u00e4rken.<\/li><li><b>Geben Sie eine Expertenbewertung ab<\/b>.<br>Haben Sie Benutzer, deren Feedback den Rest der Benutzer beeinflusst? Konfigurieren Sie detaillierte Testimonials mit Informationen \u00fcber den Autor, wodurch sich Ihr Verkaufsniveau verdoppelt.<\/li><li><b>Verbessern Sie Ihre Testimonials, um sie wirklich vertrauensw\u00fcrdig zu machen<\/b>.<br>Zeigen Sie alle m\u00f6glichen Informationen \u00fcber den Autor von an Geben Sie jedes einzelne Testimonial zusammen mit Name, Unternehmen und Position an, um hervorzuheben, dass Ihre Kunden Testimonials von echten Menschen lesen.<\/li><\/ul><\/div><div class=\"application-platform-content-item-features application-platform-content-item\" id=\"features\" data-nav-section=\"features\"><h2>Funktionen<\/h2><p>Die wichtigsten Eigenschaften, die unseren Testimonials-Slider zu einem n\u00fctzlichen Plugin f\u00fcr jede Weebly-Website machen.<\/p><ul><li>F\u00fcgen Sie f\u00fcr mehr Glaubw\u00fcrdigkeit einen Link zum Facebook- oder Twitter-Profil des Autors hinzu; <\/li><li>Zeigen Sie den Namen und das Foto des Autors an, um das Vertrauen zu erh\u00f6hen.<\/li><li>Geben Sie einen Link zur Website des Autors an, um eine zuverl\u00e4ssigere Darstellung zu gew\u00e4hrleisten.<\/li><li>F\u00fcgen Sie maximale Autoreninformationen hinzu \u2013 Firmenlogo des Autors anzeigen.<\/li><\/ul><p><a href=\"#demo\">Testen Sie diese Funktionen in der Live-Demo<\/a><\/p><\/div><div class=\"application-platform-content-item-installation application-platform-content-item\" id=\"installation\" data-nav-section=\"installation\"><h2>So f\u00fcgen Sie Testimonials zur Weebly-Website hinzu<\/h2><div class=\"video-container\"><iframe src=\"https:\/\/www.youtube.com\/embed\/O5WDmpcdlHs\" width=\"720\" height=\"405\" frameborder=\"0\" allowfullscreen=\"allowfullscreen\"><\/iframe><\/div><p>Unser Plugin ist einfach einzurichten und erfordert keine Entwicklungskenntnisse. Das Ausf\u00fcllen des Handbuchs dauert nur 2 Minuten.<\/p><ol><li><b>Nutzen Sie unseren kostenlosen Konfigurator und beginnen Sie mit der Erstellung Ihrer personalisierten App. <\/b><br> Suchen Sie das ausgew\u00e4hlte Formular und die Optionen der App und \u00fcbernehmen Sie alle \u00c4nderungen. <\/li> <li><b>Erhalten Sie den pers\u00f6nlichen Code, der in der Box auf Elfsight Apps angezeigt wird. <\/b><br> Nachdem Sie Ihre App eingerichtet haben, kopieren Sie Ihren Code aus dem angezeigten Feld und speichern Sie ihn zur sp\u00e4teren Verwendung. <\/li> <li><b>Beginnen Sie mit der Nutzung der App auf Ihrer Weebly-Website. <\/b><br> Implementieren Sie den zuvor gespeicherten Code auf Ihrer Seite und wenden Sie die Verbesserungen an. <\/li> <li><b>Die Installation ist vollst\u00e4ndig durchgef\u00fchrt. <\/b><br> Besuchen Sie Ihre Webseite, um die Leistung der App zu \u00fcberpr\u00fcfen. <\/li><\/ol><p>Sind Sie bei der Installation oder Anpassung des Plugins auf Schwierigkeiten gesto\u00dfen? Lesen Sie das ausf\u00fchrliche Handbuch zur Verwendung von Testimonials Slider zu Weebly<\/a> oder hinterlassen Sie eine Anfrage im Support Center.<\/p><div class=\"faq\" data-component=\"FAQ\"> <div class=\"faq-item\">\r\n\t\t\t\t\t<div class=\"faq-item-question\">\r\n\t\t\t\t\t\t<h3 class=\"faq-item-question-text\">Wie f\u00fcge ich den Testimonials Slider ohne Programmierkenntnisse zu meiner Weebly-Website hinzu?<\/h3>\r\n\r\n\t\t\t\t\t\t<div class=\"faq-item-question-icon\"><\/div>\r\n\t\t\t\t\t<\/div>\r\n\r\n\t\t\t\t\t<div class=\"faq-item-answer\">\r\n\t\t\t\t\t\t<div class=\"faq-item-answer-text\"> <p>Elfsight bietet ein SaaS L\u00f6sung, mit der Sie selbst ein Testimonials-Slider-Widget erstellen k\u00f6nnen, sehen Sie, wie einfach der Vorgang ist: Arbeiten Sie direkt im Online-Editor, um ein Testimonials-Slider-Widget zu erstellen, das Sie gerne auf Ihrer Weebly-Website sehen w\u00fcrden. W\u00e4hlen Sie eine der vorgefertigten Vorlagen aus und passen Sie die Einstellungen des Testimonials-Schiebereglers an, f\u00fcgen Sie Ihre Inhalte hinzu, \u00e4ndern Sie das Layout und das Farbschema ohne Programmierkenntnisse. Speichern Sie den Testimonials-Slider und kopieren Sie seinen Installationscode, den Sie einfach in Ihre Weebly-Website einf\u00fcgen k\u00f6nnen, ohne ein kostenpflichtiges Abonnement zu kaufen. Mit unserem intuitiven Editor kann jeder Internetnutzer online ein Testimonials-Slider-Widget erstellen und es einfach in seine Weebly-Website einbetten. Sie m\u00fcssen weder bezahlen noch Ihre Kartendaten eingeben, um auf den Service zuzugreifen. Sollten bei irgendeinem Schritt Probleme auftreten, wenden Sie sich bitte an unser technisches Support-Team.<\/p> <\/div>\r\n\t\t\t\t\t<\/div>\r\n\t\t\t\t<\/div> <\/div> <\/div>\n","protected":false},"excerpt":{"rendered":"","protected":false},"author":9,"featured_media":0,"parent":677,"menu_order":0,"comment_status":"closed","ping_status":"closed","template":"templates\/template-application-platform.php","meta":{"publish_to_discourse":"","publish_post_category":"","wpdc_auto_publish_overridden":"","wpdc_topic_tags":"","wpdc_pin_topic":"","wpdc_pin_until":"","discourse_post_id":"","discourse_permalink":"","wpdc_publishing_response":"","wpdc_publishing_error":"","footnotes":""},"class_list":["post-17863","page","type-page","status-publish","hentry"],"yoast_head":"<!-- This site is optimized with the Yoast SEO plugin v25.3.1 - https:\/\/yoast.com\/wordpress\/plugins\/seo\/ -->\n<title>Testimonials-Slider \u2013 Testimonials-Widget zur Weebly-Website hinzuf\u00fcgen (2025)<\/title>\n<meta name=\"description\" content=\"Probieren Sie das beste Testimonials Slider-Plugin f\u00fcr Weebly v\u00f6llig kostenlos aus. Eine einfache und blitzschnelle Installation ohne Programmieraufwand in nur wenigen Minuten.\" \/>\n<meta name=\"robots\" content=\"index, follow, max-snippet:-1, max-image-preview:large, max-video-preview:-1\" \/>\n<link rel=\"canonical\" href=\"https:\/\/elfsight.com\/de\/testimonials-slider-widget\/weebly\/\" \/>\n<meta property=\"og:locale\" content=\"de_DE\" \/>\n<meta property=\"og:type\" content=\"article\" \/>\n<meta property=\"og:title\" content=\"Testimonials-Slider \u2013 Testimonials-Widget zur Weebly-Website hinzuf\u00fcgen (2025)\" \/>\n<meta property=\"og:description\" content=\"Probieren Sie das beste Testimonials Slider-Plugin f\u00fcr Weebly v\u00f6llig kostenlos aus. Eine einfache und blitzschnelle Installation ohne Programmieraufwand in nur wenigen Minuten.\" \/>\n<meta property=\"og:url\" content=\"https:\/\/elfsight.com\/de\/testimonials-slider-widget\/weebly\/\" \/>\n<meta property=\"og:site_name\" content=\"Elfsight DE\" \/>\n<meta property=\"article:modified_time\" content=\"2024-11-08T09:23:54+00:00\" \/>\n<meta name=\"twitter:card\" content=\"summary_large_image\" \/>\n<meta name=\"twitter:label1\" content=\"Gesch\u00e4tzte Lesezeit\" \/>\n\t<meta name=\"twitter:data1\" content=\"4\u00a0Minuten\" \/>\n<!-- \/ Yoast SEO plugin. -->","yoast_head_json":{"title":"Testimonials-Slider \u2013 Testimonials-Widget zur Weebly-Website hinzuf\u00fcgen (2025)","description":"Probieren Sie das beste Testimonials Slider-Plugin f\u00fcr Weebly v\u00f6llig kostenlos aus. Eine einfache und blitzschnelle Installation ohne Programmieraufwand in nur wenigen Minuten.","robots":{"index":"index","follow":"follow","max-snippet":"max-snippet:-1","max-image-preview":"max-image-preview:large","max-video-preview":"max-video-preview:-1"},"canonical":"https:\/\/elfsight.com\/de\/testimonials-slider-widget\/weebly\/","og_locale":"de_DE","og_type":"article","og_title":"Testimonials-Slider \u2013 Testimonials-Widget zur Weebly-Website hinzuf\u00fcgen (2025)","og_description":"Probieren Sie das beste Testimonials Slider-Plugin f\u00fcr Weebly v\u00f6llig kostenlos aus. Eine einfache und blitzschnelle Installation ohne Programmieraufwand in nur wenigen Minuten.","og_url":"https:\/\/elfsight.com\/de\/testimonials-slider-widget\/weebly\/","og_site_name":"Elfsight DE","article_modified_time":"2024-11-08T09:23:54+00:00","twitter_card":"summary_large_image","twitter_misc":{"Gesch\u00e4tzte Lesezeit":"4\u00a0Minuten"},"schema":{"@context":"https:\/\/schema.org","@graph":[{"@type":"WebPage","@id":"https:\/\/elfsight.com\/de\/testimonials-slider-widget\/weebly\/","url":"https:\/\/elfsight.com\/de\/testimonials-slider-widget\/weebly\/","name":"Testimonials-Slider \u2013 Testimonials-Widget zur Weebly-Website hinzuf\u00fcgen (2025)","isPartOf":{"@id":"https:\/\/elfsight.com\/de\/#website"},"datePublished":"1970-01-01T00:00:00+00:00","dateModified":"2024-11-08T09:23:54+00:00","description":"Probieren Sie das beste Testimonials Slider-Plugin f\u00fcr Weebly v\u00f6llig kostenlos aus. Eine einfache und blitzschnelle Installation ohne Programmieraufwand in nur wenigen Minuten.","breadcrumb":{"@id":"https:\/\/elfsight.com\/de\/testimonials-slider-widget\/weebly\/#breadcrumb"},"inLanguage":"de","potentialAction":[{"@type":"ReadAction","target":["https:\/\/elfsight.com\/de\/testimonials-slider-widget\/weebly\/"]}]},{"@type":"BreadcrumbList","@id":"https:\/\/elfsight.com\/de\/testimonials-slider-widget\/weebly\/#breadcrumb","itemListElement":[{"@type":"ListItem","position":1,"name":"Home","item":"https:\/\/elfsight.com\/de\/"},{"@type":"ListItem","position":2,"name":"Testimonials Slider","item":"https:\/\/elfsight.com\/de\/testimonials-slider-widget\/"},{"@type":"ListItem","position":3,"name":"Testimonials Slider &#8211; Weebly"}]},{"@type":"WebSite","@id":"https:\/\/elfsight.com\/de\/#website","url":"https:\/\/elfsight.com\/de\/","name":"Elfsight DE","description":"Just another Elfsight Sites site","potentialAction":[{"@type":"SearchAction","target":{"@type":"EntryPoint","urlTemplate":"https:\/\/elfsight.com\/de\/?s={search_term_string}"},"query-input":{"@type":"PropertyValueSpecification","valueRequired":true,"valueName":"search_term_string"}}],"inLanguage":"de"}]}},"meta_box":{"industry":"","seo_heading":"","heading":"","description":"","cta_heading":"","cta_description":"","application":"462","h1":"Testimonials-Slider-Widget f\u00fcr Weebly","h1_caption":"Zeigen Sie Kundenreferenzen in einem rotierenden Schieberegler an, um Glaubw\u00fcrdigkeit aufzubauen und positives Feedback m\u00fchelos auf Ihrer Weebly-Website zu pr\u00e4sentieren.","application_category":[],"applications_title":"","applications_request_title":"","applications_request_button_text":"","hero_text":"","hero_video":"","hero_video_schema_markup":"","selling_points_title":"","selling_points_caption":"","selling_points":[],"selling_points_cta_text":"","features_title":"","features":"","ed_cta_examples_text":"","ed_cta_examples_hidden":"","ed_cta_demo_text":"","ed_cta_demo_hidden":"","why_caption":"","why_editor_title":"","why_editor_text":"","why_team_title":"","why_team_text":"","why_service_title":"","why_service_text":"","template_catalog_visible":"0","template_catalog_title":"","template_catalog_text":"","template_catalog_categories_visible":"","demo_title":"Erstellen Sie Ihre Testimonials-Slider-App","demo_caption":"Konfigurieren Sie Ihren Testimonials-Slider und f\u00fcgen Sie ihn kostenlos zu Ihrer Weebly-Website hinzu!","default_faq_hidden":"","app_template_category":[],"platform":"249","template_public_id":"","codecanyon_url":"","codecanyon_item_id":"","codecanyon_price":"","pricing_caption":"","pricing_elfsight_apps_hide_column":"","pricing_elfsight_apps_url":"","pricing_codecanyon_price_caption":"","integration_category":[],"integration_request_title":"","integration_request_cta":"","integration_platform":"","integrations":[],"platform_category":[],"video_schema_markup":"","price":"ab 0 $ \/ Monat","trial":"","benefits":[{"text":"Kostenlose Installationsunterst\u00fctzung"},{"text":"Kompetenter Kundenservice"},{"text":"14-t\u00e4gige R\u00fcckerstattungsgarantie"},{"text":"Lebenslange kostenlose Updates"}],"button_url":"#demo","button_target_blank":"0","button_nofollow":"0","attributes":[{"name":"Installiert","content":"10,000 - 100,000"},{"name":"Reaktionsfreudig","content":"Ja"},{"name":"Kompatible Browser","content":"Firefox, Safari, Opera, Chrome, Edge"}],"tags":[],"tags_disable_links":"0","hide_more_platforms":"","video_object":"","demo_hide_cta":"0","demo_hide_cloud_options":"0","pricing_title":"","pricing":[{"pricing_icon":"platform","pricing_title":"Elfsight Apps","pricing_title_caption":"Plattformunabh\u00e4ngige digitale L\u00f6sung","pricing_price":"ab 0 $ \/ Monat","pricing_price_caption":"Beginnen Sie mit einem kostenlosen Plan","pricing_benefits":[{"text":"Unbegrenzte Websites"},{"text":"Engagierter und p\u00fcnktlicher Support"},{"text":"Kostenlose Installationshilfe"},{"text":"Preis f\u00fcr mehrere Apps"}],"pricing_button_text":"Zur Website hinzuf\u00fcgen","pricing_button_url":"#demo"}],"related_apps_title":"","related_apps_hidden":"0","author":"","image":[],"title":"","job":"","social_networks":[]},"_links":{"self":[{"href":"https:\/\/elfsight.com\/de\/wp-json\/wp\/v2\/pages\/17863","targetHints":{"allow":["GET"]}}],"collection":[{"href":"https:\/\/elfsight.com\/de\/wp-json\/wp\/v2\/pages"}],"about":[{"href":"https:\/\/elfsight.com\/de\/wp-json\/wp\/v2\/types\/page"}],"author":[{"embeddable":true,"href":"https:\/\/elfsight.com\/de\/wp-json\/wp\/v2\/users\/9"}],"replies":[{"embeddable":true,"href":"https:\/\/elfsight.com\/de\/wp-json\/wp\/v2\/comments?post=17863"}],"version-history":[{"count":3,"href":"https:\/\/elfsight.com\/de\/wp-json\/wp\/v2\/pages\/17863\/revisions"}],"predecessor-version":[{"id":22699,"href":"https:\/\/elfsight.com\/de\/wp-json\/wp\/v2\/pages\/17863\/revisions\/22699"}],"up":[{"embeddable":true,"href":"https:\/\/elfsight.com\/de\/wp-json\/wp\/v2\/pages\/677"}],"wp:attachment":[{"href":"https:\/\/elfsight.com\/de\/wp-json\/wp\/v2\/media?parent=17863"}],"curies":[{"name":"wp","href":"https:\/\/api.w.org\/{rel}","templated":true}]}}