{"id":17858,"date":"1970-01-01T00:00:00","date_gmt":"1970-01-01T00:00:00","guid":{"rendered":"https:\/\/elfsight.com\/de\/?page_id=17858"},"modified":"2025-12-01T10:06:49","modified_gmt":"2025-12-01T10:06:49","slug":"wix","status":"publish","type":"page","link":"https:\/\/elfsight.com\/de\/testimonials-slider-widget\/wix\/","title":{"rendered":"Testimonials Slider &#8211; Wix"},"content":{"rendered":"\n<div class=\"application-platform-content-item-description application-platform-content-item\" id=\"description\" data-nav-section=\"description\"><h2>Beschreibung<\/h2><p>Testimonials Slider ist eine hervorragende App zum Hinzuf\u00fcgen von Erfahrungsberichten Ihrer Kunden auf Ihrer eigenen Website. Es steht Ihnen frei, jede Art von Social Proof zu nutzen, um Testimonials vertrauensw\u00fcrdig zu machen: Name des Autors, Bild, Firmenlogo des Unternehmens und sogar einen Link zur Website.<\/p><p><b>Steigern Sie das Vertrauen in Ihre Unternehmen, indem Sie den Lesern Ihre ehrlichen und positiven Bewertungen zeigen.<\/b><\/p><ul><li><b>Starker sozialer Beweis<\/b>. Ein Link vom Feedback zu Facebook, LinkedIn oder dem Blog des Autors ist eine St\u00e4rke f\u00fcr die Leser, die die Glaubw\u00fcrdigkeit erh\u00f6ht und beweist, dass Ihr Unternehmen vertrauensw\u00fcrdig ist.<\/li><li><b>Level-Conversion bis zu 200 %<\/b>. Machen Sie Ihr Feedback zum Entscheidungsfaktor und offenbaren Sie es genau dort, wo Zuschauer ihre Entscheidung \u00fcber Bestellung oder Abonnement treffen.<\/li><li><b>Expertenbewertung anzeigen<\/b>. Haben Sie Kunden, deren Meinung andere Besucher beeinflusst? Verwenden Sie es, um detaillierte Testimonials mit vollst\u00e4ndigen Daten \u00fcber den Autor zu konfigurieren und das Verkaufsniveau zu steigern.<\/li><\/ul><\/div><div class=\"application-platform-content-item-features application-platform-content-item\" id=\"features\" data-nav-section=\"features\"><h2>Funktionen<\/h2><p>Die prominente Aspekte, die unseren Testimonials-Slider zu einer unverzichtbaren App f\u00fcr jede Website von Wix machen.<\/p><ul><li>Verwenden Sie die Facebook- oder Twitter-Profil-URL, um zu beweisen, dass der Autor echt ist;<\/li><li>Vollst\u00e4ndig Breites Layout, um ihm ein klares Aussehen zu verleihen.<\/li><li>Verwenden Sie eine Bildunterschrift f\u00fcr Firmennamen, Position und andere Daten.<\/li><li>Erh\u00f6hen Sie die Glaubw\u00fcrdigkeit mit einem Link zur Website des Autors.<\/li><\/ul><p><a href=\"#demo\">Probieren Sie diese Funktionen in der Live-Demo aus<\/a><\/p><\/div><div class=\"application-platform-content-item-installation application-platform-content-item\" id=\"installation\" data-nav-section=\"installation\"><h2>So f\u00fcgen Sie Testimonials zur Wix-Website hinzu<\/h2><div class=\"video-container\"><iframe width=\"560\" height=\"315\" src=\"https:\/\/www.youtube.com\/embed\/wPy3rhKiWCI?si=jykCohJOey4o-HoA\" frameborder=\"0\" allow=\"accelerometer; autoplay; clipboard-write; encrypted-media; gyroscope; picture-in-picture; web-share\" allowfullscreen><\/iframe><\/div><p>Unser Widget ist einfach zu installieren und erfordert keine Entwicklungskenntnisse. Das Durcharbeiten des Leitfadens wird Sie nicht l\u00e4nger als 2 Minuten in Anspruch nehmen.<\/p><ol><li><b>Erstellen Sie Ihren individuellen Testimonials-Slider<\/b>.<br>Mit unserem <a href=\"#demo\">Kostenloser Konfigurator<\/a>, gestalten Sie ein Widget mit dem gew\u00fcnschten Design und den gew\u00fcnschten Funktionen.<\/li><li><b>Erhalten Sie einen Code zum Einrichten der App<\/b>.<br>Nach der Widget-Einstellung erhalten Sie einen Code f\u00fcr Testimonials-Widget aus dem Popup-Fenster von Elfsight Apps.<\/li><li><b>Platzieren Sie die App auf der Website von Wix<\/b>.<br>Platzieren Sie das Widget an der erforderlichen Stelle der Website und ver\u00f6ffentlichen Sie die Ergebnisse. <\/li><li><b>Die Einrichtung ist abgeschlossen!<\/b><br>Betreten Sie Ihre Website, um Ihre Arbeit zu \u00fcberpr\u00fcfen.<\/li><\/ol><p>Beim Einbetten oder Konfigurieren sind Schwierigkeiten aufgetreten App? Lesen Sie das umfassende Tutorial zum <a href=\"https:\/\/elfsight.com\/tutorials\/how-to-add-testimonials-slider-widget-to-wix\/\" target=\"_blank\" rel=\"noopener noreferrer\">Anzeigen Testimonials Slider auf Wix<\/a> oder kontaktieren Sie unser Support Center.<\/p><div class=\"faq\" data-component=\"FAQ\"> <div class=\"faq-item\">\r\n\t\t\t\t\t<div class=\"faq-item-question\">\r\n\t\t\t\t\t\t<h3 class=\"faq-item-question-text\">Wie f\u00fcge ich den Testimonials Slider ohne Programmierkenntnisse zu meiner Wix-Website hinzu?<\/h3>\r\n\r\n\t\t\t\t\t\t<div class=\"faq-item-question-icon\"><\/div>\r\n\t\t\t\t\t<\/div>\r\n\r\n\t\t\t\t\t<div class=\"faq-item-answer\">\r\n\t\t\t\t\t\t<div class=\"faq-item-answer-text\"> <p>Elfsight bietet eine SaaS-L\u00f6sung daf\u00fcr k\u00f6nnen Sie selbst ein Testimonials-Slider-Widget erstellen. Erleben Sie, wie einfach der Vorgang ist: Arbeiten Sie direkt im Online-Editor, um ein Testimonials-Slider-Widget zu erstellen, das Sie gerne auf Ihrer Website von Wix sehen w\u00fcrden. W\u00e4hlen Sie eine der vorgefertigten Vorlagen aus und passen Sie die Einstellungen des Testimonials-Schiebereglers an, f\u00fcgen Sie Ihre Inhalte hinzu, \u00e4ndern Sie das Layout und die Farben ohne Programmierkenntnisse. Speichern Sie den Testimonials-Slider und kopieren Sie seinen Installationscode, den Sie problemlos in Ihre Wix-Website einf\u00fcgen k\u00f6nnen, ohne ein kostenpflichtiges Abonnement zu kaufen. Mit unserem intuitiven Editor kann jeder Internetnutzer online ein Testimonials-Slider-Widget erstellen und es einfach in seine Wix-Website einbetten. Sie m\u00fcssen weder bezahlen noch Ihre Kartendaten eingeben, um auf den Service zuzugreifen. Sollten bei irgendeinem Schritt Probleme auftreten, wenden Sie sich bitte an unser technisches Support-Team.<\/p> <\/div>\r\n\t\t\t\t\t<\/div>\r\n\t\t\t\t<\/div> <\/div> <\/div>\n","protected":false},"excerpt":{"rendered":"","protected":false},"author":9,"featured_media":0,"parent":677,"menu_order":0,"comment_status":"closed","ping_status":"closed","template":"templates\/template-application-platform.php","meta":{"publish_to_discourse":"","publish_post_category":"","wpdc_auto_publish_overridden":"","wpdc_topic_tags":"","wpdc_pin_topic":"","wpdc_pin_until":"","discourse_post_id":"","discourse_permalink":"","wpdc_publishing_response":"","wpdc_publishing_error":"","footnotes":""},"class_list":["post-17858","page","type-page","status-publish","hentry"],"yoast_head":"<!-- This site is optimized with the Yoast SEO plugin v25.3.1 - https:\/\/yoast.com\/wordpress\/plugins\/seo\/ -->\n<title>Testimonials-Slider \u2013 Testimonials-App zur WIX-Website hinzuf\u00fcgen<\/title>\n<meta name=\"description\" content=\"Probieren Sie die beste Testimonials Slider-App f\u00fcr Wix kostenlos aus. Eine unkomplizierte und schnelle Einrichtung, ohne dass Kenntnisse in der Webentwicklung erforderlich sind \u2013 in nur 1 Minute.\" \/>\n<meta name=\"robots\" content=\"index, follow, max-snippet:-1, max-image-preview:large, max-video-preview:-1\" \/>\n<link rel=\"canonical\" href=\"https:\/\/elfsight.com\/de\/testimonials-slider-widget\/wix\/\" \/>\n<meta property=\"og:locale\" content=\"de_DE\" \/>\n<meta property=\"og:type\" content=\"article\" \/>\n<meta property=\"og:title\" content=\"Testimonials-Slider \u2013 Testimonials-App zur WIX-Website hinzuf\u00fcgen\" \/>\n<meta property=\"og:description\" content=\"Probieren Sie die beste Testimonials Slider-App f\u00fcr Wix kostenlos aus. Eine unkomplizierte und schnelle Einrichtung, ohne dass Kenntnisse in der Webentwicklung erforderlich sind \u2013 in nur 1 Minute.\" \/>\n<meta property=\"og:url\" content=\"https:\/\/elfsight.com\/de\/testimonials-slider-widget\/wix\/\" \/>\n<meta property=\"og:site_name\" content=\"Elfsight DE\" \/>\n<meta property=\"article:modified_time\" content=\"2025-12-01T10:06:49+00:00\" \/>\n<meta name=\"twitter:card\" content=\"summary_large_image\" \/>\n<meta name=\"twitter:label1\" content=\"Gesch\u00e4tzte Lesezeit\" \/>\n\t<meta name=\"twitter:data1\" content=\"3\u00a0Minuten\" \/>\n<!-- \/ Yoast SEO plugin. -->","yoast_head_json":{"title":"Testimonials-Slider \u2013 Testimonials-App zur WIX-Website hinzuf\u00fcgen","description":"Probieren Sie die beste Testimonials Slider-App f\u00fcr Wix kostenlos aus. Eine unkomplizierte und schnelle Einrichtung, ohne dass Kenntnisse in der Webentwicklung erforderlich sind \u2013 in nur 1 Minute.","robots":{"index":"index","follow":"follow","max-snippet":"max-snippet:-1","max-image-preview":"max-image-preview:large","max-video-preview":"max-video-preview:-1"},"canonical":"https:\/\/elfsight.com\/de\/testimonials-slider-widget\/wix\/","og_locale":"de_DE","og_type":"article","og_title":"Testimonials-Slider \u2013 Testimonials-App zur WIX-Website hinzuf\u00fcgen","og_description":"Probieren Sie die beste Testimonials Slider-App f\u00fcr Wix kostenlos aus. Eine unkomplizierte und schnelle Einrichtung, ohne dass Kenntnisse in der Webentwicklung erforderlich sind \u2013 in nur 1 Minute.","og_url":"https:\/\/elfsight.com\/de\/testimonials-slider-widget\/wix\/","og_site_name":"Elfsight DE","article_modified_time":"2025-12-01T10:06:49+00:00","twitter_card":"summary_large_image","twitter_misc":{"Gesch\u00e4tzte Lesezeit":"3\u00a0Minuten"},"schema":{"@context":"https:\/\/schema.org","@graph":[{"@type":"WebPage","@id":"https:\/\/elfsight.com\/de\/testimonials-slider-widget\/wix\/","url":"https:\/\/elfsight.com\/de\/testimonials-slider-widget\/wix\/","name":"Testimonials-Slider \u2013 Testimonials-App zur WIX-Website hinzuf\u00fcgen","isPartOf":{"@id":"https:\/\/elfsight.com\/de\/#website"},"datePublished":"1970-01-01T00:00:00+00:00","dateModified":"2025-12-01T10:06:49+00:00","description":"Probieren Sie die beste Testimonials Slider-App f\u00fcr Wix kostenlos aus. Eine unkomplizierte und schnelle Einrichtung, ohne dass Kenntnisse in der Webentwicklung erforderlich sind \u2013 in nur 1 Minute.","breadcrumb":{"@id":"https:\/\/elfsight.com\/de\/testimonials-slider-widget\/wix\/#breadcrumb"},"inLanguage":"de","potentialAction":[{"@type":"ReadAction","target":["https:\/\/elfsight.com\/de\/testimonials-slider-widget\/wix\/"]}]},{"@type":"BreadcrumbList","@id":"https:\/\/elfsight.com\/de\/testimonials-slider-widget\/wix\/#breadcrumb","itemListElement":[{"@type":"ListItem","position":1,"name":"Home","item":"https:\/\/elfsight.com\/de\/"},{"@type":"ListItem","position":2,"name":"Testimonials Slider","item":"https:\/\/elfsight.com\/de\/testimonials-slider-widget\/"},{"@type":"ListItem","position":3,"name":"Testimonials Slider &#8211; Wix"}]},{"@type":"WebSite","@id":"https:\/\/elfsight.com\/de\/#website","url":"https:\/\/elfsight.com\/de\/","name":"Elfsight DE","description":"Just another Elfsight Sites site","potentialAction":[{"@type":"SearchAction","target":{"@type":"EntryPoint","urlTemplate":"https:\/\/elfsight.com\/de\/?s={search_term_string}"},"query-input":{"@type":"PropertyValueSpecification","valueRequired":true,"valueName":"search_term_string"}}],"inLanguage":"de"}]}},"meta_box":{"industry":"","seo_heading":"","heading":"","description":"","cta_heading":"","cta_description":"","application":"462","h1":"Testimonials Slider-App f\u00fcr Wix","h1_caption":"Zeigen Sie Kundenreferenzen in einem rotierenden Schieberegler an, um Glaubw\u00fcrdigkeit aufzubauen und positives Feedback m\u00fchelos auf Ihrer Wix-Website zu pr\u00e4sentieren.","application_category":[],"applications_title":"","applications_request_title":"","applications_request_button_text":"","hero_text":"","hero_video":"","hero_video_schema_markup":"","selling_points_title":"","selling_points_caption":"","selling_points":[],"selling_points_cta_text":"","features_title":"","features":"","ed_cta_examples_text":"","ed_cta_examples_hidden":"","ed_cta_demo_text":"","ed_cta_demo_hidden":"","why_caption":"","why_editor_title":"","why_editor_text":"","why_team_title":"","why_team_text":"","why_service_title":"","why_service_text":"","template_catalog_visible":"0","template_catalog_title":"","template_catalog_text":"","template_catalog_categories_visible":"","demo_title":"Erstellen Sie Ihre Testimonials-Slider-App","demo_caption":"Konfigurieren Sie Ihren Testimonials-Slider und f\u00fcgen Sie ihn kostenlos zu Ihrer Wix-Website hinzu!","default_faq_hidden":"","app_template_category":[],"platform":"265","template_public_id":"","codecanyon_url":"","codecanyon_item_id":"","codecanyon_price":"","pricing_caption":"","pricing_elfsight_apps_hide_column":"","pricing_elfsight_apps_url":"","pricing_codecanyon_price_caption":"","integration_category":[],"integration_request_title":"","integration_request_cta":"","integration_platform":"","integrations":[],"platform_category":[],"video_schema_markup":"","price":"ab 0 $ \/ Monat","trial":"","benefits":[{"text":"Kostenloser Installationsservice"},{"text":"Erfahrener Kundensupport"},{"text":"14-t\u00e4gige R\u00fcckerstattungsgarantie"},{"text":"Regelm\u00e4\u00dfige Updates"}],"button_url":"#demo","button_target_blank":"0","button_nofollow":"0","attributes":[{"name":"Installiert","content":"10,000 - 100,000"},{"name":"Reaktionsfreudig","content":"Ja"},{"name":"Kompatible Browser","content":"Chrome, Edge, Safari, Firefox, Opera"}],"tags":[],"tags_disable_links":"0","hide_more_platforms":"0","video_object":"","demo_hide_cta":"0","demo_hide_cloud_options":"0","pricing_title":"","pricing":[{"pricing_icon":"platform","pricing_title":"Elfsight apps","pricing_title_caption":"Multiplattform-Version","pricing_price":"ab 0 $ \/ Monat","pricing_price_caption":"Beginnen Sie mit einem kostenlosen Plan","pricing_benefits":[{"text":"Unbegrenzte Domains"},{"text":"Schnelle Unterst\u00fctzung"},{"text":"Kostenlose Installationshilfe"},{"text":"Sonderangebot f\u00fcr mehrere Apps"}],"pricing_button_text":"Zur Website hinzuf\u00fcgen","pricing_button_url":"#demo"}],"related_apps_title":"","related_apps_hidden":"0","author":"","image":[],"title":"","job":"","social_networks":[]},"_links":{"self":[{"href":"https:\/\/elfsight.com\/de\/wp-json\/wp\/v2\/pages\/17858","targetHints":{"allow":["GET"]}}],"collection":[{"href":"https:\/\/elfsight.com\/de\/wp-json\/wp\/v2\/pages"}],"about":[{"href":"https:\/\/elfsight.com\/de\/wp-json\/wp\/v2\/types\/page"}],"author":[{"embeddable":true,"href":"https:\/\/elfsight.com\/de\/wp-json\/wp\/v2\/users\/9"}],"replies":[{"embeddable":true,"href":"https:\/\/elfsight.com\/de\/wp-json\/wp\/v2\/comments?post=17858"}],"version-history":[{"count":4,"href":"https:\/\/elfsight.com\/de\/wp-json\/wp\/v2\/pages\/17858\/revisions"}],"predecessor-version":[{"id":25568,"href":"https:\/\/elfsight.com\/de\/wp-json\/wp\/v2\/pages\/17858\/revisions\/25568"}],"up":[{"embeddable":true,"href":"https:\/\/elfsight.com\/de\/wp-json\/wp\/v2\/pages\/677"}],"wp:attachment":[{"href":"https:\/\/elfsight.com\/de\/wp-json\/wp\/v2\/media?parent=17858"}],"curies":[{"name":"wp","href":"https:\/\/api.w.org\/{rel}","templated":true}]}}