{"id":17857,"date":"1970-01-01T00:00:00","date_gmt":"1970-01-01T00:00:00","guid":{"rendered":"https:\/\/elfsight.com\/de\/?page_id=17857"},"modified":"2025-02-18T17:15:05","modified_gmt":"2025-02-18T17:15:05","slug":"html","status":"publish","type":"page","link":"https:\/\/elfsight.com\/de\/testimonials-slider-widget\/html\/","title":{"rendered":"Testimonials Slider &#8211; HTML"},"content":{"rendered":"\n<div class=\"application-platform-content-item-description application-platform-content-item\" id=\"description\" data-nav-section=\"description\"><h2>Beschreibung<\/h2><p>Responsiver Testimonials-Slider \u2013 ein hervorragendes Widget zum Anzeigen von Bewertungen Ihrer Benutzer auf Ihrer Website. Es steht Ihnen frei, alle sozialen Beweise zu verwenden, um Bewertungen vertrauensw\u00fcrdig zu machen: den Namen des Autors, ein Bild, das Logo des Unternehmens und sogar eine URL zur Website.<\/p><p><b>Erh\u00f6hen Sie das Vertrauen in Ihren Service, indem Sie den Besuchern Ihre Qualit\u00e4t demonstrieren wahres und nat\u00fcrliches Feedback.<\/b><\/p><ul><li><b>Verwandeln Sie Ihre Bewertungen in absolut vertrauensw\u00fcrdig<\/b>.<br>Zeigen Sie alle Informationen \u00fcber den Autor aller Testimonials an, zusammen mit Namen, Unternehmen und Position. Zeigen Sie Ihren Kunden, dass sie es mit Erfahrungsberichten bestehender Personen zu tun haben.<\/li><li><b>Animieren Sie Benutzer zum Handeln<\/b>.<br>Das Hinzuf\u00fcgen von echtem Kundenfeedback mit guten Erfahrungen lockt Benutzer dazu, diese Eindr\u00fccke zu teilen regt sie zum Handeln an und erh\u00f6ht Ihr Konversionsniveau.<\/li><li><b>F\u00fcgen Sie eine professionelle Meinung hinzu<\/b>.<br>Haben Sie Benutzer, deren Bewertungen die Leser beeinflussen werden? Erstellen Sie detaillierte Erfahrungsberichte mit Daten \u00fcber den Autor und steigern Sie das Verkaufsniveau.<\/li><\/ul><\/div><div class=\"application-platform-content-item-features application-platform-content-item\" id=\"features\" data-nav-section=\"features\"><h2>Funktionen<\/h2><p>Die herausragenden Merkmale, die sich drehen Testimonial-Slider in ein unersetzliches Widget f\u00fcr jede HTML-Website verwandeln.<\/p><ul><li>Probieren Sie 6 responsive Testimonial-Vorlagen aus und finden Sie diejenige, die Sie brauchen;<\/li><li>Zeigen Sie den Namen und das Foto des Autors f\u00fcr mehr Vertrauen an;<\/li><li>F\u00fcgen Sie Firma, Position und andere Informationen zur Bildunterschrift hinzu.<\/li><li>Platzieren Sie einen Link zur Website des Autors, um ein aussagekr\u00e4ftiges Bild zu erstellen.<\/li><\/ul><p><a href=\"#demo\">Probieren Sie diese Funktionen in der Live-Demo aus<\/a><\/p><\/div><div class=\"application-platform-content-item-installation application-platform-content-item\" id=\"installation\" data-nav-section=\"installation\"><h2>So f\u00fcgen Sie Testimonials-HTML-Code zu Ihrer Website hinzu<\/h2> <div class=\"video-container\"><iframe width=\"560\" height=\"315\" src=\"https:\/\/www.youtube.com\/embed\/8_6g27T0lXY?si=P3mbObf4EN4S6unL\" frameborder=\"0\" allow=\"accelerometer; autoplay; clipboard-write; encrypted-media; gyroscope; picture-in-picture; web-share\" allowfullscreen><\/iframe><\/div><p>Unser Plugin ist \u00e4u\u00dferst einfach zu installieren und erfordert keine Kenntnisse in der Webentwicklung. Das Durcharbeiten der Anleitung dauert nur ein paar Minuten.<\/p><ol><li><b>Entwerfen Sie Ihren individuellen Testimonial-Slider-HTML<\/b>.<br>Erstellen Sie mit unserem kostenlosen Editor ein Plugin mit bevorzugtem Layout und Kapazit\u00e4ten.<\/li><li><b>Holen Sie sich den Code zum Einrichten des Widgets<\/b>.<br>Besorgen Sie sich nach der Widget-Einstellung den Code f\u00fcr das Testimonials-Plugin aus dem Popup-Fenster von Elfsight Apps. <\/li><li><b>Zeigen Sie den Widget-Code auf Ihrer HTML-Website an.<\/b>.<br>Starten Sie den Seitencode im HTML-Editor und zeigen Sie dann das Widget an der gew\u00fcnschten Stelle an (Inhalt, Fu\u00dfzeile, Seitenleiste usw.). .) und \u00fcbernehmen Sie die \u00c4nderungen.<\/li><li><b>Fertig<\/b>!<br>Betreten Sie die Website, um Ihre Erfahrungsberichte zu sehen.<\/li><\/ol><p>Es treten dabei irgendwelche Schwierigkeiten auf Einbetten oder Formen des Widgets? Entdecken Sie die ausf\u00fchrliche Anleitung zur <a href=\"https:\/\/elfsight.com\/tutorials\/how-to-add-testimonials-slider-widget-to-html\/\" target=\"_blank\" rel=\"noopener noreferrer\">Installation Testimonials Slider zu HTML<\/a> oder hinterlassen Sie eine Anfrage im Support Center.<\/p><div class=\"faq\" data-component=\"FAQ\"> <div class=\"faq-item\">\r\n\t\t\t\t\t<div class=\"faq-item-question\">\r\n\t\t\t\t\t\t<h3 class=\"faq-item-question-text\">Wie kann ich Testimonials Slider ohne Programmierkenntnisse zu meiner HTML-Website hinzuf\u00fcgen?<\/h3>\r\n\r\n\t\t\t\t\t\t<div class=\"faq-item-question-icon\"><\/div>\r\n\t\t\t\t\t<\/div>\r\n\r\n\t\t\t\t\t<div class=\"faq-item-answer\">\r\n\t\t\t\t\t\t<div class=\"faq-item-answer-text\"> <p>Elfsight bietet ein SaaS L\u00f6sung, mit der Sie selbst ein Testimonials-Slider-Widget erstellen k\u00f6nnen, sehen Sie, wie einfach der Vorgang ist: Arbeiten Sie direkt im Online-Editor, um ein Testimonials-Slider-Widget zu erstellen, das Sie gerne auf Ihrer HTML-Website sehen w\u00fcrden. W\u00e4hlen Sie eine der vorgefertigten Vorlagen aus und passen Sie die Einstellungen des Testimonials-Schiebereglers an, f\u00fcgen Sie Ihre Inhalte hinzu, \u00e4ndern Sie das Layout und das Farbschema ohne Programmierkenntnisse. Speichern Sie den Testimonials-Slider und kopieren Sie seinen Installationscode, den Sie problemlos in Ihre HTML-Website integrieren k\u00f6nnen, ohne einen kostenpflichtigen Plan zu kaufen. Mit unserem intuitiven Editor kann jeder Internetnutzer online ein Testimonials-Slider-Widget erstellen und es einfach in seine HTML-Website einbetten. Sie m\u00fcssen weder bezahlen noch Ihre Kartendaten eingeben, um auf den Service zuzugreifen. Sollten bei irgendeinem Schritt Probleme auftreten, wenden Sie sich bitte an unser technisches Support-Team.<\/p> <\/div>\r\n\t\t\t\t\t<\/div>\r\n\t\t\t\t<\/div> <\/div> <\/div>\n","protected":false},"excerpt":{"rendered":"","protected":false},"author":9,"featured_media":0,"parent":677,"menu_order":0,"comment_status":"closed","ping_status":"closed","template":"templates\/template-application-platform.php","meta":{"publish_to_discourse":"","publish_post_category":"","wpdc_auto_publish_overridden":"","wpdc_topic_tags":"","wpdc_pin_topic":"","wpdc_pin_until":"","discourse_post_id":"","discourse_permalink":"","wpdc_publishing_response":"","wpdc_publishing_error":"","footnotes":""},"class_list":["post-17857","page","type-page","status-publish","hentry"],"yoast_head":"<!-- This site is optimized with the Yoast SEO plugin v25.3.1 - https:\/\/yoast.com\/wordpress\/plugins\/seo\/ -->\n<title>Testimonials-Widget \u2013 F\u00fcgen Sie einen responsiven Testimonial-Slider zur HTML-Website hinzu<\/title>\n<meta name=\"description\" content=\"Probieren Sie das beste Testimonials-Slider-Widget f\u00fcr HTML kostenlos aus. Eine einfache und blitzschnelle Einrichtung ohne Fachkenntnisse in der Codeentwicklung in nur wenigen Minuten.\" \/>\n<meta name=\"robots\" content=\"index, follow, max-snippet:-1, max-image-preview:large, max-video-preview:-1\" \/>\n<link rel=\"canonical\" href=\"https:\/\/elfsight.com\/de\/testimonials-slider-widget\/html\/\" \/>\n<meta property=\"og:locale\" content=\"de_DE\" \/>\n<meta property=\"og:type\" content=\"article\" \/>\n<meta property=\"og:title\" content=\"Testimonials-Widget \u2013 F\u00fcgen Sie einen responsiven Testimonial-Slider zur HTML-Website hinzu\" \/>\n<meta property=\"og:description\" content=\"Probieren Sie das beste Testimonials-Slider-Widget f\u00fcr HTML kostenlos aus. Eine einfache und blitzschnelle Einrichtung ohne Fachkenntnisse in der Codeentwicklung in nur wenigen Minuten.\" \/>\n<meta property=\"og:url\" content=\"https:\/\/elfsight.com\/de\/testimonials-slider-widget\/html\/\" \/>\n<meta property=\"og:site_name\" content=\"Elfsight DE\" \/>\n<meta property=\"article:modified_time\" content=\"2025-02-18T17:15:05+00:00\" \/>\n<meta name=\"twitter:card\" content=\"summary_large_image\" \/>\n<meta name=\"twitter:label1\" content=\"Gesch\u00e4tzte Lesezeit\" \/>\n\t<meta name=\"twitter:data1\" content=\"4\u00a0Minuten\" \/>\n<!-- \/ Yoast SEO plugin. -->","yoast_head_json":{"title":"Testimonials-Widget \u2013 F\u00fcgen Sie einen responsiven Testimonial-Slider zur HTML-Website hinzu","description":"Probieren Sie das beste Testimonials-Slider-Widget f\u00fcr HTML kostenlos aus. Eine einfache und blitzschnelle Einrichtung ohne Fachkenntnisse in der Codeentwicklung in nur wenigen Minuten.","robots":{"index":"index","follow":"follow","max-snippet":"max-snippet:-1","max-image-preview":"max-image-preview:large","max-video-preview":"max-video-preview:-1"},"canonical":"https:\/\/elfsight.com\/de\/testimonials-slider-widget\/html\/","og_locale":"de_DE","og_type":"article","og_title":"Testimonials-Widget \u2013 F\u00fcgen Sie einen responsiven Testimonial-Slider zur HTML-Website hinzu","og_description":"Probieren Sie das beste Testimonials-Slider-Widget f\u00fcr HTML kostenlos aus. Eine einfache und blitzschnelle Einrichtung ohne Fachkenntnisse in der Codeentwicklung in nur wenigen Minuten.","og_url":"https:\/\/elfsight.com\/de\/testimonials-slider-widget\/html\/","og_site_name":"Elfsight DE","article_modified_time":"2025-02-18T17:15:05+00:00","twitter_card":"summary_large_image","twitter_misc":{"Gesch\u00e4tzte Lesezeit":"4\u00a0Minuten"},"schema":{"@context":"https:\/\/schema.org","@graph":[{"@type":"WebPage","@id":"https:\/\/elfsight.com\/de\/testimonials-slider-widget\/html\/","url":"https:\/\/elfsight.com\/de\/testimonials-slider-widget\/html\/","name":"Testimonials-Widget \u2013 F\u00fcgen Sie einen responsiven Testimonial-Slider zur HTML-Website hinzu","isPartOf":{"@id":"https:\/\/elfsight.com\/de\/#website"},"datePublished":"1970-01-01T00:00:00+00:00","dateModified":"2025-02-18T17:15:05+00:00","description":"Probieren Sie das beste Testimonials-Slider-Widget f\u00fcr HTML kostenlos aus. Eine einfache und blitzschnelle Einrichtung ohne Fachkenntnisse in der Codeentwicklung in nur wenigen Minuten.","breadcrumb":{"@id":"https:\/\/elfsight.com\/de\/testimonials-slider-widget\/html\/#breadcrumb"},"inLanguage":"de","potentialAction":[{"@type":"ReadAction","target":["https:\/\/elfsight.com\/de\/testimonials-slider-widget\/html\/"]}]},{"@type":"BreadcrumbList","@id":"https:\/\/elfsight.com\/de\/testimonials-slider-widget\/html\/#breadcrumb","itemListElement":[{"@type":"ListItem","position":1,"name":"Home","item":"https:\/\/elfsight.com\/de\/"},{"@type":"ListItem","position":2,"name":"Testimonials Slider","item":"https:\/\/elfsight.com\/de\/testimonials-slider-widget\/"},{"@type":"ListItem","position":3,"name":"Testimonials Slider &#8211; HTML"}]},{"@type":"WebSite","@id":"https:\/\/elfsight.com\/de\/#website","url":"https:\/\/elfsight.com\/de\/","name":"Elfsight DE","description":"Just another Elfsight Sites site","potentialAction":[{"@type":"SearchAction","target":{"@type":"EntryPoint","urlTemplate":"https:\/\/elfsight.com\/de\/?s={search_term_string}"},"query-input":{"@type":"PropertyValueSpecification","valueRequired":true,"valueName":"search_term_string"}}],"inLanguage":"de"}]}},"meta_box":{"industry":"","seo_heading":"","heading":"","description":"","cta_heading":"","cta_description":"","application":"462","h1":"Testimonials-Slider-Widget f\u00fcr HTML","h1_caption":"Zeigen Sie Kundenstimmen in einem rotierenden Schieberegler an, um Glaubw\u00fcrdigkeit aufzubauen und positives Feedback m\u00fchelos auf Ihrer HTML-Website zu pr\u00e4sentieren.","application_category":[],"applications_title":"","applications_request_title":"","applications_request_button_text":"","hero_text":"","hero_video":"","hero_video_schema_markup":"","selling_points_title":"","selling_points_caption":"","selling_points":[],"selling_points_cta_text":"","features_title":"","features":"","ed_cta_examples_text":"","ed_cta_examples_hidden":"","ed_cta_demo_text":"","ed_cta_demo_hidden":"","why_caption":"","why_editor_title":"","why_editor_text":"","why_team_title":"","why_team_text":"","why_service_title":"","why_service_text":"","template_catalog_visible":"0","template_catalog_title":"","template_catalog_text":"","template_catalog_categories_visible":"","demo_title":"Erstellen Sie Ihr Testimonials-Slider-Widget","demo_caption":"Konfigurieren Sie Ihren Testimonials-Slider und f\u00fcgen Sie ihn kostenlos zu Ihrer HTML-Website hinzu!","default_faq_hidden":"","app_template_category":[],"platform":"260","template_public_id":"","codecanyon_url":"","codecanyon_item_id":"","codecanyon_price":"","pricing_caption":"","pricing_elfsight_apps_hide_column":"","pricing_elfsight_apps_url":"","pricing_codecanyon_price_caption":"","integration_category":[],"integration_request_title":"","integration_request_cta":"","integration_platform":"","integrations":[],"platform_category":[],"video_schema_markup":"","price":"ab 0 $ \/ Monat","trial":"","benefits":[{"text":"Kostenloser Installationsservice"},{"text":"Erfahrener Kundensupport"},{"text":"14-t\u00e4gige Geld-zur\u00fcck-Garantie"},{"text":"Regelm\u00e4\u00dfige kostenlose Verbesserungen"}],"button_url":"#demo","button_target_blank":"0","button_nofollow":"0","attributes":[{"name":"Installiert","content":"10,000 - 100,000"},{"name":"Reaktionsfreudig","content":"Ja"},{"name":"Kompatible Browser","content":"Firefox, Safari, Opera, Chrome, Edge"}],"tags":[],"tags_disable_links":"0","hide_more_platforms":"0","video_object":"","demo_hide_cta":"0","demo_hide_cloud_options":"0","pricing_title":"","pricing":[{"pricing_icon":"platform","pricing_title":"Elfsight Apps","pricing_title_caption":"Multiplattform-Software","pricing_price":"ab 0 $ \/ Monat","pricing_price_caption":"Beginnen Sie mit einem kostenlosen Plan","pricing_benefits":[{"text":"Unbegrenzte Websites"},{"text":"Professioneller Kundensupport"},{"text":"Kostenlose Installationshilfe"},{"text":"Zeitlich begrenztes Angebot f\u00fcr mehrere Apps"}],"pricing_button_text":"Zur Website hinzuf\u00fcgen","pricing_button_url":"#demo"}],"related_apps_title":"","related_apps_hidden":"0","author":"","image":[],"title":"","job":"","social_networks":[]},"_links":{"self":[{"href":"https:\/\/elfsight.com\/de\/wp-json\/wp\/v2\/pages\/17857","targetHints":{"allow":["GET"]}}],"collection":[{"href":"https:\/\/elfsight.com\/de\/wp-json\/wp\/v2\/pages"}],"about":[{"href":"https:\/\/elfsight.com\/de\/wp-json\/wp\/v2\/types\/page"}],"author":[{"embeddable":true,"href":"https:\/\/elfsight.com\/de\/wp-json\/wp\/v2\/users\/9"}],"replies":[{"embeddable":true,"href":"https:\/\/elfsight.com\/de\/wp-json\/wp\/v2\/comments?post=17857"}],"version-history":[{"count":3,"href":"https:\/\/elfsight.com\/de\/wp-json\/wp\/v2\/pages\/17857\/revisions"}],"predecessor-version":[{"id":24374,"href":"https:\/\/elfsight.com\/de\/wp-json\/wp\/v2\/pages\/17857\/revisions\/24374"}],"up":[{"embeddable":true,"href":"https:\/\/elfsight.com\/de\/wp-json\/wp\/v2\/pages\/677"}],"wp:attachment":[{"href":"https:\/\/elfsight.com\/de\/wp-json\/wp\/v2\/media?parent=17857"}],"curies":[{"name":"wp","href":"https:\/\/api.w.org\/{rel}","templated":true}]}}