{"id":17856,"date":"1970-01-01T00:00:00","date_gmt":"1970-01-01T00:00:00","guid":{"rendered":"https:\/\/elfsight.com\/de\/?page_id=17856"},"modified":"2025-02-18T17:10:26","modified_gmt":"2025-02-18T17:10:26","slug":"jquery","status":"publish","type":"page","link":"https:\/\/elfsight.com\/de\/testimonials-slider-widget\/jquery\/","title":{"rendered":"Testimonials Slider &#8211; jQuery"},"content":{"rendered":"\n<div class=\"application-platform-content-item-description application-platform-content-item\" id=\"description\" data-nav-section=\"description\"><h2>Beschreibung<\/h2><p>Testimonials Slider \u2013 ein hervorragendes Plugin zum Offenlegen von Bewertungen Ihrer Kunden auf Ihrer pers\u00f6nlichen Website. Sie k\u00f6nnen beliebige soziale Beweise beif\u00fcgen, um Testimonials vertrauensw\u00fcrdig zu machen: den Namen des Autors, ein Bild, das Firmenlogo der Organisation und sogar einen Link zur Website.<\/p><p><b>Steigern Sie das Vertrauen in Ihren Service, indem Sie den Besuchern Ihre Qualit\u00e4t demonstrieren Echte und \u00fcberzeugende Bewertungen.<\/b><\/p><ul><li><b>Erstellen Sie absolut vertrauensw\u00fcrdige Erfahrungsberichte<\/b>.<br>Enth\u00fcllen Sie alle Informationen \u00fcber den Autor aller Bewertungen, einschlie\u00dflich: Name, Unternehmen, Zeigen Sie den Besuchern, dass es sich um Erfahrungsberichte echter Kunden handelt.<\/li><li><b>Animieren Sie Benutzer zum Kauf<\/b>.<br>Die Anzeige echter Benutzerbewertungen mit gl\u00fccklichen Erfahrungen inspiriert Kunden dazu, diese Eindr\u00fccke zu teilen und motiviert sie zum Kauf und steigert Ihre Conversion.<\/li><li><b>Ein weiterer sozialer Beweis<\/b>.<br>Ein Link von der Rezension zu Facebook, LinkedIn oder einer Website des Autors ist ein Zeichen daf\u00fcr Zuverl\u00e4ssigkeit f\u00fcr Benutzer, die die Glaubw\u00fcrdigkeit erh\u00f6ht und zeigt, dass Ihr Unternehmen wahr ist.<\/li><li><b>Steigern Sie die Konvertierung um bis zu 200 %<\/b>.<br>Verwandeln Sie Ihre Erfahrungsberichte in das entscheidende Argument, indem Sie sie richtig darstellen wo Zuschauer ihre Entscheidung \u00fcber Kauf oder Registrierung treffen.<\/li><\/ul><\/div><div class=\"faq\" data-component=\"FAQ\"><div class=\"faq-item\">\r\n\t\t\t\t\t<div class=\"faq-item-question\">\r\n\t\t\t\t\t\t<h3 class=\"faq-item-question-text\">Auf welche Weise bette ich einen Testimonials-Slider in eine jQuery-Website ein?<\/h3>\r\n\r\n\t\t\t\t\t\t<div class=\"faq-item-question-icon\"><\/div>\r\n\t\t\t\t\t<\/div>\r\n\r\n\t\t\t\t\t<div class=\"faq-item-answer\">\r\n\t\t\t\t\t\t<div class=\"faq-item-answer-text\"><p>Die Erstellung des Tools erfolgt auf der Elfsight-Website und es ist nicht erforderlich, das Programmieren zu erlernen. \u00d6ffnen Sie die Online-Demo, um Ihr Tool zu personalisieren, erhalten Sie den Code und f\u00fcgen Sie ihn in Ihre Website ein.<\/p><\/div>\r\n\t\t\t\t\t<\/div>\r\n\t\t\t\t<\/div><div class=\"faq-item\">\r\n\t\t\t\t\t<div class=\"faq-item-question\">\r\n\t\t\t\t\t\t<h3 class=\"faq-item-question-text\">Die besten M\u00f6glichkeiten zur Verwendung der Feedback-Widget-Integration<\/h3>\r\n\r\n\t\t\t\t\t\t<div class=\"faq-item-question-icon\"><\/div>\r\n\t\t\t\t\t<\/div>\r\n\r\n\t\t\t\t\t<div class=\"faq-item-answer\">\r\n\t\t\t\t\t\t<div class=\"faq-item-answer-text\"><p>Wir haben viele Anpassungsm\u00f6glichkeiten: Widgets in voller Gr\u00f6\u00dfe f\u00fcr die Implementierung im Inhaltsbereich, schwebende Widgets f\u00fcr Scrollm\u00f6glichkeiten, Layouts f\u00fcr die Fu\u00dfzeile, den Kopfbereich und alle Arten von vertikalen Optionen f\u00fcr Website-Seitenleisten und Men\u00fcs <\/p><\/div>\r\n\t\t\t\t\t<\/div>\r\n\t\t\t\t<\/div><div class=\"faq-item\">\r\n\t\t\t\t\t<div class=\"faq-item-question\">\r\n\t\t\t\t\t\t<h3 class=\"faq-item-question-text\">Kann ich mit Hilfe des Herausgebers einen Karten- oder Karussell-Testimonials-Slider erstellen?<\/h3>\r\n\r\n\t\t\t\t\t\t<div class=\"faq-item-question-icon\"><\/div>\r\n\t\t\t\t\t<\/div>\r\n\r\n\t\t\t\t\t<div class=\"faq-item-answer\">\r\n\t\t\t\t\t\t<div class=\"faq-item-answer-text\"><p>Sie k\u00f6nnen beliebige Widget-Varianten erstellen. Im Editor stehen viele Layouts zur Verf\u00fcgung, und alle k\u00f6nnen schnell nach Ihren W\u00fcnschen angepasst werden.<\/p><\/div>\r\n\t\t\t\t\t<\/div>\r\n\t\t\t\t<\/div><\/div><div class=\"application-platform-content-item-features application-platform-content-item\" id=\"features\" data-nav-section=\"features\"><h2>Funktionen<\/h2><p>Die herausragenden Merkmale, die Elfsight Testimonials Slider in ein unersetzliches Plugin f\u00fcr jede jQuery-Site verwandeln.<\/p><ul><li>Responsiv und f\u00fcr jeden geeignet Design;<\/li><li>Zeigen Sie den Namen und das Foto des Autors f\u00fcr mehr Vertrauen an;<\/li><li>Erh\u00f6hen Sie die Glaubw\u00fcrdigkeit mit einem Link zur Website des Autors;<\/li><li>Slider-, Raster-, Karussell- und Rotator-Layouts f\u00fcr breites Spektrum an Anwendungsf\u00e4llen;<\/li><li>Verwenden Sie die Facebook- oder Twitter-Profil-URL, um zu beweisen, dass der Autor echt ist.<\/li><\/ul><p><a href=\"#demo\"> Weitere Funktionen in einem kostenlosen Editor<\/a><\/p><\/div><div class=\"application-platform-content-item-installation application-platform-content-item\" id=\"installation\" data-nav-section=\"installation\"><h2>So f\u00fcgen Sie das Testimonials Slider-Plugin zur jQuery-Website hinzu<\/h2><p>Das Elfsight-Plugin ist intuitiv zu bedienen Installationsbedingungen und erfordert keine Programmierkenntnisse. Das Durchf\u00fchren des Tutorials dauert nicht l\u00e4nger als mehrere Minuten.<\/p><ol><li><b>Erstellen Sie Ihren personalisierten Testimonials-Slider<\/b>.<br>Mit Hilfe unserer kostenlosen Demo, einem Plugin mit erforderliche Vorlage (Karussell, Rotator, Raster usw.) und Optionen.<\/li><li><b>Erhalten Sie einen Code zum Anzeigen des Plugins<\/b>.<br>Nach der Widget-Optimierung erhalten Sie einen Code f\u00fcr Testimonials von Es erschien ein Fenster in Elfsight Apps.<\/li><li><b>Zeigen Sie das Plugin auf der jQuery-Website an<\/b>.<br>Zeigen Sie das Plugin an der gew\u00fcnschten Stelle der Seite an und \u00fcbernehmen Sie die \u00c4nderungen.<\/li><li><b>Die Integration ist erfolgreich!<\/b>.<br>Betreten Sie Ihre jQuery-Website, um Ihre Arbeit zu \u00fcberpr\u00fcfen.<\/li><\/ol><p>Haben Sie beim Hinzuf\u00fcgen oder Anpassen des Testimonials-Plugins Fragen? Nehmen Sie Kontakt mit unserem Support Center auf.<\/p><\/div>\n","protected":false},"excerpt":{"rendered":"","protected":false},"author":9,"featured_media":0,"parent":677,"menu_order":0,"comment_status":"closed","ping_status":"closed","template":"templates\/template-application-platform.php","meta":{"publish_to_discourse":"","publish_post_category":"","wpdc_auto_publish_overridden":"","wpdc_topic_tags":"","wpdc_pin_topic":"","wpdc_pin_until":"","discourse_post_id":"","discourse_permalink":"","wpdc_publishing_response":"","wpdc_publishing_error":"","footnotes":""},"class_list":["post-17856","page","type-page","status-publish","hentry"],"yoast_head":"<!-- This site is optimized with the Yoast SEO plugin v25.3.1 - https:\/\/yoast.com\/wordpress\/plugins\/seo\/ -->\n<title>Testimonials Slider \u2013 Responsives jQuery Testimonials Slider-Plugin<\/title>\n<meta name=\"description\" content=\"Testen Sie kostenlos das responsive Testimonials Slider-Plugin f\u00fcr jQuery. Eine einfache und schnelle Einrichtung, +7 Vorlagen (Rotator, Karussell usw.) und andere Boni.\" \/>\n<meta name=\"robots\" content=\"index, follow, max-snippet:-1, max-image-preview:large, max-video-preview:-1\" \/>\n<link rel=\"canonical\" href=\"https:\/\/elfsight.com\/de\/testimonials-slider-widget\/jquery\/\" \/>\n<meta property=\"og:locale\" content=\"de_DE\" \/>\n<meta property=\"og:type\" content=\"article\" \/>\n<meta property=\"og:title\" content=\"Testimonials Slider \u2013 Responsives jQuery Testimonials Slider-Plugin\" \/>\n<meta property=\"og:description\" content=\"Testen Sie kostenlos das responsive Testimonials Slider-Plugin f\u00fcr jQuery. Eine einfache und schnelle Einrichtung, +7 Vorlagen (Rotator, Karussell usw.) und andere Boni.\" \/>\n<meta property=\"og:url\" content=\"https:\/\/elfsight.com\/de\/testimonials-slider-widget\/jquery\/\" \/>\n<meta property=\"og:site_name\" content=\"Elfsight DE\" \/>\n<meta property=\"article:modified_time\" content=\"2025-02-18T17:10:26+00:00\" \/>\n<meta name=\"twitter:card\" content=\"summary_large_image\" \/>\n<meta name=\"twitter:label1\" content=\"Gesch\u00e4tzte Lesezeit\" \/>\n\t<meta name=\"twitter:data1\" content=\"3\u00a0Minuten\" \/>\n<!-- \/ Yoast SEO plugin. -->","yoast_head_json":{"title":"Testimonials Slider \u2013 Responsives jQuery Testimonials Slider-Plugin","description":"Testen Sie kostenlos das responsive Testimonials Slider-Plugin f\u00fcr jQuery. Eine einfache und schnelle Einrichtung, +7 Vorlagen (Rotator, Karussell usw.) und andere Boni.","robots":{"index":"index","follow":"follow","max-snippet":"max-snippet:-1","max-image-preview":"max-image-preview:large","max-video-preview":"max-video-preview:-1"},"canonical":"https:\/\/elfsight.com\/de\/testimonials-slider-widget\/jquery\/","og_locale":"de_DE","og_type":"article","og_title":"Testimonials Slider \u2013 Responsives jQuery Testimonials Slider-Plugin","og_description":"Testen Sie kostenlos das responsive Testimonials Slider-Plugin f\u00fcr jQuery. Eine einfache und schnelle Einrichtung, +7 Vorlagen (Rotator, Karussell usw.) und andere Boni.","og_url":"https:\/\/elfsight.com\/de\/testimonials-slider-widget\/jquery\/","og_site_name":"Elfsight DE","article_modified_time":"2025-02-18T17:10:26+00:00","twitter_card":"summary_large_image","twitter_misc":{"Gesch\u00e4tzte Lesezeit":"3\u00a0Minuten"},"schema":{"@context":"https:\/\/schema.org","@graph":[{"@type":"WebPage","@id":"https:\/\/elfsight.com\/de\/testimonials-slider-widget\/jquery\/","url":"https:\/\/elfsight.com\/de\/testimonials-slider-widget\/jquery\/","name":"Testimonials Slider \u2013 Responsives jQuery Testimonials Slider-Plugin","isPartOf":{"@id":"https:\/\/elfsight.com\/de\/#website"},"datePublished":"1970-01-01T00:00:00+00:00","dateModified":"2025-02-18T17:10:26+00:00","description":"Testen Sie kostenlos das responsive Testimonials Slider-Plugin f\u00fcr jQuery. Eine einfache und schnelle Einrichtung, +7 Vorlagen (Rotator, Karussell usw.) und andere Boni.","breadcrumb":{"@id":"https:\/\/elfsight.com\/de\/testimonials-slider-widget\/jquery\/#breadcrumb"},"inLanguage":"de","potentialAction":[{"@type":"ReadAction","target":["https:\/\/elfsight.com\/de\/testimonials-slider-widget\/jquery\/"]}]},{"@type":"BreadcrumbList","@id":"https:\/\/elfsight.com\/de\/testimonials-slider-widget\/jquery\/#breadcrumb","itemListElement":[{"@type":"ListItem","position":1,"name":"Home","item":"https:\/\/elfsight.com\/de\/"},{"@type":"ListItem","position":2,"name":"Testimonials Slider","item":"https:\/\/elfsight.com\/de\/testimonials-slider-widget\/"},{"@type":"ListItem","position":3,"name":"Testimonials Slider &#8211; jQuery"}]},{"@type":"WebSite","@id":"https:\/\/elfsight.com\/de\/#website","url":"https:\/\/elfsight.com\/de\/","name":"Elfsight DE","description":"Just another Elfsight Sites site","potentialAction":[{"@type":"SearchAction","target":{"@type":"EntryPoint","urlTemplate":"https:\/\/elfsight.com\/de\/?s={search_term_string}"},"query-input":{"@type":"PropertyValueSpecification","valueRequired":true,"valueName":"search_term_string"}}],"inLanguage":"de"}]}},"meta_box":{"industry":"","seo_heading":"","heading":"","description":"","cta_heading":"","cta_description":"","application":"462","h1":"Responsives jQuery Testimonials Slider-Plugin","h1_caption":"Zeigen Sie Kundenreferenzen in einem rotierenden Schieberegler an, um Glaubw\u00fcrdigkeit aufzubauen und positives Feedback m\u00fchelos auf Ihrer jQuery-Website zu pr\u00e4sentieren.","application_category":[],"applications_title":"","applications_request_title":"","applications_request_button_text":"","hero_text":"","hero_video":"","hero_video_schema_markup":"","selling_points_title":"","selling_points_caption":"","selling_points":[],"selling_points_cta_text":"","features_title":"","features":"","ed_cta_examples_text":"","ed_cta_examples_hidden":"","ed_cta_demo_text":"","ed_cta_demo_hidden":"","why_caption":"","why_editor_title":"","why_editor_text":"","why_team_title":"","why_team_text":"","why_service_title":"","why_service_text":"","template_catalog_visible":"0","template_catalog_title":"","template_catalog_text":"","template_catalog_categories_visible":"","demo_title":"Erstellen Sie Ihr Testimonials-Slider-Plugin","demo_caption":"Konfigurieren Sie Ihren Testimonials-Slider und f\u00fcgen Sie ihn kostenlos zu Ihrer jQuery-Website hinzu!","default_faq_hidden":"","app_template_category":[],"platform":"258","template_public_id":"","codecanyon_url":"","codecanyon_item_id":"","codecanyon_price":"","pricing_caption":"","pricing_elfsight_apps_hide_column":"","pricing_elfsight_apps_url":"","pricing_codecanyon_price_caption":"","integration_category":[],"integration_request_title":"","integration_request_cta":"","integration_platform":"","integrations":[],"platform_category":[],"video_schema_markup":"","price":"ab 0 $ \/ Monat","trial":"","benefits":[{"text":"Kostenlose Installationsunterst\u00fctzung"},{"text":"Erfahrener Kundensupport"},{"text":"14-t\u00e4gige Geld-zur\u00fcck-Garantie"},{"text":"Fortlaufende Entwicklung"}],"button_url":"#demo","button_target_blank":"0","button_nofollow":"0","attributes":[{"name":"Installiert","content":"10,000 - 100,000"},{"name":"Reaktionsfreudig","content":"Ja"},{"name":"Kompatible Browser","content":"Firefox, Safari, Opera, Chrome, Edge"}],"tags":[],"tags_disable_links":"0","hide_more_platforms":"0","video_object":"","demo_hide_cta":"0","demo_hide_cloud_options":"0","pricing_title":"","pricing":[{"pricing_icon":"platform","pricing_title":"Elfsight Apps","pricing_title_caption":"Multiplattform-Version, die f\u00fcr jede Website geeignet ist","pricing_price":"ab 0 $ \/ Monat","pricing_price_caption":"Beginnen Sie mit einem kostenlosen Plan","pricing_benefits":[{"text":"Unbegrenzte Domains"},{"text":"Professionelle Kundenbetreuung und gut dokumentiert"},{"text":"Kostenlose Installationsunterst\u00fctzung"},{"text":"100 % anpassbar"}],"pricing_button_text":"Zur Website hinzuf\u00fcgen","pricing_button_url":"#demo"}],"related_apps_title":"","related_apps_hidden":"0","author":"","image":[],"title":"","job":"","social_networks":[]},"_links":{"self":[{"href":"https:\/\/elfsight.com\/de\/wp-json\/wp\/v2\/pages\/17856","targetHints":{"allow":["GET"]}}],"collection":[{"href":"https:\/\/elfsight.com\/de\/wp-json\/wp\/v2\/pages"}],"about":[{"href":"https:\/\/elfsight.com\/de\/wp-json\/wp\/v2\/types\/page"}],"author":[{"embeddable":true,"href":"https:\/\/elfsight.com\/de\/wp-json\/wp\/v2\/users\/9"}],"replies":[{"embeddable":true,"href":"https:\/\/elfsight.com\/de\/wp-json\/wp\/v2\/comments?post=17856"}],"version-history":[{"count":3,"href":"https:\/\/elfsight.com\/de\/wp-json\/wp\/v2\/pages\/17856\/revisions"}],"predecessor-version":[{"id":24372,"href":"https:\/\/elfsight.com\/de\/wp-json\/wp\/v2\/pages\/17856\/revisions\/24372"}],"up":[{"embeddable":true,"href":"https:\/\/elfsight.com\/de\/wp-json\/wp\/v2\/pages\/677"}],"wp:attachment":[{"href":"https:\/\/elfsight.com\/de\/wp-json\/wp\/v2\/media?parent=17856"}],"curies":[{"name":"wp","href":"https:\/\/api.w.org\/{rel}","templated":true}]}}