{"id":17855,"date":"1970-01-01T00:00:00","date_gmt":"1970-01-01T00:00:00","guid":{"rendered":"https:\/\/elfsight.com\/de\/?page_id=17855"},"modified":"2025-07-10T08:33:21","modified_gmt":"2025-07-10T08:33:21","slug":"woocommerce","status":"publish","type":"page","link":"https:\/\/elfsight.com\/de\/testimonials-slider-widget\/woocommerce\/","title":{"rendered":"Testimonials Slider &#8211; WooCommerce"},"content":{"rendered":"<div class=\"application-platform-content-item-description application-platform-content-item\" id=\"description\" data-nav-section=\"description\"><h2>Beschreibung<\/h2><p>Testimonials Slider ist ein einfaches Plugin zur Darstellung von R\u00fcckmeldungen Ihrer Kundschaft auf Ihrer eigenen Website. Sie k\u00f6nnen jeden sozialen Beweis verwenden, um Feedback vertrauensw\u00fcrdig zu machen: den Namen des Autors, ein Bild, das Firmenlogo des Unternehmens und sogar einen Link zur Website.<\/p><p><b>Steigern Sie das Vertrauen in Ihren Service, indem Sie den Lesern zeigen, dass Sie zufrieden sind Kunden!<\/b><\/p><\/div> <div class=\"application-platform-content-item-features application-platform-content-item\" id=\"features\" data-nav-section=\"features\"><h2>Sehen Sie sich die Liste der wichtigsten Funktionen an:<\/h2><ul><li>Machen Sie Ihre Bewertungen absolut vertrauensw\u00fcrdig diejenigen;<\/li><li>Benutzer zum Kauf anregen;<\/li><li>Zuverl\u00e4ssiger sozialer Beweis;<\/li><li>Konvertierung um bis zu 200 % steigern;<\/li><li>Vertrauen hinzuf\u00fcgen Website;<\/li><li>Loyalit\u00e4t Ihrer Besucher;<\/li><li>Expertenbewertung nutzen.<\/li><\/ul><p><a href=\"#demo\">Sie k\u00f6nnen sp\u00fcren, wie die Widget funktioniert mit Hilfe der Demo<\/a><\/p><\/div><div class=\"application-platform-content-item-installation application-platform-content-item\" id=\"installation\" data-nav-section=\"installation\"><h2>Wie f\u00fcge ich den Testimonials Slider zu meiner WooCommerce-Site hinzu?<\/h2><p>Einfach Befolgen Sie die nachstehenden Anweisungen, um das Plugin zu integrieren.<\/p><ol><li><b>Verwalten Sie unseren kostenlosen Editor und beginnen Sie mit der Gestaltung Ihres einzigartigen Plugins.<\/b><br>Geben Sie das benutzerdefinierte Design und die Funktionsmerkmale des Tools an und \u00fcbernehmen Sie die \u00c4nderungen.<\/li><li><b>Holen Sie sich den individuellen Code, der im Fenster von Elfsight Apps angezeigt wird.<\/b><br>Sobald die Einrichtung Ihres pers\u00f6nlichen Tools abgeschlossen ist, kopieren Sie den individuellen Code unter \u00d6ffnen Sie das angezeigte Feld und speichern Sie es f\u00fcr einen sp\u00e4teren Anlass.<\/li><li><b>Beginnen Sie mit der Verwendung des Tools auf der WooCommerce-Webseite.<\/b><br>F\u00fcgen Sie den Code ein, den Sie k\u00fcrzlich auf Ihrer Homepage gespeichert haben, und speichern Sie ihn Korrekturen.<\/li><li><b>Die Installation wurde erfolgreich abgeschlossen.<\/b><br>Besuchen Sie Ihre Webseite, um die Leistung des Tools zu sehen.<\/li><\/ol><p>Falls Wenn Sie auf Schwierigkeiten sto\u00dfen, z\u00f6gern Sie nicht, unserem Kundenservice-Team zu schreiben. Unsere Berater beantworten gerne alle Ihre Fragen zum Widget.<\/p><div class=\"faq\" data-component=\"FAQ\"> <div class=\"faq-item\">\r\n\t\t\t\t\t<div class=\"faq-item-question\">\r\n\t\t\t\t\t\t<h3 class=\"faq-item-question-text\">Wie kann ich ohne Programmierkenntnisse den Testimonials Slider zu meiner WooCommerce-Website hinzuf\u00fcgen?<\/h3>\r\n\r\n\t\t\t\t\t\t<div class=\"faq-item-question-icon\"><\/div>\r\n\t\t\t\t\t<\/div>\r\n\r\n\t\t\t\t\t<div class=\"faq-item-answer\">\r\n\t\t\t\t\t\t<div class=\"faq-item-answer-text\"> <p>Elfsight bietet Eine SaaS-L\u00f6sung, mit der Sie selbst ein Testimonials-Slider-Widget erstellen k\u00f6nnen. Sehen Sie, wie einfach der Vorgang ist: Arbeiten Sie direkt im Online-Editor, um ein Testimonials-Slider-Widget zu erstellen, das Sie gerne auf Ihrer WooCommerce-Website sehen w\u00fcrden. W\u00e4hlen Sie eine der vorgefertigten Vorlagen aus und passen Sie die Einstellungen des Testimonials-Schiebereglers an, f\u00fcgen Sie Ihre Inhalte hinzu, \u00e4ndern Sie das Layout und das Farbschema ohne Programmierkenntnisse. Speichern Sie den Testimonials-Slider und kopieren Sie seinen Installationscode, den Sie in Ihre WooCommerce-Website einf\u00fcgen k\u00f6nnen, ohne eine kostenpflichtige Version kaufen zu m\u00fcssen. Mit unserem intuitiven Editor kann jeder Internetnutzer online ein Testimonials-Slider-Widget erstellen und es einfach in seine WooCommerce-Website einbetten. Sie m\u00fcssen weder bezahlen noch Ihre Kartendaten eingeben, um auf den Service zuzugreifen. Sollten bei irgendeinem Schritt Probleme auftreten, wenden Sie sich bitte an unser technisches Support-Team.<\/p> <\/div>\r\n\t\t\t\t\t<\/div>\r\n\t\t\t\t<\/div> <\/div> <\/div>","protected":false},"excerpt":{"rendered":"","protected":false},"author":9,"featured_media":0,"parent":677,"menu_order":0,"comment_status":"closed","ping_status":"closed","template":"templates\/template-application-platform.php","meta":{"publish_to_discourse":"","publish_post_category":"","wpdc_auto_publish_overridden":"","wpdc_topic_tags":"","wpdc_pin_topic":"","wpdc_pin_until":"","discourse_post_id":"","discourse_permalink":"","wpdc_publishing_response":"","wpdc_publishing_error":"","footnotes":""},"class_list":["post-17855","page","type-page","status-publish","hentry"],"yoast_head":"<!-- This site is optimized with the Yoast SEO plugin v25.3.1 - https:\/\/yoast.com\/wordpress\/plugins\/seo\/ -->\n<title>WooCommerce Testimonials Slider-Plugin f\u00fcr Ihre Website (2026)<\/title>\n<meta name=\"description\" content=\"Nutzen Sie jetzt die Chance, das Testimonials Slider-Plugin anzupassen und es direkt aus der Demo in Ihre WooCommerce-Website einzuf\u00fcgen.\" \/>\n<meta name=\"robots\" content=\"index, follow, max-snippet:-1, max-image-preview:large, max-video-preview:-1\" \/>\n<link rel=\"canonical\" href=\"https:\/\/elfsight.com\/de\/testimonials-slider-widget\/woocommerce\/\" \/>\n<meta property=\"og:locale\" content=\"de_DE\" \/>\n<meta property=\"og:type\" content=\"article\" \/>\n<meta property=\"og:title\" content=\"WooCommerce Testimonials Slider-Plugin f\u00fcr Ihre Website (2026)\" \/>\n<meta property=\"og:description\" content=\"Nutzen Sie jetzt die Chance, das Testimonials Slider-Plugin anzupassen und es direkt aus der Demo in Ihre WooCommerce-Website einzuf\u00fcgen.\" \/>\n<meta property=\"og:url\" content=\"https:\/\/elfsight.com\/de\/testimonials-slider-widget\/woocommerce\/\" \/>\n<meta property=\"og:site_name\" content=\"Elfsight DE\" \/>\n<meta property=\"article:modified_time\" content=\"2025-07-10T08:33:21+00:00\" \/>\n<meta name=\"twitter:card\" content=\"summary_large_image\" \/>\n<meta name=\"twitter:label1\" content=\"Gesch\u00e4tzte Lesezeit\" \/>\n\t<meta name=\"twitter:data1\" content=\"2\u00a0Minuten\" \/>\n<!-- \/ Yoast SEO plugin. -->","yoast_head_json":{"title":"WooCommerce Testimonials Slider-Plugin f\u00fcr Ihre Website (2026)","description":"Nutzen Sie jetzt die Chance, das Testimonials Slider-Plugin anzupassen und es direkt aus der Demo in Ihre WooCommerce-Website einzuf\u00fcgen.","robots":{"index":"index","follow":"follow","max-snippet":"max-snippet:-1","max-image-preview":"max-image-preview:large","max-video-preview":"max-video-preview:-1"},"canonical":"https:\/\/elfsight.com\/de\/testimonials-slider-widget\/woocommerce\/","og_locale":"de_DE","og_type":"article","og_title":"WooCommerce Testimonials Slider-Plugin f\u00fcr Ihre Website (2026)","og_description":"Nutzen Sie jetzt die Chance, das Testimonials Slider-Plugin anzupassen und es direkt aus der Demo in Ihre WooCommerce-Website einzuf\u00fcgen.","og_url":"https:\/\/elfsight.com\/de\/testimonials-slider-widget\/woocommerce\/","og_site_name":"Elfsight DE","article_modified_time":"2025-07-10T08:33:21+00:00","twitter_card":"summary_large_image","twitter_misc":{"Gesch\u00e4tzte Lesezeit":"2\u00a0Minuten"},"schema":{"@context":"https:\/\/schema.org","@graph":[{"@type":"WebPage","@id":"https:\/\/elfsight.com\/de\/testimonials-slider-widget\/woocommerce\/","url":"https:\/\/elfsight.com\/de\/testimonials-slider-widget\/woocommerce\/","name":"WooCommerce Testimonials Slider-Plugin f\u00fcr Ihre Website (2026)","isPartOf":{"@id":"https:\/\/elfsight.com\/de\/#website"},"datePublished":"1970-01-01T00:00:00+00:00","dateModified":"2025-07-10T08:33:21+00:00","description":"Nutzen Sie jetzt die Chance, das Testimonials Slider-Plugin anzupassen und es direkt aus der Demo in Ihre WooCommerce-Website einzuf\u00fcgen.","breadcrumb":{"@id":"https:\/\/elfsight.com\/de\/testimonials-slider-widget\/woocommerce\/#breadcrumb"},"inLanguage":"de","potentialAction":[{"@type":"ReadAction","target":["https:\/\/elfsight.com\/de\/testimonials-slider-widget\/woocommerce\/"]}]},{"@type":"BreadcrumbList","@id":"https:\/\/elfsight.com\/de\/testimonials-slider-widget\/woocommerce\/#breadcrumb","itemListElement":[{"@type":"ListItem","position":1,"name":"Home","item":"https:\/\/elfsight.com\/de\/"},{"@type":"ListItem","position":2,"name":"Testimonials Slider","item":"https:\/\/elfsight.com\/de\/testimonials-slider-widget\/"},{"@type":"ListItem","position":3,"name":"Testimonials Slider &#8211; WooCommerce"}]},{"@type":"WebSite","@id":"https:\/\/elfsight.com\/de\/#website","url":"https:\/\/elfsight.com\/de\/","name":"Elfsight DE","description":"Just another Elfsight Sites site","potentialAction":[{"@type":"SearchAction","target":{"@type":"EntryPoint","urlTemplate":"https:\/\/elfsight.com\/de\/?s={search_term_string}"},"query-input":{"@type":"PropertyValueSpecification","valueRequired":true,"valueName":"search_term_string"}}],"inLanguage":"de"}]}},"meta_box":{"industry":"","seo_heading":"","heading":"","description":"","cta_heading":"","cta_description":"","application":"462","h1":"WooCommerce Testimonials Slider-Plugin","h1_caption":"Zeigen Sie Kundenreferenzen in einem rotierenden Schieberegler an, um Glaubw\u00fcrdigkeit aufzubauen und positives Feedback m\u00fchelos auf Ihrer WooCommerce-Website zu pr\u00e4sentieren.","application_category":[],"applications_title":"","applications_request_title":"","applications_request_button_text":"","hero_text":"","hero_video":"","hero_video_schema_markup":"","selling_points_title":"","selling_points_caption":"","selling_points":[],"selling_points_cta_text":"","features_title":"","features":"","ed_cta_examples_text":"","ed_cta_examples_hidden":"","ed_cta_demo_text":"","ed_cta_demo_hidden":"","why_caption":"","why_editor_title":"","why_editor_text":"","why_team_title":"","why_team_text":"","why_service_title":"","why_service_text":"","template_catalog_visible":"","template_catalog_title":"","template_catalog_text":"","template_catalog_categories_visible":"","demo_title":"Erstellen Sie Ihre Testimonials-Slider-App","demo_caption":"Konfigurieren Sie Ihren Testimonials-Slider und f\u00fcgen Sie ihn kostenlos zu Ihrer WooCommerce-Website hinzu!","default_faq_hidden":"","app_template_category":[],"platform":"200","template_public_id":"","codecanyon_url":"","codecanyon_item_id":"","codecanyon_price":"","pricing_caption":"","pricing_elfsight_apps_hide_column":"","pricing_elfsight_apps_url":"","pricing_codecanyon_price_caption":"","integration_category":[],"integration_request_title":"","integration_request_cta":"","integration_platform":"","integrations":[],"platform_category":[],"video_schema_markup":"","price":"ab 0 $ \/ Monat","trial":"","benefits":[{"text":"Kostenloser Installationsservice"},{"text":"Erfahrener Kundensupport"},{"text":"14-t\u00e4gige R\u00fcckerstattungsgarantie"},{"text":"Lebenslange Updates"}],"button_url":"#demo","button_target_blank":"","button_nofollow":"","attributes":[{"name":"Installiert","content":"10,000 - 100,000"},{"name":"Reaktionsfreudig","content":"Ja"},{"name":"Kompatible Browser","content":"Firefox, Safari, Opera, Chrome, Edge"}],"tags":[],"tags_disable_links":"","hide_more_platforms":"","video_object":"","demo_hide_cta":"","demo_hide_cloud_options":"","pricing_title":"","pricing":[{"pricing_icon":"platform","pricing_title":"Elfsight Apps","pricing_title_caption":"Plattform\u00fcbergreifende Software, die f\u00fcr jede Website geeignet ist","pricing_price":"ab 0 $ \/ Monat","pricing_price_caption":"Beginnen Sie mit einem kostenlosen Plan","pricing_benefits":[{"text":"Unbegrenzte Websites"},{"text":"Premium-Support und gut dokumentiert"},{"text":"Kostenlose Installationshilfe"},{"text":"Flexibles Design"}],"pricing_button_text":"Zur Website hinzuf\u00fcgen","pricing_button_url":"#demo"}],"related_apps_title":"","related_apps_hidden":"","author":"","image":[],"title":"","job":"","social_networks":[]},"_links":{"self":[{"href":"https:\/\/elfsight.com\/de\/wp-json\/wp\/v2\/pages\/17855","targetHints":{"allow":["GET"]}}],"collection":[{"href":"https:\/\/elfsight.com\/de\/wp-json\/wp\/v2\/pages"}],"about":[{"href":"https:\/\/elfsight.com\/de\/wp-json\/wp\/v2\/types\/page"}],"author":[{"embeddable":true,"href":"https:\/\/elfsight.com\/de\/wp-json\/wp\/v2\/users\/9"}],"replies":[{"embeddable":true,"href":"https:\/\/elfsight.com\/de\/wp-json\/wp\/v2\/comments?post=17855"}],"version-history":[{"count":1,"href":"https:\/\/elfsight.com\/de\/wp-json\/wp\/v2\/pages\/17855\/revisions"}],"predecessor-version":[{"id":17859,"href":"https:\/\/elfsight.com\/de\/wp-json\/wp\/v2\/pages\/17855\/revisions\/17859"}],"up":[{"embeddable":true,"href":"https:\/\/elfsight.com\/de\/wp-json\/wp\/v2\/pages\/677"}],"wp:attachment":[{"href":"https:\/\/elfsight.com\/de\/wp-json\/wp\/v2\/media?parent=17855"}],"curies":[{"name":"wp","href":"https:\/\/api.w.org\/{rel}","templated":true}]}}