{"id":17848,"date":"1970-01-01T00:00:00","date_gmt":"1970-01-01T00:00:00","guid":{"rendered":"https:\/\/elfsight.com\/de\/?page_id=17848"},"modified":"2025-07-10T08:32:26","modified_gmt":"2025-07-10T08:32:26","slug":"godaddy","status":"publish","type":"page","link":"https:\/\/elfsight.com\/de\/testimonials-slider-widget\/godaddy\/","title":{"rendered":"Testimonials Slider  &#8211; GoDaddy"},"content":{"rendered":"<div class=\"application-platform-content-item-description application-platform-content-item\" id=\"description\" data-nav-section=\"description\"> <h2>Einbetten des Testimonials Slider auf GoDaddy mit dem Elfsight-Widget<\/h2> <p>Das Testimonials Slider-Plugin f\u00fcr GoDaddy ist ein einfaches Tool, um Kunden anzuzeigen. Bringen Sie Testimonials auf die anschaulichste und attraktivste Art und Weise auf Ihre Website. Sie k\u00f6nnen jede Art von Feedback verwenden, um ein vertrauensw\u00fcrdiges Zeugnis mit dem Namen des Autors, einem Foto, einem Firmenlogo und sogar einer URL zur Website des Kunden zu erstellen. Erh\u00f6hen Sie die Glaubw\u00fcrdigkeit Ihres Produkts, indem Sie die Benutzererfahrung Ihrer Kunden zeigen, und st\u00e4rken Sie Ihren Ruf mit echten und aufrichtigen Testimonials.<\/p> <p><b>Machen Sie Ihre Testimonials absolut vertrauensw\u00fcrdig, indem Sie die Daten echter Autoren und Links zum Facebook-Profil anzeigen!<\/b><\/p> <\/div> <div class=\"application-platform-content-item-features application-platform-content-item\" id=\"features\" data-nav-section=\"features\"> <h2>Sehen Sie sich die Liste der wertvollsten Funktionen an: <\/h2> <ul><li>Probieren Sie 6 adaptive Testimonial-Vorlagen aus und finden Sie die, die zu Ihnen passt Bedarf.<\/li><li>Stellen Sie f\u00fcr eine zuverl\u00e4ssigere Darstellung einen Link zur Website des Autors bereit.<\/li><li>Um die Zuverl\u00e4ssigkeit zu erh\u00f6hen, zeigen Sie das Logo des Unternehmens des Autors an.<\/li><li> Slider- und Rasterlayouts f\u00fcr eine Vielzahl von Anwendungsf\u00e4llen.<\/li><li>Slider-Pfeile und Paginierungsoptionen.<\/li><\/ul><p><a href=\"#demo\">Probieren Sie einfach diese Demo aus Holen Sie sich die vollst\u00e4ndige Vorstellung<\/a><\/p> <\/div> <div class=\"application-platform-content-item-installation application-platform-content-item\" id=\"installation\" data-nav-section=\"installation\"> <h2>Wie bette ich den Testimonials-Slider in meine GoDaddy-Webseite ein? <\/h2> <p>F\u00fchren Sie einfach die folgenden Schritte aus, um das Tool einzubetten. <\/p> <ol><li><b>Nutzen Sie unsere kostenlose Demo und beginnen Sie mit dem Bau Ihres einzigartigen Instruments. <\/b><br> Finden Sie die bevorzugten Form- und Funktionsmerkmale des Werkzeugs und speichern Sie die Korrekturen. <\/li> <li><b>Kopieren Sie den einzelnen Code, der in der Box auf Elfsight Apps angezeigt wird. <\/b><br> Kopieren Sie direkt nach Abschluss der Generierung Ihres Plugins den exklusiven Code aus dem angezeigten Feld und bewahren Sie ihn f\u00fcr einen sp\u00e4teren Bedarf auf. <\/li> <li><b>Beginnen Sie mit der Verwendung des Plugins auf der GoDaddy-Website. <\/b><br> F\u00fcgen Sie den Code, den Sie zuvor gespeichert haben, in Ihre Homepage ein und speichern Sie die \u00c4nderungen. <\/li> <li><b>Du bist fertig! Das Setup ist vollst\u00e4ndig beendet. <\/b><br> Besuchen Sie Ihre Website, um einen Blick auf die Funktionsweise des Tools zu werfen. <\/li><\/ol> <p>Wenn Sie Komplikationen haben, wenden Sie sich bitte an unseren Kundendienst. Unsere Mitarbeiter helfen Ihnen gerne bei allen Fragen, die Sie zum Plugin haben. <\/p><div class=\"faq\" data-component=\"FAQ\"> <div class=\"faq-item\">\r\n\t\t\t\t\t<div class=\"faq-item-question\">\r\n\t\t\t\t\t\t<h3 class=\"faq-item-question-text\">Wie f\u00fcge ich den Testimonials Slider ohne Programmierkenntnisse zu meiner GoDaddy-Website hinzu?<\/h3>\r\n\r\n\t\t\t\t\t\t<div class=\"faq-item-question-icon\"><\/div>\r\n\t\t\t\t\t<\/div>\r\n\r\n\t\t\t\t\t<div class=\"faq-item-answer\">\r\n\t\t\t\t\t\t<div class=\"faq-item-answer-text\"> <p>Elfsight bietet eine SaaS-L\u00f6sung, mit der Sie selbst ein Testimonials Slider-Widget erstellen k\u00f6nnen. Sehen Sie, wie einfach der Vorgang ist ist: Arbeiten Sie direkt im Online-Editor, um ein Testimonials-Slider-Widget zu erstellen, das Sie gerne auf Ihrer GoDaddy-Website sehen w\u00fcrden. W\u00e4hlen Sie eine der vorgefertigten Vorlagen aus und passen Sie die Einstellungen des Testimonials-Schiebereglers an, f\u00fcgen Sie Ihre Inhalte hinzu, \u00e4ndern Sie das Layout und die Farben ohne Programmierkenntnisse. Speichern Sie den Testimonials-Slider und kopieren Sie seinen Installationscode, den Sie problemlos in Ihre GoDaddy-Website einbetten k\u00f6nnen, ohne eine kostenpflichtige Version kaufen zu m\u00fcssen. Mit unserem intuitiven Editor kann jeder Internetnutzer online ein Testimonials-Slider-Widget erstellen und es ganz einfach in seine GoDaddy-Website einbetten. Sie m\u00fcssen weder bezahlen noch Ihre Kartendaten eingeben, um auf den Service zuzugreifen. Sollten bei irgendeinem Schritt Probleme auftreten, wenden Sie sich bitte an unser technisches Support-Team.<\/p> <\/div>\r\n\t\t\t\t\t<\/div>\r\n\t\t\t\t<\/div> <\/div> <\/div>","protected":false},"excerpt":{"rendered":"","protected":false},"author":9,"featured_media":0,"parent":677,"menu_order":0,"comment_status":"closed","ping_status":"closed","template":"templates\/template-application-platform.php","meta":{"publish_to_discourse":"","publish_post_category":"","wpdc_auto_publish_overridden":"","wpdc_topic_tags":"","wpdc_pin_topic":"","wpdc_pin_until":"","discourse_post_id":"","discourse_permalink":"","wpdc_publishing_response":"","wpdc_publishing_error":"","footnotes":""},"class_list":["post-17848","page","type-page","status-publish","hentry"],"yoast_head":"<!-- This site is optimized with the Yoast SEO plugin v25.3.1 - https:\/\/yoast.com\/wordpress\/plugins\/seo\/ -->\n<title>Testimonials Slider \u2013 F\u00fcgen Sie das Testimonials Slider-Plugin zur GoDaddy-Website hinzu!<\/title>\n<meta name=\"description\" content=\"Betten Sie das Testimonials Slider-Plugin in Ihre GoDaddy-Website ein und nutzen Sie die Chance, Ihr Gesch\u00e4ft anzukurbeln und mit einem Klick mehr Bewertungen zu erhalten!\" \/>\n<meta name=\"robots\" content=\"index, follow, max-snippet:-1, max-image-preview:large, max-video-preview:-1\" \/>\n<link rel=\"canonical\" href=\"https:\/\/elfsight.com\/de\/testimonials-slider-widget\/godaddy\/\" \/>\n<meta property=\"og:locale\" content=\"de_DE\" \/>\n<meta property=\"og:type\" content=\"article\" \/>\n<meta property=\"og:title\" content=\"Testimonials Slider \u2013 F\u00fcgen Sie das Testimonials Slider-Plugin zur GoDaddy-Website hinzu!\" \/>\n<meta property=\"og:description\" content=\"Betten Sie das Testimonials Slider-Plugin in Ihre GoDaddy-Website ein und nutzen Sie die Chance, Ihr Gesch\u00e4ft anzukurbeln und mit einem Klick mehr Bewertungen zu erhalten!\" \/>\n<meta property=\"og:url\" content=\"https:\/\/elfsight.com\/de\/testimonials-slider-widget\/godaddy\/\" \/>\n<meta property=\"og:site_name\" content=\"Elfsight DE\" \/>\n<meta property=\"article:modified_time\" content=\"2025-07-10T08:32:26+00:00\" \/>\n<meta name=\"twitter:card\" content=\"summary_large_image\" \/>\n<meta name=\"twitter:label1\" content=\"Gesch\u00e4tzte Lesezeit\" \/>\n\t<meta name=\"twitter:data1\" content=\"3\u00a0Minuten\" \/>\n<!-- \/ Yoast SEO plugin. -->","yoast_head_json":{"title":"Testimonials Slider \u2013 F\u00fcgen Sie das Testimonials Slider-Plugin zur GoDaddy-Website hinzu!","description":"Betten Sie das Testimonials Slider-Plugin in Ihre GoDaddy-Website ein und nutzen Sie die Chance, Ihr Gesch\u00e4ft anzukurbeln und mit einem Klick mehr Bewertungen zu erhalten!","robots":{"index":"index","follow":"follow","max-snippet":"max-snippet:-1","max-image-preview":"max-image-preview:large","max-video-preview":"max-video-preview:-1"},"canonical":"https:\/\/elfsight.com\/de\/testimonials-slider-widget\/godaddy\/","og_locale":"de_DE","og_type":"article","og_title":"Testimonials Slider \u2013 F\u00fcgen Sie das Testimonials Slider-Plugin zur GoDaddy-Website hinzu!","og_description":"Betten Sie das Testimonials Slider-Plugin in Ihre GoDaddy-Website ein und nutzen Sie die Chance, Ihr Gesch\u00e4ft anzukurbeln und mit einem Klick mehr Bewertungen zu erhalten!","og_url":"https:\/\/elfsight.com\/de\/testimonials-slider-widget\/godaddy\/","og_site_name":"Elfsight DE","article_modified_time":"2025-07-10T08:32:26+00:00","twitter_card":"summary_large_image","twitter_misc":{"Gesch\u00e4tzte Lesezeit":"3\u00a0Minuten"},"schema":{"@context":"https:\/\/schema.org","@graph":[{"@type":"WebPage","@id":"https:\/\/elfsight.com\/de\/testimonials-slider-widget\/godaddy\/","url":"https:\/\/elfsight.com\/de\/testimonials-slider-widget\/godaddy\/","name":"Testimonials Slider \u2013 F\u00fcgen Sie das Testimonials Slider-Plugin zur GoDaddy-Website hinzu!","isPartOf":{"@id":"https:\/\/elfsight.com\/de\/#website"},"datePublished":"1970-01-01T00:00:00+00:00","dateModified":"2025-07-10T08:32:26+00:00","description":"Betten Sie das Testimonials Slider-Plugin in Ihre GoDaddy-Website ein und nutzen Sie die Chance, Ihr Gesch\u00e4ft anzukurbeln und mit einem Klick mehr Bewertungen zu erhalten!","breadcrumb":{"@id":"https:\/\/elfsight.com\/de\/testimonials-slider-widget\/godaddy\/#breadcrumb"},"inLanguage":"de","potentialAction":[{"@type":"ReadAction","target":["https:\/\/elfsight.com\/de\/testimonials-slider-widget\/godaddy\/"]}]},{"@type":"BreadcrumbList","@id":"https:\/\/elfsight.com\/de\/testimonials-slider-widget\/godaddy\/#breadcrumb","itemListElement":[{"@type":"ListItem","position":1,"name":"Home","item":"https:\/\/elfsight.com\/de\/"},{"@type":"ListItem","position":2,"name":"Testimonials Slider","item":"https:\/\/elfsight.com\/de\/testimonials-slider-widget\/"},{"@type":"ListItem","position":3,"name":"Testimonials Slider &#8211; GoDaddy"}]},{"@type":"WebSite","@id":"https:\/\/elfsight.com\/de\/#website","url":"https:\/\/elfsight.com\/de\/","name":"Elfsight DE","description":"Just another Elfsight Sites site","potentialAction":[{"@type":"SearchAction","target":{"@type":"EntryPoint","urlTemplate":"https:\/\/elfsight.com\/de\/?s={search_term_string}"},"query-input":{"@type":"PropertyValueSpecification","valueRequired":true,"valueName":"search_term_string"}}],"inLanguage":"de"}]}},"meta_box":{"industry":"","seo_heading":"","heading":"","description":"","cta_heading":"","cta_description":"","application":"462","h1":"GoDaddy Testimonials Slider-Plugin","h1_caption":"Werten Sie Ihre Website mit beeindruckendem Feedback Ihrer Kunden auf!","application_category":[],"applications_title":"","applications_request_title":"","applications_request_button_text":"","hero_text":"","hero_video":"","hero_video_schema_markup":"","selling_points_title":"","selling_points_caption":"","selling_points":[],"selling_points_cta_text":"","features_title":"","features":"","ed_cta_examples_text":"","ed_cta_examples_hidden":"","ed_cta_demo_text":"","ed_cta_demo_hidden":"","why_caption":"","why_editor_title":"","why_editor_text":"","why_team_title":"","why_team_text":"","why_service_title":"","why_service_text":"","template_catalog_visible":"","template_catalog_title":"","template_catalog_text":"","template_catalog_categories_visible":"","demo_title":"F\u00fchlen Sie sich frei, einen ma\u00dfgeschneiderten GoDaddy-Testimonials-Slider zu erstellen","demo_caption":"Personalisieren Sie es und implementieren Sie es auf Ihrer Homepage durch eine aktive Demo.","default_faq_hidden":"","app_template_category":[],"platform":"241","template_public_id":"","codecanyon_url":"","codecanyon_item_id":"","codecanyon_price":"","pricing_caption":"","pricing_elfsight_apps_hide_column":"","pricing_elfsight_apps_url":"","pricing_codecanyon_price_caption":"","integration_category":[],"integration_request_title":"","integration_request_cta":"","integration_platform":"","integrations":[],"platform_category":[],"video_schema_markup":"","price":"ab 0 $ \/ Monat","trial":"","benefits":[{"text":"Kostenloser Installationsservice"},{"text":"Premium-Support"},{"text":"14-t\u00e4gige Geld-zur\u00fcck-Garantie"},{"text":"Kontinuierliche Updates"}],"button_url":"#demo","button_target_blank":"","button_nofollow":"","attributes":[{"name":"Installiert","content":"10,000 - 100,000"},{"name":"Reaktionsfreudig","content":"Ja"},{"name":"Kompatible Browser","content":"IE11, Firefox, Safari, Opera, Chrome, Edge"}],"tags":[],"tags_disable_links":"","hide_more_platforms":"","video_object":"","demo_hide_cta":"","demo_hide_cloud_options":"","pricing_title":"","pricing":[{"pricing_icon":"platform","pricing_title":"Elfsight Apps","pricing_title_caption":"Plattformunabh\u00e4ngige Software, die f\u00fcr jede Site geeignet ist","pricing_price":"ab 0 $ \/ Monat","pricing_price_caption":"Beginnen Sie mit einem kostenlosen Plan","pricing_benefits":[{"text":"Unbegrenzte Domains"},{"text":"Premium-Unternehmensunterst\u00fctzung"},{"text":"Kostenlose Installationshilfe"},{"text":"100 % anpassbar"}],"pricing_button_text":"Zur Website hinzuf\u00fcgen","pricing_button_url":"#demo"}],"related_apps_title":"","related_apps_hidden":"","author":"","image":[],"title":"","job":"","social_networks":[]},"_links":{"self":[{"href":"https:\/\/elfsight.com\/de\/wp-json\/wp\/v2\/pages\/17848","targetHints":{"allow":["GET"]}}],"collection":[{"href":"https:\/\/elfsight.com\/de\/wp-json\/wp\/v2\/pages"}],"about":[{"href":"https:\/\/elfsight.com\/de\/wp-json\/wp\/v2\/types\/page"}],"author":[{"embeddable":true,"href":"https:\/\/elfsight.com\/de\/wp-json\/wp\/v2\/users\/9"}],"replies":[{"embeddable":true,"href":"https:\/\/elfsight.com\/de\/wp-json\/wp\/v2\/comments?post=17848"}],"version-history":[{"count":1,"href":"https:\/\/elfsight.com\/de\/wp-json\/wp\/v2\/pages\/17848\/revisions"}],"predecessor-version":[{"id":17852,"href":"https:\/\/elfsight.com\/de\/wp-json\/wp\/v2\/pages\/17848\/revisions\/17852"}],"up":[{"embeddable":true,"href":"https:\/\/elfsight.com\/de\/wp-json\/wp\/v2\/pages\/677"}],"wp:attachment":[{"href":"https:\/\/elfsight.com\/de\/wp-json\/wp\/v2\/media?parent=17848"}],"curies":[{"name":"wp","href":"https:\/\/api.w.org\/{rel}","templated":true}]}}