{"id":17842,"date":"1970-01-01T00:00:00","date_gmt":"1970-01-01T00:00:00","guid":{"rendered":"https:\/\/elfsight.com\/de\/?page_id=17842"},"modified":"2025-07-10T08:32:52","modified_gmt":"2025-07-10T08:32:52","slug":"jimdo","status":"publish","type":"page","link":"https:\/\/elfsight.com\/de\/testimonials-slider-widget\/jimdo\/","title":{"rendered":"Testimonials Slider &#8211; Jimdo"},"content":{"rendered":"<div class=\"application-platform-content-item-description application-platform-content-item\" id=\"description\" data-nav-section=\"description\"><h2>Beschreibung<\/h2> <p>Testimonials Slider \u2013 ein einfaches Plugin zur Darstellung der Erfahrungsberichte Ihrer Benutzer auf Ihrer pers\u00f6nlichen Website. Es steht Ihnen frei, verschiedene Arten von Social Proof einzubetten, um Bewertungen vertrauensw\u00fcrdig zu machen: den Namen des Autors, ein Bild, das Symbol der Organisation und sogar einen Link zur Website. St\u00e4rken Sie das Vertrauen in Ihre Produkte, indem Sie den Besuchern Ihre echten und aufrichtigen Erfahrungsberichte zeigen.<\/p><p><b>Mit Testimonials Slider erleben Sie ein solides Gesch\u00e4ftswachstum und steigern den Umsatz <\/b><\/p> <\/div> <div class=\"application-platform-content-item-features application-platform-content-item\" id=\"features\" data-nav-section=\"features\"> <h2>Entdecken Sie die Liste der besten Funktionen: <\/h2> <ul><li><b>Verbessern Sie Ihre Erfahrungsberichte, sodass sie absolut vertrauensw\u00fcrdig sind<\/b><br>Enth\u00fcllen Sie maximale Informationen \u00fcber den Autor von Alle Bewertungen, einschlie\u00dflich Name, Unternehmen und Position, beweisen den Lesern, dass sie Erfahrungsberichte von echten Menschen sehen. <\/li><li><b>Leser zum Kauf motivieren<\/b><br>Die Darstellung echter Nutzerbewertungen mit einer fr\u00f6hlichen Geschichte \u00fcberzeugt die Leser, diese Eindr\u00fccke zu teilen, motiviert sie zum Kauf und steigert Ihre Konversionsrate. <\/li><li><b>Leistungsstarker sozialer Beweis<\/b><br>Ein Link von der Rezension zu Facebook, Instagram oder der Website des Autors ist ein sehr \u00fcberzeugender Punkt f\u00fcr Benutzer, der die Glaubw\u00fcrdigkeit erh\u00f6ht und beweist, dass Ihr Unternehmen echt ist. <\/li><li><b>Erh\u00f6hen Sie die Conversion-Rate um bis zu 200 %<\/b><br>Machen Sie Ihre Bewertungen zum letzten Argument und f\u00fcgen Sie sie genau dort ein, wo Benutzer ihre Entscheidung \u00fcber eine Bestellung oder einen Download treffen. <\/li><li><b>Steigern Sie das Vertrauen in Ihre Website<\/b><br>F\u00fcgen Sie Erfahrungsberichte Ihrer Kunden auf der Website hinzu und f\u00fcgen Sie F\u00e4lle von perfekter Kundenerfahrung hinzu, um das Vertrauen in Ihr Unternehmen zu st\u00e4rken. <\/li><\/ul><p><a href=\"#demo\">Testen Sie alle Personalisierungsfunktionen in einer Demo mit vollem Funktionsumfang<\/a><\/p> <\/div> <div class=\"application-platform-content-item-installation application-platform-content-item\" id=\"installation\" data-nav-section=\"installation\"> <h2>Wie f\u00fcge ich den Testimonials-Slider zu einer Jimdo-Website hinzu? <\/h2> <p>Befolgen Sie einfach die folgenden Richtlinien, um mit der Verwendung des Tools zu beginnen. <\/p> <ol><li><b>Verwalten Sie unsere kostenlose Demo und beginnen Sie mit der Erstellung Ihres ma\u00dfgeschneiderten Widgets. <\/b><br> Geben Sie das bevorzugte Aussehen und die Optionen des Tools an und wenden Sie die Korrekturen an. <\/li> <li><b>Lassen Sie Ihren individuellen Code im Fenster von Elfsight Apps anzeigen. <\/b><br> Sobald die Anpassung Ihres Widgets abgeschlossen ist, kopieren Sie den exklusiven Code im Fenster und bewahren Sie ihn f\u00fcr die sp\u00e4tere Verwendung auf. <\/li> <li><b>Geben Sie Informationen zur Verwendung des Tools auf der Jimdo-Website ein. <\/b><br> Betten Sie den Code, den Sie k\u00fcrzlich kopiert haben, in Ihre Webseite ein und \u00fcbernehmen Sie die Anpassungen. <\/li> <li><b>Fertig! Die Einbettung wurde erfolgreich durchgef\u00fchrt. <\/b><br> Besuchen Sie Ihre Webseite, um die Funktionsweise des Widgets zu \u00fcberpr\u00fcfen. <\/li><\/ol> <p>Falls Sie auf Schwierigkeiten sto\u00dfen, z\u00f6gern Sie nicht, sich an unsere Support-Mitarbeiter zu wenden. Unsere Mitarbeiter helfen Ihnen gerne bei allen Schwierigkeiten, die Sie mit dem Widget haben k\u00f6nnten. <\/p> <div class=\"faq\" data-component=\"FAQ\"> <div class=\"faq-item\">\r\n\t\t\t\t\t<div class=\"faq-item-question\">\r\n\t\t\t\t\t\t<h3 class=\"faq-item-question-text\">Wie kann ich ohne Programmierkenntnisse den Testimonials Slider zu meiner Jimdo-Website hinzuf\u00fcgen?<\/h3>\r\n\r\n\t\t\t\t\t\t<div class=\"faq-item-question-icon\"><\/div>\r\n\t\t\t\t\t<\/div>\r\n\r\n\t\t\t\t\t<div class=\"faq-item-answer\">\r\n\t\t\t\t\t\t<div class=\"faq-item-answer-text\"> <p>Elfsight bietet eine SaaS-L\u00f6sung, mit der Sie selbst ein Testimonials Slider-Widget erstellen k\u00f6nnen. Sehen Sie, wie einfach das ist Der Prozess ist: Arbeiten Sie direkt im Online-Editor, um ein Testimonials-Slider-Widget zu erstellen, das Sie gerne auf Ihrer Jimdo-Website sehen w\u00fcrden. W\u00e4hlen Sie eine der vorgefertigten Vorlagen aus und passen Sie die Einstellungen des Testimonials-Schiebereglers an, f\u00fcgen Sie Ihre Inhalte hinzu, \u00e4ndern Sie das Layout und das Farbschema ohne Programmierkenntnisse. Speichern Sie den Testimonials-Slider und kopieren Sie seinen Installationscode, den Sie m\u00fchelos in Ihre Jimdo-Website einf\u00fcgen k\u00f6nnen, ohne ein kostenpflichtiges Abonnement kaufen zu m\u00fcssen. Mit unserem intuitiven Editor kann jeder Internetnutzer online ein Testimonials-Slider-Widget erstellen und es ganz einfach in seine Jimdo-Website einbetten. Sie m\u00fcssen weder bezahlen noch Ihre Kartendaten eingeben, um auf den Service zuzugreifen. Sollten bei irgendeinem Schritt Probleme auftreten, wenden Sie sich bitte an unser technisches Support-Team.<\/p> <\/div>\r\n\t\t\t\t\t<\/div>\r\n\t\t\t\t<\/div> <\/div> <\/div><p><\/p>","protected":false},"excerpt":{"rendered":"","protected":false},"author":9,"featured_media":0,"parent":677,"menu_order":0,"comment_status":"closed","ping_status":"closed","template":"templates\/template-application-platform.php","meta":{"publish_to_discourse":"","publish_post_category":"","wpdc_auto_publish_overridden":"","wpdc_topic_tags":"","wpdc_pin_topic":"","wpdc_pin_until":"","discourse_post_id":"","discourse_permalink":"","wpdc_publishing_response":"","wpdc_publishing_error":"","footnotes":""},"class_list":["post-17842","page","type-page","status-publish","hentry"],"yoast_head":"<!-- This site is optimized with the Yoast SEO plugin v25.3.1 - https:\/\/yoast.com\/wordpress\/plugins\/seo\/ -->\n<title>Testimonials-Slider \u2013 Testimonial-Widget zur Jimdo-Website hinzuf\u00fcgen<\/title>\n<meta name=\"description\" content=\"Schauen Sie sich kostenlos das beste Testimonial-Slider-Widget f\u00fcr Jimdo an. Eine Integration ohne Fachkenntnisse in der Webentwicklung in nur wenigen Minuten.\" \/>\n<meta name=\"robots\" content=\"index, follow, max-snippet:-1, max-image-preview:large, max-video-preview:-1\" \/>\n<link rel=\"canonical\" href=\"https:\/\/elfsight.com\/de\/testimonials-slider-widget\/jimdo\/\" \/>\n<meta property=\"og:locale\" content=\"de_DE\" \/>\n<meta property=\"og:type\" content=\"article\" \/>\n<meta property=\"og:title\" content=\"Testimonials-Slider \u2013 Testimonial-Widget zur Jimdo-Website hinzuf\u00fcgen\" \/>\n<meta property=\"og:description\" content=\"Schauen Sie sich kostenlos das beste Testimonial-Slider-Widget f\u00fcr Jimdo an. Eine Integration ohne Fachkenntnisse in der Webentwicklung in nur wenigen Minuten.\" \/>\n<meta property=\"og:url\" content=\"https:\/\/elfsight.com\/de\/testimonials-slider-widget\/jimdo\/\" \/>\n<meta property=\"og:site_name\" content=\"Elfsight DE\" \/>\n<meta property=\"article:modified_time\" content=\"2025-07-10T08:32:52+00:00\" \/>\n<meta name=\"twitter:card\" content=\"summary_large_image\" \/>\n<meta name=\"twitter:label1\" content=\"Gesch\u00e4tzte Lesezeit\" \/>\n\t<meta name=\"twitter:data1\" content=\"3\u00a0Minuten\" \/>\n<!-- \/ Yoast SEO plugin. -->","yoast_head_json":{"title":"Testimonials-Slider \u2013 Testimonial-Widget zur Jimdo-Website hinzuf\u00fcgen","description":"Schauen Sie sich kostenlos das beste Testimonial-Slider-Widget f\u00fcr Jimdo an. Eine Integration ohne Fachkenntnisse in der Webentwicklung in nur wenigen Minuten.","robots":{"index":"index","follow":"follow","max-snippet":"max-snippet:-1","max-image-preview":"max-image-preview:large","max-video-preview":"max-video-preview:-1"},"canonical":"https:\/\/elfsight.com\/de\/testimonials-slider-widget\/jimdo\/","og_locale":"de_DE","og_type":"article","og_title":"Testimonials-Slider \u2013 Testimonial-Widget zur Jimdo-Website hinzuf\u00fcgen","og_description":"Schauen Sie sich kostenlos das beste Testimonial-Slider-Widget f\u00fcr Jimdo an. Eine Integration ohne Fachkenntnisse in der Webentwicklung in nur wenigen Minuten.","og_url":"https:\/\/elfsight.com\/de\/testimonials-slider-widget\/jimdo\/","og_site_name":"Elfsight DE","article_modified_time":"2025-07-10T08:32:52+00:00","twitter_card":"summary_large_image","twitter_misc":{"Gesch\u00e4tzte Lesezeit":"3\u00a0Minuten"},"schema":{"@context":"https:\/\/schema.org","@graph":[{"@type":"WebPage","@id":"https:\/\/elfsight.com\/de\/testimonials-slider-widget\/jimdo\/","url":"https:\/\/elfsight.com\/de\/testimonials-slider-widget\/jimdo\/","name":"Testimonials-Slider \u2013 Testimonial-Widget zur Jimdo-Website hinzuf\u00fcgen","isPartOf":{"@id":"https:\/\/elfsight.com\/de\/#website"},"datePublished":"1970-01-01T00:00:00+00:00","dateModified":"2025-07-10T08:32:52+00:00","description":"Schauen Sie sich kostenlos das beste Testimonial-Slider-Widget f\u00fcr Jimdo an. Eine Integration ohne Fachkenntnisse in der Webentwicklung in nur wenigen Minuten.","breadcrumb":{"@id":"https:\/\/elfsight.com\/de\/testimonials-slider-widget\/jimdo\/#breadcrumb"},"inLanguage":"de","potentialAction":[{"@type":"ReadAction","target":["https:\/\/elfsight.com\/de\/testimonials-slider-widget\/jimdo\/"]}]},{"@type":"BreadcrumbList","@id":"https:\/\/elfsight.com\/de\/testimonials-slider-widget\/jimdo\/#breadcrumb","itemListElement":[{"@type":"ListItem","position":1,"name":"Home","item":"https:\/\/elfsight.com\/de\/"},{"@type":"ListItem","position":2,"name":"Testimonials Slider","item":"https:\/\/elfsight.com\/de\/testimonials-slider-widget\/"},{"@type":"ListItem","position":3,"name":"Testimonials Slider &#8211; Jimdo"}]},{"@type":"WebSite","@id":"https:\/\/elfsight.com\/de\/#website","url":"https:\/\/elfsight.com\/de\/","name":"Elfsight DE","description":"Just another Elfsight Sites site","potentialAction":[{"@type":"SearchAction","target":{"@type":"EntryPoint","urlTemplate":"https:\/\/elfsight.com\/de\/?s={search_term_string}"},"query-input":{"@type":"PropertyValueSpecification","valueRequired":true,"valueName":"search_term_string"}}],"inLanguage":"de"}]}},"meta_box":{"industry":"","seo_heading":"","heading":"","description":"","cta_heading":"","cta_description":"","application":"462","h1":"Testimonials-Slider-Widget f\u00fcr Jimdo","h1_caption":"Zeigen Sie Kundenreferenzen in einem rotierenden Schieberegler an, um Glaubw\u00fcrdigkeit aufzubauen und positives Feedback m\u00fchelos auf Ihrer Jimdo-Website zu pr\u00e4sentieren.","application_category":[],"applications_title":"","applications_request_title":"","applications_request_button_text":"","hero_text":"","hero_video":"","hero_video_schema_markup":"","selling_points_title":"","selling_points_caption":"","selling_points":[],"selling_points_cta_text":"","features_title":"","features":"","ed_cta_examples_text":"","ed_cta_examples_hidden":"","ed_cta_demo_text":"","ed_cta_demo_hidden":"","why_caption":"","why_editor_title":"","why_editor_text":"","why_team_title":"","why_team_text":"","why_service_title":"","why_service_text":"","template_catalog_visible":"","template_catalog_title":"","template_catalog_text":"","template_catalog_categories_visible":"","demo_title":"Erstellen Sie Ihr Testimonials-Slider-Widget","demo_caption":"Konfigurieren Sie Ihren Testimonials-Slider und f\u00fcgen Sie ihn kostenlos zu Ihrer Jimdo-Website hinzu!","default_faq_hidden":"","app_template_category":[],"platform":"239","template_public_id":"","codecanyon_url":"","codecanyon_item_id":"","codecanyon_price":"","pricing_caption":"","pricing_elfsight_apps_hide_column":"","pricing_elfsight_apps_url":"","pricing_codecanyon_price_caption":"","integration_category":[],"integration_request_title":"","integration_request_cta":"","integration_platform":"","integrations":[],"platform_category":[],"video_schema_markup":"","price":"ab 0 $ \/ Monat","trial":"","benefits":[{"text":"Kostenlose Installationsunterst\u00fctzung"},{"text":"Erfahrener Kundensupport"},{"text":"14-t\u00e4gige R\u00fcckerstattungsgarantie"},{"text":"Laufende kostenlose Verbesserungen"}],"button_url":"#demo","button_target_blank":"","button_nofollow":"","attributes":[{"name":"Installiert","content":"10,000 - 100,000"},{"name":"Reaktionsfreudig","content":"Ja"},{"name":"Kompatible Browser","content":"Firefox, Safari, Opera, Chrome, Edge"}],"tags":[],"tags_disable_links":"","hide_more_platforms":"","video_object":"","demo_hide_cta":"","demo_hide_cloud_options":"","pricing_title":"","pricing":[{"pricing_icon":"platform","pricing_title":"Elfsight Apps","pricing_title_caption":"Plattformunabh\u00e4ngige L\u00f6sung, die auf jeder Site funktioniert","pricing_price":"ab 0 $ \/ Monat","pricing_price_caption":"Beginnen Sie mit einem kostenlosen Plan","pricing_benefits":[{"text":"Unbegrenzte Domains"},{"text":"Professionelle Unternehmensunterst\u00fctzung"},{"text":"Kostenlose Installationshilfe"},{"text":"100 % anpassbar"}],"pricing_button_text":"Zur Website hinzuf\u00fcgen","pricing_button_url":"#demo"}],"related_apps_title":"","related_apps_hidden":"","author":"","image":[],"title":"","job":"","social_networks":[]},"_links":{"self":[{"href":"https:\/\/elfsight.com\/de\/wp-json\/wp\/v2\/pages\/17842","targetHints":{"allow":["GET"]}}],"collection":[{"href":"https:\/\/elfsight.com\/de\/wp-json\/wp\/v2\/pages"}],"about":[{"href":"https:\/\/elfsight.com\/de\/wp-json\/wp\/v2\/types\/page"}],"author":[{"embeddable":true,"href":"https:\/\/elfsight.com\/de\/wp-json\/wp\/v2\/users\/9"}],"replies":[{"embeddable":true,"href":"https:\/\/elfsight.com\/de\/wp-json\/wp\/v2\/comments?post=17842"}],"version-history":[{"count":2,"href":"https:\/\/elfsight.com\/de\/wp-json\/wp\/v2\/pages\/17842\/revisions"}],"predecessor-version":[{"id":22030,"href":"https:\/\/elfsight.com\/de\/wp-json\/wp\/v2\/pages\/17842\/revisions\/22030"}],"up":[{"embeddable":true,"href":"https:\/\/elfsight.com\/de\/wp-json\/wp\/v2\/pages\/677"}],"wp:attachment":[{"href":"https:\/\/elfsight.com\/de\/wp-json\/wp\/v2\/media?parent=17842"}],"curies":[{"name":"wp","href":"https:\/\/api.w.org\/{rel}","templated":true}]}}