{"id":17840,"date":"1970-01-01T00:00:00","date_gmt":"1970-01-01T00:00:00","guid":{"rendered":"https:\/\/elfsight.com\/de\/?page_id=17840"},"modified":"2025-02-13T11:22:45","modified_gmt":"2025-02-13T11:22:45","slug":"webflow","status":"publish","type":"page","link":"https:\/\/elfsight.com\/de\/social-media-share-buttons\/webflow\/","title":{"rendered":"Social Share Buttons &#8211; Webflow"},"content":{"rendered":"\n<div class=\"application-platform-content-item-description application-platform-content-item\" id=\"description\" data-nav-section=\"description\"><h2>Mit dem Elfsight-Widget Social-Share-Buttons in Webflow einbetten<\/h2><p>Ein einfaches Sharing-Widget f\u00fcr jede Website, das Ihren Besuchern erm\u00f6glicht um Ihre Inhalte in allen sozialen Medien zu verbreiten. Erleichtern Sie die soziale Werbung Ihres Unternehmens und gewinnen Sie neue Follower und Abonnenten mithilfe spannender Inhalte auf Ihrer Website.<\/p><p><b>Erzielen Sie mehr Traffic und Abonnenten \u00fcber soziale Medien!<\/b><\/p><ul><li><b>Mehr Inhalte teilen<\/b>.<br>Mit der praktischen Ein-Klick-Freigabe werden Ihre Website-Inhalte h\u00e4ufiger geteilt und erreichen eine gr\u00f6\u00dfere Reichweite.<\/li><li><b>Verbessert Traffic auf Ihre Website<\/b>.<br>Locken Sie mehr Besucher auf Ihre Website durch eine solide Pr\u00e4senz in den sozialen Medien und freuen Sie sich \u00fcber mehr Traffic.<\/li><li><b>Gewinnen Sie schnell neue Follower<\/b>.<br>Gehen Sie viral mit der Option zum sofortigen Teilen f\u00fcr Ihre Besucher und sehen Sie, wie Ihre Follower jede Minute wachsen!<\/li><\/ul><\/div><div class=\"application-platform-content-item-features application-platform-content-item\" id=\"features\" data-nav-section=\"features\"><h2>Hauptfunktionen der Social Share Buttons Widget<\/h2><p>Warum sind unsere Share-Buttons die besten unter allen Webflow-Share-Widgets? Sehen Sie sich unsere Hauptvorteile an:<\/p><ul><li>\u00dcber 40 eingebettete soziale Netzwerke;<\/li><li>2 Layouts: Inline und Floating;<\/li><li>Bearbeitbarer Schaltfl\u00e4chentext;<\/li> <li>4 vordefinierte Schaltfl\u00e4chenstile;<\/li><li>Premium-Support durch ein professionelles Team.<\/li><\/ul><p><a href=\"#demo\">Weitere Funktionen in einer kostenlosen Demo ansehen<\/a><\/p><\/div><div class=\"application-platform-content-item-installation application-platform-content-item\" id=\"installation\" data-nav-section=\"installation\"><h2>So f\u00fcgen Sie Social Share Buttons zur Webflow-Website hinzu<\/h2><div class=\"video-container\"><iframe width=\"560\" height=\"315\" src=\"https:\/\/www.youtube.com\/embed\/facm6fVDWcQ?si=stFzcOcsnqru6AOT\" frameborder=\"0\" allow=\"accelerometer; autoplay; clipboard-write; encrypted-media; gyroscope; picture-in-picture; web-share\" allowfullscreen><\/iframe><\/div><p>Eine kurze Anleitung zur Installation von Teilen Sie Schaltfl\u00e4chen auf einer Webflow-Site, ohne dass Programmierkenntnisse erforderlich sind oder Sie einen Nebenspezialisten engagieren m\u00fcssen. Die Installation des Widgets dauert nur wenige Minuten.<\/p><ol><li><b>Erstellen Sie Ihre pers\u00f6nlichen Share-Buttons<\/b>.<br>Mit unserer kostenlosen Demo erhalten Sie ein Widget mit den erforderlichen Vorlage und Kapazit\u00e4ten.<\/li><li><b>Holen Sie sich den Code zum Installieren des Widgets<\/b>.<br>Nach der Widget-Optimierung holen Sie sich den Code f\u00fcr das Teilen des Widgets aus dem angezeigten Fenster in Elfsight Apps.<\/li><li><b>Zeigen Sie das Widget auf der Webflow-Website an<\/b>.<br>Zeigen Sie das Widget an der gew\u00fcnschten Stelle der Seite an und \u00fcbernehmen Sie die \u00c4nderungen.<\/li><li><b>Die Einbettung ist erfolgreich!<\/b><br>Besuchen Sie Ihre Website, um Ihre Arbeit zu sehen.<\/li><\/ol><p>Ben\u00f6tigen Sie Hilfe bei der Installation oder Anpassung des Widgets? Unser Kundensupport-Team hilft Ihnen gerne weiter! Oder Sie machen es selbst und lesen unseren detaillierten Leitfaden: &#8222;<a href=\"https:\/\/elfsight.com\/tutorials\/how-to-add-social-share-buttons-to-webflow-website\/\" target=\"_blank \" rel=\"noopener noreferrer\">So f\u00fcgen Sie Social-Share-Schaltfl\u00e4chen zu einer Webflow-Site hinzu<\/a>&#8220; <\/p><\/div><div class=\"faq\" data-component=\"FAQ\"><div class=\"faq-item\">\r\n\t\t\t\t\t<div class=\"faq-item-question\">\r\n\t\t\t\t\t\t<h3 class=\"faq-item-question-text\">Gibt es eine Option, Social-Share-Buttons zu meiner Webflow-Homepage hinzuzuf\u00fcgen, ohne Programmierkenntnisse?<\/h3>\r\n\r\n\t\t\t\t\t\t<div class=\"faq-item-question-icon\"><\/div>\r\n\t\t\t\t\t<\/div>\r\n\r\n\t\t\t\t\t<div class=\"faq-item-answer\">\r\n\t\t\t\t\t\t<div class=\"faq-item-answer-text\"><li>Gehen Sie zur Live-Demo, um eine Social-Share-Buttons-App zu erstellen, die Sie gerne auf der Webflow-Webseite sehen w\u00fcrden.<\/li><li>W\u00e4hlen Sie eine der vorgefertigten Vorlagen aus, optimieren Sie die Einstellungen f\u00fcr die Social-Share-Buttons und \u00e4ndern Sie das Layout und Farbschema, f\u00fcgen Sie Ihre Inhalte ohne Programmiererfahrung hinzu.<\/li><li>Speichern Sie die Einstellungen, die Sie in den Social Share Buttons vorgenommen haben, und erhalten Sie den Plugin-Code zum Einbetten, den Sie im Rahmen eines kostenlosen Plans in die Webflow-Website einf\u00fcgen k\u00f6nnen.<\/li><\/ul><p>Mit unserem unkomplizierten Editor kann jeder Webbenutzer online ein Social-Share-Buttons-Widget erstellen und es m\u00fchelos zur Webflow-Site hinzuf\u00fcgen. Sie m\u00fcssen keinen kostenpflichtigen Plan abschlie\u00dfen oder Ihre Kartendaten offenlegen, um den Elfsight-Dienst zu nutzen. Sollten Sie bei irgendeinem Schritt auf Hindernisse sto\u00dfen, k\u00f6nnen Sie sich gerne an unseren technischen Support wenden.<\/p><\/div>\r\n\t\t\t\t\t<\/div>\r\n\t\t\t\t<\/div><\/div>\n","protected":false},"excerpt":{"rendered":"","protected":false},"author":9,"featured_media":0,"parent":983,"menu_order":0,"comment_status":"closed","ping_status":"closed","template":"templates\/template-application-platform.php","meta":{"publish_to_discourse":"","publish_post_category":"","wpdc_auto_publish_overridden":"","wpdc_topic_tags":"","wpdc_pin_topic":"","wpdc_pin_until":"","discourse_post_id":"","discourse_permalink":"","wpdc_publishing_response":"","wpdc_publishing_error":"","footnotes":""},"class_list":["post-17840","page","type-page","status-publish","hentry"],"yoast_head":"<!-- This site is optimized with the Yoast SEO plugin v25.3.1 - https:\/\/yoast.com\/wordpress\/plugins\/seo\/ -->\n<title>Social-Share-Buttons \u2013 F\u00fcgen Sie Share-Buttons zur Webflow-Website hinzu<\/title>\n<meta name=\"description\" content=\"Installieren Sie Social Share Buttons in nur 2 Minuten auf Ihrer Webflow-Site. Schnelle und einfache Erstellung des Share-Widgets mit dem Elfsight-Editor.\" \/>\n<meta name=\"robots\" content=\"index, follow, max-snippet:-1, max-image-preview:large, max-video-preview:-1\" \/>\n<link rel=\"canonical\" href=\"https:\/\/elfsight.com\/de\/social-media-share-buttons\/webflow\/\" \/>\n<meta property=\"og:locale\" content=\"de_DE\" \/>\n<meta property=\"og:type\" content=\"article\" \/>\n<meta property=\"og:title\" content=\"Social-Share-Buttons \u2013 F\u00fcgen Sie Share-Buttons zur Webflow-Website hinzu\" \/>\n<meta property=\"og:description\" content=\"Installieren Sie Social Share Buttons in nur 2 Minuten auf Ihrer Webflow-Site. Schnelle und einfache Erstellung des Share-Widgets mit dem Elfsight-Editor.\" \/>\n<meta property=\"og:url\" content=\"https:\/\/elfsight.com\/de\/social-media-share-buttons\/webflow\/\" \/>\n<meta property=\"og:site_name\" content=\"Elfsight DE\" \/>\n<meta property=\"article:modified_time\" content=\"2025-02-13T11:22:45+00:00\" \/>\n<meta name=\"twitter:card\" content=\"summary_large_image\" \/>\n<meta name=\"twitter:label1\" content=\"Gesch\u00e4tzte Lesezeit\" \/>\n\t<meta name=\"twitter:data1\" content=\"3\u00a0Minuten\" \/>\n<!-- \/ Yoast SEO plugin. -->","yoast_head_json":{"title":"Social-Share-Buttons \u2013 F\u00fcgen Sie Share-Buttons zur Webflow-Website hinzu","description":"Installieren Sie Social Share Buttons in nur 2 Minuten auf Ihrer Webflow-Site. Schnelle und einfache Erstellung des Share-Widgets mit dem Elfsight-Editor.","robots":{"index":"index","follow":"follow","max-snippet":"max-snippet:-1","max-image-preview":"max-image-preview:large","max-video-preview":"max-video-preview:-1"},"canonical":"https:\/\/elfsight.com\/de\/social-media-share-buttons\/webflow\/","og_locale":"de_DE","og_type":"article","og_title":"Social-Share-Buttons \u2013 F\u00fcgen Sie Share-Buttons zur Webflow-Website hinzu","og_description":"Installieren Sie Social Share Buttons in nur 2 Minuten auf Ihrer Webflow-Site. Schnelle und einfache Erstellung des Share-Widgets mit dem Elfsight-Editor.","og_url":"https:\/\/elfsight.com\/de\/social-media-share-buttons\/webflow\/","og_site_name":"Elfsight DE","article_modified_time":"2025-02-13T11:22:45+00:00","twitter_card":"summary_large_image","twitter_misc":{"Gesch\u00e4tzte Lesezeit":"3\u00a0Minuten"},"schema":{"@context":"https:\/\/schema.org","@graph":[{"@type":"WebPage","@id":"https:\/\/elfsight.com\/de\/social-media-share-buttons\/webflow\/","url":"https:\/\/elfsight.com\/de\/social-media-share-buttons\/webflow\/","name":"Social-Share-Buttons \u2013 F\u00fcgen Sie Share-Buttons zur Webflow-Website hinzu","isPartOf":{"@id":"https:\/\/elfsight.com\/de\/#website"},"datePublished":"1970-01-01T00:00:00+00:00","dateModified":"2025-02-13T11:22:45+00:00","description":"Installieren Sie Social Share Buttons in nur 2 Minuten auf Ihrer Webflow-Site. Schnelle und einfache Erstellung des Share-Widgets mit dem Elfsight-Editor.","breadcrumb":{"@id":"https:\/\/elfsight.com\/de\/social-media-share-buttons\/webflow\/#breadcrumb"},"inLanguage":"de","potentialAction":[{"@type":"ReadAction","target":["https:\/\/elfsight.com\/de\/social-media-share-buttons\/webflow\/"]}]},{"@type":"BreadcrumbList","@id":"https:\/\/elfsight.com\/de\/social-media-share-buttons\/webflow\/#breadcrumb","itemListElement":[{"@type":"ListItem","position":1,"name":"Home","item":"https:\/\/elfsight.com\/de\/"},{"@type":"ListItem","position":2,"name":"Social Share Buttons","item":"https:\/\/elfsight.com\/de\/social-media-share-buttons\/"},{"@type":"ListItem","position":3,"name":"Social Share Buttons &#8211; Webflow"}]},{"@type":"WebSite","@id":"https:\/\/elfsight.com\/de\/#website","url":"https:\/\/elfsight.com\/de\/","name":"Elfsight DE","description":"Just another Elfsight Sites site","potentialAction":[{"@type":"SearchAction","target":{"@type":"EntryPoint","urlTemplate":"https:\/\/elfsight.com\/de\/?s={search_term_string}"},"query-input":{"@type":"PropertyValueSpecification","valueRequired":true,"valueName":"search_term_string"}}],"inLanguage":"de"}]}},"meta_box":{"industry":"","seo_heading":"","heading":"","description":"","cta_heading":"","cta_description":"","application":"467","h1":"Social-Share-Buttons f\u00fcr Webflow","h1_caption":"F\u00fcgen Sie Ihrer Website Schaltfl\u00e4chen zum Teilen in sozialen Medien hinzu, damit Besucher Ihre Inhalte m\u00fchelos \u00fcber mehrere Plattformen hinweg auf Ihrer Webflow-Website teilen k\u00f6nnen.","application_category":[],"applications_title":"","applications_request_title":"","applications_request_button_text":"","hero_text":"","hero_video":"","hero_video_schema_markup":"","selling_points_title":"","selling_points_caption":"","selling_points":[],"selling_points_cta_text":"","features_title":"","features":"","ed_cta_examples_text":"","ed_cta_examples_hidden":"","ed_cta_demo_text":"","ed_cta_demo_hidden":"","why_caption":"","why_editor_title":"","why_editor_text":"","why_team_title":"","why_team_text":"","why_service_title":"","why_service_text":"","template_catalog_visible":"0","template_catalog_title":"","template_catalog_text":"","template_catalog_categories_visible":"","demo_title":"Erstellen Sie Ihr Social-Share-Buttons-Widget","demo_caption":"Konfigurieren Sie Ihre Social Share Buttons und f\u00fcgen Sie sie kostenlos zu Ihrer Webflow-Website hinzu!","default_faq_hidden":"","app_template_category":[],"platform":"250","template_public_id":"","codecanyon_url":"","codecanyon_item_id":"","codecanyon_price":"","pricing_caption":"","pricing_elfsight_apps_hide_column":"","pricing_elfsight_apps_url":"","pricing_codecanyon_price_caption":"","integration_category":[],"integration_request_title":"","integration_request_cta":"","integration_platform":"","integrations":[],"platform_category":[],"video_schema_markup":"","price":"ab 0 $ \/ Monat","trial":"","benefits":[{"text":"Kostenlose Installationshilfe"},{"text":"Au\u00dfergew\u00f6hnliche Unterst\u00fctzung"},{"text":"14-t\u00e4gige R\u00fcckerstattungsgarantie"},{"text":"Regelm\u00e4\u00dfige kostenlose Verbesserungen"}],"button_url":"#demo","button_target_blank":"0","button_nofollow":"0","attributes":[{"name":"Installiert","content":"10,000 - 100,000"},{"name":"Reaktionsfreudig","content":"Ja"},{"name":"Kompatible Browser","content":"Firefox, Opera, Chrome, Edge, Safari"}],"tags":[],"tags_disable_links":"0","hide_more_platforms":"0","video_object":"","demo_hide_cta":"0","demo_hide_cloud_options":"0","pricing_title":"","pricing":[{"pricing_icon":"platform","pricing_title":"Webflow widget","pricing_title_caption":"Plattformunabh\u00e4ngige Software, die zu jeder Site passt","pricing_price":"ab 0 $ \/ Monat","pricing_price_caption":"Beginnen Sie mit einem kostenlosen Plan","pricing_benefits":[{"text":"Unbegrenzte Anzahl an Websites"},{"text":"Engagierter Kundensupport"},{"text":"Kostenloser Installationssupport"},{"text":"Sonderangebot f\u00fcr mehrere Apps"}],"pricing_button_text":"Zur Website hinzuf\u00fcgen","pricing_button_url":"#demo"}],"related_apps_title":"","related_apps_hidden":"0","author":"","image":[],"title":"","job":"","social_networks":[]},"_links":{"self":[{"href":"https:\/\/elfsight.com\/de\/wp-json\/wp\/v2\/pages\/17840","targetHints":{"allow":["GET"]}}],"collection":[{"href":"https:\/\/elfsight.com\/de\/wp-json\/wp\/v2\/pages"}],"about":[{"href":"https:\/\/elfsight.com\/de\/wp-json\/wp\/v2\/types\/page"}],"author":[{"embeddable":true,"href":"https:\/\/elfsight.com\/de\/wp-json\/wp\/v2\/users\/9"}],"replies":[{"embeddable":true,"href":"https:\/\/elfsight.com\/de\/wp-json\/wp\/v2\/comments?post=17840"}],"version-history":[{"count":4,"href":"https:\/\/elfsight.com\/de\/wp-json\/wp\/v2\/pages\/17840\/revisions"}],"predecessor-version":[{"id":24102,"href":"https:\/\/elfsight.com\/de\/wp-json\/wp\/v2\/pages\/17840\/revisions\/24102"}],"up":[{"embeddable":true,"href":"https:\/\/elfsight.com\/de\/wp-json\/wp\/v2\/pages\/983"}],"wp:attachment":[{"href":"https:\/\/elfsight.com\/de\/wp-json\/wp\/v2\/media?parent=17840"}],"curies":[{"name":"wp","href":"https:\/\/api.w.org\/{rel}","templated":true}]}}