{"id":17834,"date":"1970-01-01T00:00:00","date_gmt":"1970-01-01T00:00:00","guid":{"rendered":"https:\/\/elfsight.com\/de\/?page_id=17834"},"modified":"2025-02-13T10:01:46","modified_gmt":"2025-02-13T10:01:46","slug":"bigcommerce","status":"publish","type":"page","link":"https:\/\/elfsight.com\/de\/social-media-share-buttons\/bigcommerce\/","title":{"rendered":"Social Share Buttons &#8211; BigCommerce"},"content":{"rendered":"\n<div class=\"application-platform-content-item-description application-platform-content-item\" id=\"description\" data-nav-section=\"description\"><h2>Beschreibung<\/h2><p>Eine praktische Share-App f\u00fcr beliebige Websites, mit der Ihre Benutzer Inhalte in verschiedenen sozialen Netzwerken ver\u00f6ffentlichen k\u00f6nnen. Entwickeln Sie Ihr Unternehmen in Facebook, Twitter, Medium und anderen Medien. Erreichen Sie mehr Follower und Fans mit einzigartigen Ver\u00f6ffentlichungen auf Ihrer pers\u00f6nlichen Website.<\/p><p><b>Gewinnen Sie mehr Traffic und Leser aus sozialen Netzwerken!<\/b><\/p><ul><li><b>Maximum Berichterstattung \u00fcber Ver\u00f6ffentlichungen und Produkte in sozialen Netzwerken<\/b>.<br>Mit einem praktischen Design und gro\u00dfartiger Funktionalit\u00e4t werden Ihre Inhalte mit nur einem Klick unbegrenzt in sozialen Netzwerken geteilt.<\/li><li><b> Bringen Sie Ihre Beitr\u00e4ge noch weiter voran, um ein breiteres Publikum zu erreichen.<\/b><br>Geben Sie Ihren Nutzern die M\u00f6glichkeit, verlockende Inhalte m\u00fchelos zu bewerben und sofort ein gr\u00f6\u00dferes Publikum zu erreichen.<\/li><li><b>Verbessern Sie die Suchmaschinenoptimierung Ihrer Website Optimierung<\/b>.<br>Erh\u00f6hen Sie die Anzahl der Besuche auf Ihrer Website mit sozialen Medien, um die soziale Bewertung Ihrer Website zu verbessern und Ihre SEO-Parameter zu beeinflussen.<\/li><li><b>Eine schnelle Methode, um neue Abonnenten zu gewinnen in sozialen Diensten<\/b>.<br>F\u00fcgen Sie beliebte Inhalte hinzu und geben Sie Ihren Besuchern die M\u00f6glichkeit, diese auf ihren Konten in sozialen Netzwerken zu teilen.<\/li><\/ul><\/div><div class=\"application-platform-content-item-features application-platform-content-item\" id=\"features\" data-nav-section=\"features\"> <h2>Funktionen<\/h2><p>Was macht Elfsight-Buttons zur besten unter den Bigcommerce-Share-Apps? Pr\u00fcfen Sie unsere grundlegenden Vorteile:<\/p><ul><li>Platzieren Sie eine unbegrenzte Anzahl von Schaltfl\u00e4chen;<\/li><li>Links, rechts oder mittig ausgerichtete Schaltfl\u00e4chen;<\/li><li>Stellen Sie die Schaltfl\u00e4chenbreite ein; <\/li><li>Stellen Sie die Transparenz des Hover-Effekts ein;<\/li><li>Live-Updates werden st\u00e4ndig ver\u00f6ffentlicht.<\/li><\/ul><p><a href=\"#demo\">\u00dcberpr\u00fcfen Sie das andere Vorteile in einer kostenlosen Demo<\/a><\/p><\/div><div class=\"application-platform-content-item-installation application-platform-content-item\" id=\"installation\" data-nav-section=\"installation\"><h2>So f\u00fcgen Sie Share Buttons zu BigCommerce hinzu<\/h2><div class=\"video-container\"><iframe width=\"720\" height=\"405\" src=\"https:\/\/www.youtube.com\/embed\/B5tdaD8Kn2I\"><\/iframe><\/div><p>Nur Befolgen Sie die unten aufgef\u00fchrten Schritte, um die App in BigCommerce einzubetten.<\/p> <ol><li><b>Nutzen Sie unseren kostenlosen Konfigurator und beginnen Sie mit der Gestaltung Ihres benutzerdefinierten Widgets. <\/b><br> Bestimmen Sie die benutzerdefinierte Schnittstelle und die Eigenschaften des Widgets und speichern Sie die \u00c4nderungen. <\/li> <li><b>Erhalten Sie den einzigartigen Code, der im speziellen Formular auf Elfsight Apps angezeigt wird. <\/b><br> Sobald die Generierung Ihrer Social Share Buttons-App abgeschlossen ist, kopieren Sie den einzelnen Code aus dem entstehenden Popup und speichern Sie ihn zur weiteren Verwendung. <\/li> <li><b>Initiieren Sie die Nutzung des Tools auf der BigCommerce-Website. <\/b><br> Implementieren Sie den zuvor gespeicherten Code in Ihre Website und wenden Sie die Verbesserungen an. <\/li> <li><b>Fertig! Das Setup wurde erfolgreich durchgef\u00fchrt. <\/b><br> Besuchen Sie Ihre Website, um zu sehen, wie das Tool ausgef\u00fchrt wird. <\/li><\/ol><p>Ben\u00f6tigen Sie Hilfe bei der Installation oder den Einstellungen der App? Unser Team unterst\u00fctzt Sie gerne und bietet eine L\u00f6sung! Sie k\u00f6nnen das Problem auch selbst l\u00f6sen, indem Sie unsere umfassende Anleitung <a href=\"https:\/\/elfsight.com\/tutorials\/how-to-add-social-share-buttons-to-bigcommerce\/\">So f\u00fcgen Sie Share-Buttons auf der BigCommerce-Website hinzu<\/a> verwenden.<\/p><\/div><div class=\"faq\" data-component=\"FAQ\"><div class=\"faq-item\">\r\n\t\t\t\t\t<div class=\"faq-item-question\">\r\n\t\t\t\t\t\t<h3 class=\"faq-item-question-text\">Wie f\u00fcge ich ohne Programmierkenntnisse Social-Share-Buttons zu meiner BigCommerce-Webseite hinzu? <\/h3>\r\n\r\n\t\t\t\t\t\t<div class=\"faq-item-question-icon\"><\/div>\r\n\t\t\t\t\t<\/div>\r\n\r\n\t\t\t\t\t<div class=\"faq-item-answer\">\r\n\t\t\t\t\t\t<div class=\"faq-item-answer-text\"><p>Das Unternehmen Elfsight bietet eine SaaS-L\u00f6sung an, mit der Benutzer selbst eine Social Share Buttons-App erstellen k\u00f6nnen. Lernen Sie die einfachen Schritte kennen: <\/p><ul><li>Arbeiten Sie direkt in der Live-Demo, um eine Social Share Buttons-App zu erstellen Sie m\u00f6chten auf BigCommerce integrieren.<\/li><li>Entscheiden Sie sich f\u00fcr eine der vorgefertigten Vorlagen und passen Sie die Einstellungen der Social Share Buttons an, \u00e4ndern Sie das Layout und die Farben, aktualisieren Sie Ihre Inhalte ohne Codierung.<\/li><li>Speichern Sie die Einstellungen, die Sie an den Social Share Buttons vorgenommen haben, und erhalten Sie einen Installationscode, den Sie auf jeder BigCommerce-Website hinzuf\u00fcgen k\u00f6nnen, ohne eine kostenpflichtige Version zu kaufen.<\/li><\/ul><p>Mit Hilfe unseres intuitiven Editors jede Website Der Benutzer kann eine Social Share Buttons-App erstellen und diese einfach in die BigCommerce-Homepage einbetten. F\u00fcr den Zugriff auf unseren Editor ist es nicht erforderlich, zu bezahlen oder Ihre Kartendaten einzugeben. Sollten bei irgendeinem Schritt Probleme auftreten, wenden Sie sich bitte an unsere Support-Mitarbeiter.<\/p><\/div>\r\n\t\t\t\t\t<\/div>\r\n\t\t\t\t<\/div><\/div>\n","protected":false},"excerpt":{"rendered":"","protected":false},"author":9,"featured_media":0,"parent":983,"menu_order":0,"comment_status":"closed","ping_status":"closed","template":"templates\/template-application-platform.php","meta":{"publish_to_discourse":"","publish_post_category":"","wpdc_auto_publish_overridden":"","wpdc_topic_tags":"","wpdc_pin_topic":"","wpdc_pin_until":"","discourse_post_id":"","discourse_permalink":"","wpdc_publishing_response":"","wpdc_publishing_error":"","footnotes":""},"class_list":["post-17834","page","type-page","status-publish","hentry"],"yoast_head":"<!-- This site is optimized with the Yoast SEO plugin v25.3.1 - https:\/\/yoast.com\/wordpress\/plugins\/seo\/ -->\n<title>Social-Share-Buttons \u2013 F\u00fcgen Sie Share-Buttons zur BigCommerce-Website hinzu<\/title>\n<meta name=\"description\" content=\"Integrieren Sie Social Share Buttons in nur wenigen Minuten auf Ihrer BigCommerce-Website. Sofortige und einfache Erstellung verschiedener Website-Apps durch Elfsight.\" \/>\n<meta name=\"robots\" content=\"index, follow, max-snippet:-1, max-image-preview:large, max-video-preview:-1\" \/>\n<link rel=\"canonical\" href=\"https:\/\/elfsight.com\/de\/social-media-share-buttons\/bigcommerce\/\" \/>\n<meta property=\"og:locale\" content=\"de_DE\" \/>\n<meta property=\"og:type\" content=\"article\" \/>\n<meta property=\"og:title\" content=\"Social-Share-Buttons \u2013 F\u00fcgen Sie Share-Buttons zur BigCommerce-Website hinzu\" \/>\n<meta property=\"og:description\" content=\"Integrieren Sie Social Share Buttons in nur wenigen Minuten auf Ihrer BigCommerce-Website. Sofortige und einfache Erstellung verschiedener Website-Apps durch Elfsight.\" \/>\n<meta property=\"og:url\" content=\"https:\/\/elfsight.com\/de\/social-media-share-buttons\/bigcommerce\/\" \/>\n<meta property=\"og:site_name\" content=\"Elfsight DE\" \/>\n<meta property=\"article:modified_time\" content=\"2025-02-13T10:01:46+00:00\" \/>\n<meta name=\"twitter:card\" content=\"summary_large_image\" \/>\n<meta name=\"twitter:label1\" content=\"Gesch\u00e4tzte Lesezeit\" \/>\n\t<meta name=\"twitter:data1\" content=\"4\u00a0Minuten\" \/>\n<!-- \/ Yoast SEO plugin. -->","yoast_head_json":{"title":"Social-Share-Buttons \u2013 F\u00fcgen Sie Share-Buttons zur BigCommerce-Website hinzu","description":"Integrieren Sie Social Share Buttons in nur wenigen Minuten auf Ihrer BigCommerce-Website. Sofortige und einfache Erstellung verschiedener Website-Apps durch Elfsight.","robots":{"index":"index","follow":"follow","max-snippet":"max-snippet:-1","max-image-preview":"max-image-preview:large","max-video-preview":"max-video-preview:-1"},"canonical":"https:\/\/elfsight.com\/de\/social-media-share-buttons\/bigcommerce\/","og_locale":"de_DE","og_type":"article","og_title":"Social-Share-Buttons \u2013 F\u00fcgen Sie Share-Buttons zur BigCommerce-Website hinzu","og_description":"Integrieren Sie Social Share Buttons in nur wenigen Minuten auf Ihrer BigCommerce-Website. Sofortige und einfache Erstellung verschiedener Website-Apps durch Elfsight.","og_url":"https:\/\/elfsight.com\/de\/social-media-share-buttons\/bigcommerce\/","og_site_name":"Elfsight DE","article_modified_time":"2025-02-13T10:01:46+00:00","twitter_card":"summary_large_image","twitter_misc":{"Gesch\u00e4tzte Lesezeit":"4\u00a0Minuten"},"schema":{"@context":"https:\/\/schema.org","@graph":[{"@type":"WebPage","@id":"https:\/\/elfsight.com\/de\/social-media-share-buttons\/bigcommerce\/","url":"https:\/\/elfsight.com\/de\/social-media-share-buttons\/bigcommerce\/","name":"Social-Share-Buttons \u2013 F\u00fcgen Sie Share-Buttons zur BigCommerce-Website hinzu","isPartOf":{"@id":"https:\/\/elfsight.com\/de\/#website"},"datePublished":"1970-01-01T00:00:00+00:00","dateModified":"2025-02-13T10:01:46+00:00","description":"Integrieren Sie Social Share Buttons in nur wenigen Minuten auf Ihrer BigCommerce-Website. Sofortige und einfache Erstellung verschiedener Website-Apps durch Elfsight.","breadcrumb":{"@id":"https:\/\/elfsight.com\/de\/social-media-share-buttons\/bigcommerce\/#breadcrumb"},"inLanguage":"de","potentialAction":[{"@type":"ReadAction","target":["https:\/\/elfsight.com\/de\/social-media-share-buttons\/bigcommerce\/"]}]},{"@type":"BreadcrumbList","@id":"https:\/\/elfsight.com\/de\/social-media-share-buttons\/bigcommerce\/#breadcrumb","itemListElement":[{"@type":"ListItem","position":1,"name":"Home","item":"https:\/\/elfsight.com\/de\/"},{"@type":"ListItem","position":2,"name":"Social Share Buttons","item":"https:\/\/elfsight.com\/de\/social-media-share-buttons\/"},{"@type":"ListItem","position":3,"name":"Social Share Buttons &#8211; BigCommerce"}]},{"@type":"WebSite","@id":"https:\/\/elfsight.com\/de\/#website","url":"https:\/\/elfsight.com\/de\/","name":"Elfsight DE","description":"Just another Elfsight Sites site","potentialAction":[{"@type":"SearchAction","target":{"@type":"EntryPoint","urlTemplate":"https:\/\/elfsight.com\/de\/?s={search_term_string}"},"query-input":{"@type":"PropertyValueSpecification","valueRequired":true,"valueName":"search_term_string"}}],"inLanguage":"de"}]}},"meta_box":{"industry":"","seo_heading":"","heading":"","description":"","cta_heading":"","cta_description":"","application":"467","h1":"BigCommerce-Social-Share-Buttons","h1_caption":"F\u00fcgen Sie Ihrer Website Social-Media-Sharing-Buttons hinzu, damit Besucher Ihre Inhalte m\u00fchelos \u00fcber mehrere Plattformen hinweg auf Ihrer BigCommerce-Website teilen k\u00f6nnen.","application_category":[],"applications_title":"","applications_request_title":"","applications_request_button_text":"","hero_text":"","hero_video":"","hero_video_schema_markup":"","selling_points_title":"","selling_points_caption":"","selling_points":[],"selling_points_cta_text":"","features_title":"","features":"","ed_cta_examples_text":"","ed_cta_examples_hidden":"","ed_cta_demo_text":"","ed_cta_demo_hidden":"","why_caption":"","why_editor_title":"","why_editor_text":"","why_team_title":"","why_team_text":"","why_service_title":"","why_service_text":"","template_catalog_visible":"0","template_catalog_title":"","template_catalog_text":"","template_catalog_categories_visible":"","demo_title":"Erstellen Sie Ihre Social Share Buttons-App","demo_caption":"Konfigurieren Sie Ihre Social Share Buttons und f\u00fcgen Sie sie kostenlos zu Ihrer BigCommerce-Website hinzu!","default_faq_hidden":"","app_template_category":[],"platform":"268","template_public_id":"","codecanyon_url":"","codecanyon_item_id":"","codecanyon_price":"","pricing_caption":"","pricing_elfsight_apps_hide_column":"","pricing_elfsight_apps_url":"","pricing_codecanyon_price_caption":"","integration_category":[],"integration_request_title":"","integration_request_cta":"","integration_platform":"","integrations":[],"platform_category":[],"video_schema_markup":"","price":"ab 0 $ \/ Monat","trial":"","benefits":[{"text":"Kostenloser Installationsservice"},{"text":"Premium-Support"},{"text":"14-t\u00e4gige Geld-zur\u00fcck-Garantie"},{"text":"Fortlaufende Entwicklung"}],"button_url":"#demo","button_target_blank":"0","button_nofollow":"0","attributes":[{"name":"Installiert","content":"10,000 - 100,000"},{"name":"Reaktionsfreudig","content":"Ja"},{"name":"Kompatible Browser","content":"Firefox, Safari, Opera, Chrome, Edge"}],"tags":[],"tags_disable_links":"0","hide_more_platforms":"0","video_object":"","demo_hide_cta":"0","demo_hide_cloud_options":"0","pricing_title":"","pricing":[{"pricing_icon":"platform","pricing_title":"Elfsight Apps","pricing_title_caption":"Plattform\u00fcbergreifende L\u00f6sung","pricing_price":"ab 0 $ \/ Monat","pricing_price_caption":"Beginnen Sie mit einem kostenlosen Plan","pricing_benefits":[{"text":"Unbegrenzte Websites"},{"text":"Schneller Kundensupport und gut dokumentiert"},{"text":"Kostenlose Installationshilfe"},{"text":"Flexibles Design"}],"pricing_button_text":"Zur Website hinzuf\u00fcgen","pricing_button_url":"#demo"}],"related_apps_title":"","related_apps_hidden":"0","author":"","image":[],"title":"","job":"","social_networks":[]},"_links":{"self":[{"href":"https:\/\/elfsight.com\/de\/wp-json\/wp\/v2\/pages\/17834","targetHints":{"allow":["GET"]}}],"collection":[{"href":"https:\/\/elfsight.com\/de\/wp-json\/wp\/v2\/pages"}],"about":[{"href":"https:\/\/elfsight.com\/de\/wp-json\/wp\/v2\/types\/page"}],"author":[{"embeddable":true,"href":"https:\/\/elfsight.com\/de\/wp-json\/wp\/v2\/users\/9"}],"replies":[{"embeddable":true,"href":"https:\/\/elfsight.com\/de\/wp-json\/wp\/v2\/comments?post=17834"}],"version-history":[{"count":3,"href":"https:\/\/elfsight.com\/de\/wp-json\/wp\/v2\/pages\/17834\/revisions"}],"predecessor-version":[{"id":24069,"href":"https:\/\/elfsight.com\/de\/wp-json\/wp\/v2\/pages\/17834\/revisions\/24069"}],"up":[{"embeddable":true,"href":"https:\/\/elfsight.com\/de\/wp-json\/wp\/v2\/pages\/983"}],"wp:attachment":[{"href":"https:\/\/elfsight.com\/de\/wp-json\/wp\/v2\/media?parent=17834"}],"curies":[{"name":"wp","href":"https:\/\/api.w.org\/{rel}","templated":true}]}}