{"id":17833,"date":"1970-01-01T00:00:00","date_gmt":"1970-01-01T00:00:00","guid":{"rendered":"https:\/\/elfsight.com\/de\/?page_id=17833"},"modified":"2025-02-13T10:07:58","modified_gmt":"2025-02-13T10:07:58","slug":"blogger","status":"publish","type":"page","link":"https:\/\/elfsight.com\/de\/social-media-share-buttons\/blogger\/","title":{"rendered":"Social Share Buttons &#8211; Blogger"},"content":{"rendered":"\n<div class=\"application-platform-content-item-description application-platform-content-item\" id=\"description\" data-nav-section=\"description\"><h2>Beschreibung<\/h2><p>Ein effizientes Teilen-Widget f\u00fcr alle Websites, das Ihren Besuchern das Teilen von Beitr\u00e4gen in verschiedenen sozialen Medien erm\u00f6glicht. Steigern Sie die Werbung Ihres Unternehmens auf Google+, Facebook, LinkedIn und anderen und gewinnen Sie neue Abonnenten und Fans mit effektiven Inhalten auf Ihrer pers\u00f6nlichen Website.<\/p><p><b>Erhalten Sie zus\u00e4tzliche Aufrufe und Follower aus sozialen Medien!<\/b><\/p><ul><li><b>Maximale Werbung f\u00fcr Inhalte und Produkte in sozialen Netzwerken<\/b>.<br>Mit einem klaren Design und vielf\u00e4ltigen Funktionen werden Ihre Inhalte mit nur einem Klick aktiv beworben alle sozialen Medien ohne gro\u00dfen Aufwand.<\/li><li><b>Bewerben Sie attraktive Beitr\u00e4ge f\u00fcr mehr \u00d6ffentlichkeit<\/b>.<br>Bieten Sie Ihren Lesern die M\u00f6glichkeit, die beliebtesten Inhalte problemlos zu teilen und ein gr\u00f6\u00dferes Publikum zu erreichen .<\/li><li><b>Erh\u00f6hen Sie die Anzahl der Klicks auf Ihre Website<\/b>.<br>Bringen Sie mit Hilfe Ihrer st\u00e4ndigen Pr\u00e4senz in den sozialen Medien neue Besucher auf Ihre Website und freuen Sie sich \u00fcber einen Anstieg der Aufrufe.<\/li> <li><b>Ein effektives Tool, um neue Follower in sozialen Netzwerken zu gewinnen<\/b>.<br>Platzieren Sie spannende Inhalte und geben Sie Ihren Nutzern die M\u00f6glichkeit, diese auf ihren pers\u00f6nlichen Seiten in sozialen Medien zu verbreiten.<\/li><\/ul><\/div><div class=\"application-platform-content-item-features application-platform-content-item\" id=\"features\" data-nav-section=\"features\"><h2>Funktionen<\/h2><p>Warum sind Elfsight-Schaltfl\u00e4chen die besten unter den Blogger-Freigabe-Widgets? Sehen Sie sich unsere wichtigsten Merkmale an:<\/p><ul><li>Duplizieren Sie die Schaltfl\u00e4chen und ordnen Sie sie nach Bedarf neu an;<\/li><li>Anpassbare Zwischenraumgr\u00f6\u00dfe;<\/li><li>3 Optionen f\u00fcr die Schaltfl\u00e4chenform;<\/li><li>3 Farbschemata f\u00fcr Symbole, Hintergrund und Hover;<\/li><li>Kostenloser Installationsservice.<\/li><\/ul><p><a href=\"#demo\">Weitere Eigenschaften anzeigen in einem kostenlosen Editor<\/a><\/p><\/div><div class=\"application-platform-content-item-installation application-platform-content-item\" id=\"installation\" data-nav-section=\"installation\"><h2>So f\u00fcgen Sie Share-Buttons zu Blogger hinzu<\/h2><div class=\"video-container\"><iframe width=\"560\" height=\"315\" src=\"https:\/\/www.youtube.com\/embed\/77zo4EcubG8?si=f1ohYJ5KsM30htqx\" frameborder=\"0\" allow=\"accelerometer; autoplay; clipboard-write; encrypted-media; gyroscope; picture-in-picture; web-share\" allowfullscreen><\/iframe><\/div><p>Ein kleines Anleitung zur Integration von Schaltfl\u00e4chen ohne Kenntnisse in der Entwicklung oder Suche nach einem Nebenentwickler. Sie ben\u00f6tigen lediglich einige Minuten, um das Tutorial durchzuf\u00fchren.<\/p><ol><li><b>Konstruieren Sie Ihre individuellen Social-Share-Buttons<\/b>.<br>Generieren Sie mit unserem kostenlosen Konfigurator ein Plugin mit Ihren W\u00fcnschen Vorlage und Funktionen.<\/li><li><b>Erhalten Sie einen Code zum Anzeigen des Plugins<\/b>.<br>Nach der Widget-Anpassung erhalten Sie einen Code f\u00fcr das Share Buttons-Plugin aus der Popup-Benachrichtigung auf Elfsight Apps.<\/li><li><b>Zeigen Sie das Plugin auf der Blogger-Website an<\/b>.<br>Platzieren Sie das Plugin an der gew\u00fcnschten Stelle der Seite und \u00fcbernehmen Sie die \u00c4nderungen.<\/li><li><b>Die Einrichtung ist abgeschlossen<\/b>.<br>Besuchen Sie Ihre Blogger-Website, um Ihre Schaltfl\u00e4chen zu \u00fcberpr\u00fcfen.<\/li><\/ol><p>Ben\u00f6tigen Sie Unterst\u00fctzung beim Platzieren oder Erstellen des Widgets? Das Elfsight-Hilfecenter-Team hilft Ihnen gerne weiter und schl\u00e4gt eine L\u00f6sung vor! Sie k\u00f6nnen das Problem auch selbst l\u00f6sen, mithilfe unseres ausf\u00fchrlichen Handbuchs \u00ab<a href=\"https:\/\/elfsight.com\/tutorials\/how-to-add-social-share-buttons-to-blogger-website\/ \" target=\"_blank\" rel=\"noopener noreferrer\">So richten Sie Schaltfl\u00e4chen zum Teilen auf der Blogger-Website ein<\/a>\u00bb.<\/p><\/div><div class=\"faq\" data-component=\"FAQ\"><div class=\"faq-item\">\r\n\t\t\t\t\t<div class=\"faq-item-question\">\r\n\t\t\t\t\t\t<h3 class=\"faq-item-question-text\">Auf welche Weise ist es m\u00f6glich, ohne Programmierkenntnisse Social-Share-Buttons zu meinem Blogger hinzuf\u00fcgen?<\/h3>\r\n\r\n\t\t\t\t\t\t<div class=\"faq-item-question-icon\"><\/div>\r\n\t\t\t\t\t<\/div>\r\n\r\n\t\t\t\t\t<div class=\"faq-item-answer\">\r\n\t\t\t\t\t\t<div class=\"faq-item-answer-text\"><p>Das Unternehmen Elfsight bietet eine Cloud-L\u00f6sung an, mit der Benutzer selbst ein Social-Share-Button-Widget erstellen k\u00f6nnen. Erfahren Sie die einfachen Schritte: <\/p><ul><li>Beginnen Sie direkt in der Online-Demo mit der Erstellung eines Social-Share-Buttons-Widgets, das Sie auf Ihrer Blogger-Site einbinden m\u00f6chten.<\/li><li>W\u00e4hlen Sie eine der vorgefertigten Vorlagen aus und optimieren Sie die Einstellungen f\u00fcr Social Share Buttons: Aktualisieren Sie Ihre Inhalte, \u00e4ndern Sie das Layout und die Farben ohne Codierung.<\/li><li>Speichern Sie die Einstellungen, die Sie f\u00fcr Social Share Buttons vorgenommen haben, und erhalten Sie den Installationscode des Plugins, der in Ihre Blogger-Site eingef\u00fcgt werden kann kostenlos.<\/li><\/ul><p>Mit dem intuitiven Konfigurator kann jeder Internetnutzer eine Social Share Buttons-App erstellen und in die Blogger-Webseite einbetten. Sie m\u00fcssen weder bezahlen noch Ihre Kartendaten einreichen, um den Editor zu betreten. Sollten Sie bei irgendeinem Schritt auf Hindernisse sto\u00dfen, z\u00f6gern Sie nicht, sich an unser Support-Team zu wenden.<\/p><\/div>\r\n\t\t\t\t\t<\/div>\r\n\t\t\t\t<\/div><\/div>\n","protected":false},"excerpt":{"rendered":"","protected":false},"author":9,"featured_media":0,"parent":983,"menu_order":0,"comment_status":"closed","ping_status":"closed","template":"templates\/template-application-platform.php","meta":{"publish_to_discourse":"","publish_post_category":"","wpdc_auto_publish_overridden":"","wpdc_topic_tags":"","wpdc_pin_topic":"","wpdc_pin_until":"","discourse_post_id":"","discourse_permalink":"","wpdc_publishing_response":"","wpdc_publishing_error":"","footnotes":""},"class_list":["post-17833","page","type-page","status-publish","hentry"],"yoast_head":"<!-- This site is optimized with the Yoast SEO plugin v25.3.1 - https:\/\/yoast.com\/wordpress\/plugins\/seo\/ -->\n<title>Social-Share-Buttons \u2013 F\u00fcgen Sie Share-Buttons zur Blogger-Website hinzu<\/title>\n<meta name=\"description\" content=\"Installieren Sie Social Share Buttons in nur wenigen Minuten auf Ihrer Bigcommerce-Website. Schnelle und einfache Erstellung verschiedener Website-Apps durch Elfsight.\" \/>\n<meta name=\"robots\" content=\"index, follow, max-snippet:-1, max-image-preview:large, max-video-preview:-1\" \/>\n<link rel=\"canonical\" href=\"https:\/\/elfsight.com\/de\/social-media-share-buttons\/blogger\/\" \/>\n<meta property=\"og:locale\" content=\"de_DE\" \/>\n<meta property=\"og:type\" content=\"article\" \/>\n<meta property=\"og:title\" content=\"Social-Share-Buttons \u2013 F\u00fcgen Sie Share-Buttons zur Blogger-Website hinzu\" \/>\n<meta property=\"og:description\" content=\"Installieren Sie Social Share Buttons in nur wenigen Minuten auf Ihrer Bigcommerce-Website. Schnelle und einfache Erstellung verschiedener Website-Apps durch Elfsight.\" \/>\n<meta property=\"og:url\" content=\"https:\/\/elfsight.com\/de\/social-media-share-buttons\/blogger\/\" \/>\n<meta property=\"og:site_name\" content=\"Elfsight DE\" \/>\n<meta property=\"article:modified_time\" content=\"2025-02-13T10:07:58+00:00\" \/>\n<meta name=\"twitter:card\" content=\"summary_large_image\" \/>\n<meta name=\"twitter:label1\" content=\"Gesch\u00e4tzte Lesezeit\" \/>\n\t<meta name=\"twitter:data1\" content=\"4\u00a0Minuten\" \/>\n<!-- \/ Yoast SEO plugin. -->","yoast_head_json":{"title":"Social-Share-Buttons \u2013 F\u00fcgen Sie Share-Buttons zur Blogger-Website hinzu","description":"Installieren Sie Social Share Buttons in nur wenigen Minuten auf Ihrer Bigcommerce-Website. Schnelle und einfache Erstellung verschiedener Website-Apps durch Elfsight.","robots":{"index":"index","follow":"follow","max-snippet":"max-snippet:-1","max-image-preview":"max-image-preview:large","max-video-preview":"max-video-preview:-1"},"canonical":"https:\/\/elfsight.com\/de\/social-media-share-buttons\/blogger\/","og_locale":"de_DE","og_type":"article","og_title":"Social-Share-Buttons \u2013 F\u00fcgen Sie Share-Buttons zur Blogger-Website hinzu","og_description":"Installieren Sie Social Share Buttons in nur wenigen Minuten auf Ihrer Bigcommerce-Website. Schnelle und einfache Erstellung verschiedener Website-Apps durch Elfsight.","og_url":"https:\/\/elfsight.com\/de\/social-media-share-buttons\/blogger\/","og_site_name":"Elfsight DE","article_modified_time":"2025-02-13T10:07:58+00:00","twitter_card":"summary_large_image","twitter_misc":{"Gesch\u00e4tzte Lesezeit":"4\u00a0Minuten"},"schema":{"@context":"https:\/\/schema.org","@graph":[{"@type":"WebPage","@id":"https:\/\/elfsight.com\/de\/social-media-share-buttons\/blogger\/","url":"https:\/\/elfsight.com\/de\/social-media-share-buttons\/blogger\/","name":"Social-Share-Buttons \u2013 F\u00fcgen Sie Share-Buttons zur Blogger-Website hinzu","isPartOf":{"@id":"https:\/\/elfsight.com\/de\/#website"},"datePublished":"1970-01-01T00:00:00+00:00","dateModified":"2025-02-13T10:07:58+00:00","description":"Installieren Sie Social Share Buttons in nur wenigen Minuten auf Ihrer Bigcommerce-Website. Schnelle und einfache Erstellung verschiedener Website-Apps durch Elfsight.","breadcrumb":{"@id":"https:\/\/elfsight.com\/de\/social-media-share-buttons\/blogger\/#breadcrumb"},"inLanguage":"de","potentialAction":[{"@type":"ReadAction","target":["https:\/\/elfsight.com\/de\/social-media-share-buttons\/blogger\/"]}]},{"@type":"BreadcrumbList","@id":"https:\/\/elfsight.com\/de\/social-media-share-buttons\/blogger\/#breadcrumb","itemListElement":[{"@type":"ListItem","position":1,"name":"Home","item":"https:\/\/elfsight.com\/de\/"},{"@type":"ListItem","position":2,"name":"Social Share Buttons","item":"https:\/\/elfsight.com\/de\/social-media-share-buttons\/"},{"@type":"ListItem","position":3,"name":"Social Share Buttons &#8211; Blogger"}]},{"@type":"WebSite","@id":"https:\/\/elfsight.com\/de\/#website","url":"https:\/\/elfsight.com\/de\/","name":"Elfsight DE","description":"Just another Elfsight Sites site","potentialAction":[{"@type":"SearchAction","target":{"@type":"EntryPoint","urlTemplate":"https:\/\/elfsight.com\/de\/?s={search_term_string}"},"query-input":{"@type":"PropertyValueSpecification","valueRequired":true,"valueName":"search_term_string"}}],"inLanguage":"de"}]}},"meta_box":{"industry":"","seo_heading":"","heading":"","description":"","cta_heading":"","cta_description":"","application":"467","h1":"Social-Share-Buttons f\u00fcr Blogger","h1_caption":"F\u00fcgen Sie Ihrer Website Schaltfl\u00e4chen zum Teilen in sozialen Medien hinzu, damit Besucher Ihre Inhalte m\u00fchelos \u00fcber mehrere Plattformen hinweg auf Ihrer Blogger-Website teilen k\u00f6nnen.","application_category":[],"applications_title":"","applications_request_title":"","applications_request_button_text":"","hero_text":"","hero_video":"","hero_video_schema_markup":"","selling_points_title":"","selling_points_caption":"","selling_points":[],"selling_points_cta_text":"","features_title":"","features":"","ed_cta_examples_text":"","ed_cta_examples_hidden":"","ed_cta_demo_text":"","ed_cta_demo_hidden":"","why_caption":"","why_editor_title":"","why_editor_text":"","why_team_title":"","why_team_text":"","why_service_title":"","why_service_text":"","template_catalog_visible":"0","template_catalog_title":"","template_catalog_text":"","template_catalog_categories_visible":"","demo_title":"Erstellen Sie Ihr Social-Share-Buttons-Widget","demo_caption":"Konfigurieren Sie Ihre Social Share Buttons und f\u00fcgen Sie sie kostenlos zu Ihrer Blogger-Website hinzu!","default_faq_hidden":"","app_template_category":[],"platform":"262","template_public_id":"","codecanyon_url":"","codecanyon_item_id":"","codecanyon_price":"","pricing_caption":"","pricing_elfsight_apps_hide_column":"","pricing_elfsight_apps_url":"","pricing_codecanyon_price_caption":"","integration_category":[],"integration_request_title":"","integration_request_cta":"","integration_platform":"","integrations":[],"platform_category":[],"video_schema_markup":"","price":"ab 0 $ \/ Monat","trial":"","benefits":[{"text":"Kostenloser Installationsservice"},{"text":"Professioneller Kundenservice"},{"text":"14-t\u00e4gige R\u00fcckerstattungsgarantie"},{"text":"Zuk\u00fcnftige Updates"}],"button_url":"#demo","button_target_blank":"0","button_nofollow":"0","attributes":[{"name":"Installiert","content":"10,000 - 100,000"},{"name":"Reaktionsfreudig","content":"Ja"},{"name":"Kompatible Browser","content":"Firefox, Safari, Opera, Chrome, Edge"}],"tags":[],"tags_disable_links":"0","hide_more_platforms":"0","video_object":"","demo_hide_cta":"0","demo_hide_cloud_options":"0","pricing_title":"","pricing":[{"pricing_icon":"platform","pricing_title":"Elfsight Apps","pricing_title_caption":"Plattformunabh\u00e4ngige Version, die auf jeder Website funktioniert","pricing_price":"ab 0 $ \/ Monat","pricing_price_caption":"Beginnen Sie mit einem kostenlosen Plan","pricing_benefits":[{"text":"Unbegrenzte Websites"},{"text":"Schnelle Unternehmensunterst\u00fctzung und gut dokumentiert"},{"text":"Kostenlose Installationshilfe"},{"text":"100 % anpassbar"}],"pricing_button_text":"Zur Website hinzuf\u00fcgen","pricing_button_url":"#demo"}],"related_apps_title":"","related_apps_hidden":"0","author":"","image":[],"title":"","job":"","social_networks":[]},"_links":{"self":[{"href":"https:\/\/elfsight.com\/de\/wp-json\/wp\/v2\/pages\/17833","targetHints":{"allow":["GET"]}}],"collection":[{"href":"https:\/\/elfsight.com\/de\/wp-json\/wp\/v2\/pages"}],"about":[{"href":"https:\/\/elfsight.com\/de\/wp-json\/wp\/v2\/types\/page"}],"author":[{"embeddable":true,"href":"https:\/\/elfsight.com\/de\/wp-json\/wp\/v2\/users\/9"}],"replies":[{"embeddable":true,"href":"https:\/\/elfsight.com\/de\/wp-json\/wp\/v2\/comments?post=17833"}],"version-history":[{"count":4,"href":"https:\/\/elfsight.com\/de\/wp-json\/wp\/v2\/pages\/17833\/revisions"}],"predecessor-version":[{"id":24072,"href":"https:\/\/elfsight.com\/de\/wp-json\/wp\/v2\/pages\/17833\/revisions\/24072"}],"up":[{"embeddable":true,"href":"https:\/\/elfsight.com\/de\/wp-json\/wp\/v2\/pages\/983"}],"wp:attachment":[{"href":"https:\/\/elfsight.com\/de\/wp-json\/wp\/v2\/media?parent=17833"}],"curies":[{"name":"wp","href":"https:\/\/api.w.org\/{rel}","templated":true}]}}