{"id":17832,"date":"1970-01-01T00:00:00","date_gmt":"1970-01-01T00:00:00","guid":{"rendered":"https:\/\/elfsight.com\/de\/?page_id=17832"},"modified":"2025-02-13T10:14:02","modified_gmt":"2025-02-13T10:14:02","slug":"drupal","status":"publish","type":"page","link":"https:\/\/elfsight.com\/de\/social-media-share-buttons\/drupal\/","title":{"rendered":"Social Share Buttons &#8211; Drupal"},"content":{"rendered":"\n<div class=\"application-platform-content-item-description application-platform-content-item\" id=\"description\" data-nav-section=\"description\">\n<h2>Beschreibung<\/h2>\n<p>Ein einfaches Share-Modul f\u00fcr alle Websites, mit dem Ihre Nutzer Inhalte und Artikel in verschiedenen sozialen Netzwerken teilen k\u00f6nnen. Entwickeln Sie Ihre Unternehmenspr\u00e4senz in sozialen Netzwerken und gewinnen Sie noch mehr Abonnenten und Leser mit benutzerdefinierten Inhalten auf Ihrer pers\u00f6nlichen Website.<\/p>\n<p><b>Gewinnen Sie mehr Traffic und Follower aus sozialen Netzwerken!<\/b><\/p>\n<ul>\n<li><b>Maximale Verbreitung von Ver\u00f6ffentlichungen und Artikeln in sozialen Medien<\/b>.<br>Dank des klaren Designs und vieler Funktionen wird Ihr Inhalt mit nur einem Klick aktiv in allen sozialen Medien geteilt, ohne gro\u00dfen Aufwand.<\/li>\n<li><b>F\u00f6rdern Sie Ihre Beitr\u00e4ge f\u00fcr ein gr\u00f6\u00dferes Publikum<\/b>.<br>Geben Sie Ihren Lesern die M\u00f6glichkeit, hochwertige Inhalte einfach zu verteilen und sofort ein gr\u00f6\u00dferes Publikum zu erreichen.<\/li>\n<li><b>Verbessern Sie die Anzahl der Aufrufe auf Ihrer Website<\/b>.<br>Ziehen Sie neue Leser auf Ihre Website mit einer aktiven Pr\u00e4senz in sozialen Netzwerken, und Sie werden einen Anstieg der Besuche sehen.<\/li>\n<li><b>Steigern Sie die Anzahl der Abonnenten in sozialen Medien<\/b>.<br>Ver\u00f6ffentlichen Sie verlockende Beitr\u00e4ge? Lassen Sie Ihre Besucher diese selbst verbreiten, indem sie Beitr\u00e4ge f\u00fcr ihre Abonnenten teilen.<\/li>\n<\/ul>\n<\/div>\n<div class=\"faq\" data-component=\"FAQ\">\n<div class=\"faq-item\">\r\n\t\t\t\t\t<div class=\"faq-item-question\">\r\n\t\t\t\t\t\t<h3 class=\"faq-item-question-text\">Wie kann ich Social Share Buttons in meine Drupal-Website einf\u00fcgen?<\/h3>\r\n\r\n\t\t\t\t\t\t<div class=\"faq-item-question-icon\"><\/div>\r\n\t\t\t\t\t<\/div>\r\n\r\n\t\t\t\t\t<div class=\"faq-item-answer\">\r\n\t\t\t\t\t\t<div class=\"faq-item-answer-text\">\n<p>Die Erstellung des Widgets erfolgt auf der Elfsight-Website, und Sie m\u00fcssen keine Programmierung durchf\u00fchren. Verwenden Sie die Online-Demo, um Ihr pers\u00f6nliches Widget zu erstellen, holen Sie sich den Code und f\u00fcgen Sie ihn in Ihre Website ein.<\/p>\n<\/div>\r\n\t\t\t\t\t<\/div>\r\n\t\t\t\t<\/div>\n<div class=\"faq-item\">\r\n\t\t\t\t\t<div class=\"faq-item-question\">\r\n\t\t\t\t\t\t<h3 class=\"faq-item-question-text\">Kann ich mit den Elfsight-Modulen Floating- oder kleine Share Buttons erhalten?<\/h3>\r\n\r\n\t\t\t\t\t\t<div class=\"faq-item-question-icon\"><\/div>\r\n\t\t\t\t\t<\/div>\r\n\r\n\t\t\t\t\t<div class=\"faq-item-answer\">\r\n\t\t\t\t\t\t<div class=\"faq-item-answer-text\">\n<p>Eine Vielzahl von Vorlagen ist verf\u00fcgbar: Galerie, Liste, Feed, Grid, Mauerwerk und viele andere, ganz zu schweigen von flexiblen Layout-Optionen, die sich an Ihre Bedingungen anpassen lassen. Sie k\u00f6nnen fast jedes Widget erstellen, das Sie ben\u00f6tigen.<\/p>\n<\/div>\r\n\t\t\t\t\t<\/div>\r\n\t\t\t\t<\/div>\n<div class=\"faq-item\">\r\n\t\t\t\t\t<div class=\"faq-item-question\">\r\n\t\t\t\t\t\t<h3 class=\"faq-item-question-text\">Mein Social Share Buttons-Modul funktioniert nicht \/ wird nicht aktualisiert<\/h3>\r\n\r\n\t\t\t\t\t\t<div class=\"faq-item-question-icon\"><\/div>\r\n\t\t\t\t\t<\/div>\r\n\r\n\t\t\t\t\t<div class=\"faq-item-answer\">\r\n\t\t\t\t\t\t<div class=\"faq-item-answer-text\">\n<p>Wenn Sie Probleme mit den Social Share Widgets haben, wenden Sie sich an das Kunden-Support-Team. Der Support ist f\u00fcr alle Elfsight-Kunden v\u00f6llig kostenlos.<\/p>\n<\/div>\r\n\t\t\t\t\t<\/div>\r\n\t\t\t\t<\/div>\n<\/div>\n\n<div class=\"application-platform-content-item-features application-platform-content-item\" id=\"features\" data-nav-section=\"features\">\n<h2>Funktionen<\/h2>\n<p>Warum sind unsere Buttons die besten unter den Drupal Share-Modulen? Entdecken Sie unsere Hauptmerkmale:<\/p>\n<ul>\n<li>40+ eingebettete soziale Netzwerke;<\/li>\n<li>W\u00e4hlen Sie beliebig viele Spalten aus, um die Buttons zu organisieren;<\/li>\n<li>W\u00e4hlen Sie die anzuzeigenden Button-Elemente;<\/li>\n<li>5 verf\u00fcgbare Animationstypen;<\/li>\n<li>F\u00fcr mobile Ger\u00e4te optimiert mit erweiterbarem Icon.<\/li>\n<\/ul>\n<p><a href=\"#demo\">Die vollst\u00e4ndige Liste der Funktionen im kostenlosen Editor<\/a><\/p>\n<\/div>\n<div class=\"application-platform-content-item-installation application-platform-content-item\" id=\"installation\" data-nav-section=\"installation\">\n<h2>So f\u00fcgen Sie Share Buttons zu Drupal hinzu<\/h2>\n<div class=\"video-container\">\n<iframe width=\"720\" height=\"405\" src=\"https:\/\/www.youtube.com\/embed\/owa8JT183yE\" frameborder=\"0\" allowfullscreen=\"\"><\/iframe>\n<\/div>\n<p>Folgen Sie einfach den Anweisungen unten, um das Widget auf Drupal zu aktivieren.<\/p>\n\n<ol>\n<li><b>Starten Sie unseren kostenlosen Konfigurator und beginnen Sie mit dem Erstellen Ihres einzigartigen Social Share Buttons-Moduls.<\/b><br>W\u00e4hlen Sie das passende Design und die Funktionen des Tools aus und nehmen Sie die Anpassungen vor.<\/li>\n<li><b>Holen Sie sich Ihren individuellen Code, der im Fenster auf Elfsight Apps angezeigt wird.<\/b><br>Sobald die Erstellung Ihres Moduls abgeschlossen ist, kopieren Sie den individuellen Code aus dem angezeigten Feld und bewahren Sie ihn f\u00fcr zuk\u00fcnftige Verwendung auf.<\/li>\n<li><b>Verwenden Sie das Tool auf Ihrer Drupal-Website.<\/b><br>Integrieren Sie den k\u00fcrzlich gespeicherten Code auf Ihrer Website und wenden Sie die \u00c4nderungen an.<\/li>\n<li><b>Die Installation ist vollst\u00e4ndig abgeschlossen.<\/b><br>Besuchen Sie Ihre Website, um zu sehen, wie das Plugin funktioniert.<\/li>\n<\/ol>\n<p>Brauchen Sie Hilfe bei der Einrichtung oder beim Erstellen des Moduls? Das Elfsight-Support-Team hilft Ihnen gerne weiter und bietet eine L\u00f6sung an! Sie k\u00f6nnen das Problem auch selbst mit unserem detaillierten Plan &#8222;<a href=\"https:\/\/elfsight.com\/tutorials\/how-to-add-social-share-buttons-to-drupal\/\">So platzieren Sie Share Buttons auf der Drupal-Website<\/a>&#8220; l\u00f6sen.<\/p>\n<\/div>\n","protected":false},"excerpt":{"rendered":"","protected":false},"author":9,"featured_media":0,"parent":983,"menu_order":0,"comment_status":"closed","ping_status":"closed","template":"templates\/template-application-platform.php","meta":{"publish_to_discourse":"","publish_post_category":"","wpdc_auto_publish_overridden":"","wpdc_topic_tags":"","wpdc_pin_topic":"","wpdc_pin_until":"","discourse_post_id":"","discourse_permalink":"","wpdc_publishing_response":"","wpdc_publishing_error":"","footnotes":""},"class_list":["post-17832","page","type-page","status-publish","hentry"],"yoast_head":"<!-- This site is optimized with the Yoast SEO plugin v25.3.1 - https:\/\/yoast.com\/wordpress\/plugins\/seo\/ -->\n<title>Social-Share-Buttons \u2013 F\u00fcgen Sie Share-Buttons zur Drupal-Website hinzu<\/title>\n<meta name=\"description\" content=\"Richten Sie Social Share Buttons auf Ihrer Drupal-Website in nur wenigen Minuten ein. Genie\u00dfen Sie die sofortige und einfache Einrichtung verschiedener Website-Module von Elfsight.\" \/>\n<meta name=\"robots\" content=\"index, follow, max-snippet:-1, max-image-preview:large, max-video-preview:-1\" \/>\n<link rel=\"canonical\" href=\"https:\/\/elfsight.com\/de\/social-media-share-buttons\/drupal\/\" \/>\n<meta property=\"og:locale\" content=\"de_DE\" \/>\n<meta property=\"og:type\" content=\"article\" \/>\n<meta property=\"og:title\" content=\"Social-Share-Buttons \u2013 F\u00fcgen Sie Share-Buttons zur Drupal-Website hinzu\" \/>\n<meta property=\"og:description\" content=\"Richten Sie Social Share Buttons auf Ihrer Drupal-Website in nur wenigen Minuten ein. Genie\u00dfen Sie die sofortige und einfache Einrichtung verschiedener Website-Module von Elfsight.\" \/>\n<meta property=\"og:url\" content=\"https:\/\/elfsight.com\/de\/social-media-share-buttons\/drupal\/\" \/>\n<meta property=\"og:site_name\" content=\"Elfsight DE\" \/>\n<meta property=\"article:modified_time\" content=\"2025-02-13T10:14:02+00:00\" \/>\n<meta name=\"twitter:card\" content=\"summary_large_image\" \/>\n<meta name=\"twitter:label1\" content=\"Gesch\u00e4tzte Lesezeit\" \/>\n\t<meta name=\"twitter:data1\" content=\"4\u00a0Minuten\" \/>\n<!-- \/ Yoast SEO plugin. -->","yoast_head_json":{"title":"Social-Share-Buttons \u2013 F\u00fcgen Sie Share-Buttons zur Drupal-Website hinzu","description":"Richten Sie Social Share Buttons auf Ihrer Drupal-Website in nur wenigen Minuten ein. Genie\u00dfen Sie die sofortige und einfache Einrichtung verschiedener Website-Module von Elfsight.","robots":{"index":"index","follow":"follow","max-snippet":"max-snippet:-1","max-image-preview":"max-image-preview:large","max-video-preview":"max-video-preview:-1"},"canonical":"https:\/\/elfsight.com\/de\/social-media-share-buttons\/drupal\/","og_locale":"de_DE","og_type":"article","og_title":"Social-Share-Buttons \u2013 F\u00fcgen Sie Share-Buttons zur Drupal-Website hinzu","og_description":"Richten Sie Social Share Buttons auf Ihrer Drupal-Website in nur wenigen Minuten ein. Genie\u00dfen Sie die sofortige und einfache Einrichtung verschiedener Website-Module von Elfsight.","og_url":"https:\/\/elfsight.com\/de\/social-media-share-buttons\/drupal\/","og_site_name":"Elfsight DE","article_modified_time":"2025-02-13T10:14:02+00:00","twitter_card":"summary_large_image","twitter_misc":{"Gesch\u00e4tzte Lesezeit":"4\u00a0Minuten"},"schema":{"@context":"https:\/\/schema.org","@graph":[{"@type":"WebPage","@id":"https:\/\/elfsight.com\/de\/social-media-share-buttons\/drupal\/","url":"https:\/\/elfsight.com\/de\/social-media-share-buttons\/drupal\/","name":"Social-Share-Buttons \u2013 F\u00fcgen Sie Share-Buttons zur Drupal-Website hinzu","isPartOf":{"@id":"https:\/\/elfsight.com\/de\/#website"},"datePublished":"1970-01-01T00:00:00+00:00","dateModified":"2025-02-13T10:14:02+00:00","description":"Richten Sie Social Share Buttons auf Ihrer Drupal-Website in nur wenigen Minuten ein. Genie\u00dfen Sie die sofortige und einfache Einrichtung verschiedener Website-Module von Elfsight.","breadcrumb":{"@id":"https:\/\/elfsight.com\/de\/social-media-share-buttons\/drupal\/#breadcrumb"},"inLanguage":"de","potentialAction":[{"@type":"ReadAction","target":["https:\/\/elfsight.com\/de\/social-media-share-buttons\/drupal\/"]}]},{"@type":"BreadcrumbList","@id":"https:\/\/elfsight.com\/de\/social-media-share-buttons\/drupal\/#breadcrumb","itemListElement":[{"@type":"ListItem","position":1,"name":"Home","item":"https:\/\/elfsight.com\/de\/"},{"@type":"ListItem","position":2,"name":"Social Share Buttons","item":"https:\/\/elfsight.com\/de\/social-media-share-buttons\/"},{"@type":"ListItem","position":3,"name":"Social Share Buttons &#8211; Drupal"}]},{"@type":"WebSite","@id":"https:\/\/elfsight.com\/de\/#website","url":"https:\/\/elfsight.com\/de\/","name":"Elfsight DE","description":"Just another Elfsight Sites site","potentialAction":[{"@type":"SearchAction","target":{"@type":"EntryPoint","urlTemplate":"https:\/\/elfsight.com\/de\/?s={search_term_string}"},"query-input":{"@type":"PropertyValueSpecification","valueRequired":true,"valueName":"search_term_string"}}],"inLanguage":"de"}]}},"meta_box":{"industry":"","seo_heading":"","heading":"","description":"","cta_heading":"","cta_description":"","application":"467","h1":"Social-Share-Buttons f\u00fcr Drupal","h1_caption":"F\u00fcgen Sie Ihrer Website Social-Media-Sharing-Buttons hinzu, damit Besucher Ihre Inhalte m\u00fchelos \u00fcber mehrere Plattformen hinweg auf Ihrer Drupal-Website teilen k\u00f6nnen.","application_category":[],"applications_title":"","applications_request_title":"","applications_request_button_text":"","hero_text":"","hero_video":"","hero_video_schema_markup":"","selling_points_title":"","selling_points_caption":"","selling_points":[],"selling_points_cta_text":"","features_title":"","features":"","ed_cta_examples_text":"","ed_cta_examples_hidden":"","ed_cta_demo_text":"","ed_cta_demo_hidden":"","why_caption":"","why_editor_title":"","why_editor_text":"","why_team_title":"","why_team_text":"","why_service_title":"","why_service_text":"","template_catalog_visible":"0","template_catalog_title":"","template_catalog_text":"","template_catalog_categories_visible":"","demo_title":"Erstellen Sie Ihr Social Share Buttons-Modul","demo_caption":"Konfigurieren Sie Ihre Social Share Buttons und f\u00fcgen Sie sie kostenlos zu Ihrer Drupal-Website hinzu!","default_faq_hidden":"","app_template_category":[],"platform":"261","template_public_id":"","codecanyon_url":"","codecanyon_item_id":"","codecanyon_price":"","pricing_caption":"","pricing_elfsight_apps_hide_column":"","pricing_elfsight_apps_url":"","pricing_codecanyon_price_caption":"","integration_category":[],"integration_request_title":"","integration_request_cta":"","integration_platform":"","integrations":[],"platform_category":[],"video_schema_markup":"","price":"ab 0 $ \/ Monat","trial":"","benefits":[{"text":"Kostenloser Installationsservice"},{"text":"Effektiver Kundenservice"},{"text":"14-t\u00e4gige R\u00fcckerstattungsgarantie"},{"text":"Fortlaufende Entwicklung"}],"button_url":"#demo","button_target_blank":"0","button_nofollow":"0","attributes":[{"name":"Installiert","content":"10,000 - 100,000"},{"name":"Reaktionsfreudig","content":"Ja"},{"name":"Kompatible Browser","content":"Firefox, Safari, Opera, Chrome, Edge"}],"tags":[],"tags_disable_links":"0","hide_more_platforms":"0","video_object":"","demo_hide_cta":"0","demo_hide_cloud_options":"0","pricing_title":"","pricing":[{"pricing_icon":"platform","pricing_title":"Elfsight Apps","pricing_title_caption":"Plattformunabh\u00e4ngige L\u00f6sung, die f\u00fcr jede Site geeignet ist","pricing_price":"ab 0 $ \/ Monat","pricing_price_caption":"Beginnen Sie mit einem kostenlosen Plan","pricing_benefits":[{"text":"Unbegrenzte Websites"},{"text":"Schnelle Unterst\u00fctzung"},{"text":"Kostenlose Installationsunterst\u00fctzung"},{"text":"Sonderpreis f\u00fcr mehrere Apps"}],"pricing_button_text":"Zur Website hinzuf\u00fcgen","pricing_button_url":"#demo"}],"related_apps_title":"","related_apps_hidden":"0","author":"","image":[],"title":"","job":"","social_networks":[]},"_links":{"self":[{"href":"https:\/\/elfsight.com\/de\/wp-json\/wp\/v2\/pages\/17832","targetHints":{"allow":["GET"]}}],"collection":[{"href":"https:\/\/elfsight.com\/de\/wp-json\/wp\/v2\/pages"}],"about":[{"href":"https:\/\/elfsight.com\/de\/wp-json\/wp\/v2\/types\/page"}],"author":[{"embeddable":true,"href":"https:\/\/elfsight.com\/de\/wp-json\/wp\/v2\/users\/9"}],"replies":[{"embeddable":true,"href":"https:\/\/elfsight.com\/de\/wp-json\/wp\/v2\/comments?post=17832"}],"version-history":[{"count":4,"href":"https:\/\/elfsight.com\/de\/wp-json\/wp\/v2\/pages\/17832\/revisions"}],"predecessor-version":[{"id":24076,"href":"https:\/\/elfsight.com\/de\/wp-json\/wp\/v2\/pages\/17832\/revisions\/24076"}],"up":[{"embeddable":true,"href":"https:\/\/elfsight.com\/de\/wp-json\/wp\/v2\/pages\/983"}],"wp:attachment":[{"href":"https:\/\/elfsight.com\/de\/wp-json\/wp\/v2\/media?parent=17832"}],"curies":[{"name":"wp","href":"https:\/\/api.w.org\/{rel}","templated":true}]}}