{"id":17831,"date":"1970-01-01T00:00:00","date_gmt":"1970-01-01T00:00:00","guid":{"rendered":"https:\/\/elfsight.com\/de\/?page_id=17831"},"modified":"2025-02-13T10:38:16","modified_gmt":"2025-02-13T10:38:16","slug":"html","status":"publish","type":"page","link":"https:\/\/elfsight.com\/de\/social-media-share-buttons\/html\/","title":{"rendered":"Social Share Buttons &#8211; HTML"},"content":{"rendered":"\n<div class=\"application-platform-content-item-description application-platform-content-item\" id=\"description\" data-nav-section=\"description\"><h2>Beschreibung<\/h2><p>Ein einfaches Teilen-Widget f\u00fcr alle Websites, das Ihren Kunden hilft, Inhalte in verschiedenen sozialen Netzwerken zu verbreiten. Beginnen Sie mit dem Ausbau Ihrer Marke auf Facebook, Twitter, Medium und anderen. Gewinnen Sie neue Follower und Leser mit hochwertigen Ver\u00f6ffentlichungen auf Ihrer Website.<\/p><p><b>Erhalten Sie mehr Klicks und Abonnenten aus sozialen Netzwerken!<\/b><\/p><ul><li><b>Maximum F\u00f6rderung von Ver\u00f6ffentlichungen und Angeboten in sozialen Medien.<\/b>.<br>Mit Hilfe einer praktischen Benutzeroberfl\u00e4che und Funktionen werden Ihre Inhalte mit nur einem Klick problemlos in allen sozialen Netzwerken weit verbreitet.<\/li><li><b>Teilen Sie spannende Inhalte f\u00fcr mehr Zuschauer<\/b>.<br>Geben Sie Ihren Besuchern die M\u00f6glichkeit, Ihre Inhalte m\u00fchelos und schnell zu verbreiten, um ein neues Publikum zu erreichen.<\/li><li><b>St\u00e4rken Website-SEO-Indizes<\/b>.<br>Erh\u00f6hen Sie die Anzahl der Klicks auf Ihrer Website mit Hilfe sozialer Netzwerke, um die sozialen Parameter Ihrer Website zu verbessern und ihren Platz in der Google-Bewertung zu beeinflussen.<\/li><li><b>Neue Leser in sozialen Netzwerken gewinnen<\/b>.<br>Du bist gut darin, erstklassige Beitr\u00e4ge zu erstellen? Erm\u00f6glichen Sie Benutzern, es selbst \u00fcber Medien zu verbreiten und Beitr\u00e4ge in ihren Konten einfach zu teilen.<\/li><\/ul><\/div><div class=\"faq\" data-component=\"FAQ\"><div class=\"faq-item\">\r\n\t\t\t\t\t<div class=\"faq-item-question\">\r\n\t\t\t\t\t\t<h3 class=\"faq-item-question-text\">Wie kann ich einbetten? Social-Share-Schaltfl\u00e4chen zur HTML-Website?<\/h3>\r\n\r\n\t\t\t\t\t\t<div class=\"faq-item-question-icon\"><\/div>\r\n\t\t\t\t\t<\/div>\r\n\r\n\t\t\t\t\t<div class=\"faq-item-answer\">\r\n\t\t\t\t\t\t<div class=\"faq-item-answer-text\"><p>Die Erstellung des Widgets erfolgt innerhalb der Elfsight-Website und es ist kein Code erforderlich. \u00d6ffnen Sie die Live-Demo, um Ihre pers\u00f6nliche App zu personalisieren, erwerben Sie den Code und f\u00fcgen Sie ihn in Ihre Website ein. <\/p><\/div>\r\n\t\t\t\t\t<\/div>\r\n\t\t\t\t<\/div><div class=\"faq-item\">\r\n\t\t\t\t\t<div class=\"faq-item-question\">\r\n\t\t\t\t\t\t<h3 class=\"faq-item-question-text\">Darf ich \u00fcber Ihre Widgets schwarze oder kleine Social-Share-Buttons erhalten?<\/h3>\r\n\r\n\t\t\t\t\t\t<div class=\"faq-item-question-icon\"><\/div>\r\n\t\t\t\t\t<\/div>\r\n\r\n\t\t\t\t\t<div class=\"faq-item-answer\">\r\n\t\t\t\t\t\t<div class=\"faq-item-answer-text\"><p>Eine Reihe von Vorlagen ist verf\u00fcgbar: Galerie, Mauerwerk, Feed , Raster, Liste und viele andere, ganz zu schweigen von anpassbaren Layoutanpassungen zur Anpassung an Ihre Bedingungen. Sie k\u00f6nnen gerne fast jedes Widget erstellen, das Ihnen fehlt. <\/p><\/div>\r\n\t\t\t\t\t<\/div>\r\n\t\t\t\t<\/div><div class=\"faq-item\">\r\n\t\t\t\t\t<div class=\"faq-item-question\">\r\n\t\t\t\t\t\t<h3 class=\"faq-item-question-text\">Mein Social-Share-Buttons-Widget funktioniert nicht\/wird nicht aktualisiert<\/h3>\r\n\r\n\t\t\t\t\t\t<div class=\"faq-item-question-icon\"><\/div>\r\n\t\t\t\t\t<\/div>\r\n\r\n\t\t\t\t\t<div class=\"faq-item-answer\">\r\n\t\t\t\t\t\t<div class=\"faq-item-answer-text\"><p>Sobald Sie Probleme mit den Social-Share-Widgets feststellen, Wenden Sie sich an das Kundensupport-Team. Der Support ist f\u00fcr alle Elfsight-Kunden absolut kostenlos. <\/p><\/div>\r\n\t\t\t\t\t<\/div>\r\n\t\t\t\t<\/div><\/div><div class=\"application-platform-content-item-features application-platform-content-item\" id=\"features\" data-nav-section=\"features\"><h2>Funktionen<\/h2><p>Was macht unser Schaltfl\u00e4chen-Widget zum besten aller HTML-Freigabecodes? Lernen Sie unsere Hauptmerkmale kennen:<\/p><ul><li>Platzieren Sie eine unbegrenzte Anzahl von Schaltfl\u00e4chen;<\/li><li>Links, rechts oder mittig ausgerichtete Schaltfl\u00e4chen;<\/li><li>3 Optionen f\u00fcr die Schaltfl\u00e4chenform ;<\/li><li>3 Farbschemata f\u00fcr Symbole, Hintergrund und Hover;<\/li><li>Mobil optimiert mit erweiterbarem Symbol.<\/li><\/ul><p><a href=\"#demo\">Probieren Sie alle Funktionen in einem kostenlosen Konfigurator aus<\/a><\/p><\/div><div class=\"application-platform-content-item-installation application-platform-content-item\" id=\"installation\" data-nav-section=\"installation\"><h2>So f\u00fcgen Sie Share-Buttons zu HTML hinzu<\/h2><div class=\"video-container\"><iframe width=\"560\" height=\"315\" src=\"https:\/\/www.youtube.com\/embed\/v0_P4QjbLYA?si=YPOXYjT2JrPKig9Y\" frameborder=\"0\" allow=\"accelerometer; autoplay; clipboard-write; encrypted-media; gyroscope; picture-in-picture; web-share\" allowfullscreen><\/iframe><\/div><p>Eine kurze Anleitung zum Einf\u00fcgen von Schaltfl\u00e4chen in eine Website ohne Kenntnisse in der Entwicklung oder die Beauftragung eines Nebenprogrammierers. F\u00fcr die Installation ben\u00f6tigen Sie nur 2 Minuten.<\/p><ol><li><b>Konstruieren Sie Ihre personalisierten Social Buttons<\/b>.<br>Stellen Sie mit Hilfe unseres kostenlosen Konfigurators ein Plugin mit Ihren W\u00fcnschen zusammen Layout und Optionen.<\/li><li><b>Erhalten Sie einen Code zum Einrichten des Plugins<\/b>.<br>Besorgen Sie sich nach der Widget-Optimierung den Code f\u00fcr das Share Buttons-Plugin aus dem erscheinenden Fenster von Elfsight Apps.<\/li><li><b>Platzieren Sie das Widget auf der HTML-Website<\/b>.<br>Starten Sie den Seitencode im HTML-Editor, f\u00fcgen Sie das Widget an der gew\u00fcnschten Stelle hinzu (Inhalt, Fu\u00dfzeile, Seitenleiste usw.) und Ver\u00f6ffentlichen Sie die \u00c4nderungen.<\/li><li><b>Die Einbettung ist erfolgreich!<\/b>.<br>Gehen Sie zur HTML-Website, um Ihre Arbeit zu sehen.<\/li><\/ol><p>Ben\u00f6tigt Hilfe beim Hinzuf\u00fcgen oder Entwerfen des Widgets? Unsere Support-Spezialisten helfen Ihnen gerne weiter und integrieren eine L\u00f6sung! Sie k\u00f6nnen auch versuchen, die Frage selbst zu l\u00f6sen, indem Sie unsere vollst\u00e4ndige Anleitung &#8222;<a href=\"https:\/\/elfsight.com\/tutorials\/how-to-add-social-share-buttons-to-html-website\/\" target=\"anwenden\" rel=\"noopener noreferrer\">So integrieren Sie Share-Buttons in eine HTML-Site<\/a>&#8222;.<\/p><\/div>\n","protected":false},"excerpt":{"rendered":"","protected":false},"author":9,"featured_media":0,"parent":983,"menu_order":0,"comment_status":"closed","ping_status":"closed","template":"templates\/template-application-platform.php","meta":{"publish_to_discourse":"","publish_post_category":"","wpdc_auto_publish_overridden":"","wpdc_topic_tags":"","wpdc_pin_topic":"","wpdc_pin_until":"","discourse_post_id":"","discourse_permalink":"","wpdc_publishing_response":"","wpdc_publishing_error":"","footnotes":""},"class_list":["post-17831","page","type-page","status-publish","hentry"],"yoast_head":"<!-- This site is optimized with the Yoast SEO plugin v25.3.1 - https:\/\/yoast.com\/wordpress\/plugins\/seo\/ -->\n<title>Social-Share-Buttons \u2013 F\u00fcgen Sie Share-Buttons zum HTML-Website-Code hinzu<\/title>\n<meta name=\"description\" content=\"Zeigen Sie in wenigen Minuten Social-Share-Buttons auf Ihrer HTML-Site an. Sofortige und einfache Generierung verschiedener Website-Widget-Codes durch Elfsight.\" \/>\n<meta name=\"robots\" content=\"index, follow, max-snippet:-1, max-image-preview:large, max-video-preview:-1\" \/>\n<link rel=\"canonical\" href=\"https:\/\/elfsight.com\/de\/social-media-share-buttons\/html\/\" \/>\n<meta property=\"og:locale\" content=\"de_DE\" \/>\n<meta property=\"og:type\" content=\"article\" \/>\n<meta property=\"og:title\" content=\"Social-Share-Buttons \u2013 F\u00fcgen Sie Share-Buttons zum HTML-Website-Code hinzu\" \/>\n<meta property=\"og:description\" content=\"Zeigen Sie in wenigen Minuten Social-Share-Buttons auf Ihrer HTML-Site an. Sofortige und einfache Generierung verschiedener Website-Widget-Codes durch Elfsight.\" \/>\n<meta property=\"og:url\" content=\"https:\/\/elfsight.com\/de\/social-media-share-buttons\/html\/\" \/>\n<meta property=\"og:site_name\" content=\"Elfsight DE\" \/>\n<meta property=\"article:modified_time\" content=\"2025-02-13T10:38:16+00:00\" \/>\n<meta name=\"twitter:card\" content=\"summary_large_image\" \/>\n<meta name=\"twitter:label1\" content=\"Gesch\u00e4tzte Lesezeit\" \/>\n\t<meta name=\"twitter:data1\" content=\"3\u00a0Minuten\" \/>\n<!-- \/ Yoast SEO plugin. -->","yoast_head_json":{"title":"Social-Share-Buttons \u2013 F\u00fcgen Sie Share-Buttons zum HTML-Website-Code hinzu","description":"Zeigen Sie in wenigen Minuten Social-Share-Buttons auf Ihrer HTML-Site an. Sofortige und einfache Generierung verschiedener Website-Widget-Codes durch Elfsight.","robots":{"index":"index","follow":"follow","max-snippet":"max-snippet:-1","max-image-preview":"max-image-preview:large","max-video-preview":"max-video-preview:-1"},"canonical":"https:\/\/elfsight.com\/de\/social-media-share-buttons\/html\/","og_locale":"de_DE","og_type":"article","og_title":"Social-Share-Buttons \u2013 F\u00fcgen Sie Share-Buttons zum HTML-Website-Code hinzu","og_description":"Zeigen Sie in wenigen Minuten Social-Share-Buttons auf Ihrer HTML-Site an. Sofortige und einfache Generierung verschiedener Website-Widget-Codes durch Elfsight.","og_url":"https:\/\/elfsight.com\/de\/social-media-share-buttons\/html\/","og_site_name":"Elfsight DE","article_modified_time":"2025-02-13T10:38:16+00:00","twitter_card":"summary_large_image","twitter_misc":{"Gesch\u00e4tzte Lesezeit":"3\u00a0Minuten"},"schema":{"@context":"https:\/\/schema.org","@graph":[{"@type":"WebPage","@id":"https:\/\/elfsight.com\/de\/social-media-share-buttons\/html\/","url":"https:\/\/elfsight.com\/de\/social-media-share-buttons\/html\/","name":"Social-Share-Buttons \u2013 F\u00fcgen Sie Share-Buttons zum HTML-Website-Code hinzu","isPartOf":{"@id":"https:\/\/elfsight.com\/de\/#website"},"datePublished":"1970-01-01T00:00:00+00:00","dateModified":"2025-02-13T10:38:16+00:00","description":"Zeigen Sie in wenigen Minuten Social-Share-Buttons auf Ihrer HTML-Site an. Sofortige und einfache Generierung verschiedener Website-Widget-Codes durch Elfsight.","breadcrumb":{"@id":"https:\/\/elfsight.com\/de\/social-media-share-buttons\/html\/#breadcrumb"},"inLanguage":"de","potentialAction":[{"@type":"ReadAction","target":["https:\/\/elfsight.com\/de\/social-media-share-buttons\/html\/"]}]},{"@type":"BreadcrumbList","@id":"https:\/\/elfsight.com\/de\/social-media-share-buttons\/html\/#breadcrumb","itemListElement":[{"@type":"ListItem","position":1,"name":"Home","item":"https:\/\/elfsight.com\/de\/"},{"@type":"ListItem","position":2,"name":"Social Share Buttons","item":"https:\/\/elfsight.com\/de\/social-media-share-buttons\/"},{"@type":"ListItem","position":3,"name":"Social Share Buttons &#8211; HTML"}]},{"@type":"WebSite","@id":"https:\/\/elfsight.com\/de\/#website","url":"https:\/\/elfsight.com\/de\/","name":"Elfsight DE","description":"Just another Elfsight Sites site","potentialAction":[{"@type":"SearchAction","target":{"@type":"EntryPoint","urlTemplate":"https:\/\/elfsight.com\/de\/?s={search_term_string}"},"query-input":{"@type":"PropertyValueSpecification","valueRequired":true,"valueName":"search_term_string"}}],"inLanguage":"de"}]}},"meta_box":{"industry":"","seo_heading":"","heading":"","description":"","cta_heading":"","cta_description":"","application":"467","h1":"Social-Share-Buttons f\u00fcr HTML","h1_caption":"F\u00fcgen Sie Ihrer Website Social-Media-Sharing-Schaltfl\u00e4chen hinzu, damit Besucher Ihre Inhalte m\u00fchelos auf mehreren Plattformen auf Ihrer HTML-Website teilen k\u00f6nnen.","application_category":[],"applications_title":"","applications_request_title":"","applications_request_button_text":"","hero_text":"","hero_video":"","hero_video_schema_markup":"","selling_points_title":"","selling_points_caption":"","selling_points":[],"selling_points_cta_text":"","features_title":"","features":"","ed_cta_examples_text":"","ed_cta_examples_hidden":"","ed_cta_demo_text":"","ed_cta_demo_hidden":"","why_caption":"","why_editor_title":"","why_editor_text":"","why_team_title":"","why_team_text":"","why_service_title":"","why_service_text":"","template_catalog_visible":"0","template_catalog_title":"","template_catalog_text":"","template_catalog_categories_visible":"","demo_title":"Erstellen Sie Ihr Social-Share-Buttons-Widget","demo_caption":"Konfigurieren Sie Ihre Social Share Buttons und f\u00fcgen Sie sie kostenlos zu Ihrer HTML-Website hinzu!","default_faq_hidden":"","app_template_category":[],"platform":"260","template_public_id":"","codecanyon_url":"","codecanyon_item_id":"","codecanyon_price":"","pricing_caption":"","pricing_elfsight_apps_hide_column":"","pricing_elfsight_apps_url":"","pricing_codecanyon_price_caption":"","integration_category":[],"integration_request_title":"","integration_request_cta":"","integration_platform":"","integrations":[],"platform_category":[],"video_schema_markup":"","price":"ab 0 $ \/ Monat","trial":"","benefits":[{"text":"Kostenlose Installationsunterst\u00fctzung"},{"text":"Erfahrener Kundensupport"},{"text":"14-t\u00e4gige Geld-zur\u00fcck-Garantie"},{"text":"Kontinuierliche Verbesserungen"}],"button_url":"#demo","button_target_blank":"0","button_nofollow":"0","attributes":[{"name":"Installiert","content":"10,000 - 100,000"},{"name":"Reaktionsfreudig","content":"Ja"},{"name":"Kompatible Browser","content":"Firefox, Safari, Opera, Chrome, Edge"}],"tags":[],"tags_disable_links":"0","hide_more_platforms":"0","video_object":"","demo_hide_cta":"0","demo_hide_cloud_options":"0","pricing_title":"","pricing":[{"pricing_icon":"platform","pricing_title":"Elfsight Apps","pricing_title_caption":"Plattformunabh\u00e4ngige digitale L\u00f6sung","pricing_price":"ab 0 $ \/ Monat","pricing_price_caption":"Beginnen Sie mit einem kostenlosen Plan","pricing_benefits":[{"text":"Unbegrenzte Domains"},{"text":"Kundensupport rund um die Uhr"},{"text":"Kostenlose Installationsunterst\u00fctzung"},{"text":"Tolles Angebot f\u00fcr mehrere Apps"}],"pricing_button_text":"Zur Website hinzuf\u00fcgen","pricing_button_url":"#demo"}],"related_apps_title":"","related_apps_hidden":"0","author":"","image":[],"title":"","job":"","social_networks":[]},"_links":{"self":[{"href":"https:\/\/elfsight.com\/de\/wp-json\/wp\/v2\/pages\/17831","targetHints":{"allow":["GET"]}}],"collection":[{"href":"https:\/\/elfsight.com\/de\/wp-json\/wp\/v2\/pages"}],"about":[{"href":"https:\/\/elfsight.com\/de\/wp-json\/wp\/v2\/types\/page"}],"author":[{"embeddable":true,"href":"https:\/\/elfsight.com\/de\/wp-json\/wp\/v2\/users\/9"}],"replies":[{"embeddable":true,"href":"https:\/\/elfsight.com\/de\/wp-json\/wp\/v2\/comments?post=17831"}],"version-history":[{"count":4,"href":"https:\/\/elfsight.com\/de\/wp-json\/wp\/v2\/pages\/17831\/revisions"}],"predecessor-version":[{"id":24091,"href":"https:\/\/elfsight.com\/de\/wp-json\/wp\/v2\/pages\/17831\/revisions\/24091"}],"up":[{"embeddable":true,"href":"https:\/\/elfsight.com\/de\/wp-json\/wp\/v2\/pages\/983"}],"wp:attachment":[{"href":"https:\/\/elfsight.com\/de\/wp-json\/wp\/v2\/media?parent=17831"}],"curies":[{"name":"wp","href":"https:\/\/api.w.org\/{rel}","templated":true}]}}